{"id":45953,"date":"2021-07-26T11:06:11","date_gmt":"2021-07-26T11:06:11","guid":{"rendered":"https:\/\/www.accuratereviews.com\/?page_id=45953"},"modified":"2021-07-27T06:49:21","modified_gmt":"2021-07-27T06:49:21","slug":"icecream-pdf-editor-recensione","status":"publish","type":"page","link":"https:\/\/www.accuratereviews.com\/it\/editor-pdf\/icecream-pdf-editor-recensione\/","title":{"rendered":"Icecream PDF Editor"},"content":{"rendered":"<p><strong>Icecream PDF Editor<\/strong> consente agli utenti di <strong>creare e modificare file PDF<\/strong>. Questa soluzione \u00e8 disponibile per i dispositivi che utilizzano Windows 10, 8.1, 8 e 7. La soluzione offre un set completo di strumenti per modificare testo, gestire pagine, modificare immagini e oggetti, compilare moduli, aggiungere note, evidenziare aree e creare timbri personalizzati.\u00a0Questo software consente agli utenti di proteggere i file PDF impostando password o limitando i diritti di accesso. Altre funzionalit\u00e0 includono commenti, annotazioni, estrazione di pagine, combinazione\/unione di PDF e altro ancora. Icecream PDF Editor \u00e8 disponibile in molte lingue tra cui inglese, spagnolo, giapponese, francese, italiano, portoghese e molte altre.<\/p>\n<h2>ICECREAM PDF EDITOR &#8211; TUTORIAL<\/h2>\n<p>Ecco un tutorial in cui illustra come modificare una <strong>pagina PDF con questo editor<\/strong>:<\/p>\n<div id=\"fluid-wrapper-counter-1\" class=\"g1-fluid-wrapper \" style=\"width:686px;\">\n<div style=\"padding-bottom:56.268221574344%;\"><iframe loading=\"lazy\" title=\"Come modificare PDF GRATIS con l&#039;editor IceCream\" width=\"686\" height=\"386\" src=\"https:\/\/www.youtube.com\/embed\/4fKITyH__9g?feature=oembed&amp;wmode=transparent&amp;autohide=1&amp;autoplay=0&amp;disablekb=0&amp;fs=1&amp;loop=0&amp;enablejsapi=1&amp;rel=0&amp;controls=2&amp;showinfo=0&amp;wmode=transparent&amp;autohide=2&amp;autoplay=0&amp;disablekb=0&amp;fs=1&amp;loop=0&amp;enablejsapi=1&amp;rel=0&amp;controls=2&amp;showinfo=1\" frameborder=\"0\" allow=\"accelerometer; autoplay; clipboard-write; encrypted-media; gyroscope; picture-in-picture\" allowfullscreen><\/iframe><\/div>\n<\/div>\n<h3>ICECREAM PDF EDITOR &#8211; CARATTERISTICHE<\/h3>\n<ul>\n<li><strong>Modifica il testo dei PDF<\/strong>: modifica facilmente qualsiasi testo all&#8217;interno di un documento PDF<\/li>\n<li><strong>Gestisci le pagine<\/strong>: combina e riordina visivamente le pagine del PDF, dividi e unisci file PDF<\/li>\n<li><strong>Modifica oggetti: <\/strong>sposta, ridimensiona, ruota e molto altro<\/li>\n<li><strong>Crea PDF<\/strong>: crea in modo semplice documenti in PDF da zero<\/li>\n<li><strong>Proteggi i PDF<\/strong>: imposta password o limita modifiche \/ diritti d&#8217;autore per ragioni di protezione<\/li>\n<li><strong>Riempi moduli<\/strong>: completa i moduli inseriti nei tuoi documenti PDF<\/li>\n<li><strong>Commenta i PDF<\/strong>: aggiungi note, evidenzia aree, barra o evidenzia testo, aggiungi commenti e molto altro<\/li>\n<li><strong>Aggiungi timbri<\/strong>: crea timbri personalizzati per una correzione del PDF migliore e pi\u00f9 rapida<\/li>\n<li><strong>Unisci PDF<\/strong>: unisci i documenti PDF in un unico file<\/li>\n<li><strong>Aggiungi immagini:<\/strong> inserisci immagini in JPG, PNG e SVG nel tuo PDF<\/li>\n<li><strong>Disegna<\/strong>: disegna, aggiungi forme, frecce e linee al documento PDF<\/li>\n<li><strong>Estrai pagine dal PDF<\/strong>: estrai le pagine selezionate in un nuovo file PDF<\/li>\n<\/ul>\n<h4>LE RECENSIONI DEGLI UTENTI<\/h4>\n<p class=\"font-weight-bold mb-1 d-flex align-items-center\"><strong>Michael C.&#8221;Il miglior strumento di modifica PDF che abbia mai usato&#8221;<\/strong><\/p>\n<p><strong>Commenti: <\/strong>Nel complesso, sono soddisfatto di ci\u00f2 che fa l&#8217;editor PDF di Icecream. Pu\u00f2 anche essere meglio se la filigrana pu\u00f2 essere rimossa dalla versione gratuita<\/p>\n<p><strong>Pro: <\/strong>L&#8217;editor PDF \u00e8 fantastico. Posso cancellare le parole, lo spazio dell&#8217;immagine. Posso anche inserire parole, pagine e immagini molto facilmente.<\/p>\n<p><strong>Contro: <\/strong>Sto ancora usando la versione gratuita, quindi c&#8217;\u00e8 una filigrana ogni volta che modifico i file. Questo pu\u00f2 essere rimosso solo nella versione pro. Non riesco nemmeno a cambiare il carattere del documento. Posso solo cambiare la dimensione del carattere<\/p>\n<p class=\"h5 font-weight-bold flex-grow-1 mb-4\"><strong>Johon D.&#8221;Software decente, buon prezzo&#8221;<\/strong><\/p>\n<p><strong>Pro: <\/strong>Il prezzo (sto usando la versione gratuita).\u00a0Design semplice e pulito<\/p>\n<p><strong>Contro: <\/strong>Tagliare\/copiare e incollare ha provocato il ribaltamento del testo e dell&#8217;immagine senza poter riuscire a ruotare il tutto.\u00a0Impossibile spostare gli oggetti in un&#8217;altra pagina.\u00a0Non c&#8217;\u00e8 modo di selezionare rapidamente gli oggetti in batch.<\/p>\n<p class=\"font-weight-bold mb-1 d-flex align-items-center\"><strong>Mathew M.&#8221;Il modo pi\u00f9 semplice per modificare il tuo file PDF&#8221;<\/strong><\/p>\n<p><strong>Commenti: <\/strong>La mia esperienza con l&#8217;editor PDF di Icecream \u00e8 eccezionale. Ho usato la versione gratuita. Ma gli utenti possono eseguire l&#8217;aggiornamento a PRO in qualsiasi momento.<\/p>\n<p><strong>Pro: <\/strong>Icecream PDF Editor \u00e8 uno strumento cos\u00ec potente per modificare i file PDF. Puoi modificare il contenuto del file con questo editor. Allo stesso tempo puoi utilizzare colori diversi nei tuoi testi e contenuti.<\/p>\n<p><strong>Contro: <\/strong>Non ho trovato nulla che non mi piaccia su questo software.<\/p>\n","protected":false},"excerpt":{"rendered":"<p>Icecream PDF Editor consente agli utenti di creare e modificare file PDF. Questa soluzione \u00e8 disponibile per i dispositivi che utilizzano Windows 10, 8.1, 8 e 7. La soluzione offre un set completo di strumenti per modificare testo, gestire pagine, modificare immagini e oggetti, compilare moduli, aggiungere note, evidenziare aree e creare timbri personalizzati.<\/p>\n","protected":false},"author":16,"featured_media":45960,"parent":45670,"menu_order":0,"comment_status":"open","ping_status":"closed","template":"g1_template_page_review_new.php","meta":{"_acf_changed":false,"cwp_meta_box_check":"No","cwp_rev_product_name":"","cwp_rev_product_image":"","wppr_links":[],"cwp_rev_price":"","wppr_options":[],"wppr_pros":[],"wppr_cons":[],"_monsterinsights_skip_tracking":false,"_monsterinsights_sitenote_active":false,"_monsterinsights_sitenote_note":"","_monsterinsights_sitenote_category":0,"footnotes":""},"categories":[10728],"tags":[10727,10782,10731,10732,10730,10751],"features":[],"class_list":{"0":"post-45953","1":"page","2":"type-page","3":"status-publish","4":"has-post-thumbnail","6":"category-editor-pdf-cat","7":"tag-editor-pdf","8":"tag-icecream-pdf-editor","9":"tag-piattaforma-editor-pdf","10":"tag-programma-editor-pdf","11":"tag-software-editor-pdf","12":"tag-soluzione-editor-pdf"},"wppr_data":{"cwp_meta_box_check":"No"},"acf":[],"yoast_head":"<!-- This site is optimized with the Yoast SEO plugin v27.4 - https:\/\/yoast.com\/product\/yoast-seo-wordpress\/ -->\n<title>Icecream PDF Editor: recensione editor PDF - Accurate Reviews<\/title>\n<meta name=\"description\" content=\"Icecream PDF Editor: recensione software che consente agli utenti di creare e modificare file PDF solo per piattaforme Windows.\" \/>\n<meta name=\"robots\" content=\"index, follow, max-snippet:-1, max-image-preview:large, max-video-preview:-1\" \/>\n<link rel=\"canonical\" href=\"https:\/\/www.accuratereviews.com\/it\/editor-pdf\/icecream-pdf-editor-recensione\/\" \/>\n<meta property=\"og:locale\" content=\"it_IT\" \/>\n<meta property=\"og:type\" content=\"article\" \/>\n<meta property=\"og:title\" content=\"Icecream PDF Editor: recensione editor PDF - Accurate Reviews\" \/>\n<meta property=\"og:description\" content=\"Icecream PDF Editor: recensione software che consente agli utenti di creare e modificare file PDF solo per piattaforme Windows.\" \/>\n<meta property=\"og:url\" content=\"https:\/\/www.accuratereviews.com\/it\/editor-pdf\/icecream-pdf-editor-recensione\/\" \/>\n<meta property=\"og:site_name\" content=\"Accurate Reviews\" \/>\n<meta property=\"article:modified_time\" content=\"2021-07-27T06:49:21+00:00\" \/>\n<meta property=\"og:image\" content=\"https:\/\/www.accuratereviews.com\/wp-content\/uploads\/2021\/07\/PDF-Editor.png\" \/>\n\t<meta property=\"og:image:width\" content=\"1024\" \/>\n\t<meta property=\"og:image:height\" content=\"512\" \/>\n\t<meta property=\"og:image:type\" content=\"image\/png\" \/>\n<meta name=\"twitter:card\" content=\"summary_large_image\" \/>\n<meta name=\"twitter:label1\" content=\"Tempo di lettura stimato\" \/>\n\t<meta name=\"twitter:data1\" content=\"3 minuti\" \/>\n<script type=\"application\/ld+json\" class=\"yoast-schema-graph\">{\"@context\":\"https:\\\/\\\/schema.org\",\"@graph\":[{\"@type\":\"WebPage\",\"@id\":\"https:\\\/\\\/www.accuratereviews.com\\\/it\\\/editor-pdf\\\/icecream-pdf-editor-recensione\\\/\",\"url\":\"https:\\\/\\\/www.accuratereviews.com\\\/it\\\/editor-pdf\\\/icecream-pdf-editor-recensione\\\/\",\"name\":\"Icecream PDF Editor: recensione editor PDF - Accurate Reviews\",\"isPartOf\":{\"@id\":\"https:\\\/\\\/www.accuratereviews.com\\\/it\\\/#website\"},\"primaryImageOfPage\":{\"@id\":\"https:\\\/\\\/www.accuratereviews.com\\\/it\\\/editor-pdf\\\/icecream-pdf-editor-recensione\\\/#primaryimage\"},\"image\":{\"@id\":\"https:\\\/\\\/www.accuratereviews.com\\\/it\\\/editor-pdf\\\/icecream-pdf-editor-recensione\\\/#primaryimage\"},\"thumbnailUrl\":\"https:\\\/\\\/www.accuratereviews.com\\\/wp-content\\\/uploads\\\/2021\\\/07\\\/PDF-Editor.png\",\"datePublished\":\"2021-07-26T11:06:11+00:00\",\"dateModified\":\"2021-07-27T06:49:21+00:00\",\"description\":\"Icecream PDF Editor: recensione software che consente agli utenti di creare e modificare file PDF solo per piattaforme Windows.\",\"breadcrumb\":{\"@id\":\"https:\\\/\\\/www.accuratereviews.com\\\/it\\\/editor-pdf\\\/icecream-pdf-editor-recensione\\\/#breadcrumb\"},\"inLanguage\":\"it-IT\",\"potentialAction\":[{\"@type\":\"ReadAction\",\"target\":[\"https:\\\/\\\/www.accuratereviews.com\\\/it\\\/editor-pdf\\\/icecream-pdf-editor-recensione\\\/\"]}]},{\"@type\":\"ImageObject\",\"inLanguage\":\"it-IT\",\"@id\":\"https:\\\/\\\/www.accuratereviews.com\\\/it\\\/editor-pdf\\\/icecream-pdf-editor-recensione\\\/#primaryimage\",\"url\":\"https:\\\/\\\/www.accuratereviews.com\\\/wp-content\\\/uploads\\\/2021\\\/07\\\/PDF-Editor.png\",\"contentUrl\":\"https:\\\/\\\/www.accuratereviews.com\\\/wp-content\\\/uploads\\\/2021\\\/07\\\/PDF-Editor.png\",\"width\":1024,\"height\":512},{\"@type\":\"BreadcrumbList\",\"@id\":\"https:\\\/\\\/www.accuratereviews.com\\\/it\\\/editor-pdf\\\/icecream-pdf-editor-recensione\\\/#breadcrumb\",\"itemListElement\":[{\"@type\":\"ListItem\",\"position\":1,\"name\":\"Home\",\"item\":\"https:\\\/\\\/www.accuratereviews.com\\\/it\\\/\"},{\"@type\":\"ListItem\",\"position\":2,\"name\":\"Editor PDF\",\"item\":\"https:\\\/\\\/www.accuratereviews.com\\\/it\\\/editor-pdf\\\/\"},{\"@type\":\"ListItem\",\"position\":3,\"name\":\"Icecream PDF Editor\"}]},{\"@type\":\"WebSite\",\"@id\":\"https:\\\/\\\/www.accuratereviews.com\\\/it\\\/#website\",\"url\":\"https:\\\/\\\/www.accuratereviews.com\\\/it\\\/\",\"name\":\"Accurate Reviews\",\"description\":\"\",\"potentialAction\":[{\"@type\":\"SearchAction\",\"target\":{\"@type\":\"EntryPoint\",\"urlTemplate\":\"https:\\\/\\\/www.accuratereviews.com\\\/it\\\/?s={search_term_string}\"},\"query-input\":{\"@type\":\"PropertyValueSpecification\",\"valueRequired\":true,\"valueName\":\"search_term_string\"}}],\"inLanguage\":\"it-IT\"}]}<\/script>\n<!-- \/ Yoast SEO plugin. -->","yoast_head_json":{"title":"Icecream PDF Editor: recensione editor PDF - Accurate Reviews","description":"Icecream PDF Editor: recensione software che consente agli utenti di creare e modificare file PDF solo per piattaforme Windows.","robots":{"index":"index","follow":"follow","max-snippet":"max-snippet:-1","max-image-preview":"max-image-preview:large","max-video-preview":"max-video-preview:-1"},"canonical":"https:\/\/www.accuratereviews.com\/it\/editor-pdf\/icecream-pdf-editor-recensione\/","og_locale":"it_IT","og_type":"article","og_title":"Icecream PDF Editor: recensione editor PDF - Accurate Reviews","og_description":"Icecream PDF Editor: recensione software che consente agli utenti di creare e modificare file PDF solo per piattaforme Windows.","og_url":"https:\/\/www.accuratereviews.com\/it\/editor-pdf\/icecream-pdf-editor-recensione\/","og_site_name":"Accurate Reviews","article_modified_time":"2021-07-27T06:49:21+00:00","og_image":[{"width":1024,"height":512,"url":"https:\/\/www.accuratereviews.com\/wp-content\/uploads\/2021\/07\/PDF-Editor.png","type":"image\/png"}],"twitter_card":"summary_large_image","twitter_misc":{"Tempo di lettura stimato":"3 minuti"},"schema":{"@context":"https:\/\/schema.org","@graph":[{"@type":"WebPage","@id":"https:\/\/www.accuratereviews.com\/it\/editor-pdf\/icecream-pdf-editor-recensione\/","url":"https:\/\/www.accuratereviews.com\/it\/editor-pdf\/icecream-pdf-editor-recensione\/","name":"Icecream PDF Editor: recensione editor PDF - Accurate Reviews","isPartOf":{"@id":"https:\/\/www.accuratereviews.com\/it\/#website"},"primaryImageOfPage":{"@id":"https:\/\/www.accuratereviews.com\/it\/editor-pdf\/icecream-pdf-editor-recensione\/#primaryimage"},"image":{"@id":"https:\/\/www.accuratereviews.com\/it\/editor-pdf\/icecream-pdf-editor-recensione\/#primaryimage"},"thumbnailUrl":"https:\/\/www.accuratereviews.com\/wp-content\/uploads\/2021\/07\/PDF-Editor.png","datePublished":"2021-07-26T11:06:11+00:00","dateModified":"2021-07-27T06:49:21+00:00","description":"Icecream PDF Editor: recensione software che consente agli utenti di creare e modificare file PDF solo per piattaforme Windows.","breadcrumb":{"@id":"https:\/\/www.accuratereviews.com\/it\/editor-pdf\/icecream-pdf-editor-recensione\/#breadcrumb"},"inLanguage":"it-IT","potentialAction":[{"@type":"ReadAction","target":["https:\/\/www.accuratereviews.com\/it\/editor-pdf\/icecream-pdf-editor-recensione\/"]}]},{"@type":"ImageObject","inLanguage":"it-IT","@id":"https:\/\/www.accuratereviews.com\/it\/editor-pdf\/icecream-pdf-editor-recensione\/#primaryimage","url":"https:\/\/www.accuratereviews.com\/wp-content\/uploads\/2021\/07\/PDF-Editor.png","contentUrl":"https:\/\/www.accuratereviews.com\/wp-content\/uploads\/2021\/07\/PDF-Editor.png","width":1024,"height":512},{"@type":"BreadcrumbList","@id":"https:\/\/www.accuratereviews.com\/it\/editor-pdf\/icecream-pdf-editor-recensione\/#breadcrumb","itemListElement":[{"@type":"ListItem","position":1,"name":"Home","item":"https:\/\/www.accuratereviews.com\/it\/"},{"@type":"ListItem","position":2,"name":"Editor PDF","item":"https:\/\/www.accuratereviews.com\/it\/editor-pdf\/"},{"@type":"ListItem","position":3,"name":"Icecream PDF Editor"}]},{"@type":"WebSite","@id":"https:\/\/www.accuratereviews.com\/it\/#website","url":"https:\/\/www.accuratereviews.com\/it\/","name":"Accurate Reviews","description":"","potentialAction":[{"@type":"SearchAction","target":{"@type":"EntryPoint","urlTemplate":"https:\/\/www.accuratereviews.com\/it\/?s={search_term_string}"},"query-input":{"@type":"PropertyValueSpecification","valueRequired":true,"valueName":"search_term_string"}}],"inLanguage":"it-IT"}]}},"_links":{"self":[{"href":"https:\/\/www.accuratereviews.com\/it\/wp-json\/wp\/v2\/pages\/45953","targetHints":{"allow":["GET"]}}],"collection":[{"href":"https:\/\/www.accuratereviews.com\/it\/wp-json\/wp\/v2\/pages"}],"about":[{"href":"https:\/\/www.accuratereviews.com\/it\/wp-json\/wp\/v2\/types\/page"}],"author":[{"embeddable":true,"href":"https:\/\/www.accuratereviews.com\/it\/wp-json\/wp\/v2\/users\/16"}],"replies":[{"embeddable":true,"href":"https:\/\/www.accuratereviews.com\/it\/wp-json\/wp\/v2\/comments?post=45953"}],"version-history":[{"count":9,"href":"https:\/\/www.accuratereviews.com\/it\/wp-json\/wp\/v2\/pages\/45953\/revisions"}],"predecessor-version":[{"id":46011,"href":"https:\/\/www.accuratereviews.com\/it\/wp-json\/wp\/v2\/pages\/45953\/revisions\/46011"}],"up":[{"embeddable":true,"href":"https:\/\/www.accuratereviews.com\/it\/wp-json\/wp\/v2\/pages\/45670"}],"wp:featuredmedia":[{"embeddable":true,"href":"https:\/\/www.accuratereviews.com\/it\/wp-json\/wp\/v2\/media\/45960"}],"wp:attachment":[{"href":"https:\/\/www.accuratereviews.com\/it\/wp-json\/wp\/v2\/media?parent=45953"}],"wp:term":[{"taxonomy":"category","embeddable":true,"href":"https:\/\/www.accuratereviews.com\/it\/wp-json\/wp\/v2\/categories?post=45953"},{"taxonomy":"post_tag","embeddable":true,"href":"https:\/\/www.accuratereviews.com\/it\/wp-json\/wp\/v2\/tags?post=45953"},{"taxonomy":"features","embeddable":true,"href":"https:\/\/www.accuratereviews.com\/it\/wp-json\/wp\/v2\/features?post=45953"}],"curies":[{"name":"wp","href":"https:\/\/api.w.org\/{rel}","templated":true}]}}