{"id":46013,"date":"2021-07-27T11:04:15","date_gmt":"2021-07-27T11:04:15","guid":{"rendered":"https:\/\/www.accuratereviews.com\/?page_id=46013"},"modified":"2021-07-30T07:50:03","modified_gmt":"2021-07-30T07:50:03","slug":"gorillapdf-recensione","status":"publish","type":"page","link":"https:\/\/www.accuratereviews.com\/it\/editor-pdf\/gorillapdf-recensione\/","title":{"rendered":"GorillaPDF"},"content":{"rendered":"<p><strong>GorillaPDF<\/strong> \u00a0\u00e8 un <strong>convertitore PDF<\/strong> online <strong>gratuito<\/strong> dotato di app web per convertire, unire, comprimere e crittografare file PDF. Le caratteristiche includono una rapida conversione online, sicurezza SSL, funzione di trascinamento della selezione per una conversione ancora pi\u00f9 veloce, output di qualit\u00e0 e altro ancora. Consente di comprimere i file PDF in una di quattro modalit\u00e0: bassa, media, alta e molto alta. Lo strumento PDF protetto da password fornisce una forte crittografia a 256 bit, consentendo agli utenti di conservare o trasferire in modo sicuro documenti riservati. Pu\u00f2 anche rimuovere la password da un file PDF crittografato. Gli utenti possono convertire e scaricare i propri file online, con l&#8217;aiuto di un browser web. La piattaforma \u00e8 alimentata da un server protetto e tutti i file caricati dagli utenti vengono eliminati in modo permanente dopo 12 ore.<\/p>\n<h2>GORILLAPDF &#8211; TUTORIAL<\/h2>\n<p>Questo tutorial dimostrativo illustra come ridurre le dimensioni dei tuoi documenti PDF con il <strong>software editor PDF<\/strong>:<\/p>\n<div id=\"fluid-wrapper-counter-1\" class=\"g1-fluid-wrapper \" style=\"width:686px;\">\n<div style=\"padding-bottom:56.268221574344%;\"><iframe loading=\"lazy\" title=\"How to Compress PDF File Online and Free\" width=\"686\" height=\"386\" src=\"https:\/\/www.youtube.com\/embed\/6iDO1qIEA6U?feature=oembed&amp;wmode=transparent&amp;autohide=1&amp;autoplay=0&amp;disablekb=0&amp;fs=1&amp;loop=0&amp;enablejsapi=1&amp;rel=0&amp;controls=2&amp;showinfo=0&amp;wmode=transparent&amp;autohide=2&amp;autoplay=0&amp;disablekb=0&amp;fs=1&amp;loop=0&amp;enablejsapi=1&amp;rel=0&amp;controls=2&amp;showinfo=1\" frameborder=\"0\" allow=\"accelerometer; autoplay; clipboard-write; encrypted-media; gyroscope; picture-in-picture\" allowfullscreen><\/iframe><\/div>\n<\/div>\n<h3>GORILLAPDF &#8211; CARATTERISTICHE<\/h3>\n<ul>\n<li><strong>TXT in PDF<\/strong>: converti un documento di testo normale in un file PDF<\/li>\n<li><strong>PDF in testo online<\/strong>: cambia file PDF in un documento di testo normale<\/li>\n<li><strong>JPG in PDF<\/strong> : trasforma le tue immagini JPG in file PDF in modo facile e semplice<\/li>\n<li><strong>PNG in PDF<\/strong>: strumento gratuito per convertire immagini in formato PNG in file PDF<\/li>\n<li><strong>Proteggi PDF con password:<\/strong> cripta i tuoi file PDF con la chiave AES a 256 bit<\/li>\n<li><strong>Excel a PDF<\/strong>: converti Excel in PDF in modo semplice e veloce<\/li>\n<li><strong>PPT in PDF<\/strong>: cambia la tua presentazione PowerPoint in PDF<\/li>\n<li><strong>Comprimi PDF<\/strong>: riduci le dimensioni del file PDF prima di condividere il file<\/li>\n<li><strong>ODT in PDF<\/strong>: converti il \u200b\u200btuo documento Open Office Text in PDF<\/li>\n<li><strong>ODS in PDF<\/strong>: trasforma fogli di calcolo OpenOffice in PDF<\/li>\n<li><strong>ODP in PDF<\/strong>: converti presentazione Open Office in PDF<\/li>\n<li><strong>Lettore PDF<\/strong>: leggi i file PDF con stile<\/li>\n<li><strong>Unisci PDF<\/strong>: combina pi\u00f9 documenti PDF in un unico file<\/li>\n<li><strong>HTML in PDF:<\/strong> questo strumento converte i file HTML in PDF.<\/li>\n<\/ul>\n<h4>LE RECENSIONI DEGLI UTENTI<\/h4>\n<p class=\"font-weight-bold mb-1 d-flex align-items-center\"><strong>Akhilesh M.&#8221;Il miglior convertitore PDF per persone impegnate.&#8221;<\/strong><\/p>\n<p><strong>Commenti:\u00a0<\/strong>Non ho avuto problemi con GorillaPDF e mi ha aiutato a convertire la maggior parte dei miei file in PDF senza problemi.<\/p>\n<p><strong>Pro:\u00a0<\/strong>Tutte le funzionalit\u00e0 fornite da GorillaPDF sono assolutamente gratuite. Pu\u00f2 convertire quasi tutti i file in formato PDF senza alcun problema!<\/p>\n<p><strong>Contro:\u00a0<\/strong>Sarebbe davvero utile fornire un&#8217;estensione e una versione a pagamento in cui vengono fornite alcune funzionalit\u00e0 nitide. Anche la modifica delle funzioni PDF pu\u00f2 essere d&#8217;aiuto.<\/p>\n<h5 class=\"font-weight-bold mb-1 d-flex align-items-center\">Dhruv G.&#8221;Buon servizio per i file PDF&#8221;<\/h5>\n<p><strong>Commenti:\u00a0<\/strong>Buon servizio per convertire, unire e leggere file PDF.<\/p>\n<p><strong>Pro:\u00a0<\/strong>1. Ha molte funzionalit\u00e0 relative alla conversione e all&#8217;unione di file PDF.<br \/>\n2. Ha anche un visualizzatore PDF online che non \u00e8 molto comune per la maggior parte dei servizi online.<br \/>\n3. \u00c8 gratuito, il che \u00e8 un ulteriore vantaggio e lo rende accessibile a tutti.<\/p>\n<p><strong>Contro:\u00a0<\/strong>Non funziona ancora per alcune funzioni come word in pdf ed excel in pdf. Oltre a questo, non ci sono svantaggi nell&#8217;utilizzo di questo servizio.<\/p>\n<h3 class=\"h5 font-weight-bold flex-grow-1 mb-4\">Jhon D:&#8221;Ottimo prodotto, facile da usare&#8221;<\/h3>\n<p><strong>Commenti:\u00a0<\/strong>Nel complesso, il programma \u00e8 molto buono e soddisfa la necessit\u00e0 di creare file pdf.<\/p>\n<p><strong>Pro:\u00a0<\/strong>Semplifica la conversione di file da e verso il formato pdf. Il software ha anche la capacit\u00e0 di comprimere i file.<\/p>\n<p><strong>Contro:\u00a0<\/strong>Pu\u00f2 essere complicato imparare a comprimere i file. Ci vuole tempo per imparare a usare il software.<\/p>\n","protected":false},"excerpt":{"rendered":"<p>GorillaPDF \u00a0\u00e8 un convertitore PDF online gratuito\u00a0dotato di app web indipendenti per convertire, unire, comprimere e crittografare file PDF.\u00a0Le caratteristiche includono una rapida conversione online, sicurezza SSL, funzione di trascinamento della selezione per una conversione ancora pi\u00f9 veloce, output di qualit\u00e0 e altro ancora.<\/p>\n","protected":false},"author":16,"featured_media":46027,"parent":45670,"menu_order":0,"comment_status":"open","ping_status":"closed","template":"g1_template_page_review_new.php","meta":{"_acf_changed":false,"cwp_meta_box_check":"Yes","cwp_rev_product_name":"","cwp_rev_product_image":"","wppr_links":[],"cwp_rev_price":"","wppr_options":[],"wppr_pros":[],"wppr_cons":[],"_monsterinsights_skip_tracking":false,"_monsterinsights_sitenote_active":false,"_monsterinsights_sitenote_note":"","_monsterinsights_sitenote_category":0,"footnotes":""},"categories":[10728],"tags":[10750,10793,10727,10794,10758,10732,10730,10751],"features":[],"class_list":{"0":"post-46013","1":"page","2":"type-page","3":"status-publish","4":"has-post-thumbnail","6":"category-editor-pdf-cat","7":"tag-applicazione-editor-pdf","8":"tag-applicazione-web","9":"tag-editor-pdf","10":"tag-gorillapdf","11":"tag-piattaforma-edito-pdf","12":"tag-programma-editor-pdf","13":"tag-software-editor-pdf","14":"tag-soluzione-editor-pdf"},"wppr_data":{"cwp_meta_box_check":"Yes","cwp_rev_product_name":"","cwp_rev_product_image":"","cwp_image_link":"image","cwp_rev_price":"","wppr_rating":"0.00"},"acf":[],"yoast_head":"<!-- This site is optimized with the Yoast SEO plugin v27.4 - https:\/\/yoast.com\/product\/yoast-seo-wordpress\/ -->\n<title>GorillaPDF: recensione software editor PDF - Accurate Reviews<\/title>\n<meta name=\"description\" content=\"GorillaPDF: recensione editor PDF online gratuito\u00a0dotato di app web indipendenti per convertire, unire, comprimere e crittografare file.\" \/>\n<meta name=\"robots\" content=\"index, follow, max-snippet:-1, max-image-preview:large, max-video-preview:-1\" \/>\n<link rel=\"canonical\" href=\"https:\/\/www.accuratereviews.com\/it\/editor-pdf\/gorillapdf-recensione\/\" \/>\n<meta property=\"og:locale\" content=\"it_IT\" \/>\n<meta property=\"og:type\" content=\"article\" \/>\n<meta property=\"og:title\" content=\"GorillaPDF: recensione software editor PDF - Accurate Reviews\" \/>\n<meta property=\"og:description\" content=\"GorillaPDF: recensione editor PDF online gratuito\u00a0dotato di app web indipendenti per convertire, unire, comprimere e crittografare file.\" \/>\n<meta property=\"og:url\" content=\"https:\/\/www.accuratereviews.com\/it\/editor-pdf\/gorillapdf-recensione\/\" \/>\n<meta property=\"og:site_name\" content=\"Accurate Reviews\" \/>\n<meta property=\"article:modified_time\" content=\"2021-07-30T07:50:03+00:00\" \/>\n<meta property=\"og:image\" content=\"https:\/\/www.accuratereviews.com\/wp-content\/uploads\/2021\/07\/Schermata-2021-07-27-alle-09.56.51.png\" \/>\n\t<meta property=\"og:image:width\" content=\"622\" \/>\n\t<meta property=\"og:image:height\" content=\"268\" \/>\n\t<meta property=\"og:image:type\" content=\"image\/png\" \/>\n<meta name=\"twitter:card\" content=\"summary_large_image\" \/>\n<meta name=\"twitter:label1\" content=\"Tempo di lettura stimato\" \/>\n\t<meta name=\"twitter:data1\" content=\"3 minuti\" \/>\n<script type=\"application\/ld+json\" class=\"yoast-schema-graph\">{\"@context\":\"https:\\\/\\\/schema.org\",\"@graph\":[{\"@type\":\"WebPage\",\"@id\":\"https:\\\/\\\/www.accuratereviews.com\\\/it\\\/editor-pdf\\\/gorillapdf-recensione\\\/\",\"url\":\"https:\\\/\\\/www.accuratereviews.com\\\/it\\\/editor-pdf\\\/gorillapdf-recensione\\\/\",\"name\":\"GorillaPDF: recensione software editor PDF - Accurate Reviews\",\"isPartOf\":{\"@id\":\"https:\\\/\\\/www.accuratereviews.com\\\/it\\\/#website\"},\"primaryImageOfPage\":{\"@id\":\"https:\\\/\\\/www.accuratereviews.com\\\/it\\\/editor-pdf\\\/gorillapdf-recensione\\\/#primaryimage\"},\"image\":{\"@id\":\"https:\\\/\\\/www.accuratereviews.com\\\/it\\\/editor-pdf\\\/gorillapdf-recensione\\\/#primaryimage\"},\"thumbnailUrl\":\"https:\\\/\\\/www.accuratereviews.com\\\/wp-content\\\/uploads\\\/2021\\\/07\\\/Schermata-2021-07-27-alle-09.56.51.png\",\"datePublished\":\"2021-07-27T11:04:15+00:00\",\"dateModified\":\"2021-07-30T07:50:03+00:00\",\"description\":\"GorillaPDF: recensione editor PDF online gratuito\u00a0dotato di app web indipendenti per convertire, unire, comprimere e crittografare file.\",\"breadcrumb\":{\"@id\":\"https:\\\/\\\/www.accuratereviews.com\\\/it\\\/editor-pdf\\\/gorillapdf-recensione\\\/#breadcrumb\"},\"inLanguage\":\"it-IT\",\"potentialAction\":[{\"@type\":\"ReadAction\",\"target\":[\"https:\\\/\\\/www.accuratereviews.com\\\/it\\\/editor-pdf\\\/gorillapdf-recensione\\\/\"]}]},{\"@type\":\"ImageObject\",\"inLanguage\":\"it-IT\",\"@id\":\"https:\\\/\\\/www.accuratereviews.com\\\/it\\\/editor-pdf\\\/gorillapdf-recensione\\\/#primaryimage\",\"url\":\"https:\\\/\\\/www.accuratereviews.com\\\/wp-content\\\/uploads\\\/2021\\\/07\\\/Schermata-2021-07-27-alle-09.56.51.png\",\"contentUrl\":\"https:\\\/\\\/www.accuratereviews.com\\\/wp-content\\\/uploads\\\/2021\\\/07\\\/Schermata-2021-07-27-alle-09.56.51.png\",\"width\":622,\"height\":268},{\"@type\":\"BreadcrumbList\",\"@id\":\"https:\\\/\\\/www.accuratereviews.com\\\/it\\\/editor-pdf\\\/gorillapdf-recensione\\\/#breadcrumb\",\"itemListElement\":[{\"@type\":\"ListItem\",\"position\":1,\"name\":\"Home\",\"item\":\"https:\\\/\\\/www.accuratereviews.com\\\/it\\\/\"},{\"@type\":\"ListItem\",\"position\":2,\"name\":\"Editor PDF\",\"item\":\"https:\\\/\\\/www.accuratereviews.com\\\/it\\\/editor-pdf\\\/\"},{\"@type\":\"ListItem\",\"position\":3,\"name\":\"GorillaPDF\"}]},{\"@type\":\"WebSite\",\"@id\":\"https:\\\/\\\/www.accuratereviews.com\\\/it\\\/#website\",\"url\":\"https:\\\/\\\/www.accuratereviews.com\\\/it\\\/\",\"name\":\"Accurate Reviews\",\"description\":\"\",\"potentialAction\":[{\"@type\":\"SearchAction\",\"target\":{\"@type\":\"EntryPoint\",\"urlTemplate\":\"https:\\\/\\\/www.accuratereviews.com\\\/it\\\/?s={search_term_string}\"},\"query-input\":{\"@type\":\"PropertyValueSpecification\",\"valueRequired\":true,\"valueName\":\"search_term_string\"}}],\"inLanguage\":\"it-IT\"}]}<\/script>\n<!-- \/ Yoast SEO plugin. -->","yoast_head_json":{"title":"GorillaPDF: recensione software editor PDF - Accurate Reviews","description":"GorillaPDF: recensione editor PDF online gratuito\u00a0dotato di app web indipendenti per convertire, unire, comprimere e crittografare file.","robots":{"index":"index","follow":"follow","max-snippet":"max-snippet:-1","max-image-preview":"max-image-preview:large","max-video-preview":"max-video-preview:-1"},"canonical":"https:\/\/www.accuratereviews.com\/it\/editor-pdf\/gorillapdf-recensione\/","og_locale":"it_IT","og_type":"article","og_title":"GorillaPDF: recensione software editor PDF - Accurate Reviews","og_description":"GorillaPDF: recensione editor PDF online gratuito\u00a0dotato di app web indipendenti per convertire, unire, comprimere e crittografare file.","og_url":"https:\/\/www.accuratereviews.com\/it\/editor-pdf\/gorillapdf-recensione\/","og_site_name":"Accurate Reviews","article_modified_time":"2021-07-30T07:50:03+00:00","og_image":[{"width":622,"height":268,"url":"https:\/\/www.accuratereviews.com\/wp-content\/uploads\/2021\/07\/Schermata-2021-07-27-alle-09.56.51.png","type":"image\/png"}],"twitter_card":"summary_large_image","twitter_misc":{"Tempo di lettura stimato":"3 minuti"},"schema":{"@context":"https:\/\/schema.org","@graph":[{"@type":"WebPage","@id":"https:\/\/www.accuratereviews.com\/it\/editor-pdf\/gorillapdf-recensione\/","url":"https:\/\/www.accuratereviews.com\/it\/editor-pdf\/gorillapdf-recensione\/","name":"GorillaPDF: recensione software editor PDF - Accurate Reviews","isPartOf":{"@id":"https:\/\/www.accuratereviews.com\/it\/#website"},"primaryImageOfPage":{"@id":"https:\/\/www.accuratereviews.com\/it\/editor-pdf\/gorillapdf-recensione\/#primaryimage"},"image":{"@id":"https:\/\/www.accuratereviews.com\/it\/editor-pdf\/gorillapdf-recensione\/#primaryimage"},"thumbnailUrl":"https:\/\/www.accuratereviews.com\/wp-content\/uploads\/2021\/07\/Schermata-2021-07-27-alle-09.56.51.png","datePublished":"2021-07-27T11:04:15+00:00","dateModified":"2021-07-30T07:50:03+00:00","description":"GorillaPDF: recensione editor PDF online gratuito\u00a0dotato di app web indipendenti per convertire, unire, comprimere e crittografare file.","breadcrumb":{"@id":"https:\/\/www.accuratereviews.com\/it\/editor-pdf\/gorillapdf-recensione\/#breadcrumb"},"inLanguage":"it-IT","potentialAction":[{"@type":"ReadAction","target":["https:\/\/www.accuratereviews.com\/it\/editor-pdf\/gorillapdf-recensione\/"]}]},{"@type":"ImageObject","inLanguage":"it-IT","@id":"https:\/\/www.accuratereviews.com\/it\/editor-pdf\/gorillapdf-recensione\/#primaryimage","url":"https:\/\/www.accuratereviews.com\/wp-content\/uploads\/2021\/07\/Schermata-2021-07-27-alle-09.56.51.png","contentUrl":"https:\/\/www.accuratereviews.com\/wp-content\/uploads\/2021\/07\/Schermata-2021-07-27-alle-09.56.51.png","width":622,"height":268},{"@type":"BreadcrumbList","@id":"https:\/\/www.accuratereviews.com\/it\/editor-pdf\/gorillapdf-recensione\/#breadcrumb","itemListElement":[{"@type":"ListItem","position":1,"name":"Home","item":"https:\/\/www.accuratereviews.com\/it\/"},{"@type":"ListItem","position":2,"name":"Editor PDF","item":"https:\/\/www.accuratereviews.com\/it\/editor-pdf\/"},{"@type":"ListItem","position":3,"name":"GorillaPDF"}]},{"@type":"WebSite","@id":"https:\/\/www.accuratereviews.com\/it\/#website","url":"https:\/\/www.accuratereviews.com\/it\/","name":"Accurate Reviews","description":"","potentialAction":[{"@type":"SearchAction","target":{"@type":"EntryPoint","urlTemplate":"https:\/\/www.accuratereviews.com\/it\/?s={search_term_string}"},"query-input":{"@type":"PropertyValueSpecification","valueRequired":true,"valueName":"search_term_string"}}],"inLanguage":"it-IT"}]}},"_links":{"self":[{"href":"https:\/\/www.accuratereviews.com\/it\/wp-json\/wp\/v2\/pages\/46013","targetHints":{"allow":["GET"]}}],"collection":[{"href":"https:\/\/www.accuratereviews.com\/it\/wp-json\/wp\/v2\/pages"}],"about":[{"href":"https:\/\/www.accuratereviews.com\/it\/wp-json\/wp\/v2\/types\/page"}],"author":[{"embeddable":true,"href":"https:\/\/www.accuratereviews.com\/it\/wp-json\/wp\/v2\/users\/16"}],"replies":[{"embeddable":true,"href":"https:\/\/www.accuratereviews.com\/it\/wp-json\/wp\/v2\/comments?post=46013"}],"version-history":[{"count":13,"href":"https:\/\/www.accuratereviews.com\/it\/wp-json\/wp\/v2\/pages\/46013\/revisions"}],"predecessor-version":[{"id":46051,"href":"https:\/\/www.accuratereviews.com\/it\/wp-json\/wp\/v2\/pages\/46013\/revisions\/46051"}],"up":[{"embeddable":true,"href":"https:\/\/www.accuratereviews.com\/it\/wp-json\/wp\/v2\/pages\/45670"}],"wp:featuredmedia":[{"embeddable":true,"href":"https:\/\/www.accuratereviews.com\/it\/wp-json\/wp\/v2\/media\/46027"}],"wp:attachment":[{"href":"https:\/\/www.accuratereviews.com\/it\/wp-json\/wp\/v2\/media?parent=46013"}],"wp:term":[{"taxonomy":"category","embeddable":true,"href":"https:\/\/www.accuratereviews.com\/it\/wp-json\/wp\/v2\/categories?post=46013"},{"taxonomy":"post_tag","embeddable":true,"href":"https:\/\/www.accuratereviews.com\/it\/wp-json\/wp\/v2\/tags?post=46013"},{"taxonomy":"features","embeddable":true,"href":"https:\/\/www.accuratereviews.com\/it\/wp-json\/wp\/v2\/features?post=46013"}],"curies":[{"name":"wp","href":"https:\/\/api.w.org\/{rel}","templated":true}]}}