{"id":46015,"date":"2021-07-27T11:07:03","date_gmt":"2021-07-27T11:07:03","guid":{"rendered":"https:\/\/www.accuratereviews.com\/?page_id=46015"},"modified":"2021-07-27T11:07:03","modified_gmt":"2021-07-27T11:07:03","slug":"foxit-phantompdf-recensione","status":"publish","type":"page","link":"https:\/\/www.accuratereviews.com\/it\/editor-pdf\/foxit-phantompdf-recensione\/","title":{"rendered":"Foxit PhantomPDF"},"content":{"rendered":"<p><strong>Foxit PhantomPDF<\/strong> \u00e8<strong> una soluzione PDF<\/strong> completa che soddisfa le esigenze e i requisiti delle aziende e degli utenti privati. Presenta un&#8217;interfaccia intuitiva e di facile utilizzo e un ampio set di strumenti e applicazioni avanzati per la modifica e la sicurezza dei PDF. Il software consente di creare, modificare, commentare, collaborare e condividere, proteggere, organizzare, esportare, scansionare e firmare file e moduli PDF. Il programma offre supporto in pi\u00f9 lingue, rendendolo una soluzione PDF ideale per aziende e privati con sede in altri paesi. <strong>Foxit PhantomPDF<\/strong> permette agli utenti di convertire pi\u00f9 formati di file in PDF e viceversa. Pu\u00f2 convertire file PDF in documenti Microsoft Word, Excel e altri formati di documenti popolari.<\/p>\n<h2>FOXIT PHANTOMPDF &#8211; TUTORIAL<\/h2>\n<p>Ecco una panoramica di come usare questo <strong>software editor PDF<\/strong>:<\/p>\n<div id=\"fluid-wrapper-counter-1\" class=\"g1-fluid-wrapper \" style=\"width:686px;\">\n<div style=\"padding-bottom:56.268221574344%;\"><iframe loading=\"lazy\" title=\"Overview of Foxit PhantomPDF\" width=\"515\" height=\"386\" src=\"https:\/\/www.youtube.com\/embed\/r2A3tSUUo8c?feature=oembed&amp;wmode=transparent&amp;autohide=1&amp;autoplay=0&amp;disablekb=0&amp;fs=1&amp;loop=0&amp;enablejsapi=1&amp;rel=0&amp;controls=2&amp;showinfo=0&amp;wmode=transparent&amp;autohide=2&amp;autoplay=0&amp;disablekb=0&amp;fs=1&amp;loop=0&amp;enablejsapi=1&amp;rel=0&amp;controls=2&amp;showinfo=1\" frameborder=\"0\" allow=\"accelerometer; autoplay; clipboard-write; encrypted-media; gyroscope; picture-in-picture\" allowfullscreen><\/iframe><\/div>\n<\/div>\n<h3>FOXIT PHANTOMPDF &#8211; CARATTERISTICHE<\/h3>\n<ul>\n<li><strong>Modifica PDF come un professionista<\/strong>: aggiorna rapidamente e facilmente i tuoi documenti PDF. Funziona come un elaboratore di testi: ridisponi il testo tra paragrafi, colonne e pagine; cambia il layout del documento, modifica la dimensione del testo, il carattere o l&#8217;interlinea e aggiungi contenuti multimediali<\/li>\n<li><strong>Condividi e collabora dal vivo<\/strong>: connetti i compagni di squadra per aumentare flessibilit\u00e0 e risultati. Integrati con i principali sistemi di gestione dei contenuti, utilizza i servizi di cloud storage pi\u00f9 diffusi e avvia revisioni condivise per fornire e gestire feedback<\/li>\n<li><strong>Esporta nei formati di file pi\u00f9 diffusi<\/strong>: condividi facilmente contenuti PDF esportando PDF in formati Word, PowerPoint, Excel, RTF, HTML, testo e immagine. Esporta l&#8217;intero documento o solo un&#8217;area selezionata<\/li>\n<li><strong>Crea documenti e moduli PDF<\/strong>: crea PDF, PDF\/A, PDF\/X e PDF\/E praticamente da qualsiasi formato di file o pagine web. Crea portfolio PDF per condividere facilmente pi\u00f9 file insieme e usa il riconoscimento dei campi modulo per creare rapidamente moduli PDF interattivi per raccogliere dati<\/li>\n<li><strong>Organizza PDF in modo semplice<\/strong>: organizza e modifica le pagine PDF per supportare i tuoi flussi di lavoro. Unire e dividere documenti; trascina e rilascia le pagine all&#8217;interno di un file o da un documento all&#8217;altro e aggiungi timbri, filigrane, intestazioni, pi\u00e8 di pagina e altro ancora<\/li>\n<li><strong>Proteggi correttamente il PDF<\/strong>: proteggi le informazioni nei tuoi documenti riservati. Redigi e rimuovi in \u200b\u200bmodo permanente testo e immagini, proteggi i documenti con la crittografia della password o con Microsoft AIP, disinfetta i documenti e firma digitalmente i PDF.<\/li>\n<li><strong>Crea PDF accessibile<\/strong>: abilita l&#8217;accessibilit\u00e0 ai documenti PDF per le persone con disabilit\u00e0 che utilizzano la tecnologia assistita per avere accesso alle informazioni. Controllare l&#8217;accessibilit\u00e0 dei file PDF per verificare se il documento \u00e8 conforme agli standard tecnologici della Sezione 508.<\/li>\n<li><strong>Scansione e OCR di documenti cartacei<\/strong>: scansiona e converti documenti cartacei o immagini in PDF. Esegui il riconoscimento del testo (OCR) per creare testo selezionabile e ricercabile. Rendi il testo modificabile e aggiorna la copia cartacea proprio come i documenti digitali.<\/li>\n<\/ul>\n<h4>LE RECENSIONI DEGLI UTENTI<\/h4>\n<p class=\"font-weight-bold mb-1 d-flex align-items-center\"><strong>Matti M.&#8221;Nessun motivo per pagare di pi\u00f9&#8221;<\/strong><\/p>\n<p><strong>Pro:\u00a0<\/strong>Usiamo PhantomPDF da diversi anni. \u00c8 completo di tutte le funzionalit\u00e0 e ha tutto ci\u00f2 di cui hai bisogno a un prezzo molto migliore rispetto alla concorrenza.<\/p>\n<p><strong>Contro:\u00a0<\/strong>A volte il software di terze parti funziona meglio con la concorrenza.<\/p>\n<p><strong>Haider A.&#8221;Recensione di Foxit PhantomPDF&#8221;<\/strong><\/p>\n<p><strong>Commenti:\u00a0<\/strong>Ottimo programma con ottime funzionalit\u00e0.<\/p>\n<p><strong>Pro:\u00a0<\/strong>Contiene molti strumenti per modificare il file, come modificare il testo, aggiungere un&#8217;immagine, eliminare una pagina, aggiungere una firma e molte altre funzionalit\u00e0, ti consiglio di usarlo\u00a0E la cosa pi\u00f9 bella, puoi salvare il file in una variet\u00e0 di formati (power point, .txt, excel o html).<\/p>\n<p><strong>Contro:\u00a0<\/strong>Dalla mia esperienza, penso che non ci siano CONTRO tranne che per i tipi di caratteri.<\/p>\n<p class=\"font-weight-bold mb-1 d-flex align-items-center\"><strong>Victor manuel F.&#8221;Editor di file PDF&#8221;<\/strong><\/p>\n<p><strong>Commenti:\u00a0<\/strong>Lo adoro, di solito \u00e8 sempre la mia prima opzione per lavorare con file PDF o altre opzioni che richiedono questo strumento.<\/p>\n<p><strong>Pro:\u00a0<\/strong>Facile da usare, ti d\u00e0 la possibilit\u00e0 di modificare, creare e convertire file PDF in un altro formato, oltre a proteggere il tuo documento e convertirlo in un modulo da inviare.<\/p>\n<p><strong>Contro:\u00a0<\/strong>A volte si blocca e devo ricominciare da capo.<\/p>\n","protected":false},"excerpt":{"rendered":"<p>Foxit PhantomPDF \u00e8 una soluzione PDF completa che soddisfa le esigenze e i requisiti delle aziende e degli utenti privati. Viene fornito con un&#8217;interfaccia intuitiva e di facile utilizzo e un ampio set di strumenti e applicazioni avanzati per la modifica e la sicurezza dei PDF.<\/p>\n","protected":false},"author":16,"featured_media":46016,"parent":45670,"menu_order":0,"comment_status":"open","ping_status":"closed","template":"g1_template_page_review_new.php","meta":{"_acf_changed":false,"cwp_meta_box_check":"Yes","cwp_rev_product_name":"","cwp_rev_product_image":"","wppr_links":[],"cwp_rev_price":"","wppr_options":[],"wppr_pros":[],"wppr_cons":[],"_monsterinsights_skip_tracking":false,"_monsterinsights_sitenote_active":false,"_monsterinsights_sitenote_note":"","_monsterinsights_sitenote_category":0,"footnotes":""},"categories":[10728],"tags":[10727,10792,10731,10732,10730,10751],"features":[],"class_list":{"0":"post-46015","1":"page","2":"type-page","3":"status-publish","4":"has-post-thumbnail","6":"category-editor-pdf-cat","7":"tag-editor-pdf","8":"tag-foxit-phantompdf","9":"tag-piattaforma-editor-pdf","10":"tag-programma-editor-pdf","11":"tag-software-editor-pdf","12":"tag-soluzione-editor-pdf"},"wppr_data":{"cwp_meta_box_check":"Yes","cwp_rev_product_name":"","cwp_rev_product_image":"","cwp_image_link":"image","cwp_rev_price":"","wppr_rating":"0.00"},"acf":[],"yoast_head":"<!-- This site is optimized with the Yoast SEO plugin v27.4 - https:\/\/yoast.com\/product\/yoast-seo-wordpress\/ -->\n<title>Foxit PhantomPDF: recensione software editor PDF - Accurate Reviews<\/title>\n<meta name=\"description\" content=\"Foxit PhantomPDF: recensione soluzione PDF completa che soddisfa le esigenze e i requisiti delle aziende e degli utenti privati.\" \/>\n<meta name=\"robots\" content=\"index, follow, max-snippet:-1, max-image-preview:large, max-video-preview:-1\" \/>\n<link rel=\"canonical\" href=\"https:\/\/www.accuratereviews.com\/it\/editor-pdf\/foxit-phantompdf-recensione\/\" \/>\n<meta property=\"og:locale\" content=\"it_IT\" \/>\n<meta property=\"og:type\" content=\"article\" \/>\n<meta property=\"og:title\" content=\"Foxit PhantomPDF: recensione software editor PDF - Accurate Reviews\" \/>\n<meta property=\"og:description\" content=\"Foxit PhantomPDF: recensione soluzione PDF completa che soddisfa le esigenze e i requisiti delle aziende e degli utenti privati.\" \/>\n<meta property=\"og:url\" content=\"https:\/\/www.accuratereviews.com\/it\/editor-pdf\/foxit-phantompdf-recensione\/\" \/>\n<meta property=\"og:site_name\" content=\"Accurate Reviews\" \/>\n<meta property=\"og:image\" content=\"https:\/\/www.accuratereviews.com\/wp-content\/uploads\/2021\/07\/foxit.png\" \/>\n\t<meta property=\"og:image:width\" content=\"225\" \/>\n\t<meta property=\"og:image:height\" content=\"225\" \/>\n\t<meta property=\"og:image:type\" content=\"image\/png\" \/>\n<meta name=\"twitter:card\" content=\"summary_large_image\" \/>\n<meta name=\"twitter:label1\" content=\"Tempo di lettura stimato\" \/>\n\t<meta name=\"twitter:data1\" content=\"3 minuti\" \/>\n<script type=\"application\/ld+json\" class=\"yoast-schema-graph\">{\"@context\":\"https:\\\/\\\/schema.org\",\"@graph\":[{\"@type\":\"WebPage\",\"@id\":\"https:\\\/\\\/www.accuratereviews.com\\\/it\\\/editor-pdf\\\/foxit-phantompdf-recensione\\\/\",\"url\":\"https:\\\/\\\/www.accuratereviews.com\\\/it\\\/editor-pdf\\\/foxit-phantompdf-recensione\\\/\",\"name\":\"Foxit PhantomPDF: recensione software editor PDF - Accurate Reviews\",\"isPartOf\":{\"@id\":\"https:\\\/\\\/www.accuratereviews.com\\\/it\\\/#website\"},\"primaryImageOfPage\":{\"@id\":\"https:\\\/\\\/www.accuratereviews.com\\\/it\\\/editor-pdf\\\/foxit-phantompdf-recensione\\\/#primaryimage\"},\"image\":{\"@id\":\"https:\\\/\\\/www.accuratereviews.com\\\/it\\\/editor-pdf\\\/foxit-phantompdf-recensione\\\/#primaryimage\"},\"thumbnailUrl\":\"https:\\\/\\\/www.accuratereviews.com\\\/wp-content\\\/uploads\\\/2021\\\/07\\\/foxit.png\",\"datePublished\":\"2021-07-27T11:07:03+00:00\",\"description\":\"Foxit PhantomPDF: recensione soluzione PDF completa che soddisfa le esigenze e i requisiti delle aziende e degli utenti privati.\",\"breadcrumb\":{\"@id\":\"https:\\\/\\\/www.accuratereviews.com\\\/it\\\/editor-pdf\\\/foxit-phantompdf-recensione\\\/#breadcrumb\"},\"inLanguage\":\"it-IT\",\"potentialAction\":[{\"@type\":\"ReadAction\",\"target\":[\"https:\\\/\\\/www.accuratereviews.com\\\/it\\\/editor-pdf\\\/foxit-phantompdf-recensione\\\/\"]}]},{\"@type\":\"ImageObject\",\"inLanguage\":\"it-IT\",\"@id\":\"https:\\\/\\\/www.accuratereviews.com\\\/it\\\/editor-pdf\\\/foxit-phantompdf-recensione\\\/#primaryimage\",\"url\":\"https:\\\/\\\/www.accuratereviews.com\\\/wp-content\\\/uploads\\\/2021\\\/07\\\/foxit.png\",\"contentUrl\":\"https:\\\/\\\/www.accuratereviews.com\\\/wp-content\\\/uploads\\\/2021\\\/07\\\/foxit.png\",\"width\":225,\"height\":225},{\"@type\":\"BreadcrumbList\",\"@id\":\"https:\\\/\\\/www.accuratereviews.com\\\/it\\\/editor-pdf\\\/foxit-phantompdf-recensione\\\/#breadcrumb\",\"itemListElement\":[{\"@type\":\"ListItem\",\"position\":1,\"name\":\"Home\",\"item\":\"https:\\\/\\\/www.accuratereviews.com\\\/it\\\/\"},{\"@type\":\"ListItem\",\"position\":2,\"name\":\"Editor PDF\",\"item\":\"https:\\\/\\\/www.accuratereviews.com\\\/it\\\/editor-pdf\\\/\"},{\"@type\":\"ListItem\",\"position\":3,\"name\":\"Foxit PhantomPDF\"}]},{\"@type\":\"WebSite\",\"@id\":\"https:\\\/\\\/www.accuratereviews.com\\\/it\\\/#website\",\"url\":\"https:\\\/\\\/www.accuratereviews.com\\\/it\\\/\",\"name\":\"Accurate Reviews\",\"description\":\"\",\"potentialAction\":[{\"@type\":\"SearchAction\",\"target\":{\"@type\":\"EntryPoint\",\"urlTemplate\":\"https:\\\/\\\/www.accuratereviews.com\\\/it\\\/?s={search_term_string}\"},\"query-input\":{\"@type\":\"PropertyValueSpecification\",\"valueRequired\":true,\"valueName\":\"search_term_string\"}}],\"inLanguage\":\"it-IT\"}]}<\/script>\n<!-- \/ Yoast SEO plugin. -->","yoast_head_json":{"title":"Foxit PhantomPDF: recensione software editor PDF - Accurate Reviews","description":"Foxit PhantomPDF: recensione soluzione PDF completa che soddisfa le esigenze e i requisiti delle aziende e degli utenti privati.","robots":{"index":"index","follow":"follow","max-snippet":"max-snippet:-1","max-image-preview":"max-image-preview:large","max-video-preview":"max-video-preview:-1"},"canonical":"https:\/\/www.accuratereviews.com\/it\/editor-pdf\/foxit-phantompdf-recensione\/","og_locale":"it_IT","og_type":"article","og_title":"Foxit PhantomPDF: recensione software editor PDF - Accurate Reviews","og_description":"Foxit PhantomPDF: recensione soluzione PDF completa che soddisfa le esigenze e i requisiti delle aziende e degli utenti privati.","og_url":"https:\/\/www.accuratereviews.com\/it\/editor-pdf\/foxit-phantompdf-recensione\/","og_site_name":"Accurate Reviews","og_image":[{"width":225,"height":225,"url":"https:\/\/www.accuratereviews.com\/wp-content\/uploads\/2021\/07\/foxit.png","type":"image\/png"}],"twitter_card":"summary_large_image","twitter_misc":{"Tempo di lettura stimato":"3 minuti"},"schema":{"@context":"https:\/\/schema.org","@graph":[{"@type":"WebPage","@id":"https:\/\/www.accuratereviews.com\/it\/editor-pdf\/foxit-phantompdf-recensione\/","url":"https:\/\/www.accuratereviews.com\/it\/editor-pdf\/foxit-phantompdf-recensione\/","name":"Foxit PhantomPDF: recensione software editor PDF - Accurate Reviews","isPartOf":{"@id":"https:\/\/www.accuratereviews.com\/it\/#website"},"primaryImageOfPage":{"@id":"https:\/\/www.accuratereviews.com\/it\/editor-pdf\/foxit-phantompdf-recensione\/#primaryimage"},"image":{"@id":"https:\/\/www.accuratereviews.com\/it\/editor-pdf\/foxit-phantompdf-recensione\/#primaryimage"},"thumbnailUrl":"https:\/\/www.accuratereviews.com\/wp-content\/uploads\/2021\/07\/foxit.png","datePublished":"2021-07-27T11:07:03+00:00","description":"Foxit PhantomPDF: recensione soluzione PDF completa che soddisfa le esigenze e i requisiti delle aziende e degli utenti privati.","breadcrumb":{"@id":"https:\/\/www.accuratereviews.com\/it\/editor-pdf\/foxit-phantompdf-recensione\/#breadcrumb"},"inLanguage":"it-IT","potentialAction":[{"@type":"ReadAction","target":["https:\/\/www.accuratereviews.com\/it\/editor-pdf\/foxit-phantompdf-recensione\/"]}]},{"@type":"ImageObject","inLanguage":"it-IT","@id":"https:\/\/www.accuratereviews.com\/it\/editor-pdf\/foxit-phantompdf-recensione\/#primaryimage","url":"https:\/\/www.accuratereviews.com\/wp-content\/uploads\/2021\/07\/foxit.png","contentUrl":"https:\/\/www.accuratereviews.com\/wp-content\/uploads\/2021\/07\/foxit.png","width":225,"height":225},{"@type":"BreadcrumbList","@id":"https:\/\/www.accuratereviews.com\/it\/editor-pdf\/foxit-phantompdf-recensione\/#breadcrumb","itemListElement":[{"@type":"ListItem","position":1,"name":"Home","item":"https:\/\/www.accuratereviews.com\/it\/"},{"@type":"ListItem","position":2,"name":"Editor PDF","item":"https:\/\/www.accuratereviews.com\/it\/editor-pdf\/"},{"@type":"ListItem","position":3,"name":"Foxit PhantomPDF"}]},{"@type":"WebSite","@id":"https:\/\/www.accuratereviews.com\/it\/#website","url":"https:\/\/www.accuratereviews.com\/it\/","name":"Accurate Reviews","description":"","potentialAction":[{"@type":"SearchAction","target":{"@type":"EntryPoint","urlTemplate":"https:\/\/www.accuratereviews.com\/it\/?s={search_term_string}"},"query-input":{"@type":"PropertyValueSpecification","valueRequired":true,"valueName":"search_term_string"}}],"inLanguage":"it-IT"}]}},"_links":{"self":[{"href":"https:\/\/www.accuratereviews.com\/it\/wp-json\/wp\/v2\/pages\/46015","targetHints":{"allow":["GET"]}}],"collection":[{"href":"https:\/\/www.accuratereviews.com\/it\/wp-json\/wp\/v2\/pages"}],"about":[{"href":"https:\/\/www.accuratereviews.com\/it\/wp-json\/wp\/v2\/types\/page"}],"author":[{"embeddable":true,"href":"https:\/\/www.accuratereviews.com\/it\/wp-json\/wp\/v2\/users\/16"}],"replies":[{"embeddable":true,"href":"https:\/\/www.accuratereviews.com\/it\/wp-json\/wp\/v2\/comments?post=46015"}],"version-history":[{"count":9,"href":"https:\/\/www.accuratereviews.com\/it\/wp-json\/wp\/v2\/pages\/46015\/revisions"}],"predecessor-version":[{"id":46053,"href":"https:\/\/www.accuratereviews.com\/it\/wp-json\/wp\/v2\/pages\/46015\/revisions\/46053"}],"up":[{"embeddable":true,"href":"https:\/\/www.accuratereviews.com\/it\/wp-json\/wp\/v2\/pages\/45670"}],"wp:featuredmedia":[{"embeddable":true,"href":"https:\/\/www.accuratereviews.com\/it\/wp-json\/wp\/v2\/media\/46016"}],"wp:attachment":[{"href":"https:\/\/www.accuratereviews.com\/it\/wp-json\/wp\/v2\/media?parent=46015"}],"wp:term":[{"taxonomy":"category","embeddable":true,"href":"https:\/\/www.accuratereviews.com\/it\/wp-json\/wp\/v2\/categories?post=46015"},{"taxonomy":"post_tag","embeddable":true,"href":"https:\/\/www.accuratereviews.com\/it\/wp-json\/wp\/v2\/tags?post=46015"},{"taxonomy":"features","embeddable":true,"href":"https:\/\/www.accuratereviews.com\/it\/wp-json\/wp\/v2\/features?post=46015"}],"curies":[{"name":"wp","href":"https:\/\/api.w.org\/{rel}","templated":true}]}}