{"id":46054,"date":"2021-07-27T17:50:07","date_gmt":"2021-07-27T17:50:07","guid":{"rendered":"https:\/\/www.accuratereviews.com\/?page_id=46054"},"modified":"2021-07-27T17:51:28","modified_gmt":"2021-07-27T17:51:28","slug":"overleaf-recensione","status":"publish","type":"page","link":"https:\/\/www.accuratereviews.com\/it\/editor-pdf\/overleaf-recensione\/","title":{"rendered":"Overleaf"},"content":{"rendered":"<p class=\"h3 mb-1\"><strong>Overleaf<\/strong> \u00e8 un<strong> software editor PDF<\/strong> completo, semplice da installare e configurare ed \u00e8 possibile utilizzarlo in cloud o on-premise. Si rivolge a scrittori, studenti, insegnati e aziende che creano documenti di alta qualit\u00e0 e cercano una soluzione semplice da usare e che offra numerose funzionalit\u00e0. Si occupa infatti di inserimento di immagini, bibliografie, equazioni, scrittura collaborativa, cronologia del documento, controllo della versione, commenti e molto altro ancora.<br \/>\n<strong>Overleaf<\/strong> ti offre la possibilit\u00e0 di lavorare da qualsiasi luogo offline e di sincronizzare i tuoi file tramite Dropbox e GitHub rendendo il tutto ancora pi\u00f9 semplice e intuitivo.<\/p>\n<h2>OVERLEAF &#8211; TUTORIAL<\/h2>\n<div id=\"fluid-wrapper-counter-1\" class=\"g1-fluid-wrapper \" style=\"width:686px;\">\n<div style=\"padding-bottom:56.268221574344%;\"><iframe loading=\"lazy\" title=\"An Introduction to Overleaf\" width=\"686\" height=\"386\" src=\"https:\/\/www.youtube.com\/embed\/g8Ejj0T0yG4?feature=oembed&amp;wmode=transparent&amp;autohide=1&amp;autoplay=0&amp;disablekb=0&amp;fs=1&amp;loop=0&amp;enablejsapi=1&amp;rel=0&amp;controls=2&amp;showinfo=0&amp;wmode=transparent&amp;autohide=2&amp;autoplay=0&amp;disablekb=0&amp;fs=1&amp;loop=0&amp;enablejsapi=1&amp;rel=0&amp;controls=2&amp;showinfo=1\" frameborder=\"0\" allow=\"accelerometer; autoplay; clipboard-write; encrypted-media; gyroscope; picture-in-picture\" allowfullscreen><\/iframe><\/div>\n<\/div>\n<h3>OVERLEAF &#8211; CARATTERISTICHE<\/h3>\n<ul>\n<li>Lavoro offline con un browser web<\/li>\n<li>Condivisione senza sforzo<\/li>\n<li>Anteprima automatica in tempo reale<\/li>\n<li>Possibilit\u00e0 di tracciare modifiche e commenti in tempo reale<\/li>\n<li>Modalit\u00e0 complementari Rich Text e LaTeX<\/li>\n<li>Possibilit\u00e0 di trovare rapidamente errori LaTeX<\/li>\n<li>Riduzione di scartoffie<\/li>\n<li>Gestione semplice di LaTeX<\/li>\n<li>Scrittura collaborativa<\/li>\n<li>Riduzione dei costi<\/li>\n<li>Gli studenti imparano pi\u00f9 velocemente e l&#8217;insegnamento \u00e8 pi\u00f9 semplice<\/li>\n<li>Supporto a studenti e ricercatori nelle universit\u00e0 di tutto il mondo<\/li>\n<li>Aumento della soddisfazione dell&#8217;autore e riduzione dei mal di testa editoriali<\/li>\n<\/ul>\n<h4>LE RECENSIONI DEGLI UTENTI<\/h4>\n<p><strong>Alex M. &#8220;Documenti Google pronti all&#8217;uso per LaTeX&#8221;<\/strong><br \/>\nPRO: ha molti pacchetti disponibili (buona integrazione CTAN). Ha una buona gestione dei file ausiliari, quindi puoi caricare ci\u00f2 di cui hai bisogno &#8211; .png, .pdf, .bib, .txt &#8211; e puoi memorizzarli in cartelle o comunque. La stessa modifica collaborativa del testo \u00e8 piuttosto istantanea, come Google Docs, e funziona bene. Quindi, come editor TeX, \u00e8 abbastanza decente.<br \/>\nCONTRO: -Alcuni file caricati non possono essere facilmente visualizzati (come la grafica PDF inclusa)<br \/>\n-Non c&#8217;\u00e8 tracciamento delle revisioni o rollback (sebbene esista una modalit\u00e0 di &#8220;rilevamento delle modifiche&#8221;)<br \/>\n-La visualizzazione e la navigazione nel PDF generato potrebbero non essere fluidi come alcuni vorrebbero.<\/p>\n<p><strong>Isuru D. &#8220;Il miglior editor di latex online finora&#8221;<\/strong><br \/>\nPRO: \u00e8 stato molto facile per me configurare e iniziare subito a lavorare sul retro. Fornisce una buona interfaccia e molti modelli gratuiti per le tue esigenze di documentazione in latex. L&#8217;aiuto e la guida sono eccezionali.<br \/>\nCONTRO: proprio niente. Trovo questo prodotto quasi perfetto per le mie esigenze.<\/p>\n<p><strong>Miguel A. &#8220;Editor di LaTeX perfetto&#8221;<\/strong><br \/>\nCOMMENTI: amo molto Overleaf per la sua facilit\u00e0 di scrittura nel codice, il suo cloud storage dei progetti e la sua capacit\u00e0 di condividerli.<br \/>\nPRO: mi piace che Overleaf mi offra la possibilit\u00e0 di realizzare i miei progetti LaTeX online senza la necessit\u00e0 di installare alcun software. Penso sia una buona idea che i miei progetti vengano salvati nel cloud e che se per qualche motivo il mio computer viene spento, anche l&#8217;ultima lettera che ho scritto viene salvata. Uso Overleaf dalla met\u00e0 del 2019 per fare i compiti del college. Ottimo per qualcuno che studia nell&#8217;area scientifica, specialmente qualcuno che di solito lavora con molti termini ed equazioni matematiche, Overleaf \u00e8 perfetto per la sua facilit\u00e0 di scrittura in codice, anche se commetti errori compila perfettamente il codice.<br \/>\nCONTRO: l&#8217;unico dettaglio che non mi piace di Overleaf \u00e8 che non ti permette di condividere i tuoi progetti con pi\u00f9 di una persona.<\/p>\n","protected":false},"excerpt":{"rendered":"<p>Overleaf \u00e8 un software editor PDF completo, semplice da installare e configurare ed \u00e8 possibile utilizzarlo in cloud o on-premise. Si rivolge a scrittori, studenti, insegnati e aziende che creano documenti di alta qualit\u00e0 e cercano una soluzione semplice da usare e che offra numerose funzionalit\u00e0.<\/p>\n","protected":false},"author":17,"featured_media":46055,"parent":45670,"menu_order":0,"comment_status":"open","ping_status":"closed","template":"g1_template_page_review_new.php","meta":{"_acf_changed":false,"cwp_meta_box_check":"No","cwp_rev_product_name":"","cwp_rev_product_image":"","wppr_links":[],"cwp_rev_price":"","wppr_options":[],"wppr_pros":[],"wppr_cons":[],"_monsterinsights_skip_tracking":false,"_monsterinsights_sitenote_active":false,"_monsterinsights_sitenote_note":"","_monsterinsights_sitenote_category":0,"footnotes":""},"categories":[10728],"tags":[10786,10727,10733,10731,10770,10732,3554],"features":[],"class_list":{"0":"post-46054","1":"page","2":"type-page","3":"status-publish","4":"has-post-thumbnail","6":"category-editor-pdf-cat","7":"tag-app-editor-pdf","8":"tag-editor-pdf","9":"tag-modificare-file-pdf","10":"tag-piattaforma-editor-pdf","11":"tag-pogramma-editor-pdf","12":"tag-programma-editor-pdf","13":"tag-software-convertirore-pdf"},"wppr_data":{"cwp_meta_box_check":"No"},"acf":[],"yoast_head":"<!-- This site is optimized with the Yoast SEO plugin v27.4 - https:\/\/yoast.com\/product\/yoast-seo-wordpress\/ -->\n<title>Overleaf: recensione software editor PDF - Accurate Reviews<\/title>\n<meta name=\"description\" content=\"Overleaf: recensione software editor PDF completo, semplice da installare e configurare ed \u00e8 possibile utilizzarlo in cloud o on-premise.\" \/>\n<meta name=\"robots\" content=\"index, follow, max-snippet:-1, max-image-preview:large, max-video-preview:-1\" \/>\n<link rel=\"canonical\" href=\"https:\/\/www.accuratereviews.com\/it\/editor-pdf\/overleaf-recensione\/\" \/>\n<meta property=\"og:locale\" content=\"it_IT\" \/>\n<meta property=\"og:type\" content=\"article\" \/>\n<meta property=\"og:title\" content=\"Overleaf: recensione software editor PDF - Accurate Reviews\" \/>\n<meta property=\"og:description\" content=\"Overleaf: recensione software editor PDF completo, semplice da installare e configurare ed \u00e8 possibile utilizzarlo in cloud o on-premise.\" \/>\n<meta property=\"og:url\" content=\"https:\/\/www.accuratereviews.com\/it\/editor-pdf\/overleaf-recensione\/\" \/>\n<meta property=\"og:site_name\" content=\"Accurate Reviews\" \/>\n<meta property=\"article:modified_time\" content=\"2021-07-27T17:51:28+00:00\" \/>\n<meta property=\"og:image\" content=\"https:\/\/www.accuratereviews.com\/wp-content\/uploads\/2021\/07\/overleaf_wide_colour_light_bg1280800-1024x640-1.png\" \/>\n\t<meta property=\"og:image:width\" content=\"1024\" \/>\n\t<meta property=\"og:image:height\" content=\"640\" \/>\n\t<meta property=\"og:image:type\" content=\"image\/png\" \/>\n<meta name=\"twitter:card\" content=\"summary_large_image\" \/>\n<meta name=\"twitter:label1\" content=\"Tempo di lettura stimato\" \/>\n\t<meta name=\"twitter:data1\" content=\"3 minuti\" \/>\n<script type=\"application\/ld+json\" class=\"yoast-schema-graph\">{\"@context\":\"https:\\\/\\\/schema.org\",\"@graph\":[{\"@type\":\"WebPage\",\"@id\":\"https:\\\/\\\/www.accuratereviews.com\\\/it\\\/editor-pdf\\\/overleaf-recensione\\\/\",\"url\":\"https:\\\/\\\/www.accuratereviews.com\\\/it\\\/editor-pdf\\\/overleaf-recensione\\\/\",\"name\":\"Overleaf: recensione software editor PDF - Accurate Reviews\",\"isPartOf\":{\"@id\":\"https:\\\/\\\/www.accuratereviews.com\\\/it\\\/#website\"},\"primaryImageOfPage\":{\"@id\":\"https:\\\/\\\/www.accuratereviews.com\\\/it\\\/editor-pdf\\\/overleaf-recensione\\\/#primaryimage\"},\"image\":{\"@id\":\"https:\\\/\\\/www.accuratereviews.com\\\/it\\\/editor-pdf\\\/overleaf-recensione\\\/#primaryimage\"},\"thumbnailUrl\":\"https:\\\/\\\/www.accuratereviews.com\\\/wp-content\\\/uploads\\\/2021\\\/07\\\/overleaf_wide_colour_light_bg1280800-1024x640-1.png\",\"datePublished\":\"2021-07-27T17:50:07+00:00\",\"dateModified\":\"2021-07-27T17:51:28+00:00\",\"description\":\"Overleaf: recensione software editor PDF completo, semplice da installare e configurare ed \u00e8 possibile utilizzarlo in cloud o on-premise.\",\"breadcrumb\":{\"@id\":\"https:\\\/\\\/www.accuratereviews.com\\\/it\\\/editor-pdf\\\/overleaf-recensione\\\/#breadcrumb\"},\"inLanguage\":\"it-IT\",\"potentialAction\":[{\"@type\":\"ReadAction\",\"target\":[\"https:\\\/\\\/www.accuratereviews.com\\\/it\\\/editor-pdf\\\/overleaf-recensione\\\/\"]}]},{\"@type\":\"ImageObject\",\"inLanguage\":\"it-IT\",\"@id\":\"https:\\\/\\\/www.accuratereviews.com\\\/it\\\/editor-pdf\\\/overleaf-recensione\\\/#primaryimage\",\"url\":\"https:\\\/\\\/www.accuratereviews.com\\\/wp-content\\\/uploads\\\/2021\\\/07\\\/overleaf_wide_colour_light_bg1280800-1024x640-1.png\",\"contentUrl\":\"https:\\\/\\\/www.accuratereviews.com\\\/wp-content\\\/uploads\\\/2021\\\/07\\\/overleaf_wide_colour_light_bg1280800-1024x640-1.png\",\"width\":1024,\"height\":640},{\"@type\":\"BreadcrumbList\",\"@id\":\"https:\\\/\\\/www.accuratereviews.com\\\/it\\\/editor-pdf\\\/overleaf-recensione\\\/#breadcrumb\",\"itemListElement\":[{\"@type\":\"ListItem\",\"position\":1,\"name\":\"Home\",\"item\":\"https:\\\/\\\/www.accuratereviews.com\\\/it\\\/\"},{\"@type\":\"ListItem\",\"position\":2,\"name\":\"Editor PDF\",\"item\":\"https:\\\/\\\/www.accuratereviews.com\\\/it\\\/editor-pdf\\\/\"},{\"@type\":\"ListItem\",\"position\":3,\"name\":\"Overleaf\"}]},{\"@type\":\"WebSite\",\"@id\":\"https:\\\/\\\/www.accuratereviews.com\\\/it\\\/#website\",\"url\":\"https:\\\/\\\/www.accuratereviews.com\\\/it\\\/\",\"name\":\"Accurate Reviews\",\"description\":\"\",\"potentialAction\":[{\"@type\":\"SearchAction\",\"target\":{\"@type\":\"EntryPoint\",\"urlTemplate\":\"https:\\\/\\\/www.accuratereviews.com\\\/it\\\/?s={search_term_string}\"},\"query-input\":{\"@type\":\"PropertyValueSpecification\",\"valueRequired\":true,\"valueName\":\"search_term_string\"}}],\"inLanguage\":\"it-IT\"}]}<\/script>\n<!-- \/ Yoast SEO plugin. -->","yoast_head_json":{"title":"Overleaf: recensione software editor PDF - Accurate Reviews","description":"Overleaf: recensione software editor PDF completo, semplice da installare e configurare ed \u00e8 possibile utilizzarlo in cloud o on-premise.","robots":{"index":"index","follow":"follow","max-snippet":"max-snippet:-1","max-image-preview":"max-image-preview:large","max-video-preview":"max-video-preview:-1"},"canonical":"https:\/\/www.accuratereviews.com\/it\/editor-pdf\/overleaf-recensione\/","og_locale":"it_IT","og_type":"article","og_title":"Overleaf: recensione software editor PDF - Accurate Reviews","og_description":"Overleaf: recensione software editor PDF completo, semplice da installare e configurare ed \u00e8 possibile utilizzarlo in cloud o on-premise.","og_url":"https:\/\/www.accuratereviews.com\/it\/editor-pdf\/overleaf-recensione\/","og_site_name":"Accurate Reviews","article_modified_time":"2021-07-27T17:51:28+00:00","og_image":[{"width":1024,"height":640,"url":"https:\/\/www.accuratereviews.com\/wp-content\/uploads\/2021\/07\/overleaf_wide_colour_light_bg1280800-1024x640-1.png","type":"image\/png"}],"twitter_card":"summary_large_image","twitter_misc":{"Tempo di lettura stimato":"3 minuti"},"schema":{"@context":"https:\/\/schema.org","@graph":[{"@type":"WebPage","@id":"https:\/\/www.accuratereviews.com\/it\/editor-pdf\/overleaf-recensione\/","url":"https:\/\/www.accuratereviews.com\/it\/editor-pdf\/overleaf-recensione\/","name":"Overleaf: recensione software editor PDF - Accurate Reviews","isPartOf":{"@id":"https:\/\/www.accuratereviews.com\/it\/#website"},"primaryImageOfPage":{"@id":"https:\/\/www.accuratereviews.com\/it\/editor-pdf\/overleaf-recensione\/#primaryimage"},"image":{"@id":"https:\/\/www.accuratereviews.com\/it\/editor-pdf\/overleaf-recensione\/#primaryimage"},"thumbnailUrl":"https:\/\/www.accuratereviews.com\/wp-content\/uploads\/2021\/07\/overleaf_wide_colour_light_bg1280800-1024x640-1.png","datePublished":"2021-07-27T17:50:07+00:00","dateModified":"2021-07-27T17:51:28+00:00","description":"Overleaf: recensione software editor PDF completo, semplice da installare e configurare ed \u00e8 possibile utilizzarlo in cloud o on-premise.","breadcrumb":{"@id":"https:\/\/www.accuratereviews.com\/it\/editor-pdf\/overleaf-recensione\/#breadcrumb"},"inLanguage":"it-IT","potentialAction":[{"@type":"ReadAction","target":["https:\/\/www.accuratereviews.com\/it\/editor-pdf\/overleaf-recensione\/"]}]},{"@type":"ImageObject","inLanguage":"it-IT","@id":"https:\/\/www.accuratereviews.com\/it\/editor-pdf\/overleaf-recensione\/#primaryimage","url":"https:\/\/www.accuratereviews.com\/wp-content\/uploads\/2021\/07\/overleaf_wide_colour_light_bg1280800-1024x640-1.png","contentUrl":"https:\/\/www.accuratereviews.com\/wp-content\/uploads\/2021\/07\/overleaf_wide_colour_light_bg1280800-1024x640-1.png","width":1024,"height":640},{"@type":"BreadcrumbList","@id":"https:\/\/www.accuratereviews.com\/it\/editor-pdf\/overleaf-recensione\/#breadcrumb","itemListElement":[{"@type":"ListItem","position":1,"name":"Home","item":"https:\/\/www.accuratereviews.com\/it\/"},{"@type":"ListItem","position":2,"name":"Editor PDF","item":"https:\/\/www.accuratereviews.com\/it\/editor-pdf\/"},{"@type":"ListItem","position":3,"name":"Overleaf"}]},{"@type":"WebSite","@id":"https:\/\/www.accuratereviews.com\/it\/#website","url":"https:\/\/www.accuratereviews.com\/it\/","name":"Accurate Reviews","description":"","potentialAction":[{"@type":"SearchAction","target":{"@type":"EntryPoint","urlTemplate":"https:\/\/www.accuratereviews.com\/it\/?s={search_term_string}"},"query-input":{"@type":"PropertyValueSpecification","valueRequired":true,"valueName":"search_term_string"}}],"inLanguage":"it-IT"}]}},"_links":{"self":[{"href":"https:\/\/www.accuratereviews.com\/it\/wp-json\/wp\/v2\/pages\/46054","targetHints":{"allow":["GET"]}}],"collection":[{"href":"https:\/\/www.accuratereviews.com\/it\/wp-json\/wp\/v2\/pages"}],"about":[{"href":"https:\/\/www.accuratereviews.com\/it\/wp-json\/wp\/v2\/types\/page"}],"author":[{"embeddable":true,"href":"https:\/\/www.accuratereviews.com\/it\/wp-json\/wp\/v2\/users\/17"}],"replies":[{"embeddable":true,"href":"https:\/\/www.accuratereviews.com\/it\/wp-json\/wp\/v2\/comments?post=46054"}],"version-history":[{"count":2,"href":"https:\/\/www.accuratereviews.com\/it\/wp-json\/wp\/v2\/pages\/46054\/revisions"}],"predecessor-version":[{"id":46061,"href":"https:\/\/www.accuratereviews.com\/it\/wp-json\/wp\/v2\/pages\/46054\/revisions\/46061"}],"up":[{"embeddable":true,"href":"https:\/\/www.accuratereviews.com\/it\/wp-json\/wp\/v2\/pages\/45670"}],"wp:featuredmedia":[{"embeddable":true,"href":"https:\/\/www.accuratereviews.com\/it\/wp-json\/wp\/v2\/media\/46055"}],"wp:attachment":[{"href":"https:\/\/www.accuratereviews.com\/it\/wp-json\/wp\/v2\/media?parent=46054"}],"wp:term":[{"taxonomy":"category","embeddable":true,"href":"https:\/\/www.accuratereviews.com\/it\/wp-json\/wp\/v2\/categories?post=46054"},{"taxonomy":"post_tag","embeddable":true,"href":"https:\/\/www.accuratereviews.com\/it\/wp-json\/wp\/v2\/tags?post=46054"},{"taxonomy":"features","embeddable":true,"href":"https:\/\/www.accuratereviews.com\/it\/wp-json\/wp\/v2\/features?post=46054"}],"curies":[{"name":"wp","href":"https:\/\/api.w.org\/{rel}","templated":true}]}}