{"id":46170,"date":"2021-08-02T09:27:22","date_gmt":"2021-08-02T09:27:22","guid":{"rendered":"https:\/\/www.accuratereviews.com\/?page_id=46170"},"modified":"2021-08-02T09:27:22","modified_gmt":"2021-08-02T09:27:22","slug":"cs-cart-multi-vendor-recensione","status":"publish","type":"page","link":"https:\/\/www.accuratereviews.com\/it\/gestionale-marketplace\/cs-cart-multi-vendor-recensione\/","title":{"rendered":"CS-Cart Multi-Vendor"},"content":{"rendered":"<p><strong>CS-Cart Multi-Vendor<\/strong> \u00e8 un <strong>software di mercato self-hosted<\/strong>\u00a0open source per la creazione di negozi online simili a eBay ed Etsy. Nella soluzione i venditori indipendenti mettono in mostra i loro prodotti in una vetrina condivisa e hanno i propri pannelli di amministrazione.\u00a0La vetrina di un venditore \u00e8 chiamata micro-negozio e ha filtri di prodotto specifici per il venditore, elenco di prodotti, ricerca e tutto il resto. Un amministratore del marketplace prende commissioni dai venditori, offre loro piani tariffari con condizioni diverse a seconda degli accordi.\u00a0Multi-Vendor ha oltre 80 integrazioni di metodi di pagamento e spedizione, design reattivo e ottimizzato per i dispositivi mobili, pannello di amministrazione di facile utilizzo, un comodo sistema di gestione dei contenuti, un pacchetto di strumenti di marketing, un sistema di fidelizzazione, un ottimo SEO e una funzionalit\u00e0 unica chiamato Editor di layout.<\/p>\n<h2>CS-CART MULTI-VENDOR &#8211; TUTORIAL<\/h2>\n<p>Guardiamo insieme come utilizzare l&#8217;applicazione per i dispositivi mobili di questo <strong>gestionale marketplace:<\/strong><\/p>\n<div id=\"fluid-wrapper-counter-1\" class=\"g1-fluid-wrapper \" style=\"width:686px;\">\n<div style=\"padding-bottom:56.268221574344%;\"><iframe loading=\"lazy\" title=\"Mobile Application for Multi-Vendor\" width=\"686\" height=\"386\" src=\"https:\/\/www.youtube.com\/embed\/Rsy7seSsaPs?feature=oembed&amp;wmode=transparent&amp;autohide=1&amp;autoplay=0&amp;disablekb=0&amp;fs=1&amp;loop=0&amp;enablejsapi=1&amp;rel=0&amp;controls=2&amp;showinfo=0&amp;wmode=transparent&amp;autohide=2&amp;autoplay=0&amp;disablekb=0&amp;fs=1&amp;loop=0&amp;enablejsapi=1&amp;rel=0&amp;controls=2&amp;showinfo=1\" frameborder=\"0\" allow=\"accelerometer; autoplay; clipboard-write; encrypted-media; gyroscope; picture-in-picture\" allowfullscreen><\/iframe><\/div>\n<\/div>\n<h3>CS-CART MULTI-VENDOR &#8211; CARATTERISTICHE<\/h3>\n<ul>\n<li><strong>App mobile<\/strong>: offri un modo conveniente per acquistare dal tuo negozio online. Con un&#8217;app mobile per iOS e Android, i tuoi clienti possono navigare nel tuo marketplace, aggiungere prodotti a liste dei desideri e carrelli e pagare tramite metodo di pagamento offline o PayPal Express Checkout.<\/li>\n<li><strong>Sistema avanzato di pagamento dei fornitori<\/strong>: automatizza i pagamenti ai fornitori per risparmiare il 90% del tuo tempo. La gestione dei pagamenti \u00e8 la parte pi\u00f9 significativa di ogni mercato online.<\/li>\n<li><strong>Prodotti comuni per i venditori<\/strong>: rendi il tuo catalogo bello, pulito e uniforme.<\/li>\n<li><strong>Piani fornitore configurabili:<\/strong> guadagna extra con i pagamenti mensili dei fornitori. Nella soluzione, puoi creare piani di abbonamento per fornitori con condizioni e limitazioni diverse.<\/li>\n<li><strong>Commissioni di categoria<\/strong>: attira pi\u00f9 fornitori offrendo commissioni convenienti su prodotti a basso margine.<\/li>\n<li><strong>Sistema avanzato di gestione degli ordini:<\/strong> offri ai tuoi clienti la procedura di pagamento pi\u00f9 conveniente.<\/li>\n<li>Statistiche e rapporti dettagliati: \u00e8\u00a0impossibile gestire un mercato di successo senza un&#8217;analisi approfondita basata su statistiche e report. La soluzione \u00e8 integrata con Google Analytics. Questo servizio genera statistiche dettagliate sui visitatori del tuo sito web. Ti offre informazioni dettagliate sul traffico e sull&#8217;efficacia del marketing.<\/li>\n<\/ul>\n<h4>LE RECENSIONI DEGLI UTENTI<\/h4>\n<p class=\"font-weight-bold mb-1 d-flex align-items-center\"><strong>Hannah J.&#8221;Quando dicono fuori dagli schemi&#8221;<\/strong><\/p>\n<p><strong>Commenti:\u00a0<\/strong>La facilit\u00e0 d&#8217;uso (dopo una leggera curva di apprendimento), le funzionalit\u00e0 predefinite, la licenza a vita e l&#8217;eccellente supporto clienti rendono questo valore di ogni centesimo.<\/p>\n<p><strong>Pro:\u00a0<\/strong>Cosa mi piace di pi\u00f9: licenza a vita (nessun pagamento mensile); assistenza clienti eccellente e veloce; open source (completamente personalizzabile).<\/p>\n<p><strong>Contro:\u00a0<\/strong>Un po &#8216;difficile capire l&#8217;aspetto del design. Se sei abituato a usare i blocchi per progettare, sar\u00e0 pi\u00f9 facile. Ma se non hai esperienza come me, c&#8217;era sicuramente una curva di apprendimento. Ma una volta capito, \u00e8 facile ed efficiente!<\/p>\n<p class=\"font-weight-bold mb-1 d-flex align-items-center\"><strong>Teina P.&#8221;Multi-vendor Un must per l&#8217;ecommerce&#8221;<\/strong><\/p>\n<p><strong>Pro:\u00a0<\/strong>Il software \u00e8 abbastanza completo e la funzionalit\u00e0 \u00e8 A +, molto robusta. \u00c8 flessibile, soddisfa le esigenze della nostra organizzazione senza essere eccessivamente complesso. Sembra che ci sia molta riflessione sull&#8217;UX, decisamente un leader nello spazio dell&#8217;ecommerce. Riteniamo che le ricche funzionalit\u00e0 e la facilit\u00e0 d&#8217;uso ci abbiano aiutato e, a sua volta, il nostro sito Web a crescere e ad aumentare la copertura.<\/p>\n<p><strong>Contro: <\/strong>La\u00a0dashboard potrebbe essere un po &#8216;scoraggiante, soprattutto se non sei esperto nello spazio di ecommerce come altri, ma la facilit\u00e0 d&#8217;uso complessiva supera qualsiasi preoccupazione.<\/p>\n<p class=\"font-weight-bold mb-1 d-flex align-items-center\"><strong>Francisco S.&#8221;Abbastanza soddisfatto di CS-Cart Multivendor&#8221;<\/strong><\/p>\n<p><strong>Commenti:\u00a0<\/strong>Finora sono abbastanza soddisfatto di CS-Cart Multi-vendor. Ovviamente ci sono cose che andrebbero migliorate ma nel complesso \u00e8 un software che consiglierei sicuramente a chiunque voglia iniziare la propria attivit\u00e0 in modo corretto, senza rischiare inutili soldi \/ tempo.<\/p>\n<p><strong>Pro:\u00a0<\/strong>Il team di supporto \u00e8 molto professionale, amichevole e di solito va dritto al punto. Inoltre, una tantum era qualcosa che mi ha fatto optare per questo software e non per altri. Mi piace che ascoltino le nostre esigenze e provino a fare del loro meglio per implementare soluzioni sugli aggiornamenti. La piattaforma funziona abbastanza bene ed \u00e8 reattiva.<\/p>\n<p><strong>Contro:\u00a0<\/strong>Non \u00e8 molto facile da usare e talvolta diventa piuttosto complicato. Ad esempio, se voglio aggiungere un video su un file di prodotto, devo incorporarlo con il codice in quanto non c&#8217;\u00e8 la possibilit\u00e0 di caricarlo semplicemente. I miei fornitori non ci si abituano perch\u00e9 lo trovano complicato da usare, quindi vorrei che fosse molto pi\u00f9 intuitivo. Ad esempio, una delle parti pi\u00f9 difficili da configurare \u00e8 il metodo di spedizione per ogni fornitore poich\u00e9 questo varia anche a seconda del luogo di consegna. Penso che dovrebbe essere nel complesso molto pi\u00f9 intuitivo.<\/p>\n","protected":false},"excerpt":{"rendered":"<p>CS-Cart Multi-Vendor \u00e8 un software di mercato self-hosted\u00a0open source per la creazione di negozi online simili a eBay ed Etsy. Nella soluzione i venditori indipendenti mettono in mostra i loro prodotti in una vetrina condivisa e hanno i propri pannelli di amministrazione.\u00a0<\/p>\n","protected":false},"author":16,"featured_media":46179,"parent":46169,"menu_order":0,"comment_status":"open","ping_status":"closed","template":"g1_template_page_review_new.php","meta":{"_acf_changed":false,"cwp_meta_box_check":"Yes","cwp_rev_product_name":"","cwp_rev_product_image":"","wppr_links":[],"cwp_rev_price":"","wppr_options":[],"wppr_pros":[],"wppr_cons":[],"_monsterinsights_skip_tracking":false,"_monsterinsights_sitenote_active":false,"_monsterinsights_sitenote_note":"","_monsterinsights_sitenote_category":0,"footnotes":""},"categories":[10817],"tags":[10843,10822,10838,10840,10839,10842,10841],"features":[],"class_list":{"0":"post-46170","1":"page","2":"type-page","3":"status-publish","4":"has-post-thumbnail","6":"category-gestionale-marketplace-cat","7":"tag-cs-cart-multi-vendor","8":"tag-gestione-marketplace","9":"tag-gestione-mercato-online","10":"tag-piattaforma-gestione-marketplace","11":"tag-programma-gestione-marketplace","12":"tag-software-gestione-marketplace","13":"tag-soluzione-gestione-marketplace"},"wppr_data":{"cwp_meta_box_check":"Yes","cwp_rev_product_name":"","cwp_rev_product_image":"","cwp_image_link":"image","cwp_rev_price":"","wppr_rating":"0.00"},"acf":[],"yoast_head":"<!-- This site is optimized with the Yoast SEO plugin v27.4 - https:\/\/yoast.com\/product\/yoast-seo-wordpress\/ -->\n<title>CS-Cart Multi-Vendor: recensione gestionale marketplace<\/title>\n<meta name=\"description\" content=\"CS-Cart Multi-Vendor: recensione software di mercato self-hosted\u00a0open source per la creazione di negozi online simili a eBay ed Etsy.\" \/>\n<meta name=\"robots\" content=\"index, follow, max-snippet:-1, max-image-preview:large, max-video-preview:-1\" \/>\n<link rel=\"canonical\" href=\"https:\/\/www.accuratereviews.com\/it\/gestionale-marketplace\/cs-cart-multi-vendor-recensione\/\" \/>\n<meta property=\"og:locale\" content=\"it_IT\" \/>\n<meta property=\"og:type\" content=\"article\" \/>\n<meta property=\"og:title\" content=\"CS-Cart Multi-Vendor: recensione gestionale marketplace\" \/>\n<meta property=\"og:description\" content=\"CS-Cart Multi-Vendor: recensione software di mercato self-hosted\u00a0open source per la creazione di negozi online simili a eBay ed Etsy.\" \/>\n<meta property=\"og:url\" content=\"https:\/\/www.accuratereviews.com\/it\/gestionale-marketplace\/cs-cart-multi-vendor-recensione\/\" \/>\n<meta property=\"og:site_name\" content=\"Accurate Reviews\" \/>\n<meta property=\"og:image\" content=\"https:\/\/www.accuratereviews.com\/wp-content\/uploads\/2021\/07\/CS-Cart.png\" \/>\n\t<meta property=\"og:image:width\" content=\"500\" \/>\n\t<meta property=\"og:image:height\" content=\"250\" \/>\n\t<meta property=\"og:image:type\" content=\"image\/png\" \/>\n<meta name=\"twitter:card\" content=\"summary_large_image\" \/>\n<meta name=\"twitter:label1\" content=\"Tempo di lettura stimato\" \/>\n\t<meta name=\"twitter:data1\" content=\"4 minuti\" \/>\n<script type=\"application\/ld+json\" class=\"yoast-schema-graph\">{\"@context\":\"https:\\\/\\\/schema.org\",\"@graph\":[{\"@type\":\"WebPage\",\"@id\":\"https:\\\/\\\/www.accuratereviews.com\\\/it\\\/gestionale-marketplace\\\/cs-cart-multi-vendor-recensione\\\/\",\"url\":\"https:\\\/\\\/www.accuratereviews.com\\\/it\\\/gestionale-marketplace\\\/cs-cart-multi-vendor-recensione\\\/\",\"name\":\"CS-Cart Multi-Vendor: recensione gestionale marketplace\",\"isPartOf\":{\"@id\":\"https:\\\/\\\/www.accuratereviews.com\\\/it\\\/#website\"},\"primaryImageOfPage\":{\"@id\":\"https:\\\/\\\/www.accuratereviews.com\\\/it\\\/gestionale-marketplace\\\/cs-cart-multi-vendor-recensione\\\/#primaryimage\"},\"image\":{\"@id\":\"https:\\\/\\\/www.accuratereviews.com\\\/it\\\/gestionale-marketplace\\\/cs-cart-multi-vendor-recensione\\\/#primaryimage\"},\"thumbnailUrl\":\"https:\\\/\\\/www.accuratereviews.com\\\/wp-content\\\/uploads\\\/2021\\\/07\\\/CS-Cart.png\",\"datePublished\":\"2021-08-02T09:27:22+00:00\",\"description\":\"CS-Cart Multi-Vendor: recensione software di mercato self-hosted\u00a0open source per la creazione di negozi online simili a eBay ed Etsy.\",\"breadcrumb\":{\"@id\":\"https:\\\/\\\/www.accuratereviews.com\\\/it\\\/gestionale-marketplace\\\/cs-cart-multi-vendor-recensione\\\/#breadcrumb\"},\"inLanguage\":\"it-IT\",\"potentialAction\":[{\"@type\":\"ReadAction\",\"target\":[\"https:\\\/\\\/www.accuratereviews.com\\\/it\\\/gestionale-marketplace\\\/cs-cart-multi-vendor-recensione\\\/\"]}]},{\"@type\":\"ImageObject\",\"inLanguage\":\"it-IT\",\"@id\":\"https:\\\/\\\/www.accuratereviews.com\\\/it\\\/gestionale-marketplace\\\/cs-cart-multi-vendor-recensione\\\/#primaryimage\",\"url\":\"https:\\\/\\\/www.accuratereviews.com\\\/wp-content\\\/uploads\\\/2021\\\/07\\\/CS-Cart.png\",\"contentUrl\":\"https:\\\/\\\/www.accuratereviews.com\\\/wp-content\\\/uploads\\\/2021\\\/07\\\/CS-Cart.png\",\"width\":500,\"height\":250},{\"@type\":\"BreadcrumbList\",\"@id\":\"https:\\\/\\\/www.accuratereviews.com\\\/it\\\/gestionale-marketplace\\\/cs-cart-multi-vendor-recensione\\\/#breadcrumb\",\"itemListElement\":[{\"@type\":\"ListItem\",\"position\":1,\"name\":\"Home\",\"item\":\"https:\\\/\\\/www.accuratereviews.com\\\/it\\\/\"},{\"@type\":\"ListItem\",\"position\":2,\"name\":\"Gestionale marketplace\",\"item\":\"https:\\\/\\\/www.accuratereviews.com\\\/it\\\/gestionale-marketplace\\\/\"},{\"@type\":\"ListItem\",\"position\":3,\"name\":\"CS-Cart Multi-Vendor\"}]},{\"@type\":\"WebSite\",\"@id\":\"https:\\\/\\\/www.accuratereviews.com\\\/it\\\/#website\",\"url\":\"https:\\\/\\\/www.accuratereviews.com\\\/it\\\/\",\"name\":\"Accurate Reviews\",\"description\":\"\",\"potentialAction\":[{\"@type\":\"SearchAction\",\"target\":{\"@type\":\"EntryPoint\",\"urlTemplate\":\"https:\\\/\\\/www.accuratereviews.com\\\/it\\\/?s={search_term_string}\"},\"query-input\":{\"@type\":\"PropertyValueSpecification\",\"valueRequired\":true,\"valueName\":\"search_term_string\"}}],\"inLanguage\":\"it-IT\"}]}<\/script>\n<!-- \/ Yoast SEO plugin. -->","yoast_head_json":{"title":"CS-Cart Multi-Vendor: recensione gestionale marketplace","description":"CS-Cart Multi-Vendor: recensione software di mercato self-hosted\u00a0open source per la creazione di negozi online simili a eBay ed Etsy.","robots":{"index":"index","follow":"follow","max-snippet":"max-snippet:-1","max-image-preview":"max-image-preview:large","max-video-preview":"max-video-preview:-1"},"canonical":"https:\/\/www.accuratereviews.com\/it\/gestionale-marketplace\/cs-cart-multi-vendor-recensione\/","og_locale":"it_IT","og_type":"article","og_title":"CS-Cart Multi-Vendor: recensione gestionale marketplace","og_description":"CS-Cart Multi-Vendor: recensione software di mercato self-hosted\u00a0open source per la creazione di negozi online simili a eBay ed Etsy.","og_url":"https:\/\/www.accuratereviews.com\/it\/gestionale-marketplace\/cs-cart-multi-vendor-recensione\/","og_site_name":"Accurate Reviews","og_image":[{"width":500,"height":250,"url":"https:\/\/www.accuratereviews.com\/wp-content\/uploads\/2021\/07\/CS-Cart.png","type":"image\/png"}],"twitter_card":"summary_large_image","twitter_misc":{"Tempo di lettura stimato":"4 minuti"},"schema":{"@context":"https:\/\/schema.org","@graph":[{"@type":"WebPage","@id":"https:\/\/www.accuratereviews.com\/it\/gestionale-marketplace\/cs-cart-multi-vendor-recensione\/","url":"https:\/\/www.accuratereviews.com\/it\/gestionale-marketplace\/cs-cart-multi-vendor-recensione\/","name":"CS-Cart Multi-Vendor: recensione gestionale marketplace","isPartOf":{"@id":"https:\/\/www.accuratereviews.com\/it\/#website"},"primaryImageOfPage":{"@id":"https:\/\/www.accuratereviews.com\/it\/gestionale-marketplace\/cs-cart-multi-vendor-recensione\/#primaryimage"},"image":{"@id":"https:\/\/www.accuratereviews.com\/it\/gestionale-marketplace\/cs-cart-multi-vendor-recensione\/#primaryimage"},"thumbnailUrl":"https:\/\/www.accuratereviews.com\/wp-content\/uploads\/2021\/07\/CS-Cart.png","datePublished":"2021-08-02T09:27:22+00:00","description":"CS-Cart Multi-Vendor: recensione software di mercato self-hosted\u00a0open source per la creazione di negozi online simili a eBay ed Etsy.","breadcrumb":{"@id":"https:\/\/www.accuratereviews.com\/it\/gestionale-marketplace\/cs-cart-multi-vendor-recensione\/#breadcrumb"},"inLanguage":"it-IT","potentialAction":[{"@type":"ReadAction","target":["https:\/\/www.accuratereviews.com\/it\/gestionale-marketplace\/cs-cart-multi-vendor-recensione\/"]}]},{"@type":"ImageObject","inLanguage":"it-IT","@id":"https:\/\/www.accuratereviews.com\/it\/gestionale-marketplace\/cs-cart-multi-vendor-recensione\/#primaryimage","url":"https:\/\/www.accuratereviews.com\/wp-content\/uploads\/2021\/07\/CS-Cart.png","contentUrl":"https:\/\/www.accuratereviews.com\/wp-content\/uploads\/2021\/07\/CS-Cart.png","width":500,"height":250},{"@type":"BreadcrumbList","@id":"https:\/\/www.accuratereviews.com\/it\/gestionale-marketplace\/cs-cart-multi-vendor-recensione\/#breadcrumb","itemListElement":[{"@type":"ListItem","position":1,"name":"Home","item":"https:\/\/www.accuratereviews.com\/it\/"},{"@type":"ListItem","position":2,"name":"Gestionale marketplace","item":"https:\/\/www.accuratereviews.com\/it\/gestionale-marketplace\/"},{"@type":"ListItem","position":3,"name":"CS-Cart Multi-Vendor"}]},{"@type":"WebSite","@id":"https:\/\/www.accuratereviews.com\/it\/#website","url":"https:\/\/www.accuratereviews.com\/it\/","name":"Accurate Reviews","description":"","potentialAction":[{"@type":"SearchAction","target":{"@type":"EntryPoint","urlTemplate":"https:\/\/www.accuratereviews.com\/it\/?s={search_term_string}"},"query-input":{"@type":"PropertyValueSpecification","valueRequired":true,"valueName":"search_term_string"}}],"inLanguage":"it-IT"}]}},"_links":{"self":[{"href":"https:\/\/www.accuratereviews.com\/it\/wp-json\/wp\/v2\/pages\/46170","targetHints":{"allow":["GET"]}}],"collection":[{"href":"https:\/\/www.accuratereviews.com\/it\/wp-json\/wp\/v2\/pages"}],"about":[{"href":"https:\/\/www.accuratereviews.com\/it\/wp-json\/wp\/v2\/types\/page"}],"author":[{"embeddable":true,"href":"https:\/\/www.accuratereviews.com\/it\/wp-json\/wp\/v2\/users\/16"}],"replies":[{"embeddable":true,"href":"https:\/\/www.accuratereviews.com\/it\/wp-json\/wp\/v2\/comments?post=46170"}],"version-history":[{"count":12,"href":"https:\/\/www.accuratereviews.com\/it\/wp-json\/wp\/v2\/pages\/46170\/revisions"}],"predecessor-version":[{"id":46235,"href":"https:\/\/www.accuratereviews.com\/it\/wp-json\/wp\/v2\/pages\/46170\/revisions\/46235"}],"up":[{"embeddable":true,"href":"https:\/\/www.accuratereviews.com\/it\/wp-json\/wp\/v2\/pages\/46169"}],"wp:featuredmedia":[{"embeddable":true,"href":"https:\/\/www.accuratereviews.com\/it\/wp-json\/wp\/v2\/media\/46179"}],"wp:attachment":[{"href":"https:\/\/www.accuratereviews.com\/it\/wp-json\/wp\/v2\/media?parent=46170"}],"wp:term":[{"taxonomy":"category","embeddable":true,"href":"https:\/\/www.accuratereviews.com\/it\/wp-json\/wp\/v2\/categories?post=46170"},{"taxonomy":"post_tag","embeddable":true,"href":"https:\/\/www.accuratereviews.com\/it\/wp-json\/wp\/v2\/tags?post=46170"},{"taxonomy":"features","embeddable":true,"href":"https:\/\/www.accuratereviews.com\/it\/wp-json\/wp\/v2\/features?post=46170"}],"curies":[{"name":"wp","href":"https:\/\/api.w.org\/{rel}","templated":true}]}}