{"id":46172,"date":"2021-08-02T09:33:40","date_gmt":"2021-08-02T09:33:40","guid":{"rendered":"https:\/\/www.accuratereviews.com\/?page_id=46172"},"modified":"2021-08-02T09:49:38","modified_gmt":"2021-08-02T09:49:38","slug":"auction-software-recensione","status":"publish","type":"page","link":"https:\/\/www.accuratereviews.com\/it\/gestionale-marketplace\/auction-software-recensione\/","title":{"rendered":"Auction Software"},"content":{"rendered":"<p><strong>Auction Software<\/strong> \u00e8 uno <strong>strumento di acquisto e vendita online<\/strong> e una piattaforma di aste progettata per i principianti e professionisti. Accessibile tramite il web e le sue app mobili, la soluzione aiuta gli utenti a configurare il proprio mercato online fornendo funzionalit\u00e0 create per diversi tipi di aste che sono asta inversa, a termine, al centesimo e azione silenziosa. Il software mira a far crescere le aziende collegando clienti, liberi professionisti, venditori, fornitori di servizi, offerenti, venditori e acquirenti. Offre molte funzionalit\u00e0 che includono la possibilit\u00e0 per gli utenti di creare un negozio che pu\u00f2 essere integrato con il proprio mercato con promemoria automatici dell&#8217;acquirente e funzionalit\u00e0 di galleria fotografica in atto, gestione dei progetti per clienti e liberi professionisti.<\/p>\n<h2>AUCTION SOFTWARE &#8211; TUTORIAL<\/h2>\n<p>Ecco un breve video in cui illustra i benefici di usare questo <strong>gestionale marketplace<\/strong>:<\/p>\n<div id=\"fluid-wrapper-counter-1\" class=\"g1-fluid-wrapper \" style=\"width:686px;\">\n<div style=\"padding-bottom:56.268221574344%;\"><iframe loading=\"lazy\" title=\"AuctionSoftware.com Reverse Auction\" width=\"686\" height=\"386\" src=\"https:\/\/www.youtube.com\/embed\/RWfbwiDU-0c?feature=oembed&amp;wmode=transparent&amp;autohide=1&amp;autoplay=0&amp;disablekb=0&amp;fs=1&amp;loop=0&amp;enablejsapi=1&amp;rel=0&amp;controls=2&amp;showinfo=0&amp;wmode=transparent&amp;autohide=2&amp;autoplay=0&amp;disablekb=0&amp;fs=1&amp;loop=0&amp;enablejsapi=1&amp;rel=0&amp;controls=2&amp;showinfo=1\" frameborder=\"0\" allow=\"accelerometer; autoplay; clipboard-write; encrypted-media; gyroscope; picture-in-picture\" allowfullscreen><\/iframe><\/div>\n<\/div>\n<h3>AUCTION SOFTWARE &#8211; CARATTERISTICHE<\/h3>\n<ul>\n<li>Aiuta gli acquirenti e i venditori di media a negoziare in modo pi\u00f9 efficace con una sana concorrenza tra le agenzie per quanto riguarda i servizi di cui l&#8217;inserzionista ha bisogno.<\/li>\n<li>Semplifica il processo di valutazione della RFP e snellisce le negoziazioni tra acquirenti e venditori di media<\/li>\n<li>Utilizza l&#8217;intelligenza artificiale integrata per scegliere il vincitore tra le offerte presentate con valutazione del progetto in base ai diversi parametri (Prezzo, Performance passata, Composizione del pubblico, Copertura del pubblico, Servizio clienti, ecc&#8230;) che rende questa piattaforma diversa dalle altre piattaforme di aste inverse .<\/li>\n<li>Fornisce modelli di offerta flessibili: offerta su base unit\u00e0 totale o costo totale e base costo multiplo tra cui scegliere: costo totale, CPM, CPC, CPA, CPVV, CPE, ecc.<\/li>\n<li>L&#8217;inserzionista avr\u00e0 il pieno controllo sulla decisione finale e la trasparenza nelle valutazioni dei clienti.<\/li>\n<li>Capacit\u00e0 di gestire la fatturazione all&#8217;interno dell&#8217;applicazione<\/li>\n<li>Genera pi\u00f9 preventivi per pi\u00f9 progetti da un&#8217;unica interfaccia<\/li>\n<li>Un posto per controllare le offerte e scegliere la soluzione migliore per le loro esigenze e progetti<\/li>\n<li>Conversione pi\u00f9 rapida delle quotazioni aperte esistenti in contratti<\/li>\n<\/ul>\n<h4>LE RECENSIONI DEGLI UTENTI<\/h4>\n<p class=\"font-weight-bold mb-1 d-flex align-items-center\"><strong>Henson B.&#8221;Buona leadership e forte team di sviluppo&#8221;<\/strong><\/p>\n<p><strong>Commenti:\u00a0<\/strong>Nel complesso buono, ma sarebbe fantastico senza le scadenze mancate e le stime dei costi bassi. Hai bisogno di pi\u00f9 comunicazione da parte del team di sviluppo a tal fine.<\/p>\n<p><strong>Pro:\u00a0<\/strong>Il team di sviluppo \u00e8 stato in grado di eseguire la mia visione e mantenere lo sviluppo iniziale entro il budget. Mantieni sempre una buona comunicazione con lo staff.<\/p>\n<p><strong>Contro:\u00a0<\/strong>Le scadenze slittano e in un paio di occasioni le stime dei costi si sono rivelate molto lontane.<\/p>\n<p class=\"font-weight-bold mb-1 d-flex align-items-center\"><strong>Dan C.&#8221;Il software per le aste al ribasso funziona bene&#8221;<\/strong><\/p>\n<p><strong>Commenti:\u00a0<\/strong>Grande squadra, lavora sodo per capire le nostre specifiche. Anche persone molto simpatiche.<\/p>\n<p><strong>Pro:\u00a0<\/strong>Sia il front che il back-end si sincronizzano bene. La sezione di amministrazione \u00e8 facile da usare.<\/p>\n<p><strong>Contro:\u00a0<\/strong>L&#8217;integrazione nell&#8217;elaborazione dei pagamenti \u00e8 difficile da configurare e testare. Ma si tratta di terze parti, di solito un problema con la maggior parte dei progetti.<\/p>\n<p class=\"font-weight-bold mb-1 d-flex align-items-center\"><strong>Nick C.<span style=\"font-size: 16px;\">&#8220;Buon prodotto base. La personalizzazione potrebbe essere migliore&#8221;<\/span><\/strong><\/p>\n<div class=\"i18n-translation_container review-card pt-4 py-3 py-md-5 border-bottom border-primary i18n-translation_translated\" data-translation-id=\"2323550\" data-translation-target=\"original\" data-container-view=\"ca-review\">\n<div class=\"container\">\n<div class=\"row\">\n<div class=\"col-lg-6 pl-lg-5\">\n<p><strong>Commenti:\u00a0<\/strong>Il team statunitense \u00e8 stato professionale e reattivo. Anche il team indiano \u00e8 stato piacevole, ma nel complesso non mi sembrava di lavorare con i migliori designer e sviluppatori che potessero fornire un valore aggiunto al processo. Hanno cercato di ottenere (e per lo pi\u00f9 sono riusciti) a fornire ci\u00f2 che \u00e8 stato richiesto, ma ci sono voluti molto avanti e indietro per arrivarci, piuttosto che avere una solida conoscenza delle migliori pratiche per il mio settore e fornire funzioni e design di base richiesta.<\/p>\n<p><strong>Pro:\u00a0<\/strong>Mi piacciono le caratteristiche di base e il fatto che possa essere personalizzato per usi pi\u00f9 specifici<\/p>\n<p><strong>Contro:\u00a0<\/strong>I miei problemi riguardavano pi\u00f9 la facilit\u00e0 di lavorare con il team off-shore e la loro competenza con il design UX\/UI e l&#8217;attenzione ai minimi dettagli. Anche il sistema utilizzato per la registrazione e l&#8217;aggiornamento del completamento delle attivit\u00e0 non \u00e8 stato facile per me, in quanto fondatore non tecnico che lavorava direttamente con i project manager dell&#8217;azienda. Forse se avessi avuto un project manager che lavorava con loro, sarebbe stato pi\u00f9 facile tenere traccia degli aggiornamenti completati e far avanzare il progetto pi\u00f9 velocemente.<\/p>\n<\/div>\n<\/div>\n<\/div>\n<\/div>\n","protected":false},"excerpt":{"rendered":"<p>Auction Software \u00e8 uno strumento di acquisto e vendita online e una piattaforma di aste progettata per i principianti e professionisti. Accessibile tramite il web e le sue app mobili, la soluzione aiuta gli utenti a configurare il proprio mercato online fornendo funzionalit\u00e0 create per diversi tipi di aste che sono asta inversa, a termine, al centesimo e azione silenziosa.<\/p>\n","protected":false},"author":16,"featured_media":46173,"parent":46169,"menu_order":0,"comment_status":"open","ping_status":"closed","template":"g1_template_page_review_new.php","meta":{"_acf_changed":false,"cwp_meta_box_check":"Yes","cwp_rev_product_name":"","cwp_rev_product_image":"","wppr_links":[],"cwp_rev_price":"","wppr_options":[],"wppr_pros":[],"wppr_cons":[],"_monsterinsights_skip_tracking":false,"_monsterinsights_sitenote_active":false,"_monsterinsights_sitenote_note":"","_monsterinsights_sitenote_category":0,"footnotes":""},"categories":[10817],"tags":[10844,10822,10838,10840,10839,10842,10841],"features":[],"class_list":{"0":"post-46172","1":"page","2":"type-page","3":"status-publish","4":"has-post-thumbnail","6":"category-gestionale-marketplace-cat","7":"tag-auction-software","8":"tag-gestione-marketplace","9":"tag-gestione-mercato-online","10":"tag-piattaforma-gestione-marketplace","11":"tag-programma-gestione-marketplace","12":"tag-software-gestione-marketplace","13":"tag-soluzione-gestione-marketplace"},"wppr_data":{"cwp_meta_box_check":"Yes","cwp_rev_product_name":"","cwp_rev_product_image":"","cwp_image_link":"image","cwp_rev_price":"","wppr_rating":"0.00"},"acf":[],"yoast_head":"<!-- This site is optimized with the Yoast SEO plugin v27.4 - https:\/\/yoast.com\/product\/yoast-seo-wordpress\/ -->\n<title>Auction Software: recensione gestionale marketplace - Accurate Reviews<\/title>\n<meta name=\"description\" content=\"Auction Software: recensione strumento di acquisto e vendita online e una piattaforma di aste progettata per i principianti e professionisti.\" \/>\n<meta name=\"robots\" content=\"index, follow, max-snippet:-1, max-image-preview:large, max-video-preview:-1\" \/>\n<link rel=\"canonical\" href=\"https:\/\/www.accuratereviews.com\/it\/gestionale-marketplace\/auction-software-recensione\/\" \/>\n<meta property=\"og:locale\" content=\"it_IT\" \/>\n<meta property=\"og:type\" content=\"article\" \/>\n<meta property=\"og:title\" content=\"Auction Software: recensione gestionale marketplace - Accurate Reviews\" \/>\n<meta property=\"og:description\" content=\"Auction Software: recensione strumento di acquisto e vendita online e una piattaforma di aste progettata per i principianti e professionisti.\" \/>\n<meta property=\"og:url\" content=\"https:\/\/www.accuratereviews.com\/it\/gestionale-marketplace\/auction-software-recensione\/\" \/>\n<meta property=\"og:site_name\" content=\"Accurate Reviews\" \/>\n<meta property=\"article:modified_time\" content=\"2021-08-02T09:49:38+00:00\" \/>\n<meta property=\"og:image\" content=\"https:\/\/www.accuratereviews.com\/wp-content\/uploads\/2021\/07\/aabbfc2757a82c4aa4329b7d9d41ef36.jpeg\" \/>\n\t<meta property=\"og:image:width\" content=\"400\" \/>\n\t<meta property=\"og:image:height\" content=\"400\" \/>\n\t<meta property=\"og:image:type\" content=\"image\/jpeg\" \/>\n<meta name=\"twitter:card\" content=\"summary_large_image\" \/>\n<meta name=\"twitter:label1\" content=\"Tempo di lettura stimato\" \/>\n\t<meta name=\"twitter:data1\" content=\"3 minuti\" \/>\n<script type=\"application\/ld+json\" class=\"yoast-schema-graph\">{\"@context\":\"https:\\\/\\\/schema.org\",\"@graph\":[{\"@type\":\"WebPage\",\"@id\":\"https:\\\/\\\/www.accuratereviews.com\\\/it\\\/gestionale-marketplace\\\/auction-software-recensione\\\/\",\"url\":\"https:\\\/\\\/www.accuratereviews.com\\\/it\\\/gestionale-marketplace\\\/auction-software-recensione\\\/\",\"name\":\"Auction Software: recensione gestionale marketplace - Accurate Reviews\",\"isPartOf\":{\"@id\":\"https:\\\/\\\/www.accuratereviews.com\\\/it\\\/#website\"},\"primaryImageOfPage\":{\"@id\":\"https:\\\/\\\/www.accuratereviews.com\\\/it\\\/gestionale-marketplace\\\/auction-software-recensione\\\/#primaryimage\"},\"image\":{\"@id\":\"https:\\\/\\\/www.accuratereviews.com\\\/it\\\/gestionale-marketplace\\\/auction-software-recensione\\\/#primaryimage\"},\"thumbnailUrl\":\"https:\\\/\\\/www.accuratereviews.com\\\/wp-content\\\/uploads\\\/2021\\\/07\\\/aabbfc2757a82c4aa4329b7d9d41ef36.jpeg\",\"datePublished\":\"2021-08-02T09:33:40+00:00\",\"dateModified\":\"2021-08-02T09:49:38+00:00\",\"description\":\"Auction Software: recensione strumento di acquisto e vendita online e una piattaforma di aste progettata per i principianti e professionisti.\",\"breadcrumb\":{\"@id\":\"https:\\\/\\\/www.accuratereviews.com\\\/it\\\/gestionale-marketplace\\\/auction-software-recensione\\\/#breadcrumb\"},\"inLanguage\":\"it-IT\",\"potentialAction\":[{\"@type\":\"ReadAction\",\"target\":[\"https:\\\/\\\/www.accuratereviews.com\\\/it\\\/gestionale-marketplace\\\/auction-software-recensione\\\/\"]}]},{\"@type\":\"ImageObject\",\"inLanguage\":\"it-IT\",\"@id\":\"https:\\\/\\\/www.accuratereviews.com\\\/it\\\/gestionale-marketplace\\\/auction-software-recensione\\\/#primaryimage\",\"url\":\"https:\\\/\\\/www.accuratereviews.com\\\/wp-content\\\/uploads\\\/2021\\\/07\\\/aabbfc2757a82c4aa4329b7d9d41ef36.jpeg\",\"contentUrl\":\"https:\\\/\\\/www.accuratereviews.com\\\/wp-content\\\/uploads\\\/2021\\\/07\\\/aabbfc2757a82c4aa4329b7d9d41ef36.jpeg\",\"width\":400,\"height\":400},{\"@type\":\"BreadcrumbList\",\"@id\":\"https:\\\/\\\/www.accuratereviews.com\\\/it\\\/gestionale-marketplace\\\/auction-software-recensione\\\/#breadcrumb\",\"itemListElement\":[{\"@type\":\"ListItem\",\"position\":1,\"name\":\"Home\",\"item\":\"https:\\\/\\\/www.accuratereviews.com\\\/it\\\/\"},{\"@type\":\"ListItem\",\"position\":2,\"name\":\"Gestionale marketplace\",\"item\":\"https:\\\/\\\/www.accuratereviews.com\\\/it\\\/gestionale-marketplace\\\/\"},{\"@type\":\"ListItem\",\"position\":3,\"name\":\"Auction Software\"}]},{\"@type\":\"WebSite\",\"@id\":\"https:\\\/\\\/www.accuratereviews.com\\\/it\\\/#website\",\"url\":\"https:\\\/\\\/www.accuratereviews.com\\\/it\\\/\",\"name\":\"Accurate Reviews\",\"description\":\"\",\"potentialAction\":[{\"@type\":\"SearchAction\",\"target\":{\"@type\":\"EntryPoint\",\"urlTemplate\":\"https:\\\/\\\/www.accuratereviews.com\\\/it\\\/?s={search_term_string}\"},\"query-input\":{\"@type\":\"PropertyValueSpecification\",\"valueRequired\":true,\"valueName\":\"search_term_string\"}}],\"inLanguage\":\"it-IT\"}]}<\/script>\n<!-- \/ Yoast SEO plugin. -->","yoast_head_json":{"title":"Auction Software: recensione gestionale marketplace - Accurate Reviews","description":"Auction Software: recensione strumento di acquisto e vendita online e una piattaforma di aste progettata per i principianti e professionisti.","robots":{"index":"index","follow":"follow","max-snippet":"max-snippet:-1","max-image-preview":"max-image-preview:large","max-video-preview":"max-video-preview:-1"},"canonical":"https:\/\/www.accuratereviews.com\/it\/gestionale-marketplace\/auction-software-recensione\/","og_locale":"it_IT","og_type":"article","og_title":"Auction Software: recensione gestionale marketplace - Accurate Reviews","og_description":"Auction Software: recensione strumento di acquisto e vendita online e una piattaforma di aste progettata per i principianti e professionisti.","og_url":"https:\/\/www.accuratereviews.com\/it\/gestionale-marketplace\/auction-software-recensione\/","og_site_name":"Accurate Reviews","article_modified_time":"2021-08-02T09:49:38+00:00","og_image":[{"width":400,"height":400,"url":"https:\/\/www.accuratereviews.com\/wp-content\/uploads\/2021\/07\/aabbfc2757a82c4aa4329b7d9d41ef36.jpeg","type":"image\/jpeg"}],"twitter_card":"summary_large_image","twitter_misc":{"Tempo di lettura stimato":"3 minuti"},"schema":{"@context":"https:\/\/schema.org","@graph":[{"@type":"WebPage","@id":"https:\/\/www.accuratereviews.com\/it\/gestionale-marketplace\/auction-software-recensione\/","url":"https:\/\/www.accuratereviews.com\/it\/gestionale-marketplace\/auction-software-recensione\/","name":"Auction Software: recensione gestionale marketplace - Accurate Reviews","isPartOf":{"@id":"https:\/\/www.accuratereviews.com\/it\/#website"},"primaryImageOfPage":{"@id":"https:\/\/www.accuratereviews.com\/it\/gestionale-marketplace\/auction-software-recensione\/#primaryimage"},"image":{"@id":"https:\/\/www.accuratereviews.com\/it\/gestionale-marketplace\/auction-software-recensione\/#primaryimage"},"thumbnailUrl":"https:\/\/www.accuratereviews.com\/wp-content\/uploads\/2021\/07\/aabbfc2757a82c4aa4329b7d9d41ef36.jpeg","datePublished":"2021-08-02T09:33:40+00:00","dateModified":"2021-08-02T09:49:38+00:00","description":"Auction Software: recensione strumento di acquisto e vendita online e una piattaforma di aste progettata per i principianti e professionisti.","breadcrumb":{"@id":"https:\/\/www.accuratereviews.com\/it\/gestionale-marketplace\/auction-software-recensione\/#breadcrumb"},"inLanguage":"it-IT","potentialAction":[{"@type":"ReadAction","target":["https:\/\/www.accuratereviews.com\/it\/gestionale-marketplace\/auction-software-recensione\/"]}]},{"@type":"ImageObject","inLanguage":"it-IT","@id":"https:\/\/www.accuratereviews.com\/it\/gestionale-marketplace\/auction-software-recensione\/#primaryimage","url":"https:\/\/www.accuratereviews.com\/wp-content\/uploads\/2021\/07\/aabbfc2757a82c4aa4329b7d9d41ef36.jpeg","contentUrl":"https:\/\/www.accuratereviews.com\/wp-content\/uploads\/2021\/07\/aabbfc2757a82c4aa4329b7d9d41ef36.jpeg","width":400,"height":400},{"@type":"BreadcrumbList","@id":"https:\/\/www.accuratereviews.com\/it\/gestionale-marketplace\/auction-software-recensione\/#breadcrumb","itemListElement":[{"@type":"ListItem","position":1,"name":"Home","item":"https:\/\/www.accuratereviews.com\/it\/"},{"@type":"ListItem","position":2,"name":"Gestionale marketplace","item":"https:\/\/www.accuratereviews.com\/it\/gestionale-marketplace\/"},{"@type":"ListItem","position":3,"name":"Auction Software"}]},{"@type":"WebSite","@id":"https:\/\/www.accuratereviews.com\/it\/#website","url":"https:\/\/www.accuratereviews.com\/it\/","name":"Accurate Reviews","description":"","potentialAction":[{"@type":"SearchAction","target":{"@type":"EntryPoint","urlTemplate":"https:\/\/www.accuratereviews.com\/it\/?s={search_term_string}"},"query-input":{"@type":"PropertyValueSpecification","valueRequired":true,"valueName":"search_term_string"}}],"inLanguage":"it-IT"}]}},"_links":{"self":[{"href":"https:\/\/www.accuratereviews.com\/it\/wp-json\/wp\/v2\/pages\/46172","targetHints":{"allow":["GET"]}}],"collection":[{"href":"https:\/\/www.accuratereviews.com\/it\/wp-json\/wp\/v2\/pages"}],"about":[{"href":"https:\/\/www.accuratereviews.com\/it\/wp-json\/wp\/v2\/types\/page"}],"author":[{"embeddable":true,"href":"https:\/\/www.accuratereviews.com\/it\/wp-json\/wp\/v2\/users\/16"}],"replies":[{"embeddable":true,"href":"https:\/\/www.accuratereviews.com\/it\/wp-json\/wp\/v2\/comments?post=46172"}],"version-history":[{"count":9,"href":"https:\/\/www.accuratereviews.com\/it\/wp-json\/wp\/v2\/pages\/46172\/revisions"}],"predecessor-version":[{"id":46276,"href":"https:\/\/www.accuratereviews.com\/it\/wp-json\/wp\/v2\/pages\/46172\/revisions\/46276"}],"up":[{"embeddable":true,"href":"https:\/\/www.accuratereviews.com\/it\/wp-json\/wp\/v2\/pages\/46169"}],"wp:featuredmedia":[{"embeddable":true,"href":"https:\/\/www.accuratereviews.com\/it\/wp-json\/wp\/v2\/media\/46173"}],"wp:attachment":[{"href":"https:\/\/www.accuratereviews.com\/it\/wp-json\/wp\/v2\/media?parent=46172"}],"wp:term":[{"taxonomy":"category","embeddable":true,"href":"https:\/\/www.accuratereviews.com\/it\/wp-json\/wp\/v2\/categories?post=46172"},{"taxonomy":"post_tag","embeddable":true,"href":"https:\/\/www.accuratereviews.com\/it\/wp-json\/wp\/v2\/tags?post=46172"},{"taxonomy":"features","embeddable":true,"href":"https:\/\/www.accuratereviews.com\/it\/wp-json\/wp\/v2\/features?post=46172"}],"curies":[{"name":"wp","href":"https:\/\/api.w.org\/{rel}","templated":true}]}}