{"id":46237,"date":"2021-08-03T03:47:39","date_gmt":"2021-08-03T03:47:39","guid":{"rendered":"https:\/\/www.accuratereviews.com\/?page_id=46237"},"modified":"2021-08-03T03:47:39","modified_gmt":"2021-08-03T03:47:39","slug":"sharetribe-recensione","status":"publish","type":"page","link":"https:\/\/www.accuratereviews.com\/it\/gestionale-marketplace\/sharetribe-recensione\/","title":{"rendered":"Sharetribe"},"content":{"rendered":"<p><strong>Sharetribe<\/strong> \u00e8 una piattaforma basata su <strong>cloud<\/strong> per piccole e medie imprese, che aiuta le aziende a <strong>creare e gestire mercati online<\/strong> personalizzati. Consente agli utenti di elencare vari beni o servizi e ottenere entrate tramite commissioni su ogni transazione. Il software fornisce il portale dei fornitori, che permette ai fornitori di creare nuovi elenchi sul proprio mercato e personalizzare le informazioni sui prodotti, i prezzi, le immagini e altro su base giornaliera, settimanale o oraria.\u00a0Le caratteristiche principali di <strong>Sharetribe<\/strong> includono la gestione del catalogo, la categorizzazione, l&#8217;amministrazione delle commissioni, gli elenchi di pi\u00f9 fornitori, l&#8217;elaborazione dei pagamenti e la gestione delle valutazioni\/recensioni. Inoltre, consente alle aziende di semplificare la navigazione per i clienti aggiungendo filtri, categorie e sottocategorie nel pannello di ricerca.<\/p>\n<h2>SHARETRIBE &#8211; TUTORIAL<\/h2>\n<p>Ecco un tutorial che ti permette di creare un <strong>marketplace online<\/strong> in meno di 60 minuti:<\/p>\n<div id=\"fluid-wrapper-counter-1\" class=\"g1-fluid-wrapper \" style=\"width:686px;\">\n<div style=\"padding-bottom:56.268221574344%;\"><iframe loading=\"lazy\" title=\"How to Create an Online Marketplace with Sharetribe\" width=\"686\" height=\"386\" src=\"https:\/\/www.youtube.com\/embed\/bsHAy89Cd8c?feature=oembed&amp;wmode=transparent&amp;autohide=1&amp;autoplay=0&amp;disablekb=0&amp;fs=1&amp;loop=0&amp;enablejsapi=1&amp;rel=0&amp;controls=2&amp;showinfo=0&amp;wmode=transparent&amp;autohide=2&amp;autoplay=0&amp;disablekb=0&amp;fs=1&amp;loop=0&amp;enablejsapi=1&amp;rel=0&amp;controls=2&amp;showinfo=1\" frameborder=\"0\" allow=\"accelerometer; autoplay; clipboard-write; encrypted-media; gyroscope; picture-in-picture\" allowfullscreen><\/iframe><\/div>\n<\/div>\n<h3>SHARETRIBE &#8211; CARATTERISTICHE<\/h3>\n<ul>\n<li><strong>Profili e annunci:<\/strong> ogni utente sul tuo marketplace ha una pagina del profilo, completa di biografia, elenchi e recensioni. Creare inserzioni accattivanti \u00e8 facile: gli utenti possono aggiungere prezzi, descrizione, posizione e pi\u00f9 foto<\/li>\n<li><strong>Disponibilit\u00e0 e prenotazioni<\/strong>: i fornitori possono specificare la disponibilit\u00e0 dell&#8217;annuncio di giorno o di notte. I clienti possono visualizzare la disponibilit\u00e0 di un annuncio sul calendario. Il sistema di prenotazione previene le doppie prenotazioni e garantisce che gli utenti siano felici di effettuare transazioni sul tuo marketplace<\/li>\n<li><strong>Motore di ricerca e filtri<\/strong>: un&#8217;ottima esperienza di ricerca \u00e8 un must per qualsiasi marketplace. Gli strumenti avanzati di filtraggio e categorizzazione \u00a0consentono ai clienti di cercare il loro annuncio ideale in base a posizione, prezzo, parola chiave o qualsiasi altra categoria impostata<\/li>\n<li><strong>Pagamenti e commissioni<\/strong>: accetta pagamenti da oltre 200 paesi e in oltre 25 valute con il sistema di pagamento integrato. Fai sentire i tuoi utenti al sicuro pagando i venditori solo dopo che la prenotazione \u00e8 stata completata. Guadagna automaticamente la tua commissione da ogni transazione<\/li>\n<li><strong>Recensioni e interazione<\/strong>: sei tu a controllare il modo in cui comunicano i tuoi utenti. Lascia che si scambino messaggi in qualsiasi fase della transazione o blocca completamente i messaggi diretti. Chiedi ai tuoi utenti di esaminarsi a vicenda dopo una transazione per creare fiducia all&#8217;interno della tua community di marketplace<\/li>\n<li><strong>Molteplici opzioni di iscrizione<\/strong>: consenti ai tuoi utenti di iscriversi al tuo marketplace il pi\u00f9 rapidamente possibile con i loro account Facebook, LinkedIn o Google. Oppure utilizza un modulo di registrazione e raccogli informazioni personalizzate sui tuoi utenti. Conforme al GDPR<\/li>\n<li><strong>Pieno controllo ad ogni turno<\/strong>: monitora e modera con gli strumenti di amministrazione<\/li>\n<li><strong>Controlla l&#8217;accesso<\/strong>: abilita la registrazione solo su invito o concedi l&#8217;accesso a chiunque. Scegli chi pu\u00f2 e chi non pu\u00f2 pubblicare nuovi annunci. Escludi gli utenti se agiscono contro i tuoi termini. Condividi il lavoro e concedi l&#8217;accesso come amministratore ai membri del tuo team.<\/li>\n<\/ul>\n<h4>LE RECENSIONI DEGLI UTENTI<\/h4>\n<p class=\"font-weight-bold mb-1 d-flex align-items-center\"><strong>Anthony M.&#8221;Un ottimo prodotto con un buon team di assistenza clienti.&#8221;<\/strong><\/p>\n<p><strong>Pro:\u00a0<\/strong>Sebbene il software stesso sia un&#8217;incredibile soluzione chiavi in mano, il vero punto forte \u00e8 stato il team del servizio clienti. Durante la navigazione nel sito, mi sono trovato sulla pagina di Sharetribe Careers e ho letto una citazione su come il team del servizio clienti viene costantemente elogiato e non potrei essere pi\u00f9 d&#8217;accordo. Onestamente, sono stati fantastici in ogni fase del processo. Grazie a tutto il team per avermi aiutato, aver lavorato con me e avermi permesso di rischiare con la mia attivit\u00e0.<\/p>\n<p><strong>Contro:\u00a0<\/strong>La mancanza di un carrello di spedizione per i singoli fornitori si \u00e8 rivelata problematica quando si trattava di vendita di merci particolari.<\/p>\n<p class=\"font-weight-bold mb-1 d-flex align-items-center\"><strong>Rashid A.<span style=\"font-size: 16px;\">&#8220;Decidere di utilizzare Sharetribe per il mio marketplace \u00e8 stata la decisione migliore in assoluto.&#8221;<\/span><\/strong><\/p>\n<div class=\"i18n-translation_container review-card pt-4 py-3 py-md-5 border-bottom border-primary i18n-translation_translated\" data-translation-id=\"2482118\" data-translation-target=\"original\" data-container-view=\"ca-review\">\n<div class=\"container\">\n<div class=\"row\">\n<div class=\"col-lg-6 pl-lg-5\">\n<p><strong>Commenti:\u00a0<\/strong>Sorprendente. Top. \u00c8 sicuramente il migliore in circolazione.<\/p>\n<p><strong>Pro:\u00a0<\/strong>Sono una persona che voleva progettare ogni piccola caratteristica dell&#8217;esperienza dell&#8217;utente per la vendita dei miei prodotti, prima di eseguire qualsiasi codifica. Con Sharetribe Flex, le possibilit\u00e0 sono infinite e il loro sistema di supporto \u00e8 semplicemente fantastico.<\/p>\n<p><strong>Contro:\u00a0<\/strong>All&#8217;inizio ho avuto dei problemi ad assumere le persone giuste per il lavoro di sviluppo. Ma questo \u00e8 dovuto alla mia mancanza di esperienza con i team di ingegneri.<\/p>\n<p class=\"font-weight-bold mb-1 d-flex align-items-center\"><strong>Megan W.&#8221;Sharetribe \u00e8 un&#8217;ottima piattaforma&#8221;<\/strong><\/p>\n<p><strong>Commenti:\u00a0<\/strong>Sharetribe \u00e8 una piattaforma davvero interessante e il loro servizio clienti \u00e8 fuori dal mondo! Lo consiglierei soprattutto se stai pianificando di creare un mercato di servizi o noleggio. La vendita al dettaglio multi-vendor \u00e8 un po&#8217; complicata in alcune aree, ma aggiungono continuamente funzionalit\u00e0 e sono ricettivi alle richieste (sebbene le richieste siano sempre soggette alla domanda di sviluppo e alle tempistiche, ovviamente). Considerando la configurazione rapida, l&#8217;incredibile assistenza clienti e i tutorial disponibili, consiglio vivamente di provarlo per vedere se funzioner\u00e0 per il tuo mercato unico.<\/p>\n<p><strong>Pro:\u00a0<\/strong>Il servizio clienti di Sharetribe \u00e8 sorprendente: veloce (nonostante le differenze di fuso orario), amichevole e focalizzato sulla soluzione. La configurazione iniziale \u00e8 guidata tramite una lista di controllo per le diverse aree del tuo marketplace ed \u00e8 molto facile da seguire. L&#8217;aspetto \u00e8 piuttosto pulito e le funzionalit\u00e0 del filtro sono integrate e davvero potenti. Ci sono molti tutorial e documenti di supporto disponibili se stai cercando di capire qualcosa di nuovo e se hai ancora problemi, sono sempre felici di aiutarti. Ci sono anche molti esempi di casi di studio di marketplace Sharetribe l\u00e0 fuori, cos\u00ec puoi davvero vedere cosa \u00e8 possibile per quello che stai cercando di fare.<\/p>\n<p><strong>Contro:\u00a0<\/strong>Ho scoperto che, poich\u00e9 il mio marketplace si concentra sulle vendite peer to peer (non basate sul noleggio o sui servizi), mi sono imbattuto in alcune funzionalit\u00e0 che non erano disponibili o che non era possibile implementare su Sharetribe. C&#8217;\u00e8 molta personalizzazione possibile, ma c&#8217;erano alcune cose che ritenevo importanti per il risultato specifico che stavo cercando e che mi hanno reso le cose difficili. Nonostante ci\u00f2, ho avuto una grande esperienza con Sharetribe e mi hanno aiutato a lanciare il mio marketplace iniziale che \u00e8 stato essenziale per la mia crescita aziendale.<\/p>\n<\/div>\n<\/div>\n<\/div>\n<\/div>\n<p>&nbsp;<\/p>\n<p>&nbsp;<\/p>\n","protected":false},"excerpt":{"rendered":"<p>Sharetribe \u00e8 una piattaforma basata su cloud per piccole e medie imprese, che aiuta le aziende a creare e gestire mercati online personalizzati. Consente agli utenti di elencare vari beni o servizi e ottenere entrate tramite commissioni su ogni transazione.<\/p>\n","protected":false},"author":16,"featured_media":46238,"parent":46169,"menu_order":0,"comment_status":"open","ping_status":"closed","template":"g1_template_page_review_new.php","meta":{"_acf_changed":false,"cwp_meta_box_check":"Yes","cwp_rev_product_name":"","cwp_rev_product_image":"","wppr_links":[],"cwp_rev_price":"","wppr_options":[],"wppr_pros":[],"wppr_cons":[],"_monsterinsights_skip_tracking":false,"_monsterinsights_sitenote_active":false,"_monsterinsights_sitenote_note":"","_monsterinsights_sitenote_category":0,"footnotes":""},"categories":[10817],"tags":[396,10822,10838,10840,10839,10846,10841],"features":[],"class_list":{"0":"post-46237","1":"page","2":"type-page","3":"status-publish","4":"has-post-thumbnail","6":"category-gestionale-marketplace-cat","7":"tag-cloud","8":"tag-gestione-marketplace","9":"tag-gestione-mercato-online","10":"tag-piattaforma-gestione-marketplace","11":"tag-programma-gestione-marketplace","12":"tag-sharetribe","13":"tag-soluzione-gestione-marketplace"},"wppr_data":{"cwp_meta_box_check":"Yes","cwp_rev_product_name":"","cwp_rev_product_image":"","cwp_image_link":"image","cwp_rev_price":"","wppr_rating":"0.00"},"acf":[],"yoast_head":"<!-- This site is optimized with the Yoast SEO plugin v27.4 - https:\/\/yoast.com\/product\/yoast-seo-wordpress\/ -->\n<title>Sharetribe: recensione software gestione marketplace - Accurate Reviews<\/title>\n<meta name=\"description\" content=\"Sharetribe: recensione software basato su cloud per piccole e medie imprese, che le aiuta a creare e gestire mercati online personalizzati.\" \/>\n<meta name=\"robots\" content=\"index, follow, max-snippet:-1, max-image-preview:large, max-video-preview:-1\" \/>\n<link rel=\"canonical\" href=\"https:\/\/www.accuratereviews.com\/it\/gestionale-marketplace\/sharetribe-recensione\/\" \/>\n<meta property=\"og:locale\" content=\"it_IT\" \/>\n<meta property=\"og:type\" content=\"article\" \/>\n<meta property=\"og:title\" content=\"Sharetribe: recensione software gestione marketplace - Accurate Reviews\" \/>\n<meta property=\"og:description\" content=\"Sharetribe: recensione software basato su cloud per piccole e medie imprese, che le aiuta a creare e gestire mercati online personalizzati.\" \/>\n<meta property=\"og:url\" content=\"https:\/\/www.accuratereviews.com\/it\/gestionale-marketplace\/sharetribe-recensione\/\" \/>\n<meta property=\"og:site_name\" content=\"Accurate Reviews\" \/>\n<meta property=\"og:image\" content=\"https:\/\/www.accuratereviews.com\/wp-content\/uploads\/2021\/08\/Sharetribe.Logo_.ec1fe69c-1.png\" \/>\n\t<meta property=\"og:image:width\" content=\"2000\" \/>\n\t<meta property=\"og:image:height\" content=\"968\" \/>\n\t<meta property=\"og:image:type\" content=\"image\/png\" \/>\n<meta name=\"twitter:card\" content=\"summary_large_image\" \/>\n<meta name=\"twitter:label1\" content=\"Tempo di lettura stimato\" \/>\n\t<meta name=\"twitter:data1\" content=\"5 minuti\" \/>\n<script type=\"application\/ld+json\" class=\"yoast-schema-graph\">{\"@context\":\"https:\\\/\\\/schema.org\",\"@graph\":[{\"@type\":\"WebPage\",\"@id\":\"https:\\\/\\\/www.accuratereviews.com\\\/it\\\/gestionale-marketplace\\\/sharetribe-recensione\\\/\",\"url\":\"https:\\\/\\\/www.accuratereviews.com\\\/it\\\/gestionale-marketplace\\\/sharetribe-recensione\\\/\",\"name\":\"Sharetribe: recensione software gestione marketplace - Accurate Reviews\",\"isPartOf\":{\"@id\":\"https:\\\/\\\/www.accuratereviews.com\\\/it\\\/#website\"},\"primaryImageOfPage\":{\"@id\":\"https:\\\/\\\/www.accuratereviews.com\\\/it\\\/gestionale-marketplace\\\/sharetribe-recensione\\\/#primaryimage\"},\"image\":{\"@id\":\"https:\\\/\\\/www.accuratereviews.com\\\/it\\\/gestionale-marketplace\\\/sharetribe-recensione\\\/#primaryimage\"},\"thumbnailUrl\":\"https:\\\/\\\/www.accuratereviews.com\\\/wp-content\\\/uploads\\\/2021\\\/08\\\/Sharetribe.Logo_.ec1fe69c-1.png\",\"datePublished\":\"2021-08-03T03:47:39+00:00\",\"description\":\"Sharetribe: recensione software basato su cloud per piccole e medie imprese, che le aiuta a creare e gestire mercati online personalizzati.\",\"breadcrumb\":{\"@id\":\"https:\\\/\\\/www.accuratereviews.com\\\/it\\\/gestionale-marketplace\\\/sharetribe-recensione\\\/#breadcrumb\"},\"inLanguage\":\"it-IT\",\"potentialAction\":[{\"@type\":\"ReadAction\",\"target\":[\"https:\\\/\\\/www.accuratereviews.com\\\/it\\\/gestionale-marketplace\\\/sharetribe-recensione\\\/\"]}]},{\"@type\":\"ImageObject\",\"inLanguage\":\"it-IT\",\"@id\":\"https:\\\/\\\/www.accuratereviews.com\\\/it\\\/gestionale-marketplace\\\/sharetribe-recensione\\\/#primaryimage\",\"url\":\"https:\\\/\\\/www.accuratereviews.com\\\/wp-content\\\/uploads\\\/2021\\\/08\\\/Sharetribe.Logo_.ec1fe69c-1.png\",\"contentUrl\":\"https:\\\/\\\/www.accuratereviews.com\\\/wp-content\\\/uploads\\\/2021\\\/08\\\/Sharetribe.Logo_.ec1fe69c-1.png\",\"width\":2000,\"height\":968},{\"@type\":\"BreadcrumbList\",\"@id\":\"https:\\\/\\\/www.accuratereviews.com\\\/it\\\/gestionale-marketplace\\\/sharetribe-recensione\\\/#breadcrumb\",\"itemListElement\":[{\"@type\":\"ListItem\",\"position\":1,\"name\":\"Home\",\"item\":\"https:\\\/\\\/www.accuratereviews.com\\\/it\\\/\"},{\"@type\":\"ListItem\",\"position\":2,\"name\":\"Gestionale marketplace\",\"item\":\"https:\\\/\\\/www.accuratereviews.com\\\/it\\\/gestionale-marketplace\\\/\"},{\"@type\":\"ListItem\",\"position\":3,\"name\":\"Sharetribe\"}]},{\"@type\":\"WebSite\",\"@id\":\"https:\\\/\\\/www.accuratereviews.com\\\/it\\\/#website\",\"url\":\"https:\\\/\\\/www.accuratereviews.com\\\/it\\\/\",\"name\":\"Accurate Reviews\",\"description\":\"\",\"potentialAction\":[{\"@type\":\"SearchAction\",\"target\":{\"@type\":\"EntryPoint\",\"urlTemplate\":\"https:\\\/\\\/www.accuratereviews.com\\\/it\\\/?s={search_term_string}\"},\"query-input\":{\"@type\":\"PropertyValueSpecification\",\"valueRequired\":true,\"valueName\":\"search_term_string\"}}],\"inLanguage\":\"it-IT\"}]}<\/script>\n<!-- \/ Yoast SEO plugin. -->","yoast_head_json":{"title":"Sharetribe: recensione software gestione marketplace - Accurate Reviews","description":"Sharetribe: recensione software basato su cloud per piccole e medie imprese, che le aiuta a creare e gestire mercati online personalizzati.","robots":{"index":"index","follow":"follow","max-snippet":"max-snippet:-1","max-image-preview":"max-image-preview:large","max-video-preview":"max-video-preview:-1"},"canonical":"https:\/\/www.accuratereviews.com\/it\/gestionale-marketplace\/sharetribe-recensione\/","og_locale":"it_IT","og_type":"article","og_title":"Sharetribe: recensione software gestione marketplace - Accurate Reviews","og_description":"Sharetribe: recensione software basato su cloud per piccole e medie imprese, che le aiuta a creare e gestire mercati online personalizzati.","og_url":"https:\/\/www.accuratereviews.com\/it\/gestionale-marketplace\/sharetribe-recensione\/","og_site_name":"Accurate Reviews","og_image":[{"width":2000,"height":968,"url":"https:\/\/www.accuratereviews.com\/wp-content\/uploads\/2021\/08\/Sharetribe.Logo_.ec1fe69c-1.png","type":"image\/png"}],"twitter_card":"summary_large_image","twitter_misc":{"Tempo di lettura stimato":"5 minuti"},"schema":{"@context":"https:\/\/schema.org","@graph":[{"@type":"WebPage","@id":"https:\/\/www.accuratereviews.com\/it\/gestionale-marketplace\/sharetribe-recensione\/","url":"https:\/\/www.accuratereviews.com\/it\/gestionale-marketplace\/sharetribe-recensione\/","name":"Sharetribe: recensione software gestione marketplace - Accurate Reviews","isPartOf":{"@id":"https:\/\/www.accuratereviews.com\/it\/#website"},"primaryImageOfPage":{"@id":"https:\/\/www.accuratereviews.com\/it\/gestionale-marketplace\/sharetribe-recensione\/#primaryimage"},"image":{"@id":"https:\/\/www.accuratereviews.com\/it\/gestionale-marketplace\/sharetribe-recensione\/#primaryimage"},"thumbnailUrl":"https:\/\/www.accuratereviews.com\/wp-content\/uploads\/2021\/08\/Sharetribe.Logo_.ec1fe69c-1.png","datePublished":"2021-08-03T03:47:39+00:00","description":"Sharetribe: recensione software basato su cloud per piccole e medie imprese, che le aiuta a creare e gestire mercati online personalizzati.","breadcrumb":{"@id":"https:\/\/www.accuratereviews.com\/it\/gestionale-marketplace\/sharetribe-recensione\/#breadcrumb"},"inLanguage":"it-IT","potentialAction":[{"@type":"ReadAction","target":["https:\/\/www.accuratereviews.com\/it\/gestionale-marketplace\/sharetribe-recensione\/"]}]},{"@type":"ImageObject","inLanguage":"it-IT","@id":"https:\/\/www.accuratereviews.com\/it\/gestionale-marketplace\/sharetribe-recensione\/#primaryimage","url":"https:\/\/www.accuratereviews.com\/wp-content\/uploads\/2021\/08\/Sharetribe.Logo_.ec1fe69c-1.png","contentUrl":"https:\/\/www.accuratereviews.com\/wp-content\/uploads\/2021\/08\/Sharetribe.Logo_.ec1fe69c-1.png","width":2000,"height":968},{"@type":"BreadcrumbList","@id":"https:\/\/www.accuratereviews.com\/it\/gestionale-marketplace\/sharetribe-recensione\/#breadcrumb","itemListElement":[{"@type":"ListItem","position":1,"name":"Home","item":"https:\/\/www.accuratereviews.com\/it\/"},{"@type":"ListItem","position":2,"name":"Gestionale marketplace","item":"https:\/\/www.accuratereviews.com\/it\/gestionale-marketplace\/"},{"@type":"ListItem","position":3,"name":"Sharetribe"}]},{"@type":"WebSite","@id":"https:\/\/www.accuratereviews.com\/it\/#website","url":"https:\/\/www.accuratereviews.com\/it\/","name":"Accurate Reviews","description":"","potentialAction":[{"@type":"SearchAction","target":{"@type":"EntryPoint","urlTemplate":"https:\/\/www.accuratereviews.com\/it\/?s={search_term_string}"},"query-input":{"@type":"PropertyValueSpecification","valueRequired":true,"valueName":"search_term_string"}}],"inLanguage":"it-IT"}]}},"_links":{"self":[{"href":"https:\/\/www.accuratereviews.com\/it\/wp-json\/wp\/v2\/pages\/46237","targetHints":{"allow":["GET"]}}],"collection":[{"href":"https:\/\/www.accuratereviews.com\/it\/wp-json\/wp\/v2\/pages"}],"about":[{"href":"https:\/\/www.accuratereviews.com\/it\/wp-json\/wp\/v2\/types\/page"}],"author":[{"embeddable":true,"href":"https:\/\/www.accuratereviews.com\/it\/wp-json\/wp\/v2\/users\/16"}],"replies":[{"embeddable":true,"href":"https:\/\/www.accuratereviews.com\/it\/wp-json\/wp\/v2\/comments?post=46237"}],"version-history":[{"count":7,"href":"https:\/\/www.accuratereviews.com\/it\/wp-json\/wp\/v2\/pages\/46237\/revisions"}],"predecessor-version":[{"id":46286,"href":"https:\/\/www.accuratereviews.com\/it\/wp-json\/wp\/v2\/pages\/46237\/revisions\/46286"}],"up":[{"embeddable":true,"href":"https:\/\/www.accuratereviews.com\/it\/wp-json\/wp\/v2\/pages\/46169"}],"wp:featuredmedia":[{"embeddable":true,"href":"https:\/\/www.accuratereviews.com\/it\/wp-json\/wp\/v2\/media\/46238"}],"wp:attachment":[{"href":"https:\/\/www.accuratereviews.com\/it\/wp-json\/wp\/v2\/media?parent=46237"}],"wp:term":[{"taxonomy":"category","embeddable":true,"href":"https:\/\/www.accuratereviews.com\/it\/wp-json\/wp\/v2\/categories?post=46237"},{"taxonomy":"post_tag","embeddable":true,"href":"https:\/\/www.accuratereviews.com\/it\/wp-json\/wp\/v2\/tags?post=46237"},{"taxonomy":"features","embeddable":true,"href":"https:\/\/www.accuratereviews.com\/it\/wp-json\/wp\/v2\/features?post=46237"}],"curies":[{"name":"wp","href":"https:\/\/api.w.org\/{rel}","templated":true}]}}