{"id":46293,"date":"2021-08-03T15:03:11","date_gmt":"2021-08-03T15:03:11","guid":{"rendered":"https:\/\/www.accuratereviews.com\/?page_id=46293"},"modified":"2021-08-03T15:03:11","modified_gmt":"2021-08-03T15:03:11","slug":"wcfm-marketplace-recensione","status":"publish","type":"page","link":"https:\/\/www.accuratereviews.com\/it\/gestionale-marketplace\/wcfm-marketplace-recensione\/","title":{"rendered":"WCFM Marketplace"},"content":{"rendered":"<p><strong>WCFM Marketplace<\/strong> \u00e8 un <strong>plug-in marketplace multi-vendor<\/strong> per WordPress, che aiuta le aziende a creare e gestire negozi online. Le funzionalit\u00e0 includono l&#8217;importazione\/esportazione dei dati, la fatturazione, la gestione dei coupon, il monitoraggio delle vendite, le impostazioni dei criteri, l&#8217;analisi, il badge del venditore personalizzato e la chat dal vivo.\u00a0L&#8217;applicazione consente alle aziende di impostare percentuali o regole di commissione fisse in base alle vendite del fornitore, al prezzo del prodotto e alla quantit\u00e0 di acquisto. Include un libro mastro, che consente a fornitori e amministratori di monitorare le transazioni memorizzate su prelievi, rimborsi e altro. Con il suo modulo di gestione delle richieste, i fornitori possono ricevere notifiche sulle domande sollevate dai clienti e visualizzare tutte le richieste precedenti come FAQ. Aiuta inoltre i fornitori a gestire i cataloghi dei prodotti, aggiungere attributi e mapparli alle categorie pertinenti.<\/p>\n<h2>WCFM MARKETPLACE &#8211; TUTORIAL<\/h2>\n<p>Ecco un tutorial che insegna come installare e utilizzare questo <strong>gestionale marketplace<\/strong>:<\/p>\n<div id=\"fluid-wrapper-counter-1\" class=\"g1-fluid-wrapper \" style=\"width:686px;\">\n<div style=\"padding-bottom:56.268221574344%;\"><iframe loading=\"lazy\" title=\"Make your own WooCommerce multivendor marketplace WCFM\" width=\"686\" height=\"386\" src=\"https:\/\/www.youtube.com\/embed\/SUmym_UIQjQ?feature=oembed&amp;wmode=transparent&amp;autohide=1&amp;autoplay=0&amp;disablekb=0&amp;fs=1&amp;loop=0&amp;enablejsapi=1&amp;rel=0&amp;controls=2&amp;showinfo=0&amp;wmode=transparent&amp;autohide=2&amp;autoplay=0&amp;disablekb=0&amp;fs=1&amp;loop=0&amp;enablejsapi=1&amp;rel=0&amp;controls=2&amp;showinfo=1\" frameborder=\"0\" allow=\"accelerometer; autoplay; clipboard-write; encrypted-media; gyroscope; picture-in-picture\" allowfullscreen><\/iframe><\/div>\n<\/div>\n<h3>WCFM MARKETPLACE &#8211; CARATTERISTICHE<\/h3>\n<ul>\n<li><strong>Orati di apertura e ferie<\/strong>: ideale per attivit\u00e0 stagionali o che operano in orari prestabiliti<\/li>\n<li><strong>Gestione coupon<\/strong>: imposta offerte con codici promozionali flessibili<\/li>\n<li><strong>Importazione ed esportazione di prodotti<\/strong>: importa prodotti e li esporta in CSV dalla dashboard del fornitore<\/li>\n<li><strong>Ticket di supporto<\/strong>: l&#8217;interazione con i venditori aiuta gli acquirenti a prendere decisioni di acquisto migliori<\/li>\n<li><strong>Abbonamento ai membri<\/strong>: offri piani di abbonamento per i venditori, gratuiti e a pagamento. Accetta commissioni ricorrenti<\/li>\n<li><strong>Fattura ed etichetta di spedizione<\/strong>: evasione degli ordini semplificata con le fatture del negozio e le etichette di spedizione<\/li>\n<li><strong>Geolocalizzazione:<\/strong>\u00a0ricerca di prodotti o servizi vicino alla posizione corrente dell&#8217;utente.<\/li>\n<li><strong>Spedizione e consegna<\/strong>: condividi il monitoraggio delle consegne, avvisa quando cambia lo stato della spedizione<\/li>\n<li><strong>Analisi<\/strong>: il software ti offre il modo pi\u00f9 intelligente per impostare la tua strategia di marketing. I fornitori e l&#8217;amministratore possono analizzare la vendita per prodotti, categorie, elenchi, regioni e molto altro.<\/li>\n<\/ul>\n<h4>LE RECENSIONI DEGLI UTENTI<\/h4>\n<p class=\"h5 font-weight-bold flex-grow-1 mb-4\"><strong>Jhon D.&#8221;Buon plugin multi-vendor&#8221;<\/strong><\/p>\n<p><strong>Commenti:\u00a0<\/strong>Nel complesso, un&#8217;ottima scelta per un mercato con una variet\u00e0 di funzionalit\u00e0.<\/p>\n<p><strong>Pro:\u00a0<\/strong>WCFM \u00e8 il plugin multivendor pi\u00f9 potente per me perch\u00e9 \u00e8 totalmente all&#8217;altezza delle mie esigenze. Ha molte caratteristiche sorprendenti e la parte migliore \u00e8 che \u00e8 gratuito!! Aggiunge molta flessibilit\u00e0 al sito Web con un aspetto professionale totale. fornendo molte opzioni fluide.<\/p>\n<p><strong>Contro:\u00a0<\/strong>Finora, non c&#8217;\u00e8 niente che non mi sia piaciuto di questo plugin.<\/p>\n<p class=\"font-weight-bold mb-1 d-flex align-items-center\"><strong>Tim V.&#8221;Confuso e fuorviante&#8221;<\/strong><\/p>\n<p><strong>Commenti:\u00a0<\/strong>Userei di nuovo questo sistema, NO. \u00c8 un buon rapporto qualit\u00e0-prezzo, beh, \u00e8 un prezzo equo, ma la mancanza di supporto e professionalit\u00e0 lo delude e se presi in considerazione, allora no, non \u00e8 un buon rapporto qualit\u00e0-prezzo.<\/p>\n<p><strong>Pro:\u00a0<\/strong>Ha letto e sono stato informato che il software avrebbe fatto tutto ci\u00f2 che gli avevamo richiesto. All&#8217;indagine iniziale il sistema sembrava ottimo per ci\u00f2 che era necessario per formarlo.<\/p>\n<p><strong>Contro:\u00a0<\/strong>\u00c8 mal progettato, i file della guida sono in inglese, con una grammatica molto scarsa. Quello che dice di fornire non \u00e8 il caso, ad es. dice che \u00e8 compatibile con Divi, quindi scopre che non supportano il tema Divi e il loro sistema di supporto \u00e8 molto lento. Il tempo di risposta \u00e8 molto scarso e quando viene fornito il supporto \u00e8 molto vago senza un servizio clienti di qualit\u00e0. Abbiamo acquistato licenze a vita, ma non siamo in grado di scaricare e reinstallare il software. Attenzione, se vuoi qualcosa di sofisticato, questa potrebbe non essere la scelta giusta.<\/p>\n<h5 class=\"font-weight-bold mb-1 d-flex align-items-center\">Mike S.:\u00a0&#8220;Ottimo&#8221;<\/h5>\n<p><strong>Commenti:\u00a0<\/strong>Dare ai miei clienti il controllo sul loro evento e coupon, \u00e8 un must e WP Vendors fa lo sforzo di questo &#8230;\u00a0Facile da usare e personalizzabile &#8230;.<\/p>\n<p><strong>Pro:\u00a0<\/strong>Penso che i venditori siano un fantastico componente aggiuntivo per le tue attuali personalizzazioni di WooComm e dare ai tuoi clienti il pieno controllo del loro pannello degli eventi (nei nostri casi) \u00e8 un must &#8230;.\u00a0I nostri clienti adorano l&#8217;aspetto grafico!<\/p>\n<p><strong>Contro:\u00a0<\/strong>Ho scoperto che dovevo aggiungere un sacco di CSS personalizzati alla dashboard dei fornitori, ma questo \u00e8 comprensibile perch\u00e9 volevamo un aspetto diverso &#8230;<\/p>\n","protected":false},"excerpt":{"rendered":"<p>WCFM Marketplace \u00e8 un plug-in marketplace multi-vendor per WordPress, che aiuta le aziende a creare e gestire negozi online. Le funzionalit\u00e0 includono l&#8217;importazione\/esportazione dei dati, la fatturazione, la gestione dei coupon, il monitoraggio delle vendite, le impostazioni dei criteri, l&#8217;analisi, il badge del venditore personalizzato e la chat dal vivo.\u00a0<\/p>\n","protected":false},"author":16,"featured_media":46294,"parent":46169,"menu_order":0,"comment_status":"open","ping_status":"closed","template":"g1_template_page_review_new.php","meta":{"_acf_changed":false,"cwp_meta_box_check":"Yes","cwp_rev_product_name":"","cwp_rev_product_image":"","wppr_links":[],"cwp_rev_price":"","wppr_options":[],"wppr_pros":[],"wppr_cons":[],"_monsterinsights_skip_tracking":false,"_monsterinsights_sitenote_active":false,"_monsterinsights_sitenote_note":"","_monsterinsights_sitenote_category":0,"footnotes":""},"categories":[10817],"tags":[10818,10840,10839,10842,10841,10858],"features":[],"class_list":{"0":"post-46293","1":"page","2":"type-page","3":"status-publish","4":"has-post-thumbnail","6":"category-gestionale-marketplace-cat","7":"tag-gestionale-marketplace","8":"tag-piattaforma-gestione-marketplace","9":"tag-programma-gestione-marketplace","10":"tag-software-gestione-marketplace","11":"tag-soluzione-gestione-marketplace","12":"tag-wcfm-marketplace"},"wppr_data":{"cwp_meta_box_check":"Yes","cwp_rev_product_name":"","cwp_rev_product_image":"","cwp_image_link":"image","cwp_rev_price":"","wppr_rating":"0.00"},"acf":[],"yoast_head":"<!-- This site is optimized with the Yoast SEO plugin v27.4 - https:\/\/yoast.com\/product\/yoast-seo-wordpress\/ -->\n<title>WCFM Marketplace: recensione gestionale marketplace Accurate Reviews<\/title>\n<meta name=\"description\" content=\"WCFM Marketplace: recensione plug-in marketplace multi-vendor per WordPress, che aiuta le aziende a creare e gestire negozi online.\" \/>\n<meta name=\"robots\" content=\"index, follow, max-snippet:-1, max-image-preview:large, max-video-preview:-1\" \/>\n<link rel=\"canonical\" href=\"https:\/\/www.accuratereviews.com\/it\/gestionale-marketplace\/wcfm-marketplace-recensione\/\" \/>\n<meta property=\"og:locale\" content=\"it_IT\" \/>\n<meta property=\"og:type\" content=\"article\" \/>\n<meta property=\"og:title\" content=\"WCFM Marketplace: recensione gestionale marketplace Accurate Reviews\" \/>\n<meta property=\"og:description\" content=\"WCFM Marketplace: recensione plug-in marketplace multi-vendor per WordPress, che aiuta le aziende a creare e gestire negozi online.\" \/>\n<meta property=\"og:url\" content=\"https:\/\/www.accuratereviews.com\/it\/gestionale-marketplace\/wcfm-marketplace-recensione\/\" \/>\n<meta property=\"og:site_name\" content=\"Accurate Reviews\" \/>\n<meta property=\"og:image\" content=\"https:\/\/www.accuratereviews.com\/wp-content\/uploads\/2021\/08\/WCFM-MARKETPLACE.jpg\" \/>\n\t<meta property=\"og:image:width\" content=\"800\" \/>\n\t<meta property=\"og:image:height\" content=\"450\" \/>\n\t<meta property=\"og:image:type\" content=\"image\/jpeg\" \/>\n<meta name=\"twitter:card\" content=\"summary_large_image\" \/>\n<meta name=\"twitter:label1\" content=\"Tempo di lettura stimato\" \/>\n\t<meta name=\"twitter:data1\" content=\"3 minuti\" \/>\n<script type=\"application\/ld+json\" class=\"yoast-schema-graph\">{\"@context\":\"https:\\\/\\\/schema.org\",\"@graph\":[{\"@type\":\"WebPage\",\"@id\":\"https:\\\/\\\/www.accuratereviews.com\\\/it\\\/gestionale-marketplace\\\/wcfm-marketplace-recensione\\\/\",\"url\":\"https:\\\/\\\/www.accuratereviews.com\\\/it\\\/gestionale-marketplace\\\/wcfm-marketplace-recensione\\\/\",\"name\":\"WCFM Marketplace: recensione gestionale marketplace Accurate Reviews\",\"isPartOf\":{\"@id\":\"https:\\\/\\\/www.accuratereviews.com\\\/it\\\/#website\"},\"primaryImageOfPage\":{\"@id\":\"https:\\\/\\\/www.accuratereviews.com\\\/it\\\/gestionale-marketplace\\\/wcfm-marketplace-recensione\\\/#primaryimage\"},\"image\":{\"@id\":\"https:\\\/\\\/www.accuratereviews.com\\\/it\\\/gestionale-marketplace\\\/wcfm-marketplace-recensione\\\/#primaryimage\"},\"thumbnailUrl\":\"https:\\\/\\\/www.accuratereviews.com\\\/wp-content\\\/uploads\\\/2021\\\/08\\\/WCFM-MARKETPLACE.jpg\",\"datePublished\":\"2021-08-03T15:03:11+00:00\",\"description\":\"WCFM Marketplace: recensione plug-in marketplace multi-vendor per WordPress, che aiuta le aziende a creare e gestire negozi online.\",\"breadcrumb\":{\"@id\":\"https:\\\/\\\/www.accuratereviews.com\\\/it\\\/gestionale-marketplace\\\/wcfm-marketplace-recensione\\\/#breadcrumb\"},\"inLanguage\":\"it-IT\",\"potentialAction\":[{\"@type\":\"ReadAction\",\"target\":[\"https:\\\/\\\/www.accuratereviews.com\\\/it\\\/gestionale-marketplace\\\/wcfm-marketplace-recensione\\\/\"]}]},{\"@type\":\"ImageObject\",\"inLanguage\":\"it-IT\",\"@id\":\"https:\\\/\\\/www.accuratereviews.com\\\/it\\\/gestionale-marketplace\\\/wcfm-marketplace-recensione\\\/#primaryimage\",\"url\":\"https:\\\/\\\/www.accuratereviews.com\\\/wp-content\\\/uploads\\\/2021\\\/08\\\/WCFM-MARKETPLACE.jpg\",\"contentUrl\":\"https:\\\/\\\/www.accuratereviews.com\\\/wp-content\\\/uploads\\\/2021\\\/08\\\/WCFM-MARKETPLACE.jpg\",\"width\":800,\"height\":450},{\"@type\":\"BreadcrumbList\",\"@id\":\"https:\\\/\\\/www.accuratereviews.com\\\/it\\\/gestionale-marketplace\\\/wcfm-marketplace-recensione\\\/#breadcrumb\",\"itemListElement\":[{\"@type\":\"ListItem\",\"position\":1,\"name\":\"Home\",\"item\":\"https:\\\/\\\/www.accuratereviews.com\\\/it\\\/\"},{\"@type\":\"ListItem\",\"position\":2,\"name\":\"Gestionale marketplace\",\"item\":\"https:\\\/\\\/www.accuratereviews.com\\\/it\\\/gestionale-marketplace\\\/\"},{\"@type\":\"ListItem\",\"position\":3,\"name\":\"WCFM Marketplace\"}]},{\"@type\":\"WebSite\",\"@id\":\"https:\\\/\\\/www.accuratereviews.com\\\/it\\\/#website\",\"url\":\"https:\\\/\\\/www.accuratereviews.com\\\/it\\\/\",\"name\":\"Accurate Reviews\",\"description\":\"\",\"potentialAction\":[{\"@type\":\"SearchAction\",\"target\":{\"@type\":\"EntryPoint\",\"urlTemplate\":\"https:\\\/\\\/www.accuratereviews.com\\\/it\\\/?s={search_term_string}\"},\"query-input\":{\"@type\":\"PropertyValueSpecification\",\"valueRequired\":true,\"valueName\":\"search_term_string\"}}],\"inLanguage\":\"it-IT\"}]}<\/script>\n<!-- \/ Yoast SEO plugin. -->","yoast_head_json":{"title":"WCFM Marketplace: recensione gestionale marketplace Accurate Reviews","description":"WCFM Marketplace: recensione plug-in marketplace multi-vendor per WordPress, che aiuta le aziende a creare e gestire negozi online.","robots":{"index":"index","follow":"follow","max-snippet":"max-snippet:-1","max-image-preview":"max-image-preview:large","max-video-preview":"max-video-preview:-1"},"canonical":"https:\/\/www.accuratereviews.com\/it\/gestionale-marketplace\/wcfm-marketplace-recensione\/","og_locale":"it_IT","og_type":"article","og_title":"WCFM Marketplace: recensione gestionale marketplace Accurate Reviews","og_description":"WCFM Marketplace: recensione plug-in marketplace multi-vendor per WordPress, che aiuta le aziende a creare e gestire negozi online.","og_url":"https:\/\/www.accuratereviews.com\/it\/gestionale-marketplace\/wcfm-marketplace-recensione\/","og_site_name":"Accurate Reviews","og_image":[{"width":800,"height":450,"url":"https:\/\/www.accuratereviews.com\/wp-content\/uploads\/2021\/08\/WCFM-MARKETPLACE.jpg","type":"image\/jpeg"}],"twitter_card":"summary_large_image","twitter_misc":{"Tempo di lettura stimato":"3 minuti"},"schema":{"@context":"https:\/\/schema.org","@graph":[{"@type":"WebPage","@id":"https:\/\/www.accuratereviews.com\/it\/gestionale-marketplace\/wcfm-marketplace-recensione\/","url":"https:\/\/www.accuratereviews.com\/it\/gestionale-marketplace\/wcfm-marketplace-recensione\/","name":"WCFM Marketplace: recensione gestionale marketplace Accurate Reviews","isPartOf":{"@id":"https:\/\/www.accuratereviews.com\/it\/#website"},"primaryImageOfPage":{"@id":"https:\/\/www.accuratereviews.com\/it\/gestionale-marketplace\/wcfm-marketplace-recensione\/#primaryimage"},"image":{"@id":"https:\/\/www.accuratereviews.com\/it\/gestionale-marketplace\/wcfm-marketplace-recensione\/#primaryimage"},"thumbnailUrl":"https:\/\/www.accuratereviews.com\/wp-content\/uploads\/2021\/08\/WCFM-MARKETPLACE.jpg","datePublished":"2021-08-03T15:03:11+00:00","description":"WCFM Marketplace: recensione plug-in marketplace multi-vendor per WordPress, che aiuta le aziende a creare e gestire negozi online.","breadcrumb":{"@id":"https:\/\/www.accuratereviews.com\/it\/gestionale-marketplace\/wcfm-marketplace-recensione\/#breadcrumb"},"inLanguage":"it-IT","potentialAction":[{"@type":"ReadAction","target":["https:\/\/www.accuratereviews.com\/it\/gestionale-marketplace\/wcfm-marketplace-recensione\/"]}]},{"@type":"ImageObject","inLanguage":"it-IT","@id":"https:\/\/www.accuratereviews.com\/it\/gestionale-marketplace\/wcfm-marketplace-recensione\/#primaryimage","url":"https:\/\/www.accuratereviews.com\/wp-content\/uploads\/2021\/08\/WCFM-MARKETPLACE.jpg","contentUrl":"https:\/\/www.accuratereviews.com\/wp-content\/uploads\/2021\/08\/WCFM-MARKETPLACE.jpg","width":800,"height":450},{"@type":"BreadcrumbList","@id":"https:\/\/www.accuratereviews.com\/it\/gestionale-marketplace\/wcfm-marketplace-recensione\/#breadcrumb","itemListElement":[{"@type":"ListItem","position":1,"name":"Home","item":"https:\/\/www.accuratereviews.com\/it\/"},{"@type":"ListItem","position":2,"name":"Gestionale marketplace","item":"https:\/\/www.accuratereviews.com\/it\/gestionale-marketplace\/"},{"@type":"ListItem","position":3,"name":"WCFM Marketplace"}]},{"@type":"WebSite","@id":"https:\/\/www.accuratereviews.com\/it\/#website","url":"https:\/\/www.accuratereviews.com\/it\/","name":"Accurate Reviews","description":"","potentialAction":[{"@type":"SearchAction","target":{"@type":"EntryPoint","urlTemplate":"https:\/\/www.accuratereviews.com\/it\/?s={search_term_string}"},"query-input":{"@type":"PropertyValueSpecification","valueRequired":true,"valueName":"search_term_string"}}],"inLanguage":"it-IT"}]}},"_links":{"self":[{"href":"https:\/\/www.accuratereviews.com\/it\/wp-json\/wp\/v2\/pages\/46293","targetHints":{"allow":["GET"]}}],"collection":[{"href":"https:\/\/www.accuratereviews.com\/it\/wp-json\/wp\/v2\/pages"}],"about":[{"href":"https:\/\/www.accuratereviews.com\/it\/wp-json\/wp\/v2\/types\/page"}],"author":[{"embeddable":true,"href":"https:\/\/www.accuratereviews.com\/it\/wp-json\/wp\/v2\/users\/16"}],"replies":[{"embeddable":true,"href":"https:\/\/www.accuratereviews.com\/it\/wp-json\/wp\/v2\/comments?post=46293"}],"version-history":[{"count":8,"href":"https:\/\/www.accuratereviews.com\/it\/wp-json\/wp\/v2\/pages\/46293\/revisions"}],"predecessor-version":[{"id":46326,"href":"https:\/\/www.accuratereviews.com\/it\/wp-json\/wp\/v2\/pages\/46293\/revisions\/46326"}],"up":[{"embeddable":true,"href":"https:\/\/www.accuratereviews.com\/it\/wp-json\/wp\/v2\/pages\/46169"}],"wp:featuredmedia":[{"embeddable":true,"href":"https:\/\/www.accuratereviews.com\/it\/wp-json\/wp\/v2\/media\/46294"}],"wp:attachment":[{"href":"https:\/\/www.accuratereviews.com\/it\/wp-json\/wp\/v2\/media?parent=46293"}],"wp:term":[{"taxonomy":"category","embeddable":true,"href":"https:\/\/www.accuratereviews.com\/it\/wp-json\/wp\/v2\/categories?post=46293"},{"taxonomy":"post_tag","embeddable":true,"href":"https:\/\/www.accuratereviews.com\/it\/wp-json\/wp\/v2\/tags?post=46293"},{"taxonomy":"features","embeddable":true,"href":"https:\/\/www.accuratereviews.com\/it\/wp-json\/wp\/v2\/features?post=46293"}],"curies":[{"name":"wp","href":"https:\/\/api.w.org\/{rel}","templated":true}]}}