{"id":46337,"date":"2021-08-04T17:00:50","date_gmt":"2021-08-04T17:00:50","guid":{"rendered":"https:\/\/www.accuratereviews.com\/?page_id=46337"},"modified":"2021-08-04T17:00:50","modified_gmt":"2021-08-04T17:00:50","slug":"yokart-recensione","status":"publish","type":"page","link":"https:\/\/www.accuratereviews.com\/it\/gestionale-marketplace\/yokart-recensione\/","title":{"rendered":"Yo!Kart"},"content":{"rendered":"<p><strong>Yo!Kart<\/strong> \u00e8 una soluzione <strong>software gestionale marketplace<\/strong> che aiuta le startup di ecommerce e persino i venditori e i rivenditori online esistenti a lanciare pi\u00f9 negozi con la sua piattaforma intuitiva e completa. Sviluppato utilizzando una tecnologia flessibile il software sta rapidamente diventando il sistema multivendor preferito da molti imprenditori online e piccole attivit\u00e0 di ecommerce grazie alla sua facile configurazione e implementazione, potenti strumenti di reporting, funzionalit\u00e0 SEO e supporto utile.\u00a0Allo stesso tempo <strong>Yo!Kart<\/strong> \u00e8 una soluzione notevolmente sicura che, tuttavia, non ridurr\u00e0 in modo significativo il budget. Il team di sviluppo comprende la necessit\u00e0 dei fornitori online di proteggere i dati importanti forniti dai loro ricchi e-store e offre pi\u00f9 livelli di protezione e funzionalit\u00e0 di avviso per consentire all&#8217;amministratore di concentrarsi su aspetti pi\u00f9 importanti della propria attivit\u00e0.<\/p>\n<h2>YO!KART &#8211; TUTORIAL<\/h2>\n<p>Ecco un video che illustra tutte le funzionalit\u00e0 di questo potente gestionale marketplace:<\/p>\n<div id=\"fluid-wrapper-counter-1\" class=\"g1-fluid-wrapper \" style=\"width:686px;\">\n<div style=\"padding-bottom:56.268221574344%;\"><iframe loading=\"lazy\" title=\"Yo!Kart Online Marketplace Platform - Customizable | Scalable | Affordable\" width=\"686\" height=\"386\" src=\"https:\/\/www.youtube.com\/embed\/PsxHrGIlJgQ?feature=oembed&amp;wmode=transparent&amp;autohide=1&amp;autoplay=0&amp;disablekb=0&amp;fs=1&amp;loop=0&amp;enablejsapi=1&amp;rel=0&amp;controls=2&amp;showinfo=0&amp;wmode=transparent&amp;autohide=2&amp;autoplay=0&amp;disablekb=0&amp;fs=1&amp;loop=0&amp;enablejsapi=1&amp;rel=0&amp;controls=2&amp;showinfo=1\" frameborder=\"0\" allow=\"accelerometer; autoplay; clipboard-write; encrypted-media; gyroscope; picture-in-picture\" allowfullscreen><\/iframe><\/div>\n<\/div>\n<h3>YO!KART &#8211; CARATTERISTICHE<\/h3>\n<ul>\n<li><strong>Interfaccia utente migliorata<\/strong>: interfaccia utente completamente nuova per le pagine front-end, negozio e dashboard consentono una visualizzazione a schermo intero delle immagini dei prodotti e offre prestazioni ottimizzate rispetto ai suoi predecessori.<\/li>\n<li><strong>Esperienza utente migliorata<\/strong>:\u00a0la soluzione ha ridisegnato e migliorato il modulo del flusso di lavoro delle categorie. Inoltre, \u00e8 stata aggiunta la funzionalit\u00e0 di trascinamento della selezione per riordinare le categorie.<\/li>\n<li><strong>Catalogo dei prodotti<\/strong>: la nuova funzionalit\u00e0 di creazione del catalogo e le correzioni tecniche consentono agli utenti di creare facilmente i propri cataloghi. Carica pi\u00f9 immagini da dispositivi locali, allega cartellini dei prezzi e mostra nuovi cataloghi senza sforzo.<\/li>\n<li><strong>Multilingua:<\/strong> comunicare con gli utenti nella loro lingua madre offre ai clienti una esperienza confortevole. \u00c8 integrato con MSN Language API che traduce automaticamente pi\u00f9 di 60 lingue.<\/li>\n<li><strong>Multi-valuta e supporto<\/strong>:\u00a0supporta pi\u00f9 valute consentendo ai clienti di controllare le offerte nella valuta locale. Integrato con l&#8217;API del convertitore di valuta in tempo reale per fornire esperienza e aumentare la conversione.<\/li>\n<li><strong>Offerte e premi<\/strong>: gestisci offerte personalizzate e programmi di ricompensa per i tuoi clienti. Completali con incredibili offerte e premi quando fanno acquisti regolarmente dal tuo negozio.<\/li>\n<\/ul>\n<h4>LE RECENSIONI DEGLI UTENTI<\/h4>\n<p class=\"font-weight-bold mb-1 d-flex align-items-center\"><strong>Aidar B.&#8221;Buona esperienza&#8221;<\/strong><\/p>\n<p><strong>Commenti:\u00a0<\/strong>Abbiamo scelto Yokart in quanto hanno installato un buon servizio a un prezzo ragionevole. Questo \u00e8 un progetto nuovo e interessante.<\/p>\n<p><strong>Pro:\u00a0<\/strong>Il software ha una buona interfaccia e ottiene una struttura di usabilit\u00e0. Penso che YoKart abbia il miglior prezzo al mondo. Servizio di assistenza molto veloce.<\/p>\n<p><strong>Contro:\u00a0<\/strong>Non mi piace il fatto che il manuale utente non fornisca risposte a tutte le domande.<\/p>\n<p class=\"font-weight-bold mb-1 d-flex align-items-center\"><strong>Erkan E.&#8221;YoKart Software &#8211; Progettazione e Personalizzazione&#8221;<\/strong><\/p>\n<p><strong>Commenti:\u00a0<\/strong>Buona esperienza finora. Il supporto \u00e8 buono e ha apportato tutte le modifiche su mia richiesta.<\/p>\n<p><strong>Pro:\u00a0<\/strong>Il software \u00e8 semplice e pulito, sono disponibili tutte le funzioni necessarie per un marketplace. Il layout standard \u00e8 bello e chiaro. La personalizzazione pu\u00f2 essere realizzata senza problemi.<\/p>\n<p><strong>Contro:\u00a0<\/strong>Per poter utilizzare il software in Germania, \u00e8 necessario effettuare alcune personalizzazioni. Il software YoKart V7 \u00e8 in versione php 7.0. Spero che un aggiornamento sia possibile in seguito all&#8217;attuale versione di php 7.2 o 7.3.<\/p>\n<p class=\"font-weight-bold mb-1 d-flex align-items-center\"><strong>Aled R.&#8221;Grande esperienza&#8221;<\/strong><\/p>\n<p><strong>Commenti:\u00a0<\/strong>Siamo molto contenti dell&#8217;intero processo. Dalla prima comunicazione di vendita e l&#8217;eccellente lavoro e supporto sugli aspetti di progettazione e formazione del progetto! Lavorerei di nuovo con l&#8217;azienda, solo per questi due motivi!<\/p>\n<p><strong>Pro:\u00a0<\/strong>Il sistema porta tutto ci\u00f2 che stavamo cercando, per un Marketplace online, sia sul front-end che sul back-end. Un ottimo sistema a tutto tondo.<\/p>\n<p><strong>Contro:\u00a0<\/strong>Ci vuole un po&#8217; di tempo per abituarsi, ma con il supporto e la formazione, questo non \u00e8 affatto un problema!<\/p>\n","protected":false},"excerpt":{"rendered":"<p>Yo!Kart \u00e8 una soluzione software gestionale marketplace che aiuta le startup di ecommerce e persino i venditori e i rivenditori online esistenti a lanciare pi\u00f9 negozi con la sua piattaforma intuitiva e completa. Sviluppato utilizzando una tecnologia flessibile il software sta rapidamente diventando il sistema multivendor preferito da molti imprenditori online e piccole attivit\u00e0 di ecommerce.<\/p>\n","protected":false},"author":16,"featured_media":46338,"parent":46169,"menu_order":0,"comment_status":"open","ping_status":"closed","template":"g1_template_page_review_new.php","meta":{"_acf_changed":false,"cwp_meta_box_check":"Yes","cwp_rev_product_name":"","cwp_rev_product_image":"","wppr_links":[],"cwp_rev_price":"","wppr_options":[],"wppr_pros":[],"wppr_cons":[],"_monsterinsights_skip_tracking":false,"_monsterinsights_sitenote_active":false,"_monsterinsights_sitenote_note":"","_monsterinsights_sitenote_category":0,"footnotes":""},"categories":[10817],"tags":[10818,10864,10820,10823,10863,10865],"features":[],"class_list":{"0":"post-46337","1":"page","2":"type-page","3":"status-publish","4":"has-post-thumbnail","6":"category-gestionale-marketplace-cat","7":"tag-gestionale-marketplace","8":"tag-piattaforma-gestionale-market-place","9":"tag-programma-gestionale-marketplace","10":"tag-software-gestionale-marketplace","11":"tag-soluzione-gestionale-marketplace","12":"tag-yokart"},"wppr_data":{"cwp_meta_box_check":"Yes","cwp_rev_product_name":"","cwp_rev_product_image":"","cwp_image_link":"image","cwp_rev_price":"","wppr_rating":"0.00"},"acf":[],"yoast_head":"<!-- This site is optimized with the Yoast SEO plugin v27.4 - https:\/\/yoast.com\/product\/yoast-seo-wordpress\/ -->\n<title>Yo!Kart: recensione software gestionale marketplace - Accurate Reviews<\/title>\n<meta name=\"description\" content=\"Yo!Kart: recensione software gestionale marketplace che aiuta le startup di ecommerce e venditori online esistenti a lanciare i loro negozi.\" \/>\n<meta name=\"robots\" content=\"index, follow, max-snippet:-1, max-image-preview:large, max-video-preview:-1\" \/>\n<link rel=\"canonical\" href=\"https:\/\/www.accuratereviews.com\/it\/gestionale-marketplace\/yokart-recensione\/\" \/>\n<meta property=\"og:locale\" content=\"it_IT\" \/>\n<meta property=\"og:type\" content=\"article\" \/>\n<meta property=\"og:title\" content=\"Yo!Kart: recensione software gestionale marketplace - Accurate Reviews\" \/>\n<meta property=\"og:description\" content=\"Yo!Kart: recensione software gestionale marketplace che aiuta le startup di ecommerce e venditori online esistenti a lanciare i loro negozi.\" \/>\n<meta property=\"og:url\" content=\"https:\/\/www.accuratereviews.com\/it\/gestionale-marketplace\/yokart-recensione\/\" \/>\n<meta property=\"og:site_name\" content=\"Accurate Reviews\" \/>\n<meta property=\"og:image\" content=\"https:\/\/www.accuratereviews.com\/wp-content\/uploads\/2021\/08\/unnamed.jpg\" \/>\n\t<meta property=\"og:image:width\" content=\"900\" \/>\n\t<meta property=\"og:image:height\" content=\"900\" \/>\n\t<meta property=\"og:image:type\" content=\"image\/jpeg\" \/>\n<meta name=\"twitter:card\" content=\"summary_large_image\" \/>\n<meta name=\"twitter:label1\" content=\"Tempo di lettura stimato\" \/>\n\t<meta name=\"twitter:data1\" content=\"3 minuti\" \/>\n<script type=\"application\/ld+json\" class=\"yoast-schema-graph\">{\"@context\":\"https:\\\/\\\/schema.org\",\"@graph\":[{\"@type\":\"WebPage\",\"@id\":\"https:\\\/\\\/www.accuratereviews.com\\\/it\\\/gestionale-marketplace\\\/yokart-recensione\\\/\",\"url\":\"https:\\\/\\\/www.accuratereviews.com\\\/it\\\/gestionale-marketplace\\\/yokart-recensione\\\/\",\"name\":\"Yo!Kart: recensione software gestionale marketplace - Accurate Reviews\",\"isPartOf\":{\"@id\":\"https:\\\/\\\/www.accuratereviews.com\\\/it\\\/#website\"},\"primaryImageOfPage\":{\"@id\":\"https:\\\/\\\/www.accuratereviews.com\\\/it\\\/gestionale-marketplace\\\/yokart-recensione\\\/#primaryimage\"},\"image\":{\"@id\":\"https:\\\/\\\/www.accuratereviews.com\\\/it\\\/gestionale-marketplace\\\/yokart-recensione\\\/#primaryimage\"},\"thumbnailUrl\":\"https:\\\/\\\/www.accuratereviews.com\\\/wp-content\\\/uploads\\\/2021\\\/08\\\/unnamed.jpg\",\"datePublished\":\"2021-08-04T17:00:50+00:00\",\"description\":\"Yo!Kart: recensione software gestionale marketplace che aiuta le startup di ecommerce e venditori online esistenti a lanciare i loro negozi.\",\"breadcrumb\":{\"@id\":\"https:\\\/\\\/www.accuratereviews.com\\\/it\\\/gestionale-marketplace\\\/yokart-recensione\\\/#breadcrumb\"},\"inLanguage\":\"it-IT\",\"potentialAction\":[{\"@type\":\"ReadAction\",\"target\":[\"https:\\\/\\\/www.accuratereviews.com\\\/it\\\/gestionale-marketplace\\\/yokart-recensione\\\/\"]}]},{\"@type\":\"ImageObject\",\"inLanguage\":\"it-IT\",\"@id\":\"https:\\\/\\\/www.accuratereviews.com\\\/it\\\/gestionale-marketplace\\\/yokart-recensione\\\/#primaryimage\",\"url\":\"https:\\\/\\\/www.accuratereviews.com\\\/wp-content\\\/uploads\\\/2021\\\/08\\\/unnamed.jpg\",\"contentUrl\":\"https:\\\/\\\/www.accuratereviews.com\\\/wp-content\\\/uploads\\\/2021\\\/08\\\/unnamed.jpg\",\"width\":900,\"height\":900},{\"@type\":\"BreadcrumbList\",\"@id\":\"https:\\\/\\\/www.accuratereviews.com\\\/it\\\/gestionale-marketplace\\\/yokart-recensione\\\/#breadcrumb\",\"itemListElement\":[{\"@type\":\"ListItem\",\"position\":1,\"name\":\"Home\",\"item\":\"https:\\\/\\\/www.accuratereviews.com\\\/it\\\/\"},{\"@type\":\"ListItem\",\"position\":2,\"name\":\"Gestionale marketplace\",\"item\":\"https:\\\/\\\/www.accuratereviews.com\\\/it\\\/gestionale-marketplace\\\/\"},{\"@type\":\"ListItem\",\"position\":3,\"name\":\"Yo!Kart\"}]},{\"@type\":\"WebSite\",\"@id\":\"https:\\\/\\\/www.accuratereviews.com\\\/it\\\/#website\",\"url\":\"https:\\\/\\\/www.accuratereviews.com\\\/it\\\/\",\"name\":\"Accurate Reviews\",\"description\":\"\",\"potentialAction\":[{\"@type\":\"SearchAction\",\"target\":{\"@type\":\"EntryPoint\",\"urlTemplate\":\"https:\\\/\\\/www.accuratereviews.com\\\/it\\\/?s={search_term_string}\"},\"query-input\":{\"@type\":\"PropertyValueSpecification\",\"valueRequired\":true,\"valueName\":\"search_term_string\"}}],\"inLanguage\":\"it-IT\"}]}<\/script>\n<!-- \/ Yoast SEO plugin. -->","yoast_head_json":{"title":"Yo!Kart: recensione software gestionale marketplace - Accurate Reviews","description":"Yo!Kart: recensione software gestionale marketplace che aiuta le startup di ecommerce e venditori online esistenti a lanciare i loro negozi.","robots":{"index":"index","follow":"follow","max-snippet":"max-snippet:-1","max-image-preview":"max-image-preview:large","max-video-preview":"max-video-preview:-1"},"canonical":"https:\/\/www.accuratereviews.com\/it\/gestionale-marketplace\/yokart-recensione\/","og_locale":"it_IT","og_type":"article","og_title":"Yo!Kart: recensione software gestionale marketplace - Accurate Reviews","og_description":"Yo!Kart: recensione software gestionale marketplace che aiuta le startup di ecommerce e venditori online esistenti a lanciare i loro negozi.","og_url":"https:\/\/www.accuratereviews.com\/it\/gestionale-marketplace\/yokart-recensione\/","og_site_name":"Accurate Reviews","og_image":[{"width":900,"height":900,"url":"https:\/\/www.accuratereviews.com\/wp-content\/uploads\/2021\/08\/unnamed.jpg","type":"image\/jpeg"}],"twitter_card":"summary_large_image","twitter_misc":{"Tempo di lettura stimato":"3 minuti"},"schema":{"@context":"https:\/\/schema.org","@graph":[{"@type":"WebPage","@id":"https:\/\/www.accuratereviews.com\/it\/gestionale-marketplace\/yokart-recensione\/","url":"https:\/\/www.accuratereviews.com\/it\/gestionale-marketplace\/yokart-recensione\/","name":"Yo!Kart: recensione software gestionale marketplace - Accurate Reviews","isPartOf":{"@id":"https:\/\/www.accuratereviews.com\/it\/#website"},"primaryImageOfPage":{"@id":"https:\/\/www.accuratereviews.com\/it\/gestionale-marketplace\/yokart-recensione\/#primaryimage"},"image":{"@id":"https:\/\/www.accuratereviews.com\/it\/gestionale-marketplace\/yokart-recensione\/#primaryimage"},"thumbnailUrl":"https:\/\/www.accuratereviews.com\/wp-content\/uploads\/2021\/08\/unnamed.jpg","datePublished":"2021-08-04T17:00:50+00:00","description":"Yo!Kart: recensione software gestionale marketplace che aiuta le startup di ecommerce e venditori online esistenti a lanciare i loro negozi.","breadcrumb":{"@id":"https:\/\/www.accuratereviews.com\/it\/gestionale-marketplace\/yokart-recensione\/#breadcrumb"},"inLanguage":"it-IT","potentialAction":[{"@type":"ReadAction","target":["https:\/\/www.accuratereviews.com\/it\/gestionale-marketplace\/yokart-recensione\/"]}]},{"@type":"ImageObject","inLanguage":"it-IT","@id":"https:\/\/www.accuratereviews.com\/it\/gestionale-marketplace\/yokart-recensione\/#primaryimage","url":"https:\/\/www.accuratereviews.com\/wp-content\/uploads\/2021\/08\/unnamed.jpg","contentUrl":"https:\/\/www.accuratereviews.com\/wp-content\/uploads\/2021\/08\/unnamed.jpg","width":900,"height":900},{"@type":"BreadcrumbList","@id":"https:\/\/www.accuratereviews.com\/it\/gestionale-marketplace\/yokart-recensione\/#breadcrumb","itemListElement":[{"@type":"ListItem","position":1,"name":"Home","item":"https:\/\/www.accuratereviews.com\/it\/"},{"@type":"ListItem","position":2,"name":"Gestionale marketplace","item":"https:\/\/www.accuratereviews.com\/it\/gestionale-marketplace\/"},{"@type":"ListItem","position":3,"name":"Yo!Kart"}]},{"@type":"WebSite","@id":"https:\/\/www.accuratereviews.com\/it\/#website","url":"https:\/\/www.accuratereviews.com\/it\/","name":"Accurate Reviews","description":"","potentialAction":[{"@type":"SearchAction","target":{"@type":"EntryPoint","urlTemplate":"https:\/\/www.accuratereviews.com\/it\/?s={search_term_string}"},"query-input":{"@type":"PropertyValueSpecification","valueRequired":true,"valueName":"search_term_string"}}],"inLanguage":"it-IT"}]}},"_links":{"self":[{"href":"https:\/\/www.accuratereviews.com\/it\/wp-json\/wp\/v2\/pages\/46337","targetHints":{"allow":["GET"]}}],"collection":[{"href":"https:\/\/www.accuratereviews.com\/it\/wp-json\/wp\/v2\/pages"}],"about":[{"href":"https:\/\/www.accuratereviews.com\/it\/wp-json\/wp\/v2\/types\/page"}],"author":[{"embeddable":true,"href":"https:\/\/www.accuratereviews.com\/it\/wp-json\/wp\/v2\/users\/16"}],"replies":[{"embeddable":true,"href":"https:\/\/www.accuratereviews.com\/it\/wp-json\/wp\/v2\/comments?post=46337"}],"version-history":[{"count":10,"href":"https:\/\/www.accuratereviews.com\/it\/wp-json\/wp\/v2\/pages\/46337\/revisions"}],"predecessor-version":[{"id":46377,"href":"https:\/\/www.accuratereviews.com\/it\/wp-json\/wp\/v2\/pages\/46337\/revisions\/46377"}],"up":[{"embeddable":true,"href":"https:\/\/www.accuratereviews.com\/it\/wp-json\/wp\/v2\/pages\/46169"}],"wp:featuredmedia":[{"embeddable":true,"href":"https:\/\/www.accuratereviews.com\/it\/wp-json\/wp\/v2\/media\/46338"}],"wp:attachment":[{"href":"https:\/\/www.accuratereviews.com\/it\/wp-json\/wp\/v2\/media?parent=46337"}],"wp:term":[{"taxonomy":"category","embeddable":true,"href":"https:\/\/www.accuratereviews.com\/it\/wp-json\/wp\/v2\/categories?post=46337"},{"taxonomy":"post_tag","embeddable":true,"href":"https:\/\/www.accuratereviews.com\/it\/wp-json\/wp\/v2\/tags?post=46337"},{"taxonomy":"features","embeddable":true,"href":"https:\/\/www.accuratereviews.com\/it\/wp-json\/wp\/v2\/features?post=46337"}],"curies":[{"name":"wp","href":"https:\/\/api.w.org\/{rel}","templated":true}]}}