{"id":46351,"date":"2021-08-04T17:51:00","date_gmt":"2021-08-04T17:51:00","guid":{"rendered":"https:\/\/www.accuratereviews.com\/?page_id=46351"},"modified":"2021-08-04T17:51:00","modified_gmt":"2021-08-04T17:51:00","slug":"kreezalid-recensione","status":"publish","type":"page","link":"https:\/\/www.accuratereviews.com\/it\/gestionale-marketplace\/kreezalid-recensione\/","title":{"rendered":"Kreezalid"},"content":{"rendered":"<p><strong>Kreezalid<\/strong> \u00e8 una <strong>soluzione gestionale marketplace<\/strong> basata su <strong>cloud<\/strong> che aiuta le piccole e medie imprese a creare una piattaforma personalizzata per la gestione di contenuti, prodotti, vendite, transazioni e noleggi. Consente agli utenti di integrare funzionalit\u00e0 di ecommerce con marketplace personalizzabili, librerie di plug-in e sistemi di elaborazione dei pagamenti.\u00a0Il sistema consente alle aziende di tracciare, controllare e gestire le transazioni tramite una dashboard centralizzata. Inoltre, permette agli utenti di monitorare la crescita, le vendite e i visitatori tramite il monitoraggio statistico integrato e Google Analytics. Le caratteristiche principali di <strong>Kreezalid<\/strong> includono la gestione degli utenti e delle inserzioni, la sincronizzazione del calendario, gli strumenti di marketing, l&#8217;ottimizzazione dei motori di ricerca (SEO), la certificazione SSL, il monitoraggio dei pacchi e l&#8217;integrazione del blog.<\/p>\n<h2>KREEZALID &#8211; TUTORIAL<\/h2>\n<p>Scopri come gestire i tuoi ordin con questo<strong> gestionale marketplace<\/strong>:<\/p>\n<div id=\"fluid-wrapper-counter-1\" class=\"g1-fluid-wrapper \" style=\"width:686px;\">\n<div style=\"padding-bottom:56.268221574344%;\"><iframe loading=\"lazy\" title=\"Kreezalid: How to manage your order types on a service marketplace\" width=\"686\" height=\"386\" src=\"https:\/\/www.youtube.com\/embed\/IhpA-AI29jw?feature=oembed&amp;wmode=transparent&amp;autohide=1&amp;autoplay=0&amp;disablekb=0&amp;fs=1&amp;loop=0&amp;enablejsapi=1&amp;rel=0&amp;controls=2&amp;showinfo=0&amp;wmode=transparent&amp;autohide=2&amp;autoplay=0&amp;disablekb=0&amp;fs=1&amp;loop=0&amp;enablejsapi=1&amp;rel=0&amp;controls=2&amp;showinfo=1\" frameborder=\"0\" allow=\"accelerometer; autoplay; clipboard-write; encrypted-media; gyroscope; picture-in-picture\" allowfullscreen><\/iframe><\/div>\n<\/div>\n<h3>KREEZALID &#8211; CARATTERISTICHE<\/h3>\n<ul>\n<li><strong>Account degli utenti:<\/strong> clienti e fornitori possono creare un account sul tuo marketplace e configurare i propri profili con pochi clic. Controlla le loro informazioni di contatto e la cronologia degli ordini a colpo d&#8217;occhio.<\/li>\n<li><strong>Profili dei venditori<\/strong>: i\u00a0tuoi fornitori possono avere il proprio front-store e mostrare tutte le loro offerte in un unico posto.<\/li>\n<li><strong>Pannello dei fornitori:<\/strong> i\u00a0fornitori possono trovare e monitorare le proprie vendite sulla propria dashboard dedicata.<\/li>\n<li><strong>Gruppi di utenti e attributi<\/strong>:\u00a0puoi classificare gli utenti in base a vari criteri in modo da poter personalizzare l&#8217;esperienza utente per ciascun gruppo.<\/li>\n<li><strong>Gateway di pagamento specializzati<\/strong>: il programma\u00a0\u00e8 partner ufficiale di Mangopay e Stripe Connect. Questi servizi di pagamento di terze parti sono nativamente integrati con la soluzione.<\/li>\n<li><strong>Impegno e commissione<\/strong>: la\u00a0soluzione di pagamento integrate consentono una gestione senza soluzione di continuit\u00e0 di escrow e commissioni.<\/li>\n<li><strong>Modelli di posta elettronica<\/strong>: il software\u00a0fornisce email transazionali automatizzate che puoi personalizzare come desideri.<\/li>\n<li><strong>Gestisci la tua attivit\u00e0 in un unico posto<\/strong>: accedi a una dashboard unificata per gestire facilmente il tuo marketplace. Traccia, controlla e modera elenchi, utenti e transazioni. Monitora la crescita del tuo mercato con statistiche di monitoraggio integrate e un rapido accesso a Google Analytics.<\/li>\n<li><strong>Amministrazione delle inserzioni<\/strong>: il nostro generatore di inserzioni consente ai tuoi fornitori di creare inserzioni efficaci in un unico passaggio. Puoi impostare vari moduli di creazione delle inserzioni con campi personalizzati per ogni categoria di inserzioni.<\/li>\n<li><strong>Organizzazione della quotazione<\/strong>:\u00a0puoi gestire facilmente il tuo intero catalogo di offerte. Le inserzioni possono essere organizzate per categoria e tipologia (prodotti fisici, prodotti digitali, servizi, noleggio).<\/li>\n<li><strong>Moderazione delle inserzioni<\/strong>: mantieni il controllo delle inserzioni pubblicate sul tuo marketplace con moderazione prima o dopo la pubblicazione.<\/li>\n<li><strong>Importa\/Esporta<\/strong>: esporta la tua scheda dal pannello di amministrazione in qualsiasi momento utilizzando i file CSV. L&#8217;importazione massiccia di dati pu\u00f2 essere eseguita dal team su richiesta.<\/li>\n<li><strong>Prodotti:<\/strong> i\u00a0clienti possono ordinare beni fisici dal tuo mercato online e scegliere tra i metodi di consegna che hai impostato per i tuoi fornitori. Dotato di carrello multi-acquisto: i clienti possono acquistare contemporaneamente da pi\u00f9 fornitori.<\/li>\n<li><strong>Servizi e noleggio:<\/strong> i\u00a0clienti possono prenotare servizi o noleggiare un bene dal tuo marketplace online. Possono effettuare una prenotazione per un periodo o una singola data selezionando le fasce orarie disponibili sul calendario degli annunci.<\/li>\n<\/ul>\n<h4>LE RECENSIONI DEGLI UTENTI<\/h4>\n<p class=\"font-weight-bold mb-1 d-flex align-items-center\"><strong>Louise G.&#8221;Consiglio Kreezalid!&#8221;<\/strong><\/p>\n<p><strong>Commenti:\u00a0<\/strong>Nel complesso sono ancora molto soddisfatto.\u00a0Sono stato in grado di lanciare un sito a tempo di record con UX e qualit\u00e0 visiva molto vicini a quello che mi sarebbe piaciuto se avessi sviluppato il mio sito da un capo all&#8217;altro.<br \/>\nLe squadre rispondono sempre e danno il massimo. Ed \u00e8 possibile sviluppare gli strumenti con loro. Kreezalid racchiude molti vantaggi.<\/p>\n<p><strong>Pro:\u00a0<\/strong>Forti possibilit\u00e0 di personalizzazione del mercato. UX piuttosto interessante. Team di ascolto e prodotto in continua evoluzione.<\/p>\n<p><strong>Contro:\u00a0<\/strong>Strumenti che richiedono regolarmente conoscenze tecniche -&gt; non possono essere gestiti in modo indipendente senza supporto tecnico al di fuori dei team Kreezalid.\u00a0Nessuna visibilit\u00e0 sugli sviluppi futuri.<\/p>\n<p class=\"font-weight-bold mb-1 d-flex align-items-center\"><strong>Alexander H.&#8221;Uno dei migliori&#8221;<\/strong><\/p>\n<p><strong>Commenti:\u00a0<\/strong>Positivo. Uno dei migliori sul mercato a destra.\u00a0Anche se sono stato sfortunato a colpire un periodo, quando tutto Kreezalid era impegnato con lo sviluppo finale di un aggiornamento e, allo stesso tempo, si stava preparando per un Tech-Event. Quindi il tempo di risposta dal supporto era inaccettabile. Detto questo, il supporto \u00e8 stato molto professionale e pronto ad aiutare, una volta superato.<\/p>\n<p><strong>Vantaggi:\u00a0<\/strong>Le possibilit\u00e0 che ha dato per creare una piattaforma di trading e servizi dall&#8217;aspetto professionale e il prezzo.<\/p>\n<p><strong>Inconvenienti:\u00a0<\/strong>La curva di apprendimento \u00e8 un po&#8217; ripida all&#8217;inizio, a causa del layout non completamente intuitivo. Ma dopo averci provato per un paio di giorni, ci prendi la mano. E Kreezalid sta aggiungendo guide.<\/p>\n<p class=\"font-weight-bold mb-1 d-flex align-items-center\"><strong>Camilla A.&#8221;Un costruttore di marketplace potente e facile da usare&#8221;<\/strong><\/p>\n<p><strong>Pro:\u00a0<\/strong>Adoro l&#8217;interfaccia facile da usare e il fatto che ci siano cos\u00ec tante funzionalit\u00e0 disponibili. Questo \u00e8 ci\u00f2 che rende Kreezalid una delle migliori soluzioni di mercato. Non hai bisogno di un background tecnico, ma puoi facilmente creare il tuo sito con funzionalit\u00e0 di trascinamento della selezione.<\/p>\n<p><strong>Contro:\u00a0<\/strong>Come tutti i prodotti software, ci sono sempre alcuni bug e\/o limitazioni. Ma nel complesso, \u00e8 uno strumento potente considerando che non \u00e8 necessaria alcuna codifica personalizzata per ottenere una piattaforma completamente funzionale.<\/p>\n","protected":false},"excerpt":{"rendered":"<p>Kreezalid \u00e8 una soluzione gestionale marketplace basata su cloud che aiuta le piccole e medie imprese a creare una piattaforma personalizzata per la gestione di contenuti, prodotti, vendite, transazioni e noleggi. Consente agli utenti di integrare funzionalit\u00e0 di ecommerce con marketplace personalizzabili, librerie di plug-in e sistemi di elaborazione dei pagamenti.\u00a0<\/p>\n","protected":false},"author":16,"featured_media":46352,"parent":46169,"menu_order":0,"comment_status":"open","ping_status":"closed","template":"g1_template_page_review_new.php","meta":{"_acf_changed":false,"cwp_meta_box_check":"Yes","cwp_rev_product_name":"","cwp_rev_product_image":"","wppr_links":[],"cwp_rev_price":"","wppr_options":[],"wppr_pros":[],"wppr_cons":[],"_monsterinsights_skip_tracking":false,"_monsterinsights_sitenote_active":false,"_monsterinsights_sitenote_note":"","_monsterinsights_sitenote_category":0,"footnotes":""},"categories":[10817],"tags":[396,10857,10866,10840,10839,10819,10863],"features":[],"class_list":{"0":"post-46351","1":"page","2":"type-page","3":"status-publish","4":"has-post-thumbnail","6":"category-gestionale-marketplace-cat","7":"tag-cloud","8":"tag-gestione-marketpalce","9":"tag-kreezalid","10":"tag-piattaforma-gestione-marketplace","11":"tag-programma-gestione-marketplace","12":"tag-software-gestionale-marketpalce","13":"tag-soluzione-gestionale-marketplace"},"wppr_data":{"cwp_meta_box_check":"Yes","cwp_rev_product_name":"","cwp_rev_product_image":"","cwp_image_link":"image","cwp_rev_price":"","wppr_rating":"0.00"},"acf":[],"yoast_head":"<!-- This site is optimized with the Yoast SEO plugin v27.4 - https:\/\/yoast.com\/product\/yoast-seo-wordpress\/ -->\n<title>Kreezalid: recensione gestione marketplace - Accurate Reviews<\/title>\n<meta name=\"description\" content=\"Kreezalid: recensione soluzione gestionale marketplace basata su cloud per la gestione di contenuti, prodotti, vendite, transazioni e noleggi.\" \/>\n<meta name=\"robots\" content=\"index, follow, max-snippet:-1, max-image-preview:large, max-video-preview:-1\" \/>\n<link rel=\"canonical\" href=\"https:\/\/www.accuratereviews.com\/it\/gestionale-marketplace\/kreezalid-recensione\/\" \/>\n<meta property=\"og:locale\" content=\"it_IT\" \/>\n<meta property=\"og:type\" content=\"article\" \/>\n<meta property=\"og:title\" content=\"Kreezalid: recensione gestione marketplace - Accurate Reviews\" \/>\n<meta property=\"og:description\" content=\"Kreezalid: recensione soluzione gestionale marketplace basata su cloud per la gestione di contenuti, prodotti, vendite, transazioni e noleggi.\" \/>\n<meta property=\"og:url\" content=\"https:\/\/www.accuratereviews.com\/it\/gestionale-marketplace\/kreezalid-recensione\/\" \/>\n<meta property=\"og:site_name\" content=\"Accurate Reviews\" \/>\n<meta property=\"og:image\" content=\"https:\/\/www.accuratereviews.com\/wp-content\/uploads\/2021\/08\/Kreezalid.jpg\" \/>\n\t<meta property=\"og:image:width\" content=\"400\" \/>\n\t<meta property=\"og:image:height\" content=\"400\" \/>\n\t<meta property=\"og:image:type\" content=\"image\/jpeg\" \/>\n<meta name=\"twitter:card\" content=\"summary_large_image\" \/>\n<meta name=\"twitter:label1\" content=\"Tempo di lettura stimato\" \/>\n\t<meta name=\"twitter:data1\" content=\"4 minuti\" \/>\n<script type=\"application\/ld+json\" class=\"yoast-schema-graph\">{\"@context\":\"https:\\\/\\\/schema.org\",\"@graph\":[{\"@type\":\"WebPage\",\"@id\":\"https:\\\/\\\/www.accuratereviews.com\\\/it\\\/gestionale-marketplace\\\/kreezalid-recensione\\\/\",\"url\":\"https:\\\/\\\/www.accuratereviews.com\\\/it\\\/gestionale-marketplace\\\/kreezalid-recensione\\\/\",\"name\":\"Kreezalid: recensione gestione marketplace - Accurate Reviews\",\"isPartOf\":{\"@id\":\"https:\\\/\\\/www.accuratereviews.com\\\/it\\\/#website\"},\"primaryImageOfPage\":{\"@id\":\"https:\\\/\\\/www.accuratereviews.com\\\/it\\\/gestionale-marketplace\\\/kreezalid-recensione\\\/#primaryimage\"},\"image\":{\"@id\":\"https:\\\/\\\/www.accuratereviews.com\\\/it\\\/gestionale-marketplace\\\/kreezalid-recensione\\\/#primaryimage\"},\"thumbnailUrl\":\"https:\\\/\\\/www.accuratereviews.com\\\/wp-content\\\/uploads\\\/2021\\\/08\\\/Kreezalid.jpg\",\"datePublished\":\"2021-08-04T17:51:00+00:00\",\"description\":\"Kreezalid: recensione soluzione gestionale marketplace basata su cloud per la gestione di contenuti, prodotti, vendite, transazioni e noleggi.\",\"breadcrumb\":{\"@id\":\"https:\\\/\\\/www.accuratereviews.com\\\/it\\\/gestionale-marketplace\\\/kreezalid-recensione\\\/#breadcrumb\"},\"inLanguage\":\"it-IT\",\"potentialAction\":[{\"@type\":\"ReadAction\",\"target\":[\"https:\\\/\\\/www.accuratereviews.com\\\/it\\\/gestionale-marketplace\\\/kreezalid-recensione\\\/\"]}]},{\"@type\":\"ImageObject\",\"inLanguage\":\"it-IT\",\"@id\":\"https:\\\/\\\/www.accuratereviews.com\\\/it\\\/gestionale-marketplace\\\/kreezalid-recensione\\\/#primaryimage\",\"url\":\"https:\\\/\\\/www.accuratereviews.com\\\/wp-content\\\/uploads\\\/2021\\\/08\\\/Kreezalid.jpg\",\"contentUrl\":\"https:\\\/\\\/www.accuratereviews.com\\\/wp-content\\\/uploads\\\/2021\\\/08\\\/Kreezalid.jpg\",\"width\":400,\"height\":400},{\"@type\":\"BreadcrumbList\",\"@id\":\"https:\\\/\\\/www.accuratereviews.com\\\/it\\\/gestionale-marketplace\\\/kreezalid-recensione\\\/#breadcrumb\",\"itemListElement\":[{\"@type\":\"ListItem\",\"position\":1,\"name\":\"Home\",\"item\":\"https:\\\/\\\/www.accuratereviews.com\\\/it\\\/\"},{\"@type\":\"ListItem\",\"position\":2,\"name\":\"Gestionale marketplace\",\"item\":\"https:\\\/\\\/www.accuratereviews.com\\\/it\\\/gestionale-marketplace\\\/\"},{\"@type\":\"ListItem\",\"position\":3,\"name\":\"Kreezalid\"}]},{\"@type\":\"WebSite\",\"@id\":\"https:\\\/\\\/www.accuratereviews.com\\\/it\\\/#website\",\"url\":\"https:\\\/\\\/www.accuratereviews.com\\\/it\\\/\",\"name\":\"Accurate Reviews\",\"description\":\"\",\"potentialAction\":[{\"@type\":\"SearchAction\",\"target\":{\"@type\":\"EntryPoint\",\"urlTemplate\":\"https:\\\/\\\/www.accuratereviews.com\\\/it\\\/?s={search_term_string}\"},\"query-input\":{\"@type\":\"PropertyValueSpecification\",\"valueRequired\":true,\"valueName\":\"search_term_string\"}}],\"inLanguage\":\"it-IT\"}]}<\/script>\n<!-- \/ Yoast SEO plugin. -->","yoast_head_json":{"title":"Kreezalid: recensione gestione marketplace - Accurate Reviews","description":"Kreezalid: recensione soluzione gestionale marketplace basata su cloud per la gestione di contenuti, prodotti, vendite, transazioni e noleggi.","robots":{"index":"index","follow":"follow","max-snippet":"max-snippet:-1","max-image-preview":"max-image-preview:large","max-video-preview":"max-video-preview:-1"},"canonical":"https:\/\/www.accuratereviews.com\/it\/gestionale-marketplace\/kreezalid-recensione\/","og_locale":"it_IT","og_type":"article","og_title":"Kreezalid: recensione gestione marketplace - Accurate Reviews","og_description":"Kreezalid: recensione soluzione gestionale marketplace basata su cloud per la gestione di contenuti, prodotti, vendite, transazioni e noleggi.","og_url":"https:\/\/www.accuratereviews.com\/it\/gestionale-marketplace\/kreezalid-recensione\/","og_site_name":"Accurate Reviews","og_image":[{"width":400,"height":400,"url":"https:\/\/www.accuratereviews.com\/wp-content\/uploads\/2021\/08\/Kreezalid.jpg","type":"image\/jpeg"}],"twitter_card":"summary_large_image","twitter_misc":{"Tempo di lettura stimato":"4 minuti"},"schema":{"@context":"https:\/\/schema.org","@graph":[{"@type":"WebPage","@id":"https:\/\/www.accuratereviews.com\/it\/gestionale-marketplace\/kreezalid-recensione\/","url":"https:\/\/www.accuratereviews.com\/it\/gestionale-marketplace\/kreezalid-recensione\/","name":"Kreezalid: recensione gestione marketplace - Accurate Reviews","isPartOf":{"@id":"https:\/\/www.accuratereviews.com\/it\/#website"},"primaryImageOfPage":{"@id":"https:\/\/www.accuratereviews.com\/it\/gestionale-marketplace\/kreezalid-recensione\/#primaryimage"},"image":{"@id":"https:\/\/www.accuratereviews.com\/it\/gestionale-marketplace\/kreezalid-recensione\/#primaryimage"},"thumbnailUrl":"https:\/\/www.accuratereviews.com\/wp-content\/uploads\/2021\/08\/Kreezalid.jpg","datePublished":"2021-08-04T17:51:00+00:00","description":"Kreezalid: recensione soluzione gestionale marketplace basata su cloud per la gestione di contenuti, prodotti, vendite, transazioni e noleggi.","breadcrumb":{"@id":"https:\/\/www.accuratereviews.com\/it\/gestionale-marketplace\/kreezalid-recensione\/#breadcrumb"},"inLanguage":"it-IT","potentialAction":[{"@type":"ReadAction","target":["https:\/\/www.accuratereviews.com\/it\/gestionale-marketplace\/kreezalid-recensione\/"]}]},{"@type":"ImageObject","inLanguage":"it-IT","@id":"https:\/\/www.accuratereviews.com\/it\/gestionale-marketplace\/kreezalid-recensione\/#primaryimage","url":"https:\/\/www.accuratereviews.com\/wp-content\/uploads\/2021\/08\/Kreezalid.jpg","contentUrl":"https:\/\/www.accuratereviews.com\/wp-content\/uploads\/2021\/08\/Kreezalid.jpg","width":400,"height":400},{"@type":"BreadcrumbList","@id":"https:\/\/www.accuratereviews.com\/it\/gestionale-marketplace\/kreezalid-recensione\/#breadcrumb","itemListElement":[{"@type":"ListItem","position":1,"name":"Home","item":"https:\/\/www.accuratereviews.com\/it\/"},{"@type":"ListItem","position":2,"name":"Gestionale marketplace","item":"https:\/\/www.accuratereviews.com\/it\/gestionale-marketplace\/"},{"@type":"ListItem","position":3,"name":"Kreezalid"}]},{"@type":"WebSite","@id":"https:\/\/www.accuratereviews.com\/it\/#website","url":"https:\/\/www.accuratereviews.com\/it\/","name":"Accurate Reviews","description":"","potentialAction":[{"@type":"SearchAction","target":{"@type":"EntryPoint","urlTemplate":"https:\/\/www.accuratereviews.com\/it\/?s={search_term_string}"},"query-input":{"@type":"PropertyValueSpecification","valueRequired":true,"valueName":"search_term_string"}}],"inLanguage":"it-IT"}]}},"_links":{"self":[{"href":"https:\/\/www.accuratereviews.com\/it\/wp-json\/wp\/v2\/pages\/46351","targetHints":{"allow":["GET"]}}],"collection":[{"href":"https:\/\/www.accuratereviews.com\/it\/wp-json\/wp\/v2\/pages"}],"about":[{"href":"https:\/\/www.accuratereviews.com\/it\/wp-json\/wp\/v2\/types\/page"}],"author":[{"embeddable":true,"href":"https:\/\/www.accuratereviews.com\/it\/wp-json\/wp\/v2\/users\/16"}],"replies":[{"embeddable":true,"href":"https:\/\/www.accuratereviews.com\/it\/wp-json\/wp\/v2\/comments?post=46351"}],"version-history":[{"count":6,"href":"https:\/\/www.accuratereviews.com\/it\/wp-json\/wp\/v2\/pages\/46351\/revisions"}],"predecessor-version":[{"id":46383,"href":"https:\/\/www.accuratereviews.com\/it\/wp-json\/wp\/v2\/pages\/46351\/revisions\/46383"}],"up":[{"embeddable":true,"href":"https:\/\/www.accuratereviews.com\/it\/wp-json\/wp\/v2\/pages\/46169"}],"wp:featuredmedia":[{"embeddable":true,"href":"https:\/\/www.accuratereviews.com\/it\/wp-json\/wp\/v2\/media\/46352"}],"wp:attachment":[{"href":"https:\/\/www.accuratereviews.com\/it\/wp-json\/wp\/v2\/media?parent=46351"}],"wp:term":[{"taxonomy":"category","embeddable":true,"href":"https:\/\/www.accuratereviews.com\/it\/wp-json\/wp\/v2\/categories?post=46351"},{"taxonomy":"post_tag","embeddable":true,"href":"https:\/\/www.accuratereviews.com\/it\/wp-json\/wp\/v2\/tags?post=46351"},{"taxonomy":"features","embeddable":true,"href":"https:\/\/www.accuratereviews.com\/it\/wp-json\/wp\/v2\/features?post=46351"}],"curies":[{"name":"wp","href":"https:\/\/api.w.org\/{rel}","templated":true}]}}