{"id":46392,"date":"2021-08-05T15:09:26","date_gmt":"2021-08-05T15:09:26","guid":{"rendered":"https:\/\/www.accuratereviews.com\/?page_id=46392"},"modified":"2021-08-05T15:09:26","modified_gmt":"2021-08-05T15:09:26","slug":"canibuild-recensione","status":"publish","type":"page","link":"https:\/\/www.accuratereviews.com\/it\/gestionale-marketplace\/canibuild-recensione\/","title":{"rendered":"Canibuild"},"content":{"rendered":"<p><strong>Canibuild<\/strong> \u00e8 una soluzione basata su <strong>cloud<\/strong> che aiuta le piccole e grandi aziende del settore edile a<strong> gestire progetti<\/strong>, documenti, lead, cataloghi prezzi e altro ancora. Consente ai costruttori di cercare propriet\u00e0 in tutta l&#8217;Australia, analizzare i regolamenti comunali della zona e preparare un piano per costruire complessi residenziali, piscine o appartamenti. L&#8217;applicazione consente alle aziende di creare profili utente e registrare le informazioni sui clienti in un database centralizzato. <strong>Canibuild<\/strong> permette ai professionisti di automatizzare i processi di vendita ricevendo direttamente richieste di preventivo da fornitori e inviando preventivi finali ai clienti all&#8217;interno di una dashboard unificata. Inoltre, gli amministratori possono creare attivit\u00e0, caricare file multimediali e condividere piani architetturali con membri del team e clienti esterni.<\/p>\n<h2>CANIBUILD &#8211; TUTORIAL<\/h2>\n<p>Guardiamo come effettuare una panoramica aerea utilizzando questo <strong>software gestionale marketplace<\/strong>:<\/p>\n<div id=\"fluid-wrapper-counter-1\" class=\"g1-fluid-wrapper \" style=\"width:686px;\">\n<div style=\"padding-bottom:56.268221574344%;\"><iframe loading=\"lazy\" title=\"1. Getting Started - Virtual Site Visits\" width=\"686\" height=\"386\" src=\"https:\/\/www.youtube.com\/embed\/Jdnov2m9HYg?feature=oembed&amp;wmode=transparent&amp;autohide=1&amp;autoplay=0&amp;disablekb=0&amp;fs=1&amp;loop=0&amp;enablejsapi=1&amp;rel=0&amp;controls=2&amp;showinfo=0&amp;wmode=transparent&amp;autohide=2&amp;autoplay=0&amp;disablekb=0&amp;fs=1&amp;loop=0&amp;enablejsapi=1&amp;rel=0&amp;controls=2&amp;showinfo=1\" frameborder=\"0\" allow=\"accelerometer; autoplay; clipboard-write; encrypted-media; gyroscope; picture-in-picture\" allowfullscreen><\/iframe><\/div>\n<\/div>\n<h3>CANIBUILD &#8211; CARATTERISTICHE<\/h3>\n<ul>\n<li><strong>Accesso istantaneo alle informazioni del sito<\/strong>: immagini istantanee ad alta risoluzione e contorni della propriet\u00e0<\/li>\n<li><strong>Studi di fattibilit\u00e0<\/strong>: controlla le battute d&#8217;arresto e le regole di pianificazione per valutazioni rapide di fattibilit\u00e0<\/li>\n<li><strong>Genera preventivi in \u200b\u200bpochi minuti<\/strong>: genera automaticamente piani architettonici pronti entro 24 ore<\/li>\n<li><strong>Contorni e pendenza del sito<\/strong>: visualizza istantaneamente linee di contorno da 250 mm e scarica i file DWG<\/li>\n<li><strong>Scegli il tuo design<\/strong>: carica i tuoi disegni, scegli ci\u00f2 che si adatta e posiziona su qualsiasi sito<\/li>\n<li><strong>Posiziona e ruota<\/strong>: sposta e ruota il tuo disegno in scala fino a che sei soddisfatto della posizione<\/li>\n<li><strong>Misurare<\/strong>: determinare le dimensioni e l&#8217;area con precisione senza dover recarti sul posto<\/li>\n<li><strong>Gestisci i tuoi progetti<\/strong>: organizza facilmente i tuoi progetti delineando il prezzo, il nome, le dimensioni e la descrizione<\/li>\n<li><strong>Piani del sito generati<\/strong> <strong>automaticamente<\/strong>: con un solo clic, i piani del sito sono pronti\u00a0da scaricare<\/li>\n<li><strong>Citazioni istantanee<\/strong>: crea preventivi redditizi che riflettano costi e condizioni del sito precisi ogni volta<\/li>\n<li><strong>Gestisci i prezzi:<\/strong> centralizza tutti i prezzi e le specifiche con le modifiche entrate immediatamente in vigore<\/li>\n<li><strong>Proposte di marca<\/strong>: personalizza i tuoi colori e la tua compagnia\u00a0branding e inviare preventivi ai clienti all&#8217;istante.<\/li>\n<li><strong>Limita gli articoli del preventivo in base al design<\/strong>: cita solo ci\u00f2 che \u00e8 valido e controlla ci\u00f2 che il tuo team di vendita pu\u00f2 scegliere \u00a0in modo specifico per i design.<\/li>\n<\/ul>\n<h4>LE RECENSIONI DEGLI UTENTI<\/h4>\n<p class=\"font-weight-bold mb-1 d-flex align-items-center\"><strong>Velentina P.&#8221;Apparecchio incredibile per ottenere dati sull&#8217;organizzazione del momento e approvazioni rapide della struttura&#8221;<\/strong><\/p>\n<p><strong>Pro:\u00a0<\/strong>Questo programma \u00e8 cos\u00ec naturale da usare. Avere la possibilit\u00e0 di accedere a dati come difficolt\u00e0, moduli, dati del sito praticamente in pochissimo tempo e prima di un cliente \u00e8 un netto vantaggio e un tale trucco. In effetti, anche avere la possibilit\u00e0 di organizzare moduli e cos\u00ec via dal programma rende tutto molto pi\u00f9 semplice. Davvero non hai bisogno di nessun altro programma<\/p>\n<p><strong>Contro:\u00a0<\/strong>Alcuni dati non vengono aggiornati dalla fonte che quindi, a quel punto, non possiamo utilizzare il programma per quella richiesta<\/p>\n<p class=\"font-weight-bold mb-1 d-flex align-items-center\"><strong>Kylie S.<span style=\"font-size: 16px;\">&#8220;Il programma \u00e8 un punto di svolta!!&#8221;<\/span><\/strong><\/p>\n<div class=\"site-main\" role=\"main\">\n<section id=\"reviews\" class=\"mb-5 review-section\">\n<div class=\"i18n-translation_container review-card pt-4 py-3 py-md-5 border-bottom border-primary i18n-translation_translated\" data-translation-id=\"2456014\" data-translation-target=\"original\" data-container-view=\"ca-review\">\n<div class=\"container\">\n<div class=\"row\">\n<div class=\"col-lg-6 pl-lg-5\">\n<p><strong>Commenti:\u00a0<\/strong>Con il personale a diversi livelli di apprendimento pu\u00f2 rendere le cose a volte complicate, tuttavia, &#8220;Posso costruire&#8221; \u00e8 davvero facile da usare per tutte le et\u00e0 e capacit\u00e0 di apprendimento.\u00a0Abbiamo avuto a che fare con il servizio clienti fino ad oggi \u00e8 stato eccezionale. Hanno considerato ci\u00f2 di cui l&#8217;industria ha bisogno e lo hanno fornito. Ben fatto ragazzi!! \u00c8 ancora solo una novit\u00e0 per Kurmond Homes, tuttavia \u00e8 un dono di Dio e siamo entusiasti di testare tutte le funzionalit\u00e0 e utilizzarle al massimo delle sue potenzialit\u00e0!!<\/p>\n<p><strong>Pro:\u00a0<\/strong>Questo programma \u00e8 cos\u00ec facile da usare e fornisce cos\u00ec tante informazioni in anticipo.\u00a0Essere in grado di accedere a informazioni come battute d&#8217;arresto, contorni, informazioni sul sito, tutto in pochi minuti e di fronte a un cliente \u00e8 un punto di svolta e un tale risparmio di tempo. Anche essere in grado di ordinare contorni ecc. dal programma rende tutto molto pi\u00f9 semplice. Non hai davvero bisogno di nessun altro programma&#8230;.<\/p>\n<p><strong>Contro:\u00a0<\/strong>Siamo entusiasti di avere tutti i consigli caricati nel sistema che mostrer\u00e0 le battute d&#8217;arresto DA e le battute d&#8217;arresto CDC.<\/p>\n<p class=\"font-weight-bold mb-1 d-flex align-items-center\"><strong>Jody C.&#8221;Recensione Canibuild&#8221;<\/strong><\/p>\n<p><strong>Commenti:\u00a0<\/strong>Grande. Sono molto felice.<\/p>\n<p><strong>Pro:\u00a0<\/strong>Amo il supporto che ricevo. Non importa a che ora o in che giorno. Posso costruire sempre fare di tutto per aiutare e assicurarmi che offrano ci\u00f2 che possono per supportare la mia attivit\u00e0 e rendere la mia vita 100 volte pi\u00f9 semplice.<\/p>\n<p><strong>Contro:\u00a0<\/strong>Sar\u00e0 buono quando posso usare il software per inviare DA. Non solo CDC e forse in futuro posso usarlo per ponti\/pergole ecc<\/p>\n<\/div>\n<\/div>\n<\/div>\n<\/div>\n<\/section>\n<\/div>\n<p>&nbsp;<\/p>\n","protected":false},"excerpt":{"rendered":"<p>Canibuild \u00e8 una soluzione basata su cloud che aiuta le piccole e grandi aziende del settore edile a gestire progetti, documenti, lead, cataloghi prezzi e altro ancora. Consente ai costruttori di cercare propriet\u00e0 in tutta l&#8217;Australia, analizzare i regolamenti comunali della zona e preparare un piano per costruire complessi residenziali, piscine o appartamenti.<\/p>\n","protected":false},"author":16,"featured_media":46393,"parent":46169,"menu_order":0,"comment_status":"open","ping_status":"closed","template":"g1_template_page_review_new.php","meta":{"_acf_changed":false,"cwp_meta_box_check":"Yes","cwp_rev_product_name":"","cwp_rev_product_image":"","wppr_links":[],"cwp_rev_price":"","wppr_options":[],"wppr_pros":[],"wppr_cons":[],"_monsterinsights_skip_tracking":false,"_monsterinsights_sitenote_active":false,"_monsterinsights_sitenote_note":"","_monsterinsights_sitenote_category":0,"footnotes":""},"categories":[10817],"tags":[10884,396,10822,10840,10839,10842,10841],"features":[],"class_list":{"0":"post-46392","1":"page","2":"type-page","3":"status-publish","4":"has-post-thumbnail","6":"category-gestionale-marketplace-cat","7":"tag-canibuild","8":"tag-cloud","9":"tag-gestione-marketplace","10":"tag-piattaforma-gestione-marketplace","11":"tag-programma-gestione-marketplace","12":"tag-software-gestione-marketplace","13":"tag-soluzione-gestione-marketplace"},"wppr_data":{"cwp_meta_box_check":"Yes","cwp_rev_product_name":"","cwp_rev_product_image":"","cwp_image_link":"image","cwp_rev_price":"","wppr_rating":"0.00"},"acf":[],"yoast_head":"<!-- This site is optimized with the Yoast SEO plugin v27.4 - https:\/\/yoast.com\/product\/yoast-seo-wordpress\/ -->\n<title>Canibuild: recensione software gestione marketplace - Accurate Reviews<\/title>\n<meta name=\"description\" content=\"Canibuild: recensione soluzione basata su cloud che aiuta le aziende del settore edile a gestire progetti, documenti, lead, cataloghi e prezzi\" \/>\n<meta name=\"robots\" content=\"index, follow, max-snippet:-1, max-image-preview:large, max-video-preview:-1\" \/>\n<link rel=\"canonical\" href=\"https:\/\/www.accuratereviews.com\/it\/gestionale-marketplace\/canibuild-recensione\/\" \/>\n<meta property=\"og:locale\" content=\"it_IT\" \/>\n<meta property=\"og:type\" content=\"article\" \/>\n<meta property=\"og:title\" content=\"Canibuild: recensione software gestione marketplace - Accurate Reviews\" \/>\n<meta property=\"og:description\" content=\"Canibuild: recensione soluzione basata su cloud che aiuta le aziende del settore edile a gestire progetti, documenti, lead, cataloghi e prezzi\" \/>\n<meta property=\"og:url\" content=\"https:\/\/www.accuratereviews.com\/it\/gestionale-marketplace\/canibuild-recensione\/\" \/>\n<meta property=\"og:site_name\" content=\"Accurate Reviews\" \/>\n<meta property=\"og:image\" content=\"https:\/\/www.accuratereviews.com\/wp-content\/uploads\/2021\/08\/canibuild_logo.jpg\" \/>\n\t<meta property=\"og:image:width\" content=\"1200\" \/>\n\t<meta property=\"og:image:height\" content=\"627\" \/>\n\t<meta property=\"og:image:type\" content=\"image\/jpeg\" \/>\n<meta name=\"twitter:card\" content=\"summary_large_image\" \/>\n<meta name=\"twitter:label1\" content=\"Tempo di lettura stimato\" \/>\n\t<meta name=\"twitter:data1\" content=\"4 minuti\" \/>\n<script type=\"application\/ld+json\" class=\"yoast-schema-graph\">{\"@context\":\"https:\\\/\\\/schema.org\",\"@graph\":[{\"@type\":\"WebPage\",\"@id\":\"https:\\\/\\\/www.accuratereviews.com\\\/it\\\/gestionale-marketplace\\\/canibuild-recensione\\\/\",\"url\":\"https:\\\/\\\/www.accuratereviews.com\\\/it\\\/gestionale-marketplace\\\/canibuild-recensione\\\/\",\"name\":\"Canibuild: recensione software gestione marketplace - Accurate Reviews\",\"isPartOf\":{\"@id\":\"https:\\\/\\\/www.accuratereviews.com\\\/it\\\/#website\"},\"primaryImageOfPage\":{\"@id\":\"https:\\\/\\\/www.accuratereviews.com\\\/it\\\/gestionale-marketplace\\\/canibuild-recensione\\\/#primaryimage\"},\"image\":{\"@id\":\"https:\\\/\\\/www.accuratereviews.com\\\/it\\\/gestionale-marketplace\\\/canibuild-recensione\\\/#primaryimage\"},\"thumbnailUrl\":\"https:\\\/\\\/www.accuratereviews.com\\\/wp-content\\\/uploads\\\/2021\\\/08\\\/canibuild_logo.jpg\",\"datePublished\":\"2021-08-05T15:09:26+00:00\",\"description\":\"Canibuild: recensione soluzione basata su cloud che aiuta le aziende del settore edile a gestire progetti, documenti, lead, cataloghi e prezzi\",\"breadcrumb\":{\"@id\":\"https:\\\/\\\/www.accuratereviews.com\\\/it\\\/gestionale-marketplace\\\/canibuild-recensione\\\/#breadcrumb\"},\"inLanguage\":\"it-IT\",\"potentialAction\":[{\"@type\":\"ReadAction\",\"target\":[\"https:\\\/\\\/www.accuratereviews.com\\\/it\\\/gestionale-marketplace\\\/canibuild-recensione\\\/\"]}]},{\"@type\":\"ImageObject\",\"inLanguage\":\"it-IT\",\"@id\":\"https:\\\/\\\/www.accuratereviews.com\\\/it\\\/gestionale-marketplace\\\/canibuild-recensione\\\/#primaryimage\",\"url\":\"https:\\\/\\\/www.accuratereviews.com\\\/wp-content\\\/uploads\\\/2021\\\/08\\\/canibuild_logo.jpg\",\"contentUrl\":\"https:\\\/\\\/www.accuratereviews.com\\\/wp-content\\\/uploads\\\/2021\\\/08\\\/canibuild_logo.jpg\",\"width\":1200,\"height\":627},{\"@type\":\"BreadcrumbList\",\"@id\":\"https:\\\/\\\/www.accuratereviews.com\\\/it\\\/gestionale-marketplace\\\/canibuild-recensione\\\/#breadcrumb\",\"itemListElement\":[{\"@type\":\"ListItem\",\"position\":1,\"name\":\"Home\",\"item\":\"https:\\\/\\\/www.accuratereviews.com\\\/it\\\/\"},{\"@type\":\"ListItem\",\"position\":2,\"name\":\"Gestionale marketplace\",\"item\":\"https:\\\/\\\/www.accuratereviews.com\\\/it\\\/gestionale-marketplace\\\/\"},{\"@type\":\"ListItem\",\"position\":3,\"name\":\"Canibuild\"}]},{\"@type\":\"WebSite\",\"@id\":\"https:\\\/\\\/www.accuratereviews.com\\\/it\\\/#website\",\"url\":\"https:\\\/\\\/www.accuratereviews.com\\\/it\\\/\",\"name\":\"Accurate Reviews\",\"description\":\"\",\"potentialAction\":[{\"@type\":\"SearchAction\",\"target\":{\"@type\":\"EntryPoint\",\"urlTemplate\":\"https:\\\/\\\/www.accuratereviews.com\\\/it\\\/?s={search_term_string}\"},\"query-input\":{\"@type\":\"PropertyValueSpecification\",\"valueRequired\":true,\"valueName\":\"search_term_string\"}}],\"inLanguage\":\"it-IT\"}]}<\/script>\n<!-- \/ Yoast SEO plugin. -->","yoast_head_json":{"title":"Canibuild: recensione software gestione marketplace - Accurate Reviews","description":"Canibuild: recensione soluzione basata su cloud che aiuta le aziende del settore edile a gestire progetti, documenti, lead, cataloghi e prezzi","robots":{"index":"index","follow":"follow","max-snippet":"max-snippet:-1","max-image-preview":"max-image-preview:large","max-video-preview":"max-video-preview:-1"},"canonical":"https:\/\/www.accuratereviews.com\/it\/gestionale-marketplace\/canibuild-recensione\/","og_locale":"it_IT","og_type":"article","og_title":"Canibuild: recensione software gestione marketplace - Accurate Reviews","og_description":"Canibuild: recensione soluzione basata su cloud che aiuta le aziende del settore edile a gestire progetti, documenti, lead, cataloghi e prezzi","og_url":"https:\/\/www.accuratereviews.com\/it\/gestionale-marketplace\/canibuild-recensione\/","og_site_name":"Accurate Reviews","og_image":[{"width":1200,"height":627,"url":"https:\/\/www.accuratereviews.com\/wp-content\/uploads\/2021\/08\/canibuild_logo.jpg","type":"image\/jpeg"}],"twitter_card":"summary_large_image","twitter_misc":{"Tempo di lettura stimato":"4 minuti"},"schema":{"@context":"https:\/\/schema.org","@graph":[{"@type":"WebPage","@id":"https:\/\/www.accuratereviews.com\/it\/gestionale-marketplace\/canibuild-recensione\/","url":"https:\/\/www.accuratereviews.com\/it\/gestionale-marketplace\/canibuild-recensione\/","name":"Canibuild: recensione software gestione marketplace - Accurate Reviews","isPartOf":{"@id":"https:\/\/www.accuratereviews.com\/it\/#website"},"primaryImageOfPage":{"@id":"https:\/\/www.accuratereviews.com\/it\/gestionale-marketplace\/canibuild-recensione\/#primaryimage"},"image":{"@id":"https:\/\/www.accuratereviews.com\/it\/gestionale-marketplace\/canibuild-recensione\/#primaryimage"},"thumbnailUrl":"https:\/\/www.accuratereviews.com\/wp-content\/uploads\/2021\/08\/canibuild_logo.jpg","datePublished":"2021-08-05T15:09:26+00:00","description":"Canibuild: recensione soluzione basata su cloud che aiuta le aziende del settore edile a gestire progetti, documenti, lead, cataloghi e prezzi","breadcrumb":{"@id":"https:\/\/www.accuratereviews.com\/it\/gestionale-marketplace\/canibuild-recensione\/#breadcrumb"},"inLanguage":"it-IT","potentialAction":[{"@type":"ReadAction","target":["https:\/\/www.accuratereviews.com\/it\/gestionale-marketplace\/canibuild-recensione\/"]}]},{"@type":"ImageObject","inLanguage":"it-IT","@id":"https:\/\/www.accuratereviews.com\/it\/gestionale-marketplace\/canibuild-recensione\/#primaryimage","url":"https:\/\/www.accuratereviews.com\/wp-content\/uploads\/2021\/08\/canibuild_logo.jpg","contentUrl":"https:\/\/www.accuratereviews.com\/wp-content\/uploads\/2021\/08\/canibuild_logo.jpg","width":1200,"height":627},{"@type":"BreadcrumbList","@id":"https:\/\/www.accuratereviews.com\/it\/gestionale-marketplace\/canibuild-recensione\/#breadcrumb","itemListElement":[{"@type":"ListItem","position":1,"name":"Home","item":"https:\/\/www.accuratereviews.com\/it\/"},{"@type":"ListItem","position":2,"name":"Gestionale marketplace","item":"https:\/\/www.accuratereviews.com\/it\/gestionale-marketplace\/"},{"@type":"ListItem","position":3,"name":"Canibuild"}]},{"@type":"WebSite","@id":"https:\/\/www.accuratereviews.com\/it\/#website","url":"https:\/\/www.accuratereviews.com\/it\/","name":"Accurate Reviews","description":"","potentialAction":[{"@type":"SearchAction","target":{"@type":"EntryPoint","urlTemplate":"https:\/\/www.accuratereviews.com\/it\/?s={search_term_string}"},"query-input":{"@type":"PropertyValueSpecification","valueRequired":true,"valueName":"search_term_string"}}],"inLanguage":"it-IT"}]}},"_links":{"self":[{"href":"https:\/\/www.accuratereviews.com\/it\/wp-json\/wp\/v2\/pages\/46392","targetHints":{"allow":["GET"]}}],"collection":[{"href":"https:\/\/www.accuratereviews.com\/it\/wp-json\/wp\/v2\/pages"}],"about":[{"href":"https:\/\/www.accuratereviews.com\/it\/wp-json\/wp\/v2\/types\/page"}],"author":[{"embeddable":true,"href":"https:\/\/www.accuratereviews.com\/it\/wp-json\/wp\/v2\/users\/16"}],"replies":[{"embeddable":true,"href":"https:\/\/www.accuratereviews.com\/it\/wp-json\/wp\/v2\/comments?post=46392"}],"version-history":[{"count":8,"href":"https:\/\/www.accuratereviews.com\/it\/wp-json\/wp\/v2\/pages\/46392\/revisions"}],"predecessor-version":[{"id":46421,"href":"https:\/\/www.accuratereviews.com\/it\/wp-json\/wp\/v2\/pages\/46392\/revisions\/46421"}],"up":[{"embeddable":true,"href":"https:\/\/www.accuratereviews.com\/it\/wp-json\/wp\/v2\/pages\/46169"}],"wp:featuredmedia":[{"embeddable":true,"href":"https:\/\/www.accuratereviews.com\/it\/wp-json\/wp\/v2\/media\/46393"}],"wp:attachment":[{"href":"https:\/\/www.accuratereviews.com\/it\/wp-json\/wp\/v2\/media?parent=46392"}],"wp:term":[{"taxonomy":"category","embeddable":true,"href":"https:\/\/www.accuratereviews.com\/it\/wp-json\/wp\/v2\/categories?post=46392"},{"taxonomy":"post_tag","embeddable":true,"href":"https:\/\/www.accuratereviews.com\/it\/wp-json\/wp\/v2\/tags?post=46392"},{"taxonomy":"features","embeddable":true,"href":"https:\/\/www.accuratereviews.com\/it\/wp-json\/wp\/v2\/features?post=46392"}],"curies":[{"name":"wp","href":"https:\/\/api.w.org\/{rel}","templated":true}]}}