{"id":46429,"date":"2021-08-06T10:35:12","date_gmt":"2021-08-06T10:35:12","guid":{"rendered":"https:\/\/www.accuratereviews.com\/?page_id=46429"},"modified":"2021-08-06T10:35:12","modified_gmt":"2021-08-06T10:35:12","slug":"linnworks-recensione","status":"publish","type":"page","link":"https:\/\/www.accuratereviews.com\/it\/gestionale-marketplace\/linnworks-recensione\/","title":{"rendered":"Linnworks"},"content":{"rendered":"<p><strong>Linnworks<\/strong>\u00a0sviluppato da <strong>Linn Systems<\/strong> \u00e8 una <strong>soluzione per la gestione degli ordini<\/strong> e dell&#8217;inventario basata su <strong>cloud<\/strong> progettata per aziende e rivenditori.\u00a0API aperta, che consente agli utenti di personalizzare le funzionalit\u00e0 del sistema in base alle proprie esigenze. La soluzione si integra con i siti di ecommerce, come eBay, Amazon e Bigcommerce, oltre a spedizionieri come UPS, FedEx, USPS e Royal Mail. Con il suo strumento di elenchi di massa, gli utenti possono aggiornare le informazioni sui prodotti su tutti i canali senza dover eseguire una doppia registrazione. La soluzione offre anche il supporto per gli utenti che spediscono merci in localit\u00e0 internazionali, con etichette di spedizione personalizzabili e conversioni di valuta.<\/p>\n<h2>LINNWORKS &#8211; TUTORIAL<\/h2>\n<p>In questo video vediamo come integrare questo gestionale marketplace con i pi\u00f9 popolari portali ecommerce:<\/p>\n<div id=\"fluid-wrapper-counter-1\" class=\"g1-fluid-wrapper \" style=\"width:686px;\">\n<div style=\"padding-bottom:56.268221574344%;\"><iframe loading=\"lazy\" title=\"Linnworks.net - An Overview of the system\" width=\"686\" height=\"386\" src=\"https:\/\/www.youtube.com\/embed\/DkRvXJFhr-k?feature=oembed&amp;wmode=transparent&amp;autohide=1&amp;autoplay=0&amp;disablekb=0&amp;fs=1&amp;loop=0&amp;enablejsapi=1&amp;rel=0&amp;controls=2&amp;showinfo=0&amp;wmode=transparent&amp;autohide=2&amp;autoplay=0&amp;disablekb=0&amp;fs=1&amp;loop=0&amp;enablejsapi=1&amp;rel=0&amp;controls=2&amp;showinfo=1\" frameborder=\"0\" allow=\"accelerometer; autoplay; clipboard-write; encrypted-media; gyroscope; picture-in-picture\" allowfullscreen><\/iframe><\/div>\n<\/div>\n<h3>LINNWORKS &#8211; CARATTERISTICHE<\/h3>\n<ul>\n<li>Gestisci facilmente l&#8217;inventario multicanale su pi\u00f9 mercati<\/li>\n<li>Ottimizza il tuo ordine e i processi di evasione da un&#8217;unica posizione<\/li>\n<li>Ottieni informazioni approfondite sulle tue vendite e operazioni per un rapido processo decisionale<\/li>\n<li>Automatizza e controlla il tuo inventario<\/li>\n<li>Integrazione con i principali ecommerce<\/li>\n<li>Imposta propriet\u00e0 personalizzate ed estese per ogni canale di vendita<\/li>\n<li>Crea elenchi in blocco per risparmiare tempo e ridurre gli errori<\/li>\n<li>Conserva i dettagli per ogni SKU come prezzo, immagini e informazioni sull&#8217;affrancatura<\/li>\n<li>Crea automaticamente pacchetti di singoli prodotti o imposta elenchi di varianti per collegare insieme articoli simili<\/li>\n<li>Imposta prezzi, titoli e descrizioni dei prodotti specifici del canale<\/li>\n<li>Riduci lo sforzo manuale per riconciliare i livelli di inventario durante l&#8217;elaborazione degli ordini<\/li>\n<li>La dashboard centrali ti offrono una visione in tempo reale delle prestazioni dell&#8217;inventario basata su dati e approfondimenti da tutti i canali di vendita<\/li>\n<li>Assegna gli ordini in entrata alle principali posizioni di magazzino per l&#8217;elaborazione<\/li>\n<li>Semplifica le attivit\u00e0 ripetitive come l&#8217;aggiornamento dello stato dell&#8217;ordine, la modifica dei dettagli dell&#8217;ordine o l&#8217;assegnazione ai magazzini per il prelievo, l&#8217;imballaggio e l&#8217;elaborazione<\/li>\n<li>Utilizza i pickwave per raggruppare gli ordini selezionando la posizione per migliorare l&#8217;efficienza del magazzino e raccogliere pi\u00f9 ordini insieme per un&#8217;evasione pi\u00f9 rapida<\/li>\n<li>Monitora lo stato dell&#8217;ordine dopo che gli articoli sono stati spediti.<\/li>\n<\/ul>\n<h4>LE RECENSIONI DEGLI UTENTI<\/h4>\n<h5 class=\"font-weight-bold mb-1 d-flex align-items-center\">Mr n S.&#8221;Li lascio perch\u00e9 ho bisogno dell&#8217;integrazione Xero&#8221;<\/h5>\n<p><strong>Commenti:\u00a0<\/strong>Ok, il personale \u00e8 gentile ma al software mancano le funzionalit\u00e0 Xero di cui ho bisogno.<\/p>\n<p><strong>Pro:\u00a0<\/strong>Mi ha davvero aiutato a prendere il controllo del magazzino<\/p>\n<p><strong>Contro:\u00a0<\/strong>Difficile aggiornare i dati di prodotto in blocco. I materiali di formazione online non sono ben organizzati e mancano di struttura, il che significa che dipendi da un supporto che non \u00e8 sorprendente<\/p>\n<h3 class=\"h5 font-weight-bold flex-grow-1 mb-4\">Johon D:&#8221;Ottima soluzione di elaborazione degli ordini per le PMI, ma pu\u00f2 essere goffa&#8221;<\/h3>\n<p><strong>Commenti:\u00a0<\/strong>Abbiamo superato la soluzione e l&#8217;abbiamo trovata sempre pi\u00f9 frustrante da usare. ma pu\u00f2 sicuramente portare a termine il lavoro per le piccole imprese con volumi inferiori.<\/p>\n<p><strong>Pro:\u00a0<\/strong>Facile da configurare e utilizzare. Supporto proattivo. Soluzione a basso costo. Supporta molti canali di vendita chiave OOTB.<\/p>\n<p><strong>Contro:\u00a0<\/strong>La mappatura degli skus per canale \u00e8 goffa. Risposta lenta sulle attivit\u00e0 pianificate. Messaggi di errore occasionalmente inutili. Importazione e mappatura complicate tramite csv. Il controllo dell&#8217;inventario pu\u00f2 talvolta creare risultati imprevisti.<\/p>\n<p class=\"font-weight-bold mb-1 d-flex align-items-center\"><strong>Ian J.&#8221;Ottimo prodotto ad un ottimo prezzo. Proprio quello di cui hai bisogno.&#8221;<\/strong><\/p>\n<p><strong>Pro:\u00a0<\/strong>Linnworks offre un eccellente controllo delle scorte multicanale e l&#8217;elaborazione degli ordini. In oltre 2 anni di utilizzo non abbiamo ipervenduto un prodotto sui nostri 17 canali di vendita. Il loro supporto clienti \u00e8 molto buono e i loro prezzi sono un importo mensile fisso, ottimo per la contabilit\u00e0.\u00a0L&#8217;ecommerce non \u00e8 un tipo di attivit\u00e0 &#8220;taglia unica&#8221;, ma Linnworks \u00e8 adattabile e personalizzabile e si adatta perfettamente al modo in cui vogliamo fare le cose<\/p>\n<p><strong>Contro:\u00a0<\/strong>Parte della documentazione ha bisogno di essere aggiornata e un po&#8217; pi\u00f9 di input nei loro forum sarebbe utile.<\/p>\n","protected":false},"excerpt":{"rendered":"<p>Linnworks\u00a0sviluppato da Linn Systems \u00e8 una soluzione per la gestione degli ordini e dell&#8217;inventario basata su cloud progettata per aziende e rivenditori.\u00a0API aperta, che consente agli utenti di personalizzare le funzionalit\u00e0 del sistema in base alle proprie esigenze.<\/p>\n","protected":false},"author":16,"featured_media":46430,"parent":46169,"menu_order":0,"comment_status":"open","ping_status":"closed","template":"g1_template_page_review_new.php","meta":{"_acf_changed":false,"cwp_meta_box_check":"Yes","cwp_rev_product_name":"","cwp_rev_product_image":"","wppr_links":[],"cwp_rev_price":"","wppr_options":[],"wppr_pros":[],"wppr_cons":[],"_monsterinsights_skip_tracking":false,"_monsterinsights_sitenote_active":false,"_monsterinsights_sitenote_note":"","_monsterinsights_sitenote_category":0,"footnotes":""},"categories":[10817],"tags":[10818,10888,10840,10839,10842,10841],"features":[],"class_list":{"0":"post-46429","1":"page","2":"type-page","3":"status-publish","4":"has-post-thumbnail","6":"category-gestionale-marketplace-cat","7":"tag-gestionale-marketplace","8":"tag-linnworks","9":"tag-piattaforma-gestione-marketplace","10":"tag-programma-gestione-marketplace","11":"tag-software-gestione-marketplace","12":"tag-soluzione-gestione-marketplace"},"wppr_data":{"cwp_meta_box_check":"Yes","cwp_rev_product_name":"","cwp_rev_product_image":"","cwp_image_link":"image","cwp_rev_price":"","wppr_rating":"0.00"},"acf":[],"yoast_head":"<!-- This site is optimized with the Yoast SEO plugin v27.4 - https:\/\/yoast.com\/product\/yoast-seo-wordpress\/ -->\n<title>Linnworks: recensione software gestione marketplace - Accurate Reviews<\/title>\n<meta name=\"description\" content=\"Linnworks: recensione soluzione per la gestione degli ordini e dell&#039;inventario basata su cloud progettata per aziende e rivenditori.\" \/>\n<meta name=\"robots\" content=\"index, follow, max-snippet:-1, max-image-preview:large, max-video-preview:-1\" \/>\n<link rel=\"canonical\" href=\"https:\/\/www.accuratereviews.com\/it\/gestionale-marketplace\/linnworks-recensione\/\" \/>\n<meta property=\"og:locale\" content=\"it_IT\" \/>\n<meta property=\"og:type\" content=\"article\" \/>\n<meta property=\"og:title\" content=\"Linnworks: recensione software gestione marketplace - Accurate Reviews\" \/>\n<meta property=\"og:description\" content=\"Linnworks: recensione soluzione per la gestione degli ordini e dell&#039;inventario basata su cloud progettata per aziende e rivenditori.\" \/>\n<meta property=\"og:url\" content=\"https:\/\/www.accuratereviews.com\/it\/gestionale-marketplace\/linnworks-recensione\/\" \/>\n<meta property=\"og:site_name\" content=\"Accurate Reviews\" \/>\n<meta property=\"og:image\" content=\"https:\/\/www.accuratereviews.com\/wp-content\/uploads\/2021\/08\/linnworks-logo.png\" \/>\n\t<meta property=\"og:image:width\" content=\"494\" \/>\n\t<meta property=\"og:image:height\" content=\"247\" \/>\n\t<meta property=\"og:image:type\" content=\"image\/png\" \/>\n<meta name=\"twitter:card\" content=\"summary_large_image\" \/>\n<meta name=\"twitter:label1\" content=\"Tempo di lettura stimato\" \/>\n\t<meta name=\"twitter:data1\" content=\"3 minuti\" \/>\n<script type=\"application\/ld+json\" class=\"yoast-schema-graph\">{\"@context\":\"https:\\\/\\\/schema.org\",\"@graph\":[{\"@type\":\"WebPage\",\"@id\":\"https:\\\/\\\/www.accuratereviews.com\\\/it\\\/gestionale-marketplace\\\/linnworks-recensione\\\/\",\"url\":\"https:\\\/\\\/www.accuratereviews.com\\\/it\\\/gestionale-marketplace\\\/linnworks-recensione\\\/\",\"name\":\"Linnworks: recensione software gestione marketplace - Accurate Reviews\",\"isPartOf\":{\"@id\":\"https:\\\/\\\/www.accuratereviews.com\\\/it\\\/#website\"},\"primaryImageOfPage\":{\"@id\":\"https:\\\/\\\/www.accuratereviews.com\\\/it\\\/gestionale-marketplace\\\/linnworks-recensione\\\/#primaryimage\"},\"image\":{\"@id\":\"https:\\\/\\\/www.accuratereviews.com\\\/it\\\/gestionale-marketplace\\\/linnworks-recensione\\\/#primaryimage\"},\"thumbnailUrl\":\"https:\\\/\\\/www.accuratereviews.com\\\/wp-content\\\/uploads\\\/2021\\\/08\\\/linnworks-logo.png\",\"datePublished\":\"2021-08-06T10:35:12+00:00\",\"description\":\"Linnworks: recensione soluzione per la gestione degli ordini e dell'inventario basata su cloud progettata per aziende e rivenditori.\",\"breadcrumb\":{\"@id\":\"https:\\\/\\\/www.accuratereviews.com\\\/it\\\/gestionale-marketplace\\\/linnworks-recensione\\\/#breadcrumb\"},\"inLanguage\":\"it-IT\",\"potentialAction\":[{\"@type\":\"ReadAction\",\"target\":[\"https:\\\/\\\/www.accuratereviews.com\\\/it\\\/gestionale-marketplace\\\/linnworks-recensione\\\/\"]}]},{\"@type\":\"ImageObject\",\"inLanguage\":\"it-IT\",\"@id\":\"https:\\\/\\\/www.accuratereviews.com\\\/it\\\/gestionale-marketplace\\\/linnworks-recensione\\\/#primaryimage\",\"url\":\"https:\\\/\\\/www.accuratereviews.com\\\/wp-content\\\/uploads\\\/2021\\\/08\\\/linnworks-logo.png\",\"contentUrl\":\"https:\\\/\\\/www.accuratereviews.com\\\/wp-content\\\/uploads\\\/2021\\\/08\\\/linnworks-logo.png\",\"width\":494,\"height\":247},{\"@type\":\"BreadcrumbList\",\"@id\":\"https:\\\/\\\/www.accuratereviews.com\\\/it\\\/gestionale-marketplace\\\/linnworks-recensione\\\/#breadcrumb\",\"itemListElement\":[{\"@type\":\"ListItem\",\"position\":1,\"name\":\"Home\",\"item\":\"https:\\\/\\\/www.accuratereviews.com\\\/it\\\/\"},{\"@type\":\"ListItem\",\"position\":2,\"name\":\"Gestionale marketplace\",\"item\":\"https:\\\/\\\/www.accuratereviews.com\\\/it\\\/gestionale-marketplace\\\/\"},{\"@type\":\"ListItem\",\"position\":3,\"name\":\"Linnworks\"}]},{\"@type\":\"WebSite\",\"@id\":\"https:\\\/\\\/www.accuratereviews.com\\\/it\\\/#website\",\"url\":\"https:\\\/\\\/www.accuratereviews.com\\\/it\\\/\",\"name\":\"Accurate Reviews\",\"description\":\"\",\"potentialAction\":[{\"@type\":\"SearchAction\",\"target\":{\"@type\":\"EntryPoint\",\"urlTemplate\":\"https:\\\/\\\/www.accuratereviews.com\\\/it\\\/?s={search_term_string}\"},\"query-input\":{\"@type\":\"PropertyValueSpecification\",\"valueRequired\":true,\"valueName\":\"search_term_string\"}}],\"inLanguage\":\"it-IT\"}]}<\/script>\n<!-- \/ Yoast SEO plugin. -->","yoast_head_json":{"title":"Linnworks: recensione software gestione marketplace - Accurate Reviews","description":"Linnworks: recensione soluzione per la gestione degli ordini e dell'inventario basata su cloud progettata per aziende e rivenditori.","robots":{"index":"index","follow":"follow","max-snippet":"max-snippet:-1","max-image-preview":"max-image-preview:large","max-video-preview":"max-video-preview:-1"},"canonical":"https:\/\/www.accuratereviews.com\/it\/gestionale-marketplace\/linnworks-recensione\/","og_locale":"it_IT","og_type":"article","og_title":"Linnworks: recensione software gestione marketplace - Accurate Reviews","og_description":"Linnworks: recensione soluzione per la gestione degli ordini e dell'inventario basata su cloud progettata per aziende e rivenditori.","og_url":"https:\/\/www.accuratereviews.com\/it\/gestionale-marketplace\/linnworks-recensione\/","og_site_name":"Accurate Reviews","og_image":[{"width":494,"height":247,"url":"https:\/\/www.accuratereviews.com\/wp-content\/uploads\/2021\/08\/linnworks-logo.png","type":"image\/png"}],"twitter_card":"summary_large_image","twitter_misc":{"Tempo di lettura stimato":"3 minuti"},"schema":{"@context":"https:\/\/schema.org","@graph":[{"@type":"WebPage","@id":"https:\/\/www.accuratereviews.com\/it\/gestionale-marketplace\/linnworks-recensione\/","url":"https:\/\/www.accuratereviews.com\/it\/gestionale-marketplace\/linnworks-recensione\/","name":"Linnworks: recensione software gestione marketplace - Accurate Reviews","isPartOf":{"@id":"https:\/\/www.accuratereviews.com\/it\/#website"},"primaryImageOfPage":{"@id":"https:\/\/www.accuratereviews.com\/it\/gestionale-marketplace\/linnworks-recensione\/#primaryimage"},"image":{"@id":"https:\/\/www.accuratereviews.com\/it\/gestionale-marketplace\/linnworks-recensione\/#primaryimage"},"thumbnailUrl":"https:\/\/www.accuratereviews.com\/wp-content\/uploads\/2021\/08\/linnworks-logo.png","datePublished":"2021-08-06T10:35:12+00:00","description":"Linnworks: recensione soluzione per la gestione degli ordini e dell'inventario basata su cloud progettata per aziende e rivenditori.","breadcrumb":{"@id":"https:\/\/www.accuratereviews.com\/it\/gestionale-marketplace\/linnworks-recensione\/#breadcrumb"},"inLanguage":"it-IT","potentialAction":[{"@type":"ReadAction","target":["https:\/\/www.accuratereviews.com\/it\/gestionale-marketplace\/linnworks-recensione\/"]}]},{"@type":"ImageObject","inLanguage":"it-IT","@id":"https:\/\/www.accuratereviews.com\/it\/gestionale-marketplace\/linnworks-recensione\/#primaryimage","url":"https:\/\/www.accuratereviews.com\/wp-content\/uploads\/2021\/08\/linnworks-logo.png","contentUrl":"https:\/\/www.accuratereviews.com\/wp-content\/uploads\/2021\/08\/linnworks-logo.png","width":494,"height":247},{"@type":"BreadcrumbList","@id":"https:\/\/www.accuratereviews.com\/it\/gestionale-marketplace\/linnworks-recensione\/#breadcrumb","itemListElement":[{"@type":"ListItem","position":1,"name":"Home","item":"https:\/\/www.accuratereviews.com\/it\/"},{"@type":"ListItem","position":2,"name":"Gestionale marketplace","item":"https:\/\/www.accuratereviews.com\/it\/gestionale-marketplace\/"},{"@type":"ListItem","position":3,"name":"Linnworks"}]},{"@type":"WebSite","@id":"https:\/\/www.accuratereviews.com\/it\/#website","url":"https:\/\/www.accuratereviews.com\/it\/","name":"Accurate Reviews","description":"","potentialAction":[{"@type":"SearchAction","target":{"@type":"EntryPoint","urlTemplate":"https:\/\/www.accuratereviews.com\/it\/?s={search_term_string}"},"query-input":{"@type":"PropertyValueSpecification","valueRequired":true,"valueName":"search_term_string"}}],"inLanguage":"it-IT"}]}},"_links":{"self":[{"href":"https:\/\/www.accuratereviews.com\/it\/wp-json\/wp\/v2\/pages\/46429","targetHints":{"allow":["GET"]}}],"collection":[{"href":"https:\/\/www.accuratereviews.com\/it\/wp-json\/wp\/v2\/pages"}],"about":[{"href":"https:\/\/www.accuratereviews.com\/it\/wp-json\/wp\/v2\/types\/page"}],"author":[{"embeddable":true,"href":"https:\/\/www.accuratereviews.com\/it\/wp-json\/wp\/v2\/users\/16"}],"replies":[{"embeddable":true,"href":"https:\/\/www.accuratereviews.com\/it\/wp-json\/wp\/v2\/comments?post=46429"}],"version-history":[{"count":8,"href":"https:\/\/www.accuratereviews.com\/it\/wp-json\/wp\/v2\/pages\/46429\/revisions"}],"predecessor-version":[{"id":46472,"href":"https:\/\/www.accuratereviews.com\/it\/wp-json\/wp\/v2\/pages\/46429\/revisions\/46472"}],"up":[{"embeddable":true,"href":"https:\/\/www.accuratereviews.com\/it\/wp-json\/wp\/v2\/pages\/46169"}],"wp:featuredmedia":[{"embeddable":true,"href":"https:\/\/www.accuratereviews.com\/it\/wp-json\/wp\/v2\/media\/46430"}],"wp:attachment":[{"href":"https:\/\/www.accuratereviews.com\/it\/wp-json\/wp\/v2\/media?parent=46429"}],"wp:term":[{"taxonomy":"category","embeddable":true,"href":"https:\/\/www.accuratereviews.com\/it\/wp-json\/wp\/v2\/categories?post=46429"},{"taxonomy":"post_tag","embeddable":true,"href":"https:\/\/www.accuratereviews.com\/it\/wp-json\/wp\/v2\/tags?post=46429"},{"taxonomy":"features","embeddable":true,"href":"https:\/\/www.accuratereviews.com\/it\/wp-json\/wp\/v2\/features?post=46429"}],"curies":[{"name":"wp","href":"https:\/\/api.w.org\/{rel}","templated":true}]}}