{"id":46436,"date":"2021-08-06T10:28:45","date_gmt":"2021-08-06T10:28:45","guid":{"rendered":"https:\/\/www.accuratereviews.com\/?page_id=46436"},"modified":"2021-08-06T10:28:45","modified_gmt":"2021-08-06T10:28:45","slug":"mirakl-recensione","status":"publish","type":"page","link":"https:\/\/www.accuratereviews.com\/it\/gestionale-marketplace\/mirakl-recensione\/","title":{"rendered":"Mirakl"},"content":{"rendered":"<p><strong>Mirakl<\/strong> \u00e8 progettato per aiutare il settore dell&#8217;ecommerce a lanciare un mercato online e aggiungere prodotti e servizi collegando venditori e fornitori di terze parti. La <strong>piattaforma marketplace<\/strong> B2B automatizza i processi di vendita all&#8217;ingrosso, produzione e vendita al dettaglio acquistando dropshipper e partner di terze parti e portando online i canali di distribuzione.\u00a0Le caratteristiche principali di <strong>Mirakl<\/strong> includono la gestione SEO, la segmentazione del catalogo, la gestione delle spedizioni e degli ordini. Operatori e venditori possono promuovere i loro prodotti utilizzando varie funzionalit\u00e0 omnicanale come Endless-Aisle, Click &amp; Collect e le funzionalit\u00e0 Returns In-Store. Offre un calendario integrato con opzioni di pianificazione flessibili, che aiuta i clienti a prenotare una fascia oraria o a richiedere la data preferita in base alla disponibilit\u00e0.<\/p>\n<h2>MIRAKL &#8211; TUTORIAL<\/h2>\n<p>Guardiamo insieme il tutorial su questo <strong>software gestionale marketplace<\/strong>:<\/p>\n<div id=\"fluid-wrapper-counter-1\" class=\"g1-fluid-wrapper \" style=\"width:686px;\">\n<div style=\"padding-bottom:56.268221574344%;\"><iframe loading=\"lazy\" title=\"Mirakl training Seller Own Delivery\" width=\"686\" height=\"386\" src=\"https:\/\/www.youtube.com\/embed\/9z8C_Oy7MAk?feature=oembed&amp;wmode=transparent&amp;autohide=1&amp;autoplay=0&amp;disablekb=0&amp;fs=1&amp;loop=0&amp;enablejsapi=1&amp;rel=0&amp;controls=2&amp;showinfo=0&amp;wmode=transparent&amp;autohide=2&amp;autoplay=0&amp;disablekb=0&amp;fs=1&amp;loop=0&amp;enablejsapi=1&amp;rel=0&amp;controls=2&amp;showinfo=1\" frameborder=\"0\" allow=\"accelerometer; autoplay; clipboard-write; encrypted-media; gyroscope; picture-in-picture\" allowfullscreen><\/iframe><\/div>\n<\/div>\n<h3>MIRAKL &#8211; CARATTERISTICHE<\/h3>\n<ul>\n<li><strong>Gestione snella<\/strong>: forma regole che regolino i livelli del servizio clienti e le prestazioni dei fornitori per mantenere il controllo sul mercato e sul marchio<\/li>\n<li><strong>Esperienza del cliente su misura<\/strong>: crea la tua esperienza di acquirente con le API, facendo emergere dati in tempo reale per supportare un viaggio dell&#8217;acquirente senza intoppi<\/li>\n<li><strong>Gestione ordini multi-vendor<\/strong>: organizza senza problemi spedizioni avanzate, dropship e selezione del corriere, monitora gli SLA e ottieni visibilit\u00e0 sul ciclo di vita dell&#8217;ordine<\/li>\n<li><strong>Strategie di prezzo B2B<\/strong>: chiudi pi\u00f9 affari con prezzi all&#8217;ingrosso e unitari, prezzi segmentati, sconti sul volume, quantit\u00e0 di ordine minimo e quotazioni<\/li>\n<li><strong>Gestione della qualit\u00e0 dei dati di prodotto<\/strong>: amministra volumi elevati di dati di prodotto da varie fonti e automatizza l&#8217;arricchimento mantenendo accuratezza e coerenza<\/li>\n<li><strong>Segmentazione personalizzata del catalogo<\/strong>: crea esperienze personalizzate con cataloghi basati su un segmento specifico, un&#8217;organizzazione o anche a livello di acquirente<\/li>\n<li><strong>Soluzioni di pagamento avanzate<\/strong>: aumenta la conversione con limiti di credito, termini di pagamento, pi\u00f9 carte di credito e fatturazione unificata con i partner di pagamento<\/li>\n<li><strong>Vendi servizi professionali<\/strong>: completa il tuo portafoglio con servizi a valore aggiunto. Gestisci fornitori, un catalogo e servizi di up-selling collegati ai prodotti.<\/li>\n<\/ul>\n<h4>LE RECENSIONI DEGLI UTENTI<\/h4>\n<p class=\"font-weight-bold mb-1 d-flex align-items-center\"><strong>Ricardo L.&#8221;Esperienza liscia&#8221;<\/strong><\/p>\n<p><strong>Pro:\u00a0<\/strong>La facilit\u00e0 d&#8217;uso e la scorrevolezza per navigare attraverso la piattaforma. \u00c8 molto facile configurare e gestire pi\u00f9 negozi.<\/p>\n<p><strong>Contro:\u00a0<\/strong>Il suo costo. Avendo testato solo con una breve prova gratuita, ho potuto vedere i vantaggi, ma i prezzi sembrano irragionevoli per le piccole imprese.<\/p>\n<p class=\"font-weight-bold mb-1 d-flex align-items-center\"><strong>Rui F.&#8221;Ottima API ma ci vuole un po&#8217; per imparare&#8221;<\/strong><\/p>\n<p><strong>Commenti:\u00a0<\/strong>Nel complesso penso che la mia esperienza finora con Mirakl sia tutta positiva, sono in grado di avere molte pi\u00f9 funzionalit\u00e0 rispetto ad altri software. Raccomando seriamente Mirakle<\/p>\n<p><strong>Pro:\u00a0<\/strong>Immagino che i professionisti siano l&#8217;API: \u00e8 facile da integrare con la mia piattaforma e ha molta documentazione pertinente per chiarire.<\/p>\n<p><strong>Contro:\u00a0<\/strong>Quello che mi piace di meno di questo software \u00e8 la curva di apprendimento che ha. Non \u00e8 un software pi\u00f9 intuitivo.<\/p>\n<p class=\"font-weight-bold mb-1 d-flex align-items-center\"><strong>Peter B.&#8221;La migliore piattaforma di marketplace aziendale&#8221;<\/strong><\/p>\n<p><strong>Pro:\u00a0<\/strong>Molte funzioni per l&#8217;operatore del marketplace e per i venditori del marketplace:\u00a0\u00c8 molto scalabile e facile da usare.\u00a0Il loro team di successo dei clienti \u00e8 anche incredibilmente utile nel condividere le migliori pratiche.\u00a0Anche la loro base di clienti \u00e8 impressionante e molto utile per imparare dagli altri.<\/p>\n<p><strong>Contro:\u00a0<\/strong>Richiede un investimento ma ne vale la pena.<\/p>\n","protected":false},"excerpt":{"rendered":"<p>Mirakl \u00e8 progettato per aiutare il settore dell&#8217;ecommerce a lanciare un mercato online e aggiungere prodotti e servizi collegando venditori e fornitori di terze parti. La piattaforma marketplace B2B automatizza i processi di vendita all&#8217;ingrosso, produzione e vendita al dettaglio acquistando dropshipper e partner di terze parti e portando online i canali di distribuzione.\u00a0<\/p>\n","protected":false},"author":16,"featured_media":46442,"parent":46169,"menu_order":0,"comment_status":"open","ping_status":"closed","template":"g1_template_page_review_new.php","meta":{"_acf_changed":false,"cwp_meta_box_check":"Yes","cwp_rev_product_name":"","cwp_rev_product_image":"","wppr_links":[],"cwp_rev_price":"","wppr_options":[],"wppr_pros":[],"wppr_cons":[],"_monsterinsights_skip_tracking":false,"_monsterinsights_sitenote_active":false,"_monsterinsights_sitenote_note":"","_monsterinsights_sitenote_category":0,"footnotes":""},"categories":[10817],"tags":[10822,10887,10840,10839,10842,10841],"features":[],"class_list":{"0":"post-46436","1":"page","2":"type-page","3":"status-publish","4":"has-post-thumbnail","6":"category-gestionale-marketplace-cat","7":"tag-gestione-marketplace","8":"tag-mirakl","9":"tag-piattaforma-gestione-marketplace","10":"tag-programma-gestione-marketplace","11":"tag-software-gestione-marketplace","12":"tag-soluzione-gestione-marketplace"},"wppr_data":{"cwp_meta_box_check":"Yes","cwp_rev_product_name":"","cwp_rev_product_image":"","cwp_image_link":"image","cwp_rev_price":"","wppr_rating":"0.00"},"acf":[],"yoast_head":"<!-- This site is optimized with the Yoast SEO plugin v27.4 - https:\/\/yoast.com\/product\/yoast-seo-wordpress\/ -->\n<title>Mirakl: recensione software gestione marketplace - Accurate Reviews<\/title>\n<meta name=\"description\" content=\"Mirakl: recensione gestionale marketplace progettato per aggiungere prodotti e servizi collegando venditori e fornitori di terze parti.\" \/>\n<meta name=\"robots\" content=\"index, follow, max-snippet:-1, max-image-preview:large, max-video-preview:-1\" \/>\n<link rel=\"canonical\" href=\"https:\/\/www.accuratereviews.com\/it\/gestionale-marketplace\/mirakl-recensione\/\" \/>\n<meta property=\"og:locale\" content=\"it_IT\" \/>\n<meta property=\"og:type\" content=\"article\" \/>\n<meta property=\"og:title\" content=\"Mirakl: recensione software gestione marketplace - Accurate Reviews\" \/>\n<meta property=\"og:description\" content=\"Mirakl: recensione gestionale marketplace progettato per aggiungere prodotti e servizi collegando venditori e fornitori di terze parti.\" \/>\n<meta property=\"og:url\" content=\"https:\/\/www.accuratereviews.com\/it\/gestionale-marketplace\/mirakl-recensione\/\" \/>\n<meta property=\"og:site_name\" content=\"Accurate Reviews\" \/>\n<meta property=\"og:image\" content=\"https:\/\/www.accuratereviews.com\/wp-content\/uploads\/2021\/08\/Logo-Mirakl-Blue-Standard-678x381-1.png\" \/>\n\t<meta property=\"og:image:width\" content=\"678\" \/>\n\t<meta property=\"og:image:height\" content=\"381\" \/>\n\t<meta property=\"og:image:type\" content=\"image\/png\" \/>\n<meta name=\"twitter:card\" content=\"summary_large_image\" \/>\n<meta name=\"twitter:label1\" content=\"Tempo di lettura stimato\" \/>\n\t<meta name=\"twitter:data1\" content=\"3 minuti\" \/>\n<script type=\"application\/ld+json\" class=\"yoast-schema-graph\">{\"@context\":\"https:\\\/\\\/schema.org\",\"@graph\":[{\"@type\":\"WebPage\",\"@id\":\"https:\\\/\\\/www.accuratereviews.com\\\/it\\\/gestionale-marketplace\\\/mirakl-recensione\\\/\",\"url\":\"https:\\\/\\\/www.accuratereviews.com\\\/it\\\/gestionale-marketplace\\\/mirakl-recensione\\\/\",\"name\":\"Mirakl: recensione software gestione marketplace - Accurate Reviews\",\"isPartOf\":{\"@id\":\"https:\\\/\\\/www.accuratereviews.com\\\/it\\\/#website\"},\"primaryImageOfPage\":{\"@id\":\"https:\\\/\\\/www.accuratereviews.com\\\/it\\\/gestionale-marketplace\\\/mirakl-recensione\\\/#primaryimage\"},\"image\":{\"@id\":\"https:\\\/\\\/www.accuratereviews.com\\\/it\\\/gestionale-marketplace\\\/mirakl-recensione\\\/#primaryimage\"},\"thumbnailUrl\":\"https:\\\/\\\/www.accuratereviews.com\\\/wp-content\\\/uploads\\\/2021\\\/08\\\/Logo-Mirakl-Blue-Standard-678x381-1.png\",\"datePublished\":\"2021-08-06T10:28:45+00:00\",\"description\":\"Mirakl: recensione gestionale marketplace progettato per aggiungere prodotti e servizi collegando venditori e fornitori di terze parti.\",\"breadcrumb\":{\"@id\":\"https:\\\/\\\/www.accuratereviews.com\\\/it\\\/gestionale-marketplace\\\/mirakl-recensione\\\/#breadcrumb\"},\"inLanguage\":\"it-IT\",\"potentialAction\":[{\"@type\":\"ReadAction\",\"target\":[\"https:\\\/\\\/www.accuratereviews.com\\\/it\\\/gestionale-marketplace\\\/mirakl-recensione\\\/\"]}]},{\"@type\":\"ImageObject\",\"inLanguage\":\"it-IT\",\"@id\":\"https:\\\/\\\/www.accuratereviews.com\\\/it\\\/gestionale-marketplace\\\/mirakl-recensione\\\/#primaryimage\",\"url\":\"https:\\\/\\\/www.accuratereviews.com\\\/wp-content\\\/uploads\\\/2021\\\/08\\\/Logo-Mirakl-Blue-Standard-678x381-1.png\",\"contentUrl\":\"https:\\\/\\\/www.accuratereviews.com\\\/wp-content\\\/uploads\\\/2021\\\/08\\\/Logo-Mirakl-Blue-Standard-678x381-1.png\",\"width\":678,\"height\":381},{\"@type\":\"BreadcrumbList\",\"@id\":\"https:\\\/\\\/www.accuratereviews.com\\\/it\\\/gestionale-marketplace\\\/mirakl-recensione\\\/#breadcrumb\",\"itemListElement\":[{\"@type\":\"ListItem\",\"position\":1,\"name\":\"Home\",\"item\":\"https:\\\/\\\/www.accuratereviews.com\\\/it\\\/\"},{\"@type\":\"ListItem\",\"position\":2,\"name\":\"Gestionale marketplace\",\"item\":\"https:\\\/\\\/www.accuratereviews.com\\\/it\\\/gestionale-marketplace\\\/\"},{\"@type\":\"ListItem\",\"position\":3,\"name\":\"Mirakl\"}]},{\"@type\":\"WebSite\",\"@id\":\"https:\\\/\\\/www.accuratereviews.com\\\/it\\\/#website\",\"url\":\"https:\\\/\\\/www.accuratereviews.com\\\/it\\\/\",\"name\":\"Accurate Reviews\",\"description\":\"\",\"potentialAction\":[{\"@type\":\"SearchAction\",\"target\":{\"@type\":\"EntryPoint\",\"urlTemplate\":\"https:\\\/\\\/www.accuratereviews.com\\\/it\\\/?s={search_term_string}\"},\"query-input\":{\"@type\":\"PropertyValueSpecification\",\"valueRequired\":true,\"valueName\":\"search_term_string\"}}],\"inLanguage\":\"it-IT\"}]}<\/script>\n<!-- \/ Yoast SEO plugin. -->","yoast_head_json":{"title":"Mirakl: recensione software gestione marketplace - Accurate Reviews","description":"Mirakl: recensione gestionale marketplace progettato per aggiungere prodotti e servizi collegando venditori e fornitori di terze parti.","robots":{"index":"index","follow":"follow","max-snippet":"max-snippet:-1","max-image-preview":"max-image-preview:large","max-video-preview":"max-video-preview:-1"},"canonical":"https:\/\/www.accuratereviews.com\/it\/gestionale-marketplace\/mirakl-recensione\/","og_locale":"it_IT","og_type":"article","og_title":"Mirakl: recensione software gestione marketplace - Accurate Reviews","og_description":"Mirakl: recensione gestionale marketplace progettato per aggiungere prodotti e servizi collegando venditori e fornitori di terze parti.","og_url":"https:\/\/www.accuratereviews.com\/it\/gestionale-marketplace\/mirakl-recensione\/","og_site_name":"Accurate Reviews","og_image":[{"width":678,"height":381,"url":"https:\/\/www.accuratereviews.com\/wp-content\/uploads\/2021\/08\/Logo-Mirakl-Blue-Standard-678x381-1.png","type":"image\/png"}],"twitter_card":"summary_large_image","twitter_misc":{"Tempo di lettura stimato":"3 minuti"},"schema":{"@context":"https:\/\/schema.org","@graph":[{"@type":"WebPage","@id":"https:\/\/www.accuratereviews.com\/it\/gestionale-marketplace\/mirakl-recensione\/","url":"https:\/\/www.accuratereviews.com\/it\/gestionale-marketplace\/mirakl-recensione\/","name":"Mirakl: recensione software gestione marketplace - Accurate Reviews","isPartOf":{"@id":"https:\/\/www.accuratereviews.com\/it\/#website"},"primaryImageOfPage":{"@id":"https:\/\/www.accuratereviews.com\/it\/gestionale-marketplace\/mirakl-recensione\/#primaryimage"},"image":{"@id":"https:\/\/www.accuratereviews.com\/it\/gestionale-marketplace\/mirakl-recensione\/#primaryimage"},"thumbnailUrl":"https:\/\/www.accuratereviews.com\/wp-content\/uploads\/2021\/08\/Logo-Mirakl-Blue-Standard-678x381-1.png","datePublished":"2021-08-06T10:28:45+00:00","description":"Mirakl: recensione gestionale marketplace progettato per aggiungere prodotti e servizi collegando venditori e fornitori di terze parti.","breadcrumb":{"@id":"https:\/\/www.accuratereviews.com\/it\/gestionale-marketplace\/mirakl-recensione\/#breadcrumb"},"inLanguage":"it-IT","potentialAction":[{"@type":"ReadAction","target":["https:\/\/www.accuratereviews.com\/it\/gestionale-marketplace\/mirakl-recensione\/"]}]},{"@type":"ImageObject","inLanguage":"it-IT","@id":"https:\/\/www.accuratereviews.com\/it\/gestionale-marketplace\/mirakl-recensione\/#primaryimage","url":"https:\/\/www.accuratereviews.com\/wp-content\/uploads\/2021\/08\/Logo-Mirakl-Blue-Standard-678x381-1.png","contentUrl":"https:\/\/www.accuratereviews.com\/wp-content\/uploads\/2021\/08\/Logo-Mirakl-Blue-Standard-678x381-1.png","width":678,"height":381},{"@type":"BreadcrumbList","@id":"https:\/\/www.accuratereviews.com\/it\/gestionale-marketplace\/mirakl-recensione\/#breadcrumb","itemListElement":[{"@type":"ListItem","position":1,"name":"Home","item":"https:\/\/www.accuratereviews.com\/it\/"},{"@type":"ListItem","position":2,"name":"Gestionale marketplace","item":"https:\/\/www.accuratereviews.com\/it\/gestionale-marketplace\/"},{"@type":"ListItem","position":3,"name":"Mirakl"}]},{"@type":"WebSite","@id":"https:\/\/www.accuratereviews.com\/it\/#website","url":"https:\/\/www.accuratereviews.com\/it\/","name":"Accurate Reviews","description":"","potentialAction":[{"@type":"SearchAction","target":{"@type":"EntryPoint","urlTemplate":"https:\/\/www.accuratereviews.com\/it\/?s={search_term_string}"},"query-input":{"@type":"PropertyValueSpecification","valueRequired":true,"valueName":"search_term_string"}}],"inLanguage":"it-IT"}]}},"_links":{"self":[{"href":"https:\/\/www.accuratereviews.com\/it\/wp-json\/wp\/v2\/pages\/46436","targetHints":{"allow":["GET"]}}],"collection":[{"href":"https:\/\/www.accuratereviews.com\/it\/wp-json\/wp\/v2\/pages"}],"about":[{"href":"https:\/\/www.accuratereviews.com\/it\/wp-json\/wp\/v2\/types\/page"}],"author":[{"embeddable":true,"href":"https:\/\/www.accuratereviews.com\/it\/wp-json\/wp\/v2\/users\/16"}],"replies":[{"embeddable":true,"href":"https:\/\/www.accuratereviews.com\/it\/wp-json\/wp\/v2\/comments?post=46436"}],"version-history":[{"count":10,"href":"https:\/\/www.accuratereviews.com\/it\/wp-json\/wp\/v2\/pages\/46436\/revisions"}],"predecessor-version":[{"id":46470,"href":"https:\/\/www.accuratereviews.com\/it\/wp-json\/wp\/v2\/pages\/46436\/revisions\/46470"}],"up":[{"embeddable":true,"href":"https:\/\/www.accuratereviews.com\/it\/wp-json\/wp\/v2\/pages\/46169"}],"wp:featuredmedia":[{"embeddable":true,"href":"https:\/\/www.accuratereviews.com\/it\/wp-json\/wp\/v2\/media\/46442"}],"wp:attachment":[{"href":"https:\/\/www.accuratereviews.com\/it\/wp-json\/wp\/v2\/media?parent=46436"}],"wp:term":[{"taxonomy":"category","embeddable":true,"href":"https:\/\/www.accuratereviews.com\/it\/wp-json\/wp\/v2\/categories?post=46436"},{"taxonomy":"post_tag","embeddable":true,"href":"https:\/\/www.accuratereviews.com\/it\/wp-json\/wp\/v2\/tags?post=46436"},{"taxonomy":"features","embeddable":true,"href":"https:\/\/www.accuratereviews.com\/it\/wp-json\/wp\/v2\/features?post=46436"}],"curies":[{"name":"wp","href":"https:\/\/api.w.org\/{rel}","templated":true}]}}