{"id":46481,"date":"2021-08-09T18:06:34","date_gmt":"2021-08-09T18:06:34","guid":{"rendered":"https:\/\/www.accuratereviews.com\/?page_id=46481"},"modified":"2021-08-10T08:24:52","modified_gmt":"2021-08-10T08:24:52","slug":"vtex-recensione","status":"publish","type":"page","link":"https:\/\/www.accuratereviews.com\/it\/gestionale-marketplace\/vtex-recensione\/","title":{"rendered":"Vtex"},"content":{"rendered":"<p><strong>Vtex<\/strong>\u00a0\u00e8 una<strong> piattaforma di e-commerce<\/strong> basata su <strong>cloud<\/strong> che offre ai rivenditori online una soluzione centralizzata da cui gestire i propri negozi online e altre esigenze di commercio digitale multicanale. Incorporando marketing, ricerca e merchandising basati sull&#8217;intelligenza artificiale e tecnologia <strong>SmartCheckout<\/strong>, nonch\u00e9 funzionalit\u00e0 di gestione degli ordini e della logistica, il software offre una soluzione di ecommerce completa.\u00a0Per aiutare gli utenti a sviluppare pi\u00f9 negozi, <strong>Vtex<\/strong> fornisce agli utenti strumenti di progettazione agili e personalizzabili. Possono personalizzare le diverse pagine del sito web, i banner e le pagine di destinazione. Utilizzando design reattivi insieme a funzionalit\u00e0 di ricerca filtrata, consente agli utenti di individuare facilmente i prodotti su tutti i laptop, tablet o dispositivi mobili.<\/p>\n<h2>VTEX &#8211; TUTORIAL<\/h2>\n<p>Guardiamo come \u00e8 semplice creare un e-commerce con questo <strong>gestionale marketplace<\/strong>:<\/p>\n<div id=\"fluid-wrapper-counter-1\" class=\"g1-fluid-wrapper \" style=\"width:686px;\">\n<div style=\"padding-bottom:56.268221574344%;\"><iframe loading=\"lazy\" title=\"HOW TO BUILD A VTEX IO WEBSITE (Store Theme)\" width=\"515\" height=\"386\" src=\"https:\/\/www.youtube.com\/embed\/lVH8iQhn1Zo?feature=oembed&amp;wmode=transparent&amp;autohide=1&amp;autoplay=0&amp;disablekb=0&amp;fs=1&amp;loop=0&amp;enablejsapi=1&amp;rel=0&amp;controls=2&amp;showinfo=0&amp;wmode=transparent&amp;autohide=2&amp;autoplay=0&amp;disablekb=0&amp;fs=1&amp;loop=0&amp;enablejsapi=1&amp;rel=0&amp;controls=2&amp;showinfo=1\" frameborder=\"0\" allow=\"accelerometer; autoplay; clipboard-write; encrypted-media; gyroscope; picture-in-picture\" allowfullscreen><\/iframe><\/div>\n<\/div>\n<h3>VTEX &#8211; CARATTERISTICHE<\/h3>\n<ul>\n<li><strong>Crea<\/strong>: configura facilmente il tuo catalogo e definisci i prezzi mentre crei e gestisci tutti i contenuti che promuovono la tua esperienza di shopping digitale.<\/li>\n<li><strong>Promuovi<\/strong>: vendi i tuoi prodotti con un motore di ricerca altamente configurabile e basato sull\u2019IA e funzionalit\u00e0 avanzate di promozione.<\/li>\n<li><strong>Vendi<\/strong>: osserva i tassi di conversione salire alle stelle, un\u2019esperienza di checkout che non richiede password ed \u00e8 dotata di pi\u00f9 opzioni di spedizione.<\/li>\n<li><strong>Integra<\/strong>: e-commerce, marketplace, negozi fisici o app per dispositivi mobili: integra ordini e inventario su tutti i canali per offrire un\u2019esperienza coerente.<\/li>\n<li><strong>Organizza<\/strong>: rendi i tuoi prodotti disponibili su tutti i canali di vendita in modo pratico e comodo per la tua attivit\u00e0, ottimizzando il\u00a0<span class=\"Y2IQFc\" lang=\"it\">compimento\u00a0<\/span>e le consegne in base alle esigenze dei tuoi clienti.<\/li>\n<li><strong>Gestisci<\/strong>: tieni traccia di tutti gli ordini, indipendentemente dal canale di vendita, attraverso un approccio SSOT.<\/li>\n<li><strong>Effettua l\u2019onboarding<\/strong>: diventa un one-stop-shop per i clienti integrando venditori e fornitori di terze parti per vendere prodotti nel tuo marketplace.<\/li>\n<li><strong>Espanditi<\/strong>: esplora nuovi flussi di entrate ampliando la tua offerta di prodotti senza dover gestire l\u2019inventario.<\/li>\n<li class=\"list-services__title\"><strong>Costruisci strumenti su misura<\/strong>: crea applicazioni amministrative personalizzate e nuovi servizi su cloud tramite strumenti che gli sviluppatori amano utilizzare, come TypeScript, React, GraphQL e Node.<\/li>\n<li class=\"list-services__item col-sm-12 col-lg-4\"><strong>Combina le funzionalit\u00e0 di pi\u00f9 fornitori:<\/strong> elimina il middleware integrando perfettamente i dati e i servizi di pi\u00f9 fornitori in un&#8217;unica infrastruttura e piattaforma di sviluppo headless, serverless e cloud-native.<\/li>\n<\/ul>\n<h4>LE RECENSIONI DEGLI UTENTI<\/h4>\n<p class=\"font-weight-bold mb-1 d-flex align-items-center\"><strong>Emilio S.&#8221;Vtex copre vari modelli di business&#8221;<\/strong><\/p>\n<p><strong>Commenti:\u00a0<\/strong>Con la stessa piattaforma \u00e8 stato possibile strutturare un&#8217;architettura omnicanale robusta e scalabile. Inoltre, lo stesso software \u00e8 stato in grado di servire tutti i modelli di business dell&#8217;azienda: B2B, B2C, B2E e mercato.<\/p>\n<p><strong>Pro:\u00a0<\/strong>Basato su API, scalabile, flessibile e robusto<\/p>\n<p><strong>Contro:\u00a0<\/strong>L&#8217;interfaccia di alcuni moduli software non fornisce una buona esperienza di usabilit\u00e0 per l&#8217;utente<\/p>\n<p class=\"font-weight-bold mb-1 d-flex align-items-center\"><strong>Arnaldo R.&#8221;Ottima soluzione di ecommerce&#8221;<\/strong><\/p>\n<p><strong>Commenti:\u00a0<\/strong>Usiamo VTEX nel nostro negozio online e i risultati sono stati fantastici. L&#8217;ottimizzazione per i motori di ricerca ha generato molto traffico per il nostro negozio. Le opzioni di configurazione per le promozioni sono molto buone!<\/p>\n<p><strong>Pro:\u00a0<\/strong>Traffico organico pi\u00f9 elevato, tasso di conversione, valore medio dell&#8217;ordine e ordini approvati. Il tempo per l&#8217;implementazione \u00e8 pi\u00f9 breve e i costi sono inferiori.<\/p>\n<div class=\"row mb-4\">\n<div class=\"col pl-0\">\n<p class=\"font-weight-bold mb-1 d-flex align-items-center\"><strong>Jb Q.&#8221;L&#8217;ho usato in diversi progetti di ecommerce e nel complesso la piattaforma \u00e8 fantastica.&#8221;<\/strong><\/p>\n<p><strong>Commenti:\u00a0<\/strong>Le interfacce di Business Manager sono molto semplici e facili da usare.\u00a0Anche il backend \u00e8 ricco di funzionalit\u00e0 ad esempio ci sono diverse regole per creare una promozione.<br \/>\n\u00c8 una vera piattaforma cloud, quindi non \u00e8 necessario occuparsi di tutte le cose di amministrazione di sistema e ogni pochi mesi sono disponibili nuove funzionalit\u00e0 sulla piattaforma.<\/p>\n<\/div>\n<\/div>\n","protected":false},"excerpt":{"rendered":"<p>Vtex\u00a0\u00e8 una piattaforma di ecommerce basata su cloud che offre ai rivenditori online una soluzione centralizzata da cui gestire i propri negozi online e altre esigenze di commercio digitale multicanale. Incorporando marketing, ricerca e merchandising basati sull&#8217;intelligenza artificiale e tecnologia SmartCheckout.<\/p>\n","protected":false},"author":16,"featured_media":46483,"parent":46169,"menu_order":0,"comment_status":"open","ping_status":"closed","template":"g1_template_page_review_new.php","meta":{"_acf_changed":false,"cwp_meta_box_check":"Yes","cwp_rev_product_name":"","cwp_rev_product_image":"","wppr_links":[],"cwp_rev_price":"","wppr_options":[],"wppr_pros":[],"wppr_cons":[],"_monsterinsights_skip_tracking":false,"_monsterinsights_sitenote_active":false,"_monsterinsights_sitenote_note":"","_monsterinsights_sitenote_category":0,"footnotes":""},"categories":[10817],"tags":[10857,10840,10882,10842,10841,10897],"features":[],"class_list":{"0":"post-46481","1":"page","2":"type-page","3":"status-publish","4":"has-post-thumbnail","6":"category-gestionale-marketplace-cat","7":"tag-gestione-marketpalce","8":"tag-piattaforma-gestione-marketplace","9":"tag-programma-marketplace","10":"tag-software-gestione-marketplace","11":"tag-soluzione-gestione-marketplace","12":"tag-vtex"},"wppr_data":{"cwp_meta_box_check":"Yes","cwp_rev_product_name":"","cwp_rev_product_image":"","cwp_image_link":"image","cwp_rev_price":"","wppr_rating":"0.00"},"acf":[],"yoast_head":"<!-- This site is optimized with the Yoast SEO plugin v27.4 - https:\/\/yoast.com\/product\/yoast-seo-wordpress\/ -->\n<title>Vtex: recensione software gestione marketplace - Accurate Reviews<\/title>\n<meta name=\"description\" content=\"Vtex: recensione\u00a0software ecommerce basato su cloud che offre ai rivenditori una soluzione centralizzata da cui gestire i propri negozi online\" \/>\n<meta name=\"robots\" content=\"index, follow, max-snippet:-1, max-image-preview:large, max-video-preview:-1\" \/>\n<link rel=\"canonical\" href=\"https:\/\/www.accuratereviews.com\/it\/gestionale-marketplace\/vtex-recensione\/\" \/>\n<meta property=\"og:locale\" content=\"it_IT\" \/>\n<meta property=\"og:type\" content=\"article\" \/>\n<meta property=\"og:title\" content=\"Vtex: recensione software gestione marketplace - Accurate Reviews\" \/>\n<meta property=\"og:description\" content=\"Vtex: recensione\u00a0software ecommerce basato su cloud che offre ai rivenditori una soluzione centralizzata da cui gestire i propri negozi online\" \/>\n<meta property=\"og:url\" content=\"https:\/\/www.accuratereviews.com\/it\/gestionale-marketplace\/vtex-recensione\/\" \/>\n<meta property=\"og:site_name\" content=\"Accurate Reviews\" \/>\n<meta property=\"article:modified_time\" content=\"2021-08-10T08:24:52+00:00\" \/>\n<meta property=\"og:image\" content=\"https:\/\/www.accuratereviews.com\/wp-content\/uploads\/2021\/08\/vtex.jpg\" \/>\n\t<meta property=\"og:image:width\" content=\"721\" \/>\n\t<meta property=\"og:image:height\" content=\"411\" \/>\n\t<meta property=\"og:image:type\" content=\"image\/jpeg\" \/>\n<meta name=\"twitter:card\" content=\"summary_large_image\" \/>\n<meta name=\"twitter:label1\" content=\"Tempo di lettura stimato\" \/>\n\t<meta name=\"twitter:data1\" content=\"3 minuti\" \/>\n<script type=\"application\/ld+json\" class=\"yoast-schema-graph\">{\"@context\":\"https:\\\/\\\/schema.org\",\"@graph\":[{\"@type\":\"WebPage\",\"@id\":\"https:\\\/\\\/www.accuratereviews.com\\\/it\\\/gestionale-marketplace\\\/vtex-recensione\\\/\",\"url\":\"https:\\\/\\\/www.accuratereviews.com\\\/it\\\/gestionale-marketplace\\\/vtex-recensione\\\/\",\"name\":\"Vtex: recensione software gestione marketplace - Accurate Reviews\",\"isPartOf\":{\"@id\":\"https:\\\/\\\/www.accuratereviews.com\\\/it\\\/#website\"},\"primaryImageOfPage\":{\"@id\":\"https:\\\/\\\/www.accuratereviews.com\\\/it\\\/gestionale-marketplace\\\/vtex-recensione\\\/#primaryimage\"},\"image\":{\"@id\":\"https:\\\/\\\/www.accuratereviews.com\\\/it\\\/gestionale-marketplace\\\/vtex-recensione\\\/#primaryimage\"},\"thumbnailUrl\":\"https:\\\/\\\/www.accuratereviews.com\\\/wp-content\\\/uploads\\\/2021\\\/08\\\/vtex.jpg\",\"datePublished\":\"2021-08-09T18:06:34+00:00\",\"dateModified\":\"2021-08-10T08:24:52+00:00\",\"description\":\"Vtex: recensione\u00a0software ecommerce basato su cloud che offre ai rivenditori una soluzione centralizzata da cui gestire i propri negozi online\",\"breadcrumb\":{\"@id\":\"https:\\\/\\\/www.accuratereviews.com\\\/it\\\/gestionale-marketplace\\\/vtex-recensione\\\/#breadcrumb\"},\"inLanguage\":\"it-IT\",\"potentialAction\":[{\"@type\":\"ReadAction\",\"target\":[\"https:\\\/\\\/www.accuratereviews.com\\\/it\\\/gestionale-marketplace\\\/vtex-recensione\\\/\"]}]},{\"@type\":\"ImageObject\",\"inLanguage\":\"it-IT\",\"@id\":\"https:\\\/\\\/www.accuratereviews.com\\\/it\\\/gestionale-marketplace\\\/vtex-recensione\\\/#primaryimage\",\"url\":\"https:\\\/\\\/www.accuratereviews.com\\\/wp-content\\\/uploads\\\/2021\\\/08\\\/vtex.jpg\",\"contentUrl\":\"https:\\\/\\\/www.accuratereviews.com\\\/wp-content\\\/uploads\\\/2021\\\/08\\\/vtex.jpg\",\"width\":721,\"height\":411},{\"@type\":\"BreadcrumbList\",\"@id\":\"https:\\\/\\\/www.accuratereviews.com\\\/it\\\/gestionale-marketplace\\\/vtex-recensione\\\/#breadcrumb\",\"itemListElement\":[{\"@type\":\"ListItem\",\"position\":1,\"name\":\"Home\",\"item\":\"https:\\\/\\\/www.accuratereviews.com\\\/it\\\/\"},{\"@type\":\"ListItem\",\"position\":2,\"name\":\"Gestionale marketplace\",\"item\":\"https:\\\/\\\/www.accuratereviews.com\\\/it\\\/gestionale-marketplace\\\/\"},{\"@type\":\"ListItem\",\"position\":3,\"name\":\"Vtex\"}]},{\"@type\":\"WebSite\",\"@id\":\"https:\\\/\\\/www.accuratereviews.com\\\/it\\\/#website\",\"url\":\"https:\\\/\\\/www.accuratereviews.com\\\/it\\\/\",\"name\":\"Accurate Reviews\",\"description\":\"\",\"potentialAction\":[{\"@type\":\"SearchAction\",\"target\":{\"@type\":\"EntryPoint\",\"urlTemplate\":\"https:\\\/\\\/www.accuratereviews.com\\\/it\\\/?s={search_term_string}\"},\"query-input\":{\"@type\":\"PropertyValueSpecification\",\"valueRequired\":true,\"valueName\":\"search_term_string\"}}],\"inLanguage\":\"it-IT\"}]}<\/script>\n<!-- \/ Yoast SEO plugin. -->","yoast_head_json":{"title":"Vtex: recensione software gestione marketplace - Accurate Reviews","description":"Vtex: recensione\u00a0software ecommerce basato su cloud che offre ai rivenditori una soluzione centralizzata da cui gestire i propri negozi online","robots":{"index":"index","follow":"follow","max-snippet":"max-snippet:-1","max-image-preview":"max-image-preview:large","max-video-preview":"max-video-preview:-1"},"canonical":"https:\/\/www.accuratereviews.com\/it\/gestionale-marketplace\/vtex-recensione\/","og_locale":"it_IT","og_type":"article","og_title":"Vtex: recensione software gestione marketplace - Accurate Reviews","og_description":"Vtex: recensione\u00a0software ecommerce basato su cloud che offre ai rivenditori una soluzione centralizzata da cui gestire i propri negozi online","og_url":"https:\/\/www.accuratereviews.com\/it\/gestionale-marketplace\/vtex-recensione\/","og_site_name":"Accurate Reviews","article_modified_time":"2021-08-10T08:24:52+00:00","og_image":[{"width":721,"height":411,"url":"https:\/\/www.accuratereviews.com\/wp-content\/uploads\/2021\/08\/vtex.jpg","type":"image\/jpeg"}],"twitter_card":"summary_large_image","twitter_misc":{"Tempo di lettura stimato":"3 minuti"},"schema":{"@context":"https:\/\/schema.org","@graph":[{"@type":"WebPage","@id":"https:\/\/www.accuratereviews.com\/it\/gestionale-marketplace\/vtex-recensione\/","url":"https:\/\/www.accuratereviews.com\/it\/gestionale-marketplace\/vtex-recensione\/","name":"Vtex: recensione software gestione marketplace - Accurate Reviews","isPartOf":{"@id":"https:\/\/www.accuratereviews.com\/it\/#website"},"primaryImageOfPage":{"@id":"https:\/\/www.accuratereviews.com\/it\/gestionale-marketplace\/vtex-recensione\/#primaryimage"},"image":{"@id":"https:\/\/www.accuratereviews.com\/it\/gestionale-marketplace\/vtex-recensione\/#primaryimage"},"thumbnailUrl":"https:\/\/www.accuratereviews.com\/wp-content\/uploads\/2021\/08\/vtex.jpg","datePublished":"2021-08-09T18:06:34+00:00","dateModified":"2021-08-10T08:24:52+00:00","description":"Vtex: recensione\u00a0software ecommerce basato su cloud che offre ai rivenditori una soluzione centralizzata da cui gestire i propri negozi online","breadcrumb":{"@id":"https:\/\/www.accuratereviews.com\/it\/gestionale-marketplace\/vtex-recensione\/#breadcrumb"},"inLanguage":"it-IT","potentialAction":[{"@type":"ReadAction","target":["https:\/\/www.accuratereviews.com\/it\/gestionale-marketplace\/vtex-recensione\/"]}]},{"@type":"ImageObject","inLanguage":"it-IT","@id":"https:\/\/www.accuratereviews.com\/it\/gestionale-marketplace\/vtex-recensione\/#primaryimage","url":"https:\/\/www.accuratereviews.com\/wp-content\/uploads\/2021\/08\/vtex.jpg","contentUrl":"https:\/\/www.accuratereviews.com\/wp-content\/uploads\/2021\/08\/vtex.jpg","width":721,"height":411},{"@type":"BreadcrumbList","@id":"https:\/\/www.accuratereviews.com\/it\/gestionale-marketplace\/vtex-recensione\/#breadcrumb","itemListElement":[{"@type":"ListItem","position":1,"name":"Home","item":"https:\/\/www.accuratereviews.com\/it\/"},{"@type":"ListItem","position":2,"name":"Gestionale marketplace","item":"https:\/\/www.accuratereviews.com\/it\/gestionale-marketplace\/"},{"@type":"ListItem","position":3,"name":"Vtex"}]},{"@type":"WebSite","@id":"https:\/\/www.accuratereviews.com\/it\/#website","url":"https:\/\/www.accuratereviews.com\/it\/","name":"Accurate Reviews","description":"","potentialAction":[{"@type":"SearchAction","target":{"@type":"EntryPoint","urlTemplate":"https:\/\/www.accuratereviews.com\/it\/?s={search_term_string}"},"query-input":{"@type":"PropertyValueSpecification","valueRequired":true,"valueName":"search_term_string"}}],"inLanguage":"it-IT"}]}},"_links":{"self":[{"href":"https:\/\/www.accuratereviews.com\/it\/wp-json\/wp\/v2\/pages\/46481","targetHints":{"allow":["GET"]}}],"collection":[{"href":"https:\/\/www.accuratereviews.com\/it\/wp-json\/wp\/v2\/pages"}],"about":[{"href":"https:\/\/www.accuratereviews.com\/it\/wp-json\/wp\/v2\/types\/page"}],"author":[{"embeddable":true,"href":"https:\/\/www.accuratereviews.com\/it\/wp-json\/wp\/v2\/users\/16"}],"replies":[{"embeddable":true,"href":"https:\/\/www.accuratereviews.com\/it\/wp-json\/wp\/v2\/comments?post=46481"}],"version-history":[{"count":11,"href":"https:\/\/www.accuratereviews.com\/it\/wp-json\/wp\/v2\/pages\/46481\/revisions"}],"predecessor-version":[{"id":46528,"href":"https:\/\/www.accuratereviews.com\/it\/wp-json\/wp\/v2\/pages\/46481\/revisions\/46528"}],"up":[{"embeddable":true,"href":"https:\/\/www.accuratereviews.com\/it\/wp-json\/wp\/v2\/pages\/46169"}],"wp:featuredmedia":[{"embeddable":true,"href":"https:\/\/www.accuratereviews.com\/it\/wp-json\/wp\/v2\/media\/46483"}],"wp:attachment":[{"href":"https:\/\/www.accuratereviews.com\/it\/wp-json\/wp\/v2\/media?parent=46481"}],"wp:term":[{"taxonomy":"category","embeddable":true,"href":"https:\/\/www.accuratereviews.com\/it\/wp-json\/wp\/v2\/categories?post=46481"},{"taxonomy":"post_tag","embeddable":true,"href":"https:\/\/www.accuratereviews.com\/it\/wp-json\/wp\/v2\/tags?post=46481"},{"taxonomy":"features","embeddable":true,"href":"https:\/\/www.accuratereviews.com\/it\/wp-json\/wp\/v2\/features?post=46481"}],"curies":[{"name":"wp","href":"https:\/\/api.w.org\/{rel}","templated":true}]}}