{"id":46494,"date":"2021-08-09T18:11:13","date_gmt":"2021-08-09T18:11:13","guid":{"rendered":"https:\/\/www.accuratereviews.com\/?page_id=46494"},"modified":"2021-08-09T18:11:13","modified_gmt":"2021-08-09T18:11:13","slug":"shuup-recensione","status":"publish","type":"page","link":"https:\/\/www.accuratereviews.com\/it\/gestionale-marketplace\/shuup-recensione\/","title":{"rendered":"Shuup"},"content":{"rendered":"<p><strong>Shuup<\/strong> offre una soluzione white label, che consente ai manager di <strong>creare un marketplace<\/strong> personalizzato con logo, colore, modelli, landing page, caratteri e temi del marchio della vostra attivit\u00e0. Le funzionalit\u00e0 includono migrazione dei dati, cross-selling\/up-selling, notifiche automatiche, geolocalizzazione, gestione delle tasse e altro ancora. La funzionalit\u00e0 di modifica dei prodotti in blocco consente agli utenti di aggiornare pi\u00f9 parametri del prodotto, come livelli di scorte, sconti, prezzi, categorie e disponibilit\u00e0 del fornitore. Un sistema di monitoraggio dell&#8217;inventario permette ai fornitori di tenere traccia delle vendite, nascondere gli articoli esauriti, supportare i preacquisti e configurare gli avvisi. La piattaforma si integra con varie applicazioni di terze parti come MailChimp e Stripe.<\/p>\n<h2>SHUUP &#8211; TUTORIAL<\/h2>\n<p>Guardiamo insieme il tutorial di questo <strong>gestionale marketplace<\/strong>:<\/p>\n<div id=\"fluid-wrapper-counter-1\" class=\"g1-fluid-wrapper \" style=\"width:686px;\">\n<div style=\"padding-bottom:56.268221574344%;\"><iframe loading=\"lazy\" title=\"Shuup Vendor Registration\" width=\"686\" height=\"386\" src=\"https:\/\/www.youtube.com\/embed\/5_TwuPbWBSk?feature=oembed&amp;wmode=transparent&amp;autohide=1&amp;autoplay=0&amp;disablekb=0&amp;fs=1&amp;loop=0&amp;enablejsapi=1&amp;rel=0&amp;controls=2&amp;showinfo=0&amp;wmode=transparent&amp;autohide=2&amp;autoplay=0&amp;disablekb=0&amp;fs=1&amp;loop=0&amp;enablejsapi=1&amp;rel=0&amp;controls=2&amp;showinfo=1\" frameborder=\"0\" allow=\"accelerometer; autoplay; clipboard-write; encrypted-media; gyroscope; picture-in-picture\" allowfullscreen><\/iframe><\/div>\n<\/div>\n<h3>SHUUP &#8211; CARATTERISTICHE<\/h3>\n<ul>\n<li><strong>Marchio personalizzato<\/strong>:\u00a0funzionalit\u00e0 multivendor semplificano l&#8217;aggiunta del marchio personalizzato del tuo marketplace: loghi, pagine di destinazione, temi colore, caratteri e pagine. Mantieni l&#8217;aspetto del tuo sito coerente con il tuo marchio su tutti i canali di vendita. Esegui tutto sul tuo dominio personalizzato per un&#8217;esperienza unificata.<\/li>\n<li><strong>Editor di pagine integrato<\/strong>: l&#8217;editor di layout integrato \u00e8 uno strumento completo per personalizzare l&#8217;aspetto del tuo marketplace. I contenitori di pagina e le impostazioni di visibilit\u00e0 ti consentono di aggiungere funzionalit\u00e0 come immagini e vetrine di prodotti a diverse sezioni di ogni pagina. Puoi anche aggiungere CSS personalizzati per mettere a punto ogni dettaglio.<\/li>\n<li><strong>Design reattivo<\/strong>: per gli utenti in movimento, ottimizzato per ogni schermo. Offri un&#8217;esperienza utente (UX) coerente su ogni dispositivo e dimensione dello schermo. Ci\u00f2 aumenter\u00e0 le conversioni.<\/li>\n<li><strong>Evidenzia i prodotti pi\u00f9 venduti o in saldo<\/strong>: aumenta le vendite mettendo in mostra i tuoi articoli migliori e i prodotti in primo piano. Imposta limiti di tempo e altre regole per mantenere aggiornati i tuoi contenuti.<\/li>\n<li><strong>Banner promozionali e pubblicit\u00e0<\/strong>: mostra le tue migliori offerte, sconti tramite banner promozionali per invogliare il tuo pubblico. Imposta le date di visualizzazione e altre impostazioni per le festivit\u00e0 automatizzate o le vendite a tempo.<\/li>\n<li><strong>CMS<\/strong>:\u00a0sistema completo di gestione dei contenuti per mantenere attivo il tuo marketplace con contenuti visivi. Crea blog e contenuti video visivamente sbalorditivi per invogliare i clienti a tornare. Quindi invia i contenuti a tutti i tuoi canali di social media per raggiungere il cliente in modo completo.<\/li>\n<li><strong>Personalizzazione illimitata<\/strong>: con l&#8217;accesso al codice sorgente del marketplace, qualsiasi aspetto \u00e8 realizzabile. Aggiungi le tue personalizzazioni, componenti aggiuntivi e modifiche. Soddisfa esattamente i tuoi requisiti di progettazione e di business.<\/li>\n<li><strong>Modifica di prodotti in blocco<\/strong>: risparmia tempo quando tu o i tuoi fornitori aggiornate i prodotti a livello globale. Le opzioni di importazione ed esportazione di file CSV ti consentono di modificare un numero qualsiasi di prodotti in pochi secondi. Puoi aggiornare qualsiasi parametro del prodotto, inclusi livelli di scorte, prezzo, disponibilit\u00e0 del fornitore, sconti, categorie e altro.<\/li>\n<li><strong>Geolocalizzazione<\/strong>: consenti ai clienti di selezionare prodotti o fornitori in base alla loro posizione e distanza. Perfetto per sviluppare una rete di consegna locale personalizzata come Postmates, Grubhub o SkipTheDishes. Costruisci una rete di servizi per appaltatori o agenti B2B o per liberi professionisti come Fivver e Wag. Crea un servizio di prenotazione per affitti o servizi come Airbnb.<\/li>\n<\/ul>\n<h4>LE RECENSIONI DEGLI UTENTI<\/h4>\n<h5 class=\"font-weight-bold mb-1 d-flex align-items-center\">Kundan kumar S.\u00a0&#8220;Facile da usare&#8221;<\/h5>\n<p><strong>Pro:\u00a0<\/strong>Ogni caratteristica qui \u00e8 la migliore. Mi piace soprattutto creare un prodotto. Creare un prodotto e mantenerne le scorte \u00e8 molto semplice.<\/p>\n<p><strong>Contro:\u00a0<\/strong>La generazione di coupon potrebbe essere migliore.<\/p>\n<p class=\"font-weight-bold mb-1 d-flex align-items-center\"><strong>Andrew B.&#8221;Ottima esperienza con Shuup&#8221;<\/strong><\/p>\n<p><strong>Commenti:\u00a0<\/strong>La mia esperienza complessiva con Shuup \u00e8 stata positiva. Ho imparato molto e mi \u00e8 piaciuto il processo di sviluppo.<\/p>\n<p><strong>Pro:\u00a0<\/strong>Le caratteristiche pi\u00f9 impressionanti del sistema multivendor Shuup \u00e8 la sua personalizzazione in base alle esigenze e ai requisiti aziendali. Il servizio clienti e il supporto tecnico sono forniti da pi\u00f9 persone, quindi la puntualit\u00e0 nella risoluzione dei problemi o nel rispondere alle domande \u00e8 fondamentale.<\/p>\n<p><strong>Contro:\u00a0<\/strong>I sistemi sono piuttosto difficili da imparare anche se una volta che li padroneggi, sono uno strumento molto utile. L&#8217;apprendimento dei sistemi \u00e8 stato completamente supportato dal servizio clienti e si \u00e8 riunito abbastanza rapidamente.<\/p>\n<p class=\"font-weight-bold mb-1 d-flex align-items-center\"><strong>Marquis J.&#8221;Ottimo software&#8221;<\/strong><\/p>\n<p><strong>Commenti:\u00a0<\/strong>Ho avuto un&#8217;ottima esperienza con Shuup, il team \u00e8 stato molto organizzato e disponibile nelle fasi di sviluppo, fantastico<\/p>\n<p><strong>Pro:\u00a0<\/strong>Il software \u00e8 molto facile da usare e consente di risparmiare tempo per le attivit\u00e0 quotidiane<\/p>\n<p><strong>Contro:\u00a0<\/strong>\u00c8 un risparmio di tempo per le attivit\u00e0 quotidiane, ottimi strumenti logistici per tenere traccia di prodotti e vendite<\/p>\n<p>&nbsp;<\/p>\n","protected":false},"excerpt":{"rendered":"<p>Shuup offre una soluzione white label, che consente ai manager di creare un marketplace personalizzato con logo, colore, modelli, landing page, caratteri e temi del marchio della vostra attivit\u00e0. Le funzionalit\u00e0 includono migrazione dei dati, cross-selling\/up-selling, notifiche automatiche, geolocalizzazione, gestione delle tasse e altro ancora.<\/p>\n","protected":false},"author":16,"featured_media":46495,"parent":46169,"menu_order":0,"comment_status":"open","ping_status":"closed","template":"g1_template_page_review_new.php","meta":{"_acf_changed":false,"cwp_meta_box_check":"Yes","cwp_rev_product_name":"","cwp_rev_product_image":"","wppr_links":[],"cwp_rev_price":"","wppr_options":[],"wppr_pros":[],"wppr_cons":[],"_monsterinsights_skip_tracking":false,"_monsterinsights_sitenote_active":false,"_monsterinsights_sitenote_note":"","_monsterinsights_sitenote_category":0,"footnotes":""},"categories":[10817],"tags":[10818,10840,10839,10898,10842,10841],"features":[],"class_list":{"0":"post-46494","1":"page","2":"type-page","3":"status-publish","4":"has-post-thumbnail","6":"category-gestionale-marketplace-cat","7":"tag-gestionale-marketplace","8":"tag-piattaforma-gestione-marketplace","9":"tag-programma-gestione-marketplace","10":"tag-shuup","11":"tag-software-gestione-marketplace","12":"tag-soluzione-gestione-marketplace"},"wppr_data":{"cwp_meta_box_check":"Yes","cwp_rev_product_name":"","cwp_rev_product_image":"","cwp_image_link":"image","cwp_rev_price":"","wppr_rating":"0.00"},"acf":[],"yoast_head":"<!-- This site is optimized with the Yoast SEO plugin v27.4 - https:\/\/yoast.com\/product\/yoast-seo-wordpress\/ -->\n<title>Shuup: recensione software gestione marketplace - Accurate Reviews<\/title>\n<meta name=\"description\" content=\"Shuup: recensione soluzione white label che consente di creare un marketplace personalizzato con logo, colore e caratteri del marchio dell&#039;attivit\u00e0.\" \/>\n<meta name=\"robots\" content=\"index, follow, max-snippet:-1, max-image-preview:large, max-video-preview:-1\" \/>\n<link rel=\"canonical\" href=\"https:\/\/www.accuratereviews.com\/it\/gestionale-marketplace\/shuup-recensione\/\" \/>\n<meta property=\"og:locale\" content=\"it_IT\" \/>\n<meta property=\"og:type\" content=\"article\" \/>\n<meta property=\"og:title\" content=\"Shuup: recensione software gestione marketplace - Accurate Reviews\" \/>\n<meta property=\"og:description\" content=\"Shuup: recensione soluzione white label che consente di creare un marketplace personalizzato con logo, colore e caratteri del marchio dell&#039;attivit\u00e0.\" \/>\n<meta property=\"og:url\" content=\"https:\/\/www.accuratereviews.com\/it\/gestionale-marketplace\/shuup-recensione\/\" \/>\n<meta property=\"og:site_name\" content=\"Accurate Reviews\" \/>\n<meta property=\"og:image\" content=\"https:\/\/www.accuratereviews.com\/wp-content\/uploads\/2021\/08\/shuup.png\" \/>\n\t<meta property=\"og:image:width\" content=\"600\" \/>\n\t<meta property=\"og:image:height\" content=\"315\" \/>\n\t<meta property=\"og:image:type\" content=\"image\/png\" \/>\n<meta name=\"twitter:card\" content=\"summary_large_image\" \/>\n<meta name=\"twitter:label1\" content=\"Tempo di lettura stimato\" \/>\n\t<meta name=\"twitter:data1\" content=\"4 minuti\" \/>\n<script type=\"application\/ld+json\" class=\"yoast-schema-graph\">{\"@context\":\"https:\\\/\\\/schema.org\",\"@graph\":[{\"@type\":\"WebPage\",\"@id\":\"https:\\\/\\\/www.accuratereviews.com\\\/it\\\/gestionale-marketplace\\\/shuup-recensione\\\/\",\"url\":\"https:\\\/\\\/www.accuratereviews.com\\\/it\\\/gestionale-marketplace\\\/shuup-recensione\\\/\",\"name\":\"Shuup: recensione software gestione marketplace - Accurate Reviews\",\"isPartOf\":{\"@id\":\"https:\\\/\\\/www.accuratereviews.com\\\/it\\\/#website\"},\"primaryImageOfPage\":{\"@id\":\"https:\\\/\\\/www.accuratereviews.com\\\/it\\\/gestionale-marketplace\\\/shuup-recensione\\\/#primaryimage\"},\"image\":{\"@id\":\"https:\\\/\\\/www.accuratereviews.com\\\/it\\\/gestionale-marketplace\\\/shuup-recensione\\\/#primaryimage\"},\"thumbnailUrl\":\"https:\\\/\\\/www.accuratereviews.com\\\/wp-content\\\/uploads\\\/2021\\\/08\\\/shuup.png\",\"datePublished\":\"2021-08-09T18:11:13+00:00\",\"description\":\"Shuup: recensione soluzione white label che consente di creare un marketplace personalizzato con logo, colore e caratteri del marchio dell'attivit\u00e0.\",\"breadcrumb\":{\"@id\":\"https:\\\/\\\/www.accuratereviews.com\\\/it\\\/gestionale-marketplace\\\/shuup-recensione\\\/#breadcrumb\"},\"inLanguage\":\"it-IT\",\"potentialAction\":[{\"@type\":\"ReadAction\",\"target\":[\"https:\\\/\\\/www.accuratereviews.com\\\/it\\\/gestionale-marketplace\\\/shuup-recensione\\\/\"]}]},{\"@type\":\"ImageObject\",\"inLanguage\":\"it-IT\",\"@id\":\"https:\\\/\\\/www.accuratereviews.com\\\/it\\\/gestionale-marketplace\\\/shuup-recensione\\\/#primaryimage\",\"url\":\"https:\\\/\\\/www.accuratereviews.com\\\/wp-content\\\/uploads\\\/2021\\\/08\\\/shuup.png\",\"contentUrl\":\"https:\\\/\\\/www.accuratereviews.com\\\/wp-content\\\/uploads\\\/2021\\\/08\\\/shuup.png\",\"width\":600,\"height\":315},{\"@type\":\"BreadcrumbList\",\"@id\":\"https:\\\/\\\/www.accuratereviews.com\\\/it\\\/gestionale-marketplace\\\/shuup-recensione\\\/#breadcrumb\",\"itemListElement\":[{\"@type\":\"ListItem\",\"position\":1,\"name\":\"Home\",\"item\":\"https:\\\/\\\/www.accuratereviews.com\\\/it\\\/\"},{\"@type\":\"ListItem\",\"position\":2,\"name\":\"Gestionale marketplace\",\"item\":\"https:\\\/\\\/www.accuratereviews.com\\\/it\\\/gestionale-marketplace\\\/\"},{\"@type\":\"ListItem\",\"position\":3,\"name\":\"Shuup\"}]},{\"@type\":\"WebSite\",\"@id\":\"https:\\\/\\\/www.accuratereviews.com\\\/it\\\/#website\",\"url\":\"https:\\\/\\\/www.accuratereviews.com\\\/it\\\/\",\"name\":\"Accurate Reviews\",\"description\":\"\",\"potentialAction\":[{\"@type\":\"SearchAction\",\"target\":{\"@type\":\"EntryPoint\",\"urlTemplate\":\"https:\\\/\\\/www.accuratereviews.com\\\/it\\\/?s={search_term_string}\"},\"query-input\":{\"@type\":\"PropertyValueSpecification\",\"valueRequired\":true,\"valueName\":\"search_term_string\"}}],\"inLanguage\":\"it-IT\"}]}<\/script>\n<!-- \/ Yoast SEO plugin. -->","yoast_head_json":{"title":"Shuup: recensione software gestione marketplace - Accurate Reviews","description":"Shuup: recensione soluzione white label che consente di creare un marketplace personalizzato con logo, colore e caratteri del marchio dell'attivit\u00e0.","robots":{"index":"index","follow":"follow","max-snippet":"max-snippet:-1","max-image-preview":"max-image-preview:large","max-video-preview":"max-video-preview:-1"},"canonical":"https:\/\/www.accuratereviews.com\/it\/gestionale-marketplace\/shuup-recensione\/","og_locale":"it_IT","og_type":"article","og_title":"Shuup: recensione software gestione marketplace - Accurate Reviews","og_description":"Shuup: recensione soluzione white label che consente di creare un marketplace personalizzato con logo, colore e caratteri del marchio dell'attivit\u00e0.","og_url":"https:\/\/www.accuratereviews.com\/it\/gestionale-marketplace\/shuup-recensione\/","og_site_name":"Accurate Reviews","og_image":[{"width":600,"height":315,"url":"https:\/\/www.accuratereviews.com\/wp-content\/uploads\/2021\/08\/shuup.png","type":"image\/png"}],"twitter_card":"summary_large_image","twitter_misc":{"Tempo di lettura stimato":"4 minuti"},"schema":{"@context":"https:\/\/schema.org","@graph":[{"@type":"WebPage","@id":"https:\/\/www.accuratereviews.com\/it\/gestionale-marketplace\/shuup-recensione\/","url":"https:\/\/www.accuratereviews.com\/it\/gestionale-marketplace\/shuup-recensione\/","name":"Shuup: recensione software gestione marketplace - Accurate Reviews","isPartOf":{"@id":"https:\/\/www.accuratereviews.com\/it\/#website"},"primaryImageOfPage":{"@id":"https:\/\/www.accuratereviews.com\/it\/gestionale-marketplace\/shuup-recensione\/#primaryimage"},"image":{"@id":"https:\/\/www.accuratereviews.com\/it\/gestionale-marketplace\/shuup-recensione\/#primaryimage"},"thumbnailUrl":"https:\/\/www.accuratereviews.com\/wp-content\/uploads\/2021\/08\/shuup.png","datePublished":"2021-08-09T18:11:13+00:00","description":"Shuup: recensione soluzione white label che consente di creare un marketplace personalizzato con logo, colore e caratteri del marchio dell'attivit\u00e0.","breadcrumb":{"@id":"https:\/\/www.accuratereviews.com\/it\/gestionale-marketplace\/shuup-recensione\/#breadcrumb"},"inLanguage":"it-IT","potentialAction":[{"@type":"ReadAction","target":["https:\/\/www.accuratereviews.com\/it\/gestionale-marketplace\/shuup-recensione\/"]}]},{"@type":"ImageObject","inLanguage":"it-IT","@id":"https:\/\/www.accuratereviews.com\/it\/gestionale-marketplace\/shuup-recensione\/#primaryimage","url":"https:\/\/www.accuratereviews.com\/wp-content\/uploads\/2021\/08\/shuup.png","contentUrl":"https:\/\/www.accuratereviews.com\/wp-content\/uploads\/2021\/08\/shuup.png","width":600,"height":315},{"@type":"BreadcrumbList","@id":"https:\/\/www.accuratereviews.com\/it\/gestionale-marketplace\/shuup-recensione\/#breadcrumb","itemListElement":[{"@type":"ListItem","position":1,"name":"Home","item":"https:\/\/www.accuratereviews.com\/it\/"},{"@type":"ListItem","position":2,"name":"Gestionale marketplace","item":"https:\/\/www.accuratereviews.com\/it\/gestionale-marketplace\/"},{"@type":"ListItem","position":3,"name":"Shuup"}]},{"@type":"WebSite","@id":"https:\/\/www.accuratereviews.com\/it\/#website","url":"https:\/\/www.accuratereviews.com\/it\/","name":"Accurate Reviews","description":"","potentialAction":[{"@type":"SearchAction","target":{"@type":"EntryPoint","urlTemplate":"https:\/\/www.accuratereviews.com\/it\/?s={search_term_string}"},"query-input":{"@type":"PropertyValueSpecification","valueRequired":true,"valueName":"search_term_string"}}],"inLanguage":"it-IT"}]}},"_links":{"self":[{"href":"https:\/\/www.accuratereviews.com\/it\/wp-json\/wp\/v2\/pages\/46494","targetHints":{"allow":["GET"]}}],"collection":[{"href":"https:\/\/www.accuratereviews.com\/it\/wp-json\/wp\/v2\/pages"}],"about":[{"href":"https:\/\/www.accuratereviews.com\/it\/wp-json\/wp\/v2\/types\/page"}],"author":[{"embeddable":true,"href":"https:\/\/www.accuratereviews.com\/it\/wp-json\/wp\/v2\/users\/16"}],"replies":[{"embeddable":true,"href":"https:\/\/www.accuratereviews.com\/it\/wp-json\/wp\/v2\/comments?post=46494"}],"version-history":[{"count":6,"href":"https:\/\/www.accuratereviews.com\/it\/wp-json\/wp\/v2\/pages\/46494\/revisions"}],"predecessor-version":[{"id":46522,"href":"https:\/\/www.accuratereviews.com\/it\/wp-json\/wp\/v2\/pages\/46494\/revisions\/46522"}],"up":[{"embeddable":true,"href":"https:\/\/www.accuratereviews.com\/it\/wp-json\/wp\/v2\/pages\/46169"}],"wp:featuredmedia":[{"embeddable":true,"href":"https:\/\/www.accuratereviews.com\/it\/wp-json\/wp\/v2\/media\/46495"}],"wp:attachment":[{"href":"https:\/\/www.accuratereviews.com\/it\/wp-json\/wp\/v2\/media?parent=46494"}],"wp:term":[{"taxonomy":"category","embeddable":true,"href":"https:\/\/www.accuratereviews.com\/it\/wp-json\/wp\/v2\/categories?post=46494"},{"taxonomy":"post_tag","embeddable":true,"href":"https:\/\/www.accuratereviews.com\/it\/wp-json\/wp\/v2\/tags?post=46494"},{"taxonomy":"features","embeddable":true,"href":"https:\/\/www.accuratereviews.com\/it\/wp-json\/wp\/v2\/features?post=46494"}],"curies":[{"name":"wp","href":"https:\/\/api.w.org\/{rel}","templated":true}]}}