{"id":46545,"date":"2021-08-11T16:42:15","date_gmt":"2021-08-11T16:42:15","guid":{"rendered":"https:\/\/www.accuratereviews.com\/?page_id=46545"},"modified":"2021-08-11T16:42:15","modified_gmt":"2021-08-11T16:42:15","slug":"spree-commerce-recensione","status":"publish","type":"page","link":"https:\/\/www.accuratereviews.com\/it\/gestionale-marketplace\/spree-commerce-recensione\/","title":{"rendered":"Spree Commerce"},"content":{"rendered":"<div class=\"ZTPlmc\"><\/div>\n<div class=\"dePhmb\">\n<div class=\"eyKpYb\" data-language=\"it\" data-original-language=\"en\" data-result-index=\"0\">\n<div class=\"J0lOec\"><span class=\"VIiyi\" lang=\"it\"><span class=\"JLqJ4b ChMk0b\" data-language-for-alternatives=\"it\" data-language-to-translate-into=\"en\" data-phrase-index=\"0\"><strong>Spree Commerce<\/strong> \u00e8 un <strong>software gestionale marketplace<\/strong> dotato di un frontend completamente reattivo e facilmente personalizzabile creato per i dispositivi mobili. \u00c8 stato progettato da zero implementando diverse best practice UX come tecniche di caching avanzate, SEO con dati strutturati, anteprima social Open Graph, immagini ottimizzate, fallback Srcset a immagini a bassa risoluzione, caricamento delle immagini e icone.<span class=\"JLqJ4b\" data-language-for-alternatives=\"it\" data-language-to-translate-into=\"en\" data-phrase-index=\"2\"> Come risultato di diversi tipi di ottimizzazione, il nuovo <strong>Spree<\/strong> ottiene punteggi molto alti nei test di Google Lighthouse, anche su opzioni di hosting a basse prestazioni e con connessioni Internet mobili scadenti. Usufruendo di questo potente programma porta a un traffico di ricerca pi\u00f9 organico, pi\u00f9 conversioni, pi\u00f9 vendite e pi\u00f9 valore.<\/span><\/span><\/span><\/div>\n<\/div>\n<h2>SPREE COMMERCE \u00a0&#8211; TUTORIAL<\/h2>\n<p>Guardiamo come caricare un prodotto in questo <strong>gestionale marketplace<\/strong>:<\/p>\n<div id=\"fluid-wrapper-counter-1\" class=\"g1-fluid-wrapper \" style=\"width:686px;\">\n<div style=\"padding-bottom:56.268221574344%;\"><iframe loading=\"lazy\" title=\"Love open-source as open-source loves your ecommerce - Case Study of Be Bell\u00f3n - SpreeConf\" width=\"686\" height=\"386\" src=\"https:\/\/www.youtube.com\/embed\/n-dRBV5WEkE?feature=oembed&amp;wmode=transparent&amp;autohide=1&amp;autoplay=0&amp;disablekb=0&amp;fs=1&amp;loop=0&amp;enablejsapi=1&amp;rel=0&amp;controls=2&amp;showinfo=0&amp;wmode=transparent&amp;autohide=2&amp;autoplay=0&amp;disablekb=0&amp;fs=1&amp;loop=0&amp;enablejsapi=1&amp;rel=0&amp;controls=2&amp;showinfo=1\" frameborder=\"0\" allow=\"accelerometer; autoplay; clipboard-write; encrypted-media; gyroscope; picture-in-picture\" allowfullscreen><\/iframe><\/div>\n<\/div>\n<div>\n<h3>SPREE COMMERCE \u00a0&#8211; CARATTERISTICHE<\/h3>\n<ul>\n<li><strong>CMS<\/strong>:\u00a0dotato di una semplice gestione dei contenuti, per modificare gli elementi della homepage, gli elenchi dei prodotti editoriali o i T&amp;C.<\/li>\n<li><strong>Integrazione con WordPress<\/strong>: mantieni la familiare dashboard di WordPress, consenti agli utenti di aggiungere al carrello o pubblicare post del blog, visualizzare il carrello, abilitare il checkout, arricchire gli elenchi dei prodotti con editoriali.<\/li>\n<li><strong>Test A\/B<\/strong>: sperimenta e ottimizza la tua esperienza di acquisto per aumentare le conversioni su dispositivi mobili e desktop. Usa Optimizely, Google Optimize, Crazy Egg.<\/li>\n<li><strong>Marketing via email<\/strong>: cattura le email per aumentare la fidelizzazione degli utenti, stimolare la fedelt\u00e0, chiedere referenze, distribuire premi, segmentare la base di utenti, aumentare le vendite e il cross-selling. Usa Mailchimp, Listrak, Klaviyo.<\/li>\n<li><strong>Grandi dati:<\/strong> rendi il tuo marketing basato sui dati e continua a ottimizzare la tua attivit\u00e0. Usa Segment.com per raccogliere dati incentrati sull&#8217;utente, archiviarli, estrarli, visualizzarli, comprenderli e agire su di essi.<\/li>\n<li><strong>Rapporti sulle vendite<\/strong>: utilizza i rapporti per vedere quale era il totale degli articoli dei tuoi ordini, il totale delle rettifiche e il totale delle vendite per un periodo di tempo selezionato, per ogni valuta che accetti.<\/li>\n<li><strong>Dashboard di analisi<\/strong>: esplora le metriche della tua attivit\u00e0 su dispositivi mobili o visualizzale su desktop.<\/li>\n<li><strong>Accesso social<\/strong>: consenti ai tuoi utenti di registrarsi e accedere al tuo negozio con Facebook, Google, Twitter, Linkedin. Il programma gestisce l&#8217;autorizzazione, la creazione di account e l&#8217;associazione.<\/li>\n<li><strong>Condivisione social<\/strong>:\u00a0ti consente di sfruttare il protocollo Open Graph di Facebook per arricchire le pagine dei prodotti e consentire un&#8217;efficace condivisione sui social. Decidi cosa vuoi mostrare: un titolo, una descrizione, un&#8217;immagine.<\/li>\n<li><strong>Recensioni dei clienti<\/strong>: coinvolgi la tua base di utenti con la revisione dei prodotti e la funzionalit\u00e0 di valutazione o collega motori di terze parti, come Yotpo, per visualizzare i contenuti dei clienti nei punti di conversione chiave.<\/li>\n<li><strong>Marketing di riferimento:<\/strong> aumenta le vendite trasformando i tuoi utenti in ambasciatori del marchio e premiandoli per aver segnalato la tua attivit\u00e0 di ecommerce agli amici. Usa Smile.io, Yotpo o qualsiasi altra piattaforma.<\/li>\n<li><strong>Promozioni:<\/strong>\u00a0ti permette di offrire coupon e sconti agli utenti del tuo sito, in base alle condizioni che scegli. Configura regole e azioni per controllarle tutte.<\/li>\n<li><strong>Crediti negozio<\/strong>: premia o apprezza i tuoi utenti concedendo loro Store Credits, una valuta virtuale del tuo negozio. Gli utenti potranno utilizzarlo per effettuare pagamenti parziali o totali.<\/li>\n<li><strong>SEO di base<\/strong>:\u00a0si assicura di fornire URL pertinenti e significativi, diffondere nelle pagine dei prodotti parole chiave, utilizzare un codice pulito e ottimizzato per i dispositivi mobili, che i motori di ricerca apprezzano.<\/li>\n<\/ul>\n<h4>LE RECENSIONI DEGLI UTENTI<\/h4>\n<p class=\"h5 font-weight-bold flex-grow-1 mb-4\"><strong>Jhon D.:&#8221;Buon concetto, richiede molta personalizzazione&#8221;<\/strong><\/p>\n<p><strong>Pro: <\/strong>Questa \u00e8 una piattaforma molto personalizzabile e con essa puoi creare bellissimi siti web. Abbiamo sempre ricevuto complimenti sul nostro sito.<\/p>\n<p><strong>Contro: <\/strong>La maggior parte delle funzionalit\u00e0 che erano personalizzate quando abbiamo iniziato con Spree sono diventate standard in altre piattaforme.<\/p>\n<h3 class=\"h5 font-weight-bold flex-grow-1 mb-4\"><strong>Jhon D.<\/strong>&#8220;Spree: facile da creare e gestire ecommerce&#8221;<\/h3>\n<p><strong>Commenti: <\/strong>Lavorare con\u00a0Spree \u00e8 stato bello. Il prezzo \u00e8 pi\u00f9 conveniente.<\/p>\n<p><strong>Pro: <\/strong>\u00c8 open-source e pu\u00f2 essere utile per gli sviluppatori come me.\u00a0Il processo di installazione \u00e8 semplice e l&#8217;utente \u00e8 pronto per utilizzare il software.\u00a0Sembra pi\u00f9 economico rispetto ad altri prodotti simili.<\/p>\n<p><strong>Contro: <\/strong>Il motore di ricerca di Spree potrebbe essere migliorato e pu\u00f2 mostrare il risultato corretto.\u00a0La documentazione deve essere aggiornata.<\/p>\n<\/div>\n<\/div>\n","protected":false},"excerpt":{"rendered":"<p>Spree Commerce \u00e8 un software gestionale marketplace dotato di un frontend completamente reattivo e facilmente personalizzabile creato per i dispositivi mobili. \u00c8 stato progettato da zero implementando diverse best practice UX come tecniche di caching avanzate, SEO con dati strutturati, anteprima social Open Graph, immagini ottimizzate, fallback Srcset a immagini a bassa risoluzione, caricamento delle immagini e icone.<\/p>\n","protected":false},"author":16,"featured_media":46562,"parent":46169,"menu_order":0,"comment_status":"open","ping_status":"closed","template":"g1_template_page_review_new.php","meta":{"_acf_changed":false,"cwp_meta_box_check":"Yes","cwp_rev_product_name":"","cwp_rev_product_image":"","wppr_links":[],"cwp_rev_price":"","wppr_options":[],"wppr_pros":[],"wppr_cons":[],"_monsterinsights_skip_tracking":false,"_monsterinsights_sitenote_active":false,"_monsterinsights_sitenote_note":"","_monsterinsights_sitenote_category":0,"footnotes":""},"categories":[10817],"tags":[10818,10840,10839,10842,10841,10903],"features":[],"class_list":{"0":"post-46545","1":"page","2":"type-page","3":"status-publish","4":"has-post-thumbnail","6":"category-gestionale-marketplace-cat","7":"tag-gestionale-marketplace","8":"tag-piattaforma-gestione-marketplace","9":"tag-programma-gestione-marketplace","10":"tag-software-gestione-marketplace","11":"tag-soluzione-gestione-marketplace","12":"tag-spree"},"wppr_data":{"cwp_meta_box_check":"Yes","cwp_rev_product_name":"","cwp_rev_product_image":"","cwp_image_link":"image","cwp_rev_price":"","wppr_rating":"0.00"},"acf":[],"yoast_head":"<!-- This site is optimized with the Yoast SEO plugin v27.4 - https:\/\/yoast.com\/product\/yoast-seo-wordpress\/ -->\n<title>Spree Commerce: recensione gestione marketplace - Accurate Reviews<\/title>\n<meta name=\"description\" content=\"Spree Commerce: recensione software gestionale marketplace dotato di un frontend completamente reattivo e facilmente personalizzabile.\" \/>\n<meta name=\"robots\" content=\"index, follow, max-snippet:-1, max-image-preview:large, max-video-preview:-1\" \/>\n<link rel=\"canonical\" href=\"https:\/\/www.accuratereviews.com\/it\/gestionale-marketplace\/spree-commerce-recensione\/\" \/>\n<meta property=\"og:locale\" content=\"it_IT\" \/>\n<meta property=\"og:type\" content=\"article\" \/>\n<meta property=\"og:title\" content=\"Spree Commerce: recensione gestione marketplace - Accurate Reviews\" \/>\n<meta property=\"og:description\" content=\"Spree Commerce: recensione software gestionale marketplace dotato di un frontend completamente reattivo e facilmente personalizzabile.\" \/>\n<meta property=\"og:url\" content=\"https:\/\/www.accuratereviews.com\/it\/gestionale-marketplace\/spree-commerce-recensione\/\" \/>\n<meta property=\"og:site_name\" content=\"Accurate Reviews\" \/>\n<meta property=\"og:image\" content=\"https:\/\/www.accuratereviews.com\/wp-content\/uploads\/2021\/08\/429-4290102_weve-proposed-the-new-spree-commerce-development-roadmap.png.jpeg\" \/>\n\t<meta property=\"og:image:width\" content=\"820\" \/>\n\t<meta property=\"og:image:height\" content=\"324\" \/>\n\t<meta property=\"og:image:type\" content=\"image\/jpeg\" \/>\n<meta name=\"twitter:card\" content=\"summary_large_image\" \/>\n<meta name=\"twitter:label1\" content=\"Tempo di lettura stimato\" \/>\n\t<meta name=\"twitter:data1\" content=\"3 minuti\" \/>\n<script type=\"application\/ld+json\" class=\"yoast-schema-graph\">{\"@context\":\"https:\\\/\\\/schema.org\",\"@graph\":[{\"@type\":\"WebPage\",\"@id\":\"https:\\\/\\\/www.accuratereviews.com\\\/it\\\/gestionale-marketplace\\\/spree-commerce-recensione\\\/\",\"url\":\"https:\\\/\\\/www.accuratereviews.com\\\/it\\\/gestionale-marketplace\\\/spree-commerce-recensione\\\/\",\"name\":\"Spree Commerce: recensione gestione marketplace - Accurate Reviews\",\"isPartOf\":{\"@id\":\"https:\\\/\\\/www.accuratereviews.com\\\/it\\\/#website\"},\"primaryImageOfPage\":{\"@id\":\"https:\\\/\\\/www.accuratereviews.com\\\/it\\\/gestionale-marketplace\\\/spree-commerce-recensione\\\/#primaryimage\"},\"image\":{\"@id\":\"https:\\\/\\\/www.accuratereviews.com\\\/it\\\/gestionale-marketplace\\\/spree-commerce-recensione\\\/#primaryimage\"},\"thumbnailUrl\":\"https:\\\/\\\/www.accuratereviews.com\\\/wp-content\\\/uploads\\\/2021\\\/08\\\/429-4290102_weve-proposed-the-new-spree-commerce-development-roadmap.png.jpeg\",\"datePublished\":\"2021-08-11T16:42:15+00:00\",\"description\":\"Spree Commerce: recensione software gestionale marketplace dotato di un frontend completamente reattivo e facilmente personalizzabile.\",\"breadcrumb\":{\"@id\":\"https:\\\/\\\/www.accuratereviews.com\\\/it\\\/gestionale-marketplace\\\/spree-commerce-recensione\\\/#breadcrumb\"},\"inLanguage\":\"it-IT\",\"potentialAction\":[{\"@type\":\"ReadAction\",\"target\":[\"https:\\\/\\\/www.accuratereviews.com\\\/it\\\/gestionale-marketplace\\\/spree-commerce-recensione\\\/\"]}]},{\"@type\":\"ImageObject\",\"inLanguage\":\"it-IT\",\"@id\":\"https:\\\/\\\/www.accuratereviews.com\\\/it\\\/gestionale-marketplace\\\/spree-commerce-recensione\\\/#primaryimage\",\"url\":\"https:\\\/\\\/www.accuratereviews.com\\\/wp-content\\\/uploads\\\/2021\\\/08\\\/429-4290102_weve-proposed-the-new-spree-commerce-development-roadmap.png.jpeg\",\"contentUrl\":\"https:\\\/\\\/www.accuratereviews.com\\\/wp-content\\\/uploads\\\/2021\\\/08\\\/429-4290102_weve-proposed-the-new-spree-commerce-development-roadmap.png.jpeg\",\"width\":820,\"height\":324},{\"@type\":\"BreadcrumbList\",\"@id\":\"https:\\\/\\\/www.accuratereviews.com\\\/it\\\/gestionale-marketplace\\\/spree-commerce-recensione\\\/#breadcrumb\",\"itemListElement\":[{\"@type\":\"ListItem\",\"position\":1,\"name\":\"Home\",\"item\":\"https:\\\/\\\/www.accuratereviews.com\\\/it\\\/\"},{\"@type\":\"ListItem\",\"position\":2,\"name\":\"Gestionale marketplace\",\"item\":\"https:\\\/\\\/www.accuratereviews.com\\\/it\\\/gestionale-marketplace\\\/\"},{\"@type\":\"ListItem\",\"position\":3,\"name\":\"Spree Commerce\"}]},{\"@type\":\"WebSite\",\"@id\":\"https:\\\/\\\/www.accuratereviews.com\\\/it\\\/#website\",\"url\":\"https:\\\/\\\/www.accuratereviews.com\\\/it\\\/\",\"name\":\"Accurate Reviews\",\"description\":\"\",\"potentialAction\":[{\"@type\":\"SearchAction\",\"target\":{\"@type\":\"EntryPoint\",\"urlTemplate\":\"https:\\\/\\\/www.accuratereviews.com\\\/it\\\/?s={search_term_string}\"},\"query-input\":{\"@type\":\"PropertyValueSpecification\",\"valueRequired\":true,\"valueName\":\"search_term_string\"}}],\"inLanguage\":\"it-IT\"}]}<\/script>\n<!-- \/ Yoast SEO plugin. -->","yoast_head_json":{"title":"Spree Commerce: recensione gestione marketplace - Accurate Reviews","description":"Spree Commerce: recensione software gestionale marketplace dotato di un frontend completamente reattivo e facilmente personalizzabile.","robots":{"index":"index","follow":"follow","max-snippet":"max-snippet:-1","max-image-preview":"max-image-preview:large","max-video-preview":"max-video-preview:-1"},"canonical":"https:\/\/www.accuratereviews.com\/it\/gestionale-marketplace\/spree-commerce-recensione\/","og_locale":"it_IT","og_type":"article","og_title":"Spree Commerce: recensione gestione marketplace - Accurate Reviews","og_description":"Spree Commerce: recensione software gestionale marketplace dotato di un frontend completamente reattivo e facilmente personalizzabile.","og_url":"https:\/\/www.accuratereviews.com\/it\/gestionale-marketplace\/spree-commerce-recensione\/","og_site_name":"Accurate Reviews","og_image":[{"width":820,"height":324,"url":"https:\/\/www.accuratereviews.com\/wp-content\/uploads\/2021\/08\/429-4290102_weve-proposed-the-new-spree-commerce-development-roadmap.png.jpeg","type":"image\/jpeg"}],"twitter_card":"summary_large_image","twitter_misc":{"Tempo di lettura stimato":"3 minuti"},"schema":{"@context":"https:\/\/schema.org","@graph":[{"@type":"WebPage","@id":"https:\/\/www.accuratereviews.com\/it\/gestionale-marketplace\/spree-commerce-recensione\/","url":"https:\/\/www.accuratereviews.com\/it\/gestionale-marketplace\/spree-commerce-recensione\/","name":"Spree Commerce: recensione gestione marketplace - Accurate Reviews","isPartOf":{"@id":"https:\/\/www.accuratereviews.com\/it\/#website"},"primaryImageOfPage":{"@id":"https:\/\/www.accuratereviews.com\/it\/gestionale-marketplace\/spree-commerce-recensione\/#primaryimage"},"image":{"@id":"https:\/\/www.accuratereviews.com\/it\/gestionale-marketplace\/spree-commerce-recensione\/#primaryimage"},"thumbnailUrl":"https:\/\/www.accuratereviews.com\/wp-content\/uploads\/2021\/08\/429-4290102_weve-proposed-the-new-spree-commerce-development-roadmap.png.jpeg","datePublished":"2021-08-11T16:42:15+00:00","description":"Spree Commerce: recensione software gestionale marketplace dotato di un frontend completamente reattivo e facilmente personalizzabile.","breadcrumb":{"@id":"https:\/\/www.accuratereviews.com\/it\/gestionale-marketplace\/spree-commerce-recensione\/#breadcrumb"},"inLanguage":"it-IT","potentialAction":[{"@type":"ReadAction","target":["https:\/\/www.accuratereviews.com\/it\/gestionale-marketplace\/spree-commerce-recensione\/"]}]},{"@type":"ImageObject","inLanguage":"it-IT","@id":"https:\/\/www.accuratereviews.com\/it\/gestionale-marketplace\/spree-commerce-recensione\/#primaryimage","url":"https:\/\/www.accuratereviews.com\/wp-content\/uploads\/2021\/08\/429-4290102_weve-proposed-the-new-spree-commerce-development-roadmap.png.jpeg","contentUrl":"https:\/\/www.accuratereviews.com\/wp-content\/uploads\/2021\/08\/429-4290102_weve-proposed-the-new-spree-commerce-development-roadmap.png.jpeg","width":820,"height":324},{"@type":"BreadcrumbList","@id":"https:\/\/www.accuratereviews.com\/it\/gestionale-marketplace\/spree-commerce-recensione\/#breadcrumb","itemListElement":[{"@type":"ListItem","position":1,"name":"Home","item":"https:\/\/www.accuratereviews.com\/it\/"},{"@type":"ListItem","position":2,"name":"Gestionale marketplace","item":"https:\/\/www.accuratereviews.com\/it\/gestionale-marketplace\/"},{"@type":"ListItem","position":3,"name":"Spree Commerce"}]},{"@type":"WebSite","@id":"https:\/\/www.accuratereviews.com\/it\/#website","url":"https:\/\/www.accuratereviews.com\/it\/","name":"Accurate Reviews","description":"","potentialAction":[{"@type":"SearchAction","target":{"@type":"EntryPoint","urlTemplate":"https:\/\/www.accuratereviews.com\/it\/?s={search_term_string}"},"query-input":{"@type":"PropertyValueSpecification","valueRequired":true,"valueName":"search_term_string"}}],"inLanguage":"it-IT"}]}},"_links":{"self":[{"href":"https:\/\/www.accuratereviews.com\/it\/wp-json\/wp\/v2\/pages\/46545","targetHints":{"allow":["GET"]}}],"collection":[{"href":"https:\/\/www.accuratereviews.com\/it\/wp-json\/wp\/v2\/pages"}],"about":[{"href":"https:\/\/www.accuratereviews.com\/it\/wp-json\/wp\/v2\/types\/page"}],"author":[{"embeddable":true,"href":"https:\/\/www.accuratereviews.com\/it\/wp-json\/wp\/v2\/users\/16"}],"replies":[{"embeddable":true,"href":"https:\/\/www.accuratereviews.com\/it\/wp-json\/wp\/v2\/comments?post=46545"}],"version-history":[{"count":13,"href":"https:\/\/www.accuratereviews.com\/it\/wp-json\/wp\/v2\/pages\/46545\/revisions"}],"predecessor-version":[{"id":46582,"href":"https:\/\/www.accuratereviews.com\/it\/wp-json\/wp\/v2\/pages\/46545\/revisions\/46582"}],"up":[{"embeddable":true,"href":"https:\/\/www.accuratereviews.com\/it\/wp-json\/wp\/v2\/pages\/46169"}],"wp:featuredmedia":[{"embeddable":true,"href":"https:\/\/www.accuratereviews.com\/it\/wp-json\/wp\/v2\/media\/46562"}],"wp:attachment":[{"href":"https:\/\/www.accuratereviews.com\/it\/wp-json\/wp\/v2\/media?parent=46545"}],"wp:term":[{"taxonomy":"category","embeddable":true,"href":"https:\/\/www.accuratereviews.com\/it\/wp-json\/wp\/v2\/categories?post=46545"},{"taxonomy":"post_tag","embeddable":true,"href":"https:\/\/www.accuratereviews.com\/it\/wp-json\/wp\/v2\/tags?post=46545"},{"taxonomy":"features","embeddable":true,"href":"https:\/\/www.accuratereviews.com\/it\/wp-json\/wp\/v2\/features?post=46545"}],"curies":[{"name":"wp","href":"https:\/\/api.w.org\/{rel}","templated":true}]}}