{"id":46594,"date":"2021-08-12T18:53:20","date_gmt":"2021-08-12T18:53:20","guid":{"rendered":"https:\/\/www.accuratereviews.com\/?page_id=46594"},"modified":"2021-08-12T18:53:20","modified_gmt":"2021-08-12T18:53:20","slug":"marketbox-recensione","status":"publish","type":"page","link":"https:\/\/www.accuratereviews.com\/it\/gestionale-marketplace\/marketbox-recensione\/","title":{"rendered":"MarketBox"},"content":{"rendered":"<p><strong>MarketBox<\/strong> aiuta le aziende di servizi con forza lavoro mobile o virtuale a scalare e crescere con la <strong>piattaforma di e-commerce<\/strong> di vendita e pianificazione. Il software\u00a0consente a un&#8217;azienda di gestire tutte le vendite dei clienti, la disponibilit\u00e0 del fornitore di servizi, le zone di viaggio, il tempo di percorrenza e l&#8217;elaborazione dei pagamenti tramite lo strumento di vendita online personalizzabile. Permette le aziende di crescere e convertire pi\u00f9 lead in vendite con un&#8217;interfaccia facile e coinvolgente da utilizzare per i clienti e automazioni che riducono i grattacapi amministrativi per te e il tuo team.<\/p>\n<h2>MARKETBOX &#8211; TUTORIAL<\/h2>\n<p>Guardiamo insieme come inserire\u00a0gli appuntamenti sulla app mobile di questo <strong>gestionale marketplace<\/strong> :<\/p>\n<div id=\"fluid-wrapper-counter-1\" class=\"g1-fluid-wrapper \" style=\"width:686px;\">\n<div style=\"padding-bottom:56.268221574344%;\"><iframe loading=\"lazy\" title=\"MarketBox Provider Mobile App Walkthrough\" width=\"686\" height=\"386\" src=\"https:\/\/www.youtube.com\/embed\/fxiamFQV3xw?feature=oembed&amp;wmode=transparent&amp;autohide=1&amp;autoplay=0&amp;disablekb=0&amp;fs=1&amp;loop=0&amp;enablejsapi=1&amp;rel=0&amp;controls=2&amp;showinfo=0&amp;wmode=transparent&amp;autohide=2&amp;autoplay=0&amp;disablekb=0&amp;fs=1&amp;loop=0&amp;enablejsapi=1&amp;rel=0&amp;controls=2&amp;showinfo=1\" frameborder=\"0\" allow=\"accelerometer; autoplay; clipboard-write; encrypted-media; gyroscope; picture-in-picture\" allowfullscreen><\/iframe><\/div>\n<\/div>\n<h3>MARKETBOX &#8211; CARATTERISTICHE<\/h3>\n<ul>\n<li>Pianifica, riprogramma o annulla gli appuntamenti<\/li>\n<li>Abbina rapidamente i clienti con i dipendenti giusti<\/li>\n<li>Promemoria degli appuntamenti automatizzati<\/li>\n<li>Accetta suggerimenti online dai clienti dopo gli appuntamenti<\/li>\n<li>Consenti ai tuoi clienti di lasciare recensioni sui servizi e sui tuoi dipendenti<\/li>\n<li>Addebitare servizi o prodotti aggiuntivi mentre si \u00e8 sul posto<\/li>\n<li>Pagina di prenotazione di appuntamenti online che si integra con il tuo sito web<\/li>\n<li>Evidenzia le competenze e i servizi di ciascun membro del team.<\/li>\n<\/ul>\n<h4>LE RECENSIONI DEGLI UTENTI<\/h4>\n<p class=\"font-weight-bold mb-1 d-flex align-items-center\"><strong>Julie D.&#8221;Servizio clienti eccezionale e facilit\u00e0 d&#8217;uso&#8221;<\/strong><\/p>\n<p><strong>Commenti: <\/strong>10\/10<\/p>\n<p><strong>Pro: <\/strong>Mi piace quanto sia personalizzabile il software in modo da poter attivare le funzionalit\u00e0 che si applicano ai nostri servizi (e disattivare quelle che non lo fanno). Il flusso di prenotazione \u00e8 cos\u00ec semplice e veloce e lo \u00e8 anche imparare a manovrare la dashboard di amministrazione! Il servizio clienti \u00e8 anche super veloce nel rispondere a qualsiasi domanda o dubbio che potremmo avere, il che rende il processo di onboarding senza stress.<\/p>\n<p><strong>Contro: <\/strong>Eventuali piccoli ostacoli che abbiamo riscontrato durante il processo di onboarding non solo hanno ricevuto risposta dal servizio clienti, ma sono stati incorporati nella loro prossima tornata di modifiche\/aggiornamenti.<\/p>\n<p class=\"font-weight-bold mb-1 d-flex align-items-center\"><strong>Jerry R.&#8221;Ottimo software per QUALSIASI azienda!&#8221;<\/strong><\/p>\n<p><strong>Commenti: <\/strong>Incredibile fin dall&#8217;inizio.<\/p>\n<p><strong>Pro: <\/strong>In realt\u00e0, il servizio clienti \u00e8 incredibile. Mentre troverai qualcosa di simile, non ne troverai uno con un servizio clienti migliore. Altamente, lo consiglio vivamente :)<\/p>\n<p><strong>Contro: <\/strong>Onestamente, il nostro team lo adora. Non c&#8217;\u00e8 niente da dire che non ci piace davvero.<\/p>\n<p class=\"font-weight-bold mb-1 d-flex align-items-center\"><strong>Geoffrey K.&#8221;La migliore opzione di e-commerce per le aziende di servizi con una forza lavoro itinerante. Personalizzabile e scalabile&#8221;<\/strong><\/p>\n<p><strong>Commenti: <\/strong>Nel complesso, si tratta di una piattaforma di prenotazione potente e personalizzabile, che fornisce ai nostri fornitori la tecnologia adeguata per ampliare la nostra attivit\u00e0.<\/p>\n<p><strong>Pro: <\/strong>MarketBox consente facilmente ai nostri istruttori di impostare le zone di viaggio preferite, la disponibilit\u00e0 e gestire le prenotazioni sia online che tramite l&#8217;app mobile. Ci\u00f2 li mantiene pi\u00f9 coinvolti, diminuendo il fatturato, riducendo al minimo i problemi logistici avanti e indietro con il nostro team di supporto e consentendo al nostro team di concentrarsi sulla costruzione della domanda\/ricavo dei clienti. Il team di MarketBox \u00e8 incredibilmente reattivo al feedback e sta spingendo le funzionalit\u00e0 a un ritmo impressionante. Sembra che ogni mese venga annunciato almeno un importante miglioramento che aiuta a semplificare il lavoro del nostro team. Funzionalit\u00e0 potenti come la prenotazione automatica per i clienti, promemoria automatici per i nostri fornitori, servizi e competenze personalizzabili e prezzi regionali ci consentono di concentrarci su vendite e marketing, e non sulla logistica.<\/p>\n<p><strong>Contro: <\/strong>Il portale di amministrazione potrebbe avere una migliore UX. Ma ci\u00f2 che gli manca nel design, lo compensa in potenza.<\/p>\n","protected":false},"excerpt":{"rendered":"<p>MarketBox aiuta le aziende di servizi con forza lavoro mobile o virtuale a scalare e crescere con la piattaforma di ecommerce di vendita e pianificazione. Il software\u00a0consente a un&#8217;azienda di gestire tutte le vendite dei clienti, la disponibilit\u00e0 del fornitore di servizi, le zone di viaggio, il tempo di percorrenza e l&#8217;elaborazione dei pagamenti tramite lo strumento di vendita online personalizzabile.<\/p>\n","protected":false},"author":16,"featured_media":46595,"parent":46169,"menu_order":0,"comment_status":"open","ping_status":"closed","template":"g1_template_page_review_new.php","meta":{"_acf_changed":false,"cwp_meta_box_check":"Yes","cwp_rev_product_name":"","cwp_rev_product_image":"","wppr_links":[],"cwp_rev_price":"","wppr_options":[],"wppr_pros":[],"wppr_cons":[],"_monsterinsights_skip_tracking":false,"_monsterinsights_sitenote_active":false,"_monsterinsights_sitenote_note":"","_monsterinsights_sitenote_category":0,"footnotes":""},"categories":[10817],"tags":[10818,10912,10905,10911,10823,10863],"features":[],"class_list":{"0":"post-46594","1":"page","2":"type-page","3":"status-publish","4":"has-post-thumbnail","6":"category-gestionale-marketplace-cat","7":"tag-gestionale-marketplace","8":"tag-marketbox","9":"tag-piattaforma-gestionale-marketplace","10":"tag-programma-gestionale-marcketplace","11":"tag-software-gestionale-marketplace","12":"tag-soluzione-gestionale-marketplace"},"wppr_data":{"cwp_meta_box_check":"Yes","cwp_rev_product_name":"","cwp_rev_product_image":"","cwp_image_link":"image","cwp_rev_price":"","wppr_rating":"0.00"},"acf":[],"yoast_head":"<!-- This site is optimized with the Yoast SEO plugin v27.4 - https:\/\/yoast.com\/product\/yoast-seo-wordpress\/ -->\n<title>MarketBox: recensione software gestione marketplace - Accurate Reviews<\/title>\n<meta name=\"description\" content=\"MarketBox: recensione software gestionale marketplace che aiuta aziende di servizi con forza lavoro mobile o virtuale a scalare e crescere.\" \/>\n<meta name=\"robots\" content=\"index, follow, max-snippet:-1, max-image-preview:large, max-video-preview:-1\" \/>\n<link rel=\"canonical\" href=\"https:\/\/www.accuratereviews.com\/it\/gestionale-marketplace\/marketbox-recensione\/\" \/>\n<meta property=\"og:locale\" content=\"it_IT\" \/>\n<meta property=\"og:type\" content=\"article\" \/>\n<meta property=\"og:title\" content=\"MarketBox: recensione software gestione marketplace - Accurate Reviews\" \/>\n<meta property=\"og:description\" content=\"MarketBox: recensione software gestionale marketplace che aiuta aziende di servizi con forza lavoro mobile o virtuale a scalare e crescere.\" \/>\n<meta property=\"og:url\" content=\"https:\/\/www.accuratereviews.com\/it\/gestionale-marketplace\/marketbox-recensione\/\" \/>\n<meta property=\"og:site_name\" content=\"Accurate Reviews\" \/>\n<meta property=\"og:image\" content=\"https:\/\/www.accuratereviews.com\/wp-content\/uploads\/2021\/08\/marketbox.png\" \/>\n\t<meta property=\"og:image:width\" content=\"600\" \/>\n\t<meta property=\"og:image:height\" content=\"315\" \/>\n\t<meta property=\"og:image:type\" content=\"image\/png\" \/>\n<meta name=\"twitter:card\" content=\"summary_large_image\" \/>\n<meta name=\"twitter:label1\" content=\"Tempo di lettura stimato\" \/>\n\t<meta name=\"twitter:data1\" content=\"3 minuti\" \/>\n<script type=\"application\/ld+json\" class=\"yoast-schema-graph\">{\"@context\":\"https:\\\/\\\/schema.org\",\"@graph\":[{\"@type\":\"WebPage\",\"@id\":\"https:\\\/\\\/www.accuratereviews.com\\\/it\\\/gestionale-marketplace\\\/marketbox-recensione\\\/\",\"url\":\"https:\\\/\\\/www.accuratereviews.com\\\/it\\\/gestionale-marketplace\\\/marketbox-recensione\\\/\",\"name\":\"MarketBox: recensione software gestione marketplace - Accurate Reviews\",\"isPartOf\":{\"@id\":\"https:\\\/\\\/www.accuratereviews.com\\\/it\\\/#website\"},\"primaryImageOfPage\":{\"@id\":\"https:\\\/\\\/www.accuratereviews.com\\\/it\\\/gestionale-marketplace\\\/marketbox-recensione\\\/#primaryimage\"},\"image\":{\"@id\":\"https:\\\/\\\/www.accuratereviews.com\\\/it\\\/gestionale-marketplace\\\/marketbox-recensione\\\/#primaryimage\"},\"thumbnailUrl\":\"https:\\\/\\\/www.accuratereviews.com\\\/wp-content\\\/uploads\\\/2021\\\/08\\\/marketbox.png\",\"datePublished\":\"2021-08-12T18:53:20+00:00\",\"description\":\"MarketBox: recensione software gestionale marketplace che aiuta aziende di servizi con forza lavoro mobile o virtuale a scalare e crescere.\",\"breadcrumb\":{\"@id\":\"https:\\\/\\\/www.accuratereviews.com\\\/it\\\/gestionale-marketplace\\\/marketbox-recensione\\\/#breadcrumb\"},\"inLanguage\":\"it-IT\",\"potentialAction\":[{\"@type\":\"ReadAction\",\"target\":[\"https:\\\/\\\/www.accuratereviews.com\\\/it\\\/gestionale-marketplace\\\/marketbox-recensione\\\/\"]}]},{\"@type\":\"ImageObject\",\"inLanguage\":\"it-IT\",\"@id\":\"https:\\\/\\\/www.accuratereviews.com\\\/it\\\/gestionale-marketplace\\\/marketbox-recensione\\\/#primaryimage\",\"url\":\"https:\\\/\\\/www.accuratereviews.com\\\/wp-content\\\/uploads\\\/2021\\\/08\\\/marketbox.png\",\"contentUrl\":\"https:\\\/\\\/www.accuratereviews.com\\\/wp-content\\\/uploads\\\/2021\\\/08\\\/marketbox.png\",\"width\":600,\"height\":315},{\"@type\":\"BreadcrumbList\",\"@id\":\"https:\\\/\\\/www.accuratereviews.com\\\/it\\\/gestionale-marketplace\\\/marketbox-recensione\\\/#breadcrumb\",\"itemListElement\":[{\"@type\":\"ListItem\",\"position\":1,\"name\":\"Home\",\"item\":\"https:\\\/\\\/www.accuratereviews.com\\\/it\\\/\"},{\"@type\":\"ListItem\",\"position\":2,\"name\":\"Gestionale marketplace\",\"item\":\"https:\\\/\\\/www.accuratereviews.com\\\/it\\\/gestionale-marketplace\\\/\"},{\"@type\":\"ListItem\",\"position\":3,\"name\":\"MarketBox\"}]},{\"@type\":\"WebSite\",\"@id\":\"https:\\\/\\\/www.accuratereviews.com\\\/it\\\/#website\",\"url\":\"https:\\\/\\\/www.accuratereviews.com\\\/it\\\/\",\"name\":\"Accurate Reviews\",\"description\":\"\",\"potentialAction\":[{\"@type\":\"SearchAction\",\"target\":{\"@type\":\"EntryPoint\",\"urlTemplate\":\"https:\\\/\\\/www.accuratereviews.com\\\/it\\\/?s={search_term_string}\"},\"query-input\":{\"@type\":\"PropertyValueSpecification\",\"valueRequired\":true,\"valueName\":\"search_term_string\"}}],\"inLanguage\":\"it-IT\"}]}<\/script>\n<!-- \/ Yoast SEO plugin. -->","yoast_head_json":{"title":"MarketBox: recensione software gestione marketplace - Accurate Reviews","description":"MarketBox: recensione software gestionale marketplace che aiuta aziende di servizi con forza lavoro mobile o virtuale a scalare e crescere.","robots":{"index":"index","follow":"follow","max-snippet":"max-snippet:-1","max-image-preview":"max-image-preview:large","max-video-preview":"max-video-preview:-1"},"canonical":"https:\/\/www.accuratereviews.com\/it\/gestionale-marketplace\/marketbox-recensione\/","og_locale":"it_IT","og_type":"article","og_title":"MarketBox: recensione software gestione marketplace - Accurate Reviews","og_description":"MarketBox: recensione software gestionale marketplace che aiuta aziende di servizi con forza lavoro mobile o virtuale a scalare e crescere.","og_url":"https:\/\/www.accuratereviews.com\/it\/gestionale-marketplace\/marketbox-recensione\/","og_site_name":"Accurate Reviews","og_image":[{"width":600,"height":315,"url":"https:\/\/www.accuratereviews.com\/wp-content\/uploads\/2021\/08\/marketbox.png","type":"image\/png"}],"twitter_card":"summary_large_image","twitter_misc":{"Tempo di lettura stimato":"3 minuti"},"schema":{"@context":"https:\/\/schema.org","@graph":[{"@type":"WebPage","@id":"https:\/\/www.accuratereviews.com\/it\/gestionale-marketplace\/marketbox-recensione\/","url":"https:\/\/www.accuratereviews.com\/it\/gestionale-marketplace\/marketbox-recensione\/","name":"MarketBox: recensione software gestione marketplace - Accurate Reviews","isPartOf":{"@id":"https:\/\/www.accuratereviews.com\/it\/#website"},"primaryImageOfPage":{"@id":"https:\/\/www.accuratereviews.com\/it\/gestionale-marketplace\/marketbox-recensione\/#primaryimage"},"image":{"@id":"https:\/\/www.accuratereviews.com\/it\/gestionale-marketplace\/marketbox-recensione\/#primaryimage"},"thumbnailUrl":"https:\/\/www.accuratereviews.com\/wp-content\/uploads\/2021\/08\/marketbox.png","datePublished":"2021-08-12T18:53:20+00:00","description":"MarketBox: recensione software gestionale marketplace che aiuta aziende di servizi con forza lavoro mobile o virtuale a scalare e crescere.","breadcrumb":{"@id":"https:\/\/www.accuratereviews.com\/it\/gestionale-marketplace\/marketbox-recensione\/#breadcrumb"},"inLanguage":"it-IT","potentialAction":[{"@type":"ReadAction","target":["https:\/\/www.accuratereviews.com\/it\/gestionale-marketplace\/marketbox-recensione\/"]}]},{"@type":"ImageObject","inLanguage":"it-IT","@id":"https:\/\/www.accuratereviews.com\/it\/gestionale-marketplace\/marketbox-recensione\/#primaryimage","url":"https:\/\/www.accuratereviews.com\/wp-content\/uploads\/2021\/08\/marketbox.png","contentUrl":"https:\/\/www.accuratereviews.com\/wp-content\/uploads\/2021\/08\/marketbox.png","width":600,"height":315},{"@type":"BreadcrumbList","@id":"https:\/\/www.accuratereviews.com\/it\/gestionale-marketplace\/marketbox-recensione\/#breadcrumb","itemListElement":[{"@type":"ListItem","position":1,"name":"Home","item":"https:\/\/www.accuratereviews.com\/it\/"},{"@type":"ListItem","position":2,"name":"Gestionale marketplace","item":"https:\/\/www.accuratereviews.com\/it\/gestionale-marketplace\/"},{"@type":"ListItem","position":3,"name":"MarketBox"}]},{"@type":"WebSite","@id":"https:\/\/www.accuratereviews.com\/it\/#website","url":"https:\/\/www.accuratereviews.com\/it\/","name":"Accurate Reviews","description":"","potentialAction":[{"@type":"SearchAction","target":{"@type":"EntryPoint","urlTemplate":"https:\/\/www.accuratereviews.com\/it\/?s={search_term_string}"},"query-input":{"@type":"PropertyValueSpecification","valueRequired":true,"valueName":"search_term_string"}}],"inLanguage":"it-IT"}]}},"_links":{"self":[{"href":"https:\/\/www.accuratereviews.com\/it\/wp-json\/wp\/v2\/pages\/46594","targetHints":{"allow":["GET"]}}],"collection":[{"href":"https:\/\/www.accuratereviews.com\/it\/wp-json\/wp\/v2\/pages"}],"about":[{"href":"https:\/\/www.accuratereviews.com\/it\/wp-json\/wp\/v2\/types\/page"}],"author":[{"embeddable":true,"href":"https:\/\/www.accuratereviews.com\/it\/wp-json\/wp\/v2\/users\/16"}],"replies":[{"embeddable":true,"href":"https:\/\/www.accuratereviews.com\/it\/wp-json\/wp\/v2\/comments?post=46594"}],"version-history":[{"count":11,"href":"https:\/\/www.accuratereviews.com\/it\/wp-json\/wp\/v2\/pages\/46594\/revisions"}],"predecessor-version":[{"id":46622,"href":"https:\/\/www.accuratereviews.com\/it\/wp-json\/wp\/v2\/pages\/46594\/revisions\/46622"}],"up":[{"embeddable":true,"href":"https:\/\/www.accuratereviews.com\/it\/wp-json\/wp\/v2\/pages\/46169"}],"wp:featuredmedia":[{"embeddable":true,"href":"https:\/\/www.accuratereviews.com\/it\/wp-json\/wp\/v2\/media\/46595"}],"wp:attachment":[{"href":"https:\/\/www.accuratereviews.com\/it\/wp-json\/wp\/v2\/media?parent=46594"}],"wp:term":[{"taxonomy":"category","embeddable":true,"href":"https:\/\/www.accuratereviews.com\/it\/wp-json\/wp\/v2\/categories?post=46594"},{"taxonomy":"post_tag","embeddable":true,"href":"https:\/\/www.accuratereviews.com\/it\/wp-json\/wp\/v2\/tags?post=46594"},{"taxonomy":"features","embeddable":true,"href":"https:\/\/www.accuratereviews.com\/it\/wp-json\/wp\/v2\/features?post=46594"}],"curies":[{"name":"wp","href":"https:\/\/api.w.org\/{rel}","templated":true}]}}