{"id":46631,"date":"2021-08-13T17:19:34","date_gmt":"2021-08-13T17:19:34","guid":{"rendered":"https:\/\/www.accuratereviews.com\/?page_id=46631"},"modified":"2021-08-13T17:19:34","modified_gmt":"2021-08-13T17:19:34","slug":"rocket-bazaar-recensione","status":"publish","type":"page","link":"https:\/\/www.accuratereviews.com\/it\/gestionale-marketplace\/rocket-bazaar-recensione\/","title":{"rendered":"Rocket Bazaar"},"content":{"rendered":"<p><strong>Rocket Bazaar<\/strong> \u00e8 una <strong>soluzione di mercato<\/strong> robusta e ricca di funzionalit\u00e0 creata con Magento 2 e viene fornita con una struttura di pi\u00f9 venditori. Offre agli utenti una piattaforma in cui acquirenti e venditori possono avviare e impegnarsi in transazioni senza sforzo mentre i proprietari del mercato generano entrate fuori commissione, promozioni ed evasione degli ordini. Con <strong>Rocket Bazaar<\/strong>, hai una soluzione pronta per lanciare in modo rapido e indolore il tuo mercato, grazie alla sua moltitudine di strumenti e capacit\u00e0 essenziali.\u00a0La piattaforma ti consente di concentrarti sulla creazione di fornitori, sulla determinazione del prezzo, sull&#8217;impostazione della logistica e delle politiche con facilit\u00e0 e velocit\u00e0.<\/p>\n<h2>ROCKET BAZAAR &#8211; TUTORIAL<\/h2>\n<p>Ecco un video su questo <strong>software gestionale marketplace<\/strong>:<\/p>\n<div id=\"fluid-wrapper-counter-1\" class=\"g1-fluid-wrapper \" style=\"width:686px;\">\n<div style=\"padding-bottom:56.268221574344%;\"><iframe loading=\"lazy\" title=\"Rocket Bazaar - A Multi-Vendor Marketplace Extension\" width=\"686\" height=\"386\" src=\"https:\/\/www.youtube.com\/embed\/ODSBGWCW7og?feature=oembed&amp;wmode=transparent&amp;autohide=1&amp;autoplay=0&amp;disablekb=0&amp;fs=1&amp;loop=0&amp;enablejsapi=1&amp;rel=0&amp;controls=2&amp;showinfo=0&amp;wmode=transparent&amp;autohide=2&amp;autoplay=0&amp;disablekb=0&amp;fs=1&amp;loop=0&amp;enablejsapi=1&amp;rel=0&amp;controls=2&amp;showinfo=1\" frameborder=\"0\" allow=\"accelerometer; autoplay; clipboard-write; encrypted-media; gyroscope; picture-in-picture\" allowfullscreen><\/iframe><\/div>\n<\/div>\n<h3>ROCKET BAZAAR &#8211; CARATTERISTICHE<\/h3>\n<div class=\"dePhmb\">\n<div class=\"eyKpYb\" data-language=\"it\" data-original-language=\"en\" data-result-index=\"0\">\n<ul>\n<li class=\"J0lOec\"><span class=\"VIiyi\" lang=\"it\"><span class=\"JLqJ4b\" data-language-for-alternatives=\"it\" data-language-to-translate-into=\"en\" data-phrase-index=\"0\"><strong>Importazione in blocco di prodotti e offerta di aggiornamento<\/strong>: gestire la maggior parte dei record e modificarne gli attributi, la quantit\u00e0 e il prezzo \u00e8 un&#8217;attivit\u00e0 che richiede tempo per qualsiasi fornitore. Utilizzando questo modulo del marketplace Magento, il venditore pu\u00f2 facilmente caricare e modificare il catalogo e l&#8217;offerta dei prodotti in pochi secondi. <\/span><\/span><\/li>\n<li class=\"J0lOec\"><span class=\"VIiyi\" lang=\"it\"><span class=\"JLqJ4b\" data-language-for-alternatives=\"it\" data-language-to-translate-into=\"en\" data-phrase-index=\"0\"><strong>Risparmia le risorse e il tempo del fornitore per incorporare le informazioni sul prodotto<\/strong>: il venditore pu\u00f2 facilmente gestire i suoi prodotti e monitorare l&#8217;inventario. Possono facilmente cercare utilizzando i filtri e visualizzare anche i prodotti esauriti in un elenco. Per modificare solo il prezzo e la quantit\u00e0 del prodotto \u00e8 disponibile una funzione di modifica rapida.\u00a0<\/span><\/span><\/li>\n<li class=\"J0lOec\"><span class=\"VIiyi\" lang=\"it\"><span class=\"JLqJ4b\" data-language-for-alternatives=\"it\" data-language-to-translate-into=\"en\" data-phrase-index=\"0\"><strong>Account fornitore, impostazioni, dettagli e dashboard<\/strong>: la dashboard aiuta i fornitori a monitorare le vendite, gli ordini, il numero totale di prodotti venduti, il saldo del conto, i primi 5 prodotti pi\u00f9 visti, i prodotti a basso inventario, gli ordini e gli importi giornalieri, mensili e annuali. Pu\u00f2 gestire le informazioni del suo conto, richiedere le ferie, visualizzare le categorie in cui vende i prodotti e le informazioni del suo conto bancario. <\/span><\/span><\/li>\n<li class=\"J0lOec\"><span class=\"VIiyi\" lang=\"it\"><span class=\"JLqJ4b\" data-language-for-alternatives=\"it\" data-language-to-translate-into=\"en\" data-phrase-index=\"0\"><strong>Facile per l&#8217;evasione degli ordini e il tracciamento<\/strong>: i fornitori possono visualizzare tutti gli ordini come organizzati dai filtri come Attivo (Nuovo ordine e Ordine confermato), Annullato e Completato. Inoltre, gli ordini possono essere ricercati e filtrati in base allo stato, alla data dell&#8217;ordine, all&#8217;ID dell&#8217;ordine, al totale complessivo e al nome del cliente. Questa funzione aiuta il fornitore nell&#8217;evasione dell&#8217;ordine confermando l&#8217;ordine, generando la spedizione e creando facilmente distinta di imballaggio e fattura per gli ordini. <\/span><\/span><\/li>\n<li class=\"J0lOec\"><span class=\"VIiyi\" lang=\"it\"><span class=\"JLqJ4b\" data-language-for-alternatives=\"it\" data-language-to-translate-into=\"en\" data-phrase-index=\"0\"><strong>Genera rapidamente codici coupon per le promozioni<\/strong>: \u00a0questa funzionalit\u00e0 del marketplace Magento consente ai fornitori di commercializzare i propri prodotti. Possono creare sconti speciali e generare codici coupon che incoraggiano gli acquirenti a acquistare pi\u00f9 prodotti e spendere di pi\u00f9 per ogni ordine. Questo li aiuta anche a distinguersi dagli altri fornitori.\u00a0<\/span><\/span><\/li>\n<\/ul>\n<h4>LE RECENSIONI DEGLI UTENTI<\/h4>\n<p class=\"font-weight-bold mb-1 d-flex align-items-center\"><strong>Julia M.&#8221;Una delle migliori soluzioni di mercato con supporto multi-vendor&#8221;<\/strong><\/p>\n<p><strong>Pro: <\/strong>Ci sono un sacco di fantastiche funzionalit\u00e0 che mi piacciono in questa soluzione e infatti sono quelle che mi hanno convinto ad acquistare questa soluzione in primo luogo. alcune di queste funzionalit\u00e0 includono il caricamento in blocco dell&#8217;elenco dei prodotti, l&#8217;appartenenza al fornitore, la gestione dei ruoli utente e la modalit\u00e0 vacanza. Oltre a questo, lo strumento di gestione finanziaria del fornitore \u00e8 anche estremamente utile e offre una panoramica su transazioni, dettagli dell&#8217;ordine, importo della commissione, imposta sul servizio, costo di spedizione, commissione di mercato e altro ancora.<\/p>\n<p><strong>Contro: <\/strong>La soluzione del marketplace RocketBazaar \u00e8 alquanto complessa e pertanto potresti aver bisogno di un po&#8217; di formazione per essere in grado di imparare a gestirla. Ma oltre a ci\u00f2, non ho mai riscontrato problemi seri durante l&#8217;utilizzo di questa soluzione.<\/p>\n<p class=\"font-weight-bold mb-1 d-flex align-items-center\"><strong>Addison A.&#8221;Il miglior software di mercato multi vendor&#8221;<\/strong><\/p>\n<p><strong>Commenti: <\/strong>Dopo aver utilizzato questo software, il nostro volume di vendite \u00e8 aumentato. Abbiamo aggiunto pi\u00f9 di 100 clienti. Il nostro sito web ora funziona bene.<\/p>\n<p><strong>Vantaggi: <\/strong>Buon team di supporto.\u00a0Tutte le funzioni del modulo multi vendor magento 2 sono perfette.\u00a0Facile da capire.\u00a0Struttura ben formattata<\/p>\n<p class=\"font-weight-bold mb-1 d-flex align-items-center\"><strong>Richard P.&#8221;Scarsamente pensato attraverso la soluzione di mercato, supporto molto difettoso e molto scarso&#8221;<\/strong><\/p>\n<p><strong>Commenti: <\/strong>La funzionalit\u00e0 che ci era stata comunicata era nel sistema centrale al momento della firma del contratto e che non \u00e8 stato possibile esistere e che abbiamo dovuto aiutare a progettare e personalizzare il codice con Krish Technologies, il gruppo padre di Rocket Bazaar.<br \/>\nOra siamo in ritardo di oltre 10 mesi su un progetto di 6 mesi e, nonostante le continue richieste di parlare al team di gestione, incluso il SEO, siamo stati lasciati senza risposta. Non \u00e8 disponibile la collaborazione con noi per risolvere problemi relativi a codice, team e funzionalit\u00e0.<br \/>\nHo lavorato per molte case di sviluppo di sistemi globali su larga scala, tra cui Accenture, Cap Gemini, Unisys, nonch\u00e9 Wipro, Tata Consulting e qui c&#8217;\u00e8 un enorme divario di competenze \u00a0che viene promosso come societ\u00e0 di sviluppo di alto livello . Livello CMMI 2-3 al massimo.<br \/>\nAnche le competenze di base nella gestione dei progetti sono un problema e il test del codice e la gestione diabolici.<br \/>\nRipensandoci con il senno di poi vorremmo non aver stipulato un contratto con Krish, ma purtroppo pagato un deposito significativo basato su falsit\u00e0 non avevo altra scelta se non quella di restare.<br \/>\nLa gestione delle risorse \u00e8 stata terribile e vediamo continuamente sviluppatori esperti che se ne vanno a causa del morale debole, lasciando noi sviluppatori con poca o nessuna esperienza.<br \/>\nNon informati per noi, molte funzionalit\u00e0 magento di base sono state disattivate e, dato che erano fondamentali, ci veniva assicurato che sarebbero state disponibili. Ci\u00f2 \u00e8 stato spiegato come &#8220;bug&#8221; temporanei che alla fine si sono trasformati in &#8220;controllo del cambiamento&#8221; e pi\u00f9 denaro per il debug e la riaccensione.<br \/>\nL&#8217;unica preoccupazione \u00e8 l&#8217;estrazione delle entrate, non la soddisfazione del cliente.<\/p>\n<p><strong>Pro: <\/strong>Il concetto di un mercato autogestito multivendor \u00e8 buono, ma sebbene ci\u00f2 fosse stato promesso al momento della firma del contratto, si \u00e8 rivelato non disponibile.<br \/>\nTuttavia, \u00e8 ora che dovevamo progettarlo e pagare per farlo costruire !! Questo bit ora funziona bene.<br \/>\nMolto \u00e8 commercializzato come completo, ma semplicemente non lo \u00e8. Elaborare il rimborso delle commissioni del mercato, ad esempio sui resi dei clienti, \u00e8 complesso, ma considerato un esercizio manuale nonostante i pagamenti adattivi paypal e Stripe si collegano nativamente per questo scenario.<br \/>\nQuesto \u00e8 un problema comune: la funzionalit\u00e0 \u00e8 stata implementata in una casella di spunta senza alcun pensiero architettato e quindi causa pi\u00f9 problemi in alcune situazioni di quanti ne risolva.<\/p>\n<p><strong>Contro: <\/strong>In ogni caso molto mal progettato, con pu\u00f2 usare casi implementati senza pensare allo scopo o al processo. Abbiamo impiegato pi\u00f9 di 10 mesi per aiutare Rocket Bazaar a comprendere i casi d&#8217;uso di base e ci\u00f2 che \u00e8 necessario a un amministratore per gestire efficacemente la propria attivit\u00e0, e hanno ancora difficolt\u00e0 a implementarli.<br \/>\nMolto difettoso nei moduli core e come organizzazione sembra avere poca o nessuna comprensione di come sviluppare, testare e promuovere il codice per vivere senza causare problemi nel sito live. Nessun concetto di DevOps e uso di CI \/ CD, con il codice che viene rilasciato per vivere senza test di qualit\u00e0 o di test QA e tanto meno UAT.<br \/>\n\u00c8 ovvio che gli sviluppatori sono lasciati a gestire i progetti da soli con supporto o guida di livello senior o medio poco o niente, portando a un processo anarchico di sviluppo del sistema che non soddisfa le esigenze e la strategia del cliente o del core Rocket Bazaar.<\/p>\n<\/div>\n<\/div>\n","protected":false},"excerpt":{"rendered":"<p>Rocket Bazaar \u00e8 una soluzione di mercato robusta e ricca di funzionalit\u00e0 creata con Magento 2 e viene fornita con una struttura di pi\u00f9 venditori. Offre agli utenti una piattaforma in cui acquirenti e venditori possono avviare e impegnarsi in transazioni senza sforzo mentre i proprietari del mercato generano entrate fuori commissione, promozioni ed evasione degli ordini.<\/p>\n","protected":false},"author":16,"featured_media":46632,"parent":46169,"menu_order":0,"comment_status":"open","ping_status":"closed","template":"g1_template_page_review_new.php","meta":{"_acf_changed":false,"cwp_meta_box_check":"Yes","cwp_rev_product_name":"","cwp_rev_product_image":"","wppr_links":[],"cwp_rev_price":"","wppr_options":[],"wppr_pros":[],"wppr_cons":[],"_monsterinsights_skip_tracking":false,"_monsterinsights_sitenote_active":false,"_monsterinsights_sitenote_note":"","_monsterinsights_sitenote_category":0,"footnotes":""},"categories":[10817],"tags":[10822,10840,10839,10914,10842,10841],"features":[],"class_list":{"0":"post-46631","1":"page","2":"type-page","3":"status-publish","4":"has-post-thumbnail","6":"category-gestionale-marketplace-cat","7":"tag-gestione-marketplace","8":"tag-piattaforma-gestione-marketplace","9":"tag-programma-gestione-marketplace","10":"tag-rocket-bazaar","11":"tag-software-gestione-marketplace","12":"tag-soluzione-gestione-marketplace"},"wppr_data":{"cwp_meta_box_check":"Yes","cwp_rev_product_name":"","cwp_rev_product_image":"","cwp_image_link":"image","cwp_rev_price":"","wppr_rating":"0.00"},"acf":[],"yoast_head":"<!-- This site is optimized with the Yoast SEO plugin v27.4 - https:\/\/yoast.com\/product\/yoast-seo-wordpress\/ -->\n<title>Rocket Bazaar: recensione gestione marketplace - Accurate Reviews<\/title>\n<meta name=\"description\" content=\"Rocket Bazaar: recensione soluzione di mercato robusta, ricca di funzionalit\u00e0 creata con Magento 2 fornita con una struttura di pi\u00f9 venditori.\" \/>\n<meta name=\"robots\" content=\"index, follow, max-snippet:-1, max-image-preview:large, max-video-preview:-1\" \/>\n<link rel=\"canonical\" href=\"https:\/\/www.accuratereviews.com\/it\/gestionale-marketplace\/rocket-bazaar-recensione\/\" \/>\n<meta property=\"og:locale\" content=\"it_IT\" \/>\n<meta property=\"og:type\" content=\"article\" \/>\n<meta property=\"og:title\" content=\"Rocket Bazaar: recensione gestione marketplace - Accurate Reviews\" \/>\n<meta property=\"og:description\" content=\"Rocket Bazaar: recensione soluzione di mercato robusta, ricca di funzionalit\u00e0 creata con Magento 2 fornita con una struttura di pi\u00f9 venditori.\" \/>\n<meta property=\"og:url\" content=\"https:\/\/www.accuratereviews.com\/it\/gestionale-marketplace\/rocket-bazaar-recensione\/\" \/>\n<meta property=\"og:site_name\" content=\"Accurate Reviews\" \/>\n<meta property=\"og:image\" content=\"https:\/\/www.accuratereviews.com\/wp-content\/uploads\/2021\/08\/Rocket-Bazaar.jpg\" \/>\n\t<meta property=\"og:image:width\" content=\"512\" \/>\n\t<meta property=\"og:image:height\" content=\"512\" \/>\n\t<meta property=\"og:image:type\" content=\"image\/jpeg\" \/>\n<meta name=\"twitter:card\" content=\"summary_large_image\" \/>\n<meta name=\"twitter:label1\" content=\"Tempo di lettura stimato\" \/>\n\t<meta name=\"twitter:data1\" content=\"6 minuti\" \/>\n<script type=\"application\/ld+json\" class=\"yoast-schema-graph\">{\"@context\":\"https:\\\/\\\/schema.org\",\"@graph\":[{\"@type\":\"WebPage\",\"@id\":\"https:\\\/\\\/www.accuratereviews.com\\\/it\\\/gestionale-marketplace\\\/rocket-bazaar-recensione\\\/\",\"url\":\"https:\\\/\\\/www.accuratereviews.com\\\/it\\\/gestionale-marketplace\\\/rocket-bazaar-recensione\\\/\",\"name\":\"Rocket Bazaar: recensione gestione marketplace - Accurate Reviews\",\"isPartOf\":{\"@id\":\"https:\\\/\\\/www.accuratereviews.com\\\/it\\\/#website\"},\"primaryImageOfPage\":{\"@id\":\"https:\\\/\\\/www.accuratereviews.com\\\/it\\\/gestionale-marketplace\\\/rocket-bazaar-recensione\\\/#primaryimage\"},\"image\":{\"@id\":\"https:\\\/\\\/www.accuratereviews.com\\\/it\\\/gestionale-marketplace\\\/rocket-bazaar-recensione\\\/#primaryimage\"},\"thumbnailUrl\":\"https:\\\/\\\/www.accuratereviews.com\\\/wp-content\\\/uploads\\\/2021\\\/08\\\/Rocket-Bazaar.jpg\",\"datePublished\":\"2021-08-13T17:19:34+00:00\",\"description\":\"Rocket Bazaar: recensione soluzione di mercato robusta, ricca di funzionalit\u00e0 creata con Magento 2 fornita con una struttura di pi\u00f9 venditori.\",\"breadcrumb\":{\"@id\":\"https:\\\/\\\/www.accuratereviews.com\\\/it\\\/gestionale-marketplace\\\/rocket-bazaar-recensione\\\/#breadcrumb\"},\"inLanguage\":\"it-IT\",\"potentialAction\":[{\"@type\":\"ReadAction\",\"target\":[\"https:\\\/\\\/www.accuratereviews.com\\\/it\\\/gestionale-marketplace\\\/rocket-bazaar-recensione\\\/\"]}]},{\"@type\":\"ImageObject\",\"inLanguage\":\"it-IT\",\"@id\":\"https:\\\/\\\/www.accuratereviews.com\\\/it\\\/gestionale-marketplace\\\/rocket-bazaar-recensione\\\/#primaryimage\",\"url\":\"https:\\\/\\\/www.accuratereviews.com\\\/wp-content\\\/uploads\\\/2021\\\/08\\\/Rocket-Bazaar.jpg\",\"contentUrl\":\"https:\\\/\\\/www.accuratereviews.com\\\/wp-content\\\/uploads\\\/2021\\\/08\\\/Rocket-Bazaar.jpg\",\"width\":512,\"height\":512},{\"@type\":\"BreadcrumbList\",\"@id\":\"https:\\\/\\\/www.accuratereviews.com\\\/it\\\/gestionale-marketplace\\\/rocket-bazaar-recensione\\\/#breadcrumb\",\"itemListElement\":[{\"@type\":\"ListItem\",\"position\":1,\"name\":\"Home\",\"item\":\"https:\\\/\\\/www.accuratereviews.com\\\/it\\\/\"},{\"@type\":\"ListItem\",\"position\":2,\"name\":\"Gestionale marketplace\",\"item\":\"https:\\\/\\\/www.accuratereviews.com\\\/it\\\/gestionale-marketplace\\\/\"},{\"@type\":\"ListItem\",\"position\":3,\"name\":\"Rocket Bazaar\"}]},{\"@type\":\"WebSite\",\"@id\":\"https:\\\/\\\/www.accuratereviews.com\\\/it\\\/#website\",\"url\":\"https:\\\/\\\/www.accuratereviews.com\\\/it\\\/\",\"name\":\"Accurate Reviews\",\"description\":\"\",\"potentialAction\":[{\"@type\":\"SearchAction\",\"target\":{\"@type\":\"EntryPoint\",\"urlTemplate\":\"https:\\\/\\\/www.accuratereviews.com\\\/it\\\/?s={search_term_string}\"},\"query-input\":{\"@type\":\"PropertyValueSpecification\",\"valueRequired\":true,\"valueName\":\"search_term_string\"}}],\"inLanguage\":\"it-IT\"}]}<\/script>\n<!-- \/ Yoast SEO plugin. -->","yoast_head_json":{"title":"Rocket Bazaar: recensione gestione marketplace - Accurate Reviews","description":"Rocket Bazaar: recensione soluzione di mercato robusta, ricca di funzionalit\u00e0 creata con Magento 2 fornita con una struttura di pi\u00f9 venditori.","robots":{"index":"index","follow":"follow","max-snippet":"max-snippet:-1","max-image-preview":"max-image-preview:large","max-video-preview":"max-video-preview:-1"},"canonical":"https:\/\/www.accuratereviews.com\/it\/gestionale-marketplace\/rocket-bazaar-recensione\/","og_locale":"it_IT","og_type":"article","og_title":"Rocket Bazaar: recensione gestione marketplace - Accurate Reviews","og_description":"Rocket Bazaar: recensione soluzione di mercato robusta, ricca di funzionalit\u00e0 creata con Magento 2 fornita con una struttura di pi\u00f9 venditori.","og_url":"https:\/\/www.accuratereviews.com\/it\/gestionale-marketplace\/rocket-bazaar-recensione\/","og_site_name":"Accurate Reviews","og_image":[{"width":512,"height":512,"url":"https:\/\/www.accuratereviews.com\/wp-content\/uploads\/2021\/08\/Rocket-Bazaar.jpg","type":"image\/jpeg"}],"twitter_card":"summary_large_image","twitter_misc":{"Tempo di lettura stimato":"6 minuti"},"schema":{"@context":"https:\/\/schema.org","@graph":[{"@type":"WebPage","@id":"https:\/\/www.accuratereviews.com\/it\/gestionale-marketplace\/rocket-bazaar-recensione\/","url":"https:\/\/www.accuratereviews.com\/it\/gestionale-marketplace\/rocket-bazaar-recensione\/","name":"Rocket Bazaar: recensione gestione marketplace - Accurate Reviews","isPartOf":{"@id":"https:\/\/www.accuratereviews.com\/it\/#website"},"primaryImageOfPage":{"@id":"https:\/\/www.accuratereviews.com\/it\/gestionale-marketplace\/rocket-bazaar-recensione\/#primaryimage"},"image":{"@id":"https:\/\/www.accuratereviews.com\/it\/gestionale-marketplace\/rocket-bazaar-recensione\/#primaryimage"},"thumbnailUrl":"https:\/\/www.accuratereviews.com\/wp-content\/uploads\/2021\/08\/Rocket-Bazaar.jpg","datePublished":"2021-08-13T17:19:34+00:00","description":"Rocket Bazaar: recensione soluzione di mercato robusta, ricca di funzionalit\u00e0 creata con Magento 2 fornita con una struttura di pi\u00f9 venditori.","breadcrumb":{"@id":"https:\/\/www.accuratereviews.com\/it\/gestionale-marketplace\/rocket-bazaar-recensione\/#breadcrumb"},"inLanguage":"it-IT","potentialAction":[{"@type":"ReadAction","target":["https:\/\/www.accuratereviews.com\/it\/gestionale-marketplace\/rocket-bazaar-recensione\/"]}]},{"@type":"ImageObject","inLanguage":"it-IT","@id":"https:\/\/www.accuratereviews.com\/it\/gestionale-marketplace\/rocket-bazaar-recensione\/#primaryimage","url":"https:\/\/www.accuratereviews.com\/wp-content\/uploads\/2021\/08\/Rocket-Bazaar.jpg","contentUrl":"https:\/\/www.accuratereviews.com\/wp-content\/uploads\/2021\/08\/Rocket-Bazaar.jpg","width":512,"height":512},{"@type":"BreadcrumbList","@id":"https:\/\/www.accuratereviews.com\/it\/gestionale-marketplace\/rocket-bazaar-recensione\/#breadcrumb","itemListElement":[{"@type":"ListItem","position":1,"name":"Home","item":"https:\/\/www.accuratereviews.com\/it\/"},{"@type":"ListItem","position":2,"name":"Gestionale marketplace","item":"https:\/\/www.accuratereviews.com\/it\/gestionale-marketplace\/"},{"@type":"ListItem","position":3,"name":"Rocket Bazaar"}]},{"@type":"WebSite","@id":"https:\/\/www.accuratereviews.com\/it\/#website","url":"https:\/\/www.accuratereviews.com\/it\/","name":"Accurate Reviews","description":"","potentialAction":[{"@type":"SearchAction","target":{"@type":"EntryPoint","urlTemplate":"https:\/\/www.accuratereviews.com\/it\/?s={search_term_string}"},"query-input":{"@type":"PropertyValueSpecification","valueRequired":true,"valueName":"search_term_string"}}],"inLanguage":"it-IT"}]}},"_links":{"self":[{"href":"https:\/\/www.accuratereviews.com\/it\/wp-json\/wp\/v2\/pages\/46631","targetHints":{"allow":["GET"]}}],"collection":[{"href":"https:\/\/www.accuratereviews.com\/it\/wp-json\/wp\/v2\/pages"}],"about":[{"href":"https:\/\/www.accuratereviews.com\/it\/wp-json\/wp\/v2\/types\/page"}],"author":[{"embeddable":true,"href":"https:\/\/www.accuratereviews.com\/it\/wp-json\/wp\/v2\/users\/16"}],"replies":[{"embeddable":true,"href":"https:\/\/www.accuratereviews.com\/it\/wp-json\/wp\/v2\/comments?post=46631"}],"version-history":[{"count":8,"href":"https:\/\/www.accuratereviews.com\/it\/wp-json\/wp\/v2\/pages\/46631\/revisions"}],"predecessor-version":[{"id":46650,"href":"https:\/\/www.accuratereviews.com\/it\/wp-json\/wp\/v2\/pages\/46631\/revisions\/46650"}],"up":[{"embeddable":true,"href":"https:\/\/www.accuratereviews.com\/it\/wp-json\/wp\/v2\/pages\/46169"}],"wp:featuredmedia":[{"embeddable":true,"href":"https:\/\/www.accuratereviews.com\/it\/wp-json\/wp\/v2\/media\/46632"}],"wp:attachment":[{"href":"https:\/\/www.accuratereviews.com\/it\/wp-json\/wp\/v2\/media?parent=46631"}],"wp:term":[{"taxonomy":"category","embeddable":true,"href":"https:\/\/www.accuratereviews.com\/it\/wp-json\/wp\/v2\/categories?post=46631"},{"taxonomy":"post_tag","embeddable":true,"href":"https:\/\/www.accuratereviews.com\/it\/wp-json\/wp\/v2\/tags?post=46631"},{"taxonomy":"features","embeddable":true,"href":"https:\/\/www.accuratereviews.com\/it\/wp-json\/wp\/v2\/features?post=46631"}],"curies":[{"name":"wp","href":"https:\/\/api.w.org\/{rel}","templated":true}]}}