{"id":46652,"date":"2021-08-17T16:42:03","date_gmt":"2021-08-17T16:42:03","guid":{"rendered":"https:\/\/www.accuratereviews.com\/?page_id=46652"},"modified":"2021-08-17T16:42:03","modified_gmt":"2021-08-17T16:42:03","slug":"ixxo-multi-vendor-recensione","status":"publish","type":"page","link":"https:\/\/www.accuratereviews.com\/it\/gestionale-marketplace\/ixxo-multi-vendor-recensione\/","title":{"rendered":"Ixxo Multi-Vendor"},"content":{"rendered":"<p><strong>Ixxo Multi-Vendor<\/strong> \u00e8 un <strong>software basato sul Web<\/strong> progettato per aiutare le aziende a creare e gestire un mercato online per la gestione di pi\u00f9 fornitori, prodotti e servizi tramite una piattaforma unificata.\u00a0Le funzionalit\u00e0 del programma includono l&#8217;accesso mobile, il marchio personalizzato, la gestione degli ordini e delle promozioni, i programmi fedelt\u00e0, la catalogazione dei prodotti, il controllo degli accessi e altro ancora. I venditori possono anche utilizzare l&#8217;applicazione per monitorare i propri negozi online e configurare le impostazioni dell&#8217;account tramite dashboard personalizzabili.\u00a0<strong>IXXO Multi-Vendor<\/strong> facilita l&#8217;integrazione con varie piattaforme di spedizione e analisi, consentendo alle aziende di inviare e recuperare dati tra i sistemi.<\/p>\n<h2>IXXO MULTI-VENDOR &#8211; TUTORIAL<\/h2>\n<p>Il tutorial che segue, con sottotitoli in italiano, mostra come configurare questo <strong>gestionale marketplace<\/strong>:<\/p>\n<div id=\"fluid-wrapper-counter-1\" class=\"g1-fluid-wrapper \" style=\"width:686px;\">\n<div style=\"padding-bottom:56.268221574344%;\"><iframe loading=\"lazy\" title=\"How to Configure Subscription Vendor Plans - IXXO Cart\" width=\"686\" height=\"386\" src=\"https:\/\/www.youtube.com\/embed\/AxMK32rme3Q?feature=oembed&amp;wmode=transparent&amp;autohide=1&amp;autoplay=0&amp;disablekb=0&amp;fs=1&amp;loop=0&amp;enablejsapi=1&amp;rel=0&amp;controls=2&amp;showinfo=0&amp;wmode=transparent&amp;autohide=2&amp;autoplay=0&amp;disablekb=0&amp;fs=1&amp;loop=0&amp;enablejsapi=1&amp;rel=0&amp;controls=2&amp;showinfo=1\" frameborder=\"0\" allow=\"accelerometer; autoplay; clipboard-write; encrypted-media; gyroscope; picture-in-picture\" allowfullscreen><\/iframe><\/div>\n<\/div>\n<h3>IXXO MULTI-VENDOR &#8211; CARATTERISTICHE<\/h3>\n<ul>\n<li>Pi\u00f9 venditori che operano tutti attraverso un unico negozio<\/li>\n<li>Profili del venditore con la propria area negozio e contenuti web personalizzati<\/li>\n<li>I venditori possono gestire il loro negozio attraverso due semplici interfacce<\/li>\n<li>Disponibile come Standalone e come Plugin WordPress<\/li>\n<li>I pagamenti ai fornitori e i saldi dovuti possono essere registrati e calcolati<\/li>\n<li>I venditori possono mettere in vendita gli articoli per l&#8217;asta<\/li>\n<li>Gli utenti possono acquistare articoli da pi\u00f9 fornitori in un unico ordine<\/li>\n<li>Calcoli di spedizione e tasse globali e specifici del fornitore<\/li>\n<li>I venditori possono scegliere di utilizzare l&#8217;impostazione predefinita del negozio o impostare i propri metodi di spedizione<\/li>\n<li>I widget dei prodotti del fornitore possono essere utilizzati su qualsiasi sito Web social<\/li>\n<li>I fornitori possono visualizzare le statistiche e gli ordini a livello di fornitore<\/li>\n<li>Crea pacchetti di abbonamento fornitore illimitati<\/li>\n<li>Notifiche email di nuovi ordini a fornitori, utenti e amministratori<\/li>\n<li>Modelli di prodotto predefiniti<\/li>\n<li>Numero illimitato di account fornitore e prodotti<\/li>\n<li>Possibilit\u00e0 per i fornitori di modificare l&#8217;aspetto del loro mini negozio<\/li>\n<li>I fornitori possono impostare regole fiscali in base alle classi di prodotto e alla posizione<\/li>\n<li>Componente aggiuntivo per la chat dal vivo per i fornitori<\/li>\n<li>Sistema di supporto ticket disponibile per utenti, fornitori e amministratori<\/li>\n<\/ul>\n<h4>LE RECENSIONI DEGLI UTENTI<\/h4>\n<p class=\"font-weight-bold mb-1 d-flex align-items-center\"><strong>Alan H.&#8221;Il mercato dei gioielli di Odissa con Ixxocart&#8221;<\/strong><\/p>\n<p><strong>Commenti: <\/strong>Complessivamente il software ha giovato alla mia organizzazione fornendo un utile marketplace per i membri per vendere i loro prodotti. Il team di supporto lavora e risponde in modo rapido e amichevole e, quando li conosci meglio, ha persino senso dell&#8217;umorismo; che \u00e8 una buona cosa avere quando devono lavorare con alcune delle idee che ho lanciato loro! :-)<\/p>\n<p><strong>Pro: <\/strong>Ixxocart \u00e8 un&#8217;ottima piattaforma per la creazione di un mercato online. Ha molte funzioni standard che non sono disponibili senza pagare extra su altre piattaforme e mi piace il fatto che si stia sviluppando a un ritmo entusiasmante con nuove funzionalit\u00e0 aggiunte regolarmente.<\/p>\n<p><strong>Contro: <\/strong>Il software potrebbe sembrare un po &#8216;scoraggiante all&#8217;inizio perch\u00e9 c&#8217;\u00e8 cos\u00ec tanto da fare, ma, in realt\u00e0, \u00e8 abbastanza facile da usare e l&#8217;area di amministrazione ora ha una funzione di ricerca utile nel caso in cui non riesci a trovare qualcosa in particolare.<\/p>\n<p class=\"font-weight-bold mb-1 d-flex align-items-center\"><strong>Philippe X.&#8221;IXXO \u00e8 un punto di svolta&#8221;<\/strong><\/p>\n<p><strong>Commenti: <\/strong>Il personale di vendita \u00e8 sempre pronto a risolvere qualsiasi sfida. I follow-up sono rapidi e al punto che offrono soluzioni alternative. Non ho mai pensato che qualcuno mi spingesse agli extra. Il personale di supporto \u00e8 professionale, cordiale e cortese, i biglietti vengono risolti tempestivamente.<\/p>\n<p><strong>Pro: <\/strong>Questa piattaforma multi-vendor \u00e8 dotata di funzionalit\u00e0 complete, tasse integrate, spedizione in tempo reale, offre una vasta gamma di funzionalit\u00e0 del fornitore per i prodotti. La piattaforma \u00e8 in grado di scalare a un volume elevato di fornitori senza modifiche o componenti aggiuntivi. Il rapporto costi-benefici della piattaforma multi-vendor supera Shopify Plus o qualsiasi altro come Megento, Woo Commerce che fondamentalmente richiede una codifica personalizzata per le funzionalit\u00e0 software gi\u00e0 disponibili.<\/p>\n<p><strong>Contro: <\/strong>Il numero di funzioni all&#8217;inizio pu\u00f2 essere travolgente.<\/p>\n<p><strong>Johon D.&#8221;Caratteristica ricca e di grande valore&#8221;<\/strong><\/p>\n<p><strong>Commenti<\/strong>: Ho pianificato questo business con cura e volevo davvero qualcosa che fosse potente, flessibile, supportato e in costante sviluppo. Inoltre, non volevo qualcosa che fosse gratuito e non supportato o che avesse 1 persona che lo supportasse. Il mio futuro \u00e8 nella mia attivit\u00e0 e avere il team di IXXO \u00e8 come avere il mio reparto IT\/ingegneria senza le costose spese generali. Togli le frustrazioni con la mancanza di manuali e, naturalmente, la mia inesperienza e comprerei di nuovo questo prodotto. Lo consiglio vivamente a chiunque sia seriamente intenzionato a sviluppare un&#8217;attivit\u00e0 multivendor.<\/p>\n<p><strong>Pro<\/strong>: Ha molte caratteristiche e dopo un anno ne sto scoprendo altre ancora. Mi consente di controllare molte funzioni del sito, regolazioni, modifiche ecc. Il che mi d\u00e0 il controllo dell&#8217;esperienza per i fornitori. Ho fatto i compiti prima di andare a IXXO perch\u00e9 questa era la mia prima esperienza con un sistema multivendor ma non con l&#8217;e-commerce. C&#8217;\u00e8 un supporto che utilizza un sistema di ticketing e i ragazzi sono veloci nel rispondere alle domande e sono molto utili nel rispondere alle domande e nel suggerire soluzioni quando mi imbatto in una sfida. C&#8217;\u00e8 molto da fare e puoi creare una soluzione di e-commerce in stile Amazon o eBay davvero carina, ha anche all&#8217;ingrosso e gruppi per prezzi speciali, una funzionalit\u00e0 che user\u00f2 a breve. Inizialmente, ho pensato di costruirmelo da solo, poi ho capito che era inutile che qualcuno lo avesse gi\u00e0 fatto e meglio di quanto avrebbe potuto specificare. I ragazzi sono anche bravi a personalizzare il software per alcune circostanze speciali di cui la mia azienda aveva bisogno.<\/p>\n<p><strong>Contro<\/strong>: il prodotto \u00e8 cos\u00ec ricco di funzionalit\u00e0 e lo sviluppo \u00e8 continuo che per chi non ha esperienza con prodotti simili il processo di apprendimento delle complessit\u00e0 del software \u00e8 molto frustrante. Mi piace l&#8217;autodidatta e legger\u00f2 tutto ci\u00f2 che pu\u00f2 essere d&#8217;aiuto, ma la mancanza di manuali aggiornati \u00e8 molto impegnativa. Detto questo, se torno al supporto e faccio le domande, cercheranno di darmi la risposta abbastanza rapidamente, ma a quel punto ho passato del tempo a cercarlo senza successo. Tuttavia, poich\u00e9 rilasciano aggiornamenti al software, a volte trovo intrigante scoprire nuove funzionalit\u00e0 che ti fanno dire &#8220;wow, \u00e8 interessante&#8221; La flessibilit\u00e0 richiesta dai diversi fornitori quando si tratta di spedizione \u00e8 una sfida al momento, la spedizione di base \u00e8 Il compito successivo \u00e8 rappresentato da situazioni integrate ma complesse in cui diversi fornitori hanno pratiche diverse con opzioni di consegna e variazioni di prezzo. Questi ragazzi conoscono molto bene il loro software e non ho assolutamente dubbi che nel momento in cui leggerai questo articolo avrebbero risolto anche questo. Questo indica la velocit\u00e0 con cui risolvono i problemi.<\/p>\n","protected":false},"excerpt":{"rendered":"<p>Ixxo Multi-Vendor \u00e8 un software basato sul Web progettato per aiutare le aziende a creare e gestire un mercato online per la gestione di pi\u00f9 fornitori, prodotti e servizi tramite una piattaforma unificata.\u00a0Le funzionalit\u00e0 del programma includono l&#8217;accesso mobile, il marchio personalizzato, la gestione degli ordini e delle promozioni, i programmi fedelt\u00e0, la catalogazione dei prodotti, il controllo degli accessi e altro ancora.<\/p>\n","protected":false},"author":16,"featured_media":46654,"parent":46169,"menu_order":0,"comment_status":"open","ping_status":"closed","template":"g1_template_page_review_new.php","meta":{"_acf_changed":false,"cwp_meta_box_check":"Yes","cwp_rev_product_name":"","cwp_rev_product_image":"","wppr_links":[],"cwp_rev_price":"","wppr_options":[],"wppr_pros":[],"wppr_cons":[],"_monsterinsights_skip_tracking":false,"_monsterinsights_sitenote_active":false,"_monsterinsights_sitenote_note":"","_monsterinsights_sitenote_category":0,"footnotes":""},"categories":[10817],"tags":[10822,10917,10840,10839,10842,10841],"features":[],"class_list":{"0":"post-46652","1":"page","2":"type-page","3":"status-publish","4":"has-post-thumbnail","6":"category-gestionale-marketplace-cat","7":"tag-gestione-marketplace","8":"tag-ixxo-multi-vendor","9":"tag-piattaforma-gestione-marketplace","10":"tag-programma-gestione-marketplace","11":"tag-software-gestione-marketplace","12":"tag-soluzione-gestione-marketplace"},"wppr_data":{"cwp_meta_box_check":"Yes","cwp_rev_product_name":"","cwp_rev_product_image":"","cwp_image_link":"image","cwp_rev_price":"","wppr_rating":"0.00"},"acf":[],"yoast_head":"<!-- This site is optimized with the Yoast SEO plugin v27.4 - https:\/\/yoast.com\/product\/yoast-seo-wordpress\/ -->\n<title>Ixxo Multi-Vendor: recensione gestionale marketplace - Accurate Reviews<\/title>\n<meta name=\"description\" content=\"Ixxo Multi-Vendor: recensione software basato sul Web progettato per aiutare le aziende a creare e gestire un mercato online.\" \/>\n<meta name=\"robots\" content=\"index, follow, max-snippet:-1, max-image-preview:large, max-video-preview:-1\" \/>\n<link rel=\"canonical\" href=\"https:\/\/www.accuratereviews.com\/it\/gestionale-marketplace\/ixxo-multi-vendor-recensione\/\" \/>\n<meta property=\"og:locale\" content=\"it_IT\" \/>\n<meta property=\"og:type\" content=\"article\" \/>\n<meta property=\"og:title\" content=\"Ixxo Multi-Vendor: recensione gestionale marketplace - Accurate Reviews\" \/>\n<meta property=\"og:description\" content=\"Ixxo Multi-Vendor: recensione software basato sul Web progettato per aiutare le aziende a creare e gestire un mercato online.\" \/>\n<meta property=\"og:url\" content=\"https:\/\/www.accuratereviews.com\/it\/gestionale-marketplace\/ixxo-multi-vendor-recensione\/\" \/>\n<meta property=\"og:site_name\" content=\"Accurate Reviews\" \/>\n<meta property=\"og:image\" content=\"https:\/\/www.accuratereviews.com\/wp-content\/uploads\/2021\/08\/ixxo.jpg\" \/>\n\t<meta property=\"og:image:width\" content=\"1280\" \/>\n\t<meta property=\"og:image:height\" content=\"720\" \/>\n\t<meta property=\"og:image:type\" content=\"image\/jpeg\" \/>\n<meta name=\"twitter:card\" content=\"summary_large_image\" \/>\n<meta name=\"twitter:label1\" content=\"Tempo di lettura stimato\" \/>\n\t<meta name=\"twitter:data1\" content=\"5 minuti\" \/>\n<script type=\"application\/ld+json\" class=\"yoast-schema-graph\">{\"@context\":\"https:\\\/\\\/schema.org\",\"@graph\":[{\"@type\":\"WebPage\",\"@id\":\"https:\\\/\\\/www.accuratereviews.com\\\/it\\\/gestionale-marketplace\\\/ixxo-multi-vendor-recensione\\\/\",\"url\":\"https:\\\/\\\/www.accuratereviews.com\\\/it\\\/gestionale-marketplace\\\/ixxo-multi-vendor-recensione\\\/\",\"name\":\"Ixxo Multi-Vendor: recensione gestionale marketplace - Accurate Reviews\",\"isPartOf\":{\"@id\":\"https:\\\/\\\/www.accuratereviews.com\\\/it\\\/#website\"},\"primaryImageOfPage\":{\"@id\":\"https:\\\/\\\/www.accuratereviews.com\\\/it\\\/gestionale-marketplace\\\/ixxo-multi-vendor-recensione\\\/#primaryimage\"},\"image\":{\"@id\":\"https:\\\/\\\/www.accuratereviews.com\\\/it\\\/gestionale-marketplace\\\/ixxo-multi-vendor-recensione\\\/#primaryimage\"},\"thumbnailUrl\":\"https:\\\/\\\/www.accuratereviews.com\\\/wp-content\\\/uploads\\\/2021\\\/08\\\/ixxo.jpg\",\"datePublished\":\"2021-08-17T16:42:03+00:00\",\"description\":\"Ixxo Multi-Vendor: recensione software basato sul Web progettato per aiutare le aziende a creare e gestire un mercato online.\",\"breadcrumb\":{\"@id\":\"https:\\\/\\\/www.accuratereviews.com\\\/it\\\/gestionale-marketplace\\\/ixxo-multi-vendor-recensione\\\/#breadcrumb\"},\"inLanguage\":\"it-IT\",\"potentialAction\":[{\"@type\":\"ReadAction\",\"target\":[\"https:\\\/\\\/www.accuratereviews.com\\\/it\\\/gestionale-marketplace\\\/ixxo-multi-vendor-recensione\\\/\"]}]},{\"@type\":\"ImageObject\",\"inLanguage\":\"it-IT\",\"@id\":\"https:\\\/\\\/www.accuratereviews.com\\\/it\\\/gestionale-marketplace\\\/ixxo-multi-vendor-recensione\\\/#primaryimage\",\"url\":\"https:\\\/\\\/www.accuratereviews.com\\\/wp-content\\\/uploads\\\/2021\\\/08\\\/ixxo.jpg\",\"contentUrl\":\"https:\\\/\\\/www.accuratereviews.com\\\/wp-content\\\/uploads\\\/2021\\\/08\\\/ixxo.jpg\",\"width\":1280,\"height\":720},{\"@type\":\"BreadcrumbList\",\"@id\":\"https:\\\/\\\/www.accuratereviews.com\\\/it\\\/gestionale-marketplace\\\/ixxo-multi-vendor-recensione\\\/#breadcrumb\",\"itemListElement\":[{\"@type\":\"ListItem\",\"position\":1,\"name\":\"Home\",\"item\":\"https:\\\/\\\/www.accuratereviews.com\\\/it\\\/\"},{\"@type\":\"ListItem\",\"position\":2,\"name\":\"Gestionale marketplace\",\"item\":\"https:\\\/\\\/www.accuratereviews.com\\\/it\\\/gestionale-marketplace\\\/\"},{\"@type\":\"ListItem\",\"position\":3,\"name\":\"Ixxo Multi-Vendor\"}]},{\"@type\":\"WebSite\",\"@id\":\"https:\\\/\\\/www.accuratereviews.com\\\/it\\\/#website\",\"url\":\"https:\\\/\\\/www.accuratereviews.com\\\/it\\\/\",\"name\":\"Accurate Reviews\",\"description\":\"\",\"potentialAction\":[{\"@type\":\"SearchAction\",\"target\":{\"@type\":\"EntryPoint\",\"urlTemplate\":\"https:\\\/\\\/www.accuratereviews.com\\\/it\\\/?s={search_term_string}\"},\"query-input\":{\"@type\":\"PropertyValueSpecification\",\"valueRequired\":true,\"valueName\":\"search_term_string\"}}],\"inLanguage\":\"it-IT\"}]}<\/script>\n<!-- \/ Yoast SEO plugin. -->","yoast_head_json":{"title":"Ixxo Multi-Vendor: recensione gestionale marketplace - Accurate Reviews","description":"Ixxo Multi-Vendor: recensione software basato sul Web progettato per aiutare le aziende a creare e gestire un mercato online.","robots":{"index":"index","follow":"follow","max-snippet":"max-snippet:-1","max-image-preview":"max-image-preview:large","max-video-preview":"max-video-preview:-1"},"canonical":"https:\/\/www.accuratereviews.com\/it\/gestionale-marketplace\/ixxo-multi-vendor-recensione\/","og_locale":"it_IT","og_type":"article","og_title":"Ixxo Multi-Vendor: recensione gestionale marketplace - Accurate Reviews","og_description":"Ixxo Multi-Vendor: recensione software basato sul Web progettato per aiutare le aziende a creare e gestire un mercato online.","og_url":"https:\/\/www.accuratereviews.com\/it\/gestionale-marketplace\/ixxo-multi-vendor-recensione\/","og_site_name":"Accurate Reviews","og_image":[{"width":1280,"height":720,"url":"https:\/\/www.accuratereviews.com\/wp-content\/uploads\/2021\/08\/ixxo.jpg","type":"image\/jpeg"}],"twitter_card":"summary_large_image","twitter_misc":{"Tempo di lettura stimato":"5 minuti"},"schema":{"@context":"https:\/\/schema.org","@graph":[{"@type":"WebPage","@id":"https:\/\/www.accuratereviews.com\/it\/gestionale-marketplace\/ixxo-multi-vendor-recensione\/","url":"https:\/\/www.accuratereviews.com\/it\/gestionale-marketplace\/ixxo-multi-vendor-recensione\/","name":"Ixxo Multi-Vendor: recensione gestionale marketplace - Accurate Reviews","isPartOf":{"@id":"https:\/\/www.accuratereviews.com\/it\/#website"},"primaryImageOfPage":{"@id":"https:\/\/www.accuratereviews.com\/it\/gestionale-marketplace\/ixxo-multi-vendor-recensione\/#primaryimage"},"image":{"@id":"https:\/\/www.accuratereviews.com\/it\/gestionale-marketplace\/ixxo-multi-vendor-recensione\/#primaryimage"},"thumbnailUrl":"https:\/\/www.accuratereviews.com\/wp-content\/uploads\/2021\/08\/ixxo.jpg","datePublished":"2021-08-17T16:42:03+00:00","description":"Ixxo Multi-Vendor: recensione software basato sul Web progettato per aiutare le aziende a creare e gestire un mercato online.","breadcrumb":{"@id":"https:\/\/www.accuratereviews.com\/it\/gestionale-marketplace\/ixxo-multi-vendor-recensione\/#breadcrumb"},"inLanguage":"it-IT","potentialAction":[{"@type":"ReadAction","target":["https:\/\/www.accuratereviews.com\/it\/gestionale-marketplace\/ixxo-multi-vendor-recensione\/"]}]},{"@type":"ImageObject","inLanguage":"it-IT","@id":"https:\/\/www.accuratereviews.com\/it\/gestionale-marketplace\/ixxo-multi-vendor-recensione\/#primaryimage","url":"https:\/\/www.accuratereviews.com\/wp-content\/uploads\/2021\/08\/ixxo.jpg","contentUrl":"https:\/\/www.accuratereviews.com\/wp-content\/uploads\/2021\/08\/ixxo.jpg","width":1280,"height":720},{"@type":"BreadcrumbList","@id":"https:\/\/www.accuratereviews.com\/it\/gestionale-marketplace\/ixxo-multi-vendor-recensione\/#breadcrumb","itemListElement":[{"@type":"ListItem","position":1,"name":"Home","item":"https:\/\/www.accuratereviews.com\/it\/"},{"@type":"ListItem","position":2,"name":"Gestionale marketplace","item":"https:\/\/www.accuratereviews.com\/it\/gestionale-marketplace\/"},{"@type":"ListItem","position":3,"name":"Ixxo Multi-Vendor"}]},{"@type":"WebSite","@id":"https:\/\/www.accuratereviews.com\/it\/#website","url":"https:\/\/www.accuratereviews.com\/it\/","name":"Accurate Reviews","description":"","potentialAction":[{"@type":"SearchAction","target":{"@type":"EntryPoint","urlTemplate":"https:\/\/www.accuratereviews.com\/it\/?s={search_term_string}"},"query-input":{"@type":"PropertyValueSpecification","valueRequired":true,"valueName":"search_term_string"}}],"inLanguage":"it-IT"}]}},"_links":{"self":[{"href":"https:\/\/www.accuratereviews.com\/it\/wp-json\/wp\/v2\/pages\/46652","targetHints":{"allow":["GET"]}}],"collection":[{"href":"https:\/\/www.accuratereviews.com\/it\/wp-json\/wp\/v2\/pages"}],"about":[{"href":"https:\/\/www.accuratereviews.com\/it\/wp-json\/wp\/v2\/types\/page"}],"author":[{"embeddable":true,"href":"https:\/\/www.accuratereviews.com\/it\/wp-json\/wp\/v2\/users\/16"}],"replies":[{"embeddable":true,"href":"https:\/\/www.accuratereviews.com\/it\/wp-json\/wp\/v2\/comments?post=46652"}],"version-history":[{"count":11,"href":"https:\/\/www.accuratereviews.com\/it\/wp-json\/wp\/v2\/pages\/46652\/revisions"}],"predecessor-version":[{"id":46706,"href":"https:\/\/www.accuratereviews.com\/it\/wp-json\/wp\/v2\/pages\/46652\/revisions\/46706"}],"up":[{"embeddable":true,"href":"https:\/\/www.accuratereviews.com\/it\/wp-json\/wp\/v2\/pages\/46169"}],"wp:featuredmedia":[{"embeddable":true,"href":"https:\/\/www.accuratereviews.com\/it\/wp-json\/wp\/v2\/media\/46654"}],"wp:attachment":[{"href":"https:\/\/www.accuratereviews.com\/it\/wp-json\/wp\/v2\/media?parent=46652"}],"wp:term":[{"taxonomy":"category","embeddable":true,"href":"https:\/\/www.accuratereviews.com\/it\/wp-json\/wp\/v2\/categories?post=46652"},{"taxonomy":"post_tag","embeddable":true,"href":"https:\/\/www.accuratereviews.com\/it\/wp-json\/wp\/v2\/tags?post=46652"},{"taxonomy":"features","embeddable":true,"href":"https:\/\/www.accuratereviews.com\/it\/wp-json\/wp\/v2\/features?post=46652"}],"curies":[{"name":"wp","href":"https:\/\/api.w.org\/{rel}","templated":true}]}}