{"id":46681,"date":"2021-08-17T16:51:34","date_gmt":"2021-08-17T16:51:34","guid":{"rendered":"https:\/\/www.accuratereviews.com\/?page_id=46681"},"modified":"2021-08-17T16:51:34","modified_gmt":"2021-08-17T16:51:34","slug":"ekm-recensione","status":"publish","type":"page","link":"https:\/\/www.accuratereviews.com\/it\/gestionale-marketplace\/ekm-recensione\/","title":{"rendered":"Ekm"},"content":{"rendered":"<p><strong>Ekm<\/strong> \u00e8 una <strong>piattaforma e-commerce<\/strong> per singoli e piccoli rivenditori che offre alle aziende gli strumenti di cui hanno bisogno per il loro negozio online. Il software\u00a0\u00e8 infatti ottimo chi ha intenzione di costruire un negozio virtuale. Viene fornito con oltre 150 modelli di e-commerce completamente personalizzabili e non richiede competenze informatiche o di web design. Tutti i modelli si evolvono automaticamente ogni volta che <strong>Ekm\u00a0<\/strong>viene aggiornato. Tutti i siti web sono completamente ottimizzati per dispositivi mobili e tablet (mCommerce). L&#8217;interfaccia drag and drop semplifica la gestione del negozio. Gli utenti possono aggiungere prodotti, creare categorie, gestire le scorte, modificare le immagini dei prodotti e assegnare attributi ai prodotti (marca, dimensioni, ecc.).\u00a0I pagamenti possono essere accettati attraverso pi\u00f9 canali tra cui PayPal, carte di credito\/debito, portafogli elettronici e persino contanti.<\/p>\n<h2>EKM &#8211; TUTORIAL<\/h2>\n<p>Guardiamo come inserire un prodotto su questo <strong>gestionale marketplace<\/strong>:<\/p>\n<div id=\"fluid-wrapper-counter-1\" class=\"g1-fluid-wrapper \" style=\"width:686px;\">\n<div style=\"padding-bottom:56.268221574344%;\"><iframe loading=\"lazy\" title=\"How to install and use the Product Summary feature on your EKM online shop | EKM Support Centre\" width=\"686\" height=\"386\" src=\"https:\/\/www.youtube.com\/embed\/LMIN1uIRdto?feature=oembed&amp;wmode=transparent&amp;autohide=1&amp;autoplay=0&amp;disablekb=0&amp;fs=1&amp;loop=0&amp;enablejsapi=1&amp;rel=0&amp;controls=2&amp;showinfo=0&amp;wmode=transparent&amp;autohide=2&amp;autoplay=0&amp;disablekb=0&amp;fs=1&amp;loop=0&amp;enablejsapi=1&amp;rel=0&amp;controls=2&amp;showinfo=1\" frameborder=\"0\" allow=\"accelerometer; autoplay; clipboard-write; encrypted-media; gyroscope; picture-in-picture\" allowfullscreen><\/iframe><\/div>\n<\/div>\n<h3>EKM &#8211; CARATTERISTICHE<\/h3>\n<ul>\n<li><strong>Oltre 70 temi personalizzabili: <\/strong>creare un negozio dall&#8217;aspetto professionale non potrebbe essere pi\u00f9 facile con una vasta gamma di temi personalizzabili.<\/li>\n<li><strong>Design reattivo<\/strong>: tutti i temi sono completamente responsive, il che significa che sono progettati per funzionare perfettamente su tutti i dispositivi.<\/li>\n<li><strong>Costruttore di loghi professionale<\/strong>:\u00a0disegna un logo dall&#8217;aspetto unico per il tuo negozio con il generatore di logo. \u00c8 ottimo per una configurazione rapida e ti consente di creare un logo unico per il tuo negozio che corrisponda al tema scelto.<\/li>\n<li><strong>Banner e grafica mozzafiato:<\/strong> crea banner e grafica dall&#8217;aspetto professionale. Con migliaia di foto d&#8217;archivio, sfondi e icone e anche la possibilit\u00e0 di caricare le tue immagini puoi davvero rendere i tuoi banner unici.<\/li>\n<li><strong>Caricamento rapido del prodotto<\/strong>: aggiungi i tuoi prodotti con il minimo sforzo e tempo attraverso la comoda interfaccia. Se desideri aggiungere prodotti in blocco, \u00e8 altrettanto facile con i potenti strumenti di modifica in blocco. Aggiungi prodotti illimitati con i nostri piani standard e superiori.<\/li>\n<li><strong>Facile importazione ed esportazione<\/strong>: risparmia tempo aggiungendo i tuoi prodotti manualmente caricandoli in un semplice processo. Con funzionalit\u00e0 come l&#8217; integrazione &#8220;eBay Import\/Export&#8221; puoi semplicemente importare o esportare i tuoi prodotti con facilit\u00e0.<\/li>\n<li><strong>Organizza i prodotti<\/strong>: crea una struttura di categorie facile da usare con il minimo sforzo, rendendo il tuo negozio facile da navigare e da cui acquistare.<\/li>\n<\/ul>\n<h4>LE RECENSIONI DEGLI UTENTI<\/h4>\n<p class=\"font-weight-bold mb-1 d-flex align-items-center\"><strong>Soumyajit D.&#8221;Funzionalit\u00e0 e interattivit\u00e0 delle risorse digitali&#8221;<\/strong><\/p>\n<p><strong>Pro: <\/strong>Interattivit\u00e0 e navigazione facili. Facile da implementare e accedere. Buone opzioni per personalizzare.<\/p>\n<p><strong>Contro: <\/strong>Proprio come qualsiasi strumento o piattaforma, c&#8217;\u00e8 sempre un margine per integrare e introdurre nuove funzionalit\u00e0. La versione attuale \u00e8 molto buona e robusta e serve alla maggior parte degli scopi. In futuro le funzionalit\u00e0 della piattaforma potrebbero essere estese a eventi virtuali che possono essere gestiti su larga scala.<\/p>\n<p class=\"font-weight-bold mb-1 d-flex align-items-center\"><strong>Mark A.&#8221;Interessato solo a prendere le tasse&#8221;<\/strong><\/p>\n<p><strong>Commenti: <\/strong>Tutti i servizi di supporto sembrano essere qualificati di recente con poca esperienza nell&#8217;assistenza o nella comprensione dei problemi. Aveva regolarmente problemi durante i periodi di Natale in cui il sito web era completamente inattivo. Di recente \u00e8 stato un mese molto tranquillo e ho scoperto da un cliente che il sito non accettava pagamenti con carta. Ho riferito al servizio clienti e questo non \u00e8 abbastanza buono in quanto \u00e8 costato un sacco di soldi e ha ricevuto una chiamata dall&#8217;assistenza che diceva &#8220;Non so perch\u00e9 pensi che ti sia costato tanto&#8221;. Sembra tutto molto infantile, poco professionale e completamente fuori dal mondo reale. Immagino che se fornisci un parco giochi in cui lavorare, puoi assumere bambini &#8230;..<\/p>\n<p><strong>Pro: <\/strong>Facile da usare e impostare. Molti modelli tra cui scegliere.<\/p>\n<p><strong>Contro: <\/strong>Ha regolarmente problemi a impedire le vendite, gli assistenti arroganti dell&#8217;helpdesk pi\u00f9 recentemente hanno approfittato dell&#8217;aumento delle vendite online per oltre il doppio delle commissioni (a cui ora sei bloccato) nonostante ora non disponi di scorte. In precedenza ho perso la funzione di posta elettronica e mi \u00e8 stato detto che devo PAGARE EXTRA per essere su server pi\u00f9 affidabili!<\/p>\n","protected":false},"excerpt":{"rendered":"<p>Ekm \u00e8 una piattaforma e-commerce per singoli e piccoli rivenditori che offre alle aziende gli strumenti di cui hanno bisogno per il loro negozio online. Il software\u00a0\u00e8 infatti ottimo chi ha intenzione di costruire un negozio virtuale. Viene fornito con oltre 150 modelli di e-commerce completamente personalizzabili e non richiede competenze informatiche o di web design.<\/p>\n","protected":false},"author":16,"featured_media":46682,"parent":46169,"menu_order":0,"comment_status":"open","ping_status":"closed","template":"g1_template_page_review_new.php","meta":{"_acf_changed":false,"cwp_meta_box_check":"No","cwp_rev_product_name":"","cwp_rev_product_image":"","wppr_links":[],"cwp_rev_price":"","wppr_options":[],"wppr_pros":[],"wppr_cons":[],"_monsterinsights_skip_tracking":false,"_monsterinsights_sitenote_active":false,"_monsterinsights_sitenote_note":"","_monsterinsights_sitenote_category":0,"footnotes":""},"categories":[10817],"tags":[10920,10857,10840,10839,10842,10841],"features":[],"class_list":{"0":"post-46681","1":"page","2":"type-page","3":"status-publish","4":"has-post-thumbnail","6":"category-gestionale-marketplace-cat","7":"tag-ekm","8":"tag-gestione-marketpalce","9":"tag-piattaforma-gestione-marketplace","10":"tag-programma-gestione-marketplace","11":"tag-software-gestione-marketplace","12":"tag-soluzione-gestione-marketplace"},"wppr_data":{"cwp_meta_box_check":"No"},"acf":[],"yoast_head":"<!-- This site is optimized with the Yoast SEO plugin v27.4 - https:\/\/yoast.com\/product\/yoast-seo-wordpress\/ -->\n<title>Ekm: recensione software gestione marketplace - Accurate Reviews<\/title>\n<meta name=\"description\" content=\"Ekm: recensione piattaforma e-commerce per singoli e piccoli rivenditori che fornisce gli strumenti per sviluppare il loro negozio online.\" \/>\n<meta name=\"robots\" content=\"index, follow, max-snippet:-1, max-image-preview:large, max-video-preview:-1\" \/>\n<link rel=\"canonical\" href=\"https:\/\/www.accuratereviews.com\/it\/gestionale-marketplace\/ekm-recensione\/\" \/>\n<meta property=\"og:locale\" content=\"it_IT\" \/>\n<meta property=\"og:type\" content=\"article\" \/>\n<meta property=\"og:title\" content=\"Ekm: recensione software gestione marketplace - Accurate Reviews\" \/>\n<meta property=\"og:description\" content=\"Ekm: recensione piattaforma e-commerce per singoli e piccoli rivenditori che fornisce gli strumenti per sviluppare il loro negozio online.\" \/>\n<meta property=\"og:url\" content=\"https:\/\/www.accuratereviews.com\/it\/gestionale-marketplace\/ekm-recensione\/\" \/>\n<meta property=\"og:site_name\" content=\"Accurate Reviews\" \/>\n<meta property=\"og:image\" content=\"https:\/\/www.accuratereviews.com\/wp-content\/uploads\/2021\/08\/EKM.jpeg\" \/>\n\t<meta property=\"og:image:width\" content=\"200\" \/>\n\t<meta property=\"og:image:height\" content=\"200\" \/>\n\t<meta property=\"og:image:type\" content=\"image\/jpeg\" \/>\n<meta name=\"twitter:card\" content=\"summary_large_image\" \/>\n<meta name=\"twitter:label1\" content=\"Tempo di lettura stimato\" \/>\n\t<meta name=\"twitter:data1\" content=\"3 minuti\" \/>\n<script type=\"application\/ld+json\" class=\"yoast-schema-graph\">{\"@context\":\"https:\\\/\\\/schema.org\",\"@graph\":[{\"@type\":\"WebPage\",\"@id\":\"https:\\\/\\\/www.accuratereviews.com\\\/it\\\/gestionale-marketplace\\\/ekm-recensione\\\/\",\"url\":\"https:\\\/\\\/www.accuratereviews.com\\\/it\\\/gestionale-marketplace\\\/ekm-recensione\\\/\",\"name\":\"Ekm: recensione software gestione marketplace - Accurate Reviews\",\"isPartOf\":{\"@id\":\"https:\\\/\\\/www.accuratereviews.com\\\/it\\\/#website\"},\"primaryImageOfPage\":{\"@id\":\"https:\\\/\\\/www.accuratereviews.com\\\/it\\\/gestionale-marketplace\\\/ekm-recensione\\\/#primaryimage\"},\"image\":{\"@id\":\"https:\\\/\\\/www.accuratereviews.com\\\/it\\\/gestionale-marketplace\\\/ekm-recensione\\\/#primaryimage\"},\"thumbnailUrl\":\"https:\\\/\\\/www.accuratereviews.com\\\/wp-content\\\/uploads\\\/2021\\\/08\\\/EKM.jpeg\",\"datePublished\":\"2021-08-17T16:51:34+00:00\",\"description\":\"Ekm: recensione piattaforma e-commerce per singoli e piccoli rivenditori che fornisce gli strumenti per sviluppare il loro negozio online.\",\"breadcrumb\":{\"@id\":\"https:\\\/\\\/www.accuratereviews.com\\\/it\\\/gestionale-marketplace\\\/ekm-recensione\\\/#breadcrumb\"},\"inLanguage\":\"it-IT\",\"potentialAction\":[{\"@type\":\"ReadAction\",\"target\":[\"https:\\\/\\\/www.accuratereviews.com\\\/it\\\/gestionale-marketplace\\\/ekm-recensione\\\/\"]}]},{\"@type\":\"ImageObject\",\"inLanguage\":\"it-IT\",\"@id\":\"https:\\\/\\\/www.accuratereviews.com\\\/it\\\/gestionale-marketplace\\\/ekm-recensione\\\/#primaryimage\",\"url\":\"https:\\\/\\\/www.accuratereviews.com\\\/wp-content\\\/uploads\\\/2021\\\/08\\\/EKM.jpeg\",\"contentUrl\":\"https:\\\/\\\/www.accuratereviews.com\\\/wp-content\\\/uploads\\\/2021\\\/08\\\/EKM.jpeg\",\"width\":200,\"height\":200},{\"@type\":\"BreadcrumbList\",\"@id\":\"https:\\\/\\\/www.accuratereviews.com\\\/it\\\/gestionale-marketplace\\\/ekm-recensione\\\/#breadcrumb\",\"itemListElement\":[{\"@type\":\"ListItem\",\"position\":1,\"name\":\"Home\",\"item\":\"https:\\\/\\\/www.accuratereviews.com\\\/it\\\/\"},{\"@type\":\"ListItem\",\"position\":2,\"name\":\"Gestionale marketplace\",\"item\":\"https:\\\/\\\/www.accuratereviews.com\\\/it\\\/gestionale-marketplace\\\/\"},{\"@type\":\"ListItem\",\"position\":3,\"name\":\"Ekm\"}]},{\"@type\":\"WebSite\",\"@id\":\"https:\\\/\\\/www.accuratereviews.com\\\/it\\\/#website\",\"url\":\"https:\\\/\\\/www.accuratereviews.com\\\/it\\\/\",\"name\":\"Accurate Reviews\",\"description\":\"\",\"potentialAction\":[{\"@type\":\"SearchAction\",\"target\":{\"@type\":\"EntryPoint\",\"urlTemplate\":\"https:\\\/\\\/www.accuratereviews.com\\\/it\\\/?s={search_term_string}\"},\"query-input\":{\"@type\":\"PropertyValueSpecification\",\"valueRequired\":true,\"valueName\":\"search_term_string\"}}],\"inLanguage\":\"it-IT\"}]}<\/script>\n<!-- \/ Yoast SEO plugin. -->","yoast_head_json":{"title":"Ekm: recensione software gestione marketplace - Accurate Reviews","description":"Ekm: recensione piattaforma e-commerce per singoli e piccoli rivenditori che fornisce gli strumenti per sviluppare il loro negozio online.","robots":{"index":"index","follow":"follow","max-snippet":"max-snippet:-1","max-image-preview":"max-image-preview:large","max-video-preview":"max-video-preview:-1"},"canonical":"https:\/\/www.accuratereviews.com\/it\/gestionale-marketplace\/ekm-recensione\/","og_locale":"it_IT","og_type":"article","og_title":"Ekm: recensione software gestione marketplace - Accurate Reviews","og_description":"Ekm: recensione piattaforma e-commerce per singoli e piccoli rivenditori che fornisce gli strumenti per sviluppare il loro negozio online.","og_url":"https:\/\/www.accuratereviews.com\/it\/gestionale-marketplace\/ekm-recensione\/","og_site_name":"Accurate Reviews","og_image":[{"width":200,"height":200,"url":"https:\/\/www.accuratereviews.com\/wp-content\/uploads\/2021\/08\/EKM.jpeg","type":"image\/jpeg"}],"twitter_card":"summary_large_image","twitter_misc":{"Tempo di lettura stimato":"3 minuti"},"schema":{"@context":"https:\/\/schema.org","@graph":[{"@type":"WebPage","@id":"https:\/\/www.accuratereviews.com\/it\/gestionale-marketplace\/ekm-recensione\/","url":"https:\/\/www.accuratereviews.com\/it\/gestionale-marketplace\/ekm-recensione\/","name":"Ekm: recensione software gestione marketplace - Accurate Reviews","isPartOf":{"@id":"https:\/\/www.accuratereviews.com\/it\/#website"},"primaryImageOfPage":{"@id":"https:\/\/www.accuratereviews.com\/it\/gestionale-marketplace\/ekm-recensione\/#primaryimage"},"image":{"@id":"https:\/\/www.accuratereviews.com\/it\/gestionale-marketplace\/ekm-recensione\/#primaryimage"},"thumbnailUrl":"https:\/\/www.accuratereviews.com\/wp-content\/uploads\/2021\/08\/EKM.jpeg","datePublished":"2021-08-17T16:51:34+00:00","description":"Ekm: recensione piattaforma e-commerce per singoli e piccoli rivenditori che fornisce gli strumenti per sviluppare il loro negozio online.","breadcrumb":{"@id":"https:\/\/www.accuratereviews.com\/it\/gestionale-marketplace\/ekm-recensione\/#breadcrumb"},"inLanguage":"it-IT","potentialAction":[{"@type":"ReadAction","target":["https:\/\/www.accuratereviews.com\/it\/gestionale-marketplace\/ekm-recensione\/"]}]},{"@type":"ImageObject","inLanguage":"it-IT","@id":"https:\/\/www.accuratereviews.com\/it\/gestionale-marketplace\/ekm-recensione\/#primaryimage","url":"https:\/\/www.accuratereviews.com\/wp-content\/uploads\/2021\/08\/EKM.jpeg","contentUrl":"https:\/\/www.accuratereviews.com\/wp-content\/uploads\/2021\/08\/EKM.jpeg","width":200,"height":200},{"@type":"BreadcrumbList","@id":"https:\/\/www.accuratereviews.com\/it\/gestionale-marketplace\/ekm-recensione\/#breadcrumb","itemListElement":[{"@type":"ListItem","position":1,"name":"Home","item":"https:\/\/www.accuratereviews.com\/it\/"},{"@type":"ListItem","position":2,"name":"Gestionale marketplace","item":"https:\/\/www.accuratereviews.com\/it\/gestionale-marketplace\/"},{"@type":"ListItem","position":3,"name":"Ekm"}]},{"@type":"WebSite","@id":"https:\/\/www.accuratereviews.com\/it\/#website","url":"https:\/\/www.accuratereviews.com\/it\/","name":"Accurate Reviews","description":"","potentialAction":[{"@type":"SearchAction","target":{"@type":"EntryPoint","urlTemplate":"https:\/\/www.accuratereviews.com\/it\/?s={search_term_string}"},"query-input":{"@type":"PropertyValueSpecification","valueRequired":true,"valueName":"search_term_string"}}],"inLanguage":"it-IT"}]}},"_links":{"self":[{"href":"https:\/\/www.accuratereviews.com\/it\/wp-json\/wp\/v2\/pages\/46681","targetHints":{"allow":["GET"]}}],"collection":[{"href":"https:\/\/www.accuratereviews.com\/it\/wp-json\/wp\/v2\/pages"}],"about":[{"href":"https:\/\/www.accuratereviews.com\/it\/wp-json\/wp\/v2\/types\/page"}],"author":[{"embeddable":true,"href":"https:\/\/www.accuratereviews.com\/it\/wp-json\/wp\/v2\/users\/16"}],"replies":[{"embeddable":true,"href":"https:\/\/www.accuratereviews.com\/it\/wp-json\/wp\/v2\/comments?post=46681"}],"version-history":[{"count":12,"href":"https:\/\/www.accuratereviews.com\/it\/wp-json\/wp\/v2\/pages\/46681\/revisions"}],"predecessor-version":[{"id":46708,"href":"https:\/\/www.accuratereviews.com\/it\/wp-json\/wp\/v2\/pages\/46681\/revisions\/46708"}],"up":[{"embeddable":true,"href":"https:\/\/www.accuratereviews.com\/it\/wp-json\/wp\/v2\/pages\/46169"}],"wp:featuredmedia":[{"embeddable":true,"href":"https:\/\/www.accuratereviews.com\/it\/wp-json\/wp\/v2\/media\/46682"}],"wp:attachment":[{"href":"https:\/\/www.accuratereviews.com\/it\/wp-json\/wp\/v2\/media?parent=46681"}],"wp:term":[{"taxonomy":"category","embeddable":true,"href":"https:\/\/www.accuratereviews.com\/it\/wp-json\/wp\/v2\/categories?post=46681"},{"taxonomy":"post_tag","embeddable":true,"href":"https:\/\/www.accuratereviews.com\/it\/wp-json\/wp\/v2\/tags?post=46681"},{"taxonomy":"features","embeddable":true,"href":"https:\/\/www.accuratereviews.com\/it\/wp-json\/wp\/v2\/features?post=46681"}],"curies":[{"name":"wp","href":"https:\/\/api.w.org\/{rel}","templated":true}]}}