{"id":46715,"date":"2021-08-18T16:46:15","date_gmt":"2021-08-18T16:46:15","guid":{"rendered":"https:\/\/www.accuratereviews.com\/?page_id=46715"},"modified":"2021-08-18T16:46:15","modified_gmt":"2021-08-18T16:46:15","slug":"oorjit-recensione","status":"publish","type":"page","link":"https:\/\/www.accuratereviews.com\/it\/gestionale-marketplace\/oorjit-recensione\/","title":{"rendered":"Oorjit"},"content":{"rendered":"<p><strong>Oorjit<\/strong> \u00e8 una <strong>piattaforma e-commerce<\/strong> che offre agli utenti una miriade di soluzioni coinvolgenti tra commerciante-cliente, consentendo loro di interessare il pubblico giusto in modo semplice ed efficace. Ogni soluzione \u00e8 creata per fornire alle aziende strumenti che soddisfano specifici insiemi di esigenze e requisiti.\u00a0Tra le funzionalit\u00e0 offerte ci sono l&#8217;e-commerce B2B e B2C multi-vendor, la suite di editoria digitale, le offerte giornaliere, i coupon e le promozioni, la pubblicit\u00e0 digitale. Centinaia di importanti marchi internazionali come Dubai First, Clikky, Doha Bank e Shop.com si affidano a questa soluzione<b>\u00a0<\/b>per aiutarli a raggiungere e mantenere il coinvolgimento totale dei clienti. Essendo una piattaforma basata sul proprio framework MVC personalizzato con funzionalit\u00e0 aziendali, <strong>Oorjit<\/strong> pu\u00f2 facilmente scalare e supportare un&#8217;architettura multi-tenant che consente alle organizzazioni di gestire pi\u00f9 negozi e-commerce indipendenti da una dashboard centralizzata.<\/p>\n<h2>OORJIT &#8211; TUTORIAL<\/h2>\n<p>Ecco un video su questo <strong>software gestionale marketplace<\/strong>:<\/p>\n<div id=\"fluid-wrapper-counter-1\" class=\"g1-fluid-wrapper \" style=\"width:686px;\">\n<div style=\"padding-bottom:56.268221574344%;\"><iframe loading=\"lazy\" title=\"How to build successfull channels to connect customers?\" width=\"686\" height=\"386\" src=\"https:\/\/www.youtube.com\/embed\/Qppzg61eemw?feature=oembed&amp;wmode=transparent&amp;autohide=1&amp;autoplay=0&amp;disablekb=0&amp;fs=1&amp;loop=0&amp;enablejsapi=1&amp;rel=0&amp;controls=2&amp;showinfo=0&amp;wmode=transparent&amp;autohide=2&amp;autoplay=0&amp;disablekb=0&amp;fs=1&amp;loop=0&amp;enablejsapi=1&amp;rel=0&amp;controls=2&amp;showinfo=1\" frameborder=\"0\" allow=\"accelerometer; autoplay; clipboard-write; encrypted-media; gyroscope; picture-in-picture\" allowfullscreen><\/iframe><\/div>\n<\/div>\n<h3>OORJIT &#8211; CARATTERISTICHE<\/h3>\n<ul>\n<li><strong>Il riconoscimento del marchio<\/strong>: introduci nuovi prodotti ed esplora nuovi mercati con facilit\u00e0 una volta che l&#8217;esposizione del tuo marchio \u00e8 aumentata.<\/li>\n<li><strong>Fedelt\u00e0 del cliente<\/strong>: soddisfa i tuoi clienti presentando loro un&#8217;esperienza di acquisto che meritano.<\/li>\n<li><strong>Possibilit\u00e0 di marketing<\/strong>: supera le restrizioni imposte ai siti di vendita al dettaglio mentre promuovi il tuo marchio. Tieni sotto controllo le tue strategie di marketing.<\/li>\n<li><strong>Migliora il tuo business con il supporto AI<\/strong>: attraverso l&#8217;apprendimento automatico miriamo a fornire ai nostri clienti la possibilit\u00e0 di utilizzare i dati raccolti e implementarli nella loro attivit\u00e0 per ottenere risultati migliori. Offrire ai clienti esattamente ci\u00f2 che vogliono, quando lo desiderano, pu\u00f2 avere un enorme impatto su qualsiasi attivit\u00e0 commerciale.<\/li>\n<li><strong>Esperienza di pagamento<\/strong>: ottimizza l&#8217;esperienza di pagamento utilizzando la convalida dei dati e dell&#8217;indirizzo e i rapporti sui carrelli abbandonati. Un processo di pagamento ottimizzato aumenta i tassi di conversione.<\/li>\n<li><strong>Protezione dalle frodi<\/strong>: integra facilmente API di terze parti che utilizzano l&#8217;apprendimento automatico, il flusso di lavoro automatizzato, la garanzia di storno di addebito, l&#8217;impronta digitale del dispositivo ecc.<\/li>\n<li><strong>Gestire le tasse<\/strong>: aggiungi, modifica e aggiorna gli addebiti fiscali per paese, stato e CAP\/codice postale. Configura fino a 3 tasse per localit\u00e0 e imposta clienti esenti da tasse o tariffe diverse per gruppo di clienti.<\/li>\n<li><strong>Fornitura e consegna<\/strong>: i\u00a0sistemi di gestione degli ordini aiutano a standardizzare e sincronizzare i processi di back-end e front-end per migliorare l&#8217;accesso in tempo reale e le informazioni sui movimenti di inventario.<\/li>\n<\/ul>\n","protected":false},"excerpt":{"rendered":"<p>Oorjit \u00e8 una piattaforma e-commerce che offre agli utenti una miriade di soluzioni di coinvolgimento tra commerciante-cliente, consentendo loro di coinvolgere il pubblico giusto in modo semplice ed efficace. Ogni soluzione \u00e8 creata per fornire alle aziende strumenti che soddisfano specifici insiemi di esigenze e requisiti.\u00a0<\/p>\n","protected":false},"author":16,"featured_media":46718,"parent":46169,"menu_order":0,"comment_status":"open","ping_status":"closed","template":"g1_template_page_review_new.php","meta":{"_acf_changed":false,"cwp_meta_box_check":"Yes","cwp_rev_product_name":"","cwp_rev_product_image":"","wppr_links":[],"cwp_rev_price":"","wppr_options":[],"wppr_pros":[],"wppr_cons":[],"_monsterinsights_skip_tracking":false,"_monsterinsights_sitenote_active":false,"_monsterinsights_sitenote_note":"","_monsterinsights_sitenote_category":0,"footnotes":""},"categories":[10817],"tags":[10818,10924,10840,10820,10823,10863],"features":[],"class_list":{"0":"post-46715","1":"page","2":"type-page","3":"status-publish","4":"has-post-thumbnail","6":"category-gestionale-marketplace-cat","7":"tag-gestionale-marketplace","8":"tag-oorjit","9":"tag-piattaforma-gestione-marketplace","10":"tag-programma-gestionale-marketplace","11":"tag-software-gestionale-marketplace","12":"tag-soluzione-gestionale-marketplace"},"wppr_data":{"cwp_meta_box_check":"Yes","cwp_rev_product_name":"","cwp_rev_product_image":"","cwp_image_link":"image","cwp_rev_price":"","wppr_rating":"0.00"},"acf":[],"yoast_head":"<!-- This site is optimized with the Yoast SEO plugin v27.4 - https:\/\/yoast.com\/product\/yoast-seo-wordpress\/ -->\n<title>Oorjit: recensione software gestione marketplace - Accurate Reviews<\/title>\n<meta name=\"description\" content=\"Oorjit: recensione piattaforma e-commerce che offre agli utenti una miriade di soluzioni di coinvolgimento tra commerciante-cliente.\" \/>\n<meta name=\"robots\" content=\"index, follow, max-snippet:-1, max-image-preview:large, max-video-preview:-1\" \/>\n<link rel=\"canonical\" href=\"https:\/\/www.accuratereviews.com\/it\/gestionale-marketplace\/oorjit-recensione\/\" \/>\n<meta property=\"og:locale\" content=\"it_IT\" \/>\n<meta property=\"og:type\" content=\"article\" \/>\n<meta property=\"og:title\" content=\"Oorjit: recensione software gestione marketplace - Accurate Reviews\" \/>\n<meta property=\"og:description\" content=\"Oorjit: recensione piattaforma e-commerce che offre agli utenti una miriade di soluzioni di coinvolgimento tra commerciante-cliente.\" \/>\n<meta property=\"og:url\" content=\"https:\/\/www.accuratereviews.com\/it\/gestionale-marketplace\/oorjit-recensione\/\" \/>\n<meta property=\"og:site_name\" content=\"Accurate Reviews\" \/>\n<meta property=\"og:image\" content=\"https:\/\/www.accuratereviews.com\/wp-content\/uploads\/2021\/08\/oorjit.jpeg\" \/>\n\t<meta property=\"og:image:width\" content=\"400\" \/>\n\t<meta property=\"og:image:height\" content=\"400\" \/>\n\t<meta property=\"og:image:type\" content=\"image\/jpeg\" \/>\n<meta name=\"twitter:card\" content=\"summary_large_image\" \/>\n<meta name=\"twitter:label1\" content=\"Tempo di lettura stimato\" \/>\n\t<meta name=\"twitter:data1\" content=\"2 minuti\" \/>\n<script type=\"application\/ld+json\" class=\"yoast-schema-graph\">{\"@context\":\"https:\\\/\\\/schema.org\",\"@graph\":[{\"@type\":\"WebPage\",\"@id\":\"https:\\\/\\\/www.accuratereviews.com\\\/it\\\/gestionale-marketplace\\\/oorjit-recensione\\\/\",\"url\":\"https:\\\/\\\/www.accuratereviews.com\\\/it\\\/gestionale-marketplace\\\/oorjit-recensione\\\/\",\"name\":\"Oorjit: recensione software gestione marketplace - Accurate Reviews\",\"isPartOf\":{\"@id\":\"https:\\\/\\\/www.accuratereviews.com\\\/it\\\/#website\"},\"primaryImageOfPage\":{\"@id\":\"https:\\\/\\\/www.accuratereviews.com\\\/it\\\/gestionale-marketplace\\\/oorjit-recensione\\\/#primaryimage\"},\"image\":{\"@id\":\"https:\\\/\\\/www.accuratereviews.com\\\/it\\\/gestionale-marketplace\\\/oorjit-recensione\\\/#primaryimage\"},\"thumbnailUrl\":\"https:\\\/\\\/www.accuratereviews.com\\\/wp-content\\\/uploads\\\/2021\\\/08\\\/oorjit.jpeg\",\"datePublished\":\"2021-08-18T16:46:15+00:00\",\"description\":\"Oorjit: recensione piattaforma e-commerce che offre agli utenti una miriade di soluzioni di coinvolgimento tra commerciante-cliente.\",\"breadcrumb\":{\"@id\":\"https:\\\/\\\/www.accuratereviews.com\\\/it\\\/gestionale-marketplace\\\/oorjit-recensione\\\/#breadcrumb\"},\"inLanguage\":\"it-IT\",\"potentialAction\":[{\"@type\":\"ReadAction\",\"target\":[\"https:\\\/\\\/www.accuratereviews.com\\\/it\\\/gestionale-marketplace\\\/oorjit-recensione\\\/\"]}]},{\"@type\":\"ImageObject\",\"inLanguage\":\"it-IT\",\"@id\":\"https:\\\/\\\/www.accuratereviews.com\\\/it\\\/gestionale-marketplace\\\/oorjit-recensione\\\/#primaryimage\",\"url\":\"https:\\\/\\\/www.accuratereviews.com\\\/wp-content\\\/uploads\\\/2021\\\/08\\\/oorjit.jpeg\",\"contentUrl\":\"https:\\\/\\\/www.accuratereviews.com\\\/wp-content\\\/uploads\\\/2021\\\/08\\\/oorjit.jpeg\",\"width\":400,\"height\":400},{\"@type\":\"BreadcrumbList\",\"@id\":\"https:\\\/\\\/www.accuratereviews.com\\\/it\\\/gestionale-marketplace\\\/oorjit-recensione\\\/#breadcrumb\",\"itemListElement\":[{\"@type\":\"ListItem\",\"position\":1,\"name\":\"Home\",\"item\":\"https:\\\/\\\/www.accuratereviews.com\\\/it\\\/\"},{\"@type\":\"ListItem\",\"position\":2,\"name\":\"Gestionale marketplace\",\"item\":\"https:\\\/\\\/www.accuratereviews.com\\\/it\\\/gestionale-marketplace\\\/\"},{\"@type\":\"ListItem\",\"position\":3,\"name\":\"Oorjit\"}]},{\"@type\":\"WebSite\",\"@id\":\"https:\\\/\\\/www.accuratereviews.com\\\/it\\\/#website\",\"url\":\"https:\\\/\\\/www.accuratereviews.com\\\/it\\\/\",\"name\":\"Accurate Reviews\",\"description\":\"\",\"potentialAction\":[{\"@type\":\"SearchAction\",\"target\":{\"@type\":\"EntryPoint\",\"urlTemplate\":\"https:\\\/\\\/www.accuratereviews.com\\\/it\\\/?s={search_term_string}\"},\"query-input\":{\"@type\":\"PropertyValueSpecification\",\"valueRequired\":true,\"valueName\":\"search_term_string\"}}],\"inLanguage\":\"it-IT\"}]}<\/script>\n<!-- \/ Yoast SEO plugin. -->","yoast_head_json":{"title":"Oorjit: recensione software gestione marketplace - Accurate Reviews","description":"Oorjit: recensione piattaforma e-commerce che offre agli utenti una miriade di soluzioni di coinvolgimento tra commerciante-cliente.","robots":{"index":"index","follow":"follow","max-snippet":"max-snippet:-1","max-image-preview":"max-image-preview:large","max-video-preview":"max-video-preview:-1"},"canonical":"https:\/\/www.accuratereviews.com\/it\/gestionale-marketplace\/oorjit-recensione\/","og_locale":"it_IT","og_type":"article","og_title":"Oorjit: recensione software gestione marketplace - Accurate Reviews","og_description":"Oorjit: recensione piattaforma e-commerce che offre agli utenti una miriade di soluzioni di coinvolgimento tra commerciante-cliente.","og_url":"https:\/\/www.accuratereviews.com\/it\/gestionale-marketplace\/oorjit-recensione\/","og_site_name":"Accurate Reviews","og_image":[{"width":400,"height":400,"url":"https:\/\/www.accuratereviews.com\/wp-content\/uploads\/2021\/08\/oorjit.jpeg","type":"image\/jpeg"}],"twitter_card":"summary_large_image","twitter_misc":{"Tempo di lettura stimato":"2 minuti"},"schema":{"@context":"https:\/\/schema.org","@graph":[{"@type":"WebPage","@id":"https:\/\/www.accuratereviews.com\/it\/gestionale-marketplace\/oorjit-recensione\/","url":"https:\/\/www.accuratereviews.com\/it\/gestionale-marketplace\/oorjit-recensione\/","name":"Oorjit: recensione software gestione marketplace - Accurate Reviews","isPartOf":{"@id":"https:\/\/www.accuratereviews.com\/it\/#website"},"primaryImageOfPage":{"@id":"https:\/\/www.accuratereviews.com\/it\/gestionale-marketplace\/oorjit-recensione\/#primaryimage"},"image":{"@id":"https:\/\/www.accuratereviews.com\/it\/gestionale-marketplace\/oorjit-recensione\/#primaryimage"},"thumbnailUrl":"https:\/\/www.accuratereviews.com\/wp-content\/uploads\/2021\/08\/oorjit.jpeg","datePublished":"2021-08-18T16:46:15+00:00","description":"Oorjit: recensione piattaforma e-commerce che offre agli utenti una miriade di soluzioni di coinvolgimento tra commerciante-cliente.","breadcrumb":{"@id":"https:\/\/www.accuratereviews.com\/it\/gestionale-marketplace\/oorjit-recensione\/#breadcrumb"},"inLanguage":"it-IT","potentialAction":[{"@type":"ReadAction","target":["https:\/\/www.accuratereviews.com\/it\/gestionale-marketplace\/oorjit-recensione\/"]}]},{"@type":"ImageObject","inLanguage":"it-IT","@id":"https:\/\/www.accuratereviews.com\/it\/gestionale-marketplace\/oorjit-recensione\/#primaryimage","url":"https:\/\/www.accuratereviews.com\/wp-content\/uploads\/2021\/08\/oorjit.jpeg","contentUrl":"https:\/\/www.accuratereviews.com\/wp-content\/uploads\/2021\/08\/oorjit.jpeg","width":400,"height":400},{"@type":"BreadcrumbList","@id":"https:\/\/www.accuratereviews.com\/it\/gestionale-marketplace\/oorjit-recensione\/#breadcrumb","itemListElement":[{"@type":"ListItem","position":1,"name":"Home","item":"https:\/\/www.accuratereviews.com\/it\/"},{"@type":"ListItem","position":2,"name":"Gestionale marketplace","item":"https:\/\/www.accuratereviews.com\/it\/gestionale-marketplace\/"},{"@type":"ListItem","position":3,"name":"Oorjit"}]},{"@type":"WebSite","@id":"https:\/\/www.accuratereviews.com\/it\/#website","url":"https:\/\/www.accuratereviews.com\/it\/","name":"Accurate Reviews","description":"","potentialAction":[{"@type":"SearchAction","target":{"@type":"EntryPoint","urlTemplate":"https:\/\/www.accuratereviews.com\/it\/?s={search_term_string}"},"query-input":{"@type":"PropertyValueSpecification","valueRequired":true,"valueName":"search_term_string"}}],"inLanguage":"it-IT"}]}},"_links":{"self":[{"href":"https:\/\/www.accuratereviews.com\/it\/wp-json\/wp\/v2\/pages\/46715","targetHints":{"allow":["GET"]}}],"collection":[{"href":"https:\/\/www.accuratereviews.com\/it\/wp-json\/wp\/v2\/pages"}],"about":[{"href":"https:\/\/www.accuratereviews.com\/it\/wp-json\/wp\/v2\/types\/page"}],"author":[{"embeddable":true,"href":"https:\/\/www.accuratereviews.com\/it\/wp-json\/wp\/v2\/users\/16"}],"replies":[{"embeddable":true,"href":"https:\/\/www.accuratereviews.com\/it\/wp-json\/wp\/v2\/comments?post=46715"}],"version-history":[{"count":9,"href":"https:\/\/www.accuratereviews.com\/it\/wp-json\/wp\/v2\/pages\/46715\/revisions"}],"predecessor-version":[{"id":46750,"href":"https:\/\/www.accuratereviews.com\/it\/wp-json\/wp\/v2\/pages\/46715\/revisions\/46750"}],"up":[{"embeddable":true,"href":"https:\/\/www.accuratereviews.com\/it\/wp-json\/wp\/v2\/pages\/46169"}],"wp:featuredmedia":[{"embeddable":true,"href":"https:\/\/www.accuratereviews.com\/it\/wp-json\/wp\/v2\/media\/46718"}],"wp:attachment":[{"href":"https:\/\/www.accuratereviews.com\/it\/wp-json\/wp\/v2\/media?parent=46715"}],"wp:term":[{"taxonomy":"category","embeddable":true,"href":"https:\/\/www.accuratereviews.com\/it\/wp-json\/wp\/v2\/categories?post=46715"},{"taxonomy":"post_tag","embeddable":true,"href":"https:\/\/www.accuratereviews.com\/it\/wp-json\/wp\/v2\/tags?post=46715"},{"taxonomy":"features","embeddable":true,"href":"https:\/\/www.accuratereviews.com\/it\/wp-json\/wp\/v2\/features?post=46715"}],"curies":[{"name":"wp","href":"https:\/\/api.w.org\/{rel}","templated":true}]}}