{"id":46898,"date":"2021-08-24T11:19:51","date_gmt":"2021-08-24T11:19:51","guid":{"rendered":"https:\/\/www.accuratereviews.com\/?page_id=46898"},"modified":"2021-08-24T11:19:51","modified_gmt":"2021-08-24T11:19:51","slug":"gofrugal-recensione","status":"publish","type":"page","link":"https:\/\/www.accuratereviews.com\/it\/gestionali-farmacie\/gofrugal-recensione\/","title":{"rendered":"GoFrugal"},"content":{"rendered":"<p><strong>GoFrugal<\/strong> \u00e8 un <strong>software di fatturazione Point of Sale (POS)<\/strong> che comprende una gamma di soluzioni di vendita al dettaglio, ristoranti e distribuzione per pi\u00f9 settori.\u00a0Il <strong>Cloud<\/strong> POS della soluzione \u00e8 accessibile da qualsiasi luogo tramite qualsiasi dispositivo, beneficiando di funzionalit\u00e0 online e offline grazie alla sincronizzazione dei dati. Le caratteristiche principali includono la gestione multi-negozio che supporta la gestione centralizzata dei fornitori oltre a un processo di acquisto e riordino completamente automatizzato. Ci\u00f2 include l&#8217;aumento, la creazione e la generazione di rientri di acquisto, ordini di acquisto e GIN\/GIR, oltre alla gestione delle approvazioni. Il controllo dell&#8217;inventario facilita il monitoraggio delle scorte dall&#8217;approvvigionamento alla vendita, mentre le funzionalit\u00e0 di reporting basate sulla BI offrono feedback sulle prestazioni di vendita inviati direttamente alla casella di posta elettronica.<\/p>\n<h2>GOFRUGAL &#8211; TUTORIAL<\/h2>\n<p>Guardiamo come questo <strong>software gestionale per farmacie<\/strong> pu\u00f2 aiutarti nel tuo lavoro:<\/p>\n<div id=\"fluid-wrapper-counter-1\" class=\"g1-fluid-wrapper \" style=\"width:686px;\">\n<div style=\"padding-bottom:56.268221574344%;\"><iframe loading=\"lazy\" title=\"Retail solutions re-imagined with GOFRUGAL | Digital Transformation | Retail revolution\" width=\"686\" height=\"386\" src=\"https:\/\/www.youtube.com\/embed\/hUCqmnS402Y?feature=oembed&amp;wmode=transparent&amp;autohide=1&amp;autoplay=0&amp;disablekb=0&amp;fs=1&amp;loop=0&amp;enablejsapi=1&amp;rel=0&amp;controls=2&amp;showinfo=0&amp;wmode=transparent&amp;autohide=2&amp;autoplay=0&amp;disablekb=0&amp;fs=1&amp;loop=0&amp;enablejsapi=1&amp;rel=0&amp;controls=2&amp;showinfo=1\" frameborder=\"0\" allow=\"accelerometer; autoplay; clipboard-write; encrypted-media; gyroscope; picture-in-picture\" allowfullscreen><\/iframe><\/div>\n<\/div>\n<h3>GOFRUGAL &#8211; CARATTERISTICHE<\/h3>\n<ul>\n<li><strong>Risparmio sui costi<\/strong>: risparmia molto denaro automatizzando le semplici attivit\u00e0 e riducendo al minimo le risorse<\/li>\n<li><strong>Scalabilit\u00e0<\/strong>: rafforza e scala la tua infrastruttura man mano che le esigenze aziendali si espandono<\/li>\n<li><strong>Precisione al 100%<\/strong>: \u00a0elimina gli errori e agisci sui dati precisi acquisiti da tutte le funzioni senza soluzione di continuit\u00e0<\/li>\n<li><strong>Produttivit\u00e0 migliorata<\/strong>: goditi una migliore produttivit\u00e0 della forza lavoro e una maggiore produttivit\u00e0 con un accesso pi\u00f9 semplice alle informazioni<\/li>\n<li><strong>Maggiore efficienza:<\/strong> ottieni la massima efficienza consentendo agli utenti di collaborare efficacemente su pi\u00f9 funzioni<\/li>\n<li><strong>Elevata sicurezza:<\/strong> facilita la comunicazione crittografata e la forte autenticazione dell&#8217;utente la rende altamente sicura<\/li>\n<li><strong>Agilit\u00e0 migliorata<\/strong>: identifica e reagisci rapidamente alle nuove opportunit\u00e0 con l&#8217;accesso completo ai dati aziendali in tempo reale<\/li>\n<li><strong>Processo decisionale assistito<\/strong>: prendi decisioni aziendali assistite e sicure sulla base delle preziose informazioni, grafici e confronti forniti dai report intelligenti<\/li>\n<\/ul>\n<h4>LE RECENSIONI DEGLI UTENTI<\/h4>\n<h5 class=\"font-weight-bold mb-1 d-flex align-items-center\">Safraz M.&#8221;Bang per il tuo denaro!&#8221;<\/h5>\n<p><strong>Commenti: <\/strong>Molto soddisfatto dell&#8217;azienda, del supporto e dei follow-up. Ottimo prodotto, necessita sicuramente di maggiore visibilit\u00e0 sul mercato.<\/p>\n<p><strong>Pro: <\/strong>La capacit\u00e0 di connettersi su pi\u00f9 piattaforme, finestre e soluzioni mobili. Facile da usare, implementare e distribuire da una piccola impresa a una grande organizzazione. Aggiungi semplicemente i dispositivi e i client e goditi la copertura su reti wireless o dati in movimento.<\/p>\n<p><strong>Contro: <\/strong>Nessun svantaggio finora. Tuttavia devo popolare questo campo.<\/p>\n<p class=\"font-weight-bold mb-1 d-flex align-items-center\"><strong>Deepak G.&#8221;Negozi Nagarik&#8221;<\/strong><\/p>\n<p><strong>Pro: <\/strong>funzione fattura di vendita e per mantenere le scorte, nonch\u00e9 l&#8217;app ordereasy per gli ordini online.<\/p>\n<p><strong>Contro: <\/strong>Alcune delle funzionalit\u00e0 dell&#8217;app ordereasy avrebbero dovuto aiutare a evadere pi\u00f9 ordini contemporaneamente<\/p>\n<h4 class=\"font-weight-bold mb-1 d-flex align-items-center\">Bharat S.&#8221;Sostegno durante il Covid19&#8243;<\/h4>\n<p><strong>Commenti: <\/strong>Vendite, Acquisti, Conti, Rapporti MIS e tutto per mantenerci in carreggiata.<\/p>\n<p><strong>Pro: <\/strong>Facile aggiornamento e operazioni di questo software \u00e8 uno dei migliori.<\/p>\n<p><strong>Contro: <\/strong>Pochissimi, ma per quanto riguarda il supporto del personale, ogni problema sembra essere minimalista.<\/p>\n","protected":false},"excerpt":{"rendered":"<p>GoFrugal \u00e8 un software di fatturazione Point of Sale (POS) che comprende una gamma di soluzioni di vendita al dettaglio, ristoranti e distribuzione per pi\u00f9 settori.\u00a0Il Cloud POS della soluzione \u00e8 accessibile da qualsiasi luogo tramite qualsiasi dispositivo, beneficiando di funzionalit\u00e0 online e offline grazie alla sincronizzazione dei dati.<\/p>\n","protected":false},"author":16,"featured_media":46900,"parent":46849,"menu_order":0,"comment_status":"open","ping_status":"closed","template":"g1_template_page_review_new.php","meta":{"_acf_changed":false,"cwp_meta_box_check":"Yes","cwp_rev_product_name":"","cwp_rev_product_image":"","wppr_links":[],"cwp_rev_price":"","wppr_options":[],"wppr_pros":[],"wppr_cons":[],"_monsterinsights_skip_tracking":false,"_monsterinsights_sitenote_active":false,"_monsterinsights_sitenote_note":"","_monsterinsights_sitenote_category":0,"footnotes":""},"categories":[10939],"tags":[10943,10964,10966,10965,10947,10946],"features":[],"class_list":{"0":"post-46898","1":"page","2":"type-page","3":"status-publish","4":"has-post-thumbnail","6":"category-gestionali-farmacie-cat","7":"tag-gestionale-farmacie","8":"tag-gofrugal","9":"tag-piattaforma-gestionale-farmacie","10":"tag-programma-gestionale-farmacie","11":"tag-software-gestionale-farmacie","12":"tag-soluzione-gestionale-farmacie"},"wppr_data":{"cwp_meta_box_check":"Yes","cwp_rev_product_name":"","cwp_rev_product_image":"","cwp_image_link":"image","cwp_rev_price":"","wppr_rating":"0.00"},"acf":[],"yoast_head":"<!-- This site is optimized with the Yoast SEO plugin v27.4 - https:\/\/yoast.com\/product\/yoast-seo-wordpress\/ -->\n<title>GoFrugal: recensione software gestionale farmacie - Accurate Reviews<\/title>\n<meta name=\"description\" content=\"GoFrugal: recensione software di fatturazione Point of Sale (POS) che comprende una gamma di soluzioni di vendita al dettaglio.\" \/>\n<meta name=\"robots\" content=\"index, follow, max-snippet:-1, max-image-preview:large, max-video-preview:-1\" \/>\n<link rel=\"canonical\" href=\"https:\/\/www.accuratereviews.com\/it\/gestionali-farmacie\/gofrugal-recensione\/\" \/>\n<meta property=\"og:locale\" content=\"it_IT\" \/>\n<meta property=\"og:type\" content=\"article\" \/>\n<meta property=\"og:title\" content=\"GoFrugal: recensione software gestionale farmacie - Accurate Reviews\" \/>\n<meta property=\"og:description\" content=\"GoFrugal: recensione software di fatturazione Point of Sale (POS) che comprende una gamma di soluzioni di vendita al dettaglio.\" \/>\n<meta property=\"og:url\" content=\"https:\/\/www.accuratereviews.com\/it\/gestionali-farmacie\/gofrugal-recensione\/\" \/>\n<meta property=\"og:site_name\" content=\"Accurate Reviews\" \/>\n<meta property=\"og:image\" content=\"https:\/\/www.accuratereviews.com\/wp-content\/uploads\/2021\/08\/GoFrugal.jpg\" \/>\n\t<meta property=\"og:image:width\" content=\"225\" \/>\n\t<meta property=\"og:image:height\" content=\"225\" \/>\n\t<meta property=\"og:image:type\" content=\"image\/jpeg\" \/>\n<meta name=\"twitter:card\" content=\"summary_large_image\" \/>\n<meta name=\"twitter:label1\" content=\"Tempo di lettura stimato\" \/>\n\t<meta name=\"twitter:data1\" content=\"2 minuti\" \/>\n<script type=\"application\/ld+json\" class=\"yoast-schema-graph\">{\"@context\":\"https:\\\/\\\/schema.org\",\"@graph\":[{\"@type\":\"WebPage\",\"@id\":\"https:\\\/\\\/www.accuratereviews.com\\\/it\\\/gestionali-farmacie\\\/gofrugal-recensione\\\/\",\"url\":\"https:\\\/\\\/www.accuratereviews.com\\\/it\\\/gestionali-farmacie\\\/gofrugal-recensione\\\/\",\"name\":\"GoFrugal: recensione software gestionale farmacie - Accurate Reviews\",\"isPartOf\":{\"@id\":\"https:\\\/\\\/www.accuratereviews.com\\\/it\\\/#website\"},\"primaryImageOfPage\":{\"@id\":\"https:\\\/\\\/www.accuratereviews.com\\\/it\\\/gestionali-farmacie\\\/gofrugal-recensione\\\/#primaryimage\"},\"image\":{\"@id\":\"https:\\\/\\\/www.accuratereviews.com\\\/it\\\/gestionali-farmacie\\\/gofrugal-recensione\\\/#primaryimage\"},\"thumbnailUrl\":\"https:\\\/\\\/www.accuratereviews.com\\\/wp-content\\\/uploads\\\/2021\\\/08\\\/GoFrugal.jpg\",\"datePublished\":\"2021-08-24T11:19:51+00:00\",\"description\":\"GoFrugal: recensione software di fatturazione Point of Sale (POS) che comprende una gamma di soluzioni di vendita al dettaglio.\",\"breadcrumb\":{\"@id\":\"https:\\\/\\\/www.accuratereviews.com\\\/it\\\/gestionali-farmacie\\\/gofrugal-recensione\\\/#breadcrumb\"},\"inLanguage\":\"it-IT\",\"potentialAction\":[{\"@type\":\"ReadAction\",\"target\":[\"https:\\\/\\\/www.accuratereviews.com\\\/it\\\/gestionali-farmacie\\\/gofrugal-recensione\\\/\"]}]},{\"@type\":\"ImageObject\",\"inLanguage\":\"it-IT\",\"@id\":\"https:\\\/\\\/www.accuratereviews.com\\\/it\\\/gestionali-farmacie\\\/gofrugal-recensione\\\/#primaryimage\",\"url\":\"https:\\\/\\\/www.accuratereviews.com\\\/wp-content\\\/uploads\\\/2021\\\/08\\\/GoFrugal.jpg\",\"contentUrl\":\"https:\\\/\\\/www.accuratereviews.com\\\/wp-content\\\/uploads\\\/2021\\\/08\\\/GoFrugal.jpg\",\"width\":225,\"height\":225},{\"@type\":\"BreadcrumbList\",\"@id\":\"https:\\\/\\\/www.accuratereviews.com\\\/it\\\/gestionali-farmacie\\\/gofrugal-recensione\\\/#breadcrumb\",\"itemListElement\":[{\"@type\":\"ListItem\",\"position\":1,\"name\":\"Home\",\"item\":\"https:\\\/\\\/www.accuratereviews.com\\\/it\\\/\"},{\"@type\":\"ListItem\",\"position\":2,\"name\":\"Gestionali per farmacie\",\"item\":\"https:\\\/\\\/www.accuratereviews.com\\\/it\\\/gestionali-farmacie\\\/\"},{\"@type\":\"ListItem\",\"position\":3,\"name\":\"GoFrugal\"}]},{\"@type\":\"WebSite\",\"@id\":\"https:\\\/\\\/www.accuratereviews.com\\\/it\\\/#website\",\"url\":\"https:\\\/\\\/www.accuratereviews.com\\\/it\\\/\",\"name\":\"Accurate Reviews\",\"description\":\"\",\"potentialAction\":[{\"@type\":\"SearchAction\",\"target\":{\"@type\":\"EntryPoint\",\"urlTemplate\":\"https:\\\/\\\/www.accuratereviews.com\\\/it\\\/?s={search_term_string}\"},\"query-input\":{\"@type\":\"PropertyValueSpecification\",\"valueRequired\":true,\"valueName\":\"search_term_string\"}}],\"inLanguage\":\"it-IT\"}]}<\/script>\n<!-- \/ Yoast SEO plugin. -->","yoast_head_json":{"title":"GoFrugal: recensione software gestionale farmacie - Accurate Reviews","description":"GoFrugal: recensione software di fatturazione Point of Sale (POS) che comprende una gamma di soluzioni di vendita al dettaglio.","robots":{"index":"index","follow":"follow","max-snippet":"max-snippet:-1","max-image-preview":"max-image-preview:large","max-video-preview":"max-video-preview:-1"},"canonical":"https:\/\/www.accuratereviews.com\/it\/gestionali-farmacie\/gofrugal-recensione\/","og_locale":"it_IT","og_type":"article","og_title":"GoFrugal: recensione software gestionale farmacie - Accurate Reviews","og_description":"GoFrugal: recensione software di fatturazione Point of Sale (POS) che comprende una gamma di soluzioni di vendita al dettaglio.","og_url":"https:\/\/www.accuratereviews.com\/it\/gestionali-farmacie\/gofrugal-recensione\/","og_site_name":"Accurate Reviews","og_image":[{"width":225,"height":225,"url":"https:\/\/www.accuratereviews.com\/wp-content\/uploads\/2021\/08\/GoFrugal.jpg","type":"image\/jpeg"}],"twitter_card":"summary_large_image","twitter_misc":{"Tempo di lettura stimato":"2 minuti"},"schema":{"@context":"https:\/\/schema.org","@graph":[{"@type":"WebPage","@id":"https:\/\/www.accuratereviews.com\/it\/gestionali-farmacie\/gofrugal-recensione\/","url":"https:\/\/www.accuratereviews.com\/it\/gestionali-farmacie\/gofrugal-recensione\/","name":"GoFrugal: recensione software gestionale farmacie - Accurate Reviews","isPartOf":{"@id":"https:\/\/www.accuratereviews.com\/it\/#website"},"primaryImageOfPage":{"@id":"https:\/\/www.accuratereviews.com\/it\/gestionali-farmacie\/gofrugal-recensione\/#primaryimage"},"image":{"@id":"https:\/\/www.accuratereviews.com\/it\/gestionali-farmacie\/gofrugal-recensione\/#primaryimage"},"thumbnailUrl":"https:\/\/www.accuratereviews.com\/wp-content\/uploads\/2021\/08\/GoFrugal.jpg","datePublished":"2021-08-24T11:19:51+00:00","description":"GoFrugal: recensione software di fatturazione Point of Sale (POS) che comprende una gamma di soluzioni di vendita al dettaglio.","breadcrumb":{"@id":"https:\/\/www.accuratereviews.com\/it\/gestionali-farmacie\/gofrugal-recensione\/#breadcrumb"},"inLanguage":"it-IT","potentialAction":[{"@type":"ReadAction","target":["https:\/\/www.accuratereviews.com\/it\/gestionali-farmacie\/gofrugal-recensione\/"]}]},{"@type":"ImageObject","inLanguage":"it-IT","@id":"https:\/\/www.accuratereviews.com\/it\/gestionali-farmacie\/gofrugal-recensione\/#primaryimage","url":"https:\/\/www.accuratereviews.com\/wp-content\/uploads\/2021\/08\/GoFrugal.jpg","contentUrl":"https:\/\/www.accuratereviews.com\/wp-content\/uploads\/2021\/08\/GoFrugal.jpg","width":225,"height":225},{"@type":"BreadcrumbList","@id":"https:\/\/www.accuratereviews.com\/it\/gestionali-farmacie\/gofrugal-recensione\/#breadcrumb","itemListElement":[{"@type":"ListItem","position":1,"name":"Home","item":"https:\/\/www.accuratereviews.com\/it\/"},{"@type":"ListItem","position":2,"name":"Gestionali per farmacie","item":"https:\/\/www.accuratereviews.com\/it\/gestionali-farmacie\/"},{"@type":"ListItem","position":3,"name":"GoFrugal"}]},{"@type":"WebSite","@id":"https:\/\/www.accuratereviews.com\/it\/#website","url":"https:\/\/www.accuratereviews.com\/it\/","name":"Accurate Reviews","description":"","potentialAction":[{"@type":"SearchAction","target":{"@type":"EntryPoint","urlTemplate":"https:\/\/www.accuratereviews.com\/it\/?s={search_term_string}"},"query-input":{"@type":"PropertyValueSpecification","valueRequired":true,"valueName":"search_term_string"}}],"inLanguage":"it-IT"}]}},"_links":{"self":[{"href":"https:\/\/www.accuratereviews.com\/it\/wp-json\/wp\/v2\/pages\/46898","targetHints":{"allow":["GET"]}}],"collection":[{"href":"https:\/\/www.accuratereviews.com\/it\/wp-json\/wp\/v2\/pages"}],"about":[{"href":"https:\/\/www.accuratereviews.com\/it\/wp-json\/wp\/v2\/types\/page"}],"author":[{"embeddable":true,"href":"https:\/\/www.accuratereviews.com\/it\/wp-json\/wp\/v2\/users\/16"}],"replies":[{"embeddable":true,"href":"https:\/\/www.accuratereviews.com\/it\/wp-json\/wp\/v2\/comments?post=46898"}],"version-history":[{"count":8,"href":"https:\/\/www.accuratereviews.com\/it\/wp-json\/wp\/v2\/pages\/46898\/revisions"}],"predecessor-version":[{"id":46932,"href":"https:\/\/www.accuratereviews.com\/it\/wp-json\/wp\/v2\/pages\/46898\/revisions\/46932"}],"up":[{"embeddable":true,"href":"https:\/\/www.accuratereviews.com\/it\/wp-json\/wp\/v2\/pages\/46849"}],"wp:featuredmedia":[{"embeddable":true,"href":"https:\/\/www.accuratereviews.com\/it\/wp-json\/wp\/v2\/media\/46900"}],"wp:attachment":[{"href":"https:\/\/www.accuratereviews.com\/it\/wp-json\/wp\/v2\/media?parent=46898"}],"wp:term":[{"taxonomy":"category","embeddable":true,"href":"https:\/\/www.accuratereviews.com\/it\/wp-json\/wp\/v2\/categories?post=46898"},{"taxonomy":"post_tag","embeddable":true,"href":"https:\/\/www.accuratereviews.com\/it\/wp-json\/wp\/v2\/tags?post=46898"},{"taxonomy":"features","embeddable":true,"href":"https:\/\/www.accuratereviews.com\/it\/wp-json\/wp\/v2\/features?post=46898"}],"curies":[{"name":"wp","href":"https:\/\/api.w.org\/{rel}","templated":true}]}}