{"id":46942,"date":"2021-08-25T12:17:08","date_gmt":"2021-08-25T12:17:08","guid":{"rendered":"https:\/\/www.accuratereviews.com\/?page_id=46942"},"modified":"2021-08-25T12:17:08","modified_gmt":"2021-08-25T12:17:08","slug":"winpharm-recensione","status":"publish","type":"page","link":"https:\/\/www.accuratereviews.com\/it\/gestionali-farmacie\/winpharm-recensione\/","title":{"rendered":"Winpharm"},"content":{"rendered":"<p><strong>Winpharm<\/strong> \u00e8 un <strong>software di gestione delle farmacie<\/strong> progettato per aiutare i dispensari, le farmacie indipendenti e di assistenza a lungo termine (LTC), i medici e gli ospedali a gestire la fatturazione, le vendite, gli acquisti, le prescrizioni, le ricariche e altro ancora. Consente agli utenti di creare piani eCare personalizzati, definire obiettivi, valutare problemi e impostare avvisi di follow-up per i pazienti.\u00a0Permette agli amministratori di archiviare i dati delle prescrizioni in entrata in un archivio centralizzato e di ordinare, filtrare, classificare e assegnare priorit\u00e0 alle informazioni per l&#8217;elaborazione dell&#8217;immissione dei dati. Offre una serie di funzionalit\u00e0 come ricariche automatiche, stati codificati a colori, verifica del composto e del peso, gestione delle tariffe DIR, backup remoto dei dati, promemoria automatici, gestione di assicurazioni e coupon e altro ancora. I professionisti medici possono anche progettare flussi di lavoro personalizzati per gestire le consegne, il monitoraggio delle prescrizioni e il raggruppamento dei pazienti.<\/p>\n<h2>WINPHARM &#8211; TUTORIAL<\/h2>\n<p>Ecco un tutorial su questo <strong>gestionale per farmacie<\/strong>:<\/p>\n<div id=\"fluid-wrapper-counter-1\" class=\"g1-fluid-wrapper \" style=\"width:686px;\">\n<div style=\"padding-bottom:56.268221574344%;\"><iframe loading=\"lazy\" title=\"The History of Datascan Pharmacy Software\" src=\"https:\/\/player.vimeo.com\/video\/407688516?dnt=1&amp;app_id=122963&amp;h=4c5c3171e0?title=0&amp;byline=0&amp;portrait=0\" width=\"686\" height=\"386\" frameborder=\"0\" allow=\"autoplay; fullscreen; picture-in-picture\" allowfullscreen><\/iframe><\/div>\n<\/div>\n<h3>WINPHARM &#8211; CARATTERISTICHE<\/h3>\n<ul>\n<li><strong>Programma di sconto di cassa generico:<\/strong> se vuoi competere con le catene sui loro programmi generici, il sistema pu\u00f2 aiutarti a farlo<\/li>\n<li><strong>Email e promemoria di testo:<\/strong> crea aderenza e recuperali per le ricariche automatizzando i promemoria tramite messaggi di testo, notifiche sullo smartphone e promemoria via email. Puoi anche fare lo stesso con gli RX non raccolti e aumentare l&#8217;aderenza<\/li>\n<li><strong>Promemoria IVR dial-out:<\/strong> proprio come il testo e l&#8217;email, il tuo telefono il sistema pu\u00f2 chiamare i tuoi clienti in uscita per ricevere le loro ricariche e ricordare loro di ritirare gli script<\/li>\n<li><strong>Sistema di ricarica automatica:<\/strong> fai in modo che il software elabori le ricariche per te e assicurati che il tuo cliente non perda mai pi\u00f9 una ricarica<\/li>\n<li><strong>Automazione dei farmaci di mantenimento:<\/strong> assicurati che i tuoi pazienti non siano mai pi\u00f9 senza i loro farmaci di mantenimento comunicando automaticamente con i loro dottori per nuove prescrizioni<\/li>\n<li><strong>Pannello di controllo<\/strong> dell&#8217;aderenza<\/li>\n<\/ul>\n<h4>LE RECENSIONI DEGLI UTENTI<\/h4>\n<p class=\"font-weight-bold mb-1 d-flex align-items-center\"><strong>Hieu K.&#8221;DataScan-WinPharm&#8221;<\/strong><\/p>\n<p><strong>Pro: <\/strong>Hanno tutte le caratteristiche che rendono pi\u00f9 facile la vita di un farmacista. Aiutano a configurare il tuo sistema nel modo in cui desideri gestire la tua farmacia. Cos\u00ec facile da imparare e da usare. Il loro helpdesk \u00e8 cos\u00ec disponibile e ben informato. Non ho incontrato nessuno a DataScan che non sia utile o amichevole. \u00a0Onesti e sempre pronti ad aiutare.<\/p>\n<p><strong>Contro: <\/strong>Come ho detto nei miei commenti pro. Non ho nulla di negativo da dire su DataScan. Vuoi l&#8217;assistenza clienti, non cercare oltre.<\/p>\n<p class=\"font-weight-bold mb-1 d-flex align-items-center\"><strong>Alisa S.&#8221;Ottimo software!&#8221;<\/strong><\/p>\n<p><strong>Commenti: <\/strong>\u00c8 stato fantastico!! Abbiamo molte esigenze uniche tra Retail e Long Term Care e DataScan ha lavorato con noi in ogni fase del processo.<\/p>\n<p><strong>Pro: <\/strong>La loro disponibilit\u00e0 ad ascoltare i nostri bisogni, portare a termine i compiti che gli sono stati assegnati e supportarci quando ne abbiamo bisogno!<\/p>\n<p><strong>Contro: <\/strong>DataScan migliora sempre il proprio software per soddisfare le nostre esigenze e ascolta i TUOI suggerimenti per migliorare<\/p>\n<p class=\"font-weight-bold mb-1 d-flex align-items-center\"><strong>Charles T.&#8221;Cambiare software in caso di pandemia&#8221;<\/strong><\/p>\n<p><strong>Commenti: <\/strong>Grandi capacit\u00e0 di reporting, facilit\u00e0 d&#8217;uso del programma in generale, molto facile da usare<\/p>\n<p><strong>Pro: <\/strong>Essendo passato a Datascan in un anno di pandemia, il software ci ha reso molto pi\u00f9 semplice coordinare la consegna e la spedizione tempestive dei riempimenti dei farmaci, in particolare dei composti pediatrici. Molte delle nostre famiglie con bambini piccoli, trasferite temporaneamente o permanentemente durante il COVID, ed essere in grado di prevedere e anticipare le loro esigenze di prescrizione facendo clic su &#8220;Visualizza registro Rx giornaliero&#8221; ha aiutato enormemente. Trovo anche le note del paziente e le annotazioni E-Rx estremamente preziose nel contesto della compilazione di prescrizioni composte che non sempre risultano chiaramente tramite la prescrizione elettronica. Aggiungere e creare composti \u00e8 un gioco da ragazzi!<\/p>\n<p><strong>Contro: <\/strong>All&#8217;inizio pensavo che il sistema si bloccasse troppo spesso, ma poi mi sono reso conto che alcuni computer funzionavano ancora con Windows 7! PER FAVORE, aggiorna a Windows 10 Pro prima di fare qualsiasi cosa<\/p>\n","protected":false},"excerpt":{"rendered":"<p>Winpharm \u00e8 un software di gestione delle farmacie progettato per aiutare i dispensari, le farmacie indipendenti e di assistenza a lungo termine (LTC), i medici e gli ospedali a gestire la fatturazione, le vendite, gli acquisti, le prescrizioni, le ricariche e altro ancora. Consente agli utenti di creare piani eCare personalizzati, definire obiettivi, valutare problemi e impostare avvisi di follow-up per i pazienti<\/p>\n","protected":false},"author":16,"featured_media":46943,"parent":46849,"menu_order":0,"comment_status":"open","ping_status":"closed","template":"g1_template_page_review_new.php","meta":{"_acf_changed":false,"cwp_meta_box_check":"Yes","cwp_rev_product_name":"","cwp_rev_product_image":"","wppr_links":[],"cwp_rev_price":"","wppr_options":[],"wppr_pros":[],"wppr_cons":[],"_monsterinsights_skip_tracking":false,"_monsterinsights_sitenote_active":false,"_monsterinsights_sitenote_note":"","_monsterinsights_sitenote_category":0,"footnotes":""},"categories":[10939],"tags":[10943,10966,10965,10947,10946,10978],"features":[],"class_list":{"0":"post-46942","1":"page","2":"type-page","3":"status-publish","4":"has-post-thumbnail","6":"category-gestionali-farmacie-cat","7":"tag-gestionale-farmacie","8":"tag-piattaforma-gestionale-farmacie","9":"tag-programma-gestionale-farmacie","10":"tag-software-gestionale-farmacie","11":"tag-soluzione-gestionale-farmacie","12":"tag-winpharm"},"wppr_data":{"cwp_meta_box_check":"Yes","cwp_rev_product_name":"","cwp_rev_product_image":"","cwp_image_link":"image","cwp_rev_price":"","wppr_rating":"0.00"},"acf":[],"yoast_head":"<!-- This site is optimized with the Yoast SEO plugin v27.4 - https:\/\/yoast.com\/product\/yoast-seo-wordpress\/ -->\n<title>Winpharm: recensione software gestione farmacie - Accurate Reviews<\/title>\n<meta name=\"description\" content=\"Winpharm: recensione software di gestione delle farmacie progettato per aiutare i dispensari, le farmacie indipendenti e molti altri clienti.\" \/>\n<meta name=\"robots\" content=\"index, follow, max-snippet:-1, max-image-preview:large, max-video-preview:-1\" \/>\n<link rel=\"canonical\" href=\"https:\/\/www.accuratereviews.com\/it\/gestionali-farmacie\/winpharm-recensione\/\" \/>\n<meta property=\"og:locale\" content=\"it_IT\" \/>\n<meta property=\"og:type\" content=\"article\" \/>\n<meta property=\"og:title\" content=\"Winpharm: recensione software gestione farmacie - Accurate Reviews\" \/>\n<meta property=\"og:description\" content=\"Winpharm: recensione software di gestione delle farmacie progettato per aiutare i dispensari, le farmacie indipendenti e molti altri clienti.\" \/>\n<meta property=\"og:url\" content=\"https:\/\/www.accuratereviews.com\/it\/gestionali-farmacie\/winpharm-recensione\/\" \/>\n<meta property=\"og:site_name\" content=\"Accurate Reviews\" \/>\n<meta property=\"og:image\" content=\"https:\/\/www.accuratereviews.com\/wp-content\/uploads\/2021\/08\/Schermata-2021-08-25-alle-09.31.51.png\" \/>\n\t<meta property=\"og:image:width\" content=\"618\" \/>\n\t<meta property=\"og:image:height\" content=\"248\" \/>\n\t<meta property=\"og:image:type\" content=\"image\/png\" \/>\n<meta name=\"twitter:card\" content=\"summary_large_image\" \/>\n<meta name=\"twitter:label1\" content=\"Tempo di lettura stimato\" \/>\n\t<meta name=\"twitter:data1\" content=\"3 minuti\" \/>\n<script type=\"application\/ld+json\" class=\"yoast-schema-graph\">{\"@context\":\"https:\\\/\\\/schema.org\",\"@graph\":[{\"@type\":\"WebPage\",\"@id\":\"https:\\\/\\\/www.accuratereviews.com\\\/it\\\/gestionali-farmacie\\\/winpharm-recensione\\\/\",\"url\":\"https:\\\/\\\/www.accuratereviews.com\\\/it\\\/gestionali-farmacie\\\/winpharm-recensione\\\/\",\"name\":\"Winpharm: recensione software gestione farmacie - Accurate Reviews\",\"isPartOf\":{\"@id\":\"https:\\\/\\\/www.accuratereviews.com\\\/it\\\/#website\"},\"primaryImageOfPage\":{\"@id\":\"https:\\\/\\\/www.accuratereviews.com\\\/it\\\/gestionali-farmacie\\\/winpharm-recensione\\\/#primaryimage\"},\"image\":{\"@id\":\"https:\\\/\\\/www.accuratereviews.com\\\/it\\\/gestionali-farmacie\\\/winpharm-recensione\\\/#primaryimage\"},\"thumbnailUrl\":\"https:\\\/\\\/www.accuratereviews.com\\\/wp-content\\\/uploads\\\/2021\\\/08\\\/Schermata-2021-08-25-alle-09.31.51.png\",\"datePublished\":\"2021-08-25T12:17:08+00:00\",\"description\":\"Winpharm: recensione software di gestione delle farmacie progettato per aiutare i dispensari, le farmacie indipendenti e molti altri clienti.\",\"breadcrumb\":{\"@id\":\"https:\\\/\\\/www.accuratereviews.com\\\/it\\\/gestionali-farmacie\\\/winpharm-recensione\\\/#breadcrumb\"},\"inLanguage\":\"it-IT\",\"potentialAction\":[{\"@type\":\"ReadAction\",\"target\":[\"https:\\\/\\\/www.accuratereviews.com\\\/it\\\/gestionali-farmacie\\\/winpharm-recensione\\\/\"]}]},{\"@type\":\"ImageObject\",\"inLanguage\":\"it-IT\",\"@id\":\"https:\\\/\\\/www.accuratereviews.com\\\/it\\\/gestionali-farmacie\\\/winpharm-recensione\\\/#primaryimage\",\"url\":\"https:\\\/\\\/www.accuratereviews.com\\\/wp-content\\\/uploads\\\/2021\\\/08\\\/Schermata-2021-08-25-alle-09.31.51.png\",\"contentUrl\":\"https:\\\/\\\/www.accuratereviews.com\\\/wp-content\\\/uploads\\\/2021\\\/08\\\/Schermata-2021-08-25-alle-09.31.51.png\",\"width\":618,\"height\":248},{\"@type\":\"BreadcrumbList\",\"@id\":\"https:\\\/\\\/www.accuratereviews.com\\\/it\\\/gestionali-farmacie\\\/winpharm-recensione\\\/#breadcrumb\",\"itemListElement\":[{\"@type\":\"ListItem\",\"position\":1,\"name\":\"Home\",\"item\":\"https:\\\/\\\/www.accuratereviews.com\\\/it\\\/\"},{\"@type\":\"ListItem\",\"position\":2,\"name\":\"Gestionali per farmacie\",\"item\":\"https:\\\/\\\/www.accuratereviews.com\\\/it\\\/gestionali-farmacie\\\/\"},{\"@type\":\"ListItem\",\"position\":3,\"name\":\"Winpharm\"}]},{\"@type\":\"WebSite\",\"@id\":\"https:\\\/\\\/www.accuratereviews.com\\\/it\\\/#website\",\"url\":\"https:\\\/\\\/www.accuratereviews.com\\\/it\\\/\",\"name\":\"Accurate Reviews\",\"description\":\"\",\"potentialAction\":[{\"@type\":\"SearchAction\",\"target\":{\"@type\":\"EntryPoint\",\"urlTemplate\":\"https:\\\/\\\/www.accuratereviews.com\\\/it\\\/?s={search_term_string}\"},\"query-input\":{\"@type\":\"PropertyValueSpecification\",\"valueRequired\":true,\"valueName\":\"search_term_string\"}}],\"inLanguage\":\"it-IT\"}]}<\/script>\n<!-- \/ Yoast SEO plugin. -->","yoast_head_json":{"title":"Winpharm: recensione software gestione farmacie - Accurate Reviews","description":"Winpharm: recensione software di gestione delle farmacie progettato per aiutare i dispensari, le farmacie indipendenti e molti altri clienti.","robots":{"index":"index","follow":"follow","max-snippet":"max-snippet:-1","max-image-preview":"max-image-preview:large","max-video-preview":"max-video-preview:-1"},"canonical":"https:\/\/www.accuratereviews.com\/it\/gestionali-farmacie\/winpharm-recensione\/","og_locale":"it_IT","og_type":"article","og_title":"Winpharm: recensione software gestione farmacie - Accurate Reviews","og_description":"Winpharm: recensione software di gestione delle farmacie progettato per aiutare i dispensari, le farmacie indipendenti e molti altri clienti.","og_url":"https:\/\/www.accuratereviews.com\/it\/gestionali-farmacie\/winpharm-recensione\/","og_site_name":"Accurate Reviews","og_image":[{"width":618,"height":248,"url":"https:\/\/www.accuratereviews.com\/wp-content\/uploads\/2021\/08\/Schermata-2021-08-25-alle-09.31.51.png","type":"image\/png"}],"twitter_card":"summary_large_image","twitter_misc":{"Tempo di lettura stimato":"3 minuti"},"schema":{"@context":"https:\/\/schema.org","@graph":[{"@type":"WebPage","@id":"https:\/\/www.accuratereviews.com\/it\/gestionali-farmacie\/winpharm-recensione\/","url":"https:\/\/www.accuratereviews.com\/it\/gestionali-farmacie\/winpharm-recensione\/","name":"Winpharm: recensione software gestione farmacie - Accurate Reviews","isPartOf":{"@id":"https:\/\/www.accuratereviews.com\/it\/#website"},"primaryImageOfPage":{"@id":"https:\/\/www.accuratereviews.com\/it\/gestionali-farmacie\/winpharm-recensione\/#primaryimage"},"image":{"@id":"https:\/\/www.accuratereviews.com\/it\/gestionali-farmacie\/winpharm-recensione\/#primaryimage"},"thumbnailUrl":"https:\/\/www.accuratereviews.com\/wp-content\/uploads\/2021\/08\/Schermata-2021-08-25-alle-09.31.51.png","datePublished":"2021-08-25T12:17:08+00:00","description":"Winpharm: recensione software di gestione delle farmacie progettato per aiutare i dispensari, le farmacie indipendenti e molti altri clienti.","breadcrumb":{"@id":"https:\/\/www.accuratereviews.com\/it\/gestionali-farmacie\/winpharm-recensione\/#breadcrumb"},"inLanguage":"it-IT","potentialAction":[{"@type":"ReadAction","target":["https:\/\/www.accuratereviews.com\/it\/gestionali-farmacie\/winpharm-recensione\/"]}]},{"@type":"ImageObject","inLanguage":"it-IT","@id":"https:\/\/www.accuratereviews.com\/it\/gestionali-farmacie\/winpharm-recensione\/#primaryimage","url":"https:\/\/www.accuratereviews.com\/wp-content\/uploads\/2021\/08\/Schermata-2021-08-25-alle-09.31.51.png","contentUrl":"https:\/\/www.accuratereviews.com\/wp-content\/uploads\/2021\/08\/Schermata-2021-08-25-alle-09.31.51.png","width":618,"height":248},{"@type":"BreadcrumbList","@id":"https:\/\/www.accuratereviews.com\/it\/gestionali-farmacie\/winpharm-recensione\/#breadcrumb","itemListElement":[{"@type":"ListItem","position":1,"name":"Home","item":"https:\/\/www.accuratereviews.com\/it\/"},{"@type":"ListItem","position":2,"name":"Gestionali per farmacie","item":"https:\/\/www.accuratereviews.com\/it\/gestionali-farmacie\/"},{"@type":"ListItem","position":3,"name":"Winpharm"}]},{"@type":"WebSite","@id":"https:\/\/www.accuratereviews.com\/it\/#website","url":"https:\/\/www.accuratereviews.com\/it\/","name":"Accurate Reviews","description":"","potentialAction":[{"@type":"SearchAction","target":{"@type":"EntryPoint","urlTemplate":"https:\/\/www.accuratereviews.com\/it\/?s={search_term_string}"},"query-input":{"@type":"PropertyValueSpecification","valueRequired":true,"valueName":"search_term_string"}}],"inLanguage":"it-IT"}]}},"_links":{"self":[{"href":"https:\/\/www.accuratereviews.com\/it\/wp-json\/wp\/v2\/pages\/46942","targetHints":{"allow":["GET"]}}],"collection":[{"href":"https:\/\/www.accuratereviews.com\/it\/wp-json\/wp\/v2\/pages"}],"about":[{"href":"https:\/\/www.accuratereviews.com\/it\/wp-json\/wp\/v2\/types\/page"}],"author":[{"embeddable":true,"href":"https:\/\/www.accuratereviews.com\/it\/wp-json\/wp\/v2\/users\/16"}],"replies":[{"embeddable":true,"href":"https:\/\/www.accuratereviews.com\/it\/wp-json\/wp\/v2\/comments?post=46942"}],"version-history":[{"count":6,"href":"https:\/\/www.accuratereviews.com\/it\/wp-json\/wp\/v2\/pages\/46942\/revisions"}],"predecessor-version":[{"id":46978,"href":"https:\/\/www.accuratereviews.com\/it\/wp-json\/wp\/v2\/pages\/46942\/revisions\/46978"}],"up":[{"embeddable":true,"href":"https:\/\/www.accuratereviews.com\/it\/wp-json\/wp\/v2\/pages\/46849"}],"wp:featuredmedia":[{"embeddable":true,"href":"https:\/\/www.accuratereviews.com\/it\/wp-json\/wp\/v2\/media\/46943"}],"wp:attachment":[{"href":"https:\/\/www.accuratereviews.com\/it\/wp-json\/wp\/v2\/media?parent=46942"}],"wp:term":[{"taxonomy":"category","embeddable":true,"href":"https:\/\/www.accuratereviews.com\/it\/wp-json\/wp\/v2\/categories?post=46942"},{"taxonomy":"post_tag","embeddable":true,"href":"https:\/\/www.accuratereviews.com\/it\/wp-json\/wp\/v2\/tags?post=46942"},{"taxonomy":"features","embeddable":true,"href":"https:\/\/www.accuratereviews.com\/it\/wp-json\/wp\/v2\/features?post=46942"}],"curies":[{"name":"wp","href":"https:\/\/api.w.org\/{rel}","templated":true}]}}