{"id":46949,"date":"2021-08-25T12:13:34","date_gmt":"2021-08-25T12:13:34","guid":{"rendered":"https:\/\/www.accuratereviews.com\/?page_id=46949"},"modified":"2021-08-25T12:13:34","modified_gmt":"2021-08-25T12:13:34","slug":"pioneerrx-recensione","status":"publish","type":"page","link":"https:\/\/www.accuratereviews.com\/it\/gestionali-farmacie\/pioneerrx-recensione\/","title":{"rendered":"PioneerRx"},"content":{"rendered":"<p><strong>PioneerRx<\/strong> \u00e8 una <strong>soluzione di gestione delle farmacie<\/strong>\u00a0che aiuta le strutture indipendenti a gestire la propria impresa supportando le attivit\u00e0 quotidiane. Pu\u00f2 essere distribuito <strong>on-premise<\/strong> o nel <strong>cloud<\/strong>. Le caratteristiche principali sono la gestione della terapia farmacologica (MTM), i controlli finanziari, la gestione dell&#8217;inventario, il punto vendita (POS) e il reporting. Il software dispone di un programma di sincronizzazione dei farmaci integrato che consente agli utenti di tenere traccia del ciclo di prescrizione dei pazienti. La funzione MTM consente agli utenti di monitorare il livello di aderenza dei propri pazienti ai farmaci prescritti e di generare avvisi in caso di mancato riscontro. <strong>PioneerRx<\/strong> aiuta a monitorare i dati finanziari come i crediti commerciali, l&#8217;analisi dei prezzi in contanti e la riconciliazione di terze parti. Il modulo di gestione dell&#8217;inventario aiuta nell&#8217;ordinazione basata sull&#8217;utilizzo, nel monitoraggio dei prestiti e nei punti di riordino automatico.<\/p>\n<h2>PIONEERRX &#8211; TUTORIAL<\/h2>\n<p>L&#8217;interfaccia \u00e8 perfettamente integrata per fornire il miglior flusso di lavoro possibile per accedere a dati clinici pi\u00f9 rilevanti e identificare opportunit\u00e0 mancate e lacune nella copertura vaccinale dei pazienti. Guardiamo insieme il tutorial:<\/p>\n<div id=\"fluid-wrapper-counter-1\" class=\"g1-fluid-wrapper \" style=\"width:686px;\">\n<div style=\"padding-bottom:56.268221574344%;\"><iframe loading=\"lazy\" title=\"ImmsLink - PioneerRx Immunization Interface Demo\" width=\"686\" height=\"386\" src=\"https:\/\/www.youtube.com\/embed\/SJbpwtlDRiI?feature=oembed&amp;wmode=transparent&amp;autohide=1&amp;autoplay=0&amp;disablekb=0&amp;fs=1&amp;loop=0&amp;enablejsapi=1&amp;rel=0&amp;controls=2&amp;showinfo=0&amp;wmode=transparent&amp;autohide=2&amp;autoplay=0&amp;disablekb=0&amp;fs=1&amp;loop=0&amp;enablejsapi=1&amp;rel=0&amp;controls=2&amp;showinfo=1\" frameborder=\"0\" allow=\"accelerometer; autoplay; clipboard-write; encrypted-media; gyroscope; picture-in-picture\" allowfullscreen><\/iframe><\/div>\n<\/div>\n<h3>PIONEERRX &#8211; CARATTERISTICHE<\/h3>\n<ul>\n<li>Migliora i risultati dei pazienti monitorando e coordinando i farmaci nel software con funzionalit\u00e0 integrate per l&#8217;aderenza, i punteggi di rischio del paziente, MTM, Med Sync e altro ancora<\/li>\n<li>Il flusso di lavoro personalizzabile e intuitivo ti consente di gestire la tua farmacia nel modo che funziona meglio per te. Rendendo i processi pi\u00f9 efficienti, puoi fare di pi\u00f9 per la tua azienda e per i tuoi pazienti<\/li>\n<li>Avere un inventario ben gestito \u00e8 la base di un&#8217;attivit\u00e0 farmaceutica di successo. Automatizza gli ordini e gestisci con facilit\u00e0 anche gli inventari pi\u00f9 complicati<\/li>\n<li>Non perdere le opportunit\u00e0 per migliorare i tuoi profitti. Il software dispone di solidi report per darti informazioni dettagliate su ogni aspetto della tua attivit\u00e0<\/li>\n<li>Gestisci la tua composizione direttamente all&#8217;interno del flusso di lavoro. Tieni traccia dell&#8217;inventario dei composti, valuta accuratamente i farmaci e fattura correttamente per il massimo rimborso<\/li>\n<li>Estendi la tua portata oltre la tua farmacia. Semplifica il riempimento del ciclo, gestisci la fatturazione della struttura e genera MAR personalizzati e ordini medici in base alle esigenze e alla struttura uniche di ciascuna struttura<\/li>\n<li>A ogni farmacia viene assegnato un team di supporto composto da tecnici farmaceutici certificati, specialisti contabili e supporto hardware<\/li>\n<\/ul>\n<h4>LE RECENSIONI DEGLI UTENTI<\/h4>\n<p class=\"font-weight-bold mb-1 d-flex align-items-center\"><strong>Terry M.&#8221;Nessun pacchetto softward perfetto, ma questo \u00e8 il pi\u00f9 vicino che ho usato.&#8221;<\/strong><\/p>\n<p><strong>Pro: <\/strong>Interfaccia e lungimiranza. Per la maggior parte tutto \u00e8 intuitivo. Il funzionamento \u00e8 praticamente impeccabile, il che \u00e8 sorprendente su una piattaforma Windows, molto stabile. Anche se utilizziamo principalmente il supporto interno, Pioneer \u00e8 molto reattivo quando viene richiesto.<\/p>\n<p><strong>Contro: <\/strong>Le miniature delle pillole a risoluzione pi\u00f9 elevata sono necessarie: il contrasto in alcuni casi \u00e8 scarso e rende difficile la lettura dell&#8217;imprinting.<\/p>\n<p class=\"font-weight-bold mb-1 d-flex align-items-center\"><strong>Raaed H.&#8221;Ottimo software per farmacia e servizio clienti. Molto felice del mio passaggio a pioneere&#8221;<\/strong><\/p>\n<p><strong>Pro: <\/strong>Pioneer \u00e8 facile da usare e offre un ottimo servizio clienti quando \u00e8 necessario. \u00c8 basato su Windows, quindi chiunque abbia competenze informatiche di base pu\u00f2 utilizzare questo sistema e gestirlo. Pioneer ha molte fantastiche funzionalit\u00e0 che coprono tonnellate di casi diversi che una farmacia o un farmacista\/tecnico possono affrontare o sperimentare<\/p>\n<p><strong>Contro: <\/strong>Gli schermi a volte possono essere un po&#8217; occupati. Vorrei che la schermata iniziale fosse un po&#8217; pi\u00f9 efficiente. Credo che la schermata iniziale sia una schermata &#8220;morta&#8221; e possa essere utilizzata un po&#8217; meglio<\/p>\n<h5 class=\"font-weight-bold mb-1 d-flex align-items-center\">Kara B.&#8221;PioneerRx offre ai nostri farmacisti gli strumenti necessari per fornire cure di altissimo livello!&#8221;<\/h5>\n<p><strong>Commenti: <\/strong>Gestione centralizzata di numerosi negozi e livello superiore di assistenza farmaceutica grazie a dati di facile utilizzo e flusso di lavoro personalizzabile.<\/p>\n<p><strong>Pro: <\/strong>Le numerose opzioni del flusso di lavoro ti consentono di personalizzare il flusso di lavoro per soddisfare le esigenze uniche del tuo negozio e il servizio clienti ti supporta in ogni fase del processo!<\/p>\n<p><strong>Contro: <\/strong>La conversione da RX30 a PioneerRx \u00e8 stata difficile. Non credo che avremmo potuto pianificare meglio e ancora ci sono stati problemi. Dopo 11 mesi su PioneerRx dobbiamo ancora avere l&#8217;accesso RX30 per scopi di audit perch\u00e9 gli escript non sono stati trasferiti in un formato utilizzabile.<\/p>\n","protected":false},"excerpt":{"rendered":"<p>PioneerRx \u00e8 una soluzione di gestione della farmacia che aiuta le farmacie indipendenti a gestire la propria attivit\u00e0 supportando le attivit\u00e0 quotidiane. Pu\u00f2 essere distribuito on-premise o nel cloud. Le caratteristiche principali sono la gestione della terapia farmacologica (MTM), i controlli finanziari, la gestione dell&#8217;inventario, il punto vendita (POS) e il reporting.<\/p>\n","protected":false},"author":16,"featured_media":46955,"parent":46849,"menu_order":0,"comment_status":"open","ping_status":"closed","template":"g1_template_page_review_new.php","meta":{"_acf_changed":false,"cwp_meta_box_check":"Yes","cwp_rev_product_name":"","cwp_rev_product_image":"","wppr_links":[],"cwp_rev_price":"","wppr_options":[],"wppr_pros":[],"wppr_cons":[],"_monsterinsights_skip_tracking":false,"_monsterinsights_sitenote_active":false,"_monsterinsights_sitenote_note":"","_monsterinsights_sitenote_category":0,"footnotes":""},"categories":[10939],"tags":[10972,10975,10977,10974,10976,10973],"features":[],"class_list":{"0":"post-46949","1":"page","2":"type-page","3":"status-publish","4":"has-post-thumbnail","6":"category-gestionali-farmacie-cat","7":"tag-gestionale-per-farmacie","8":"tag-piattaforma-gestionale-per-farmacie","9":"tag-pioneerrx","10":"tag-programma-gestionale-per-farmacie","11":"tag-software-gestionale-per-farmacie","12":"tag-soluzione-gestionale-per-farmacie"},"wppr_data":{"cwp_meta_box_check":"Yes","cwp_rev_product_name":"","cwp_rev_product_image":"","cwp_image_link":"image","cwp_rev_price":"","wppr_rating":"0.00"},"acf":[],"yoast_head":"<!-- This site is optimized with the Yoast SEO plugin v27.4 - https:\/\/yoast.com\/product\/yoast-seo-wordpress\/ -->\n<title>PioneerRx: recensione software gestionale farmacie - Accurate Reviews<\/title>\n<meta name=\"description\" content=\"PioneerRx: recensione soluzione di gestione della farmacia che aiuta ad amministrare la propria impresa supportando le attivit\u00e0 quotidiane.\" \/>\n<meta name=\"robots\" content=\"index, follow, max-snippet:-1, max-image-preview:large, max-video-preview:-1\" \/>\n<link rel=\"canonical\" href=\"https:\/\/www.accuratereviews.com\/it\/gestionali-farmacie\/pioneerrx-recensione\/\" \/>\n<meta property=\"og:locale\" content=\"it_IT\" \/>\n<meta property=\"og:type\" content=\"article\" \/>\n<meta property=\"og:title\" content=\"PioneerRx: recensione software gestionale farmacie - Accurate Reviews\" \/>\n<meta property=\"og:description\" content=\"PioneerRx: recensione soluzione di gestione della farmacia che aiuta ad amministrare la propria impresa supportando le attivit\u00e0 quotidiane.\" \/>\n<meta property=\"og:url\" content=\"https:\/\/www.accuratereviews.com\/it\/gestionali-farmacie\/pioneerrx-recensione\/\" \/>\n<meta property=\"og:site_name\" content=\"Accurate Reviews\" \/>\n<meta property=\"og:image\" content=\"https:\/\/www.accuratereviews.com\/wp-content\/uploads\/2021\/08\/PioneerRx2.jpeg\" \/>\n\t<meta property=\"og:image:width\" content=\"400\" \/>\n\t<meta property=\"og:image:height\" content=\"400\" \/>\n\t<meta property=\"og:image:type\" content=\"image\/jpeg\" \/>\n<meta name=\"twitter:card\" content=\"summary_large_image\" \/>\n<meta name=\"twitter:label1\" content=\"Tempo di lettura stimato\" \/>\n\t<meta name=\"twitter:data1\" content=\"4 minuti\" \/>\n<script type=\"application\/ld+json\" class=\"yoast-schema-graph\">{\"@context\":\"https:\\\/\\\/schema.org\",\"@graph\":[{\"@type\":\"WebPage\",\"@id\":\"https:\\\/\\\/www.accuratereviews.com\\\/it\\\/gestionali-farmacie\\\/pioneerrx-recensione\\\/\",\"url\":\"https:\\\/\\\/www.accuratereviews.com\\\/it\\\/gestionali-farmacie\\\/pioneerrx-recensione\\\/\",\"name\":\"PioneerRx: recensione software gestionale farmacie - Accurate Reviews\",\"isPartOf\":{\"@id\":\"https:\\\/\\\/www.accuratereviews.com\\\/it\\\/#website\"},\"primaryImageOfPage\":{\"@id\":\"https:\\\/\\\/www.accuratereviews.com\\\/it\\\/gestionali-farmacie\\\/pioneerrx-recensione\\\/#primaryimage\"},\"image\":{\"@id\":\"https:\\\/\\\/www.accuratereviews.com\\\/it\\\/gestionali-farmacie\\\/pioneerrx-recensione\\\/#primaryimage\"},\"thumbnailUrl\":\"https:\\\/\\\/www.accuratereviews.com\\\/wp-content\\\/uploads\\\/2021\\\/08\\\/PioneerRx2.jpeg\",\"datePublished\":\"2021-08-25T12:13:34+00:00\",\"description\":\"PioneerRx: recensione soluzione di gestione della farmacia che aiuta ad amministrare la propria impresa supportando le attivit\u00e0 quotidiane.\",\"breadcrumb\":{\"@id\":\"https:\\\/\\\/www.accuratereviews.com\\\/it\\\/gestionali-farmacie\\\/pioneerrx-recensione\\\/#breadcrumb\"},\"inLanguage\":\"it-IT\",\"potentialAction\":[{\"@type\":\"ReadAction\",\"target\":[\"https:\\\/\\\/www.accuratereviews.com\\\/it\\\/gestionali-farmacie\\\/pioneerrx-recensione\\\/\"]}]},{\"@type\":\"ImageObject\",\"inLanguage\":\"it-IT\",\"@id\":\"https:\\\/\\\/www.accuratereviews.com\\\/it\\\/gestionali-farmacie\\\/pioneerrx-recensione\\\/#primaryimage\",\"url\":\"https:\\\/\\\/www.accuratereviews.com\\\/wp-content\\\/uploads\\\/2021\\\/08\\\/PioneerRx2.jpeg\",\"contentUrl\":\"https:\\\/\\\/www.accuratereviews.com\\\/wp-content\\\/uploads\\\/2021\\\/08\\\/PioneerRx2.jpeg\",\"width\":400,\"height\":400},{\"@type\":\"BreadcrumbList\",\"@id\":\"https:\\\/\\\/www.accuratereviews.com\\\/it\\\/gestionali-farmacie\\\/pioneerrx-recensione\\\/#breadcrumb\",\"itemListElement\":[{\"@type\":\"ListItem\",\"position\":1,\"name\":\"Home\",\"item\":\"https:\\\/\\\/www.accuratereviews.com\\\/it\\\/\"},{\"@type\":\"ListItem\",\"position\":2,\"name\":\"Gestionali per farmacie\",\"item\":\"https:\\\/\\\/www.accuratereviews.com\\\/it\\\/gestionali-farmacie\\\/\"},{\"@type\":\"ListItem\",\"position\":3,\"name\":\"PioneerRx\"}]},{\"@type\":\"WebSite\",\"@id\":\"https:\\\/\\\/www.accuratereviews.com\\\/it\\\/#website\",\"url\":\"https:\\\/\\\/www.accuratereviews.com\\\/it\\\/\",\"name\":\"Accurate Reviews\",\"description\":\"\",\"potentialAction\":[{\"@type\":\"SearchAction\",\"target\":{\"@type\":\"EntryPoint\",\"urlTemplate\":\"https:\\\/\\\/www.accuratereviews.com\\\/it\\\/?s={search_term_string}\"},\"query-input\":{\"@type\":\"PropertyValueSpecification\",\"valueRequired\":true,\"valueName\":\"search_term_string\"}}],\"inLanguage\":\"it-IT\"}]}<\/script>\n<!-- \/ Yoast SEO plugin. -->","yoast_head_json":{"title":"PioneerRx: recensione software gestionale farmacie - Accurate Reviews","description":"PioneerRx: recensione soluzione di gestione della farmacia che aiuta ad amministrare la propria impresa supportando le attivit\u00e0 quotidiane.","robots":{"index":"index","follow":"follow","max-snippet":"max-snippet:-1","max-image-preview":"max-image-preview:large","max-video-preview":"max-video-preview:-1"},"canonical":"https:\/\/www.accuratereviews.com\/it\/gestionali-farmacie\/pioneerrx-recensione\/","og_locale":"it_IT","og_type":"article","og_title":"PioneerRx: recensione software gestionale farmacie - Accurate Reviews","og_description":"PioneerRx: recensione soluzione di gestione della farmacia che aiuta ad amministrare la propria impresa supportando le attivit\u00e0 quotidiane.","og_url":"https:\/\/www.accuratereviews.com\/it\/gestionali-farmacie\/pioneerrx-recensione\/","og_site_name":"Accurate Reviews","og_image":[{"width":400,"height":400,"url":"https:\/\/www.accuratereviews.com\/wp-content\/uploads\/2021\/08\/PioneerRx2.jpeg","type":"image\/jpeg"}],"twitter_card":"summary_large_image","twitter_misc":{"Tempo di lettura stimato":"4 minuti"},"schema":{"@context":"https:\/\/schema.org","@graph":[{"@type":"WebPage","@id":"https:\/\/www.accuratereviews.com\/it\/gestionali-farmacie\/pioneerrx-recensione\/","url":"https:\/\/www.accuratereviews.com\/it\/gestionali-farmacie\/pioneerrx-recensione\/","name":"PioneerRx: recensione software gestionale farmacie - Accurate Reviews","isPartOf":{"@id":"https:\/\/www.accuratereviews.com\/it\/#website"},"primaryImageOfPage":{"@id":"https:\/\/www.accuratereviews.com\/it\/gestionali-farmacie\/pioneerrx-recensione\/#primaryimage"},"image":{"@id":"https:\/\/www.accuratereviews.com\/it\/gestionali-farmacie\/pioneerrx-recensione\/#primaryimage"},"thumbnailUrl":"https:\/\/www.accuratereviews.com\/wp-content\/uploads\/2021\/08\/PioneerRx2.jpeg","datePublished":"2021-08-25T12:13:34+00:00","description":"PioneerRx: recensione soluzione di gestione della farmacia che aiuta ad amministrare la propria impresa supportando le attivit\u00e0 quotidiane.","breadcrumb":{"@id":"https:\/\/www.accuratereviews.com\/it\/gestionali-farmacie\/pioneerrx-recensione\/#breadcrumb"},"inLanguage":"it-IT","potentialAction":[{"@type":"ReadAction","target":["https:\/\/www.accuratereviews.com\/it\/gestionali-farmacie\/pioneerrx-recensione\/"]}]},{"@type":"ImageObject","inLanguage":"it-IT","@id":"https:\/\/www.accuratereviews.com\/it\/gestionali-farmacie\/pioneerrx-recensione\/#primaryimage","url":"https:\/\/www.accuratereviews.com\/wp-content\/uploads\/2021\/08\/PioneerRx2.jpeg","contentUrl":"https:\/\/www.accuratereviews.com\/wp-content\/uploads\/2021\/08\/PioneerRx2.jpeg","width":400,"height":400},{"@type":"BreadcrumbList","@id":"https:\/\/www.accuratereviews.com\/it\/gestionali-farmacie\/pioneerrx-recensione\/#breadcrumb","itemListElement":[{"@type":"ListItem","position":1,"name":"Home","item":"https:\/\/www.accuratereviews.com\/it\/"},{"@type":"ListItem","position":2,"name":"Gestionali per farmacie","item":"https:\/\/www.accuratereviews.com\/it\/gestionali-farmacie\/"},{"@type":"ListItem","position":3,"name":"PioneerRx"}]},{"@type":"WebSite","@id":"https:\/\/www.accuratereviews.com\/it\/#website","url":"https:\/\/www.accuratereviews.com\/it\/","name":"Accurate Reviews","description":"","potentialAction":[{"@type":"SearchAction","target":{"@type":"EntryPoint","urlTemplate":"https:\/\/www.accuratereviews.com\/it\/?s={search_term_string}"},"query-input":{"@type":"PropertyValueSpecification","valueRequired":true,"valueName":"search_term_string"}}],"inLanguage":"it-IT"}]}},"_links":{"self":[{"href":"https:\/\/www.accuratereviews.com\/it\/wp-json\/wp\/v2\/pages\/46949","targetHints":{"allow":["GET"]}}],"collection":[{"href":"https:\/\/www.accuratereviews.com\/it\/wp-json\/wp\/v2\/pages"}],"about":[{"href":"https:\/\/www.accuratereviews.com\/it\/wp-json\/wp\/v2\/types\/page"}],"author":[{"embeddable":true,"href":"https:\/\/www.accuratereviews.com\/it\/wp-json\/wp\/v2\/users\/16"}],"replies":[{"embeddable":true,"href":"https:\/\/www.accuratereviews.com\/it\/wp-json\/wp\/v2\/comments?post=46949"}],"version-history":[{"count":9,"href":"https:\/\/www.accuratereviews.com\/it\/wp-json\/wp\/v2\/pages\/46949\/revisions"}],"predecessor-version":[{"id":46976,"href":"https:\/\/www.accuratereviews.com\/it\/wp-json\/wp\/v2\/pages\/46949\/revisions\/46976"}],"up":[{"embeddable":true,"href":"https:\/\/www.accuratereviews.com\/it\/wp-json\/wp\/v2\/pages\/46849"}],"wp:featuredmedia":[{"embeddable":true,"href":"https:\/\/www.accuratereviews.com\/it\/wp-json\/wp\/v2\/media\/46955"}],"wp:attachment":[{"href":"https:\/\/www.accuratereviews.com\/it\/wp-json\/wp\/v2\/media?parent=46949"}],"wp:term":[{"taxonomy":"category","embeddable":true,"href":"https:\/\/www.accuratereviews.com\/it\/wp-json\/wp\/v2\/categories?post=46949"},{"taxonomy":"post_tag","embeddable":true,"href":"https:\/\/www.accuratereviews.com\/it\/wp-json\/wp\/v2\/tags?post=46949"},{"taxonomy":"features","embeddable":true,"href":"https:\/\/www.accuratereviews.com\/it\/wp-json\/wp\/v2\/features?post=46949"}],"curies":[{"name":"wp","href":"https:\/\/api.w.org\/{rel}","templated":true}]}}