{"id":46992,"date":"2021-08-26T11:03:06","date_gmt":"2021-08-26T11:03:06","guid":{"rendered":"https:\/\/www.accuratereviews.com\/?page_id=46992"},"modified":"2021-08-26T11:03:06","modified_gmt":"2021-08-26T11:03:06","slug":"liberty-software-recensione","status":"publish","type":"page","link":"https:\/\/www.accuratereviews.com\/it\/gestionali-farmacie\/liberty-software-recensione\/","title":{"rendered":"Liberty Software"},"content":{"rendered":"<p><strong>Liberty Software<\/strong> offre una <strong>soluzione\u00a0di gestione della farmacia <\/strong>che comprende principalmente tre moduli integrati: gestione della farmacia, POS e modulo di gestione multi-negozio. Consente di progettare il proprio flusso di lavoro e configurare regole per vari controlli di prescrizione. I gestori del negozio possono inviare avvisi per promemoria di ricarica o notifiche di consegna ai propri clienti. La soluzione offre una dashboard intuitiva per i farmacisti che mostra le loro attivit\u00e0 quotidiane e le richieste imminenti che richiedono un&#8217;attenzione immediata. La funzionalit\u00e0 avanzata di gestione dei contenitori aiuta a tenere traccia della posizione di qualsiasi medicinale o farmaco all&#8217;interno della farmacia. Il modulo di gestione multi-negozio basato sul web consente il trasferimento delle prescrizioni all&#8217;interno delle farmacie collegate e la gestione dei prezzi in pi\u00f9 negozi.<\/p>\n<h2>LIBERTY SOFTWARE &#8211; TUTORIAL<\/h2>\n<p>Ecco un video in cui illustra le principali funzioni di questo <strong>software gestionale per farmacie<\/strong>:<\/p>\n<div id=\"fluid-wrapper-counter-1\" class=\"g1-fluid-wrapper \" style=\"width:686px;\">\n<div style=\"padding-bottom:56.268221574344%;\"><iframe loading=\"lazy\" title=\"Liberty Software - Pharmacy Software for Pharmacy Success\" width=\"686\" height=\"386\" src=\"https:\/\/www.youtube.com\/embed\/-7n7PCuRgIA?start=6&#038;feature=oembed&amp;wmode=transparent&amp;autohide=1&amp;autoplay=0&amp;disablekb=0&amp;fs=1&amp;loop=0&amp;enablejsapi=1&amp;rel=0&amp;controls=2&amp;showinfo=0&amp;wmode=transparent&amp;autohide=2&amp;autoplay=0&amp;disablekb=0&amp;fs=1&amp;loop=0&amp;enablejsapi=1&amp;rel=0&amp;controls=2&amp;showinfo=1\" frameborder=\"0\" allow=\"accelerometer; autoplay; clipboard-write; encrypted-media; gyroscope; picture-in-picture\" allowfullscreen><\/iframe><\/div>\n<\/div>\n<h3>LIBERTY SOFTWARE &#8211; CARATTERISTICHE<\/h3>\n<ul>\n<li><strong>Flusso di lavoro per adattarsi alla tua farmacia<\/strong>: il flusso di lavoro del software include RPh Check, Count Que, Final Product Check e fasi personalizzabili in modo da poter progettare il proprio flusso di lavoro per soddisfare le esigenze della farmacia<\/li>\n<li><strong>Avvisi ai pazienti tramite SMS ed email<\/strong>: invia automaticamente sms ed email ai tuoi pazienti con promemoria di ricarica, avvisi di prescrizione e messaggi di prescrizione in attesa. Migliora automaticamente il servizio clienti della tua farmacia<\/li>\n<li><strong>Dashboard del software della farmacia<\/strong>: ti aiuta a essere proattivo sulla tua valutazione a cinque stelle. La dashboard a cinque stelle, integrata nel software, calcola i tuoi numeri e ti aiuta a identificare i pazienti problematici<\/li>\n<li><strong>Fatti e confronti<\/strong>: risparmia tempo visualizzando i dati e i confronti sui farmaci integrati durante la compilazione delle prescrizioni e durante le fasi del flusso di lavoro di verifica del farmacista<\/li>\n<li><strong>Ricarica automatica e gestione:<\/strong> il software ha una serie di strumenti per essere proattivi con le ricariche dei tuoi pazienti, tra cui le ricariche automatiche e la gestione. Inoltre, i numeri di aderenza dei pazienti vengono visualizzati graficamente per una rapida consultazione<\/li>\n<li><strong>Compounding<\/strong>: il set di strumenti di composizione ti aiuta a creare e fatturare facilmente composti senza acquistare programmi o moduli separati<\/li>\n<li><strong>Gestione dei coupon di produzione<\/strong>: stupisci i tuoi pazienti impostando in anticipo i coupon di produzione. Allega coupon ai farmaci ed elaborali automaticamente durante la prescrizione<\/li>\n<li><strong>Controllo dell&#8217;inventario semplificato<\/strong>: il controllo dell&#8217;inventario di Liberty ti rimette in controllo con un &#8220;Want Book&#8221; facile da usare, supporto per pi\u00f9 fornitori e creazione automatica degli ordini, ordinazione integrata con i grossisti<\/li>\n<li><strong>Contabilit\u00e0 clienti<\/strong>: software per farmacia con contabilit\u00e0 clienti integrata e facile da usare. L&#8217;elaborazione \u00e8 rapida e le dichiarazioni possono essere ampiamente personalizzate per la tua farmacia<\/li>\n<li><strong>Rapporto di verifica assicurativa<\/strong>: risparmia ore con il rapporto di audit che ti aiuta a prepararti rapidamente per gli audit assicurativi. Trova le prescrizioni e stampa tutto ci\u00f2 di cui hai bisogno per molti audit con un unico rapporto<\/li>\n<li><strong>Etichette di prescrizione personalizzabili:<\/strong> offre la personalizzazione completa delle etichette della tua farmacia con il designer di etichette What-You-See-Is-What-You-Get<\/li>\n<li><strong>Gestione delle attivit\u00e0 in farmacia<\/strong>: pianifica una volta o ripeti le attivit\u00e0 per te stesso o per il personale. Mantieni organizzata la tua farmacia e fornisci un migliore follow-up ai tuoi pazienti<\/li>\n<li><strong>Monitorare le commissioni DIR<\/strong>: visualizza l&#8217;impatto delle commissioni DIR sulla tua farmacia con la funzione di gestione delle commissioni DIR<\/li>\n<li><strong>Visualizzazione dati flessibile<\/strong>: ti consente di approfondire i tuoi dati. Ordina, raggruppa e filtra per trovare rapidamente le risposte alle domande sulla tua attivit\u00e0<\/li>\n<\/ul>\n<h4>LE RECENSIONI DEGLI UTENTI<\/h4>\n<p class=\"font-weight-bold mb-1 d-flex align-items-center\"><strong>Jim M.&#8221;ok sistema&#8221;<\/strong><\/p>\n<p><strong>Commenti: <\/strong>non un sacco di cose all&#8217;avanguardia, sistema di base, lento a causa del mouse.<\/p>\n<p><strong>Pro: <\/strong>alcuni rapporti accurati e un sacco di analisi dei dati.<\/p>\n<p><strong>Contro: <\/strong>troppo mouse, rendendolo troppo lento.\u00a0I programmatori raramente effettuano aggiornamenti che migliorano il software. sistema molto mediocre<\/p>\n<h4 class=\"font-weight-bold mb-1 d-flex align-items-center\">Melody W.&#8221;HCPharm&#8221;<\/h4>\n<p><strong>Pro: <\/strong>Super facile da usare. Quando abbiamo studenti che ruotano, dicono sempre che \u00e8 uno dei sistemi, se non il pi\u00f9 facile da imparare. Mi piace anche poter richiedere nuove funzionalit\u00e0.<\/p>\n<p><strong>Contro: <\/strong>A volte si sono verificati alcuni problemi durante il rilascio degli aggiornamenti, ma di solito vengono risolti in modo tempestivo.<\/p>\n<p class=\"font-weight-bold mb-1 d-flex align-items-center\"><strong>Tyler M.&#8221;Intuitivo&#8221;<\/strong><\/p>\n<p><strong>Pro: <\/strong>La schermata iniziale, la schermata del farmaco e la schermata del paziente sono molto intuitive e facili da usare. Mi piacciono anche le visualizzazioni dei dati che possono essere personalizzate ed esportate per la manipolazione.<\/p>\n<p><strong>Contro: <\/strong>Probabilmente il processo per modificare le indicazioni su una prescrizione.<\/p>\n","protected":false},"excerpt":{"rendered":"<p>Liberty Software offre una soluzione\u00a0di gestione della farmacia che comprende principalmente tre moduli integrati: gestione della farmacia, POS \u00a0e modulo di gestione multi-negozio. Consente di progettare il proprio flusso di lavoro e configurare regole per vari controlli di prescrizione. I gestori del negozio possono inviare avvisi per promemoria di ricarica o notifiche di consegna ai propri clienti.<\/p>\n","protected":false},"author":16,"featured_media":46993,"parent":46849,"menu_order":0,"comment_status":"open","ping_status":"closed","template":"g1_template_page_review_new.php","meta":{"_acf_changed":false,"cwp_meta_box_check":"Yes","cwp_rev_product_name":"","cwp_rev_product_image":"","wppr_links":[],"cwp_rev_price":"","wppr_options":[],"wppr_pros":[],"wppr_cons":[],"_monsterinsights_skip_tracking":false,"_monsterinsights_sitenote_active":false,"_monsterinsights_sitenote_note":"","_monsterinsights_sitenote_category":0,"footnotes":""},"categories":[10939],"tags":[10943,10989,10993,10992,10991,10990],"features":[],"class_list":{"0":"post-46992","1":"page","2":"type-page","3":"status-publish","4":"has-post-thumbnail","6":"category-gestionali-farmacie-cat","7":"tag-gestionale-farmacie","8":"tag-liberty-software","9":"tag-piattaforma-gestione-farmacie","10":"tag-programma-gestione-farmacie","11":"tag-software-gestione-farmacie","12":"tag-soluzione-gestione-farmacie"},"wppr_data":{"cwp_meta_box_check":"Yes","cwp_rev_product_name":"","cwp_rev_product_image":"","cwp_image_link":"image","cwp_rev_price":"","wppr_rating":"0.00"},"acf":[],"yoast_head":"<!-- This site is optimized with the Yoast SEO plugin v27.4 - https:\/\/yoast.com\/product\/yoast-seo-wordpress\/ -->\n<title>Liberty Software: recensione software gestione farmacie Accurate Reviews<\/title>\n<meta name=\"description\" content=\"Liberty Software: recensione soluzione\u00a0di gestione della farmacia che comprende principalmente tre moduli integrati.\" \/>\n<meta name=\"robots\" content=\"index, follow, max-snippet:-1, max-image-preview:large, max-video-preview:-1\" \/>\n<link rel=\"canonical\" href=\"https:\/\/www.accuratereviews.com\/it\/gestionali-farmacie\/liberty-software-recensione\/\" \/>\n<meta property=\"og:locale\" content=\"it_IT\" \/>\n<meta property=\"og:type\" content=\"article\" \/>\n<meta property=\"og:title\" content=\"Liberty Software: recensione software gestione farmacie Accurate Reviews\" \/>\n<meta property=\"og:description\" content=\"Liberty Software: recensione soluzione\u00a0di gestione della farmacia che comprende principalmente tre moduli integrati.\" \/>\n<meta property=\"og:url\" content=\"https:\/\/www.accuratereviews.com\/it\/gestionali-farmacie\/liberty-software-recensione\/\" \/>\n<meta property=\"og:site_name\" content=\"Accurate Reviews\" \/>\n<meta property=\"og:image\" content=\"https:\/\/www.accuratereviews.com\/wp-content\/uploads\/2021\/08\/Liberty-Software.png\" \/>\n\t<meta property=\"og:image:width\" content=\"200\" \/>\n\t<meta property=\"og:image:height\" content=\"200\" \/>\n\t<meta property=\"og:image:type\" content=\"image\/png\" \/>\n<meta name=\"twitter:card\" content=\"summary_large_image\" \/>\n<meta name=\"twitter:label1\" content=\"Tempo di lettura stimato\" \/>\n\t<meta name=\"twitter:data1\" content=\"4 minuti\" \/>\n<script type=\"application\/ld+json\" class=\"yoast-schema-graph\">{\"@context\":\"https:\\\/\\\/schema.org\",\"@graph\":[{\"@type\":\"WebPage\",\"@id\":\"https:\\\/\\\/www.accuratereviews.com\\\/it\\\/gestionali-farmacie\\\/liberty-software-recensione\\\/\",\"url\":\"https:\\\/\\\/www.accuratereviews.com\\\/it\\\/gestionali-farmacie\\\/liberty-software-recensione\\\/\",\"name\":\"Liberty Software: recensione software gestione farmacie Accurate Reviews\",\"isPartOf\":{\"@id\":\"https:\\\/\\\/www.accuratereviews.com\\\/it\\\/#website\"},\"primaryImageOfPage\":{\"@id\":\"https:\\\/\\\/www.accuratereviews.com\\\/it\\\/gestionali-farmacie\\\/liberty-software-recensione\\\/#primaryimage\"},\"image\":{\"@id\":\"https:\\\/\\\/www.accuratereviews.com\\\/it\\\/gestionali-farmacie\\\/liberty-software-recensione\\\/#primaryimage\"},\"thumbnailUrl\":\"https:\\\/\\\/www.accuratereviews.com\\\/wp-content\\\/uploads\\\/2021\\\/08\\\/Liberty-Software.png\",\"datePublished\":\"2021-08-26T11:03:06+00:00\",\"description\":\"Liberty Software: recensione soluzione\u00a0di gestione della farmacia che comprende principalmente tre moduli integrati.\",\"breadcrumb\":{\"@id\":\"https:\\\/\\\/www.accuratereviews.com\\\/it\\\/gestionali-farmacie\\\/liberty-software-recensione\\\/#breadcrumb\"},\"inLanguage\":\"it-IT\",\"potentialAction\":[{\"@type\":\"ReadAction\",\"target\":[\"https:\\\/\\\/www.accuratereviews.com\\\/it\\\/gestionali-farmacie\\\/liberty-software-recensione\\\/\"]}]},{\"@type\":\"ImageObject\",\"inLanguage\":\"it-IT\",\"@id\":\"https:\\\/\\\/www.accuratereviews.com\\\/it\\\/gestionali-farmacie\\\/liberty-software-recensione\\\/#primaryimage\",\"url\":\"https:\\\/\\\/www.accuratereviews.com\\\/wp-content\\\/uploads\\\/2021\\\/08\\\/Liberty-Software.png\",\"contentUrl\":\"https:\\\/\\\/www.accuratereviews.com\\\/wp-content\\\/uploads\\\/2021\\\/08\\\/Liberty-Software.png\",\"width\":200,\"height\":200},{\"@type\":\"BreadcrumbList\",\"@id\":\"https:\\\/\\\/www.accuratereviews.com\\\/it\\\/gestionali-farmacie\\\/liberty-software-recensione\\\/#breadcrumb\",\"itemListElement\":[{\"@type\":\"ListItem\",\"position\":1,\"name\":\"Home\",\"item\":\"https:\\\/\\\/www.accuratereviews.com\\\/it\\\/\"},{\"@type\":\"ListItem\",\"position\":2,\"name\":\"Gestionali per farmacie\",\"item\":\"https:\\\/\\\/www.accuratereviews.com\\\/it\\\/gestionali-farmacie\\\/\"},{\"@type\":\"ListItem\",\"position\":3,\"name\":\"Liberty Software\"}]},{\"@type\":\"WebSite\",\"@id\":\"https:\\\/\\\/www.accuratereviews.com\\\/it\\\/#website\",\"url\":\"https:\\\/\\\/www.accuratereviews.com\\\/it\\\/\",\"name\":\"Accurate Reviews\",\"description\":\"\",\"potentialAction\":[{\"@type\":\"SearchAction\",\"target\":{\"@type\":\"EntryPoint\",\"urlTemplate\":\"https:\\\/\\\/www.accuratereviews.com\\\/it\\\/?s={search_term_string}\"},\"query-input\":{\"@type\":\"PropertyValueSpecification\",\"valueRequired\":true,\"valueName\":\"search_term_string\"}}],\"inLanguage\":\"it-IT\"}]}<\/script>\n<!-- \/ Yoast SEO plugin. -->","yoast_head_json":{"title":"Liberty Software: recensione software gestione farmacie Accurate Reviews","description":"Liberty Software: recensione soluzione\u00a0di gestione della farmacia che comprende principalmente tre moduli integrati.","robots":{"index":"index","follow":"follow","max-snippet":"max-snippet:-1","max-image-preview":"max-image-preview:large","max-video-preview":"max-video-preview:-1"},"canonical":"https:\/\/www.accuratereviews.com\/it\/gestionali-farmacie\/liberty-software-recensione\/","og_locale":"it_IT","og_type":"article","og_title":"Liberty Software: recensione software gestione farmacie Accurate Reviews","og_description":"Liberty Software: recensione soluzione\u00a0di gestione della farmacia che comprende principalmente tre moduli integrati.","og_url":"https:\/\/www.accuratereviews.com\/it\/gestionali-farmacie\/liberty-software-recensione\/","og_site_name":"Accurate Reviews","og_image":[{"width":200,"height":200,"url":"https:\/\/www.accuratereviews.com\/wp-content\/uploads\/2021\/08\/Liberty-Software.png","type":"image\/png"}],"twitter_card":"summary_large_image","twitter_misc":{"Tempo di lettura stimato":"4 minuti"},"schema":{"@context":"https:\/\/schema.org","@graph":[{"@type":"WebPage","@id":"https:\/\/www.accuratereviews.com\/it\/gestionali-farmacie\/liberty-software-recensione\/","url":"https:\/\/www.accuratereviews.com\/it\/gestionali-farmacie\/liberty-software-recensione\/","name":"Liberty Software: recensione software gestione farmacie Accurate Reviews","isPartOf":{"@id":"https:\/\/www.accuratereviews.com\/it\/#website"},"primaryImageOfPage":{"@id":"https:\/\/www.accuratereviews.com\/it\/gestionali-farmacie\/liberty-software-recensione\/#primaryimage"},"image":{"@id":"https:\/\/www.accuratereviews.com\/it\/gestionali-farmacie\/liberty-software-recensione\/#primaryimage"},"thumbnailUrl":"https:\/\/www.accuratereviews.com\/wp-content\/uploads\/2021\/08\/Liberty-Software.png","datePublished":"2021-08-26T11:03:06+00:00","description":"Liberty Software: recensione soluzione\u00a0di gestione della farmacia che comprende principalmente tre moduli integrati.","breadcrumb":{"@id":"https:\/\/www.accuratereviews.com\/it\/gestionali-farmacie\/liberty-software-recensione\/#breadcrumb"},"inLanguage":"it-IT","potentialAction":[{"@type":"ReadAction","target":["https:\/\/www.accuratereviews.com\/it\/gestionali-farmacie\/liberty-software-recensione\/"]}]},{"@type":"ImageObject","inLanguage":"it-IT","@id":"https:\/\/www.accuratereviews.com\/it\/gestionali-farmacie\/liberty-software-recensione\/#primaryimage","url":"https:\/\/www.accuratereviews.com\/wp-content\/uploads\/2021\/08\/Liberty-Software.png","contentUrl":"https:\/\/www.accuratereviews.com\/wp-content\/uploads\/2021\/08\/Liberty-Software.png","width":200,"height":200},{"@type":"BreadcrumbList","@id":"https:\/\/www.accuratereviews.com\/it\/gestionali-farmacie\/liberty-software-recensione\/#breadcrumb","itemListElement":[{"@type":"ListItem","position":1,"name":"Home","item":"https:\/\/www.accuratereviews.com\/it\/"},{"@type":"ListItem","position":2,"name":"Gestionali per farmacie","item":"https:\/\/www.accuratereviews.com\/it\/gestionali-farmacie\/"},{"@type":"ListItem","position":3,"name":"Liberty Software"}]},{"@type":"WebSite","@id":"https:\/\/www.accuratereviews.com\/it\/#website","url":"https:\/\/www.accuratereviews.com\/it\/","name":"Accurate Reviews","description":"","potentialAction":[{"@type":"SearchAction","target":{"@type":"EntryPoint","urlTemplate":"https:\/\/www.accuratereviews.com\/it\/?s={search_term_string}"},"query-input":{"@type":"PropertyValueSpecification","valueRequired":true,"valueName":"search_term_string"}}],"inLanguage":"it-IT"}]}},"_links":{"self":[{"href":"https:\/\/www.accuratereviews.com\/it\/wp-json\/wp\/v2\/pages\/46992","targetHints":{"allow":["GET"]}}],"collection":[{"href":"https:\/\/www.accuratereviews.com\/it\/wp-json\/wp\/v2\/pages"}],"about":[{"href":"https:\/\/www.accuratereviews.com\/it\/wp-json\/wp\/v2\/types\/page"}],"author":[{"embeddable":true,"href":"https:\/\/www.accuratereviews.com\/it\/wp-json\/wp\/v2\/users\/16"}],"replies":[{"embeddable":true,"href":"https:\/\/www.accuratereviews.com\/it\/wp-json\/wp\/v2\/comments?post=46992"}],"version-history":[{"count":9,"href":"https:\/\/www.accuratereviews.com\/it\/wp-json\/wp\/v2\/pages\/46992\/revisions"}],"predecessor-version":[{"id":47029,"href":"https:\/\/www.accuratereviews.com\/it\/wp-json\/wp\/v2\/pages\/46992\/revisions\/47029"}],"up":[{"embeddable":true,"href":"https:\/\/www.accuratereviews.com\/it\/wp-json\/wp\/v2\/pages\/46849"}],"wp:featuredmedia":[{"embeddable":true,"href":"https:\/\/www.accuratereviews.com\/it\/wp-json\/wp\/v2\/media\/46993"}],"wp:attachment":[{"href":"https:\/\/www.accuratereviews.com\/it\/wp-json\/wp\/v2\/media?parent=46992"}],"wp:term":[{"taxonomy":"category","embeddable":true,"href":"https:\/\/www.accuratereviews.com\/it\/wp-json\/wp\/v2\/categories?post=46992"},{"taxonomy":"post_tag","embeddable":true,"href":"https:\/\/www.accuratereviews.com\/it\/wp-json\/wp\/v2\/tags?post=46992"},{"taxonomy":"features","embeddable":true,"href":"https:\/\/www.accuratereviews.com\/it\/wp-json\/wp\/v2\/features?post=46992"}],"curies":[{"name":"wp","href":"https:\/\/api.w.org\/{rel}","templated":true}]}}