{"id":47000,"date":"2021-08-26T11:05:56","date_gmt":"2021-08-26T11:05:56","guid":{"rendered":"https:\/\/www.accuratereviews.com\/?page_id=47000"},"modified":"2021-08-26T11:05:56","modified_gmt":"2021-08-26T11:05:56","slug":"rx30-pharmacy-system-recensione","status":"publish","type":"page","link":"https:\/\/www.accuratereviews.com\/it\/gestionali-farmacie\/rx30-pharmacy-system-recensione\/","title":{"rendered":"RX30 Pharmacy System"},"content":{"rendered":"<p><strong>RX30 Pharmacy System<\/strong> \u00e8 una <strong>soluzione di gestione delle farmacie<\/strong> basata su <strong>cloud<\/strong> progettata per aiutare le strutture di tutte le dimensioni a semplificare i processi relativi all&#8217;erogazione delle prescrizioni, alla gestione del flusso di lavoro, alle transazioni nei punti vendita (POS), al monitoraggio dei reclami e altro ancora. Il suo sistema automatizzato di ricarica e promemoria dei farmaci consente alle organizzazioni di gestire le terapie farmacologiche in pi\u00f9 sedi. La funzionalit\u00e0 contabilit\u00e0 clienti del <strong>sistema farmacia<\/strong>\u00a0consente agli utenti di automatizzare la registrazione delle transazioni, la generazione di estratti conto e l&#8217;elaborazione degli oneri finanziari. Le funzionalit\u00e0 includono la scansione di codici a barre\/prescrizioni, progettazione di etichette personalizzate, stampa di guide mediche, firme elettroniche e altro ancora. Il modulo IV aiuta i farmacisti a prescrivere le istruzioni di ricarica, i metodi di somministrazione, la durata della terapia e le quantit\u00e0 di dosaggio per i pazienti.<\/p>\n<h2>Rx30 PHARMACY \u00a0SYSTEM &#8211; TUTORIAL<\/h2>\n<p>Guardiamo insieme il video su questo <strong>software gestionale per farmacie<\/strong>:<\/p>\n<div id=\"fluid-wrapper-counter-1\" class=\"g1-fluid-wrapper \" style=\"width:686px;\">\n<div style=\"padding-bottom:56.268221574344%;\"><iframe loading=\"lazy\" title=\"Rx30 Pharmacy Management System\" width=\"686\" height=\"386\" src=\"https:\/\/www.youtube.com\/embed\/SgjPyNkR77A?feature=oembed&amp;wmode=transparent&amp;autohide=1&amp;autoplay=0&amp;disablekb=0&amp;fs=1&amp;loop=0&amp;enablejsapi=1&amp;rel=0&amp;controls=2&amp;showinfo=0&amp;wmode=transparent&amp;autohide=2&amp;autoplay=0&amp;disablekb=0&amp;fs=1&amp;loop=0&amp;enablejsapi=1&amp;rel=0&amp;controls=2&amp;showinfo=1\" frameborder=\"0\" allow=\"accelerometer; autoplay; clipboard-write; encrypted-media; gyroscope; picture-in-picture\" allowfullscreen><\/iframe><\/div>\n<\/div>\n<h3>Rx30 PHARMACY \u00a0SYSTEM &#8211; CARATTERISTICHE<\/h3>\n<ul>\n<li>Personalizzabile per il flusso di lavoro della tua farmacia<\/li>\n<li>Riduci al minimo i passaggi massimizzando i risultati<\/li>\n<li>Processo di riempimento delle prescrizioni intuitivo e veloce<\/li>\n<li>Assegna code di lavoro<\/li>\n<li>Coda dashboard immediata e live<\/li>\n<li>Stampa su richiesta<\/li>\n<li>Capacit\u00e0 di scansione completa<\/li>\n<li>Integrazione con macchine per l&#8217;imballaggio<\/li>\n<li>Ritorno automatico allo stock<\/li>\n<li>L&#8217;integrazione diretta fornisce un inventario disponibile e accurato<\/li>\n<li>Processo semplificato per la gestione degli ordini<\/li>\n<li>Mantenere livelli di inventario ottimali<\/li>\n<li>Rapporti completi e approfondimenti sull&#8217;inventario<\/li>\n<li>Modulo dettagliato della contabilit\u00e0 clienti<\/li>\n<li>Stima DIR<\/li>\n<li>Giudizio rapido dei reclami<\/li>\n<\/ul>\n<h4>LE RECENSIONI DEGLI UTENTI<\/h4>\n<p class=\"font-weight-bold mb-1 d-flex align-items-center\"><strong>Andy B.&#8221;Assistenza clienti terribile&#8221;<\/strong><\/p>\n<p><strong>Commenti: <\/strong>L&#8217;assistenza clienti era eccellente. Per i primi anni siamo riusciti a raggiungere qualcuno che si \u00e8 preso la responsabilit\u00e0 del problema e lo ha risolto. Ultimamente, il supporto \u00e8 diventato terribile. Persone molto amichevoli che rispondono alle chiamate o alle chat, ma sono solo in grado di registrare informazioni e creare un caso. Nessun follow-up, anche quando sono promesse le chiamate di ritorno. Ho un caso aperto da 12 giorni e sono stati coinvolti 4 diversi &#8220;tecnici&#8221;, ma nessuno sta lavorando al problema.<\/p>\n<p><strong>Pro:\u00a0<\/strong>Molto ricco di funzionalit\u00e0, supporta quasi tutte le funzioni di gestione della farmacia desiderate.<\/p>\n<p><strong>Contro: <\/strong>Ci piacciono tutte le funzionalit\u00e0 di questo software. \u00c8 un prodotto eccellente. A patto che nulla vada storto.<\/p>\n<p class=\"font-weight-bold mb-1 d-flex align-items-center\"><strong>Aaron M.&#8221;Prodotto fantastico con un ottimo servizio clienti&#8221;<\/strong><\/p>\n<p><strong>Commenti: <\/strong>Sono molto contento di questo software. Fa quello che deve fare e il servizio clienti \u00e8 eccezionale<\/p>\n<p><strong>Pro: <\/strong>Facilit\u00e0 d&#8217;uso e servizio clienti che va al di l\u00e0. Ogni problema che ho riscontrato era ben noto al loro servizio clienti ed \u00e8 stato gestito in modo rapido ed efficiente.<\/p>\n<p><strong>Contro: <\/strong>Difetti occasionali dopo gli aggiornamenti del software, ma c&#8217;\u00e8 da aspettarselo con qualsiasi cosa.<\/p>\n<p class=\"font-weight-bold mb-1 d-flex align-items-center\"><strong>John B.&#8221;Il miglior software per farmacie&#8221;<\/strong><\/p>\n<p><strong>Commenti: <\/strong>Rx30 fa parte della mia farmacia da molti anni ed \u00e8 sempre stato facile lavorarci. Rx30 cerca sempre di essere il pi\u00f9 conveniente possibile per i suoi clienti. Crescere con loro al loro ritmo.<\/p>\n<p><strong>Pro: <\/strong>Rx30 trasforma il tuo sistema di farmacia medio in un portale personalizzabile che consente la cura personale del paziente da una farmacia del 21\u00b0 secolo.<\/p>\n<p><strong>Contro: <\/strong>Potrebbero essere necessarie un paio d&#8217;ore per contattare il servizio clienti in caso di problemi. Il servizio clienti \u00e8 sempre molto utile quando riesci a contattare qualcuno.<\/p>\n","protected":false},"excerpt":{"rendered":"<p>RX30 Pharmacy System \u00e8 una soluzione di gestione delle farmacie basata su cloud progettata per aiutare le farmacie di tutte le dimensioni a semplificare i processi relativi all&#8217;erogazione delle prescrizioni, alla gestione del flusso di lavoro, alle transazioni nei punti vendita (POS), al monitoraggio dei reclami e altro ancora.<\/p>\n","protected":false},"author":16,"featured_media":47011,"parent":46849,"menu_order":0,"comment_status":"open","ping_status":"closed","template":"g1_template_page_review_new.php","meta":{"_acf_changed":false,"cwp_meta_box_check":"Yes","cwp_rev_product_name":"","cwp_rev_product_image":"","wppr_links":[],"cwp_rev_price":"","wppr_options":[],"wppr_pros":[],"wppr_cons":[],"_monsterinsights_skip_tracking":false,"_monsterinsights_sitenote_active":false,"_monsterinsights_sitenote_note":"","_monsterinsights_sitenote_category":0,"footnotes":""},"categories":[10939],"tags":[10943,10966,10965,10988,10947,10946],"features":[],"class_list":{"0":"post-47000","1":"page","2":"type-page","3":"status-publish","4":"has-post-thumbnail","6":"category-gestionali-farmacie-cat","7":"tag-gestionale-farmacie","8":"tag-piattaforma-gestionale-farmacie","9":"tag-programma-gestionale-farmacie","10":"tag-rx30-pharmacy-system","11":"tag-software-gestionale-farmacie","12":"tag-soluzione-gestionale-farmacie"},"wppr_data":{"cwp_meta_box_check":"Yes","cwp_rev_product_name":"","cwp_rev_product_image":"","cwp_image_link":"image","cwp_rev_price":"","wppr_rating":"0.00"},"acf":[],"yoast_head":"<!-- This site is optimized with the Yoast SEO plugin v27.4 - https:\/\/yoast.com\/product\/yoast-seo-wordpress\/ -->\n<title>RX30 Pharmacy System: recensione software gestionale farmacie<\/title>\n<meta name=\"description\" content=\"RX30 Pharmacy System: recensione soluzione di gestione delle farmacie basata su cloud progettata per aiutare le farmacie.\" \/>\n<meta name=\"robots\" content=\"index, follow, max-snippet:-1, max-image-preview:large, max-video-preview:-1\" \/>\n<link rel=\"canonical\" href=\"https:\/\/www.accuratereviews.com\/it\/gestionali-farmacie\/rx30-pharmacy-system-recensione\/\" \/>\n<meta property=\"og:locale\" content=\"it_IT\" \/>\n<meta property=\"og:type\" content=\"article\" \/>\n<meta property=\"og:title\" content=\"RX30 Pharmacy System: recensione software gestionale farmacie\" \/>\n<meta property=\"og:description\" content=\"RX30 Pharmacy System: recensione soluzione di gestione delle farmacie basata su cloud progettata per aiutare le farmacie.\" \/>\n<meta property=\"og:url\" content=\"https:\/\/www.accuratereviews.com\/it\/gestionali-farmacie\/rx30-pharmacy-system-recensione\/\" \/>\n<meta property=\"og:site_name\" content=\"Accurate Reviews\" \/>\n<meta property=\"og:image\" content=\"https:\/\/www.accuratereviews.com\/wp-content\/uploads\/2021\/08\/Rx30-Pharmacy-System2.jpg\" \/>\n\t<meta property=\"og:image:width\" content=\"200\" \/>\n\t<meta property=\"og:image:height\" content=\"200\" \/>\n\t<meta property=\"og:image:type\" content=\"image\/jpeg\" \/>\n<meta name=\"twitter:card\" content=\"summary_large_image\" \/>\n<meta name=\"twitter:label1\" content=\"Tempo di lettura stimato\" \/>\n\t<meta name=\"twitter:data1\" content=\"3 minuti\" \/>\n<script type=\"application\/ld+json\" class=\"yoast-schema-graph\">{\"@context\":\"https:\\\/\\\/schema.org\",\"@graph\":[{\"@type\":\"WebPage\",\"@id\":\"https:\\\/\\\/www.accuratereviews.com\\\/it\\\/gestionali-farmacie\\\/rx30-pharmacy-system-recensione\\\/\",\"url\":\"https:\\\/\\\/www.accuratereviews.com\\\/it\\\/gestionali-farmacie\\\/rx30-pharmacy-system-recensione\\\/\",\"name\":\"RX30 Pharmacy System: recensione software gestionale farmacie\",\"isPartOf\":{\"@id\":\"https:\\\/\\\/www.accuratereviews.com\\\/it\\\/#website\"},\"primaryImageOfPage\":{\"@id\":\"https:\\\/\\\/www.accuratereviews.com\\\/it\\\/gestionali-farmacie\\\/rx30-pharmacy-system-recensione\\\/#primaryimage\"},\"image\":{\"@id\":\"https:\\\/\\\/www.accuratereviews.com\\\/it\\\/gestionali-farmacie\\\/rx30-pharmacy-system-recensione\\\/#primaryimage\"},\"thumbnailUrl\":\"https:\\\/\\\/www.accuratereviews.com\\\/wp-content\\\/uploads\\\/2021\\\/08\\\/Rx30-Pharmacy-System2.jpg\",\"datePublished\":\"2021-08-26T11:05:56+00:00\",\"description\":\"RX30 Pharmacy System: recensione soluzione di gestione delle farmacie basata su cloud progettata per aiutare le farmacie.\",\"breadcrumb\":{\"@id\":\"https:\\\/\\\/www.accuratereviews.com\\\/it\\\/gestionali-farmacie\\\/rx30-pharmacy-system-recensione\\\/#breadcrumb\"},\"inLanguage\":\"it-IT\",\"potentialAction\":[{\"@type\":\"ReadAction\",\"target\":[\"https:\\\/\\\/www.accuratereviews.com\\\/it\\\/gestionali-farmacie\\\/rx30-pharmacy-system-recensione\\\/\"]}]},{\"@type\":\"ImageObject\",\"inLanguage\":\"it-IT\",\"@id\":\"https:\\\/\\\/www.accuratereviews.com\\\/it\\\/gestionali-farmacie\\\/rx30-pharmacy-system-recensione\\\/#primaryimage\",\"url\":\"https:\\\/\\\/www.accuratereviews.com\\\/wp-content\\\/uploads\\\/2021\\\/08\\\/Rx30-Pharmacy-System2.jpg\",\"contentUrl\":\"https:\\\/\\\/www.accuratereviews.com\\\/wp-content\\\/uploads\\\/2021\\\/08\\\/Rx30-Pharmacy-System2.jpg\",\"width\":200,\"height\":200},{\"@type\":\"BreadcrumbList\",\"@id\":\"https:\\\/\\\/www.accuratereviews.com\\\/it\\\/gestionali-farmacie\\\/rx30-pharmacy-system-recensione\\\/#breadcrumb\",\"itemListElement\":[{\"@type\":\"ListItem\",\"position\":1,\"name\":\"Home\",\"item\":\"https:\\\/\\\/www.accuratereviews.com\\\/it\\\/\"},{\"@type\":\"ListItem\",\"position\":2,\"name\":\"Gestionali per farmacie\",\"item\":\"https:\\\/\\\/www.accuratereviews.com\\\/it\\\/gestionali-farmacie\\\/\"},{\"@type\":\"ListItem\",\"position\":3,\"name\":\"RX30 Pharmacy System\"}]},{\"@type\":\"WebSite\",\"@id\":\"https:\\\/\\\/www.accuratereviews.com\\\/it\\\/#website\",\"url\":\"https:\\\/\\\/www.accuratereviews.com\\\/it\\\/\",\"name\":\"Accurate Reviews\",\"description\":\"\",\"potentialAction\":[{\"@type\":\"SearchAction\",\"target\":{\"@type\":\"EntryPoint\",\"urlTemplate\":\"https:\\\/\\\/www.accuratereviews.com\\\/it\\\/?s={search_term_string}\"},\"query-input\":{\"@type\":\"PropertyValueSpecification\",\"valueRequired\":true,\"valueName\":\"search_term_string\"}}],\"inLanguage\":\"it-IT\"}]}<\/script>\n<!-- \/ Yoast SEO plugin. -->","yoast_head_json":{"title":"RX30 Pharmacy System: recensione software gestionale farmacie","description":"RX30 Pharmacy System: recensione soluzione di gestione delle farmacie basata su cloud progettata per aiutare le farmacie.","robots":{"index":"index","follow":"follow","max-snippet":"max-snippet:-1","max-image-preview":"max-image-preview:large","max-video-preview":"max-video-preview:-1"},"canonical":"https:\/\/www.accuratereviews.com\/it\/gestionali-farmacie\/rx30-pharmacy-system-recensione\/","og_locale":"it_IT","og_type":"article","og_title":"RX30 Pharmacy System: recensione software gestionale farmacie","og_description":"RX30 Pharmacy System: recensione soluzione di gestione delle farmacie basata su cloud progettata per aiutare le farmacie.","og_url":"https:\/\/www.accuratereviews.com\/it\/gestionali-farmacie\/rx30-pharmacy-system-recensione\/","og_site_name":"Accurate Reviews","og_image":[{"width":200,"height":200,"url":"https:\/\/www.accuratereviews.com\/wp-content\/uploads\/2021\/08\/Rx30-Pharmacy-System2.jpg","type":"image\/jpeg"}],"twitter_card":"summary_large_image","twitter_misc":{"Tempo di lettura stimato":"3 minuti"},"schema":{"@context":"https:\/\/schema.org","@graph":[{"@type":"WebPage","@id":"https:\/\/www.accuratereviews.com\/it\/gestionali-farmacie\/rx30-pharmacy-system-recensione\/","url":"https:\/\/www.accuratereviews.com\/it\/gestionali-farmacie\/rx30-pharmacy-system-recensione\/","name":"RX30 Pharmacy System: recensione software gestionale farmacie","isPartOf":{"@id":"https:\/\/www.accuratereviews.com\/it\/#website"},"primaryImageOfPage":{"@id":"https:\/\/www.accuratereviews.com\/it\/gestionali-farmacie\/rx30-pharmacy-system-recensione\/#primaryimage"},"image":{"@id":"https:\/\/www.accuratereviews.com\/it\/gestionali-farmacie\/rx30-pharmacy-system-recensione\/#primaryimage"},"thumbnailUrl":"https:\/\/www.accuratereviews.com\/wp-content\/uploads\/2021\/08\/Rx30-Pharmacy-System2.jpg","datePublished":"2021-08-26T11:05:56+00:00","description":"RX30 Pharmacy System: recensione soluzione di gestione delle farmacie basata su cloud progettata per aiutare le farmacie.","breadcrumb":{"@id":"https:\/\/www.accuratereviews.com\/it\/gestionali-farmacie\/rx30-pharmacy-system-recensione\/#breadcrumb"},"inLanguage":"it-IT","potentialAction":[{"@type":"ReadAction","target":["https:\/\/www.accuratereviews.com\/it\/gestionali-farmacie\/rx30-pharmacy-system-recensione\/"]}]},{"@type":"ImageObject","inLanguage":"it-IT","@id":"https:\/\/www.accuratereviews.com\/it\/gestionali-farmacie\/rx30-pharmacy-system-recensione\/#primaryimage","url":"https:\/\/www.accuratereviews.com\/wp-content\/uploads\/2021\/08\/Rx30-Pharmacy-System2.jpg","contentUrl":"https:\/\/www.accuratereviews.com\/wp-content\/uploads\/2021\/08\/Rx30-Pharmacy-System2.jpg","width":200,"height":200},{"@type":"BreadcrumbList","@id":"https:\/\/www.accuratereviews.com\/it\/gestionali-farmacie\/rx30-pharmacy-system-recensione\/#breadcrumb","itemListElement":[{"@type":"ListItem","position":1,"name":"Home","item":"https:\/\/www.accuratereviews.com\/it\/"},{"@type":"ListItem","position":2,"name":"Gestionali per farmacie","item":"https:\/\/www.accuratereviews.com\/it\/gestionali-farmacie\/"},{"@type":"ListItem","position":3,"name":"RX30 Pharmacy System"}]},{"@type":"WebSite","@id":"https:\/\/www.accuratereviews.com\/it\/#website","url":"https:\/\/www.accuratereviews.com\/it\/","name":"Accurate Reviews","description":"","potentialAction":[{"@type":"SearchAction","target":{"@type":"EntryPoint","urlTemplate":"https:\/\/www.accuratereviews.com\/it\/?s={search_term_string}"},"query-input":{"@type":"PropertyValueSpecification","valueRequired":true,"valueName":"search_term_string"}}],"inLanguage":"it-IT"}]}},"_links":{"self":[{"href":"https:\/\/www.accuratereviews.com\/it\/wp-json\/wp\/v2\/pages\/47000","targetHints":{"allow":["GET"]}}],"collection":[{"href":"https:\/\/www.accuratereviews.com\/it\/wp-json\/wp\/v2\/pages"}],"about":[{"href":"https:\/\/www.accuratereviews.com\/it\/wp-json\/wp\/v2\/types\/page"}],"author":[{"embeddable":true,"href":"https:\/\/www.accuratereviews.com\/it\/wp-json\/wp\/v2\/users\/16"}],"replies":[{"embeddable":true,"href":"https:\/\/www.accuratereviews.com\/it\/wp-json\/wp\/v2\/comments?post=47000"}],"version-history":[{"count":8,"href":"https:\/\/www.accuratereviews.com\/it\/wp-json\/wp\/v2\/pages\/47000\/revisions"}],"predecessor-version":[{"id":47031,"href":"https:\/\/www.accuratereviews.com\/it\/wp-json\/wp\/v2\/pages\/47000\/revisions\/47031"}],"up":[{"embeddable":true,"href":"https:\/\/www.accuratereviews.com\/it\/wp-json\/wp\/v2\/pages\/46849"}],"wp:featuredmedia":[{"embeddable":true,"href":"https:\/\/www.accuratereviews.com\/it\/wp-json\/wp\/v2\/media\/47011"}],"wp:attachment":[{"href":"https:\/\/www.accuratereviews.com\/it\/wp-json\/wp\/v2\/media?parent=47000"}],"wp:term":[{"taxonomy":"category","embeddable":true,"href":"https:\/\/www.accuratereviews.com\/it\/wp-json\/wp\/v2\/categories?post=47000"},{"taxonomy":"post_tag","embeddable":true,"href":"https:\/\/www.accuratereviews.com\/it\/wp-json\/wp\/v2\/tags?post=47000"},{"taxonomy":"features","embeddable":true,"href":"https:\/\/www.accuratereviews.com\/it\/wp-json\/wp\/v2\/features?post=47000"}],"curies":[{"name":"wp","href":"https:\/\/api.w.org\/{rel}","templated":true}]}}