{"id":47073,"date":"2021-08-30T10:19:00","date_gmt":"2021-08-30T10:19:00","guid":{"rendered":"https:\/\/www.accuratereviews.com\/?page_id=47073"},"modified":"2025-02-27T14:53:19","modified_gmt":"2025-02-27T14:53:19","slug":"qs-1-pharmacy-management-systems-recensione","status":"publish","type":"page","link":"https:\/\/www.accuratereviews.com\/it\/gestionali-farmacie\/qs-1-pharmacy-management-systems-recensione\/","title":{"rendered":"QS\/1 Pharmacy Management Systems"},"content":{"rendered":"<p><strong>QS\/1 Pharmacy Management Systems<\/strong> \u00e8 una suite di app gestionali per farmacie che include flussi di lavoro ed elaborazione delle prescrizioni, che consentono agli utenti di conservare tutte le informazioni necessarie sulla ricetta, come il rispettivo medico, i farmaci e le quantit\u00e0 prescritte. Tiene traccia dei cambiamenti nell&#8217;inventario e rifornisce attivamente le quantit\u00e0 per soddisfare la domanda di prescrizione. Il sistema POS della piattaforma pu\u00f2 accettare le carte di conto spesa flessibile (FSA) dei pazienti e fornisce inoltre agli utenti tutti i dettagli dei prodotti prelevati, spediti e quindi consegnati. La dashboard fornisce una panoramica in tempo reale di tutte le attivit\u00e0 di prescrizione. Gli utenti sono in grado di identificare le scorte tramite la codifica a colori.<\/p>\n<h2>QS\/1 &#8211; TUTORIAL<\/h2>\n<p>Il video che segue mostra come questo <strong>gestionale per farmacie<\/strong> pu\u00f2 aiutarti:<\/p>\n<div id=\"fluid-wrapper-counter-1\" class=\"g1-fluid-wrapper \" style=\"width:686px;\">\n<div style=\"padding-bottom:56.268221574344%;\"><iframe loading=\"lazy\" title=\"QS1 NRx A Proven Front to Back Pharmacy Management System 1\" width=\"686\" height=\"386\" src=\"https:\/\/www.youtube.com\/embed\/uBzni6-hn7g?feature=oembed&amp;wmode=transparent&amp;autohide=1&amp;autoplay=0&amp;disablekb=0&amp;fs=1&amp;loop=0&amp;enablejsapi=1&amp;rel=0&amp;controls=2&amp;showinfo=0&amp;wmode=transparent&amp;autohide=2&amp;autoplay=0&amp;disablekb=0&amp;fs=1&amp;loop=0&amp;enablejsapi=1&amp;rel=0&amp;controls=2&amp;showinfo=1\" frameborder=\"0\" allow=\"accelerometer; autoplay; clipboard-write; encrypted-media; gyroscope; picture-in-picture; web-share\" referrerpolicy=\"strict-origin-when-cross-origin\" allowfullscreen><\/iframe><\/div>\n<\/div>\n<h3>QS\/1 &#8211; CARATTERISTICHE<\/h3>\n<ul>\n<li>Crea reclami, aggiorna l&#8217;inventario e la contabilit\u00e0 clienti da una singola registrazione dell&#8217;ordine<\/li>\n<li>Elabora pi\u00f9 tipi di ordine, inclusi acquisti e noleggi<\/li>\n<li>Recupera facilmente le aliquote dell&#8217;imposta sulle vendite del negozio in base al luogo di consegna<\/li>\n<li>Elaborare rapidamente le richieste ed eseguire il controllo dell&#8217;idoneit\u00e0<\/li>\n<li>Accedi ai file del medico, del corriere e degli articoli da un ordine del paziente<\/li>\n<li>Personalizza e salva pi\u00f9 versioni di oltre 70 report standard<\/li>\n<li>Integrazione con i sistemi di gestione delle farmacie con i reparti HME, eliminando l&#8217;immissione di dati duplicati<\/li>\n<li>Controlla l&#8217;inventario ed elabora i pagamenti per il tuo front-end di vendita al dettaglio con il punto vendita (POS) touchscreen integrato<\/li>\n<li>Acquisisci le firme elettronicamente nel negozio o sul campo<\/li>\n<li>Comunica con i clienti a loro piacimento e automatizza le chiamate di conformit\u00e0 con Interactive Voice Response (IVR)<\/li>\n<li>Invia reclami a Medicare, oltre 40 Medicaids statali e MediCal<\/li>\n<li>Interfaccia con sistemi di spedizione e document imaging<\/li>\n<li>Controlla l&#8217;accesso degli utenti e rispetta le normative HIPAA con Advanced Security<\/li>\n<li>Stampa tutti i documenti richiesti<\/li>\n<li>Soddisfare i requisiti per l&#8217;assegnazione di benefici, ABN, biglietti di consegna, ordini dei medici e CMN<\/li>\n<\/ul>\n<h4>LE RECENSIONI DEGLI UTENTI<\/h4>\n<p class=\"font-weight-bold mb-1 d-flex align-items-center\"><strong>Daniel T.&#8221;\u00c8 un software facile e veloce per la gestione di una farmacia.&#8221;<\/strong><\/p>\n<p><strong>Pro: <\/strong>\u00c8 molto veloce. Il servizio clienti \u00e8 eccellente. Struttura all&#8217;avanguardia. Facile da usare. Segue il &#8220;Metodo One Click&#8221; che consente di trovare le informazioni con un clic del mouse.<\/p>\n<p><strong>Contro: <\/strong>A causa di questo layout, c&#8217;\u00e8 molto disordine sul computer. Ci vuole un po&#8217; di tempo per essere abili.<\/p>\n<p class=\"font-weight-bold mb-1 d-flex align-items-center\"><strong>Laura S.&#8221;PMS&#8221;<\/strong><\/p>\n<p><strong>Pro: <\/strong>Questo software \u00e8 facile da navigare. Non \u00e8 difficile da capire e personalizzare. Il disco rigido funziona velocemente, non ha mai avuto un &#8220;blocco&#8221;<\/p>\n<p><strong>Contro: <\/strong>Molte icone e opzioni su ogni pagina. Personalmente, vorrei che facessero due o tre pagine e ogni pagina contenesse meno informazioni. A volte \u00e8 travolgente da decifrare<\/p>\n<p class=\"font-weight-bold mb-1 d-flex align-items-center\"><strong>Sim L.&#8221;Conosci il tuo rappresentante dell&#8217;assistenza&#8221;<\/strong><\/p>\n<p><strong>Commenti: <\/strong>Chiamare l&#8217;assistenza \u00e8 un odissea. A volte ricevi aiuto subito, la maggior parte delle volte lasci un messaggio all&#8217;addetto alla reception e ricevi una richiamata un paio d&#8217;ore dopo.<\/p>\n<p><strong>Pro: <\/strong>GUI di Windows, le scorciatoie sulla barra laterale sinistra sono molto utili<\/p>\n<p><strong>Contro: <\/strong>Ci vuole un po&#8217; di allenamento per capire quali sono le potenzialit\u00e0 del software.<\/p>\n","protected":false},"excerpt":{"rendered":"<p>QS\/1 Pharmacy Management Systems \u00e8 una suite di app gestionali per farmacie che include flussi di lavoro e elaborazione delle prescrizioni, che consentono agli utenti di conservare tutte le informazioni necessarie sulla ricetta, come il rispettivo medico, i farmaci e le quantit\u00e0 prescritte. Tiene traccia dei cambiamenti nell&#8217;inventario e rifornisce attivamente le quantit\u00e0 per soddisfare la domanda di prescrizione.<\/p>\n","protected":false},"author":16,"featured_media":47074,"parent":46849,"menu_order":0,"comment_status":"open","ping_status":"closed","template":"g1_template_page_review_new.php","meta":{"_acf_changed":false,"cwp_meta_box_check":"Yes","cwp_rev_product_name":"","cwp_rev_product_image":"","wppr_links":[],"cwp_rev_price":"","wppr_options":[{"name":"Usability","value":"0"},{"name":"Speed","value":"0"},{"name":"Features","value":"0"},{"name":"Support","value":"0"},{"name":"Pricing","value":"0"}],"wppr_pros":["","","","",""],"wppr_cons":["","","","",""],"_monsterinsights_skip_tracking":false,"_monsterinsights_sitenote_active":false,"_monsterinsights_sitenote_note":"","_monsterinsights_sitenote_category":0,"footnotes":""},"categories":[10939],"tags":[10943,11001,10966,10965,11005,10947,10946],"features":[],"class_list":{"0":"post-47073","1":"page","2":"type-page","3":"status-publish","4":"has-post-thumbnail","6":"category-gestionali-farmacie-cat","7":"tag-gestionale-farmacie","8":"tag-pharmacy-management-systems","9":"tag-piattaforma-gestionale-farmacie","10":"tag-programma-gestionale-farmacie","11":"tag-qs-1-pharmacy-management-systems","12":"tag-software-gestionale-farmacie","13":"tag-soluzione-gestionale-farmacie"},"wppr_data":{"cwp_meta_box_check":"Yes","cwp_rev_product_name":"","_wppr_review_template":"default","cwp_rev_product_image":"","cwp_image_link":"image","wppr_links":[],"cwp_rev_price":"","wppr_pros":["","","","",""],"wppr_cons":["","","","",""],"wppr_rating":"0.00","wppr_options":{"1":{"name":"Usability","value":"0"},"2":{"name":"Speed","value":"0"},"3":{"name":"Features","value":"0"},"4":{"name":"Support","value":"0"},"5":{"name":"Pricing","value":"0"}},"wppr_review_type":"Product","wppr_review_custom_fields":{"additionalProperty":"","additionalType":"","aggregateRating":"","alternateName":"","audience":"","award":"","awards":"","brand":"","color":"","depth":"","description":"","disambiguatingDescription":"","gtin12":"","gtin13":"","gtin14":"","gtin8":"","height":"","identifier":"","image":"","isAccessoryOrSparePartFor":"","isConsumableFor":"","isRelatedTo":"","isSimilarTo":"","itemCondition":"","logo":"","mainEntityOfPage":"","manufacturer":"","material":"","model":"","mpn":"","name":"","offers":"","potentialAction":"","productID":"","productionDate":"","purchaseDate":"","releaseDate":"","review":"","reviews":"","sameAs":"","sku":"","slogan":"","subjectOf":"","url":"","weight":"","width":""}},"acf":[],"yoast_head":"<!-- This site is optimized with the Yoast SEO plugin v27.4 - https:\/\/yoast.com\/product\/yoast-seo-wordpress\/ -->\n<title>QS\/1 Pharmacy Management Systems: recensione gestionale farmacie<\/title>\n<meta name=\"description\" content=\"QS\/1 Pharmacy Management Systems: recensione suite di app gestionali per farmacie che include flussi di lavoro ed elaborazione delle prescrizioni.\" \/>\n<meta name=\"robots\" content=\"index, follow, max-snippet:-1, max-image-preview:large, max-video-preview:-1\" \/>\n<link rel=\"canonical\" href=\"https:\/\/www.accuratereviews.com\/it\/gestionali-farmacie\/qs-1-pharmacy-management-systems-recensione\/\" \/>\n<meta property=\"og:locale\" content=\"it_IT\" \/>\n<meta property=\"og:type\" content=\"article\" \/>\n<meta property=\"og:title\" content=\"QS\/1 Pharmacy Management Systems: recensione gestionale farmacie\" \/>\n<meta property=\"og:description\" content=\"QS\/1 Pharmacy Management Systems: recensione suite di app gestionali per farmacie che include flussi di lavoro ed elaborazione delle prescrizioni.\" \/>\n<meta property=\"og:url\" content=\"https:\/\/www.accuratereviews.com\/it\/gestionali-farmacie\/qs-1-pharmacy-management-systems-recensione\/\" \/>\n<meta property=\"og:site_name\" content=\"Accurate Reviews\" \/>\n<meta property=\"article:modified_time\" content=\"2025-02-27T14:53:19+00:00\" \/>\n<meta property=\"og:image\" content=\"https:\/\/www.accuratereviews.com\/wp-content\/uploads\/2021\/08\/QS1.png\" \/>\n\t<meta property=\"og:image:width\" content=\"280\" \/>\n\t<meta property=\"og:image:height\" content=\"280\" \/>\n\t<meta property=\"og:image:type\" content=\"image\/png\" \/>\n<meta name=\"twitter:card\" content=\"summary_large_image\" \/>\n<meta name=\"twitter:label1\" content=\"Tempo di lettura stimato\" \/>\n\t<meta name=\"twitter:data1\" content=\"4 minuti\" \/>\n<script type=\"application\/ld+json\" class=\"yoast-schema-graph\">{\"@context\":\"https:\\\/\\\/schema.org\",\"@graph\":[{\"@type\":\"WebPage\",\"@id\":\"https:\\\/\\\/www.accuratereviews.com\\\/it\\\/gestionali-farmacie\\\/qs-1-pharmacy-management-systems-recensione\\\/\",\"url\":\"https:\\\/\\\/www.accuratereviews.com\\\/it\\\/gestionali-farmacie\\\/qs-1-pharmacy-management-systems-recensione\\\/\",\"name\":\"QS\\\/1 Pharmacy Management Systems: recensione gestionale farmacie\",\"isPartOf\":{\"@id\":\"https:\\\/\\\/www.accuratereviews.com\\\/it\\\/#website\"},\"primaryImageOfPage\":{\"@id\":\"https:\\\/\\\/www.accuratereviews.com\\\/it\\\/gestionali-farmacie\\\/qs-1-pharmacy-management-systems-recensione\\\/#primaryimage\"},\"image\":{\"@id\":\"https:\\\/\\\/www.accuratereviews.com\\\/it\\\/gestionali-farmacie\\\/qs-1-pharmacy-management-systems-recensione\\\/#primaryimage\"},\"thumbnailUrl\":\"https:\\\/\\\/www.accuratereviews.com\\\/wp-content\\\/uploads\\\/2021\\\/08\\\/QS1.png\",\"datePublished\":\"2021-08-30T10:19:00+00:00\",\"dateModified\":\"2025-02-27T14:53:19+00:00\",\"description\":\"QS\\\/1 Pharmacy Management Systems: recensione suite di app gestionali per farmacie che include flussi di lavoro ed elaborazione delle prescrizioni.\",\"breadcrumb\":{\"@id\":\"https:\\\/\\\/www.accuratereviews.com\\\/it\\\/gestionali-farmacie\\\/qs-1-pharmacy-management-systems-recensione\\\/#breadcrumb\"},\"inLanguage\":\"it-IT\",\"potentialAction\":[{\"@type\":\"ReadAction\",\"target\":[\"https:\\\/\\\/www.accuratereviews.com\\\/it\\\/gestionali-farmacie\\\/qs-1-pharmacy-management-systems-recensione\\\/\"]}]},{\"@type\":\"ImageObject\",\"inLanguage\":\"it-IT\",\"@id\":\"https:\\\/\\\/www.accuratereviews.com\\\/it\\\/gestionali-farmacie\\\/qs-1-pharmacy-management-systems-recensione\\\/#primaryimage\",\"url\":\"https:\\\/\\\/www.accuratereviews.com\\\/wp-content\\\/uploads\\\/2021\\\/08\\\/QS1.png\",\"contentUrl\":\"https:\\\/\\\/www.accuratereviews.com\\\/wp-content\\\/uploads\\\/2021\\\/08\\\/QS1.png\",\"width\":280,\"height\":280},{\"@type\":\"BreadcrumbList\",\"@id\":\"https:\\\/\\\/www.accuratereviews.com\\\/it\\\/gestionali-farmacie\\\/qs-1-pharmacy-management-systems-recensione\\\/#breadcrumb\",\"itemListElement\":[{\"@type\":\"ListItem\",\"position\":1,\"name\":\"Home\",\"item\":\"https:\\\/\\\/www.accuratereviews.com\\\/it\\\/\"},{\"@type\":\"ListItem\",\"position\":2,\"name\":\"Gestionali per farmacie\",\"item\":\"https:\\\/\\\/www.accuratereviews.com\\\/it\\\/gestionali-farmacie\\\/\"},{\"@type\":\"ListItem\",\"position\":3,\"name\":\"QS\\\/1 Pharmacy Management Systems\"}]},{\"@type\":\"WebSite\",\"@id\":\"https:\\\/\\\/www.accuratereviews.com\\\/it\\\/#website\",\"url\":\"https:\\\/\\\/www.accuratereviews.com\\\/it\\\/\",\"name\":\"Accurate Reviews\",\"description\":\"\",\"potentialAction\":[{\"@type\":\"SearchAction\",\"target\":{\"@type\":\"EntryPoint\",\"urlTemplate\":\"https:\\\/\\\/www.accuratereviews.com\\\/it\\\/?s={search_term_string}\"},\"query-input\":{\"@type\":\"PropertyValueSpecification\",\"valueRequired\":true,\"valueName\":\"search_term_string\"}}],\"inLanguage\":\"it-IT\"}]}<\/script>\n<!-- \/ Yoast SEO plugin. -->","yoast_head_json":{"title":"QS\/1 Pharmacy Management Systems: recensione gestionale farmacie","description":"QS\/1 Pharmacy Management Systems: recensione suite di app gestionali per farmacie che include flussi di lavoro ed elaborazione delle prescrizioni.","robots":{"index":"index","follow":"follow","max-snippet":"max-snippet:-1","max-image-preview":"max-image-preview:large","max-video-preview":"max-video-preview:-1"},"canonical":"https:\/\/www.accuratereviews.com\/it\/gestionali-farmacie\/qs-1-pharmacy-management-systems-recensione\/","og_locale":"it_IT","og_type":"article","og_title":"QS\/1 Pharmacy Management Systems: recensione gestionale farmacie","og_description":"QS\/1 Pharmacy Management Systems: recensione suite di app gestionali per farmacie che include flussi di lavoro ed elaborazione delle prescrizioni.","og_url":"https:\/\/www.accuratereviews.com\/it\/gestionali-farmacie\/qs-1-pharmacy-management-systems-recensione\/","og_site_name":"Accurate Reviews","article_modified_time":"2025-02-27T14:53:19+00:00","og_image":[{"width":280,"height":280,"url":"https:\/\/www.accuratereviews.com\/wp-content\/uploads\/2021\/08\/QS1.png","type":"image\/png"}],"twitter_card":"summary_large_image","twitter_misc":{"Tempo di lettura stimato":"4 minuti"},"schema":{"@context":"https:\/\/schema.org","@graph":[{"@type":"WebPage","@id":"https:\/\/www.accuratereviews.com\/it\/gestionali-farmacie\/qs-1-pharmacy-management-systems-recensione\/","url":"https:\/\/www.accuratereviews.com\/it\/gestionali-farmacie\/qs-1-pharmacy-management-systems-recensione\/","name":"QS\/1 Pharmacy Management Systems: recensione gestionale farmacie","isPartOf":{"@id":"https:\/\/www.accuratereviews.com\/it\/#website"},"primaryImageOfPage":{"@id":"https:\/\/www.accuratereviews.com\/it\/gestionali-farmacie\/qs-1-pharmacy-management-systems-recensione\/#primaryimage"},"image":{"@id":"https:\/\/www.accuratereviews.com\/it\/gestionali-farmacie\/qs-1-pharmacy-management-systems-recensione\/#primaryimage"},"thumbnailUrl":"https:\/\/www.accuratereviews.com\/wp-content\/uploads\/2021\/08\/QS1.png","datePublished":"2021-08-30T10:19:00+00:00","dateModified":"2025-02-27T14:53:19+00:00","description":"QS\/1 Pharmacy Management Systems: recensione suite di app gestionali per farmacie che include flussi di lavoro ed elaborazione delle prescrizioni.","breadcrumb":{"@id":"https:\/\/www.accuratereviews.com\/it\/gestionali-farmacie\/qs-1-pharmacy-management-systems-recensione\/#breadcrumb"},"inLanguage":"it-IT","potentialAction":[{"@type":"ReadAction","target":["https:\/\/www.accuratereviews.com\/it\/gestionali-farmacie\/qs-1-pharmacy-management-systems-recensione\/"]}]},{"@type":"ImageObject","inLanguage":"it-IT","@id":"https:\/\/www.accuratereviews.com\/it\/gestionali-farmacie\/qs-1-pharmacy-management-systems-recensione\/#primaryimage","url":"https:\/\/www.accuratereviews.com\/wp-content\/uploads\/2021\/08\/QS1.png","contentUrl":"https:\/\/www.accuratereviews.com\/wp-content\/uploads\/2021\/08\/QS1.png","width":280,"height":280},{"@type":"BreadcrumbList","@id":"https:\/\/www.accuratereviews.com\/it\/gestionali-farmacie\/qs-1-pharmacy-management-systems-recensione\/#breadcrumb","itemListElement":[{"@type":"ListItem","position":1,"name":"Home","item":"https:\/\/www.accuratereviews.com\/it\/"},{"@type":"ListItem","position":2,"name":"Gestionali per farmacie","item":"https:\/\/www.accuratereviews.com\/it\/gestionali-farmacie\/"},{"@type":"ListItem","position":3,"name":"QS\/1 Pharmacy Management Systems"}]},{"@type":"WebSite","@id":"https:\/\/www.accuratereviews.com\/it\/#website","url":"https:\/\/www.accuratereviews.com\/it\/","name":"Accurate Reviews","description":"","potentialAction":[{"@type":"SearchAction","target":{"@type":"EntryPoint","urlTemplate":"https:\/\/www.accuratereviews.com\/it\/?s={search_term_string}"},"query-input":{"@type":"PropertyValueSpecification","valueRequired":true,"valueName":"search_term_string"}}],"inLanguage":"it-IT"}]}},"_links":{"self":[{"href":"https:\/\/www.accuratereviews.com\/it\/wp-json\/wp\/v2\/pages\/47073","targetHints":{"allow":["GET"]}}],"collection":[{"href":"https:\/\/www.accuratereviews.com\/it\/wp-json\/wp\/v2\/pages"}],"about":[{"href":"https:\/\/www.accuratereviews.com\/it\/wp-json\/wp\/v2\/types\/page"}],"author":[{"embeddable":true,"href":"https:\/\/www.accuratereviews.com\/it\/wp-json\/wp\/v2\/users\/16"}],"replies":[{"embeddable":true,"href":"https:\/\/www.accuratereviews.com\/it\/wp-json\/wp\/v2\/comments?post=47073"}],"version-history":[{"count":8,"href":"https:\/\/www.accuratereviews.com\/it\/wp-json\/wp\/v2\/pages\/47073\/revisions"}],"predecessor-version":[{"id":85436,"href":"https:\/\/www.accuratereviews.com\/it\/wp-json\/wp\/v2\/pages\/47073\/revisions\/85436"}],"up":[{"embeddable":true,"href":"https:\/\/www.accuratereviews.com\/it\/wp-json\/wp\/v2\/pages\/46849"}],"wp:featuredmedia":[{"embeddable":true,"href":"https:\/\/www.accuratereviews.com\/it\/wp-json\/wp\/v2\/media\/47074"}],"wp:attachment":[{"href":"https:\/\/www.accuratereviews.com\/it\/wp-json\/wp\/v2\/media?parent=47073"}],"wp:term":[{"taxonomy":"category","embeddable":true,"href":"https:\/\/www.accuratereviews.com\/it\/wp-json\/wp\/v2\/categories?post=47073"},{"taxonomy":"post_tag","embeddable":true,"href":"https:\/\/www.accuratereviews.com\/it\/wp-json\/wp\/v2\/tags?post=47073"},{"taxonomy":"features","embeddable":true,"href":"https:\/\/www.accuratereviews.com\/it\/wp-json\/wp\/v2\/features?post=47073"}],"curies":[{"name":"wp","href":"https:\/\/api.w.org\/{rel}","templated":true}]}}