{"id":47080,"date":"2021-08-30T10:25:36","date_gmt":"2021-08-30T10:25:36","guid":{"rendered":"https:\/\/www.accuratereviews.com\/?page_id=47080"},"modified":"2021-08-30T10:25:36","modified_gmt":"2021-08-30T10:25:36","slug":"srs-pharmacy-systems-recensione","status":"publish","type":"page","link":"https:\/\/www.accuratereviews.com\/it\/gestionali-farmacie\/srs-pharmacy-systems-recensione\/","title":{"rendered":"SRS Pharmacy Systems"},"content":{"rendered":"<p class=\"h3 mb-1\"><strong>SRS Pharmacy Systems <\/strong>\u00e8 un <strong>sistema di gestione della farmacia<\/strong> progettato per aiutare le aziende farmaceutiche a gestire prescrizioni, configurazione del flusso di lavoro, elaborazione di carte di debito o di credito, scansione di codici a barre e altre operazioni amministrative su una piattaforma centralizzata. Gli operatori sanitari possono analizzare il prezzo medio all&#8217;ingrosso (AWP) e i prezzi consueti (U&amp;C) per identificare potenziali opportunit\u00e0 di guadagno tramite i report. Il software\u00a0consente ai farmacisti di scansionare copie cartacee delle prescrizioni, ricevere avvisi sui margini di profitto bassi, gestire i processi di ritiro Rx tramite messaggi di testo e utilizzare caratteri alti per distinguere i farmaci ed evitare errori di trattamento. La piattaforma certificata Electronic8977Prescriptions for Controlled Substances (EPCS) consente ai manager di acquisire firme digitali e gestire i processi del Drug Pricing Program 340B. I farmacisti possono eseguire automaticamente il backup dei dati fuori sede e utilizzare le funzionalit\u00e0 integrate del punto vendita (POS) per tenere traccia delle prescrizioni.<\/p>\n<h2>SRS PHARMACY SYSTEMS &#8211; TUTORIAL<\/h2>\n<p>Vediamo insieme questo breve video su questo <strong>software gestionale per farmacie<\/strong>:<\/p>\n<div id=\"fluid-wrapper-counter-1\" class=\"g1-fluid-wrapper \" style=\"width:686px;\">\n<div style=\"padding-bottom:56.268221574344%;\"><iframe loading=\"lazy\" title=\"SRS Pharmacy Systems | ComputerTalk for the Pharmacist 2021 Buyers Guide\" width=\"686\" height=\"386\" src=\"https:\/\/www.youtube.com\/embed\/0_EcgPOzrEU?feature=oembed&amp;wmode=transparent&amp;autohide=1&amp;autoplay=0&amp;disablekb=0&amp;fs=1&amp;loop=0&amp;enablejsapi=1&amp;rel=0&amp;controls=2&amp;showinfo=0&amp;wmode=transparent&amp;autohide=2&amp;autoplay=0&amp;disablekb=0&amp;fs=1&amp;loop=0&amp;enablejsapi=1&amp;rel=0&amp;controls=2&amp;showinfo=1\" frameborder=\"0\" allow=\"accelerometer; autoplay; clipboard-write; encrypted-media; gyroscope; picture-in-picture\" allowfullscreen><\/iframe><\/div>\n<\/div>\n<h3>SRS PHARMACY SYSTEMS &#8211; CARATTERISTICHE<\/h3>\n<ul>\n<li>Integrazione diretta con altri prodotti come PKonRx, eSignature e A\/R<\/li>\n<li>Transazioni POS A\/R aggiornano automaticamente il modulo A\/R della farmacia senza bisogno di doppia entrata<\/li>\n<li>Registra tutte le transazioni pagate in contanti e tramite POS<\/li>\n<li>Posta cliente A\/R e pagamenti PBM<\/li>\n<li>Elimina l&#8217;analisi dei nastri di registro con rapporti POS chiari e concisi<\/li>\n<li>La chiusura di fine giornata richiede solo pochi minuti<\/li>\n<li>Crea date di inizio e fine per le promozioni in anticipo<\/li>\n<li>Aggiungi messaggi sugli articoli che ricordino agli impiegati di promozioni, cross-selling e up-sell di prodotti<\/li>\n<li>Identificare le tendenze di vendita per articolo, reparto o dopo ogni promozione<\/li>\n<li>Programma di spedizione tramite UPS e FedEx consente alle farmacie di spedire pacchi giornalieri<\/li>\n<li>Tieni facilmente traccia delle prescrizioni, delle firme e dei pagamenti consegnati con il Delivery Manager<\/li>\n<li>Proteggi i margini monitorando le sostituzioni dei prezzi<\/li>\n<li>Segnala automaticamente le prescrizioni di sostanze controllate<\/li>\n<li>Riferisce a pi\u00f9 programmi di monitoraggio statale senza alcuno sforzo aggiuntivo<\/li>\n<li>Mantiene automaticamente aggiornati i record modificati ed eliminati<\/li>\n<li>Garantisce che i requisiti statali siano soddisfatti prima dell&#8217;invio dei record<\/li>\n<li>Si integra con PKon Delivery e Shipping<\/li>\n<\/ul>\n<h4>LE RECENSIONI DEGLI UTENTI<\/h4>\n<p class=\"font-weight-bold mb-1 d-flex align-items-center\"><strong>Yunus W.&#8221;Il sistema \u00e8 facile da usare, in poche settimane puoi impararne i pro ei contro!&#8221;<\/strong><\/p>\n<p><strong>Commenti: <\/strong>Grande squadra di SRS Systems!<\/p>\n<p><strong>Pro: <\/strong>Ottieni pi\u00f9 di quanto hai pagato per questo sistema, perch\u00e9 il suo servizio clienti e la pronta risposta a qualsiasi problema\/domanda superano soprattutto!<\/p>\n<p><strong>Contro: <\/strong>L&#8217;unico neo che ho \u00e8 che il sistema \u00e8 il tipico monitor nero, tastiera, mouse, ecc. Mi piacerebbe vederlo in bianco?!!!<\/p>\n<p class=\"font-weight-bold mb-1 d-flex align-items-center\"><strong>Saad S.&#8221;Utente&#8221;<\/strong><\/p>\n<p><strong>Commenti: <\/strong>Esperienza molto positiva con il personale di supporto che affronta le esigenze quotidiane\u00a0SRS dovrebbe fare tutorial continui per i suoi utenti.<\/p>\n<p><strong>Pro: <\/strong>Il servizio clienti non \u00e8 secondo a nessuno. Sempre disponibile per supportarti, aiutarti e guidarti.<\/p>\n<p><strong>Contro: <\/strong>Necessit\u00e0 di stare al passo con ci\u00f2 che sta accadendo nel mondo farmaceutico di oggi, che \u00e8 in continua evoluzione e richiede sempre pi\u00f9 farmacista. Sfortunatamente, SRS deve prenderne atto. So che ci sono tentativi per affrontare tale problema, tuttavia, in questo momento \u00e8 necessario di pi\u00f9.\u00a0SRS non effettua alcuna formazione e aggiornamenti continui a meno che non venga richiesto individualmente.<\/p>\n<p class=\"font-weight-bold mb-1 d-flex align-items-center\"><strong>Mike B.&#8221;Software per farmacia SRS&#8221;<\/strong><\/p>\n<p><strong>Commenti: <\/strong>Siamo in grado di utilizzare il software SRS Pharmacy per i nostri servizi di farmacia che altre farmacie pagano a fornitori di terze parti, oltre al loro software per farmacie.<\/p>\n<p><strong>Pro: <\/strong>Il software SRS Pharmacy \u00e8 facile da imparare. Abbiamo compilato il farmacista utilizzando questo sistema in pochi minuti. Il miglior attributo di SRS \u00e8 il loro servizio clienti. Sono amichevoli e disponibili. La parte migliore \u00e8 che puoi parlare con una persona reale che risponde al telefono. Nelle rare occasioni in cui dobbiamo lasciare un messaggio, il tempo di attesa per una risposta \u00e8 minimo.<\/p>\n<p><strong>Contro: <\/strong>SRS ha pi\u00f9 funzionalit\u00e0 di quante tu possa conoscere, pi\u00f9 tutorial sarebbero fantastici. Quando chiamo per richiedere informazioni su come cercare informazioni, il sistema SRS ha gi\u00e0 la funzione, ho solo bisogno di sapere dove trovarla.<\/p>\n","protected":false},"excerpt":{"rendered":"<p>SRS Pharmacy Systems \u00e8 un sistema di gestione della farmacia progettato per aiutare le aziende farmaceutiche a gestire prescrizioni, configurazione del flusso di lavoro, elaborazione di carte di debito o di credito, scansione di codici a barre e altre operazioni amministrative su una piattaforma centralizzata.<\/p>\n","protected":false},"author":16,"featured_media":47081,"parent":46849,"menu_order":0,"comment_status":"open","ping_status":"closed","template":"g1_template_page_review_new.php","meta":{"_acf_changed":false,"cwp_meta_box_check":"No","cwp_rev_product_name":"","cwp_rev_product_image":"","wppr_links":[],"cwp_rev_price":"","wppr_options":[],"wppr_pros":[],"wppr_cons":[],"_monsterinsights_skip_tracking":false,"_monsterinsights_sitenote_active":false,"_monsterinsights_sitenote_note":"","_monsterinsights_sitenote_category":0,"footnotes":""},"categories":[10939],"tags":[11003,10966,10965,10947,10946,11004],"features":[],"class_list":{"0":"post-47080","1":"page","2":"type-page","3":"status-publish","4":"has-post-thumbnail","6":"category-gestionali-farmacie-cat","7":"tag-gestione-farmacie","8":"tag-piattaforma-gestionale-farmacie","9":"tag-programma-gestionale-farmacie","10":"tag-software-gestionale-farmacie","11":"tag-soluzione-gestionale-farmacie","12":"tag-srs-pharmacy-systems"},"wppr_data":{"cwp_meta_box_check":"No"},"acf":[],"yoast_head":"<!-- This site is optimized with the Yoast SEO plugin v27.4 - https:\/\/yoast.com\/product\/yoast-seo-wordpress\/ -->\n<title>SRS Pharmacy Systems: recensione gestione farmacie Accurate Reviews<\/title>\n<meta name=\"description\" content=\"SRS Pharmacy Systems: recensione sistema di gestione della farmacia progettato per aiutare le aziende farmaceutiche a organizzare l&#039;attivit\u00e0.\" \/>\n<meta name=\"robots\" content=\"index, follow, max-snippet:-1, max-image-preview:large, max-video-preview:-1\" \/>\n<link rel=\"canonical\" href=\"https:\/\/www.accuratereviews.com\/it\/gestionali-farmacie\/srs-pharmacy-systems-recensione\/\" \/>\n<meta property=\"og:locale\" content=\"it_IT\" \/>\n<meta property=\"og:type\" content=\"article\" \/>\n<meta property=\"og:title\" content=\"SRS Pharmacy Systems: recensione gestione farmacie Accurate Reviews\" \/>\n<meta property=\"og:description\" content=\"SRS Pharmacy Systems: recensione sistema di gestione della farmacia progettato per aiutare le aziende farmaceutiche a organizzare l&#039;attivit\u00e0.\" \/>\n<meta property=\"og:url\" content=\"https:\/\/www.accuratereviews.com\/it\/gestionali-farmacie\/srs-pharmacy-systems-recensione\/\" \/>\n<meta property=\"og:site_name\" content=\"Accurate Reviews\" \/>\n<meta property=\"og:image\" content=\"https:\/\/www.accuratereviews.com\/wp-content\/uploads\/2021\/08\/SRS-Pharmacy-Systems.png\" \/>\n\t<meta property=\"og:image:width\" content=\"400\" \/>\n\t<meta property=\"og:image:height\" content=\"222\" \/>\n\t<meta property=\"og:image:type\" content=\"image\/png\" \/>\n<meta name=\"twitter:card\" content=\"summary_large_image\" \/>\n<meta name=\"twitter:label1\" content=\"Tempo di lettura stimato\" \/>\n\t<meta name=\"twitter:data1\" content=\"3 minuti\" \/>\n<script type=\"application\/ld+json\" class=\"yoast-schema-graph\">{\"@context\":\"https:\\\/\\\/schema.org\",\"@graph\":[{\"@type\":\"WebPage\",\"@id\":\"https:\\\/\\\/www.accuratereviews.com\\\/it\\\/gestionali-farmacie\\\/srs-pharmacy-systems-recensione\\\/\",\"url\":\"https:\\\/\\\/www.accuratereviews.com\\\/it\\\/gestionali-farmacie\\\/srs-pharmacy-systems-recensione\\\/\",\"name\":\"SRS Pharmacy Systems: recensione gestione farmacie Accurate Reviews\",\"isPartOf\":{\"@id\":\"https:\\\/\\\/www.accuratereviews.com\\\/it\\\/#website\"},\"primaryImageOfPage\":{\"@id\":\"https:\\\/\\\/www.accuratereviews.com\\\/it\\\/gestionali-farmacie\\\/srs-pharmacy-systems-recensione\\\/#primaryimage\"},\"image\":{\"@id\":\"https:\\\/\\\/www.accuratereviews.com\\\/it\\\/gestionali-farmacie\\\/srs-pharmacy-systems-recensione\\\/#primaryimage\"},\"thumbnailUrl\":\"https:\\\/\\\/www.accuratereviews.com\\\/wp-content\\\/uploads\\\/2021\\\/08\\\/SRS-Pharmacy-Systems.png\",\"datePublished\":\"2021-08-30T10:25:36+00:00\",\"description\":\"SRS Pharmacy Systems: recensione sistema di gestione della farmacia progettato per aiutare le aziende farmaceutiche a organizzare l'attivit\u00e0.\",\"breadcrumb\":{\"@id\":\"https:\\\/\\\/www.accuratereviews.com\\\/it\\\/gestionali-farmacie\\\/srs-pharmacy-systems-recensione\\\/#breadcrumb\"},\"inLanguage\":\"it-IT\",\"potentialAction\":[{\"@type\":\"ReadAction\",\"target\":[\"https:\\\/\\\/www.accuratereviews.com\\\/it\\\/gestionali-farmacie\\\/srs-pharmacy-systems-recensione\\\/\"]}]},{\"@type\":\"ImageObject\",\"inLanguage\":\"it-IT\",\"@id\":\"https:\\\/\\\/www.accuratereviews.com\\\/it\\\/gestionali-farmacie\\\/srs-pharmacy-systems-recensione\\\/#primaryimage\",\"url\":\"https:\\\/\\\/www.accuratereviews.com\\\/wp-content\\\/uploads\\\/2021\\\/08\\\/SRS-Pharmacy-Systems.png\",\"contentUrl\":\"https:\\\/\\\/www.accuratereviews.com\\\/wp-content\\\/uploads\\\/2021\\\/08\\\/SRS-Pharmacy-Systems.png\",\"width\":400,\"height\":222},{\"@type\":\"BreadcrumbList\",\"@id\":\"https:\\\/\\\/www.accuratereviews.com\\\/it\\\/gestionali-farmacie\\\/srs-pharmacy-systems-recensione\\\/#breadcrumb\",\"itemListElement\":[{\"@type\":\"ListItem\",\"position\":1,\"name\":\"Home\",\"item\":\"https:\\\/\\\/www.accuratereviews.com\\\/it\\\/\"},{\"@type\":\"ListItem\",\"position\":2,\"name\":\"Gestionali per farmacie\",\"item\":\"https:\\\/\\\/www.accuratereviews.com\\\/it\\\/gestionali-farmacie\\\/\"},{\"@type\":\"ListItem\",\"position\":3,\"name\":\"SRS Pharmacy Systems\"}]},{\"@type\":\"WebSite\",\"@id\":\"https:\\\/\\\/www.accuratereviews.com\\\/it\\\/#website\",\"url\":\"https:\\\/\\\/www.accuratereviews.com\\\/it\\\/\",\"name\":\"Accurate Reviews\",\"description\":\"\",\"potentialAction\":[{\"@type\":\"SearchAction\",\"target\":{\"@type\":\"EntryPoint\",\"urlTemplate\":\"https:\\\/\\\/www.accuratereviews.com\\\/it\\\/?s={search_term_string}\"},\"query-input\":{\"@type\":\"PropertyValueSpecification\",\"valueRequired\":true,\"valueName\":\"search_term_string\"}}],\"inLanguage\":\"it-IT\"}]}<\/script>\n<!-- \/ Yoast SEO plugin. -->","yoast_head_json":{"title":"SRS Pharmacy Systems: recensione gestione farmacie Accurate Reviews","description":"SRS Pharmacy Systems: recensione sistema di gestione della farmacia progettato per aiutare le aziende farmaceutiche a organizzare l'attivit\u00e0.","robots":{"index":"index","follow":"follow","max-snippet":"max-snippet:-1","max-image-preview":"max-image-preview:large","max-video-preview":"max-video-preview:-1"},"canonical":"https:\/\/www.accuratereviews.com\/it\/gestionali-farmacie\/srs-pharmacy-systems-recensione\/","og_locale":"it_IT","og_type":"article","og_title":"SRS Pharmacy Systems: recensione gestione farmacie Accurate Reviews","og_description":"SRS Pharmacy Systems: recensione sistema di gestione della farmacia progettato per aiutare le aziende farmaceutiche a organizzare l'attivit\u00e0.","og_url":"https:\/\/www.accuratereviews.com\/it\/gestionali-farmacie\/srs-pharmacy-systems-recensione\/","og_site_name":"Accurate Reviews","og_image":[{"width":400,"height":222,"url":"https:\/\/www.accuratereviews.com\/wp-content\/uploads\/2021\/08\/SRS-Pharmacy-Systems.png","type":"image\/png"}],"twitter_card":"summary_large_image","twitter_misc":{"Tempo di lettura stimato":"3 minuti"},"schema":{"@context":"https:\/\/schema.org","@graph":[{"@type":"WebPage","@id":"https:\/\/www.accuratereviews.com\/it\/gestionali-farmacie\/srs-pharmacy-systems-recensione\/","url":"https:\/\/www.accuratereviews.com\/it\/gestionali-farmacie\/srs-pharmacy-systems-recensione\/","name":"SRS Pharmacy Systems: recensione gestione farmacie Accurate Reviews","isPartOf":{"@id":"https:\/\/www.accuratereviews.com\/it\/#website"},"primaryImageOfPage":{"@id":"https:\/\/www.accuratereviews.com\/it\/gestionali-farmacie\/srs-pharmacy-systems-recensione\/#primaryimage"},"image":{"@id":"https:\/\/www.accuratereviews.com\/it\/gestionali-farmacie\/srs-pharmacy-systems-recensione\/#primaryimage"},"thumbnailUrl":"https:\/\/www.accuratereviews.com\/wp-content\/uploads\/2021\/08\/SRS-Pharmacy-Systems.png","datePublished":"2021-08-30T10:25:36+00:00","description":"SRS Pharmacy Systems: recensione sistema di gestione della farmacia progettato per aiutare le aziende farmaceutiche a organizzare l'attivit\u00e0.","breadcrumb":{"@id":"https:\/\/www.accuratereviews.com\/it\/gestionali-farmacie\/srs-pharmacy-systems-recensione\/#breadcrumb"},"inLanguage":"it-IT","potentialAction":[{"@type":"ReadAction","target":["https:\/\/www.accuratereviews.com\/it\/gestionali-farmacie\/srs-pharmacy-systems-recensione\/"]}]},{"@type":"ImageObject","inLanguage":"it-IT","@id":"https:\/\/www.accuratereviews.com\/it\/gestionali-farmacie\/srs-pharmacy-systems-recensione\/#primaryimage","url":"https:\/\/www.accuratereviews.com\/wp-content\/uploads\/2021\/08\/SRS-Pharmacy-Systems.png","contentUrl":"https:\/\/www.accuratereviews.com\/wp-content\/uploads\/2021\/08\/SRS-Pharmacy-Systems.png","width":400,"height":222},{"@type":"BreadcrumbList","@id":"https:\/\/www.accuratereviews.com\/it\/gestionali-farmacie\/srs-pharmacy-systems-recensione\/#breadcrumb","itemListElement":[{"@type":"ListItem","position":1,"name":"Home","item":"https:\/\/www.accuratereviews.com\/it\/"},{"@type":"ListItem","position":2,"name":"Gestionali per farmacie","item":"https:\/\/www.accuratereviews.com\/it\/gestionali-farmacie\/"},{"@type":"ListItem","position":3,"name":"SRS Pharmacy Systems"}]},{"@type":"WebSite","@id":"https:\/\/www.accuratereviews.com\/it\/#website","url":"https:\/\/www.accuratereviews.com\/it\/","name":"Accurate Reviews","description":"","potentialAction":[{"@type":"SearchAction","target":{"@type":"EntryPoint","urlTemplate":"https:\/\/www.accuratereviews.com\/it\/?s={search_term_string}"},"query-input":{"@type":"PropertyValueSpecification","valueRequired":true,"valueName":"search_term_string"}}],"inLanguage":"it-IT"}]}},"_links":{"self":[{"href":"https:\/\/www.accuratereviews.com\/it\/wp-json\/wp\/v2\/pages\/47080","targetHints":{"allow":["GET"]}}],"collection":[{"href":"https:\/\/www.accuratereviews.com\/it\/wp-json\/wp\/v2\/pages"}],"about":[{"href":"https:\/\/www.accuratereviews.com\/it\/wp-json\/wp\/v2\/types\/page"}],"author":[{"embeddable":true,"href":"https:\/\/www.accuratereviews.com\/it\/wp-json\/wp\/v2\/users\/16"}],"replies":[{"embeddable":true,"href":"https:\/\/www.accuratereviews.com\/it\/wp-json\/wp\/v2\/comments?post=47080"}],"version-history":[{"count":9,"href":"https:\/\/www.accuratereviews.com\/it\/wp-json\/wp\/v2\/pages\/47080\/revisions"}],"predecessor-version":[{"id":47109,"href":"https:\/\/www.accuratereviews.com\/it\/wp-json\/wp\/v2\/pages\/47080\/revisions\/47109"}],"up":[{"embeddable":true,"href":"https:\/\/www.accuratereviews.com\/it\/wp-json\/wp\/v2\/pages\/46849"}],"wp:featuredmedia":[{"embeddable":true,"href":"https:\/\/www.accuratereviews.com\/it\/wp-json\/wp\/v2\/media\/47081"}],"wp:attachment":[{"href":"https:\/\/www.accuratereviews.com\/it\/wp-json\/wp\/v2\/media?parent=47080"}],"wp:term":[{"taxonomy":"category","embeddable":true,"href":"https:\/\/www.accuratereviews.com\/it\/wp-json\/wp\/v2\/categories?post=47080"},{"taxonomy":"post_tag","embeddable":true,"href":"https:\/\/www.accuratereviews.com\/it\/wp-json\/wp\/v2\/tags?post=47080"},{"taxonomy":"features","embeddable":true,"href":"https:\/\/www.accuratereviews.com\/it\/wp-json\/wp\/v2\/features?post=47080"}],"curies":[{"name":"wp","href":"https:\/\/api.w.org\/{rel}","templated":true}]}}