{"id":47120,"date":"2021-08-31T11:21:28","date_gmt":"2021-08-31T11:21:28","guid":{"rendered":"https:\/\/www.accuratereviews.com\/?page_id=47120"},"modified":"2021-08-31T11:21:28","modified_gmt":"2021-08-31T11:21:28","slug":"vip-pharmacy-recensione","status":"publish","type":"page","link":"https:\/\/www.accuratereviews.com\/it\/gestionali-farmacie\/vip-pharmacy-recensione\/","title":{"rendered":"VIP Pharmacy"},"content":{"rendered":"<p><strong>Vip Pharmacy<\/strong> \u00e8 un <strong>software di gestione della farmacia<\/strong> che aiuta i membri del personale a gestire il riordino dei farmaci, la contabilit\u00e0 clienti, il backup dei dati e altro su una piattaforma centralizzata. Viene fornito con un database medico nazionale DEA e NPI integrato, che semplifica il processo di verifica della prescrizione. Il software\u00a0consente ai dipendenti di condurre controlli di idoneit\u00e0 Medicare e verificare i dettagli del cliente. Le farmacie possono ricevere prescrizioni elettroniche e richieste di ricarica tramite sistemi IVR, applicazioni mobili e siti web. Le capacit\u00e0 di generazione e scansione di codici a barre consentono alle aziende di gestire un inventario perpetuo di tutte le scorte di medicinali. Fornisce report automatici sulle sostanze controllate, che consentono ai dipendenti di inviare report sulle vendite di sostanze controllate ai programmi di monitoraggio dei farmaci soggetti a prescrizione. Permette inoltre alle farmacie di rimanere aggiornate sulle politiche sull&#8217;uso dei farmaci accedendo a database clinici per farmaci, allergie e interazioni.<\/p>\n<h2>VIP PHARMACY &#8211; TUTORIAL<\/h2>\n<p>Il video che segue mostra le principali funzioni di questo <strong>software gestionale per farmacie<\/strong>:<\/p>\n<div id=\"fluid-wrapper-counter-1\" class=\"g1-fluid-wrapper \" style=\"width:686px;\">\n<div style=\"padding-bottom:56.268221574344%;\"><iframe loading=\"lazy\" title=\"VIP Pharmacy Systems | Fast, Intuitive, Software With Immediate and Personal User Support | Pharmacy Platinum Pages 2019\" src=\"https:\/\/player.vimeo.com\/video\/331462327?dnt=1&amp;app_id=122963&amp;h=12e4cabc15?title=0&amp;byline=0&amp;portrait=0\" width=\"686\" height=\"386\" frameborder=\"0\" allow=\"autoplay; fullscreen; picture-in-picture\" allowfullscreen><\/iframe><\/div>\n<\/div>\n<h3>VIP PHARMACY &#8211; CARATTERISTICHE<\/h3>\n<ul>\n<li>Server di sistema in loco<\/li>\n<li>Inventario perpetuo intelligente<\/li>\n<li>Riordino integrato dei farmaci del grossista<\/li>\n<li>Pre e post modifica<\/li>\n<li>Failover automatico dello switch<\/li>\n<li>Prescrizioni elettroniche e richieste di ricarica<\/li>\n<li>Ricevi ricariche Rx da sistemi IVR, app mobili e siti web<\/li>\n<li>Scansione e verifica delle immagini Rx<\/li>\n<li>Gestione di pi\u00f9 grossisti<\/li>\n<li>Backup fuori sede \/ ripristino di emergenza\u200b<\/li>\n<li>Codici Sig spagnoli e monografie<\/li>\n<li>Controlli di idoneit\u00e0 Medicare e Medicaid<\/li>\n<li>\u200bAggiornamenti software settimanali<\/li>\n<li>Interfacciato con Prescribe Wellness e Ateb<\/li>\n<li>Strumenti di aderenza e valutazione a 5 stelle<\/li>\n<li>Generazione e scansione di codici a barre<\/li>\n<li>Reporting di sostanze di controllo automatizzato<\/li>\n<li>Database clinici per farmaci, allergie e interazioni<\/li>\n<li>Interfacce Robot e Contapillole<\/li>\n<li>Riempimento addizionale e fatturazione elettronica\u200b<\/li>\n<li>Stampa della guida medica integrata<\/li>\n<li>Fatturazione del compenso del lavoratore<\/li>\n<li>Interfacce CoverMyMeds, NetRx e iMedicare<\/li>\n<li>Programmi di sconto<\/li>\n<li>340B programma di determinazione dei prezzi dei farmaci<\/li>\n<li>Newsletter settimanale<\/li>\n<li>Banche dati nazionali dei medici DEA\/NPI<\/li>\n<\/ul>\n<h4>LE RECENSIONI DEGLI UTENTI<\/h4>\n<p class=\"font-weight-bold mb-1 d-flex align-items-center\"><strong>Brock W.&#8221;Personale di supporto molto reattivo&#8221;<\/strong><\/p>\n<p><strong>Commenti: <\/strong>Bassi costi di avvio rispetto ai concorrenti. Programma molto leggero senza inutili campane. Pu\u00f2 facilmente aggiornare o espandere in base alle proprie esigenze.<\/p>\n<p><strong>Pro: <\/strong>Molto facile da usare. In grado di personalizzare in base alle tue esigenze esatte e pagare solo ci\u00f2 di cui hai bisogno. Ottimo rapporto qualit\u00e0 prezzo complessivo. Il personale di supporto locale \u00e8 molto reattivo e fa di tutto per aiutare.<\/p>\n<p><strong>Contro: <\/strong>L&#8217;integrazione con sistemi o programmi esterni pu\u00f2 essere limitata. A volte \u00e8 un po&#8217; pi\u00f9 difficile trovare farmacisti di soccorso che gi\u00e0 conoscono il sistema.<\/p>\n<p class=\"font-weight-bold mb-1 d-flex align-items-center\"><strong>Ron Z.&#8221;Servizio eccellente, risponde sempre alle domande rapidamente&#8221;<\/strong><\/p>\n<p><strong>Commenti: <\/strong>Gestisce la mia attivit\u00e0 ogni giorno! Non ho intenzione di cercare un altro sistema. Ottimo supporto e facile da usare.<\/p>\n<p><strong>Pro: <\/strong>Sono farmacista da quasi 20 anni. Questo \u00e8 uno dei sistemi pi\u00f9 facili da eseguire. Per la maggior parte un nuovo dipendente pu\u00f2 esserne sicuro in pochi giorni.<\/p>\n<p><strong>Contro: <\/strong>La cosa che mi piace di meno \u00e8 che gli scarti devono stampare, sembra sprecare carta. Gli scarti dei desideri potrebbero apparire sullo schermo.<\/p>\n<p class=\"font-weight-bold mb-1 d-flex align-items-center\"><strong>Tiffany B.&#8221;Abbiamo avuto VIP per 6+ anni e siamo stati contenti del loro servizio.&#8221;<\/strong><\/p>\n<p><strong>Pro: <\/strong>Il software \u00e8 facile da usare e facile da imparare all&#8217;uso da parte degli altri. \u00c8 molto veloce nell&#8217;elaborazione di una prescrizione, sia le nuove che le ricariche sono veloci. Inoltre, hanno un ottimo servizio clienti. Sono locali e amichevoli.<\/p>\n<p><strong>Contro: <\/strong>Sebbene VIP sia eccezionale nell&#8217;elaborazione, \u00e8 difficile documentare e tenere traccia di MTM e CMR nel flusso di lavoro.<\/p>\n<p>&nbsp;<\/p>\n","protected":false},"excerpt":{"rendered":"<p>Vip Pharmacy \u00e8 un software di gestione della farmacia che aiuta i membri del personale a gestire il riordino dei farmaci, la contabilit\u00e0 clienti, il backup dei dati e altro su una piattaforma centralizzata. Viene fornito con un database medico nazionale DEA e NPI integrato, che semplifica il processo di verifica della prescrizione.<\/p>\n","protected":false},"author":16,"featured_media":47121,"parent":46849,"menu_order":0,"comment_status":"open","ping_status":"closed","template":"g1_template_page_review_new.php","meta":{"_acf_changed":false,"cwp_meta_box_check":"Yes","cwp_rev_product_name":"","cwp_rev_product_image":"","wppr_links":[],"cwp_rev_price":"","wppr_options":[],"wppr_pros":[],"wppr_cons":[],"_monsterinsights_skip_tracking":false,"_monsterinsights_sitenote_active":false,"_monsterinsights_sitenote_note":"","_monsterinsights_sitenote_category":0,"footnotes":""},"categories":[10939],"tags":[10943,11013,10965,10947,10946,11015],"features":[],"class_list":{"0":"post-47120","1":"page","2":"type-page","3":"status-publish","4":"has-post-thumbnail","6":"category-gestionali-farmacie-cat","7":"tag-gestionale-farmacie","8":"tag-piattaforma-gestionale-farmacia","9":"tag-programma-gestionale-farmacie","10":"tag-software-gestionale-farmacie","11":"tag-soluzione-gestionale-farmacie","12":"tag-vip-pharmacy"},"wppr_data":{"cwp_meta_box_check":"Yes","cwp_rev_product_name":"","cwp_rev_product_image":"","cwp_image_link":"image","cwp_rev_price":"","wppr_rating":"0.00"},"acf":[],"yoast_head":"<!-- This site is optimized with the Yoast SEO plugin v26.0 - https:\/\/yoast.com\/wordpress\/plugins\/seo\/ -->\n<title>Vip Pharmacy: software gestionale farmacie - Accurate Reviews<\/title>\n<meta name=\"description\" content=\"Vip Pharmacy: recensione software di gestione della farmacia che aiuta i membri del personale a gestire l&#039;attivit\u00e0.\" \/>\n<meta name=\"robots\" content=\"index, follow, max-snippet:-1, max-image-preview:large, max-video-preview:-1\" \/>\n<link rel=\"canonical\" href=\"https:\/\/www.accuratereviews.com\/it\/gestionali-farmacie\/vip-pharmacy-recensione\/\" \/>\n<meta property=\"og:locale\" content=\"it_IT\" \/>\n<meta property=\"og:type\" content=\"article\" \/>\n<meta property=\"og:title\" content=\"Vip Pharmacy: software gestionale farmacie - Accurate Reviews\" \/>\n<meta property=\"og:description\" content=\"Vip Pharmacy: recensione software di gestione della farmacia che aiuta i membri del personale a gestire l&#039;attivit\u00e0.\" \/>\n<meta property=\"og:url\" content=\"https:\/\/www.accuratereviews.com\/it\/gestionali-farmacie\/vip-pharmacy-recensione\/\" \/>\n<meta property=\"og:site_name\" content=\"Accurate Reviews\" \/>\n<meta property=\"og:image\" content=\"https:\/\/www.accuratereviews.com\/wp-content\/uploads\/2021\/08\/VIP-Pharmacy.png\" \/>\n\t<meta property=\"og:image:width\" content=\"225\" \/>\n\t<meta property=\"og:image:height\" content=\"225\" \/>\n\t<meta property=\"og:image:type\" content=\"image\/png\" \/>\n<meta name=\"twitter:card\" content=\"summary_large_image\" \/>\n<meta name=\"twitter:label1\" content=\"Tempo di lettura stimato\" \/>\n\t<meta name=\"twitter:data1\" content=\"3 minuti\" \/>\n<script type=\"application\/ld+json\" class=\"yoast-schema-graph\">{\"@context\":\"https:\/\/schema.org\",\"@graph\":[{\"@type\":\"WebPage\",\"@id\":\"https:\/\/www.accuratereviews.com\/it\/gestionali-farmacie\/vip-pharmacy-recensione\/\",\"url\":\"https:\/\/www.accuratereviews.com\/it\/gestionali-farmacie\/vip-pharmacy-recensione\/\",\"name\":\"Vip Pharmacy: software gestionale farmacie - Accurate Reviews\",\"isPartOf\":{\"@id\":\"https:\/\/www.accuratereviews.com\/it\/#website\"},\"primaryImageOfPage\":{\"@id\":\"https:\/\/www.accuratereviews.com\/it\/gestionali-farmacie\/vip-pharmacy-recensione\/#primaryimage\"},\"image\":{\"@id\":\"https:\/\/www.accuratereviews.com\/it\/gestionali-farmacie\/vip-pharmacy-recensione\/#primaryimage\"},\"thumbnailUrl\":\"https:\/\/www.accuratereviews.com\/wp-content\/uploads\/2021\/08\/VIP-Pharmacy.png\",\"datePublished\":\"2021-08-31T11:21:28+00:00\",\"description\":\"Vip Pharmacy: recensione software di gestione della farmacia che aiuta i membri del personale a gestire l'attivit\u00e0.\",\"breadcrumb\":{\"@id\":\"https:\/\/www.accuratereviews.com\/it\/gestionali-farmacie\/vip-pharmacy-recensione\/#breadcrumb\"},\"inLanguage\":\"it-IT\",\"potentialAction\":[{\"@type\":\"ReadAction\",\"target\":[\"https:\/\/www.accuratereviews.com\/it\/gestionali-farmacie\/vip-pharmacy-recensione\/\"]}]},{\"@type\":\"ImageObject\",\"inLanguage\":\"it-IT\",\"@id\":\"https:\/\/www.accuratereviews.com\/it\/gestionali-farmacie\/vip-pharmacy-recensione\/#primaryimage\",\"url\":\"https:\/\/www.accuratereviews.com\/wp-content\/uploads\/2021\/08\/VIP-Pharmacy.png\",\"contentUrl\":\"https:\/\/www.accuratereviews.com\/wp-content\/uploads\/2021\/08\/VIP-Pharmacy.png\",\"width\":225,\"height\":225},{\"@type\":\"BreadcrumbList\",\"@id\":\"https:\/\/www.accuratereviews.com\/it\/gestionali-farmacie\/vip-pharmacy-recensione\/#breadcrumb\",\"itemListElement\":[{\"@type\":\"ListItem\",\"position\":1,\"name\":\"Home\",\"item\":\"https:\/\/www.accuratereviews.com\/it\/\"},{\"@type\":\"ListItem\",\"position\":2,\"name\":\"Gestionali per farmacie\",\"item\":\"https:\/\/www.accuratereviews.com\/it\/gestionali-farmacie\/\"},{\"@type\":\"ListItem\",\"position\":3,\"name\":\"VIP Pharmacy\"}]},{\"@type\":\"WebSite\",\"@id\":\"https:\/\/www.accuratereviews.com\/it\/#website\",\"url\":\"https:\/\/www.accuratereviews.com\/it\/\",\"name\":\"Accurate Reviews\",\"description\":\"\",\"potentialAction\":[{\"@type\":\"SearchAction\",\"target\":{\"@type\":\"EntryPoint\",\"urlTemplate\":\"https:\/\/www.accuratereviews.com\/it\/?s={search_term_string}\"},\"query-input\":{\"@type\":\"PropertyValueSpecification\",\"valueRequired\":true,\"valueName\":\"search_term_string\"}}],\"inLanguage\":\"it-IT\"}]}<\/script>\n<!-- \/ Yoast SEO plugin. -->","yoast_head_json":{"title":"Vip Pharmacy: software gestionale farmacie - Accurate Reviews","description":"Vip Pharmacy: recensione software di gestione della farmacia che aiuta i membri del personale a gestire l'attivit\u00e0.","robots":{"index":"index","follow":"follow","max-snippet":"max-snippet:-1","max-image-preview":"max-image-preview:large","max-video-preview":"max-video-preview:-1"},"canonical":"https:\/\/www.accuratereviews.com\/it\/gestionali-farmacie\/vip-pharmacy-recensione\/","og_locale":"it_IT","og_type":"article","og_title":"Vip Pharmacy: software gestionale farmacie - Accurate Reviews","og_description":"Vip Pharmacy: recensione software di gestione della farmacia che aiuta i membri del personale a gestire l'attivit\u00e0.","og_url":"https:\/\/www.accuratereviews.com\/it\/gestionali-farmacie\/vip-pharmacy-recensione\/","og_site_name":"Accurate Reviews","og_image":[{"width":225,"height":225,"url":"https:\/\/www.accuratereviews.com\/wp-content\/uploads\/2021\/08\/VIP-Pharmacy.png","type":"image\/png"}],"twitter_card":"summary_large_image","twitter_misc":{"Tempo di lettura stimato":"3 minuti"},"schema":{"@context":"https:\/\/schema.org","@graph":[{"@type":"WebPage","@id":"https:\/\/www.accuratereviews.com\/it\/gestionali-farmacie\/vip-pharmacy-recensione\/","url":"https:\/\/www.accuratereviews.com\/it\/gestionali-farmacie\/vip-pharmacy-recensione\/","name":"Vip Pharmacy: software gestionale farmacie - Accurate Reviews","isPartOf":{"@id":"https:\/\/www.accuratereviews.com\/it\/#website"},"primaryImageOfPage":{"@id":"https:\/\/www.accuratereviews.com\/it\/gestionali-farmacie\/vip-pharmacy-recensione\/#primaryimage"},"image":{"@id":"https:\/\/www.accuratereviews.com\/it\/gestionali-farmacie\/vip-pharmacy-recensione\/#primaryimage"},"thumbnailUrl":"https:\/\/www.accuratereviews.com\/wp-content\/uploads\/2021\/08\/VIP-Pharmacy.png","datePublished":"2021-08-31T11:21:28+00:00","description":"Vip Pharmacy: recensione software di gestione della farmacia che aiuta i membri del personale a gestire l'attivit\u00e0.","breadcrumb":{"@id":"https:\/\/www.accuratereviews.com\/it\/gestionali-farmacie\/vip-pharmacy-recensione\/#breadcrumb"},"inLanguage":"it-IT","potentialAction":[{"@type":"ReadAction","target":["https:\/\/www.accuratereviews.com\/it\/gestionali-farmacie\/vip-pharmacy-recensione\/"]}]},{"@type":"ImageObject","inLanguage":"it-IT","@id":"https:\/\/www.accuratereviews.com\/it\/gestionali-farmacie\/vip-pharmacy-recensione\/#primaryimage","url":"https:\/\/www.accuratereviews.com\/wp-content\/uploads\/2021\/08\/VIP-Pharmacy.png","contentUrl":"https:\/\/www.accuratereviews.com\/wp-content\/uploads\/2021\/08\/VIP-Pharmacy.png","width":225,"height":225},{"@type":"BreadcrumbList","@id":"https:\/\/www.accuratereviews.com\/it\/gestionali-farmacie\/vip-pharmacy-recensione\/#breadcrumb","itemListElement":[{"@type":"ListItem","position":1,"name":"Home","item":"https:\/\/www.accuratereviews.com\/it\/"},{"@type":"ListItem","position":2,"name":"Gestionali per farmacie","item":"https:\/\/www.accuratereviews.com\/it\/gestionali-farmacie\/"},{"@type":"ListItem","position":3,"name":"VIP Pharmacy"}]},{"@type":"WebSite","@id":"https:\/\/www.accuratereviews.com\/it\/#website","url":"https:\/\/www.accuratereviews.com\/it\/","name":"Accurate Reviews","description":"","potentialAction":[{"@type":"SearchAction","target":{"@type":"EntryPoint","urlTemplate":"https:\/\/www.accuratereviews.com\/it\/?s={search_term_string}"},"query-input":{"@type":"PropertyValueSpecification","valueRequired":true,"valueName":"search_term_string"}}],"inLanguage":"it-IT"}]}},"_links":{"self":[{"href":"https:\/\/www.accuratereviews.com\/it\/wp-json\/wp\/v2\/pages\/47120","targetHints":{"allow":["GET"]}}],"collection":[{"href":"https:\/\/www.accuratereviews.com\/it\/wp-json\/wp\/v2\/pages"}],"about":[{"href":"https:\/\/www.accuratereviews.com\/it\/wp-json\/wp\/v2\/types\/page"}],"author":[{"embeddable":true,"href":"https:\/\/www.accuratereviews.com\/it\/wp-json\/wp\/v2\/users\/16"}],"replies":[{"embeddable":true,"href":"https:\/\/www.accuratereviews.com\/it\/wp-json\/wp\/v2\/comments?post=47120"}],"version-history":[{"count":9,"href":"https:\/\/www.accuratereviews.com\/it\/wp-json\/wp\/v2\/pages\/47120\/revisions"}],"predecessor-version":[{"id":47168,"href":"https:\/\/www.accuratereviews.com\/it\/wp-json\/wp\/v2\/pages\/47120\/revisions\/47168"}],"up":[{"embeddable":true,"href":"https:\/\/www.accuratereviews.com\/it\/wp-json\/wp\/v2\/pages\/46849"}],"wp:featuredmedia":[{"embeddable":true,"href":"https:\/\/www.accuratereviews.com\/it\/wp-json\/wp\/v2\/media\/47121"}],"wp:attachment":[{"href":"https:\/\/www.accuratereviews.com\/it\/wp-json\/wp\/v2\/media?parent=47120"}],"wp:term":[{"taxonomy":"category","embeddable":true,"href":"https:\/\/www.accuratereviews.com\/it\/wp-json\/wp\/v2\/categories?post=47120"},{"taxonomy":"post_tag","embeddable":true,"href":"https:\/\/www.accuratereviews.com\/it\/wp-json\/wp\/v2\/tags?post=47120"},{"taxonomy":"features","embeddable":true,"href":"https:\/\/www.accuratereviews.com\/it\/wp-json\/wp\/v2\/features?post=47120"}],"curies":[{"name":"wp","href":"https:\/\/api.w.org\/{rel}","templated":true}]}}