{"id":47127,"date":"2021-08-31T11:12:24","date_gmt":"2021-08-31T11:12:24","guid":{"rendered":"https:\/\/www.accuratereviews.com\/?page_id=47127"},"modified":"2021-09-01T07:09:03","modified_gmt":"2021-09-01T07:09:03","slug":"cerner-recensione","status":"publish","type":"page","link":"https:\/\/www.accuratereviews.com\/it\/gestionali-farmacie\/cerner-recensione\/","title":{"rendered":"Cerner"},"content":{"rendered":"<p>Il software <strong>Cerner<\/strong> \u00e8 una <strong>soluzione per il settore sanitario<\/strong> che si rivolge principalmente a studi su larga scala. La soluzione pu\u00f2 essere distribuita sia nel cloud che on-premise.\u00a0<strong>Cerner<\/strong> consente agli utenti di personalizzare la pianificazione delle sale e delle apparecchiature in base alle esigenze delle loro pratiche. Incorpora inoltre messaggi di avviso per informare gli amministratori dei requisiti critici relativi al paziente. La soluzione combina un indice principale dei pazienti con profili assicurativi per ridurre gli errori di immissione dei dati durante la registrazione e il costo di iscrizione. Questo \u00e8 ulteriormente integrato con dati finanziari e amministrativi. Altre caratteristiche includono la gestione delle malattie e delle condizioni, il pagamento delle bollette online e la messaggistica. La soluzione \u00e8 certificata CCHIT e ISO9001. Offre una funzione di pre-prezzo, nonch\u00e9 codici di esplosione per incontri predefiniti che aiutano nell&#8217;immissione dei dati.<\/p>\n<h2>CERNER &#8211; TUTORIAL<\/h2>\n<p>Ecco un video tutorial su questo <strong>software gestionale per farmacie<\/strong>:<\/p>\n<div id=\"fluid-wrapper-counter-1\" class=\"g1-fluid-wrapper \" style=\"width:686px;\">\n<div style=\"padding-bottom:56.268221574344%;\"><iframe loading=\"lazy\" title=\"MAR.MAW\" width=\"686\" height=\"386\" src=\"https:\/\/www.youtube.com\/embed\/J7WRXLjL4RA?list=PLMRV9onE2gSBI8P2OnB3TrDh9do74HqTM\" frameborder=\"0\" allow=\"accelerometer; autoplay; clipboard-write; encrypted-media; gyroscope; picture-in-picture\" allowfullscreen><\/iframe><\/div>\n<\/div>\n<h3>CERNER &#8211; CARATTERISTICHE<\/h3>\n<ul>\n<li><strong>Erogazione automatizzato farmaci<\/strong>: fornisce un unico formulario in tutto il sistema sanitario, progettato per aiutare infermieri e farmacisti a gestire in modo efficiente l&#8217;erogazione e la somministrazione dei farmaci<\/li>\n<li><strong>Database dei farmaci<\/strong>: database di farmaci, erbe e nutraceutici \u00e8 una risorsa leader del settore progettata per assistervi nei vostri sforzi per l&#8217;uso sicuro dei farmaci e ridurre i decessi a seguito di somministrazione di farmaci sbagliati<\/li>\n<li><strong>Farmacia ospedaliera<\/strong>: il processo di somministrazione dei farmaci \u00e8 uno dei fattori chiave per fornire un&#8217;assistenza sicura al paziente. Utilizzando la soluzione Farmacia ospedaliera, la farmacia e il personale clinico possono automatizzare i propri processi, progettati per consentire ai pazienti di ricevere il farmaco giusto al momento giusto<\/li>\n<li><strong>Inventario della farmacia<\/strong>: progettato per aiutare la tua organizzazione a non rimanere senza farmaci fornendo un elenco di ordini generato dal sistema raccolto dalle transazioni cliniche<\/li>\n<li><strong>Farmacia al dettaglio<\/strong>:\u00a0sistema integrato di farmacia al dettaglio all&#8217;interno dell&#8217;ambulatorio o della farmacia al dettaglio del sistema sanitario pu\u00f2 aiutare a monitorare i pazienti dopo che hanno lasciato la struttura.<\/li>\n<\/ul>\n<h4>LE RECENSIONI DEGLI UTENTI<\/h4>\n<h5 class=\"font-weight-bold mb-1 d-flex align-items-center\">Solomiya V.&#8221;Recensione del sistema di gestione della farmacia Cerner&#8221;<\/h5>\n<p><strong>Pro: <\/strong>Cerner \u00e8 un software facile da usare per l&#8217;elaborazione degli ordini di farmaci per la gestione della farmacia ospedaliera. Il software \u00e8 personalizzabile per ogni istituto ma abbastanza facile da usare su tutta la linea. Include il controllo delle interazioni farmacologiche integrato e pu\u00f2 essere utilizzato per generare tutti i tipi di rapporti sull&#8217;uso di farmaci. Anche le duplicazioni dei farmaci e gli avvisi di controllo dell&#8217;intervallo di dose sono un componente chiave di questo software. L&#8217;EHR del paziente \u00e8 facilmente raggiungibile con un clic sul profilo del farmaco del paziente in Medication Manager.<\/p>\n<p><strong>Contro: <\/strong>Il tempo di aggiornamento pu\u00f2 ritardare, soprattutto quando ci sono molti ordini in arrivo contemporaneamente.<\/p>\n<p class=\"font-weight-bold mb-1 d-flex align-items-center\"><strong>Mallory G.&#8221;Sistema facile e intuitivo per l&#8217;erogazione e l&#8217;amministrazione se utilizzato con PPID.&#8221;<\/strong><\/p>\n<p><strong>Commenti: <\/strong>Software per farmacia facile da usare. Erogazione facile e inventario facile. Veloce da imparare e raccogliere. Altamente raccomandato.<\/p>\n<p><strong>Pro: <\/strong>Ci piace la parte dell&#8217;inventario, \u00e8 facile da mantenere e modificare. La dispensa con questo sistema \u00e8 molto integrata, si aggiorna in tutta PowerChart. Facile da usare e facile da capire per i nuovi utenti.<\/p>\n<p><strong>Contro: <\/strong>A volte pu\u00f2 essere difficile ricevere ordini per tempi di inattivit\u00e0. La quantit\u00e0 di massa dopo un periodo di inattivit\u00e0 a volte richiede un minuto per essere aggiornata correttamente.<\/p>\n<h5 class=\"font-weight-bold mb-1 d-flex align-items-center\">Kiara M.&#8221;Abbastanza facile da usare&#8221;<\/h5>\n<p><strong>Pro: <\/strong>Cerner \u00e8 abbastanza facile da navigare. I controlli utente sono abbastanza semplici. La capacit\u00e0 di vedere dove si trova il paziente \u00e8 un vantaggio.<\/p>\n<p><strong>Contro: <\/strong>A volte si blocca. Quando ci\u00f2 accade, di solito rimane bloccato e devo spegnere completamente il sistema.<\/p>\n<p>&nbsp;<\/p>\n","protected":false},"excerpt":{"rendered":"<p>Il software Cerner \u00a0\u00e8 una soluzione per il settore sanitario che si rivolge principalmente a studi su larga scala. La soluzione pu\u00f2 essere distribuita sia nel cloud che on-premise.\u00a0Cerner consente agli utenti di personalizzare la pianificazione delle sale e delle apparecchiature in base alle esigenze delle loro pratiche.<\/p>\n","protected":false},"author":16,"featured_media":47148,"parent":46849,"menu_order":0,"comment_status":"open","ping_status":"closed","template":"g1_template_page_review_new.php","meta":{"_acf_changed":false,"cwp_meta_box_check":"Yes","cwp_rev_product_name":"","cwp_rev_product_image":"","wppr_links":[],"cwp_rev_price":"","wppr_options":[],"wppr_pros":[],"wppr_cons":[],"_monsterinsights_skip_tracking":false,"_monsterinsights_sitenote_active":false,"_monsterinsights_sitenote_note":"","_monsterinsights_sitenote_category":0,"footnotes":""},"categories":[10939],"tags":[11014,396,10942,11013,11012,11011,11010],"features":[],"class_list":{"0":"post-47127","1":"page","2":"type-page","3":"status-publish","4":"has-post-thumbnail","6":"category-gestionali-farmacie-cat","7":"tag-cerner","8":"tag-cloud","9":"tag-gestionale-farmacia","10":"tag-piattaforma-gestionale-farmacia","11":"tag-programma-gestionale-farmacia","12":"tag-software-gestionale-farmacia","13":"tag-soluzione-gestionale-farmacia"},"wppr_data":{"cwp_meta_box_check":"Yes","cwp_rev_product_name":"","cwp_rev_product_image":"","cwp_image_link":"image","cwp_rev_price":"","wppr_rating":"0.00"},"acf":[],"yoast_head":"<!-- This site is optimized with the Yoast SEO plugin v27.4 - https:\/\/yoast.com\/product\/yoast-seo-wordpress\/ -->\n<title>Cerner: recensione software gestionale farmacie - Accurate Reviews<\/title>\n<meta name=\"description\" content=\"Cerner: recensione soluzione per il settore sanitario che si rivolge principalmente a studi su larga scala.\" \/>\n<meta name=\"robots\" content=\"index, follow, max-snippet:-1, max-image-preview:large, max-video-preview:-1\" \/>\n<link rel=\"canonical\" href=\"https:\/\/www.accuratereviews.com\/it\/gestionali-farmacie\/cerner-recensione\/\" \/>\n<meta property=\"og:locale\" content=\"it_IT\" \/>\n<meta property=\"og:type\" content=\"article\" \/>\n<meta property=\"og:title\" content=\"Cerner: recensione software gestionale farmacie - Accurate Reviews\" \/>\n<meta property=\"og:description\" content=\"Cerner: recensione soluzione per il settore sanitario che si rivolge principalmente a studi su larga scala.\" \/>\n<meta property=\"og:url\" content=\"https:\/\/www.accuratereviews.com\/it\/gestionali-farmacie\/cerner-recensione\/\" \/>\n<meta property=\"og:site_name\" content=\"Accurate Reviews\" \/>\n<meta property=\"article:modified_time\" content=\"2021-09-01T07:09:03+00:00\" \/>\n<meta property=\"og:image\" content=\"https:\/\/www.accuratereviews.com\/wp-content\/uploads\/2021\/08\/cerner.jpg\" \/>\n\t<meta property=\"og:image:width\" content=\"500\" \/>\n\t<meta property=\"og:image:height\" content=\"301\" \/>\n\t<meta property=\"og:image:type\" content=\"image\/jpeg\" \/>\n<meta name=\"twitter:card\" content=\"summary_large_image\" \/>\n<meta name=\"twitter:label1\" content=\"Tempo di lettura stimato\" \/>\n\t<meta name=\"twitter:data1\" content=\"3 minuti\" \/>\n<script type=\"application\/ld+json\" class=\"yoast-schema-graph\">{\"@context\":\"https:\\\/\\\/schema.org\",\"@graph\":[{\"@type\":\"WebPage\",\"@id\":\"https:\\\/\\\/www.accuratereviews.com\\\/it\\\/gestionali-farmacie\\\/cerner-recensione\\\/\",\"url\":\"https:\\\/\\\/www.accuratereviews.com\\\/it\\\/gestionali-farmacie\\\/cerner-recensione\\\/\",\"name\":\"Cerner: recensione software gestionale farmacie - Accurate Reviews\",\"isPartOf\":{\"@id\":\"https:\\\/\\\/www.accuratereviews.com\\\/it\\\/#website\"},\"primaryImageOfPage\":{\"@id\":\"https:\\\/\\\/www.accuratereviews.com\\\/it\\\/gestionali-farmacie\\\/cerner-recensione\\\/#primaryimage\"},\"image\":{\"@id\":\"https:\\\/\\\/www.accuratereviews.com\\\/it\\\/gestionali-farmacie\\\/cerner-recensione\\\/#primaryimage\"},\"thumbnailUrl\":\"https:\\\/\\\/www.accuratereviews.com\\\/wp-content\\\/uploads\\\/2021\\\/08\\\/cerner.jpg\",\"datePublished\":\"2021-08-31T11:12:24+00:00\",\"dateModified\":\"2021-09-01T07:09:03+00:00\",\"description\":\"Cerner: recensione soluzione per il settore sanitario che si rivolge principalmente a studi su larga scala.\",\"breadcrumb\":{\"@id\":\"https:\\\/\\\/www.accuratereviews.com\\\/it\\\/gestionali-farmacie\\\/cerner-recensione\\\/#breadcrumb\"},\"inLanguage\":\"it-IT\",\"potentialAction\":[{\"@type\":\"ReadAction\",\"target\":[\"https:\\\/\\\/www.accuratereviews.com\\\/it\\\/gestionali-farmacie\\\/cerner-recensione\\\/\"]}]},{\"@type\":\"ImageObject\",\"inLanguage\":\"it-IT\",\"@id\":\"https:\\\/\\\/www.accuratereviews.com\\\/it\\\/gestionali-farmacie\\\/cerner-recensione\\\/#primaryimage\",\"url\":\"https:\\\/\\\/www.accuratereviews.com\\\/wp-content\\\/uploads\\\/2021\\\/08\\\/cerner.jpg\",\"contentUrl\":\"https:\\\/\\\/www.accuratereviews.com\\\/wp-content\\\/uploads\\\/2021\\\/08\\\/cerner.jpg\",\"width\":500,\"height\":301},{\"@type\":\"BreadcrumbList\",\"@id\":\"https:\\\/\\\/www.accuratereviews.com\\\/it\\\/gestionali-farmacie\\\/cerner-recensione\\\/#breadcrumb\",\"itemListElement\":[{\"@type\":\"ListItem\",\"position\":1,\"name\":\"Home\",\"item\":\"https:\\\/\\\/www.accuratereviews.com\\\/it\\\/\"},{\"@type\":\"ListItem\",\"position\":2,\"name\":\"Gestionali per farmacie\",\"item\":\"https:\\\/\\\/www.accuratereviews.com\\\/it\\\/gestionali-farmacie\\\/\"},{\"@type\":\"ListItem\",\"position\":3,\"name\":\"Cerner\"}]},{\"@type\":\"WebSite\",\"@id\":\"https:\\\/\\\/www.accuratereviews.com\\\/it\\\/#website\",\"url\":\"https:\\\/\\\/www.accuratereviews.com\\\/it\\\/\",\"name\":\"Accurate Reviews\",\"description\":\"\",\"potentialAction\":[{\"@type\":\"SearchAction\",\"target\":{\"@type\":\"EntryPoint\",\"urlTemplate\":\"https:\\\/\\\/www.accuratereviews.com\\\/it\\\/?s={search_term_string}\"},\"query-input\":{\"@type\":\"PropertyValueSpecification\",\"valueRequired\":true,\"valueName\":\"search_term_string\"}}],\"inLanguage\":\"it-IT\"}]}<\/script>\n<!-- \/ Yoast SEO plugin. -->","yoast_head_json":{"title":"Cerner: recensione software gestionale farmacie - Accurate Reviews","description":"Cerner: recensione soluzione per il settore sanitario che si rivolge principalmente a studi su larga scala.","robots":{"index":"index","follow":"follow","max-snippet":"max-snippet:-1","max-image-preview":"max-image-preview:large","max-video-preview":"max-video-preview:-1"},"canonical":"https:\/\/www.accuratereviews.com\/it\/gestionali-farmacie\/cerner-recensione\/","og_locale":"it_IT","og_type":"article","og_title":"Cerner: recensione software gestionale farmacie - Accurate Reviews","og_description":"Cerner: recensione soluzione per il settore sanitario che si rivolge principalmente a studi su larga scala.","og_url":"https:\/\/www.accuratereviews.com\/it\/gestionali-farmacie\/cerner-recensione\/","og_site_name":"Accurate Reviews","article_modified_time":"2021-09-01T07:09:03+00:00","og_image":[{"width":500,"height":301,"url":"https:\/\/www.accuratereviews.com\/wp-content\/uploads\/2021\/08\/cerner.jpg","type":"image\/jpeg"}],"twitter_card":"summary_large_image","twitter_misc":{"Tempo di lettura stimato":"3 minuti"},"schema":{"@context":"https:\/\/schema.org","@graph":[{"@type":"WebPage","@id":"https:\/\/www.accuratereviews.com\/it\/gestionali-farmacie\/cerner-recensione\/","url":"https:\/\/www.accuratereviews.com\/it\/gestionali-farmacie\/cerner-recensione\/","name":"Cerner: recensione software gestionale farmacie - Accurate Reviews","isPartOf":{"@id":"https:\/\/www.accuratereviews.com\/it\/#website"},"primaryImageOfPage":{"@id":"https:\/\/www.accuratereviews.com\/it\/gestionali-farmacie\/cerner-recensione\/#primaryimage"},"image":{"@id":"https:\/\/www.accuratereviews.com\/it\/gestionali-farmacie\/cerner-recensione\/#primaryimage"},"thumbnailUrl":"https:\/\/www.accuratereviews.com\/wp-content\/uploads\/2021\/08\/cerner.jpg","datePublished":"2021-08-31T11:12:24+00:00","dateModified":"2021-09-01T07:09:03+00:00","description":"Cerner: recensione soluzione per il settore sanitario che si rivolge principalmente a studi su larga scala.","breadcrumb":{"@id":"https:\/\/www.accuratereviews.com\/it\/gestionali-farmacie\/cerner-recensione\/#breadcrumb"},"inLanguage":"it-IT","potentialAction":[{"@type":"ReadAction","target":["https:\/\/www.accuratereviews.com\/it\/gestionali-farmacie\/cerner-recensione\/"]}]},{"@type":"ImageObject","inLanguage":"it-IT","@id":"https:\/\/www.accuratereviews.com\/it\/gestionali-farmacie\/cerner-recensione\/#primaryimage","url":"https:\/\/www.accuratereviews.com\/wp-content\/uploads\/2021\/08\/cerner.jpg","contentUrl":"https:\/\/www.accuratereviews.com\/wp-content\/uploads\/2021\/08\/cerner.jpg","width":500,"height":301},{"@type":"BreadcrumbList","@id":"https:\/\/www.accuratereviews.com\/it\/gestionali-farmacie\/cerner-recensione\/#breadcrumb","itemListElement":[{"@type":"ListItem","position":1,"name":"Home","item":"https:\/\/www.accuratereviews.com\/it\/"},{"@type":"ListItem","position":2,"name":"Gestionali per farmacie","item":"https:\/\/www.accuratereviews.com\/it\/gestionali-farmacie\/"},{"@type":"ListItem","position":3,"name":"Cerner"}]},{"@type":"WebSite","@id":"https:\/\/www.accuratereviews.com\/it\/#website","url":"https:\/\/www.accuratereviews.com\/it\/","name":"Accurate Reviews","description":"","potentialAction":[{"@type":"SearchAction","target":{"@type":"EntryPoint","urlTemplate":"https:\/\/www.accuratereviews.com\/it\/?s={search_term_string}"},"query-input":{"@type":"PropertyValueSpecification","valueRequired":true,"valueName":"search_term_string"}}],"inLanguage":"it-IT"}]}},"_links":{"self":[{"href":"https:\/\/www.accuratereviews.com\/it\/wp-json\/wp\/v2\/pages\/47127","targetHints":{"allow":["GET"]}}],"collection":[{"href":"https:\/\/www.accuratereviews.com\/it\/wp-json\/wp\/v2\/pages"}],"about":[{"href":"https:\/\/www.accuratereviews.com\/it\/wp-json\/wp\/v2\/types\/page"}],"author":[{"embeddable":true,"href":"https:\/\/www.accuratereviews.com\/it\/wp-json\/wp\/v2\/users\/16"}],"replies":[{"embeddable":true,"href":"https:\/\/www.accuratereviews.com\/it\/wp-json\/wp\/v2\/comments?post=47127"}],"version-history":[{"count":9,"href":"https:\/\/www.accuratereviews.com\/it\/wp-json\/wp\/v2\/pages\/47127\/revisions"}],"predecessor-version":[{"id":47179,"href":"https:\/\/www.accuratereviews.com\/it\/wp-json\/wp\/v2\/pages\/47127\/revisions\/47179"}],"up":[{"embeddable":true,"href":"https:\/\/www.accuratereviews.com\/it\/wp-json\/wp\/v2\/pages\/46849"}],"wp:featuredmedia":[{"embeddable":true,"href":"https:\/\/www.accuratereviews.com\/it\/wp-json\/wp\/v2\/media\/47148"}],"wp:attachment":[{"href":"https:\/\/www.accuratereviews.com\/it\/wp-json\/wp\/v2\/media?parent=47127"}],"wp:term":[{"taxonomy":"category","embeddable":true,"href":"https:\/\/www.accuratereviews.com\/it\/wp-json\/wp\/v2\/categories?post=47127"},{"taxonomy":"post_tag","embeddable":true,"href":"https:\/\/www.accuratereviews.com\/it\/wp-json\/wp\/v2\/tags?post=47127"},{"taxonomy":"features","embeddable":true,"href":"https:\/\/www.accuratereviews.com\/it\/wp-json\/wp\/v2\/features?post=47127"}],"curies":[{"name":"wp","href":"https:\/\/api.w.org\/{rel}","templated":true}]}}