{"id":47169,"date":"2021-09-01T11:26:55","date_gmt":"2021-09-01T11:26:55","guid":{"rendered":"https:\/\/www.accuratereviews.com\/?page_id=47169"},"modified":"2021-09-01T11:26:55","modified_gmt":"2021-09-01T11:26:55","slug":"drfirst-recensione","status":"publish","type":"page","link":"https:\/\/www.accuratereviews.com\/it\/gestionali-farmacie\/drfirst-recensione\/","title":{"rendered":"DrFirst"},"content":{"rendered":"<p><strong>DrFirst <\/strong>\u00e8\u00a0leader nel settore della<strong> gestione dei farmaci<\/strong> da oltre 21 anni e grazie all&#8217;intelligenza artificiale il software \u00e8 migliorato ulteriormente. Il programma \u00e8 sempre in grado di innovare, evolvere e diversificare, pur rimanendo concentrato sul miglioramento della sicurezza dei pazienti e dei risultati sulla salute. <strong>DrFirst<\/strong> affronta le lacune nel coordinamento dell&#8217;assistenza che portano a riammissioni e ADE che influiscono negativamente sulle valutazioni e sugli esiti dei pazienti. Il software consente la collaborazione del team di assistenza e la connettivit\u00e0 del paziente, inclusa la telemedicina fuori dalle mura dell&#8217;ospedale, senza la necessit\u00e0 di scaricare un&#8217;app o accedere a un portale. Di conseguenza, i clienti DrFirst hanno riscontrato un miglioramento dell&#8217;85% nella comunicazione tra medici e medici e un miglioramento del 70% nella comunicazione tra medici e pazienti, con conseguente riduzione dei ricoveri e una migliore assistenza ai pazienti.<\/p>\n<h2>DRFIRST &#8211; TUTORIAL<\/h2>\n<p>Vediamo come creare un prescrizione medica con questo<strong> software gestionale per farmacie<\/strong>:<\/p>\n<div id=\"fluid-wrapper-counter-1\" class=\"g1-fluid-wrapper \" style=\"width:686px;\">\n<div style=\"padding-bottom:56.268221574344%;\"><iframe loading=\"lazy\" title=\"DrFirst: Creating Prescriptions\" width=\"686\" height=\"386\" src=\"https:\/\/www.youtube.com\/embed\/FWjGkhw8Rns?feature=oembed&amp;wmode=transparent&amp;autohide=1&amp;autoplay=0&amp;disablekb=0&amp;fs=1&amp;loop=0&amp;enablejsapi=1&amp;rel=0&amp;controls=2&amp;showinfo=0&amp;wmode=transparent&amp;autohide=2&amp;autoplay=0&amp;disablekb=0&amp;fs=1&amp;loop=0&amp;enablejsapi=1&amp;rel=0&amp;controls=2&amp;showinfo=1\" frameborder=\"0\" allow=\"accelerometer; autoplay; clipboard-write; encrypted-media; gyroscope; picture-in-picture\" allowfullscreen><\/iframe><\/div>\n<\/div>\n<h3>DRFIRST &#8211; CARATTERISTICHE<\/h3>\n<ul>\n<li>SMS ricchi di funzionalit\u00e0 per desktop e dispositivi mobili (iPhone e Android). Migliora il coordinamento dell&#8217;assistenza tramite la condivisione istantanea di dati clinici, commenti del team di assistenza e istruzioni del fornitore per l&#8217;assistenza in corso al paziente. Include la chat centrata sul paziente. Sistema autonomo con integrazione API disponibile<\/li>\n<li>Migliora l&#8217;assistenza fornendo accesso sul posto alla cronologia dei farmaci, anche quando il paziente non risponde, eliminando i ritardi nelle cure e aiutando a preparare il team del pronto soccorso per un&#8217;azione immediata all&#8217;arrivo del paziente<\/li>\n<li>Coordinamento dell&#8217;assistenza e la gestione dei casi per i pagatori e le loro reti tramite la condivisione istantanea di dati clinici, commenti del team di assistenza e istruzioni del fornitore per l&#8217;assistenza al paziente<\/li>\n<li>Non ci sono processi di registrazione, app da scaricare per i pazienti, limiti di utilizzo o costi per sessione. Il software \u00e8 una piattaforma di telemedicina facile da usare ed economica con funzionalit\u00e0 di collaborazione sanitaria<\/li>\n<li>Riduci i tempi e i costi associati alla ricerca clinica fornendo informazioni pertinenti su nuovi studi e requisiti di qualificazione a fornitori e pazienti<\/li>\n<li>La soluzione ti consente di prescrivere qualsiasi farmaco dal tuo smartphone. \u00c8 pi\u00f9 sicuro e pi\u00f9 veloce delle altre opzioni di prescrizione quando sei fuori ufficio. L&#8217;app include l&#8217;accesso alla cronologia dei farmaci del paziente, ai PDMP statali, agli avvisi clinici e altro ancora<\/li>\n<li>L&#8217;app mobile gratuita semplifica la gestione delle cure per te e per le persone a cui tieni raccogliendo e archiviando le informazioni sanitarie in un&#8217;unica posizione centrale. \u00c8 l&#8217;app perfetta per aiutare i pazienti a controllare le proprie informazioni mediche<\/li>\n<\/ul>\n<h4>LE RECENSIONI DEGLI UTENTI<\/h4>\n<p class=\"font-weight-bold mb-1 d-flex align-items-center\"><strong>Henry L.&#8221;Sono un utente Rcopia da oltre 10 anni. Ha reso la vita pi\u00f9 facile ai miei pazienti e al nostro studio&#8221;<\/strong><\/p>\n<p><strong>Commenti: <\/strong>Facilit\u00e0, sicurezza e prescrizione e sicura.<\/p>\n<p><strong>Pro: <\/strong>L&#8217;interfaccia \u00e8 intuitiva e facile da usare. Pu\u00f2 essere utilizzato da qualsiasi computer, iPhone o iPad. Ha i farmaci del paziente, l&#8217;anamnesi e fa un buon lavoro nel sottolineare le interazioni farmacologiche tra i fornitori. Ha una prescrizione facile e sicura per le sostanze controllate.<\/p>\n<p><strong>Contro: <\/strong>L&#8217;app per iPhone\/ipad era lenta ma sembra che abbiano corretto questo difetto con la loro nuova app mobile. In passato c&#8217;erano troppi &#8220;schermi sfogliabili&#8221;, ma la nuova interfaccia sembra aver corretto anche questo.<\/p>\n<p class=\"font-weight-bold mb-1 d-flex align-items-center\"><strong>Synthia A.&#8221;Dr. First&#8221;<\/strong><\/p>\n<p><strong>Commenti: <\/strong>Molto organizzato e utile. Il servizio clienti \u00e8 stato eccellente durante la creazione di nuovi medici. Il dipartimento mi ha seguito passo passo.<\/p>\n<p><strong>Pro: <\/strong>Apprezzo il fatto che, in qualit\u00e0 di utente amministrativo, ho accesso a tutte le informazioni sui pazienti e sulla farmacia di cui ho bisogno per supportare i nostri medici. Le informazioni dettagliate sono utili per sapere non solo se una prescrizione \u00e8 stata inviata alla farmacia, ma sono anche in grado di vedere le prescrizioni in sospeso che possono essere scritte ma non firmate.<\/p>\n<p><strong>Contro: <\/strong>Il sistema di autenticazione precedente non \u00e8 sempre coerente. Non sono sicuro che si tratti di un problema di software o se solo alcune farmacie e assicurazioni sono contratte per farlo. Sarebbe bello elaborare tutte le autorizzazioni precedenti in un unico sistema.<\/p>\n<p class=\"font-weight-bold mb-1 d-flex align-items-center\"><strong>Randy R.&#8221;Il miglior software di autorizzazione alla prescrizione basato sul web&#8221;<\/strong><\/p>\n<p><strong>Pro: <\/strong>Rende abbastanza facile scrivere prescrizioni per i tuoi pazienti. Niente pi\u00f9 prescrizioni perse dai pazienti, niente telefonate dalla farmacia che cercano di decifrare la tua calligrafia. Rende abbastanza facile fare le ricariche. L&#8217;app mobile \u00e8 molto facile da usare. Richiedi uno sconto pluriennale al momento dell&#8217;iscrizione.Tanta formazione gratuita per l&#8217;uso del software.<\/p>\n<p><strong>Contro: <\/strong>Il costo per trasferire tutte le informazioni sui pazienti \u00e8 piuttosto elevato e non include i nuovi pazienti. Per il resto \u00e8 un buon prodotto.<\/p>\n","protected":false},"excerpt":{"rendered":"<p>DrFirst, leader nel settore della gestione dei farmaci da oltre 21 anni e con l&#8217;intelligenza artificiale il software \u00e8 migliorato ulteriormente. Il programma \u00e8 sempre in grado di innovare, evolvere e diversificare, pur rimanendo concentrato sul miglioramento della sicurezza dei pazienti e dei risultati sulla salute. D<\/p>\n","protected":false},"author":16,"featured_media":47170,"parent":46849,"menu_order":0,"comment_status":"open","ping_status":"closed","template":"g1_template_page_review_new.php","meta":{"_acf_changed":false,"cwp_meta_box_check":"Yes","cwp_rev_product_name":"","cwp_rev_product_image":"","wppr_links":[],"cwp_rev_price":"","wppr_options":[],"wppr_pros":[],"wppr_cons":[],"_monsterinsights_skip_tracking":false,"_monsterinsights_sitenote_active":false,"_monsterinsights_sitenote_note":"","_monsterinsights_sitenote_category":0,"footnotes":""},"categories":[10939],"tags":[11045,10943,10966,10965,10947,10946],"features":[],"class_list":{"0":"post-47169","1":"page","2":"type-page","3":"status-publish","4":"has-post-thumbnail","6":"category-gestionali-farmacie-cat","7":"tag-drfirst","8":"tag-gestionale-farmacie","9":"tag-piattaforma-gestionale-farmacie","10":"tag-programma-gestionale-farmacie","11":"tag-software-gestionale-farmacie","12":"tag-soluzione-gestionale-farmacie"},"wppr_data":{"cwp_meta_box_check":"Yes","cwp_rev_product_name":"","cwp_rev_product_image":"","cwp_image_link":"image","cwp_rev_price":"","wppr_rating":"0.00"},"acf":[],"yoast_head":"<!-- This site is optimized with the Yoast SEO plugin v27.4 - https:\/\/yoast.com\/product\/yoast-seo-wordpress\/ -->\n<title>DrFirst: recensione software gestione farmacie - Accurate Reviews<\/title>\n<meta name=\"description\" content=\"DrFirst: recensione leader nel settore della gestione dei farmaci che con l&#039;intelligenza artificiale \u00e8 migliorato ulteriormente.\" \/>\n<meta name=\"robots\" content=\"index, follow, max-snippet:-1, max-image-preview:large, max-video-preview:-1\" \/>\n<link rel=\"canonical\" href=\"https:\/\/www.accuratereviews.com\/it\/gestionali-farmacie\/drfirst-recensione\/\" \/>\n<meta property=\"og:locale\" content=\"it_IT\" \/>\n<meta property=\"og:type\" content=\"article\" \/>\n<meta property=\"og:title\" content=\"DrFirst: recensione software gestione farmacie - Accurate Reviews\" \/>\n<meta property=\"og:description\" content=\"DrFirst: recensione leader nel settore della gestione dei farmaci che con l&#039;intelligenza artificiale \u00e8 migliorato ulteriormente.\" \/>\n<meta property=\"og:url\" content=\"https:\/\/www.accuratereviews.com\/it\/gestionali-farmacie\/drfirst-recensione\/\" \/>\n<meta property=\"og:site_name\" content=\"Accurate Reviews\" \/>\n<meta property=\"og:image\" content=\"https:\/\/www.accuratereviews.com\/wp-content\/uploads\/2021\/09\/DrFirst_Logo.jpg\" \/>\n\t<meta property=\"og:image:width\" content=\"1400\" \/>\n\t<meta property=\"og:image:height\" content=\"368\" \/>\n\t<meta property=\"og:image:type\" content=\"image\/jpeg\" \/>\n<meta name=\"twitter:card\" content=\"summary_large_image\" \/>\n<meta name=\"twitter:label1\" content=\"Tempo di lettura stimato\" \/>\n\t<meta name=\"twitter:data1\" content=\"4 minuti\" \/>\n<script type=\"application\/ld+json\" class=\"yoast-schema-graph\">{\"@context\":\"https:\\\/\\\/schema.org\",\"@graph\":[{\"@type\":\"WebPage\",\"@id\":\"https:\\\/\\\/www.accuratereviews.com\\\/it\\\/gestionali-farmacie\\\/drfirst-recensione\\\/\",\"url\":\"https:\\\/\\\/www.accuratereviews.com\\\/it\\\/gestionali-farmacie\\\/drfirst-recensione\\\/\",\"name\":\"DrFirst: recensione software gestione farmacie - Accurate Reviews\",\"isPartOf\":{\"@id\":\"https:\\\/\\\/www.accuratereviews.com\\\/it\\\/#website\"},\"primaryImageOfPage\":{\"@id\":\"https:\\\/\\\/www.accuratereviews.com\\\/it\\\/gestionali-farmacie\\\/drfirst-recensione\\\/#primaryimage\"},\"image\":{\"@id\":\"https:\\\/\\\/www.accuratereviews.com\\\/it\\\/gestionali-farmacie\\\/drfirst-recensione\\\/#primaryimage\"},\"thumbnailUrl\":\"https:\\\/\\\/www.accuratereviews.com\\\/wp-content\\\/uploads\\\/2021\\\/09\\\/DrFirst_Logo.jpg\",\"datePublished\":\"2021-09-01T11:26:55+00:00\",\"description\":\"DrFirst: recensione leader nel settore della gestione dei farmaci che con l'intelligenza artificiale \u00e8 migliorato ulteriormente.\",\"breadcrumb\":{\"@id\":\"https:\\\/\\\/www.accuratereviews.com\\\/it\\\/gestionali-farmacie\\\/drfirst-recensione\\\/#breadcrumb\"},\"inLanguage\":\"it-IT\",\"potentialAction\":[{\"@type\":\"ReadAction\",\"target\":[\"https:\\\/\\\/www.accuratereviews.com\\\/it\\\/gestionali-farmacie\\\/drfirst-recensione\\\/\"]}]},{\"@type\":\"ImageObject\",\"inLanguage\":\"it-IT\",\"@id\":\"https:\\\/\\\/www.accuratereviews.com\\\/it\\\/gestionali-farmacie\\\/drfirst-recensione\\\/#primaryimage\",\"url\":\"https:\\\/\\\/www.accuratereviews.com\\\/wp-content\\\/uploads\\\/2021\\\/09\\\/DrFirst_Logo.jpg\",\"contentUrl\":\"https:\\\/\\\/www.accuratereviews.com\\\/wp-content\\\/uploads\\\/2021\\\/09\\\/DrFirst_Logo.jpg\",\"width\":1400,\"height\":368},{\"@type\":\"BreadcrumbList\",\"@id\":\"https:\\\/\\\/www.accuratereviews.com\\\/it\\\/gestionali-farmacie\\\/drfirst-recensione\\\/#breadcrumb\",\"itemListElement\":[{\"@type\":\"ListItem\",\"position\":1,\"name\":\"Home\",\"item\":\"https:\\\/\\\/www.accuratereviews.com\\\/it\\\/\"},{\"@type\":\"ListItem\",\"position\":2,\"name\":\"Gestionali per farmacie\",\"item\":\"https:\\\/\\\/www.accuratereviews.com\\\/it\\\/gestionali-farmacie\\\/\"},{\"@type\":\"ListItem\",\"position\":3,\"name\":\"DrFirst\"}]},{\"@type\":\"WebSite\",\"@id\":\"https:\\\/\\\/www.accuratereviews.com\\\/it\\\/#website\",\"url\":\"https:\\\/\\\/www.accuratereviews.com\\\/it\\\/\",\"name\":\"Accurate Reviews\",\"description\":\"\",\"potentialAction\":[{\"@type\":\"SearchAction\",\"target\":{\"@type\":\"EntryPoint\",\"urlTemplate\":\"https:\\\/\\\/www.accuratereviews.com\\\/it\\\/?s={search_term_string}\"},\"query-input\":{\"@type\":\"PropertyValueSpecification\",\"valueRequired\":true,\"valueName\":\"search_term_string\"}}],\"inLanguage\":\"it-IT\"}]}<\/script>\n<!-- \/ Yoast SEO plugin. -->","yoast_head_json":{"title":"DrFirst: recensione software gestione farmacie - Accurate Reviews","description":"DrFirst: recensione leader nel settore della gestione dei farmaci che con l'intelligenza artificiale \u00e8 migliorato ulteriormente.","robots":{"index":"index","follow":"follow","max-snippet":"max-snippet:-1","max-image-preview":"max-image-preview:large","max-video-preview":"max-video-preview:-1"},"canonical":"https:\/\/www.accuratereviews.com\/it\/gestionali-farmacie\/drfirst-recensione\/","og_locale":"it_IT","og_type":"article","og_title":"DrFirst: recensione software gestione farmacie - Accurate Reviews","og_description":"DrFirst: recensione leader nel settore della gestione dei farmaci che con l'intelligenza artificiale \u00e8 migliorato ulteriormente.","og_url":"https:\/\/www.accuratereviews.com\/it\/gestionali-farmacie\/drfirst-recensione\/","og_site_name":"Accurate Reviews","og_image":[{"width":1400,"height":368,"url":"https:\/\/www.accuratereviews.com\/wp-content\/uploads\/2021\/09\/DrFirst_Logo.jpg","type":"image\/jpeg"}],"twitter_card":"summary_large_image","twitter_misc":{"Tempo di lettura stimato":"4 minuti"},"schema":{"@context":"https:\/\/schema.org","@graph":[{"@type":"WebPage","@id":"https:\/\/www.accuratereviews.com\/it\/gestionali-farmacie\/drfirst-recensione\/","url":"https:\/\/www.accuratereviews.com\/it\/gestionali-farmacie\/drfirst-recensione\/","name":"DrFirst: recensione software gestione farmacie - Accurate Reviews","isPartOf":{"@id":"https:\/\/www.accuratereviews.com\/it\/#website"},"primaryImageOfPage":{"@id":"https:\/\/www.accuratereviews.com\/it\/gestionali-farmacie\/drfirst-recensione\/#primaryimage"},"image":{"@id":"https:\/\/www.accuratereviews.com\/it\/gestionali-farmacie\/drfirst-recensione\/#primaryimage"},"thumbnailUrl":"https:\/\/www.accuratereviews.com\/wp-content\/uploads\/2021\/09\/DrFirst_Logo.jpg","datePublished":"2021-09-01T11:26:55+00:00","description":"DrFirst: recensione leader nel settore della gestione dei farmaci che con l'intelligenza artificiale \u00e8 migliorato ulteriormente.","breadcrumb":{"@id":"https:\/\/www.accuratereviews.com\/it\/gestionali-farmacie\/drfirst-recensione\/#breadcrumb"},"inLanguage":"it-IT","potentialAction":[{"@type":"ReadAction","target":["https:\/\/www.accuratereviews.com\/it\/gestionali-farmacie\/drfirst-recensione\/"]}]},{"@type":"ImageObject","inLanguage":"it-IT","@id":"https:\/\/www.accuratereviews.com\/it\/gestionali-farmacie\/drfirst-recensione\/#primaryimage","url":"https:\/\/www.accuratereviews.com\/wp-content\/uploads\/2021\/09\/DrFirst_Logo.jpg","contentUrl":"https:\/\/www.accuratereviews.com\/wp-content\/uploads\/2021\/09\/DrFirst_Logo.jpg","width":1400,"height":368},{"@type":"BreadcrumbList","@id":"https:\/\/www.accuratereviews.com\/it\/gestionali-farmacie\/drfirst-recensione\/#breadcrumb","itemListElement":[{"@type":"ListItem","position":1,"name":"Home","item":"https:\/\/www.accuratereviews.com\/it\/"},{"@type":"ListItem","position":2,"name":"Gestionali per farmacie","item":"https:\/\/www.accuratereviews.com\/it\/gestionali-farmacie\/"},{"@type":"ListItem","position":3,"name":"DrFirst"}]},{"@type":"WebSite","@id":"https:\/\/www.accuratereviews.com\/it\/#website","url":"https:\/\/www.accuratereviews.com\/it\/","name":"Accurate Reviews","description":"","potentialAction":[{"@type":"SearchAction","target":{"@type":"EntryPoint","urlTemplate":"https:\/\/www.accuratereviews.com\/it\/?s={search_term_string}"},"query-input":{"@type":"PropertyValueSpecification","valueRequired":true,"valueName":"search_term_string"}}],"inLanguage":"it-IT"}]}},"_links":{"self":[{"href":"https:\/\/www.accuratereviews.com\/it\/wp-json\/wp\/v2\/pages\/47169","targetHints":{"allow":["GET"]}}],"collection":[{"href":"https:\/\/www.accuratereviews.com\/it\/wp-json\/wp\/v2\/pages"}],"about":[{"href":"https:\/\/www.accuratereviews.com\/it\/wp-json\/wp\/v2\/types\/page"}],"author":[{"embeddable":true,"href":"https:\/\/www.accuratereviews.com\/it\/wp-json\/wp\/v2\/users\/16"}],"replies":[{"embeddable":true,"href":"https:\/\/www.accuratereviews.com\/it\/wp-json\/wp\/v2\/comments?post=47169"}],"version-history":[{"count":10,"href":"https:\/\/www.accuratereviews.com\/it\/wp-json\/wp\/v2\/pages\/47169\/revisions"}],"predecessor-version":[{"id":47223,"href":"https:\/\/www.accuratereviews.com\/it\/wp-json\/wp\/v2\/pages\/47169\/revisions\/47223"}],"up":[{"embeddable":true,"href":"https:\/\/www.accuratereviews.com\/it\/wp-json\/wp\/v2\/pages\/46849"}],"wp:featuredmedia":[{"embeddable":true,"href":"https:\/\/www.accuratereviews.com\/it\/wp-json\/wp\/v2\/media\/47170"}],"wp:attachment":[{"href":"https:\/\/www.accuratereviews.com\/it\/wp-json\/wp\/v2\/media?parent=47169"}],"wp:term":[{"taxonomy":"category","embeddable":true,"href":"https:\/\/www.accuratereviews.com\/it\/wp-json\/wp\/v2\/categories?post=47169"},{"taxonomy":"post_tag","embeddable":true,"href":"https:\/\/www.accuratereviews.com\/it\/wp-json\/wp\/v2\/tags?post=47169"},{"taxonomy":"features","embeddable":true,"href":"https:\/\/www.accuratereviews.com\/it\/wp-json\/wp\/v2\/features?post=47169"}],"curies":[{"name":"wp","href":"https:\/\/api.w.org\/{rel}","templated":true}]}}