{"id":47187,"date":"2021-09-01T11:32:18","date_gmt":"2021-09-01T11:32:18","guid":{"rendered":"https:\/\/www.accuratereviews.com\/?page_id=47187"},"modified":"2021-09-01T11:32:18","modified_gmt":"2021-09-01T11:32:18","slug":"ecp-emar-recensione","status":"publish","type":"page","link":"https:\/\/www.accuratereviews.com\/it\/gestionali-farmacie\/ecp-emar-recensione\/","title":{"rendered":"Ecp emar"},"content":{"rendered":"<p><strong>Ecp emar<\/strong> \u00e8 una <strong>piattaforma elettronica di registrazione dei farmaci<\/strong> progettata per aiutare le farmacie, le strutture di residenza assistita e i centri di riabilitazione a gestire nuovi ordini, follow-up di documenti, processi di mitigazione del rischio e altro ancora. L&#8217;applicazione mobile consente agli operatori sanitari di visualizzare le informazioni dei residenti, aggiungere note o osservazioni e accedere alle informazioni sui farmaci in base alle esigenze.\u00a0I professionisti medici possono ricevere notifiche sui farmaci scaduti e utilizzare salvaguardie automatizzate per i membri del personale per documentare i segni vitali dei pazienti e altri dettagli richiesti. <strong>Ecp emar<\/strong> si integra con i sistemi delle farmacie, consentendo ai centri di riabilitazione di aggiornare le cartelle cliniche in tempo reale. Le strutture di residenza assistita possono generare report personalizzabili e rivedere le revisioni delle cartelle cliniche.<\/p>\n<h2>ECP EMAR &#8211; TUTORIAL<\/h2>\n<p>Una breve dimostrazione della soluzione <strong>gestionale per farmacie<\/strong> in collaborazione con Well Pharmacy:<\/p>\n<div id=\"fluid-wrapper-counter-1\" class=\"g1-fluid-wrapper \" style=\"width:686px;\">\n<div style=\"padding-bottom:56.268221574344%;\"><iframe loading=\"lazy\" title=\"Well 5 minute eMAR Demo\" width=\"686\" height=\"386\" src=\"https:\/\/www.youtube.com\/embed\/Y1LlUMKXoAk?feature=oembed&amp;wmode=transparent&amp;autohide=1&amp;autoplay=0&amp;disablekb=0&amp;fs=1&amp;loop=0&amp;enablejsapi=1&amp;rel=0&amp;controls=2&amp;showinfo=0&amp;wmode=transparent&amp;autohide=2&amp;autoplay=0&amp;disablekb=0&amp;fs=1&amp;loop=0&amp;enablejsapi=1&amp;rel=0&amp;controls=2&amp;showinfo=1\" frameborder=\"0\" allow=\"accelerometer; autoplay; clipboard-write; encrypted-media; gyroscope; picture-in-picture\" allowfullscreen><\/iframe><\/div>\n<\/div>\n<h3>ECP EMAR &#8211; CARATTERISTICHE<\/h3>\n<ul>\n<li><strong>Elimina gli errori terapeutici e passa i farmaci pi\u00f9 velocemente<\/strong>: migliora i flussi di lavoro per il superamento dei farmaci con il record di amministrazione elettronica dei farmaci leader del settore<\/li>\n<li><strong>Integrato con la tua farmacia<\/strong>: la soluzione si sincronizza con la tua farmacia in modo che gli ordini e gli aggiornamenti medici confluiscano automaticamente. Il potente strumento per il check-in in farmacia consente di aggiungere note per il pass medico, impostare le preferenze di riordino e comunicare con la farmacia<\/li>\n<li><strong>Migliora la supervisione dei farmaci<\/strong>: ricevi notifiche istantanee se un pass medico \u00e8 in ritardo o perso. Le revisioni dei farmaci sono facili con le revisioni di sostanze controllate e psicotrope e altre funzionalit\u00e0 di audit\/report. Documentare perch\u00e9 i farmaci devono essere distrutti insieme al metodo di smaltimento e rivedere la storia per giustificare ogni azione<\/li>\n<li><strong>Un flusso di lavoro facile da usare che funziona per te<\/strong>: creato per essere facile da usare in contesti di cura con medici di tutti i livelli. Facile da usare significa che la creazione di grafici \u00e8 pi\u00f9 veloce, portando a una maggiore efficienza, personale pi\u00f9 felice e minore rinnovo del personale<\/li>\n<li><strong>Riduci gli errori terapeutici:<\/strong> passare farmaci e classificare in modo accurato ed efficiente. I dettagli fondamentali dei farmaci sono integrati in ogni tessera sanitaria e presentati in modo chiaro e semplice<\/li>\n<li><strong>Il migliore supporto 24 ore su 24, 7 giorni su 7<\/strong>: il personale di supporto \u00e8 il migliore. Il 100% del personale di supporto ha sede nel Wisconsin, negli Stati Uniti. Non solo sono esperti nel software, molti hanno una vasta esperienza nell&#8217;assistenza<\/li>\n<\/ul>\n<h4>LE RECENSIONI DEGLI UTENTI<\/h4>\n<p class=\"font-weight-bold mb-1 d-flex align-items-center\"><strong>Dan M.&#8221;Implementazione eMAR da uno specialista in farmacia LTC&#8221;<\/strong><\/p>\n<p><strong>Pro: <\/strong>La creazione di grafici \u00e8 molto semplice in ECP cos\u00ec come la stampa di fogli per le visite mediche \u00e8 incredibilmente facile. La configurazione complessiva di eMAR \u00e8 un uso efficiente del tempo per semplificare la comunicazione tra il personale e prevenire errori nell&#8217;amministrazione medica.<\/p>\n<p><strong>Contro: <\/strong>L&#8217;integrazione iniziale pu\u00f2 richiedere molto tempo per le comunit\u00e0 pi\u00f9 grandi, ma ECP pu\u00f2 guidarti attraverso il processo. Altre opzioni software secondo me avrebbero i loro svantaggi: non danno un risultato finale altrettanto sicuro (il processo di check-in dell&#8217;ordine medico di ECP in cui si &#8220;accetta&#8221; e si verificano i nuovi ordini inseriti dalla farmacia rispetto, ad esempio, all&#8217;inserimento dell&#8217;ordine di farmaci orientato alla struttura ; sebbene sia disponibile anche in ECP) e sarebbe meno adattato alle tue esigenze.<\/p>\n<p class=\"font-weight-bold mb-1 d-flex align-items-center\"><strong>Amy H.&#8221;Sportello unico&#8221;<\/strong><\/p>\n<p><strong>Pro: <\/strong>Mi piace avere tutto, dall&#8217;accesso alle indagini, alle tabelle di pulizia e ai farmaci per i residenti, tutto in un unico posto.<\/p>\n<p><strong>Contro: <\/strong>Ritengo che potrebbe esserci un modo pi\u00f9 semplice per archiviare i documenti. Sarebbe bello avere sottotitoli o cartelle aggiuntive all&#8217;interno della cartella per organizzare meglio.<\/p>\n<p class=\"font-weight-bold mb-1 d-flex align-items-center\"><strong>Brenda M.&#8221;Facile da usare&#8221;<\/strong><\/p>\n<p><strong>Commenti: <\/strong>Non riesco a pensare a difetti tranne uno. Quando viene ordinato un farmaco ogni giorno, il personale addetto alla stampa deve sovrascrivere il sistema a meno che non siano trascorse pi\u00f9 di 24 ore. Stessa cosa se il numero ordinato di dosi non necessariamente il numero di ore tra una dose.<\/p>\n<p><strong>Pro: <\/strong>La nostra farmacia \u00e8 in grado di integrarsi con il nostro sistema. Per la revisione della farmacia hanno accesso alle nostre informazioni e sono in grado di ottenere le informazioni di cui hanno bisogno. \u00c8 molto facile da usare. Ho personale che non ha familiarit\u00e0 con i sistemi informatici e ha pochi o nessun problema con il programma.<\/p>\n<p><strong>Contro: <\/strong>Vorrei essere in grado di creare i miei report quando ne ho bisogno; e non ho questa capacit\u00e0. So che ECP aiuter\u00e0 a creare ci\u00f2 che voglio, ma ci\u00f2 richiede tempo.<\/p>\n<p>&nbsp;<\/p>\n","protected":false},"excerpt":{"rendered":"<p>Ecp emar \u00e8 una piattaforma elettronica di registrazione dei farmaci progettata per aiutare le farmacie, le strutture di residenza assistita e i centri di riabilitazione a gestire nuovi ordini, follow-up di documenti, processi di mitigazione del rischio e altro ancora. L&#8217;applicazione mobile consente agli operatori sanitari di visualizzare le informazioni dei residenti, aggiungere note o osservazioni e accedere alle informazioni sui farmaci in base alle esigenze.<\/p>\n","protected":false},"author":16,"featured_media":47189,"parent":46849,"menu_order":0,"comment_status":"open","ping_status":"closed","template":"g1_template_page_review_new.php","meta":{"_acf_changed":false,"cwp_meta_box_check":"Yes","cwp_rev_product_name":"","cwp_rev_product_image":"","wppr_links":[],"cwp_rev_price":"","wppr_options":[],"wppr_pros":[],"wppr_cons":[],"_monsterinsights_skip_tracking":false,"_monsterinsights_sitenote_active":false,"_monsterinsights_sitenote_note":"","_monsterinsights_sitenote_category":0,"footnotes":""},"categories":[10939],"tags":[11022,10943,10966,10965,10947,10946],"features":[],"class_list":{"0":"post-47187","1":"page","2":"type-page","3":"status-publish","4":"has-post-thumbnail","6":"category-gestionali-farmacie-cat","7":"tag-ecp-emar","8":"tag-gestionale-farmacie","9":"tag-piattaforma-gestionale-farmacie","10":"tag-programma-gestionale-farmacie","11":"tag-software-gestionale-farmacie","12":"tag-soluzione-gestionale-farmacie"},"wppr_data":{"cwp_meta_box_check":"Yes","cwp_rev_product_name":"","cwp_rev_product_image":"","cwp_image_link":"image","cwp_rev_price":"","wppr_rating":"0.00"},"acf":[],"yoast_head":"<!-- This site is optimized with the Yoast SEO plugin v27.4 - https:\/\/yoast.com\/product\/yoast-seo-wordpress\/ -->\n<title>Ecp emar: recensione software gestionale farmacie - Accurate Reviews<\/title>\n<meta name=\"description\" content=\"Ecp emar: recensione software gestionale sviluppato per aiutare le farmacie, le strutture di residenza assistita e i centri di riabilitazione.\" \/>\n<meta name=\"robots\" content=\"index, follow, max-snippet:-1, max-image-preview:large, max-video-preview:-1\" \/>\n<link rel=\"canonical\" href=\"https:\/\/www.accuratereviews.com\/it\/gestionali-farmacie\/ecp-emar-recensione\/\" \/>\n<meta property=\"og:locale\" content=\"it_IT\" \/>\n<meta property=\"og:type\" content=\"article\" \/>\n<meta property=\"og:title\" content=\"Ecp emar: recensione software gestionale farmacie - Accurate Reviews\" \/>\n<meta property=\"og:description\" content=\"Ecp emar: recensione software gestionale sviluppato per aiutare le farmacie, le strutture di residenza assistita e i centri di riabilitazione.\" \/>\n<meta property=\"og:url\" content=\"https:\/\/www.accuratereviews.com\/it\/gestionali-farmacie\/ecp-emar-recensione\/\" \/>\n<meta property=\"og:site_name\" content=\"Accurate Reviews\" \/>\n<meta property=\"og:image\" content=\"https:\/\/www.accuratereviews.com\/wp-content\/uploads\/2021\/09\/Schermata-2021-09-01-alle-09.51.48.png\" \/>\n\t<meta property=\"og:image:width\" content=\"676\" \/>\n\t<meta property=\"og:image:height\" content=\"488\" \/>\n\t<meta property=\"og:image:type\" content=\"image\/png\" \/>\n<meta name=\"twitter:card\" content=\"summary_large_image\" \/>\n<meta name=\"twitter:label1\" content=\"Tempo di lettura stimato\" \/>\n\t<meta name=\"twitter:data1\" content=\"4 minuti\" \/>\n<script type=\"application\/ld+json\" class=\"yoast-schema-graph\">{\"@context\":\"https:\\\/\\\/schema.org\",\"@graph\":[{\"@type\":\"WebPage\",\"@id\":\"https:\\\/\\\/www.accuratereviews.com\\\/it\\\/gestionali-farmacie\\\/ecp-emar-recensione\\\/\",\"url\":\"https:\\\/\\\/www.accuratereviews.com\\\/it\\\/gestionali-farmacie\\\/ecp-emar-recensione\\\/\",\"name\":\"Ecp emar: recensione software gestionale farmacie - Accurate Reviews\",\"isPartOf\":{\"@id\":\"https:\\\/\\\/www.accuratereviews.com\\\/it\\\/#website\"},\"primaryImageOfPage\":{\"@id\":\"https:\\\/\\\/www.accuratereviews.com\\\/it\\\/gestionali-farmacie\\\/ecp-emar-recensione\\\/#primaryimage\"},\"image\":{\"@id\":\"https:\\\/\\\/www.accuratereviews.com\\\/it\\\/gestionali-farmacie\\\/ecp-emar-recensione\\\/#primaryimage\"},\"thumbnailUrl\":\"https:\\\/\\\/www.accuratereviews.com\\\/wp-content\\\/uploads\\\/2021\\\/09\\\/Schermata-2021-09-01-alle-09.51.48.png\",\"datePublished\":\"2021-09-01T11:32:18+00:00\",\"description\":\"Ecp emar: recensione software gestionale sviluppato per aiutare le farmacie, le strutture di residenza assistita e i centri di riabilitazione.\",\"breadcrumb\":{\"@id\":\"https:\\\/\\\/www.accuratereviews.com\\\/it\\\/gestionali-farmacie\\\/ecp-emar-recensione\\\/#breadcrumb\"},\"inLanguage\":\"it-IT\",\"potentialAction\":[{\"@type\":\"ReadAction\",\"target\":[\"https:\\\/\\\/www.accuratereviews.com\\\/it\\\/gestionali-farmacie\\\/ecp-emar-recensione\\\/\"]}]},{\"@type\":\"ImageObject\",\"inLanguage\":\"it-IT\",\"@id\":\"https:\\\/\\\/www.accuratereviews.com\\\/it\\\/gestionali-farmacie\\\/ecp-emar-recensione\\\/#primaryimage\",\"url\":\"https:\\\/\\\/www.accuratereviews.com\\\/wp-content\\\/uploads\\\/2021\\\/09\\\/Schermata-2021-09-01-alle-09.51.48.png\",\"contentUrl\":\"https:\\\/\\\/www.accuratereviews.com\\\/wp-content\\\/uploads\\\/2021\\\/09\\\/Schermata-2021-09-01-alle-09.51.48.png\",\"width\":676,\"height\":488},{\"@type\":\"BreadcrumbList\",\"@id\":\"https:\\\/\\\/www.accuratereviews.com\\\/it\\\/gestionali-farmacie\\\/ecp-emar-recensione\\\/#breadcrumb\",\"itemListElement\":[{\"@type\":\"ListItem\",\"position\":1,\"name\":\"Home\",\"item\":\"https:\\\/\\\/www.accuratereviews.com\\\/it\\\/\"},{\"@type\":\"ListItem\",\"position\":2,\"name\":\"Gestionali per farmacie\",\"item\":\"https:\\\/\\\/www.accuratereviews.com\\\/it\\\/gestionali-farmacie\\\/\"},{\"@type\":\"ListItem\",\"position\":3,\"name\":\"Ecp emar\"}]},{\"@type\":\"WebSite\",\"@id\":\"https:\\\/\\\/www.accuratereviews.com\\\/it\\\/#website\",\"url\":\"https:\\\/\\\/www.accuratereviews.com\\\/it\\\/\",\"name\":\"Accurate Reviews\",\"description\":\"\",\"potentialAction\":[{\"@type\":\"SearchAction\",\"target\":{\"@type\":\"EntryPoint\",\"urlTemplate\":\"https:\\\/\\\/www.accuratereviews.com\\\/it\\\/?s={search_term_string}\"},\"query-input\":{\"@type\":\"PropertyValueSpecification\",\"valueRequired\":true,\"valueName\":\"search_term_string\"}}],\"inLanguage\":\"it-IT\"}]}<\/script>\n<!-- \/ Yoast SEO plugin. -->","yoast_head_json":{"title":"Ecp emar: recensione software gestionale farmacie - Accurate Reviews","description":"Ecp emar: recensione software gestionale sviluppato per aiutare le farmacie, le strutture di residenza assistita e i centri di riabilitazione.","robots":{"index":"index","follow":"follow","max-snippet":"max-snippet:-1","max-image-preview":"max-image-preview:large","max-video-preview":"max-video-preview:-1"},"canonical":"https:\/\/www.accuratereviews.com\/it\/gestionali-farmacie\/ecp-emar-recensione\/","og_locale":"it_IT","og_type":"article","og_title":"Ecp emar: recensione software gestionale farmacie - Accurate Reviews","og_description":"Ecp emar: recensione software gestionale sviluppato per aiutare le farmacie, le strutture di residenza assistita e i centri di riabilitazione.","og_url":"https:\/\/www.accuratereviews.com\/it\/gestionali-farmacie\/ecp-emar-recensione\/","og_site_name":"Accurate Reviews","og_image":[{"width":676,"height":488,"url":"https:\/\/www.accuratereviews.com\/wp-content\/uploads\/2021\/09\/Schermata-2021-09-01-alle-09.51.48.png","type":"image\/png"}],"twitter_card":"summary_large_image","twitter_misc":{"Tempo di lettura stimato":"4 minuti"},"schema":{"@context":"https:\/\/schema.org","@graph":[{"@type":"WebPage","@id":"https:\/\/www.accuratereviews.com\/it\/gestionali-farmacie\/ecp-emar-recensione\/","url":"https:\/\/www.accuratereviews.com\/it\/gestionali-farmacie\/ecp-emar-recensione\/","name":"Ecp emar: recensione software gestionale farmacie - Accurate Reviews","isPartOf":{"@id":"https:\/\/www.accuratereviews.com\/it\/#website"},"primaryImageOfPage":{"@id":"https:\/\/www.accuratereviews.com\/it\/gestionali-farmacie\/ecp-emar-recensione\/#primaryimage"},"image":{"@id":"https:\/\/www.accuratereviews.com\/it\/gestionali-farmacie\/ecp-emar-recensione\/#primaryimage"},"thumbnailUrl":"https:\/\/www.accuratereviews.com\/wp-content\/uploads\/2021\/09\/Schermata-2021-09-01-alle-09.51.48.png","datePublished":"2021-09-01T11:32:18+00:00","description":"Ecp emar: recensione software gestionale sviluppato per aiutare le farmacie, le strutture di residenza assistita e i centri di riabilitazione.","breadcrumb":{"@id":"https:\/\/www.accuratereviews.com\/it\/gestionali-farmacie\/ecp-emar-recensione\/#breadcrumb"},"inLanguage":"it-IT","potentialAction":[{"@type":"ReadAction","target":["https:\/\/www.accuratereviews.com\/it\/gestionali-farmacie\/ecp-emar-recensione\/"]}]},{"@type":"ImageObject","inLanguage":"it-IT","@id":"https:\/\/www.accuratereviews.com\/it\/gestionali-farmacie\/ecp-emar-recensione\/#primaryimage","url":"https:\/\/www.accuratereviews.com\/wp-content\/uploads\/2021\/09\/Schermata-2021-09-01-alle-09.51.48.png","contentUrl":"https:\/\/www.accuratereviews.com\/wp-content\/uploads\/2021\/09\/Schermata-2021-09-01-alle-09.51.48.png","width":676,"height":488},{"@type":"BreadcrumbList","@id":"https:\/\/www.accuratereviews.com\/it\/gestionali-farmacie\/ecp-emar-recensione\/#breadcrumb","itemListElement":[{"@type":"ListItem","position":1,"name":"Home","item":"https:\/\/www.accuratereviews.com\/it\/"},{"@type":"ListItem","position":2,"name":"Gestionali per farmacie","item":"https:\/\/www.accuratereviews.com\/it\/gestionali-farmacie\/"},{"@type":"ListItem","position":3,"name":"Ecp emar"}]},{"@type":"WebSite","@id":"https:\/\/www.accuratereviews.com\/it\/#website","url":"https:\/\/www.accuratereviews.com\/it\/","name":"Accurate Reviews","description":"","potentialAction":[{"@type":"SearchAction","target":{"@type":"EntryPoint","urlTemplate":"https:\/\/www.accuratereviews.com\/it\/?s={search_term_string}"},"query-input":{"@type":"PropertyValueSpecification","valueRequired":true,"valueName":"search_term_string"}}],"inLanguage":"it-IT"}]}},"_links":{"self":[{"href":"https:\/\/www.accuratereviews.com\/it\/wp-json\/wp\/v2\/pages\/47187","targetHints":{"allow":["GET"]}}],"collection":[{"href":"https:\/\/www.accuratereviews.com\/it\/wp-json\/wp\/v2\/pages"}],"about":[{"href":"https:\/\/www.accuratereviews.com\/it\/wp-json\/wp\/v2\/types\/page"}],"author":[{"embeddable":true,"href":"https:\/\/www.accuratereviews.com\/it\/wp-json\/wp\/v2\/users\/16"}],"replies":[{"embeddable":true,"href":"https:\/\/www.accuratereviews.com\/it\/wp-json\/wp\/v2\/comments?post=47187"}],"version-history":[{"count":11,"href":"https:\/\/www.accuratereviews.com\/it\/wp-json\/wp\/v2\/pages\/47187\/revisions"}],"predecessor-version":[{"id":47248,"href":"https:\/\/www.accuratereviews.com\/it\/wp-json\/wp\/v2\/pages\/47187\/revisions\/47248"}],"up":[{"embeddable":true,"href":"https:\/\/www.accuratereviews.com\/it\/wp-json\/wp\/v2\/pages\/46849"}],"wp:featuredmedia":[{"embeddable":true,"href":"https:\/\/www.accuratereviews.com\/it\/wp-json\/wp\/v2\/media\/47189"}],"wp:attachment":[{"href":"https:\/\/www.accuratereviews.com\/it\/wp-json\/wp\/v2\/media?parent=47187"}],"wp:term":[{"taxonomy":"category","embeddable":true,"href":"https:\/\/www.accuratereviews.com\/it\/wp-json\/wp\/v2\/categories?post=47187"},{"taxonomy":"post_tag","embeddable":true,"href":"https:\/\/www.accuratereviews.com\/it\/wp-json\/wp\/v2\/tags?post=47187"},{"taxonomy":"features","embeddable":true,"href":"https:\/\/www.accuratereviews.com\/it\/wp-json\/wp\/v2\/features?post=47187"}],"curies":[{"name":"wp","href":"https:\/\/api.w.org\/{rel}","templated":true}]}}