{"id":47226,"date":"2021-09-02T12:32:11","date_gmt":"2021-09-02T12:32:11","guid":{"rendered":"https:\/\/www.accuratereviews.com\/?page_id=47226"},"modified":"2021-09-02T12:32:11","modified_gmt":"2021-09-02T12:32:11","slug":"intelligent-medical-software-recensione","status":"publish","type":"page","link":"https:\/\/www.accuratereviews.com\/it\/gestionali-farmacie\/intelligent-medical-software-recensione\/","title":{"rendered":"Intelligent Medical Software"},"content":{"rendered":"<p><strong>IMS (Intelligent Medical Software)<\/strong> sviluppato da Meditab Software \u00e8 una soluzione gestionale per farmacie che include applicazioni per la prescrizione elettronica, archiviazione pratiche, un portale per il paziente e strumenti di comunicazione che possono essere adattati a varie dimensioni e tipi di studio. Supporta oltre 40 moduli specialistici e pu\u00f2 essere implementata nel <strong>cloud<\/strong> e on-premise. <strong>IMS<\/strong> viene fornito con una selezione di moduli e modelli medici unici per ogni specialit\u00e0, aiutando nel processo di creazione di grafici. Consente agli utenti di raccogliere dati relativi alla storia medica di un paziente, dati demografici, risultati dei test di laboratorio, storia dei farmaci, allergie e molto altro. Supporta anche funzionalit\u00e0 intelligenti come riconoscimento vocale e touch-pen. Grazie alle funzionalit\u00e0 di chat sicure, a un&#8217;app per i pazienti e alle opzioni complete di telemedicina e telemedicina, i medici possono anche aumentare il coinvolgimento dei pazienti e potenziare le loro pratiche per il futuro.<\/p>\n<h2>INTELLIGENT MEDICAL SOFTWARE &#8211; TUTORIAL<\/h2>\n<p>Guardiamo il video che segue su questo <strong>programma gestionale per farmacie<\/strong>:<\/p>\n<div id=\"fluid-wrapper-counter-1\" class=\"g1-fluid-wrapper \" style=\"width:686px;\">\n<div style=\"padding-bottom:56.268221574344%;\"><iframe loading=\"lazy\" title=\"IMS Electronic Medical Records System\" width=\"515\" height=\"386\" src=\"https:\/\/www.youtube.com\/embed\/k-ml-86DdCw?start=757&#038;feature=oembed&amp;wmode=transparent&amp;autohide=1&amp;autoplay=0&amp;disablekb=0&amp;fs=1&amp;loop=0&amp;enablejsapi=1&amp;rel=0&amp;controls=2&amp;showinfo=0&amp;wmode=transparent&amp;autohide=2&amp;autoplay=0&amp;disablekb=0&amp;fs=1&amp;loop=0&amp;enablejsapi=1&amp;rel=0&amp;controls=2&amp;showinfo=1\" frameborder=\"0\" allow=\"accelerometer; autoplay; clipboard-write; encrypted-media; gyroscope; picture-in-picture\" allowfullscreen><\/iframe><\/div>\n<\/div>\n<h3>INTELLIGENT MEDICAL SOFTWARE &#8211; CARATTERISTICHE<\/h3>\n<ul>\n<li><strong>Servizi di hosting MG<\/strong>: conforme a HIPAA e SOC, l&#8217;infrastruttura cloud protegge la tua pratica da ransomware, arresti anomali del server, guasti di sistema e altre costose minacce<\/li>\n<li><strong>Personale remoto su richiesta<\/strong>: servizi di personale remoto di alta qualit\u00e0 e convenienti per studi medici, farmacie e organizzazioni<\/li>\n<li><strong>Tutto ci\u00f2 di cui hai bisogno per garantire i tuoi guadagni:<\/strong> per massimizzare i pagamenti degli incentivi ed evitare di perdere denaro, il tuo studio ha bisogno di un software EHR con una soluzione di gestione QPP e un team dedicato di esperti di attestazione per aiutarti. La soluzione ha entrambe<\/li>\n<li><strong>Marketing e sviluppo web<\/strong>: siti web medici personalizzati, servizi di marketing digitale, branding e SEO che definiscono la tua pratica e trasmettono la tua promessa di un&#8217;esperienza piacevole per il paziente<\/li>\n<li><strong>Esegui il backup dei dati dei tuoi pazienti<\/strong>: proteggi le informazioni del paziente per evitare di mettere a rischio la privacy del tuo paziente con il backup dei dati fuori sede. Questo servizio di backup dei dati \u00e8 un servizio automatico e ripristino di emergenza online, adatto alle esigenze del tuo studio.<\/li>\n<\/ul>\n<h4>LE RECENSIONI DEGLI UTENTI<\/h4>\n<p class=\"font-weight-bold mb-1 d-flex align-items-center\"><strong>Eddie N.&#8221;Ottimo software per la farmacia LTC&#8221;<\/strong><\/p>\n<p><strong>Commenti: <\/strong>Nel complesso, consiglierei a chiunque cerchi software nello spazio della farmacia LTC<\/p>\n<p><strong>Pro: <\/strong>I tecnici amano la facilit\u00e0 d&#8217;uso. Ottimo per la fatturazione del ciclo<\/p>\n<p><strong>Contro: <\/strong>A volte la velocit\u00e0. La segnalazione \u00e8 lenta.<\/p>\n<p class=\"font-weight-bold mb-1 d-flex align-items-center\"><strong>Scott P.&#8221;Ho usato LTC. \u00c8 di gran lunga il miglior sistema software che ho usato nei miei 20 anni.&#8221;<\/strong><\/p>\n<p><strong>Commenti: <\/strong>Sono stato in grado di risparmiare ore di tempo grazie alla facilit\u00e0 di visualizzazione e ricerca tra i reclami. La fatturazione era un incubo, ma ora \u00e8 la cosa pi\u00f9 semplice da fare!<\/p>\n<p><strong>Pro: <\/strong>La fatturazione \u00e8 facile da vedere e da cercare, rendendo il riempimento della sincronizzazione o il riempimento del ciclo cos\u00ec facile. Il design e la flessibilit\u00e0 del sistema lo rendono ideale per i negozi pi\u00f9 lenti che hanno una sola persona che fa tutto e per i negozi con pi\u00f9 stazioni necessarie per utilizzare la gestione del flusso di lavoro. Il supporto \u00e8 fuori scala! La chat online istantanea aiuta sempre! Veramente! Non lasci messaggi e aspetti di essere richiamato!<\/p>\n<div class=\"ml-4 pl-4 border-left border-left__dotted i18n-translation_vendor_container\" data-translation-id=\"2312284\" data-translation-vendor-target=\"original\">\n<div class=\"d-flex flex-wrap flex-md-nowrap align-items-center\">\n<p class=\"font-weight-bold mb-1 d-flex align-items-center\"><strong>Ben W.&#8221;Uso questo prodotto da sei anni. Ho usato altri software e questo supera di gran lunga gli altri&#8221;<\/strong><\/p>\n<p><strong>Commenti: <\/strong>\u00c8 cresciuta la nostra farmacia<\/p>\n<p><strong>Pro: <\/strong>Ha creato un&#8217;operazione di farmacia molto efficiente che ci ha permesso di avere una crescita e abbiamo assunto\u00a0pi\u00f9 personale<\/p>\n<p><strong>Contro: <\/strong>Il software dovrebbe utilizzare pi\u00f9 tecnologia biometrica e di impronte digitali. Questo liberer\u00e0 le mani per fare pi\u00f9 lavoro in farmacia.<\/p>\n<\/div>\n<\/div>\n","protected":false},"excerpt":{"rendered":"<p>IMS (Intelligent Medical Software) sviluppato da Meditab Software \u00e8 una soluzione gestionale per farmacie che include applicazioni per la prescrizione elettronica, archiviazione della pratica, un portale per il paziente e strumenti di comunicazione che possono essere adattati a varie dimensioni e tipi di studio.<\/p>\n","protected":false},"author":16,"featured_media":47232,"parent":46849,"menu_order":0,"comment_status":"open","ping_status":"closed","template":"g1_template_page_review_new.php","meta":{"_acf_changed":false,"cwp_meta_box_check":"Yes","cwp_rev_product_name":"","cwp_rev_product_image":"","wppr_links":[],"cwp_rev_price":"","wppr_options":[],"wppr_pros":[],"wppr_cons":[],"_monsterinsights_skip_tracking":false,"_monsterinsights_sitenote_active":false,"_monsterinsights_sitenote_note":"","_monsterinsights_sitenote_category":0,"footnotes":""},"categories":[10939],"tags":[10943,6197,10993,10965,10947,10946],"features":[],"class_list":{"0":"post-47226","1":"page","2":"type-page","3":"status-publish","4":"has-post-thumbnail","6":"category-gestionali-farmacie-cat","7":"tag-gestionale-farmacie","8":"tag-intelligent-medical-software","9":"tag-piattaforma-gestione-farmacie","10":"tag-programma-gestionale-farmacie","11":"tag-software-gestionale-farmacie","12":"tag-soluzione-gestionale-farmacie"},"wppr_data":{"cwp_meta_box_check":"Yes","cwp_rev_product_name":"","cwp_rev_product_image":"","cwp_image_link":"image","cwp_rev_price":"","wppr_rating":"0.00"},"acf":[],"yoast_head":"<!-- This site is optimized with the Yoast SEO plugin v27.4 - https:\/\/yoast.com\/product\/yoast-seo-wordpress\/ -->\n<title>Intelligent Medical Software: recensione software gestionale farmacie<\/title>\n<meta name=\"description\" content=\"Intelligent Medical Software: recensione soluzione gestionale per farmacie sviluppata da Meditab Software robusta e completa.\" \/>\n<meta name=\"robots\" content=\"index, follow, max-snippet:-1, max-image-preview:large, max-video-preview:-1\" \/>\n<link rel=\"canonical\" href=\"https:\/\/www.accuratereviews.com\/it\/gestionali-farmacie\/intelligent-medical-software-recensione\/\" \/>\n<meta property=\"og:locale\" content=\"it_IT\" \/>\n<meta property=\"og:type\" content=\"article\" \/>\n<meta property=\"og:title\" content=\"Intelligent Medical Software: recensione software gestionale farmacie\" \/>\n<meta property=\"og:description\" content=\"Intelligent Medical Software: recensione soluzione gestionale per farmacie sviluppata da Meditab Software robusta e completa.\" \/>\n<meta property=\"og:url\" content=\"https:\/\/www.accuratereviews.com\/it\/gestionali-farmacie\/intelligent-medical-software-recensione\/\" \/>\n<meta property=\"og:site_name\" content=\"Accurate Reviews\" \/>\n<meta property=\"og:image\" content=\"https:\/\/www.accuratereviews.com\/wp-content\/uploads\/2021\/09\/ims.png\" \/>\n\t<meta property=\"og:image:width\" content=\"1024\" \/>\n\t<meta property=\"og:image:height\" content=\"512\" \/>\n\t<meta property=\"og:image:type\" content=\"image\/png\" \/>\n<meta name=\"twitter:card\" content=\"summary_large_image\" \/>\n<meta name=\"twitter:label1\" content=\"Tempo di lettura stimato\" \/>\n\t<meta name=\"twitter:data1\" content=\"3 minuti\" \/>\n<script type=\"application\/ld+json\" class=\"yoast-schema-graph\">{\"@context\":\"https:\\\/\\\/schema.org\",\"@graph\":[{\"@type\":\"WebPage\",\"@id\":\"https:\\\/\\\/www.accuratereviews.com\\\/it\\\/gestionali-farmacie\\\/intelligent-medical-software-recensione\\\/\",\"url\":\"https:\\\/\\\/www.accuratereviews.com\\\/it\\\/gestionali-farmacie\\\/intelligent-medical-software-recensione\\\/\",\"name\":\"Intelligent Medical Software: recensione software gestionale farmacie\",\"isPartOf\":{\"@id\":\"https:\\\/\\\/www.accuratereviews.com\\\/it\\\/#website\"},\"primaryImageOfPage\":{\"@id\":\"https:\\\/\\\/www.accuratereviews.com\\\/it\\\/gestionali-farmacie\\\/intelligent-medical-software-recensione\\\/#primaryimage\"},\"image\":{\"@id\":\"https:\\\/\\\/www.accuratereviews.com\\\/it\\\/gestionali-farmacie\\\/intelligent-medical-software-recensione\\\/#primaryimage\"},\"thumbnailUrl\":\"https:\\\/\\\/www.accuratereviews.com\\\/wp-content\\\/uploads\\\/2021\\\/09\\\/ims.png\",\"datePublished\":\"2021-09-02T12:32:11+00:00\",\"description\":\"Intelligent Medical Software: recensione soluzione gestionale per farmacie sviluppata da Meditab Software robusta e completa.\",\"breadcrumb\":{\"@id\":\"https:\\\/\\\/www.accuratereviews.com\\\/it\\\/gestionali-farmacie\\\/intelligent-medical-software-recensione\\\/#breadcrumb\"},\"inLanguage\":\"it-IT\",\"potentialAction\":[{\"@type\":\"ReadAction\",\"target\":[\"https:\\\/\\\/www.accuratereviews.com\\\/it\\\/gestionali-farmacie\\\/intelligent-medical-software-recensione\\\/\"]}]},{\"@type\":\"ImageObject\",\"inLanguage\":\"it-IT\",\"@id\":\"https:\\\/\\\/www.accuratereviews.com\\\/it\\\/gestionali-farmacie\\\/intelligent-medical-software-recensione\\\/#primaryimage\",\"url\":\"https:\\\/\\\/www.accuratereviews.com\\\/wp-content\\\/uploads\\\/2021\\\/09\\\/ims.png\",\"contentUrl\":\"https:\\\/\\\/www.accuratereviews.com\\\/wp-content\\\/uploads\\\/2021\\\/09\\\/ims.png\",\"width\":1024,\"height\":512},{\"@type\":\"BreadcrumbList\",\"@id\":\"https:\\\/\\\/www.accuratereviews.com\\\/it\\\/gestionali-farmacie\\\/intelligent-medical-software-recensione\\\/#breadcrumb\",\"itemListElement\":[{\"@type\":\"ListItem\",\"position\":1,\"name\":\"Home\",\"item\":\"https:\\\/\\\/www.accuratereviews.com\\\/it\\\/\"},{\"@type\":\"ListItem\",\"position\":2,\"name\":\"Gestionali per farmacie\",\"item\":\"https:\\\/\\\/www.accuratereviews.com\\\/it\\\/gestionali-farmacie\\\/\"},{\"@type\":\"ListItem\",\"position\":3,\"name\":\"Intelligent Medical Software\"}]},{\"@type\":\"WebSite\",\"@id\":\"https:\\\/\\\/www.accuratereviews.com\\\/it\\\/#website\",\"url\":\"https:\\\/\\\/www.accuratereviews.com\\\/it\\\/\",\"name\":\"Accurate Reviews\",\"description\":\"\",\"potentialAction\":[{\"@type\":\"SearchAction\",\"target\":{\"@type\":\"EntryPoint\",\"urlTemplate\":\"https:\\\/\\\/www.accuratereviews.com\\\/it\\\/?s={search_term_string}\"},\"query-input\":{\"@type\":\"PropertyValueSpecification\",\"valueRequired\":true,\"valueName\":\"search_term_string\"}}],\"inLanguage\":\"it-IT\"}]}<\/script>\n<!-- \/ Yoast SEO plugin. -->","yoast_head_json":{"title":"Intelligent Medical Software: recensione software gestionale farmacie","description":"Intelligent Medical Software: recensione soluzione gestionale per farmacie sviluppata da Meditab Software robusta e completa.","robots":{"index":"index","follow":"follow","max-snippet":"max-snippet:-1","max-image-preview":"max-image-preview:large","max-video-preview":"max-video-preview:-1"},"canonical":"https:\/\/www.accuratereviews.com\/it\/gestionali-farmacie\/intelligent-medical-software-recensione\/","og_locale":"it_IT","og_type":"article","og_title":"Intelligent Medical Software: recensione software gestionale farmacie","og_description":"Intelligent Medical Software: recensione soluzione gestionale per farmacie sviluppata da Meditab Software robusta e completa.","og_url":"https:\/\/www.accuratereviews.com\/it\/gestionali-farmacie\/intelligent-medical-software-recensione\/","og_site_name":"Accurate Reviews","og_image":[{"width":1024,"height":512,"url":"https:\/\/www.accuratereviews.com\/wp-content\/uploads\/2021\/09\/ims.png","type":"image\/png"}],"twitter_card":"summary_large_image","twitter_misc":{"Tempo di lettura stimato":"3 minuti"},"schema":{"@context":"https:\/\/schema.org","@graph":[{"@type":"WebPage","@id":"https:\/\/www.accuratereviews.com\/it\/gestionali-farmacie\/intelligent-medical-software-recensione\/","url":"https:\/\/www.accuratereviews.com\/it\/gestionali-farmacie\/intelligent-medical-software-recensione\/","name":"Intelligent Medical Software: recensione software gestionale farmacie","isPartOf":{"@id":"https:\/\/www.accuratereviews.com\/it\/#website"},"primaryImageOfPage":{"@id":"https:\/\/www.accuratereviews.com\/it\/gestionali-farmacie\/intelligent-medical-software-recensione\/#primaryimage"},"image":{"@id":"https:\/\/www.accuratereviews.com\/it\/gestionali-farmacie\/intelligent-medical-software-recensione\/#primaryimage"},"thumbnailUrl":"https:\/\/www.accuratereviews.com\/wp-content\/uploads\/2021\/09\/ims.png","datePublished":"2021-09-02T12:32:11+00:00","description":"Intelligent Medical Software: recensione soluzione gestionale per farmacie sviluppata da Meditab Software robusta e completa.","breadcrumb":{"@id":"https:\/\/www.accuratereviews.com\/it\/gestionali-farmacie\/intelligent-medical-software-recensione\/#breadcrumb"},"inLanguage":"it-IT","potentialAction":[{"@type":"ReadAction","target":["https:\/\/www.accuratereviews.com\/it\/gestionali-farmacie\/intelligent-medical-software-recensione\/"]}]},{"@type":"ImageObject","inLanguage":"it-IT","@id":"https:\/\/www.accuratereviews.com\/it\/gestionali-farmacie\/intelligent-medical-software-recensione\/#primaryimage","url":"https:\/\/www.accuratereviews.com\/wp-content\/uploads\/2021\/09\/ims.png","contentUrl":"https:\/\/www.accuratereviews.com\/wp-content\/uploads\/2021\/09\/ims.png","width":1024,"height":512},{"@type":"BreadcrumbList","@id":"https:\/\/www.accuratereviews.com\/it\/gestionali-farmacie\/intelligent-medical-software-recensione\/#breadcrumb","itemListElement":[{"@type":"ListItem","position":1,"name":"Home","item":"https:\/\/www.accuratereviews.com\/it\/"},{"@type":"ListItem","position":2,"name":"Gestionali per farmacie","item":"https:\/\/www.accuratereviews.com\/it\/gestionali-farmacie\/"},{"@type":"ListItem","position":3,"name":"Intelligent Medical Software"}]},{"@type":"WebSite","@id":"https:\/\/www.accuratereviews.com\/it\/#website","url":"https:\/\/www.accuratereviews.com\/it\/","name":"Accurate Reviews","description":"","potentialAction":[{"@type":"SearchAction","target":{"@type":"EntryPoint","urlTemplate":"https:\/\/www.accuratereviews.com\/it\/?s={search_term_string}"},"query-input":{"@type":"PropertyValueSpecification","valueRequired":true,"valueName":"search_term_string"}}],"inLanguage":"it-IT"}]}},"_links":{"self":[{"href":"https:\/\/www.accuratereviews.com\/it\/wp-json\/wp\/v2\/pages\/47226","targetHints":{"allow":["GET"]}}],"collection":[{"href":"https:\/\/www.accuratereviews.com\/it\/wp-json\/wp\/v2\/pages"}],"about":[{"href":"https:\/\/www.accuratereviews.com\/it\/wp-json\/wp\/v2\/types\/page"}],"author":[{"embeddable":true,"href":"https:\/\/www.accuratereviews.com\/it\/wp-json\/wp\/v2\/users\/16"}],"replies":[{"embeddable":true,"href":"https:\/\/www.accuratereviews.com\/it\/wp-json\/wp\/v2\/comments?post=47226"}],"version-history":[{"count":12,"href":"https:\/\/www.accuratereviews.com\/it\/wp-json\/wp\/v2\/pages\/47226\/revisions"}],"predecessor-version":[{"id":47274,"href":"https:\/\/www.accuratereviews.com\/it\/wp-json\/wp\/v2\/pages\/47226\/revisions\/47274"}],"up":[{"embeddable":true,"href":"https:\/\/www.accuratereviews.com\/it\/wp-json\/wp\/v2\/pages\/46849"}],"wp:featuredmedia":[{"embeddable":true,"href":"https:\/\/www.accuratereviews.com\/it\/wp-json\/wp\/v2\/media\/47232"}],"wp:attachment":[{"href":"https:\/\/www.accuratereviews.com\/it\/wp-json\/wp\/v2\/media?parent=47226"}],"wp:term":[{"taxonomy":"category","embeddable":true,"href":"https:\/\/www.accuratereviews.com\/it\/wp-json\/wp\/v2\/categories?post=47226"},{"taxonomy":"post_tag","embeddable":true,"href":"https:\/\/www.accuratereviews.com\/it\/wp-json\/wp\/v2\/tags?post=47226"},{"taxonomy":"features","embeddable":true,"href":"https:\/\/www.accuratereviews.com\/it\/wp-json\/wp\/v2\/features?post=47226"}],"curies":[{"name":"wp","href":"https:\/\/api.w.org\/{rel}","templated":true}]}}