{"id":47239,"date":"2021-09-02T12:36:49","date_gmt":"2021-09-02T12:36:49","guid":{"rendered":"https:\/\/www.accuratereviews.com\/?page_id=47239"},"modified":"2021-09-03T07:55:09","modified_gmt":"2021-09-03T07:55:09","slug":"frameworkltc-recensione","status":"publish","type":"page","link":"https:\/\/www.accuratereviews.com\/it\/gestionali-farmacie\/frameworkltc-recensione\/","title":{"rendered":"FrameworkLTC"},"content":{"rendered":"<p>La piattaforma <strong>FrameworkLTC<\/strong> \u00e8 una soluzione completamente integrata e scalabile automatizza le attivit\u00e0 manuali in modo che le<strong> farmacie LTC<\/strong> possano concentrarsi su ci\u00f2 che conta di pi\u00f9: migliorare la vita dei pazienti.\u00a0Con il contributo di leader di mercato e anni di esperienza dietro il bancone, SoftWriters ha creato un&#8217;applicazione software leader che semplifica sia i solidi processi di flusso di lavoro che le transazioni non standard come rifiuti, autorizzazioni preventive e rifatturazione. Le caratteristiche ti aiuteranno ad avere piena visibilit\u00e0 su tutti i farmaci all&#8217;interno delle sedi della tua farmacia, gestire efficacemente i tuoi flussi di lavoro e\u00a0produrre report da semplici a complessi.<\/p>\n<h2>FRAMEWORKLTC &#8211; TUTORIAL<\/h2>\n<p>Ecco un video su questo <strong>software gestionale per farmacie<\/strong>:<\/p>\n<div id=\"fluid-wrapper-counter-1\" class=\"g1-fluid-wrapper \" style=\"width:686px;\">\n<div style=\"padding-bottom:56.268221574344%;\"><iframe loading=\"lazy\" title=\"FrameworkFlow Barcode Scanning Technology\" width=\"686\" height=\"386\" src=\"https:\/\/www.youtube.com\/embed\/a0J9GSJEnl4?feature=oembed&amp;wmode=transparent&amp;autohide=1&amp;autoplay=0&amp;disablekb=0&amp;fs=1&amp;loop=0&amp;enablejsapi=1&amp;rel=0&amp;controls=2&amp;showinfo=0&amp;wmode=transparent&amp;autohide=2&amp;autoplay=0&amp;disablekb=0&amp;fs=1&amp;loop=0&amp;enablejsapi=1&amp;rel=0&amp;controls=2&amp;showinfo=1\" frameborder=\"0\" allow=\"accelerometer; autoplay; clipboard-write; encrypted-media; gyroscope; picture-in-picture\" allowfullscreen><\/iframe><\/div>\n<\/div>\n<h3>FRAMEWORKLTC &#8211; CARATTERISTICHE<\/h3>\n<ul>\n<li><strong>Progettazione basata su regole<\/strong>: personalizza il software per soddisfare le specifiche e le preferenze uniche di ogni struttura con un design basato su regole<\/li>\n<li><strong>Soluzioni scalabili<\/strong>: scopri soluzioni scalabili che si adattano per soddisfare le esigenze della tua farmacia LTC, non il contrario<\/li>\n<li><strong>Interfacce leader del settore<\/strong>: rafforza le partnership della tua struttura collegando FrameworkLTC con pi\u00f9 di 100 interfacce specifiche del settore<\/li>\n<li><strong>Flussi di lavoro unificati<\/strong>: crea un processo unificato per tutti gli ordini in arrivo, con la possibilit\u00e0 di eseguire su richiesta e automatizzare diversi passaggi con un clic<\/li>\n<li><strong>Contenuti intelligenti<\/strong>: migliora i tuoi processi e aggira il triage per la ricarica degli ordini con contenuti intelligenti con codici a barre, annotazioni personalizzate e altro ancora<\/li>\n<li><strong>Costi ridotti:<\/strong> riduci i costi associati alla gestione dei documenti cartacei e all&#8217;esecuzione di attivit\u00e0 manuali e ripetitive con un&#8217;automazione del flusso di lavoro senza interruzioni<\/li>\n<li><strong>Maggiore precisione:<\/strong> porta precisione nel tuo flusso di lavoro operativo eliminando gli errori di erogazione e di inventario con i controlli di qualit\u00e0 integrati<\/li>\n<li><strong>Migliore responsabilit\u00e0<\/strong>: migliora la responsabilit\u00e0 del personale abilitando l&#8217;acquisizione wireless dell&#8217;ID del farmacista o del tecnico e dei timestamp<\/li>\n<li><strong>Maggiore sicurezza<\/strong>: proteggi il personale della tua farmacia sostenendo i requisiti di distanziamento sociale causati dalla pandemia.<\/li>\n<\/ul>\n<h4>LE RECENSIONI DEGLI UTENTI<\/h4>\n<p class=\"font-weight-bold mb-1 d-flex align-items-center\"><strong>Patrick H.&#8221;FrameworkLTC &#8211; Farmacia per cure a lungo termine&#8221;<\/strong><\/p>\n<p><strong>Commenti: <\/strong>L&#8217;esperienza \u00e8 stata fantastica. La farmacia a lungo termine \u00e8 un settore impegnativo. Tutti quelli con cui ho lavorato erano molto ben informati sul loro prodotto e sull&#8217;industria nel suo insieme. Sviluppare relazioni con i tuoi fornitori \u00e8 la chiave per avere successo e non tutti in lo capiscono.<\/p>\n<p><strong>Pro: <\/strong>Funzionalit\u00e0 e capacit\u00e0 di creare efficienze operative nelle nostre farmacie.<\/p>\n<p><strong>Contro: <\/strong>Nessun grande svantaggio. Un portale online pi\u00f9 solido per i partner delle case di cura \u00e8 sempre stato un miglioramento necessario. Hanno ascoltato i loro clienti ed \u00e8 qualcosa per cui stanno lavorando.<\/p>\n<p class=\"font-weight-bold mb-1 d-flex align-items-center\"><strong>Ryan C.&#8221;Uno sportello unico per il software della farmacia&#8221;<\/strong><\/p>\n<p><strong>Commenti: <\/strong>Meglio di qualsiasi altro software LTC<\/p>\n<p><strong>Pro: <\/strong>Passaggi succinti del flusso di lavoro.\u00a0Tracciamento RX sulla dashboard.\u00a0Funzionalit\u00e0 di segnalazione.\u00a0Farmacisti e tecnici facili da formare<\/p>\n<p><strong>Contro: <\/strong>Crediti.\u00a0Richieste opzioni di sistema minori che non sono state aggiunte<\/p>\n<p class=\"font-weight-bold mb-1 d-flex align-items-center\"><strong>Amanda W.&#8221;Difficile da imparare ma ha molte caratteristiche.&#8221;<\/strong><\/p>\n<p><strong>Pro: <\/strong>Mi piace che ci siano molte funzionalit\u00e0 che Framework ha costruito al suo interno. Sicuramente funzionerebbe per chiunque.<\/p>\n<p><strong>Contro: <\/strong>Non mi piace che sia difficile da imparare. Inoltre, l&#8217;assistenza clienti non \u00e8 utile per la maggior parte del tempo. Framework \u00e8 configurato per funzionare con ADL, tuttavia i due sistemi in realt\u00e0 non funzionano molto bene insieme. Troppe modifiche necessarie alle prescrizioni.<\/p>\n","protected":false},"excerpt":{"rendered":"<p>Dall&#8217;acquisizione degli ordini fino alla consegna, la piattaforma FrameworkLTC\u00a0soluzione completamente integrata e scalabile automatizza le attivit\u00e0 manuali in modo che le farmacie LTC possano concentrarsi su ci\u00f2 che conta di pi\u00f9: migliorare la vita dei pazienti.\u00a0<\/p>\n","protected":false},"author":16,"featured_media":47241,"parent":46849,"menu_order":0,"comment_status":"open","ping_status":"closed","template":"g1_template_page_review_new.php","meta":{"_acf_changed":false,"cwp_meta_box_check":"Yes","cwp_rev_product_name":"","cwp_rev_product_image":"","wppr_links":[],"cwp_rev_price":"","wppr_options":[],"wppr_pros":[],"wppr_cons":[],"_monsterinsights_skip_tracking":false,"_monsterinsights_sitenote_active":false,"_monsterinsights_sitenote_note":"","_monsterinsights_sitenote_category":0,"footnotes":""},"categories":[10939],"tags":[11048,11003,10993,10992,10991,10990],"features":[],"class_list":{"0":"post-47239","1":"page","2":"type-page","3":"status-publish","4":"has-post-thumbnail","6":"category-gestionali-farmacie-cat","7":"tag-frameworkltc","8":"tag-gestione-farmacie","9":"tag-piattaforma-gestione-farmacie","10":"tag-programma-gestione-farmacie","11":"tag-software-gestione-farmacie","12":"tag-soluzione-gestione-farmacie"},"wppr_data":{"cwp_meta_box_check":"Yes","cwp_rev_product_name":"","cwp_rev_product_image":"","cwp_image_link":"image","cwp_rev_price":"","wppr_rating":"0.00"},"acf":[],"yoast_head":"<!-- This site is optimized with the Yoast SEO plugin v27.4 - https:\/\/yoast.com\/product\/yoast-seo-wordpress\/ -->\n<title>FrameworkLTC: recensione software gestione farmacie Accurate Reviews<\/title>\n<meta name=\"description\" content=\"FrameworkLTC: recensione\u00a0soluzione completamente integrata e scalabile per la gestione delle farmacie di qualsiasi dimensione.\" \/>\n<meta name=\"robots\" content=\"index, follow, max-snippet:-1, max-image-preview:large, max-video-preview:-1\" \/>\n<link rel=\"canonical\" href=\"https:\/\/www.accuratereviews.com\/it\/gestionali-farmacie\/frameworkltc-recensione\/\" \/>\n<meta property=\"og:locale\" content=\"it_IT\" \/>\n<meta property=\"og:type\" content=\"article\" \/>\n<meta property=\"og:title\" content=\"FrameworkLTC: recensione software gestione farmacie Accurate Reviews\" \/>\n<meta property=\"og:description\" content=\"FrameworkLTC: recensione\u00a0soluzione completamente integrata e scalabile per la gestione delle farmacie di qualsiasi dimensione.\" \/>\n<meta property=\"og:url\" content=\"https:\/\/www.accuratereviews.com\/it\/gestionali-farmacie\/frameworkltc-recensione\/\" \/>\n<meta property=\"og:site_name\" content=\"Accurate Reviews\" \/>\n<meta property=\"article:modified_time\" content=\"2021-09-03T07:55:09+00:00\" \/>\n<meta property=\"og:image\" content=\"https:\/\/www.accuratereviews.com\/wp-content\/uploads\/2021\/09\/frameworkltc.png\" \/>\n\t<meta property=\"og:image:width\" content=\"600\" \/>\n\t<meta property=\"og:image:height\" content=\"315\" \/>\n\t<meta property=\"og:image:type\" content=\"image\/png\" \/>\n<meta name=\"twitter:card\" content=\"summary_large_image\" \/>\n<meta name=\"twitter:label1\" content=\"Tempo di lettura stimato\" \/>\n\t<meta name=\"twitter:data1\" content=\"3 minuti\" \/>\n<script type=\"application\/ld+json\" class=\"yoast-schema-graph\">{\"@context\":\"https:\\\/\\\/schema.org\",\"@graph\":[{\"@type\":\"WebPage\",\"@id\":\"https:\\\/\\\/www.accuratereviews.com\\\/it\\\/gestionali-farmacie\\\/frameworkltc-recensione\\\/\",\"url\":\"https:\\\/\\\/www.accuratereviews.com\\\/it\\\/gestionali-farmacie\\\/frameworkltc-recensione\\\/\",\"name\":\"FrameworkLTC: recensione software gestione farmacie Accurate Reviews\",\"isPartOf\":{\"@id\":\"https:\\\/\\\/www.accuratereviews.com\\\/it\\\/#website\"},\"primaryImageOfPage\":{\"@id\":\"https:\\\/\\\/www.accuratereviews.com\\\/it\\\/gestionali-farmacie\\\/frameworkltc-recensione\\\/#primaryimage\"},\"image\":{\"@id\":\"https:\\\/\\\/www.accuratereviews.com\\\/it\\\/gestionali-farmacie\\\/frameworkltc-recensione\\\/#primaryimage\"},\"thumbnailUrl\":\"https:\\\/\\\/www.accuratereviews.com\\\/wp-content\\\/uploads\\\/2021\\\/09\\\/frameworkltc.png\",\"datePublished\":\"2021-09-02T12:36:49+00:00\",\"dateModified\":\"2021-09-03T07:55:09+00:00\",\"description\":\"FrameworkLTC: recensione\u00a0soluzione completamente integrata e scalabile per la gestione delle farmacie di qualsiasi dimensione.\",\"breadcrumb\":{\"@id\":\"https:\\\/\\\/www.accuratereviews.com\\\/it\\\/gestionali-farmacie\\\/frameworkltc-recensione\\\/#breadcrumb\"},\"inLanguage\":\"it-IT\",\"potentialAction\":[{\"@type\":\"ReadAction\",\"target\":[\"https:\\\/\\\/www.accuratereviews.com\\\/it\\\/gestionali-farmacie\\\/frameworkltc-recensione\\\/\"]}]},{\"@type\":\"ImageObject\",\"inLanguage\":\"it-IT\",\"@id\":\"https:\\\/\\\/www.accuratereviews.com\\\/it\\\/gestionali-farmacie\\\/frameworkltc-recensione\\\/#primaryimage\",\"url\":\"https:\\\/\\\/www.accuratereviews.com\\\/wp-content\\\/uploads\\\/2021\\\/09\\\/frameworkltc.png\",\"contentUrl\":\"https:\\\/\\\/www.accuratereviews.com\\\/wp-content\\\/uploads\\\/2021\\\/09\\\/frameworkltc.png\",\"width\":600,\"height\":315},{\"@type\":\"BreadcrumbList\",\"@id\":\"https:\\\/\\\/www.accuratereviews.com\\\/it\\\/gestionali-farmacie\\\/frameworkltc-recensione\\\/#breadcrumb\",\"itemListElement\":[{\"@type\":\"ListItem\",\"position\":1,\"name\":\"Home\",\"item\":\"https:\\\/\\\/www.accuratereviews.com\\\/it\\\/\"},{\"@type\":\"ListItem\",\"position\":2,\"name\":\"Gestionali per farmacie\",\"item\":\"https:\\\/\\\/www.accuratereviews.com\\\/it\\\/gestionali-farmacie\\\/\"},{\"@type\":\"ListItem\",\"position\":3,\"name\":\"FrameworkLTC\"}]},{\"@type\":\"WebSite\",\"@id\":\"https:\\\/\\\/www.accuratereviews.com\\\/it\\\/#website\",\"url\":\"https:\\\/\\\/www.accuratereviews.com\\\/it\\\/\",\"name\":\"Accurate Reviews\",\"description\":\"\",\"potentialAction\":[{\"@type\":\"SearchAction\",\"target\":{\"@type\":\"EntryPoint\",\"urlTemplate\":\"https:\\\/\\\/www.accuratereviews.com\\\/it\\\/?s={search_term_string}\"},\"query-input\":{\"@type\":\"PropertyValueSpecification\",\"valueRequired\":true,\"valueName\":\"search_term_string\"}}],\"inLanguage\":\"it-IT\"}]}<\/script>\n<!-- \/ Yoast SEO plugin. -->","yoast_head_json":{"title":"FrameworkLTC: recensione software gestione farmacie Accurate Reviews","description":"FrameworkLTC: recensione\u00a0soluzione completamente integrata e scalabile per la gestione delle farmacie di qualsiasi dimensione.","robots":{"index":"index","follow":"follow","max-snippet":"max-snippet:-1","max-image-preview":"max-image-preview:large","max-video-preview":"max-video-preview:-1"},"canonical":"https:\/\/www.accuratereviews.com\/it\/gestionali-farmacie\/frameworkltc-recensione\/","og_locale":"it_IT","og_type":"article","og_title":"FrameworkLTC: recensione software gestione farmacie Accurate Reviews","og_description":"FrameworkLTC: recensione\u00a0soluzione completamente integrata e scalabile per la gestione delle farmacie di qualsiasi dimensione.","og_url":"https:\/\/www.accuratereviews.com\/it\/gestionali-farmacie\/frameworkltc-recensione\/","og_site_name":"Accurate Reviews","article_modified_time":"2021-09-03T07:55:09+00:00","og_image":[{"width":600,"height":315,"url":"https:\/\/www.accuratereviews.com\/wp-content\/uploads\/2021\/09\/frameworkltc.png","type":"image\/png"}],"twitter_card":"summary_large_image","twitter_misc":{"Tempo di lettura stimato":"3 minuti"},"schema":{"@context":"https:\/\/schema.org","@graph":[{"@type":"WebPage","@id":"https:\/\/www.accuratereviews.com\/it\/gestionali-farmacie\/frameworkltc-recensione\/","url":"https:\/\/www.accuratereviews.com\/it\/gestionali-farmacie\/frameworkltc-recensione\/","name":"FrameworkLTC: recensione software gestione farmacie Accurate Reviews","isPartOf":{"@id":"https:\/\/www.accuratereviews.com\/it\/#website"},"primaryImageOfPage":{"@id":"https:\/\/www.accuratereviews.com\/it\/gestionali-farmacie\/frameworkltc-recensione\/#primaryimage"},"image":{"@id":"https:\/\/www.accuratereviews.com\/it\/gestionali-farmacie\/frameworkltc-recensione\/#primaryimage"},"thumbnailUrl":"https:\/\/www.accuratereviews.com\/wp-content\/uploads\/2021\/09\/frameworkltc.png","datePublished":"2021-09-02T12:36:49+00:00","dateModified":"2021-09-03T07:55:09+00:00","description":"FrameworkLTC: recensione\u00a0soluzione completamente integrata e scalabile per la gestione delle farmacie di qualsiasi dimensione.","breadcrumb":{"@id":"https:\/\/www.accuratereviews.com\/it\/gestionali-farmacie\/frameworkltc-recensione\/#breadcrumb"},"inLanguage":"it-IT","potentialAction":[{"@type":"ReadAction","target":["https:\/\/www.accuratereviews.com\/it\/gestionali-farmacie\/frameworkltc-recensione\/"]}]},{"@type":"ImageObject","inLanguage":"it-IT","@id":"https:\/\/www.accuratereviews.com\/it\/gestionali-farmacie\/frameworkltc-recensione\/#primaryimage","url":"https:\/\/www.accuratereviews.com\/wp-content\/uploads\/2021\/09\/frameworkltc.png","contentUrl":"https:\/\/www.accuratereviews.com\/wp-content\/uploads\/2021\/09\/frameworkltc.png","width":600,"height":315},{"@type":"BreadcrumbList","@id":"https:\/\/www.accuratereviews.com\/it\/gestionali-farmacie\/frameworkltc-recensione\/#breadcrumb","itemListElement":[{"@type":"ListItem","position":1,"name":"Home","item":"https:\/\/www.accuratereviews.com\/it\/"},{"@type":"ListItem","position":2,"name":"Gestionali per farmacie","item":"https:\/\/www.accuratereviews.com\/it\/gestionali-farmacie\/"},{"@type":"ListItem","position":3,"name":"FrameworkLTC"}]},{"@type":"WebSite","@id":"https:\/\/www.accuratereviews.com\/it\/#website","url":"https:\/\/www.accuratereviews.com\/it\/","name":"Accurate Reviews","description":"","potentialAction":[{"@type":"SearchAction","target":{"@type":"EntryPoint","urlTemplate":"https:\/\/www.accuratereviews.com\/it\/?s={search_term_string}"},"query-input":{"@type":"PropertyValueSpecification","valueRequired":true,"valueName":"search_term_string"}}],"inLanguage":"it-IT"}]}},"_links":{"self":[{"href":"https:\/\/www.accuratereviews.com\/it\/wp-json\/wp\/v2\/pages\/47239","targetHints":{"allow":["GET"]}}],"collection":[{"href":"https:\/\/www.accuratereviews.com\/it\/wp-json\/wp\/v2\/pages"}],"about":[{"href":"https:\/\/www.accuratereviews.com\/it\/wp-json\/wp\/v2\/types\/page"}],"author":[{"embeddable":true,"href":"https:\/\/www.accuratereviews.com\/it\/wp-json\/wp\/v2\/users\/16"}],"replies":[{"embeddable":true,"href":"https:\/\/www.accuratereviews.com\/it\/wp-json\/wp\/v2\/comments?post=47239"}],"version-history":[{"count":11,"href":"https:\/\/www.accuratereviews.com\/it\/wp-json\/wp\/v2\/pages\/47239\/revisions"}],"predecessor-version":[{"id":47297,"href":"https:\/\/www.accuratereviews.com\/it\/wp-json\/wp\/v2\/pages\/47239\/revisions\/47297"}],"up":[{"embeddable":true,"href":"https:\/\/www.accuratereviews.com\/it\/wp-json\/wp\/v2\/pages\/46849"}],"wp:featuredmedia":[{"embeddable":true,"href":"https:\/\/www.accuratereviews.com\/it\/wp-json\/wp\/v2\/media\/47241"}],"wp:attachment":[{"href":"https:\/\/www.accuratereviews.com\/it\/wp-json\/wp\/v2\/media?parent=47239"}],"wp:term":[{"taxonomy":"category","embeddable":true,"href":"https:\/\/www.accuratereviews.com\/it\/wp-json\/wp\/v2\/categories?post=47239"},{"taxonomy":"post_tag","embeddable":true,"href":"https:\/\/www.accuratereviews.com\/it\/wp-json\/wp\/v2\/tags?post=47239"},{"taxonomy":"features","embeddable":true,"href":"https:\/\/www.accuratereviews.com\/it\/wp-json\/wp\/v2\/features?post=47239"}],"curies":[{"name":"wp","href":"https:\/\/api.w.org\/{rel}","templated":true}]}}