{"id":47287,"date":"2021-09-03T11:47:12","date_gmt":"2021-09-03T11:47:12","guid":{"rendered":"https:\/\/www.accuratereviews.com\/?page_id=47287"},"modified":"2021-09-03T11:47:12","modified_gmt":"2021-09-03T11:47:12","slug":"medeil-recensione","status":"publish","type":"page","link":"https:\/\/www.accuratereviews.com\/it\/gestionali-farmacie\/medeil-recensione\/","title":{"rendered":"Medeil"},"content":{"rendered":"<p><strong>Medeil<\/strong> \u00a0\u00e8 una <strong>soluzione ERP per farmacie<\/strong> end-to-end che aiuta farmacie e rivenditori ad affrontare senza sforzo le loro varie esigenze aziendali e a raggiungere rapidamente una crescita senza problemi.\u00a0Questo software per farmacia completamente integrato e all-inclusive basato su <strong>cloud<\/strong> ti consente di gestire vari aspetti della tua attivit\u00e0 utilizzando le ultime tecnologie e funzionalit\u00e0. \u00c8 possibile implementare l&#8217;elaborazione di codici a barre o QR code per fornire rapidamente prodotti e servizi ai clienti, condurre l&#8217;inventario ABC e l&#8217;analisi dei tempi di consegna per decisioni di approvvigionamento pi\u00f9 intelligenti e creare una base di conoscenza di informazioni mediche e sui farmaci.\u00a0<strong>Medeil<\/strong> consente inoltre di gestire comunicazioni con fornitori e clienti, ordini di vendita e processi di fatturazione su diversi canali. In pi\u00f9, sarai in grado di eseguire l&#8217;assistenza clinica specifica per la farmacia, la ricarica delle prescrizioni e i flussi di lavoro di gestione dei dipendenti.<\/p>\n<h2>MEDEIL &#8211; TUTORIAL<\/h2>\n<p>Il video evidenzia le caratteristiche generali sul<strong> software per farmacisti<\/strong> informazioni grafiche sui suoi utenti, copertura e download:<\/p>\n<div id=\"fluid-wrapper-counter-1\" class=\"g1-fluid-wrapper \" style=\"width:686px;\">\n<div style=\"padding-bottom:56.268221574344%;\"><iframe loading=\"lazy\" title=\"MEDEIL - PHARMACY SOFTWARE INFOGRAPHICS\" width=\"686\" height=\"386\" src=\"https:\/\/www.youtube.com\/embed\/6I71DDfbtnE?feature=oembed&amp;wmode=transparent&amp;autohide=1&amp;autoplay=0&amp;disablekb=0&amp;fs=1&amp;loop=0&amp;enablejsapi=1&amp;rel=0&amp;controls=2&amp;showinfo=0&amp;wmode=transparent&amp;autohide=2&amp;autoplay=0&amp;disablekb=0&amp;fs=1&amp;loop=0&amp;enablejsapi=1&amp;rel=0&amp;controls=2&amp;showinfo=1\" frameborder=\"0\" allow=\"accelerometer; autoplay; clipboard-write; encrypted-media; gyroscope; picture-in-picture\" allowfullscreen><\/iframe><\/div>\n<\/div>\n<h3>MEDEIL &#8211; CARATTERISTICHE<\/h3>\n<ul>\n<li><strong>Saldi<\/strong>: utilizzando il master \u00e8 possibile controllare tutti gli ingressi e apportare modifiche a ogni divisione del PMS, in altre parole si ha accesso a tutti i reparti. Il master gestisce l&#8217;arsenale di merchandising, distribuzione, informazioni sui dipendenti e molto altro. La funzione PMS Master fornisce moduli separati per i dettagli del farmaco, informazioni dell&#8217;ospedale, i dettagli del medico e del distributore lo stipendio dei dipendenti e le ore lavorate di quest&#8217;ultimi. Questa funzione consente un controllo pi\u00f9 efficiente ed efficace sull&#8217;attivit\u00e0 da un&#8217;unica posizione<\/li>\n<li><strong>Gestione delle scorte<\/strong>: un controllo dell&#8217;inventario a pi\u00f9 livelli \u00e8 l&#8217;essenza del software PMS. Ogni farmacia ha bisogno di tenere traccia delle proprie scorte per evitare una situazione di carenza di prodotti. Nessuna quantit\u00e0 di lavoro fisico pu\u00f2 sostituire l&#8217;efficienza di un sistema software costruito appositamente per la facilit\u00e0 di gestione della farmacia. La funzione di inventario di PMS fornisce dettagli approfonditi separati di ordini di acquisto, fatture, resi e dettagli di stock. Consente inoltre l&#8217;invio di ordini di acquisto per le merci necessarie<\/li>\n<li><strong>Finanziario<\/strong>: il modulo di contabilit\u00e0 facile da usare con caratteristiche forti che pu\u00f2 essere utilizzato da tutti. Consente di migliorare l&#8217;inventario e il processo di acquisto ed elimina la duplicazione delle voci. Questa funzione ha registrazioni individuali di vendite, ricevute, note di credito, note di addebito e un libro cassa giornaliero. Le voci regolari possono essere facilmente effettuate con i suoi meccanismi di controllo e possono essere prodotti ricchi record finanziari in qualsiasi momento<\/li>\n<li><strong>Gestione del reparto con il cliente<\/strong>: la gestione delle relazioni con i clienti, nota anche come CRM, \u00e8 una delle funzionalit\u00e0 del software PMS. Consente all&#8217;utente di tenere traccia di ogni interazione con il cliente ai fini della promozione del prodotto. Questa funzionalit\u00e0 memorizza i dettagli del cliente, gli avvisi e i reclami. Tali informazioni sono preziose per riferimento futuro e miglioramento del servizio per ogni azienda<\/li>\n<li><strong>Rapporti<\/strong>: la funzione di report del sistema analizza e migliora il funzionamento dell&#8217;attivit\u00e0 della farmacia. Un rapporto tempestivo di vari aspetti dell&#8217;organizzazione \u00e8 disponibile con un clic. Il software genera report su vendite, acquisti, inventario, prodotti, stock, analisi di stock, master, performance finanziarie e CRM. Sotto ogni rapporto, tutti gli aspetti sono registrati e visualizzati individualmente<\/li>\n<\/ul>\n<h4>LE RECENSIONI DEGLI UTENTI<\/h4>\n<p class=\"font-weight-bold mb-1 d-flex align-items-center\"><strong>Jorge O.&#8221;Medeil&#8221;<\/strong><\/p>\n<p><strong>Pro: <\/strong>Tutto il prodotto va bene, sono molto contento di questo prodotto.<\/p>\n<p><strong>Contro: <\/strong>Il login non va bene, ma penso che possa migliorare.<\/p>\n<p class=\"font-weight-bold mb-1 d-flex align-items-center\"><strong>Ms. shonal G.&#8221;MEDEIL &#8211; Un software completo per la gestione della farmacia&#8221;<\/strong><\/p>\n<p><strong>Commenti: <\/strong>Sistema estremamente facile da usare, prezzo ragionevole, ha tutte le caratteristiche di un requisito della farmacia come POS, elenco farmaci integrato, avvisi di magazzino, avvisi di scadenza, inventario e rapporti sulle vendite, CRM, cos\u00ec via&#8230; Vale la pena consigliare alla nostra comunit\u00e0 di farmacie&#8230;.<\/p>\n<p><strong>Pro: <\/strong>molto facile da usare<\/p>\n<p><strong>Contro: <\/strong>pochissimi svantaggi<\/p>\n<p class=\"font-weight-bold mb-1 d-flex align-items-center\"><strong>Merlin T.&#8221;Software per farmacia facile ed efficiente&#8221;<\/strong><\/p>\n<p><strong>Commenti: <\/strong>Medeil \u00e8 uno strumento di gestione della farmacia completamente semplice ed efficiente, la gestione dell&#8217;inventario \u00e8 pi\u00f9 organizzata e pre-caricata di prodotti farmaceutici e fmcg, che include terapeutici e indicazioni. e avvisi di scadenza personalizzabili, aiutano le farmacie a ottenere maggiori vantaggi operativi e aumentano anche il ROI. Medeil attualmente \u00e8 un prodotto autonomo, che utilizza solo la tecnologia server-client. non \u00e8 in grado di gestire la gestione di pi\u00f9 sedi.<\/p>\n","protected":false},"excerpt":{"rendered":"<p>Medeil \u00a0\u00e8 una soluzione ERP per farmacie end-to-end che aiuta farmacie e rivenditori ad affrontare senza sforzo le loro varie esigenze aziendali e a raggiungere rapidamente una crescita senza problemi.\u00a0Questo software per farmacia completamente integrato e all-inclusive basato su cloud ti consente di gestire vari aspetti della tua attivit\u00e0 utilizzando le ultime tecnologie e funzionalit\u00e0.<\/p>\n","protected":false},"author":16,"featured_media":47289,"parent":46849,"menu_order":0,"comment_status":"open","ping_status":"closed","template":"g1_template_page_review_new.php","meta":{"_acf_changed":false,"cwp_meta_box_check":"Yes","cwp_rev_product_name":"","cwp_rev_product_image":"","wppr_links":[],"cwp_rev_price":"","wppr_options":[],"wppr_pros":[],"wppr_cons":[],"_monsterinsights_skip_tracking":false,"_monsterinsights_sitenote_active":false,"_monsterinsights_sitenote_note":"","_monsterinsights_sitenote_category":0,"footnotes":""},"categories":[10939],"tags":[10943,11050,10966,10965,10991,10946],"features":[],"class_list":{"0":"post-47287","1":"page","2":"type-page","3":"status-publish","4":"has-post-thumbnail","6":"category-gestionali-farmacie-cat","7":"tag-gestionale-farmacie","8":"tag-medeil","9":"tag-piattaforma-gestionale-farmacie","10":"tag-programma-gestionale-farmacie","11":"tag-software-gestione-farmacie","12":"tag-soluzione-gestionale-farmacie"},"wppr_data":{"cwp_meta_box_check":"Yes","cwp_rev_product_name":"","cwp_rev_product_image":"","cwp_image_link":"image","cwp_rev_price":"","wppr_rating":"0.00"},"acf":[],"yoast_head":"<!-- This site is optimized with the Yoast SEO plugin v27.4 - https:\/\/yoast.com\/product\/yoast-seo-wordpress\/ -->\n<title>Medeil: recensione software gestionale farmacie - Accurate Reviews<\/title>\n<meta name=\"description\" content=\"Medeil: recensione soluzione ERP end-to-end che aiuta farmacie e rivenditori ad affrontare le loro varie esigenze aziendali.\" \/>\n<meta name=\"robots\" content=\"index, follow, max-snippet:-1, max-image-preview:large, max-video-preview:-1\" \/>\n<link rel=\"canonical\" href=\"https:\/\/www.accuratereviews.com\/it\/gestionali-farmacie\/medeil-recensione\/\" \/>\n<meta property=\"og:locale\" content=\"it_IT\" \/>\n<meta property=\"og:type\" content=\"article\" \/>\n<meta property=\"og:title\" content=\"Medeil: recensione software gestionale farmacie - Accurate Reviews\" \/>\n<meta property=\"og:description\" content=\"Medeil: recensione soluzione ERP end-to-end che aiuta farmacie e rivenditori ad affrontare le loro varie esigenze aziendali.\" \/>\n<meta property=\"og:url\" content=\"https:\/\/www.accuratereviews.com\/it\/gestionali-farmacie\/medeil-recensione\/\" \/>\n<meta property=\"og:site_name\" content=\"Accurate Reviews\" \/>\n<meta property=\"og:image\" content=\"https:\/\/www.accuratereviews.com\/wp-content\/uploads\/2021\/09\/medeil.jpg\" \/>\n\t<meta property=\"og:image:width\" content=\"230\" \/>\n\t<meta property=\"og:image:height\" content=\"219\" \/>\n\t<meta property=\"og:image:type\" content=\"image\/jpeg\" \/>\n<meta name=\"twitter:card\" content=\"summary_large_image\" \/>\n<meta name=\"twitter:label1\" content=\"Tempo di lettura stimato\" \/>\n\t<meta name=\"twitter:data1\" content=\"4 minuti\" \/>\n<script type=\"application\/ld+json\" class=\"yoast-schema-graph\">{\"@context\":\"https:\\\/\\\/schema.org\",\"@graph\":[{\"@type\":\"WebPage\",\"@id\":\"https:\\\/\\\/www.accuratereviews.com\\\/it\\\/gestionali-farmacie\\\/medeil-recensione\\\/\",\"url\":\"https:\\\/\\\/www.accuratereviews.com\\\/it\\\/gestionali-farmacie\\\/medeil-recensione\\\/\",\"name\":\"Medeil: recensione software gestionale farmacie - Accurate Reviews\",\"isPartOf\":{\"@id\":\"https:\\\/\\\/www.accuratereviews.com\\\/it\\\/#website\"},\"primaryImageOfPage\":{\"@id\":\"https:\\\/\\\/www.accuratereviews.com\\\/it\\\/gestionali-farmacie\\\/medeil-recensione\\\/#primaryimage\"},\"image\":{\"@id\":\"https:\\\/\\\/www.accuratereviews.com\\\/it\\\/gestionali-farmacie\\\/medeil-recensione\\\/#primaryimage\"},\"thumbnailUrl\":\"https:\\\/\\\/www.accuratereviews.com\\\/wp-content\\\/uploads\\\/2021\\\/09\\\/medeil.jpg\",\"datePublished\":\"2021-09-03T11:47:12+00:00\",\"description\":\"Medeil: recensione soluzione ERP end-to-end che aiuta farmacie e rivenditori ad affrontare le loro varie esigenze aziendali.\",\"breadcrumb\":{\"@id\":\"https:\\\/\\\/www.accuratereviews.com\\\/it\\\/gestionali-farmacie\\\/medeil-recensione\\\/#breadcrumb\"},\"inLanguage\":\"it-IT\",\"potentialAction\":[{\"@type\":\"ReadAction\",\"target\":[\"https:\\\/\\\/www.accuratereviews.com\\\/it\\\/gestionali-farmacie\\\/medeil-recensione\\\/\"]}]},{\"@type\":\"ImageObject\",\"inLanguage\":\"it-IT\",\"@id\":\"https:\\\/\\\/www.accuratereviews.com\\\/it\\\/gestionali-farmacie\\\/medeil-recensione\\\/#primaryimage\",\"url\":\"https:\\\/\\\/www.accuratereviews.com\\\/wp-content\\\/uploads\\\/2021\\\/09\\\/medeil.jpg\",\"contentUrl\":\"https:\\\/\\\/www.accuratereviews.com\\\/wp-content\\\/uploads\\\/2021\\\/09\\\/medeil.jpg\",\"width\":230,\"height\":219},{\"@type\":\"BreadcrumbList\",\"@id\":\"https:\\\/\\\/www.accuratereviews.com\\\/it\\\/gestionali-farmacie\\\/medeil-recensione\\\/#breadcrumb\",\"itemListElement\":[{\"@type\":\"ListItem\",\"position\":1,\"name\":\"Home\",\"item\":\"https:\\\/\\\/www.accuratereviews.com\\\/it\\\/\"},{\"@type\":\"ListItem\",\"position\":2,\"name\":\"Gestionali per farmacie\",\"item\":\"https:\\\/\\\/www.accuratereviews.com\\\/it\\\/gestionali-farmacie\\\/\"},{\"@type\":\"ListItem\",\"position\":3,\"name\":\"Medeil\"}]},{\"@type\":\"WebSite\",\"@id\":\"https:\\\/\\\/www.accuratereviews.com\\\/it\\\/#website\",\"url\":\"https:\\\/\\\/www.accuratereviews.com\\\/it\\\/\",\"name\":\"Accurate Reviews\",\"description\":\"\",\"potentialAction\":[{\"@type\":\"SearchAction\",\"target\":{\"@type\":\"EntryPoint\",\"urlTemplate\":\"https:\\\/\\\/www.accuratereviews.com\\\/it\\\/?s={search_term_string}\"},\"query-input\":{\"@type\":\"PropertyValueSpecification\",\"valueRequired\":true,\"valueName\":\"search_term_string\"}}],\"inLanguage\":\"it-IT\"}]}<\/script>\n<!-- \/ Yoast SEO plugin. -->","yoast_head_json":{"title":"Medeil: recensione software gestionale farmacie - Accurate Reviews","description":"Medeil: recensione soluzione ERP end-to-end che aiuta farmacie e rivenditori ad affrontare le loro varie esigenze aziendali.","robots":{"index":"index","follow":"follow","max-snippet":"max-snippet:-1","max-image-preview":"max-image-preview:large","max-video-preview":"max-video-preview:-1"},"canonical":"https:\/\/www.accuratereviews.com\/it\/gestionali-farmacie\/medeil-recensione\/","og_locale":"it_IT","og_type":"article","og_title":"Medeil: recensione software gestionale farmacie - Accurate Reviews","og_description":"Medeil: recensione soluzione ERP end-to-end che aiuta farmacie e rivenditori ad affrontare le loro varie esigenze aziendali.","og_url":"https:\/\/www.accuratereviews.com\/it\/gestionali-farmacie\/medeil-recensione\/","og_site_name":"Accurate Reviews","og_image":[{"width":230,"height":219,"url":"https:\/\/www.accuratereviews.com\/wp-content\/uploads\/2021\/09\/medeil.jpg","type":"image\/jpeg"}],"twitter_card":"summary_large_image","twitter_misc":{"Tempo di lettura stimato":"4 minuti"},"schema":{"@context":"https:\/\/schema.org","@graph":[{"@type":"WebPage","@id":"https:\/\/www.accuratereviews.com\/it\/gestionali-farmacie\/medeil-recensione\/","url":"https:\/\/www.accuratereviews.com\/it\/gestionali-farmacie\/medeil-recensione\/","name":"Medeil: recensione software gestionale farmacie - Accurate Reviews","isPartOf":{"@id":"https:\/\/www.accuratereviews.com\/it\/#website"},"primaryImageOfPage":{"@id":"https:\/\/www.accuratereviews.com\/it\/gestionali-farmacie\/medeil-recensione\/#primaryimage"},"image":{"@id":"https:\/\/www.accuratereviews.com\/it\/gestionali-farmacie\/medeil-recensione\/#primaryimage"},"thumbnailUrl":"https:\/\/www.accuratereviews.com\/wp-content\/uploads\/2021\/09\/medeil.jpg","datePublished":"2021-09-03T11:47:12+00:00","description":"Medeil: recensione soluzione ERP end-to-end che aiuta farmacie e rivenditori ad affrontare le loro varie esigenze aziendali.","breadcrumb":{"@id":"https:\/\/www.accuratereviews.com\/it\/gestionali-farmacie\/medeil-recensione\/#breadcrumb"},"inLanguage":"it-IT","potentialAction":[{"@type":"ReadAction","target":["https:\/\/www.accuratereviews.com\/it\/gestionali-farmacie\/medeil-recensione\/"]}]},{"@type":"ImageObject","inLanguage":"it-IT","@id":"https:\/\/www.accuratereviews.com\/it\/gestionali-farmacie\/medeil-recensione\/#primaryimage","url":"https:\/\/www.accuratereviews.com\/wp-content\/uploads\/2021\/09\/medeil.jpg","contentUrl":"https:\/\/www.accuratereviews.com\/wp-content\/uploads\/2021\/09\/medeil.jpg","width":230,"height":219},{"@type":"BreadcrumbList","@id":"https:\/\/www.accuratereviews.com\/it\/gestionali-farmacie\/medeil-recensione\/#breadcrumb","itemListElement":[{"@type":"ListItem","position":1,"name":"Home","item":"https:\/\/www.accuratereviews.com\/it\/"},{"@type":"ListItem","position":2,"name":"Gestionali per farmacie","item":"https:\/\/www.accuratereviews.com\/it\/gestionali-farmacie\/"},{"@type":"ListItem","position":3,"name":"Medeil"}]},{"@type":"WebSite","@id":"https:\/\/www.accuratereviews.com\/it\/#website","url":"https:\/\/www.accuratereviews.com\/it\/","name":"Accurate Reviews","description":"","potentialAction":[{"@type":"SearchAction","target":{"@type":"EntryPoint","urlTemplate":"https:\/\/www.accuratereviews.com\/it\/?s={search_term_string}"},"query-input":{"@type":"PropertyValueSpecification","valueRequired":true,"valueName":"search_term_string"}}],"inLanguage":"it-IT"}]}},"_links":{"self":[{"href":"https:\/\/www.accuratereviews.com\/it\/wp-json\/wp\/v2\/pages\/47287","targetHints":{"allow":["GET"]}}],"collection":[{"href":"https:\/\/www.accuratereviews.com\/it\/wp-json\/wp\/v2\/pages"}],"about":[{"href":"https:\/\/www.accuratereviews.com\/it\/wp-json\/wp\/v2\/types\/page"}],"author":[{"embeddable":true,"href":"https:\/\/www.accuratereviews.com\/it\/wp-json\/wp\/v2\/users\/16"}],"replies":[{"embeddable":true,"href":"https:\/\/www.accuratereviews.com\/it\/wp-json\/wp\/v2\/comments?post=47287"}],"version-history":[{"count":8,"href":"https:\/\/www.accuratereviews.com\/it\/wp-json\/wp\/v2\/pages\/47287\/revisions"}],"predecessor-version":[{"id":47307,"href":"https:\/\/www.accuratereviews.com\/it\/wp-json\/wp\/v2\/pages\/47287\/revisions\/47307"}],"up":[{"embeddable":true,"href":"https:\/\/www.accuratereviews.com\/it\/wp-json\/wp\/v2\/pages\/46849"}],"wp:featuredmedia":[{"embeddable":true,"href":"https:\/\/www.accuratereviews.com\/it\/wp-json\/wp\/v2\/media\/47289"}],"wp:attachment":[{"href":"https:\/\/www.accuratereviews.com\/it\/wp-json\/wp\/v2\/media?parent=47287"}],"wp:term":[{"taxonomy":"category","embeddable":true,"href":"https:\/\/www.accuratereviews.com\/it\/wp-json\/wp\/v2\/categories?post=47287"},{"taxonomy":"post_tag","embeddable":true,"href":"https:\/\/www.accuratereviews.com\/it\/wp-json\/wp\/v2\/tags?post=47287"},{"taxonomy":"features","embeddable":true,"href":"https:\/\/www.accuratereviews.com\/it\/wp-json\/wp\/v2\/features?post=47287"}],"curies":[{"name":"wp","href":"https:\/\/api.w.org\/{rel}","templated":true}]}}