{"id":47333,"date":"2021-09-06T11:37:42","date_gmt":"2021-09-06T11:37:42","guid":{"rendered":"https:\/\/www.accuratereviews.com\/?page_id=47333"},"modified":"2021-09-07T09:44:54","modified_gmt":"2021-09-07T09:44:54","slug":"lagniappe-pharmacy-services-recensione","status":"publish","type":"page","link":"https:\/\/www.accuratereviews.com\/it\/gestionali-farmacie\/lagniappe-pharmacy-services-recensione\/","title":{"rendered":"Lagniappe Pharmacy Services"},"content":{"rendered":"<p><strong>Lagniappe Pharmacy Services<\/strong> \u00e8 una <strong>soluzione di gestione della farmacia<\/strong>\u00a0che offre funzionalit\u00e0 di gestione del paziente, POS e comunicazione con il paziente all&#8217;interno della sua suite. Le funzioni di base del software sono la gestione del flusso di lavoro e l&#8217;elaborazione delle prescrizioni per le farmacie. Il modulo eNGAGE del software consente agli utenti di gestire e registrare tutte le prescrizioni e le comunicazioni dei pazienti in un&#8217;unica posizione. Questo modulo consente inoltre agli utenti di gestire la sincronizzazione dei farmaci, che aiuta i pazienti a ricaricare regolarmente i flaconi. Il modulo POS di<strong> Lagniappe Farmacia Services<\/strong> permette agli utenti di registrare tutte le transazioni della farmacia in un&#8217;unica soluzione. La funzionalit\u00e0 POS viene fornita con menu basati su touchscreen e dispositivi di scansione. I dati acquisiti dal sistema POS vengono quindi utilizzati per preparare diversi tipi di report come disponibilit\u00e0, stato delle scorte e inventario totale.<\/p>\n<p><a href=\"https:\/\/www.accuratereviews.com\/wp-content\/uploads\/2021\/09\/Schermata-2021-09-06-alle-11.34.39.png\"><img loading=\"lazy\" decoding=\"async\" class=\"alignnone size-full wp-image-47356\" src=\"https:\/\/www.accuratereviews.com\/wp-content\/uploads\/2021\/09\/Schermata-2021-09-06-alle-11.34.39.png\" alt=\"\" width=\"2894\" height=\"882\" srcset=\"https:\/\/www.accuratereviews.com\/wp-content\/uploads\/2021\/09\/Schermata-2021-09-06-alle-11.34.39.png 2894w, https:\/\/www.accuratereviews.com\/wp-content\/uploads\/2021\/09\/Schermata-2021-09-06-alle-11.34.39-300x91.png 300w, https:\/\/www.accuratereviews.com\/wp-content\/uploads\/2021\/09\/Schermata-2021-09-06-alle-11.34.39-1024x312.png 1024w, https:\/\/www.accuratereviews.com\/wp-content\/uploads\/2021\/09\/Schermata-2021-09-06-alle-11.34.39-768x234.png 768w, https:\/\/www.accuratereviews.com\/wp-content\/uploads\/2021\/09\/Schermata-2021-09-06-alle-11.34.39-1536x468.png 1536w, https:\/\/www.accuratereviews.com\/wp-content\/uploads\/2021\/09\/Schermata-2021-09-06-alle-11.34.39-2048x624.png 2048w, https:\/\/www.accuratereviews.com\/wp-content\/uploads\/2021\/09\/Schermata-2021-09-06-alle-11.34.39-260x79.png 260w, https:\/\/www.accuratereviews.com\/wp-content\/uploads\/2021\/09\/Schermata-2021-09-06-alle-11.34.39-50x15.png 50w, https:\/\/www.accuratereviews.com\/wp-content\/uploads\/2021\/09\/Schermata-2021-09-06-alle-11.34.39-968x295.png 968w, https:\/\/www.accuratereviews.com\/wp-content\/uploads\/2021\/09\/Schermata-2021-09-06-alle-11.34.39-636x194.png 636w, https:\/\/www.accuratereviews.com\/wp-content\/uploads\/2021\/09\/Schermata-2021-09-06-alle-11.34.39-320x98.png 320w, https:\/\/www.accuratereviews.com\/wp-content\/uploads\/2021\/09\/Schermata-2021-09-06-alle-11.34.39-239x73.png 239w\" sizes=\"auto, (max-width: 2894px) 100vw, 2894px\" \/><\/a><\/p>\n<h2>LAGNIAPPE PHARMACY SERVICES &#8211; CARATTERISTICHE<\/h2>\n<ul>\n<li>Gestione della farmacia: incentrato sul flusso di lavoro della farmacia, il programma basato su Windows ti aiuta a massimizzare l&#8217;efficienza, migliorare l&#8217;elaborazione delle prescrizioni e massimizzare i rimborsi<\/li>\n<li>Punto vendita: il POS si integra perfettamente con Computer-Rx per fornire una gestione dell&#8217;inventario accurata e istantanea. Conforme a PCI, FSA\/HSA e compatibile con carte regalo, l&#8217;elaborazione offre la pi\u00f9 recente crittografia P2PE<\/li>\n<li>Applicazioni mobili: ottimizza le operazioni della tua farmacia e connettiti con i tuoi pazienti, migliora il coinvolgimento dei pazienti e il servizio di ritiro e consegna attraverso applicazioni mobili a valore aggiunto<\/li>\n<li>Coordinamento delle cure: l&#8217;esclusiva 360 Solution ti connette con tutte le tue esigenze aziendali in un unico posto conveniente, inclusi accesso all&#8217;account, report, opportunit\u00e0 cliniche, informazioni su prodotti e supporto.<\/li>\n<\/ul>\n<h3>LE RECENSIONI DEGLI UTENTI<\/h3>\n<p class=\"font-weight-bold mb-1 d-flex align-items-center\"><strong>Lauren H.&#8221;eccellente&#8221;<\/strong><\/p>\n<p><strong>Pro: <\/strong>Il servizio clienti \u00e8 eccezionale e sempre disponibile per supporto o per aiutare quando c&#8217;\u00e8 un problema che deve essere risolto.<\/p>\n<p><strong>Contro: <\/strong>a volte ci sono cose che non riusciamo a capire e non c&#8217;\u00e8 modo di capirle senza chiamare il servizio clienti.<\/p>\n<h5 class=\"font-weight-bold mb-1 d-flex align-items-center\">Kevin W.&#8221;Recensione della farmacia visiva&#8221;<\/h5>\n<p><strong>Commenti: <\/strong>Sono stato associato ad almeno altre 4 societ\u00e0 di software attraverso acquisizioni di altre farmacie. Nessuno si \u00e8 nemmeno avvicinato all&#8217;assistenza clienti o alla facilit\u00e0 d&#8217;uso. Sono un utente dal 1988 e ho iniziato a utilizzare Visual Pharmacy quando il programma \u00e8 stato &#8220;lanciato&#8221; nel 1997<\/p>\n<p><strong>Pro: <\/strong>Intuitivo. Risponde rapidamente ai suggerimenti degli utenti. Il servizio clienti eccezionale, pu\u00f2 risolvere la maggior parte dei problemi dal telefono. Facile da imparare<\/p>\n<p><strong>Contro: <\/strong>Non sono a conoscenza di un &#8220;manuale utente&#8221;, tuttavia l&#8217;assistenza clienti \u00e8 facilmente accessibile e prontamente disponibile<\/p>\n<h5 class=\"font-weight-bold mb-1 d-flex align-items-center\">Jason K.&#8221;Non c&#8217;\u00e8 NESSUNO di meglio in questo settore!!!&#8221;<\/h5>\n<p><strong>Commenti: <\/strong>Sono stato con questa azienda sin dalla sua infanzia. Nel corso degli anni e delle transizioni LPS \u00e8 rimasta orientata al cliente. \u00c8 difficile trovare un&#8217;azienda che ti tratti allo stesso modo se hai 1 negozio o 100 negozi. Senza domande sono disposti a fare tutto il possibile per renderti un cliente soddisfatto. Sono stato e sar\u00f2 sempre disposto a parlare con qualsiasi potenziale cliente.<\/p>\n","protected":false},"excerpt":{"rendered":"<p>Lagniappe Pharmacy Services \u00e8 una soluzione di gestione della farmacia\u00a0che offre funzionalit\u00e0 di gestione del paziente, POS e comunicazione con il paziente all&#8217;interno della sua suite. Le funzioni di base del software sono la gestione del flusso di lavoro e l&#8217;elaborazione delle prescrizioni per le farmacie.<\/p>\n","protected":false},"author":16,"featured_media":47344,"parent":46849,"menu_order":0,"comment_status":"open","ping_status":"closed","template":"g1_template_page_review_new.php","meta":{"_acf_changed":false,"cwp_meta_box_check":"Yes","cwp_rev_product_name":"","cwp_rev_product_image":"","wppr_links":[],"cwp_rev_price":"","wppr_options":[],"wppr_pros":[],"wppr_cons":[],"_monsterinsights_skip_tracking":false,"_monsterinsights_sitenote_active":false,"_monsterinsights_sitenote_note":"","_monsterinsights_sitenote_category":0,"footnotes":""},"categories":[10939],"tags":[11003,11057,10966,10992,11056,10990],"features":[],"class_list":{"0":"post-47333","1":"page","2":"type-page","3":"status-publish","4":"has-post-thumbnail","6":"category-gestionali-farmacie-cat","7":"tag-gestione-farmacie","8":"tag-lagniappe-pharmacy-services","9":"tag-piattaforma-gestionale-farmacie","10":"tag-programma-gestione-farmacie","11":"tag-software-gestionale-farmcie","12":"tag-soluzione-gestione-farmacie"},"wppr_data":{"cwp_meta_box_check":"Yes","cwp_rev_product_name":"","cwp_rev_product_image":"","cwp_image_link":"image","cwp_rev_price":"","wppr_rating":"0.00"},"acf":[],"yoast_head":"<!-- This site is optimized with the Yoast SEO plugin v27.4 - https:\/\/yoast.com\/product\/yoast-seo-wordpress\/ -->\n<title>Lagniappe Pharmacy Services: recensione software gestionale farmacia<\/title>\n<meta name=\"description\" content=\"Lagniappe Pharmacy Services: recensione soluzione di gestione della farmacia\u00a0che offre funzionalit\u00e0 di comunicazione con il paziente.\" \/>\n<meta name=\"robots\" content=\"index, follow, max-snippet:-1, max-image-preview:large, max-video-preview:-1\" \/>\n<link rel=\"canonical\" href=\"https:\/\/www.accuratereviews.com\/it\/gestionali-farmacie\/lagniappe-pharmacy-services-recensione\/\" \/>\n<meta property=\"og:locale\" content=\"it_IT\" \/>\n<meta property=\"og:type\" content=\"article\" \/>\n<meta property=\"og:title\" content=\"Lagniappe Pharmacy Services: recensione software gestionale farmacia\" \/>\n<meta property=\"og:description\" content=\"Lagniappe Pharmacy Services: recensione soluzione di gestione della farmacia\u00a0che offre funzionalit\u00e0 di comunicazione con il paziente.\" \/>\n<meta property=\"og:url\" content=\"https:\/\/www.accuratereviews.com\/it\/gestionali-farmacie\/lagniappe-pharmacy-services-recensione\/\" \/>\n<meta property=\"og:site_name\" content=\"Accurate Reviews\" \/>\n<meta property=\"article:modified_time\" content=\"2021-09-07T09:44:54+00:00\" \/>\n<meta property=\"og:image\" content=\"https:\/\/www.accuratereviews.com\/wp-content\/uploads\/2021\/09\/Lagniappe-Pharmacy-Services.png\" \/>\n\t<meta property=\"og:image:width\" content=\"1000\" \/>\n\t<meta property=\"og:image:height\" content=\"460\" \/>\n\t<meta property=\"og:image:type\" content=\"image\/png\" \/>\n<meta name=\"twitter:card\" content=\"summary_large_image\" \/>\n<meta name=\"twitter:label1\" content=\"Tempo di lettura stimato\" \/>\n\t<meta name=\"twitter:data1\" content=\"3 minuti\" \/>\n<script type=\"application\/ld+json\" class=\"yoast-schema-graph\">{\"@context\":\"https:\\\/\\\/schema.org\",\"@graph\":[{\"@type\":\"WebPage\",\"@id\":\"https:\\\/\\\/www.accuratereviews.com\\\/it\\\/gestionali-farmacie\\\/lagniappe-pharmacy-services-recensione\\\/\",\"url\":\"https:\\\/\\\/www.accuratereviews.com\\\/it\\\/gestionali-farmacie\\\/lagniappe-pharmacy-services-recensione\\\/\",\"name\":\"Lagniappe Pharmacy Services: recensione software gestionale farmacia\",\"isPartOf\":{\"@id\":\"https:\\\/\\\/www.accuratereviews.com\\\/it\\\/#website\"},\"primaryImageOfPage\":{\"@id\":\"https:\\\/\\\/www.accuratereviews.com\\\/it\\\/gestionali-farmacie\\\/lagniappe-pharmacy-services-recensione\\\/#primaryimage\"},\"image\":{\"@id\":\"https:\\\/\\\/www.accuratereviews.com\\\/it\\\/gestionali-farmacie\\\/lagniappe-pharmacy-services-recensione\\\/#primaryimage\"},\"thumbnailUrl\":\"https:\\\/\\\/www.accuratereviews.com\\\/wp-content\\\/uploads\\\/2021\\\/09\\\/Lagniappe-Pharmacy-Services.png\",\"datePublished\":\"2021-09-06T11:37:42+00:00\",\"dateModified\":\"2021-09-07T09:44:54+00:00\",\"description\":\"Lagniappe Pharmacy Services: recensione soluzione di gestione della farmacia\u00a0che offre funzionalit\u00e0 di comunicazione con il paziente.\",\"breadcrumb\":{\"@id\":\"https:\\\/\\\/www.accuratereviews.com\\\/it\\\/gestionali-farmacie\\\/lagniappe-pharmacy-services-recensione\\\/#breadcrumb\"},\"inLanguage\":\"it-IT\",\"potentialAction\":[{\"@type\":\"ReadAction\",\"target\":[\"https:\\\/\\\/www.accuratereviews.com\\\/it\\\/gestionali-farmacie\\\/lagniappe-pharmacy-services-recensione\\\/\"]}]},{\"@type\":\"ImageObject\",\"inLanguage\":\"it-IT\",\"@id\":\"https:\\\/\\\/www.accuratereviews.com\\\/it\\\/gestionali-farmacie\\\/lagniappe-pharmacy-services-recensione\\\/#primaryimage\",\"url\":\"https:\\\/\\\/www.accuratereviews.com\\\/wp-content\\\/uploads\\\/2021\\\/09\\\/Lagniappe-Pharmacy-Services.png\",\"contentUrl\":\"https:\\\/\\\/www.accuratereviews.com\\\/wp-content\\\/uploads\\\/2021\\\/09\\\/Lagniappe-Pharmacy-Services.png\",\"width\":1000,\"height\":460},{\"@type\":\"BreadcrumbList\",\"@id\":\"https:\\\/\\\/www.accuratereviews.com\\\/it\\\/gestionali-farmacie\\\/lagniappe-pharmacy-services-recensione\\\/#breadcrumb\",\"itemListElement\":[{\"@type\":\"ListItem\",\"position\":1,\"name\":\"Home\",\"item\":\"https:\\\/\\\/www.accuratereviews.com\\\/it\\\/\"},{\"@type\":\"ListItem\",\"position\":2,\"name\":\"Gestionali per farmacie\",\"item\":\"https:\\\/\\\/www.accuratereviews.com\\\/it\\\/gestionali-farmacie\\\/\"},{\"@type\":\"ListItem\",\"position\":3,\"name\":\"Lagniappe Pharmacy Services\"}]},{\"@type\":\"WebSite\",\"@id\":\"https:\\\/\\\/www.accuratereviews.com\\\/it\\\/#website\",\"url\":\"https:\\\/\\\/www.accuratereviews.com\\\/it\\\/\",\"name\":\"Accurate Reviews\",\"description\":\"\",\"potentialAction\":[{\"@type\":\"SearchAction\",\"target\":{\"@type\":\"EntryPoint\",\"urlTemplate\":\"https:\\\/\\\/www.accuratereviews.com\\\/it\\\/?s={search_term_string}\"},\"query-input\":{\"@type\":\"PropertyValueSpecification\",\"valueRequired\":true,\"valueName\":\"search_term_string\"}}],\"inLanguage\":\"it-IT\"}]}<\/script>\n<!-- \/ Yoast SEO plugin. -->","yoast_head_json":{"title":"Lagniappe Pharmacy Services: recensione software gestionale farmacia","description":"Lagniappe Pharmacy Services: recensione soluzione di gestione della farmacia\u00a0che offre funzionalit\u00e0 di comunicazione con il paziente.","robots":{"index":"index","follow":"follow","max-snippet":"max-snippet:-1","max-image-preview":"max-image-preview:large","max-video-preview":"max-video-preview:-1"},"canonical":"https:\/\/www.accuratereviews.com\/it\/gestionali-farmacie\/lagniappe-pharmacy-services-recensione\/","og_locale":"it_IT","og_type":"article","og_title":"Lagniappe Pharmacy Services: recensione software gestionale farmacia","og_description":"Lagniappe Pharmacy Services: recensione soluzione di gestione della farmacia\u00a0che offre funzionalit\u00e0 di comunicazione con il paziente.","og_url":"https:\/\/www.accuratereviews.com\/it\/gestionali-farmacie\/lagniappe-pharmacy-services-recensione\/","og_site_name":"Accurate Reviews","article_modified_time":"2021-09-07T09:44:54+00:00","og_image":[{"width":1000,"height":460,"url":"https:\/\/www.accuratereviews.com\/wp-content\/uploads\/2021\/09\/Lagniappe-Pharmacy-Services.png","type":"image\/png"}],"twitter_card":"summary_large_image","twitter_misc":{"Tempo di lettura stimato":"3 minuti"},"schema":{"@context":"https:\/\/schema.org","@graph":[{"@type":"WebPage","@id":"https:\/\/www.accuratereviews.com\/it\/gestionali-farmacie\/lagniappe-pharmacy-services-recensione\/","url":"https:\/\/www.accuratereviews.com\/it\/gestionali-farmacie\/lagniappe-pharmacy-services-recensione\/","name":"Lagniappe Pharmacy Services: recensione software gestionale farmacia","isPartOf":{"@id":"https:\/\/www.accuratereviews.com\/it\/#website"},"primaryImageOfPage":{"@id":"https:\/\/www.accuratereviews.com\/it\/gestionali-farmacie\/lagniappe-pharmacy-services-recensione\/#primaryimage"},"image":{"@id":"https:\/\/www.accuratereviews.com\/it\/gestionali-farmacie\/lagniappe-pharmacy-services-recensione\/#primaryimage"},"thumbnailUrl":"https:\/\/www.accuratereviews.com\/wp-content\/uploads\/2021\/09\/Lagniappe-Pharmacy-Services.png","datePublished":"2021-09-06T11:37:42+00:00","dateModified":"2021-09-07T09:44:54+00:00","description":"Lagniappe Pharmacy Services: recensione soluzione di gestione della farmacia\u00a0che offre funzionalit\u00e0 di comunicazione con il paziente.","breadcrumb":{"@id":"https:\/\/www.accuratereviews.com\/it\/gestionali-farmacie\/lagniappe-pharmacy-services-recensione\/#breadcrumb"},"inLanguage":"it-IT","potentialAction":[{"@type":"ReadAction","target":["https:\/\/www.accuratereviews.com\/it\/gestionali-farmacie\/lagniappe-pharmacy-services-recensione\/"]}]},{"@type":"ImageObject","inLanguage":"it-IT","@id":"https:\/\/www.accuratereviews.com\/it\/gestionali-farmacie\/lagniappe-pharmacy-services-recensione\/#primaryimage","url":"https:\/\/www.accuratereviews.com\/wp-content\/uploads\/2021\/09\/Lagniappe-Pharmacy-Services.png","contentUrl":"https:\/\/www.accuratereviews.com\/wp-content\/uploads\/2021\/09\/Lagniappe-Pharmacy-Services.png","width":1000,"height":460},{"@type":"BreadcrumbList","@id":"https:\/\/www.accuratereviews.com\/it\/gestionali-farmacie\/lagniappe-pharmacy-services-recensione\/#breadcrumb","itemListElement":[{"@type":"ListItem","position":1,"name":"Home","item":"https:\/\/www.accuratereviews.com\/it\/"},{"@type":"ListItem","position":2,"name":"Gestionali per farmacie","item":"https:\/\/www.accuratereviews.com\/it\/gestionali-farmacie\/"},{"@type":"ListItem","position":3,"name":"Lagniappe Pharmacy Services"}]},{"@type":"WebSite","@id":"https:\/\/www.accuratereviews.com\/it\/#website","url":"https:\/\/www.accuratereviews.com\/it\/","name":"Accurate Reviews","description":"","potentialAction":[{"@type":"SearchAction","target":{"@type":"EntryPoint","urlTemplate":"https:\/\/www.accuratereviews.com\/it\/?s={search_term_string}"},"query-input":{"@type":"PropertyValueSpecification","valueRequired":true,"valueName":"search_term_string"}}],"inLanguage":"it-IT"}]}},"_links":{"self":[{"href":"https:\/\/www.accuratereviews.com\/it\/wp-json\/wp\/v2\/pages\/47333","targetHints":{"allow":["GET"]}}],"collection":[{"href":"https:\/\/www.accuratereviews.com\/it\/wp-json\/wp\/v2\/pages"}],"about":[{"href":"https:\/\/www.accuratereviews.com\/it\/wp-json\/wp\/v2\/types\/page"}],"author":[{"embeddable":true,"href":"https:\/\/www.accuratereviews.com\/it\/wp-json\/wp\/v2\/users\/16"}],"replies":[{"embeddable":true,"href":"https:\/\/www.accuratereviews.com\/it\/wp-json\/wp\/v2\/comments?post=47333"}],"version-history":[{"count":9,"href":"https:\/\/www.accuratereviews.com\/it\/wp-json\/wp\/v2\/pages\/47333\/revisions"}],"predecessor-version":[{"id":47428,"href":"https:\/\/www.accuratereviews.com\/it\/wp-json\/wp\/v2\/pages\/47333\/revisions\/47428"}],"up":[{"embeddable":true,"href":"https:\/\/www.accuratereviews.com\/it\/wp-json\/wp\/v2\/pages\/46849"}],"wp:featuredmedia":[{"embeddable":true,"href":"https:\/\/www.accuratereviews.com\/it\/wp-json\/wp\/v2\/media\/47344"}],"wp:attachment":[{"href":"https:\/\/www.accuratereviews.com\/it\/wp-json\/wp\/v2\/media?parent=47333"}],"wp:term":[{"taxonomy":"category","embeddable":true,"href":"https:\/\/www.accuratereviews.com\/it\/wp-json\/wp\/v2\/categories?post=47333"},{"taxonomy":"post_tag","embeddable":true,"href":"https:\/\/www.accuratereviews.com\/it\/wp-json\/wp\/v2\/tags?post=47333"},{"taxonomy":"features","embeddable":true,"href":"https:\/\/www.accuratereviews.com\/it\/wp-json\/wp\/v2\/features?post=47333"}],"curies":[{"name":"wp","href":"https:\/\/api.w.org\/{rel}","templated":true}]}}