{"id":47497,"date":"2021-09-08T11:59:24","date_gmt":"2021-09-08T11:59:24","guid":{"rendered":"https:\/\/www.accuratereviews.com\/?page_id=47497"},"modified":"2021-09-09T08:30:07","modified_gmt":"2021-09-09T08:30:07","slug":"zoho-recruit-recensione","status":"publish","type":"page","link":"https:\/\/www.accuratereviews.com\/it\/piattaforme-marketing-recruiting\/zoho-recruit-recensione\/","title":{"rendered":"Zoho Recruit"},"content":{"rendered":"<p><strong>Zoho Recruit<\/strong> \u00e8 una <strong>piattaforma di marketing per il recruiting<\/strong> che si rivolge principalmente ad agenzie di collocamento e delle risorse umane. L&#8217;obiettivo \u00e8 quello di potenziare il loro metodo di assunzione creando un ambiente di lavoro pi\u00f9 sereno e, di conseguenza, rendendo anche le persone pi\u00f9 serene. Basato su cloud, questo <strong>sistema di tracciamento dei candidati<\/strong> offre delle soluzioni end-to-end che ti permettono di automatizzare e velocizzare l&#8217;intero processo di assunzione evitando qualsiasi errore.<br \/>\n<strong>Zoho Recruit<\/strong> \u00e8 dotato di un portale integrato per i clienti, di strumenti di elaborazione dei curricula e di tecniche avanzate per la ricerca dei candidati che ti consentono di migliorare la visibilit\u00e0 delle tue offerte di lavoro in modo da trovare subito i talenti che stai cercando.<\/p>\n<h2>ZOHO RECRUIT &#8211; TUTORIAL<\/h2>\n<p>Ecco un video che ci mostra come utilizzarlo:<\/p>\n<div id=\"fluid-wrapper-counter-1\" class=\"g1-fluid-wrapper \" style=\"width:686px;\">\n<div style=\"padding-bottom:56.268221574344%;\"><iframe loading=\"lazy\" title=\"How to Use Zoho Recruit\" width=\"686\" height=\"386\" src=\"https:\/\/www.youtube.com\/embed\/BXakFBz2M_M?feature=oembed&amp;wmode=transparent&amp;autohide=1&amp;autoplay=0&amp;disablekb=0&amp;fs=1&amp;loop=0&amp;enablejsapi=1&amp;rel=0&amp;controls=2&amp;showinfo=0&amp;wmode=transparent&amp;autohide=2&amp;autoplay=0&amp;disablekb=0&amp;fs=1&amp;loop=0&amp;enablejsapi=1&amp;rel=0&amp;controls=2&amp;showinfo=1\" frameborder=\"0\" allow=\"accelerometer; autoplay; clipboard-write; encrypted-media; gyroscope; picture-in-picture\" allowfullscreen><\/iframe><\/div>\n<\/div>\n<h3>ZOHO RECRUIT &#8211; CARATTERISTICHE<\/h3>\n<ul>\n<li><strong>Ricerca talenti pi\u00f9 velocemente<\/strong>: cerca immediatamente i candidati con questi potenti strumenti di ricerca<\/li>\n<li><strong>Verifica le precedenti esperienze lavorative:<\/strong> mantieni pratiche di assunzione sicure, conformi e inclusive con funzionalit\u00e0 di screening delle precedenti esperienze lavorative<\/li>\n<li><strong>Canale di assunzione dei candidati<\/strong>: prendi decisioni informate sulle assunzioni in base a una panoramica completa degli stati dei candidati.<\/li>\n<li><strong>Possibilit\u00e0 di candidarsi con LinkedIn<\/strong>: semplifica il processo di candidatura compilando automaticamente le informazioni dai profili LinkedIn<\/li>\n<li><strong>Crea un branding per il datore di lavor<\/strong>o: migliora l&#8217;aspetto del tuo brand personalizzando la pagina delle opportunit\u00e0 di lavoro<\/li>\n<li><strong>Prima valuta, poi fai il colloquio<\/strong>: si occupa di creare valutazioni pre-screening per valutare le competenze dei candidati<\/li>\n<li><strong>Conversione degli assunti in dipendenti<\/strong>: con l&#8217;integrazione Zoho People, lo stato di un candidato viene convertito in &#8220;dipendente&#8221; in modo semplice<\/li>\n<li><strong>Pianificazione ordinata<\/strong>: pianificazione semplice e senza problemi di tutti i lavoratori temporanei, dei clienti e dei lavori in un&#8217;unica posizione<\/li>\n<li><strong>Pagamenti pi\u00f9 veloci<\/strong>: genera fatture non appena \u00e8 stato completato un lavoro<\/li>\n<li><strong>Portale per i lavoratori temporanei<\/strong>: tieni traccia delle offerte di lavoro e visualizza i progetti in programma, attuali e completati.<\/li>\n<\/ul>\n<h4>LE RECENSIONI DEGLI UTENTI<\/h4>\n<p><strong>Shouvik D. &#8220;Ottima soluzione per l&#8217;avvio con un motore Daxtra testato nel settore&#8221;<\/strong><br \/>\nCOMMENTI: non c&#8217;\u00e8 stata molta interazione con il supporto clienti<br \/>\nPRO: alimentato dal motore Daxtra; sono presenti un sacco di funzioni e caratteristiche; il piano standard viene fornito con un pacchetto di funzionalit\u00e0 e prezzo<br \/>\nCONTRO: si blocca durante la transizione a volte .. l&#8217;ho usato su chrome e Safari sembra farlo costantemente.<br \/>\nSembra fare alcune cose di default (come inviare email)&#8230; potrebbe essere necessario il supporto del cliente\/sviluppatore per personalizzare alcuni aspetti.<\/p>\n<p><strong>Paul H. &#8220;Zoho Recruit&#8221;<\/strong><br \/>\nCOMMENTI: molto positivo.<br \/>\nPRO: scalabile e personalizzabile. Modulare quindi molte opzioni per integrare widget utili per aiutare il flusso di lavoro.<br \/>\nCONTRO: supporto locale, mancanza di materiale di formazione online.<\/p>\n<p><strong>Dario C.\u00a0&#8220;All-in-one recruitment solution&#8221;<br \/>\n<\/strong>PRO: \u00e8 un all-in-one, grande soluzione se si vuole avere tutto sotto lo stesso &#8220;tetto&#8221; con pi\u00f9 di 40+ integrazioni come: integrazioni di calendario o anche plugin di integrazione WordPress<br \/>\nCONTRO: estremamente costoso, sicuramente non vale il costo, si pu\u00f2 fare lo stesso con un software gratuito che offre ancora pi\u00f9 possibilit\u00e0.<\/p>\n","protected":false},"excerpt":{"rendered":"<p>Zoho Recruit \u00e8 una piattaforma di marketing per il recruiting che si rivolge principalmente ad agenzie di collocamento e delle risorse umane. L&#8217;obiettivo \u00e8 quello di potenziare il loro metodo di assunzione creando un ambiente di lavoro pi\u00f9 sereno e, di conseguenza, rendendo anche le persone pi\u00f9 serene.<\/p>\n","protected":false},"author":17,"featured_media":47501,"parent":47455,"menu_order":0,"comment_status":"open","ping_status":"closed","template":"g1_template_page_review_new.php","meta":{"_acf_changed":false,"cwp_meta_box_check":"No","cwp_rev_product_name":"","cwp_rev_product_image":"","wppr_links":[],"cwp_rev_price":"","wppr_options":[],"wppr_pros":[],"wppr_cons":[],"_monsterinsights_skip_tracking":false,"_monsterinsights_sitenote_active":false,"_monsterinsights_sitenote_note":"","_monsterinsights_sitenote_category":0,"footnotes":""},"categories":[11077],"tags":[11073,11072,11097,11093,11096,11074,11090],"features":[],"class_list":{"0":"post-47497","1":"page","2":"type-page","3":"status-publish","4":"has-post-thumbnail","6":"category-piattaforme-marketing-recruiting-cat","7":"tag-marketing-per-il-recruiting","8":"tag-piattaforme-di-marketing-per-il-recruiting","9":"tag-programma-assunzione","10":"tag-programma-marketing-recruiting","11":"tag-software-assunzione","12":"tag-software-di-marketing-per-il-recruiting","13":"tag-soluzione-marketing-recruiting"},"wppr_data":{"cwp_meta_box_check":"No"},"acf":[],"yoast_head":"<!-- This site is optimized with the Yoast SEO plugin v27.4 - https:\/\/yoast.com\/product\/yoast-seo-wordpress\/ -->\n<title>Zoho Recruit: recensione piattaforma marketing recruiting -<\/title>\n<meta name=\"description\" content=\"Zoho Recruit: recensione della piattaforma di marketing per il recruiting che si rivolge ad agenzie di collocamento e delle risorse umane.\" \/>\n<meta name=\"robots\" content=\"index, follow, max-snippet:-1, max-image-preview:large, max-video-preview:-1\" \/>\n<link rel=\"canonical\" href=\"https:\/\/www.accuratereviews.com\/it\/piattaforme-marketing-recruiting\/zoho-recruit-recensione\/\" \/>\n<meta property=\"og:locale\" content=\"it_IT\" \/>\n<meta property=\"og:type\" content=\"article\" \/>\n<meta property=\"og:title\" content=\"Zoho Recruit: recensione piattaforma marketing recruiting -\" \/>\n<meta property=\"og:description\" content=\"Zoho Recruit: recensione della piattaforma di marketing per il recruiting che si rivolge ad agenzie di collocamento e delle risorse umane.\" \/>\n<meta property=\"og:url\" content=\"https:\/\/www.accuratereviews.com\/it\/piattaforme-marketing-recruiting\/zoho-recruit-recensione\/\" \/>\n<meta property=\"og:site_name\" content=\"Accurate Reviews\" \/>\n<meta property=\"article:modified_time\" content=\"2021-09-09T08:30:07+00:00\" \/>\n<meta property=\"og:image\" content=\"https:\/\/www.accuratereviews.com\/wp-content\/uploads\/2021\/09\/zoho-recruit-1024x512-20201007.png\" \/>\n\t<meta property=\"og:image:width\" content=\"1024\" \/>\n\t<meta property=\"og:image:height\" content=\"512\" \/>\n\t<meta property=\"og:image:type\" content=\"image\/png\" \/>\n<meta name=\"twitter:card\" content=\"summary_large_image\" \/>\n<meta name=\"twitter:label1\" content=\"Tempo di lettura stimato\" \/>\n\t<meta name=\"twitter:data1\" content=\"3 minuti\" \/>\n<script type=\"application\/ld+json\" class=\"yoast-schema-graph\">{\"@context\":\"https:\\\/\\\/schema.org\",\"@graph\":[{\"@type\":\"WebPage\",\"@id\":\"https:\\\/\\\/www.accuratereviews.com\\\/it\\\/piattaforme-marketing-recruiting\\\/zoho-recruit-recensione\\\/\",\"url\":\"https:\\\/\\\/www.accuratereviews.com\\\/it\\\/piattaforme-marketing-recruiting\\\/zoho-recruit-recensione\\\/\",\"name\":\"Zoho Recruit: recensione piattaforma marketing recruiting -\",\"isPartOf\":{\"@id\":\"https:\\\/\\\/www.accuratereviews.com\\\/it\\\/#website\"},\"primaryImageOfPage\":{\"@id\":\"https:\\\/\\\/www.accuratereviews.com\\\/it\\\/piattaforme-marketing-recruiting\\\/zoho-recruit-recensione\\\/#primaryimage\"},\"image\":{\"@id\":\"https:\\\/\\\/www.accuratereviews.com\\\/it\\\/piattaforme-marketing-recruiting\\\/zoho-recruit-recensione\\\/#primaryimage\"},\"thumbnailUrl\":\"https:\\\/\\\/www.accuratereviews.com\\\/wp-content\\\/uploads\\\/2021\\\/09\\\/zoho-recruit-1024x512-20201007.png\",\"datePublished\":\"2021-09-08T11:59:24+00:00\",\"dateModified\":\"2021-09-09T08:30:07+00:00\",\"description\":\"Zoho Recruit: recensione della piattaforma di marketing per il recruiting che si rivolge ad agenzie di collocamento e delle risorse umane.\",\"breadcrumb\":{\"@id\":\"https:\\\/\\\/www.accuratereviews.com\\\/it\\\/piattaforme-marketing-recruiting\\\/zoho-recruit-recensione\\\/#breadcrumb\"},\"inLanguage\":\"it-IT\",\"potentialAction\":[{\"@type\":\"ReadAction\",\"target\":[\"https:\\\/\\\/www.accuratereviews.com\\\/it\\\/piattaforme-marketing-recruiting\\\/zoho-recruit-recensione\\\/\"]}]},{\"@type\":\"ImageObject\",\"inLanguage\":\"it-IT\",\"@id\":\"https:\\\/\\\/www.accuratereviews.com\\\/it\\\/piattaforme-marketing-recruiting\\\/zoho-recruit-recensione\\\/#primaryimage\",\"url\":\"https:\\\/\\\/www.accuratereviews.com\\\/wp-content\\\/uploads\\\/2021\\\/09\\\/zoho-recruit-1024x512-20201007.png\",\"contentUrl\":\"https:\\\/\\\/www.accuratereviews.com\\\/wp-content\\\/uploads\\\/2021\\\/09\\\/zoho-recruit-1024x512-20201007.png\",\"width\":1024,\"height\":512},{\"@type\":\"BreadcrumbList\",\"@id\":\"https:\\\/\\\/www.accuratereviews.com\\\/it\\\/piattaforme-marketing-recruiting\\\/zoho-recruit-recensione\\\/#breadcrumb\",\"itemListElement\":[{\"@type\":\"ListItem\",\"position\":1,\"name\":\"Home\",\"item\":\"https:\\\/\\\/www.accuratereviews.com\\\/it\\\/\"},{\"@type\":\"ListItem\",\"position\":2,\"name\":\"Piattaforme di marketing per il recruiting\",\"item\":\"https:\\\/\\\/www.accuratereviews.com\\\/it\\\/piattaforme-marketing-recruiting\\\/\"},{\"@type\":\"ListItem\",\"position\":3,\"name\":\"Zoho Recruit\"}]},{\"@type\":\"WebSite\",\"@id\":\"https:\\\/\\\/www.accuratereviews.com\\\/it\\\/#website\",\"url\":\"https:\\\/\\\/www.accuratereviews.com\\\/it\\\/\",\"name\":\"Accurate Reviews\",\"description\":\"\",\"potentialAction\":[{\"@type\":\"SearchAction\",\"target\":{\"@type\":\"EntryPoint\",\"urlTemplate\":\"https:\\\/\\\/www.accuratereviews.com\\\/it\\\/?s={search_term_string}\"},\"query-input\":{\"@type\":\"PropertyValueSpecification\",\"valueRequired\":true,\"valueName\":\"search_term_string\"}}],\"inLanguage\":\"it-IT\"}]}<\/script>\n<!-- \/ Yoast SEO plugin. -->","yoast_head_json":{"title":"Zoho Recruit: recensione piattaforma marketing recruiting -","description":"Zoho Recruit: recensione della piattaforma di marketing per il recruiting che si rivolge ad agenzie di collocamento e delle risorse umane.","robots":{"index":"index","follow":"follow","max-snippet":"max-snippet:-1","max-image-preview":"max-image-preview:large","max-video-preview":"max-video-preview:-1"},"canonical":"https:\/\/www.accuratereviews.com\/it\/piattaforme-marketing-recruiting\/zoho-recruit-recensione\/","og_locale":"it_IT","og_type":"article","og_title":"Zoho Recruit: recensione piattaforma marketing recruiting -","og_description":"Zoho Recruit: recensione della piattaforma di marketing per il recruiting che si rivolge ad agenzie di collocamento e delle risorse umane.","og_url":"https:\/\/www.accuratereviews.com\/it\/piattaforme-marketing-recruiting\/zoho-recruit-recensione\/","og_site_name":"Accurate Reviews","article_modified_time":"2021-09-09T08:30:07+00:00","og_image":[{"width":1024,"height":512,"url":"https:\/\/www.accuratereviews.com\/wp-content\/uploads\/2021\/09\/zoho-recruit-1024x512-20201007.png","type":"image\/png"}],"twitter_card":"summary_large_image","twitter_misc":{"Tempo di lettura stimato":"3 minuti"},"schema":{"@context":"https:\/\/schema.org","@graph":[{"@type":"WebPage","@id":"https:\/\/www.accuratereviews.com\/it\/piattaforme-marketing-recruiting\/zoho-recruit-recensione\/","url":"https:\/\/www.accuratereviews.com\/it\/piattaforme-marketing-recruiting\/zoho-recruit-recensione\/","name":"Zoho Recruit: recensione piattaforma marketing recruiting -","isPartOf":{"@id":"https:\/\/www.accuratereviews.com\/it\/#website"},"primaryImageOfPage":{"@id":"https:\/\/www.accuratereviews.com\/it\/piattaforme-marketing-recruiting\/zoho-recruit-recensione\/#primaryimage"},"image":{"@id":"https:\/\/www.accuratereviews.com\/it\/piattaforme-marketing-recruiting\/zoho-recruit-recensione\/#primaryimage"},"thumbnailUrl":"https:\/\/www.accuratereviews.com\/wp-content\/uploads\/2021\/09\/zoho-recruit-1024x512-20201007.png","datePublished":"2021-09-08T11:59:24+00:00","dateModified":"2021-09-09T08:30:07+00:00","description":"Zoho Recruit: recensione della piattaforma di marketing per il recruiting che si rivolge ad agenzie di collocamento e delle risorse umane.","breadcrumb":{"@id":"https:\/\/www.accuratereviews.com\/it\/piattaforme-marketing-recruiting\/zoho-recruit-recensione\/#breadcrumb"},"inLanguage":"it-IT","potentialAction":[{"@type":"ReadAction","target":["https:\/\/www.accuratereviews.com\/it\/piattaforme-marketing-recruiting\/zoho-recruit-recensione\/"]}]},{"@type":"ImageObject","inLanguage":"it-IT","@id":"https:\/\/www.accuratereviews.com\/it\/piattaforme-marketing-recruiting\/zoho-recruit-recensione\/#primaryimage","url":"https:\/\/www.accuratereviews.com\/wp-content\/uploads\/2021\/09\/zoho-recruit-1024x512-20201007.png","contentUrl":"https:\/\/www.accuratereviews.com\/wp-content\/uploads\/2021\/09\/zoho-recruit-1024x512-20201007.png","width":1024,"height":512},{"@type":"BreadcrumbList","@id":"https:\/\/www.accuratereviews.com\/it\/piattaforme-marketing-recruiting\/zoho-recruit-recensione\/#breadcrumb","itemListElement":[{"@type":"ListItem","position":1,"name":"Home","item":"https:\/\/www.accuratereviews.com\/it\/"},{"@type":"ListItem","position":2,"name":"Piattaforme di marketing per il recruiting","item":"https:\/\/www.accuratereviews.com\/it\/piattaforme-marketing-recruiting\/"},{"@type":"ListItem","position":3,"name":"Zoho Recruit"}]},{"@type":"WebSite","@id":"https:\/\/www.accuratereviews.com\/it\/#website","url":"https:\/\/www.accuratereviews.com\/it\/","name":"Accurate Reviews","description":"","potentialAction":[{"@type":"SearchAction","target":{"@type":"EntryPoint","urlTemplate":"https:\/\/www.accuratereviews.com\/it\/?s={search_term_string}"},"query-input":{"@type":"PropertyValueSpecification","valueRequired":true,"valueName":"search_term_string"}}],"inLanguage":"it-IT"}]}},"_links":{"self":[{"href":"https:\/\/www.accuratereviews.com\/it\/wp-json\/wp\/v2\/pages\/47497","targetHints":{"allow":["GET"]}}],"collection":[{"href":"https:\/\/www.accuratereviews.com\/it\/wp-json\/wp\/v2\/pages"}],"about":[{"href":"https:\/\/www.accuratereviews.com\/it\/wp-json\/wp\/v2\/types\/page"}],"author":[{"embeddable":true,"href":"https:\/\/www.accuratereviews.com\/it\/wp-json\/wp\/v2\/users\/17"}],"replies":[{"embeddable":true,"href":"https:\/\/www.accuratereviews.com\/it\/wp-json\/wp\/v2\/comments?post=47497"}],"version-history":[{"count":3,"href":"https:\/\/www.accuratereviews.com\/it\/wp-json\/wp\/v2\/pages\/47497\/revisions"}],"predecessor-version":[{"id":47549,"href":"https:\/\/www.accuratereviews.com\/it\/wp-json\/wp\/v2\/pages\/47497\/revisions\/47549"}],"up":[{"embeddable":true,"href":"https:\/\/www.accuratereviews.com\/it\/wp-json\/wp\/v2\/pages\/47455"}],"wp:featuredmedia":[{"embeddable":true,"href":"https:\/\/www.accuratereviews.com\/it\/wp-json\/wp\/v2\/media\/47501"}],"wp:attachment":[{"href":"https:\/\/www.accuratereviews.com\/it\/wp-json\/wp\/v2\/media?parent=47497"}],"wp:term":[{"taxonomy":"category","embeddable":true,"href":"https:\/\/www.accuratereviews.com\/it\/wp-json\/wp\/v2\/categories?post=47497"},{"taxonomy":"post_tag","embeddable":true,"href":"https:\/\/www.accuratereviews.com\/it\/wp-json\/wp\/v2\/tags?post=47497"},{"taxonomy":"features","embeddable":true,"href":"https:\/\/www.accuratereviews.com\/it\/wp-json\/wp\/v2\/features?post=47497"}],"curies":[{"name":"wp","href":"https:\/\/api.w.org\/{rel}","templated":true}]}}