{"id":47520,"date":"2021-09-09T12:08:49","date_gmt":"2021-09-09T12:08:49","guid":{"rendered":"https:\/\/www.accuratereviews.com\/?page_id=47520"},"modified":"2021-09-09T12:50:46","modified_gmt":"2021-09-09T12:50:46","slug":"jobvite-recensione","status":"publish","type":"page","link":"https:\/\/www.accuratereviews.com\/it\/piattaforme-marketing-recruiting\/jobvite-recensione\/","title":{"rendered":"Jobvite"},"content":{"rendered":"<p><strong>Jobvite<\/strong> \u00e8 un <strong>sistema di gestione delle assunzioni<\/strong> e di monitoraggio dei candidati che ti d\u00e0 il controllo totale sull&#8217;intero processo di assunzione, semplificando l&#8217;intero viaggio, attirando i migliori candidati e trovando le persone giuste per il lavoro. La soluzione \u00e8 ricca di funzionalit\u00e0 che rispondono alle esigenze dei reclutatori moderni. La pianificazione \u00e8 un gioco da ragazzi grazie alle sue integrazioni di calendario bidirezionali con Microsoft Outlook e Gmail. Il software impiega anche un moderno approccio di social networking che rende la condivisione di posti di lavoro e opportunit\u00e0 facile, veloce e di vasta portata. Creato per semplificare il processo di assunzione automatizzando attivit\u00e0 che richiedono molto tempo come lo screening dei candidati, l&#8217;analisi delle email e del curriculum e altro ancora, oltre a personalizzare la fase di reclutamento in modo da interagire con i candidati che soddisfano le specifiche richieste.<\/p>\n<h2>JOBVITE &#8211; TUTORIAL<\/h2>\n<p>Diamo uno sguardo alle principali funzioni di questo <strong>software marketing per recruiting<\/strong>:<\/p>\n<div id=\"fluid-wrapper-counter-1\" class=\"g1-fluid-wrapper \" style=\"width:686px;\">\n<div style=\"padding-bottom:56.268221574344%;\"><iframe loading=\"lazy\" title=\"The Jobvite Recruitment Platform\" width=\"686\" height=\"386\" src=\"https:\/\/www.youtube.com\/embed\/T6V37dSwTkI?feature=oembed&amp;wmode=transparent&amp;autohide=1&amp;autoplay=0&amp;disablekb=0&amp;fs=1&amp;loop=0&amp;enablejsapi=1&amp;rel=0&amp;controls=2&amp;showinfo=0&amp;wmode=transparent&amp;autohide=2&amp;autoplay=0&amp;disablekb=0&amp;fs=1&amp;loop=0&amp;enablejsapi=1&amp;rel=0&amp;controls=2&amp;showinfo=1\" frameborder=\"0\" allow=\"accelerometer; autoplay; clipboard-write; encrypted-media; gyroscope; picture-in-picture\" allowfullscreen><\/iframe><\/div>\n<\/div>\n<h3><strong>JOBVITE &#8211; CARATTERISTICHE<\/strong><\/h3>\n<ul>\n<li><strong>Scalabilit\u00e0<\/strong>: man mano che i clienti costruiscono le loro attivit\u00e0 e fanno crescere i loro team, la soluzione ha la scalabilit\u00e0 per supportare l&#8217;esperienza e l&#8217;efficienza per interi team, dai responsabili delle assunzioni ai reclutatori, con un controllo centralizzato<\/li>\n<li><strong>Servizi esperti<\/strong>: la tecnologia \u00e8 solo una parte di un programma di reclutamento di successo. Richiede anche le persone e i processi giusti. Collabora con i clienti per fornire la migliore consulenza e competenza per garantire programmi di reclutamento di successo<\/li>\n<li><strong>Ampiezza e profondit\u00e0<\/strong>: la suite completa end-to-end offre un&#8217;ampiezza e una profondit\u00e0 di funzionalit\u00e0 senza pari. Nessun&#8217;altra soluzione creata per i reclutatori pu\u00f2 offrire questo livello di funzionalit\u00e0, dal marketing del reclutamento e ATS all&#8217;onboarding, ai referral e alla mobilit\u00e0 interna, tutto in un&#8217;unica suite automatizzata<\/li>\n<li><strong>Migliore esperienza del candidato<\/strong>: i siti di carriera sono costruiti per il candidato. I processi di candidatura semplici e ottimizzati per i dispositivi mobili coinvolgono i candidati. I contenuti pertinenti vengono consegnati al momento giusto al candidato giusto. Tutto questo \u00e8 potenziato dalla tecnologia AI, tra cui l&#8217;apprendimento automatico, l&#8217;elaborazione del linguaggio naturale e l&#8217;analisi dei sentimenti, il tutto che porta a un&#8217;esperienza del candidato pi\u00f9 personalizzata<\/li>\n<li><strong>Comunicazione con i candidati<\/strong>: la comunicazione con i candidati \u00e8 integrata direttamente nella piattaforma. Di conseguenza, i reclutatori hanno il potere di comunicare con i candidati dove e quando ciascun candidato preferisce, messaggi di testo, email ai chatbot basati sull&#8217;intelligenza artificiale<\/li>\n<li><strong>Analisi per ottenere risultati<\/strong>: con rapporti e analisi migliori, i leader nell&#8217;acquisizione di talenti possono prendere decisioni migliori sulla spesa per il reclutamento<\/li>\n<li><strong>Instaurazione di rapporti con il candidato<\/strong>: i\u00a0reclutatori devono pensare in modo strategico a lungo termine. Hanno bisogno di un sistema con capacit\u00e0 di costruire piani strategici per il pubblico e mantenere rapporti con candidati per future assunzioni.<\/li>\n<li><strong>Reclutamento guidata dal marketing<\/strong>: le aziende sono in competizione per i migliori candidati per far crescere le loro attivit\u00e0. La piattaforma completa \u00e8 guidata dal marketing e consente ai reclutatori di attrarre e coinvolgere i migliori candidati.<\/li>\n<\/ul>\n<h4>LE RECENSIONI DEGLI UTENTI<\/h4>\n<h5 class=\"font-weight-bold mb-1 d-flex align-items-center\">Christopher C.&#8221;Prodotto e servizio eccellenti&#8221;<\/h5>\n<p><strong>Commenti: <\/strong>Nel complesso, Jobvite \u00e8 un ottimo ATS che si integra con tutti i nostri strumenti per le risorse umane e la contabilit\u00e0. Il servizio clienti e il tasso di risposta sono alla pari.<\/p>\n<p><strong>Pro: <\/strong>Jobvite offre diverse opzioni per personalizzare la dashboard e i flussi di lavoro e il servizio clienti \u00e8 eccezionale.<\/p>\n<p><strong>Contro: <\/strong>niente spicca ancora. Sarebbe bello avere un elenco di API gratuite disponibili<\/p>\n<p class=\"font-weight-bold mb-1 d-flex align-items-center\"><strong>Stephanie L.&#8221;Facile da usare&#8221;<\/strong><\/p>\n<p><strong>Commenti: <\/strong>Nel complesso la mia esperienza \u00e8 fantastica, mi piace che Jobvite sia facile da usare e puoi praticamente iniziare a usarlo e capire le cose senza preoccuparti di fare pasticci. Sia i reclutatori che i fornitori scopriranno che non rallenta il processo e se l&#8217;azienda passasse a Jobvite non sarebbero scontenti.<\/p>\n<p><strong>Pro: <\/strong>Il vantaggio di Jobvite \u00e8 che \u00e8 personalizzabile e davvero facile da usare. Non hai bisogno di molta formazione e si collega alle tue piattaforme social, quindi inviare annunci automatici \u00e8 facile!<\/p>\n<p><strong>Contro: <\/strong>Gli svantaggi del software sono che a volte pu\u00f2 essere lento e non c&#8217;\u00e8 ANCORA una funzione di sms.<\/p>\n<p class=\"font-weight-bold mb-1 d-flex align-items-center\"><strong>Glenn S.&#8221;ATS da base a intermedio&#8221;<\/strong><\/p>\n<p><strong>Commenti: <\/strong>Jobvite ATS ha svolto il lavoro per noi e ci ha dato la possibilit\u00e0 di mantenere attiva la nostra gestione delle assunzioni con i candidati. Vorrei solo che fosse pi\u00f9 facile aggiornare quando necessario.<\/p>\n<p><strong>Pro: <\/strong>Mi piace il fatto che otteniamo un sito di carriera che possiamo personalizzare in base al nostro aspetto e mi piace l&#8217;integrazione dell&#8217;applicazione con Indeed e altre bacheche di lavoro programmatiche. Anche l&#8217;analisi \u00e8 davvero buona, ma complicata da configurare e utilizzare.<\/p>\n<p><strong>Contro: <\/strong>Non mi piace l&#8217;interfaccia di amministrazione e la facilit\u00e0 d&#8217;uso. Ci sono voluti ben oltre 6 mesi per costruire questo software ATS di Jobvite e ora ci vuole ancora pi\u00f9 tempo per aggiornarlo in base alle nostre esigenze. Lo usiamo da oltre 3 anni e posso dire di aver visto altri sistemi ATS con una configurazione e un utilizzo del backend pi\u00f9 semplici.<\/p>\n<p>&nbsp;<\/p>\n","protected":false},"excerpt":{"rendered":"<p>Jobvite \u00e8 un sistema di gestione delle assunzioni e di monitoraggio dei candidati che ti d\u00e0 il controllo totale sull&#8217;intero processo di assunzione, semplificando l&#8217;intero viaggio, attirando i migliori candidati e trovando le persone giuste per il lavoro. Pi\u00f9 che i soliti strumenti di acquisizione di talenti, la soluzione \u00e8 ricca di funzionalit\u00e0 che rispondono alle esigenze dei reclutatori moderni.\u00a0<\/p>\n","protected":false},"author":16,"featured_media":47557,"parent":47455,"menu_order":0,"comment_status":"open","ping_status":"closed","template":"g1_template_page_review_new.php","meta":{"_acf_changed":false,"cwp_meta_box_check":"Yes","cwp_rev_product_name":"","cwp_rev_product_image":"","wppr_links":[],"cwp_rev_price":"","wppr_options":[],"wppr_pros":[],"wppr_cons":[],"_monsterinsights_skip_tracking":false,"_monsterinsights_sitenote_active":false,"_monsterinsights_sitenote_note":"","_monsterinsights_sitenote_category":0,"footnotes":""},"categories":[11077],"tags":[11107,11109,11110,11093,11092,11091,11090],"features":[],"class_list":{"0":"post-47520","1":"page","2":"type-page","3":"status-publish","4":"has-post-thumbnail","6":"category-piattaforme-marketing-recruiting-cat","7":"tag-gestione-reclutamento","8":"tag-jobvite","9":"tag-piattaforma-marketing-recruiting","10":"tag-programma-marketing-recruiting","11":"tag-reclutamento","12":"tag-software-marketing-recruiting","13":"tag-soluzione-marketing-recruiting"},"wppr_data":{"cwp_meta_box_check":"Yes","cwp_rev_product_name":"","cwp_rev_product_image":"","cwp_image_link":"image","cwp_rev_price":"","wppr_rating":"0.00"},"acf":[],"yoast_head":"<!-- This site is optimized with the Yoast SEO plugin v27.4 - https:\/\/yoast.com\/product\/yoast-seo-wordpress\/ -->\n<title>Jobvite: recensione soluzione marketing per recruiting - Accurate Reviews<\/title>\n<meta name=\"description\" content=\"Jobvite: recensione sistema di monitoraggio dei candidati che d\u00e0 il controllo totale sull&#039;intero processo di assunzione.\" \/>\n<meta name=\"robots\" content=\"index, follow, max-snippet:-1, max-image-preview:large, max-video-preview:-1\" \/>\n<link rel=\"canonical\" href=\"https:\/\/www.accuratereviews.com\/it\/piattaforme-marketing-recruiting\/jobvite-recensione\/\" \/>\n<meta property=\"og:locale\" content=\"it_IT\" \/>\n<meta property=\"og:type\" content=\"article\" \/>\n<meta property=\"og:title\" content=\"Jobvite: recensione soluzione marketing per recruiting - Accurate Reviews\" \/>\n<meta property=\"og:description\" content=\"Jobvite: recensione sistema di monitoraggio dei candidati che d\u00e0 il controllo totale sull&#039;intero processo di assunzione.\" \/>\n<meta property=\"og:url\" content=\"https:\/\/www.accuratereviews.com\/it\/piattaforme-marketing-recruiting\/jobvite-recensione\/\" \/>\n<meta property=\"og:site_name\" content=\"Accurate Reviews\" \/>\n<meta property=\"article:modified_time\" content=\"2021-09-09T12:50:46+00:00\" \/>\n<meta property=\"og:image\" content=\"https:\/\/www.accuratereviews.com\/wp-content\/uploads\/2021\/09\/Jobvite-logo.jpg\" \/>\n\t<meta property=\"og:image:width\" content=\"200\" \/>\n\t<meta property=\"og:image:height\" content=\"200\" \/>\n\t<meta property=\"og:image:type\" content=\"image\/jpeg\" \/>\n<meta name=\"twitter:card\" content=\"summary_large_image\" \/>\n<meta name=\"twitter:label1\" content=\"Tempo di lettura stimato\" \/>\n\t<meta name=\"twitter:data1\" content=\"4 minuti\" \/>\n<script type=\"application\/ld+json\" class=\"yoast-schema-graph\">{\"@context\":\"https:\\\/\\\/schema.org\",\"@graph\":[{\"@type\":\"WebPage\",\"@id\":\"https:\\\/\\\/www.accuratereviews.com\\\/it\\\/piattaforme-marketing-recruiting\\\/jobvite-recensione\\\/\",\"url\":\"https:\\\/\\\/www.accuratereviews.com\\\/it\\\/piattaforme-marketing-recruiting\\\/jobvite-recensione\\\/\",\"name\":\"Jobvite: recensione soluzione marketing per recruiting - Accurate Reviews\",\"isPartOf\":{\"@id\":\"https:\\\/\\\/www.accuratereviews.com\\\/it\\\/#website\"},\"primaryImageOfPage\":{\"@id\":\"https:\\\/\\\/www.accuratereviews.com\\\/it\\\/piattaforme-marketing-recruiting\\\/jobvite-recensione\\\/#primaryimage\"},\"image\":{\"@id\":\"https:\\\/\\\/www.accuratereviews.com\\\/it\\\/piattaforme-marketing-recruiting\\\/jobvite-recensione\\\/#primaryimage\"},\"thumbnailUrl\":\"https:\\\/\\\/www.accuratereviews.com\\\/wp-content\\\/uploads\\\/2021\\\/09\\\/Jobvite-logo.jpg\",\"datePublished\":\"2021-09-09T12:08:49+00:00\",\"dateModified\":\"2021-09-09T12:50:46+00:00\",\"description\":\"Jobvite: recensione sistema di monitoraggio dei candidati che d\u00e0 il controllo totale sull'intero processo di assunzione.\",\"breadcrumb\":{\"@id\":\"https:\\\/\\\/www.accuratereviews.com\\\/it\\\/piattaforme-marketing-recruiting\\\/jobvite-recensione\\\/#breadcrumb\"},\"inLanguage\":\"it-IT\",\"potentialAction\":[{\"@type\":\"ReadAction\",\"target\":[\"https:\\\/\\\/www.accuratereviews.com\\\/it\\\/piattaforme-marketing-recruiting\\\/jobvite-recensione\\\/\"]}]},{\"@type\":\"ImageObject\",\"inLanguage\":\"it-IT\",\"@id\":\"https:\\\/\\\/www.accuratereviews.com\\\/it\\\/piattaforme-marketing-recruiting\\\/jobvite-recensione\\\/#primaryimage\",\"url\":\"https:\\\/\\\/www.accuratereviews.com\\\/wp-content\\\/uploads\\\/2021\\\/09\\\/Jobvite-logo.jpg\",\"contentUrl\":\"https:\\\/\\\/www.accuratereviews.com\\\/wp-content\\\/uploads\\\/2021\\\/09\\\/Jobvite-logo.jpg\",\"width\":200,\"height\":200},{\"@type\":\"BreadcrumbList\",\"@id\":\"https:\\\/\\\/www.accuratereviews.com\\\/it\\\/piattaforme-marketing-recruiting\\\/jobvite-recensione\\\/#breadcrumb\",\"itemListElement\":[{\"@type\":\"ListItem\",\"position\":1,\"name\":\"Home\",\"item\":\"https:\\\/\\\/www.accuratereviews.com\\\/it\\\/\"},{\"@type\":\"ListItem\",\"position\":2,\"name\":\"Piattaforme di marketing per il recruiting\",\"item\":\"https:\\\/\\\/www.accuratereviews.com\\\/it\\\/piattaforme-marketing-recruiting\\\/\"},{\"@type\":\"ListItem\",\"position\":3,\"name\":\"Jobvite\"}]},{\"@type\":\"WebSite\",\"@id\":\"https:\\\/\\\/www.accuratereviews.com\\\/it\\\/#website\",\"url\":\"https:\\\/\\\/www.accuratereviews.com\\\/it\\\/\",\"name\":\"Accurate Reviews\",\"description\":\"\",\"potentialAction\":[{\"@type\":\"SearchAction\",\"target\":{\"@type\":\"EntryPoint\",\"urlTemplate\":\"https:\\\/\\\/www.accuratereviews.com\\\/it\\\/?s={search_term_string}\"},\"query-input\":{\"@type\":\"PropertyValueSpecification\",\"valueRequired\":true,\"valueName\":\"search_term_string\"}}],\"inLanguage\":\"it-IT\"}]}<\/script>\n<!-- \/ Yoast SEO plugin. -->","yoast_head_json":{"title":"Jobvite: recensione soluzione marketing per recruiting - Accurate Reviews","description":"Jobvite: recensione sistema di monitoraggio dei candidati che d\u00e0 il controllo totale sull'intero processo di assunzione.","robots":{"index":"index","follow":"follow","max-snippet":"max-snippet:-1","max-image-preview":"max-image-preview:large","max-video-preview":"max-video-preview:-1"},"canonical":"https:\/\/www.accuratereviews.com\/it\/piattaforme-marketing-recruiting\/jobvite-recensione\/","og_locale":"it_IT","og_type":"article","og_title":"Jobvite: recensione soluzione marketing per recruiting - Accurate Reviews","og_description":"Jobvite: recensione sistema di monitoraggio dei candidati che d\u00e0 il controllo totale sull'intero processo di assunzione.","og_url":"https:\/\/www.accuratereviews.com\/it\/piattaforme-marketing-recruiting\/jobvite-recensione\/","og_site_name":"Accurate Reviews","article_modified_time":"2021-09-09T12:50:46+00:00","og_image":[{"width":200,"height":200,"url":"https:\/\/www.accuratereviews.com\/wp-content\/uploads\/2021\/09\/Jobvite-logo.jpg","type":"image\/jpeg"}],"twitter_card":"summary_large_image","twitter_misc":{"Tempo di lettura stimato":"4 minuti"},"schema":{"@context":"https:\/\/schema.org","@graph":[{"@type":"WebPage","@id":"https:\/\/www.accuratereviews.com\/it\/piattaforme-marketing-recruiting\/jobvite-recensione\/","url":"https:\/\/www.accuratereviews.com\/it\/piattaforme-marketing-recruiting\/jobvite-recensione\/","name":"Jobvite: recensione soluzione marketing per recruiting - Accurate Reviews","isPartOf":{"@id":"https:\/\/www.accuratereviews.com\/it\/#website"},"primaryImageOfPage":{"@id":"https:\/\/www.accuratereviews.com\/it\/piattaforme-marketing-recruiting\/jobvite-recensione\/#primaryimage"},"image":{"@id":"https:\/\/www.accuratereviews.com\/it\/piattaforme-marketing-recruiting\/jobvite-recensione\/#primaryimage"},"thumbnailUrl":"https:\/\/www.accuratereviews.com\/wp-content\/uploads\/2021\/09\/Jobvite-logo.jpg","datePublished":"2021-09-09T12:08:49+00:00","dateModified":"2021-09-09T12:50:46+00:00","description":"Jobvite: recensione sistema di monitoraggio dei candidati che d\u00e0 il controllo totale sull'intero processo di assunzione.","breadcrumb":{"@id":"https:\/\/www.accuratereviews.com\/it\/piattaforme-marketing-recruiting\/jobvite-recensione\/#breadcrumb"},"inLanguage":"it-IT","potentialAction":[{"@type":"ReadAction","target":["https:\/\/www.accuratereviews.com\/it\/piattaforme-marketing-recruiting\/jobvite-recensione\/"]}]},{"@type":"ImageObject","inLanguage":"it-IT","@id":"https:\/\/www.accuratereviews.com\/it\/piattaforme-marketing-recruiting\/jobvite-recensione\/#primaryimage","url":"https:\/\/www.accuratereviews.com\/wp-content\/uploads\/2021\/09\/Jobvite-logo.jpg","contentUrl":"https:\/\/www.accuratereviews.com\/wp-content\/uploads\/2021\/09\/Jobvite-logo.jpg","width":200,"height":200},{"@type":"BreadcrumbList","@id":"https:\/\/www.accuratereviews.com\/it\/piattaforme-marketing-recruiting\/jobvite-recensione\/#breadcrumb","itemListElement":[{"@type":"ListItem","position":1,"name":"Home","item":"https:\/\/www.accuratereviews.com\/it\/"},{"@type":"ListItem","position":2,"name":"Piattaforme di marketing per il recruiting","item":"https:\/\/www.accuratereviews.com\/it\/piattaforme-marketing-recruiting\/"},{"@type":"ListItem","position":3,"name":"Jobvite"}]},{"@type":"WebSite","@id":"https:\/\/www.accuratereviews.com\/it\/#website","url":"https:\/\/www.accuratereviews.com\/it\/","name":"Accurate Reviews","description":"","potentialAction":[{"@type":"SearchAction","target":{"@type":"EntryPoint","urlTemplate":"https:\/\/www.accuratereviews.com\/it\/?s={search_term_string}"},"query-input":{"@type":"PropertyValueSpecification","valueRequired":true,"valueName":"search_term_string"}}],"inLanguage":"it-IT"}]}},"_links":{"self":[{"href":"https:\/\/www.accuratereviews.com\/it\/wp-json\/wp\/v2\/pages\/47520","targetHints":{"allow":["GET"]}}],"collection":[{"href":"https:\/\/www.accuratereviews.com\/it\/wp-json\/wp\/v2\/pages"}],"about":[{"href":"https:\/\/www.accuratereviews.com\/it\/wp-json\/wp\/v2\/types\/page"}],"author":[{"embeddable":true,"href":"https:\/\/www.accuratereviews.com\/it\/wp-json\/wp\/v2\/users\/16"}],"replies":[{"embeddable":true,"href":"https:\/\/www.accuratereviews.com\/it\/wp-json\/wp\/v2\/comments?post=47520"}],"version-history":[{"count":11,"href":"https:\/\/www.accuratereviews.com\/it\/wp-json\/wp\/v2\/pages\/47520\/revisions"}],"predecessor-version":[{"id":47576,"href":"https:\/\/www.accuratereviews.com\/it\/wp-json\/wp\/v2\/pages\/47520\/revisions\/47576"}],"up":[{"embeddable":true,"href":"https:\/\/www.accuratereviews.com\/it\/wp-json\/wp\/v2\/pages\/47455"}],"wp:featuredmedia":[{"embeddable":true,"href":"https:\/\/www.accuratereviews.com\/it\/wp-json\/wp\/v2\/media\/47557"}],"wp:attachment":[{"href":"https:\/\/www.accuratereviews.com\/it\/wp-json\/wp\/v2\/media?parent=47520"}],"wp:term":[{"taxonomy":"category","embeddable":true,"href":"https:\/\/www.accuratereviews.com\/it\/wp-json\/wp\/v2\/categories?post=47520"},{"taxonomy":"post_tag","embeddable":true,"href":"https:\/\/www.accuratereviews.com\/it\/wp-json\/wp\/v2\/tags?post=47520"},{"taxonomy":"features","embeddable":true,"href":"https:\/\/www.accuratereviews.com\/it\/wp-json\/wp\/v2\/features?post=47520"}],"curies":[{"name":"wp","href":"https:\/\/api.w.org\/{rel}","templated":true}]}}