{"id":47522,"date":"2021-09-09T12:15:38","date_gmt":"2021-09-09T12:15:38","guid":{"rendered":"https:\/\/www.accuratereviews.com\/?page_id=47522"},"modified":"2021-09-09T12:15:38","modified_gmt":"2021-09-09T12:15:38","slug":"workable-recensione","status":"publish","type":"page","link":"https:\/\/www.accuratereviews.com\/it\/piattaforme-marketing-recruiting\/workable-recensione\/","title":{"rendered":"Workable"},"content":{"rendered":"<p><strong>Workable<\/strong> \u00e8 una <strong>piattaforma di assunzione<\/strong> creata per consentire ai team di assunzione e ai manager interni di semplificare il <strong>reclutamento<\/strong>. Fornisce strumenti per aiutare a trovare candidati qualificati e determinare i migliori talenti. Dotato di strumenti automatizzati e basati sull&#8217;intelligenza artificiale accelera il processo di assunzione dalla richiesta alla lettera di offerta. La piattaforma incoraggia l&#8217;assunzione di collaborazione e mantiene il team connesso ovunque e in qualsiasi momento tramite la sua app mobile. Ti consente di creare descrizioni di lavoro ottimizzate per la SEO per trovare pi\u00f9 candidati. Puoi anche utilizzare la sua pubblicit\u00e0 con un clic su tutte le bacheche di lavoro. <strong>Workable<\/strong>\u00a0supporta la reportistica in tempo reale. Centralizza inoltre tutte le richieste, le approvazioni e i budget per le parti interessate, fornendo un facile accesso ai dati.<\/p>\n<h2>WORKABLE &#8211; TUTORIAL<\/h2>\n<p>Il tutorial permette di visionare la funzione Campagne sui social media di questo software di marketing per recruiting:<\/p>\n<div id=\"fluid-wrapper-counter-1\" class=\"g1-fluid-wrapper \" style=\"width:686px;\">\n<div style=\"padding-bottom:56.268221574344%;\"><iframe loading=\"lazy\" title=\"Social media campaigns\" width=\"686\" height=\"386\" src=\"https:\/\/www.youtube.com\/embed\/Z4nJ5Fyq_uY?feature=oembed&amp;wmode=transparent&amp;autohide=1&amp;autoplay=0&amp;disablekb=0&amp;fs=1&amp;loop=0&amp;enablejsapi=1&amp;rel=0&amp;controls=2&amp;showinfo=0&amp;wmode=transparent&amp;autohide=2&amp;autoplay=0&amp;disablekb=0&amp;fs=1&amp;loop=0&amp;enablejsapi=1&amp;rel=0&amp;controls=2&amp;showinfo=1\" frameborder=\"0\" allow=\"accelerometer; autoplay; clipboard-write; encrypted-media; gyroscope; picture-in-picture\" allowfullscreen><\/iframe><\/div>\n<\/div>\n<h3>WORKABLE &#8211; CARATTERISTICHE<\/h3>\n<ul>\n<li>Ricerca avanzata di lavoro e filtraggio<\/li>\n<li>Compatibilit\u00e0 delle applicazioni con un clic<\/li>\n<li>Design ottimizzato per i dispositivi mobili<\/li>\n<li>Compilazione automatica dei moduli di domanda<\/li>\n<li>SEO, per una migliore rilevabilit\u00e0<\/li>\n<li>Aggiornamento automatico delle liste di lavoro<\/li>\n<li>Foto e video personalizzati<\/li>\n<li>Conformit\u00e0 GDPR, CCPA e EEO<\/li>\n<li>Sottodominio personalizzabile<\/li>\n<li>Aggiungi il link al tuo sito web aziendale esistente e agli account social<\/li>\n<li>Personalizza il tuo layout da una variet\u00e0 di sezioni basate su modelli<\/li>\n<li>Abbina i colori, il carattere e lo stile del tuo marchio<\/li>\n<li>Tiene traccia delle prestazioni tramite la connessione a Google Analytics<\/li>\n<li>Facile da implementare, nessuna esperienza di codifica necessaria<\/li>\n<li>Ulteriori personalizzazioni disponibili con CSS<\/li>\n<li>Invia facilmente messaggi ai candidati direttamente dal numero assegnato, online o sull&#8217;app<\/li>\n<li>I candidati possono ricevere e inviare messaggi di testo in qualsiasi momento<\/li>\n<li>Il team di assunzione pu\u00f2 facilmente tenere traccia di tutte le comunicazioni sulla pipeline del candidato<\/li>\n<\/ul>\n<h4>LE RECENSIONI DEGLI UTENTI<\/h4>\n<p class=\"font-weight-bold mb-1 d-flex align-items-center\"><strong>Rasha A.&#8221;Un grande ATS&#8221;<\/strong><\/p>\n<p><strong>Commenti: <\/strong>L&#8217;IT \u00e8 stato eccezionale dalla ricerca all&#8217;implementazione fino all&#8217;utilizzo, l&#8217;esperienza \u00e8 stata molto positiva e l&#8217;impatto che ha avuto sulle nostre attivit\u00e0 di reclutamento \u00e8 stato evidente il primo giorno<\/p>\n<p><strong>Pro: <\/strong>Ci piace avere tutto ci\u00f2 che riguarda il candidato in un unico posto. E poter avere l&#8217;intero team di assunzione in grado di collaborare in un unico spazio \u00e8 eccellente<\/p>\n<p><strong>Contro: <\/strong>Non possiamo ordinare e archiviare il pool di talenti per un uso futuro, a meno che non sia in posizioni. Inoltre, le informazioni dalle posizioni archiviate non sono disponibili a meno che non si annulli l&#8217;archiviazione di una posizione che pu\u00f2 essere un po&#8217; scomoda<\/p>\n<p class=\"font-weight-bold mb-1 d-flex align-items-center\"><strong>Courtney F.&#8221;Ottimo sistema, necessita di alcune modifiche per essere perfetto&#8221;<\/strong><\/p>\n<p><strong>Commenti: <\/strong>\u00c8 stato fantastico, il sistema \u00e8 buono, ha alcune cose su cui potrebbe migliorare, ma \u00e8 un buon sistema.<\/p>\n<p><strong>Pro: <\/strong>Questo sistema \u00e8 stato davvero fantastico per noi. \u00c8 facile creare lavori, pubblicare e prendere appunti durante tutto il processo.<\/p>\n<p><strong>Contro: <\/strong>Ha bisogno di un modo migliore per unire i candidati, ottenendo indirizzi email diversi, quindi causa davvero un problema nel nostro sistema. Devi essere in grado di allegare diversi requisiti a uno e cancellare che sono insieme. In effetti l&#8217;integrazione \u00e8 traballante, ha problemi con i nostri lavori che vengono visti ma ottieni risultati migliori con un collegamento diretto. Facilit\u00e0 di vedere le cose, se le note sono cos\u00ec lunghe difficili da ottenere ci\u00f2 che \u00e8 necessario.<\/p>\n<p class=\"font-weight-bold mb-1 d-flex align-items-center\"><strong>Darlene O.&#8221;Workable \u00e8 fantastico!&#8221;<\/strong><\/p>\n<p><strong>Commenti: <\/strong>La cosa veramente bella di Workable \u00e8 che tutti i membri del team possono vedere i commenti e gli aggiornamenti degli altri in tempo reale. La funzione di calendario che ci consente di invitare il candidato e di farlo apparire sul nostro calendario di Outlook \u00e8 favolosa e rende la nostra vita molto pi\u00f9 semplice. Workable invia anche email con i prossimi corsi di formazione che troviamo utili.<\/p>\n<p><strong>Pro: <\/strong>Quello che mi piace di pi\u00f9 di Workable \u00e8 che \u00e8 intuitivo e facile da usare. Facciamo pochissima formazione quando aggiungiamo dipendenti per utilizzare il sistema. Mi piace anche il modo in cui il sistema salva ci\u00f2 su cui ho lavorato e pu\u00f2 tornare ai miei appunti senza dover ricominciare dall&#8217;inizio.<\/p>\n<p><strong>Contro: <\/strong>In questo momento, non c&#8217;\u00e8 nessuna lamentela e o cambiamento su Workable.<\/p>\n","protected":false},"excerpt":{"rendered":"<p>Workable \u00e8 una piattaforma di assunzione creata per consentire ai team di assunzione e ai manager interni di semplificare il reclutamento. Fornisce strumenti per aiutare a trovare candidati qualificati e determinare i migliori talenti. Dotato di strumenti automatizzati e basati sull&#8217;intelligenza artificiale accelera il processo di assunzione dalla richiesta alla lettera di offerta.<\/p>\n","protected":false},"author":16,"featured_media":47524,"parent":47455,"menu_order":0,"comment_status":"open","ping_status":"closed","template":"g1_template_page_review_new.php","meta":{"_acf_changed":false,"cwp_meta_box_check":"Yes","cwp_rev_product_name":"","cwp_rev_product_image":"","wppr_links":[],"cwp_rev_price":"","wppr_options":[],"wppr_pros":[],"wppr_cons":[],"_monsterinsights_skip_tracking":false,"_monsterinsights_sitenote_active":false,"_monsterinsights_sitenote_note":"","_monsterinsights_sitenote_category":0,"footnotes":""},"categories":[11077],"tags":[11107,11089,11093,11092,11091,11090,11108],"features":[],"class_list":{"0":"post-47522","1":"page","2":"type-page","3":"status-publish","4":"has-post-thumbnail","6":"category-piattaforme-marketing-recruiting-cat","7":"tag-gestione-reclutamento","8":"tag-piattaforme-marketing-recruiting","9":"tag-programma-marketing-recruiting","10":"tag-reclutamento","11":"tag-software-marketing-recruiting","12":"tag-soluzione-marketing-recruiting","13":"tag-workable"},"wppr_data":{"cwp_meta_box_check":"Yes","cwp_rev_product_name":"","cwp_rev_product_image":"","cwp_image_link":"image","cwp_rev_price":"","wppr_rating":"0.00"},"acf":[],"yoast_head":"<!-- This site is optimized with the Yoast SEO plugin v27.4 - https:\/\/yoast.com\/product\/yoast-seo-wordpress\/ -->\n<title>Workable: recensione software marketing per recruiting Accurate Reviews<\/title>\n<meta name=\"description\" content=\"Workable: recensione piattaforma di assunzione creata per i team di assunzione e ai manager interni di semplificare il reclutamento.\" \/>\n<meta name=\"robots\" content=\"index, follow, max-snippet:-1, max-image-preview:large, max-video-preview:-1\" \/>\n<link rel=\"canonical\" href=\"https:\/\/www.accuratereviews.com\/it\/piattaforme-marketing-recruiting\/workable-recensione\/\" \/>\n<meta property=\"og:locale\" content=\"it_IT\" \/>\n<meta property=\"og:type\" content=\"article\" \/>\n<meta property=\"og:title\" content=\"Workable: recensione software marketing per recruiting Accurate Reviews\" \/>\n<meta property=\"og:description\" content=\"Workable: recensione piattaforma di assunzione creata per i team di assunzione e ai manager interni di semplificare il reclutamento.\" \/>\n<meta property=\"og:url\" content=\"https:\/\/www.accuratereviews.com\/it\/piattaforme-marketing-recruiting\/workable-recensione\/\" \/>\n<meta property=\"og:site_name\" content=\"Accurate Reviews\" \/>\n<meta property=\"og:image\" content=\"https:\/\/www.accuratereviews.com\/wp-content\/uploads\/2021\/09\/workable.png\" \/>\n\t<meta property=\"og:image:width\" content=\"400\" \/>\n\t<meta property=\"og:image:height\" content=\"400\" \/>\n\t<meta property=\"og:image:type\" content=\"image\/png\" \/>\n<meta name=\"twitter:card\" content=\"summary_large_image\" \/>\n<meta name=\"twitter:label1\" content=\"Tempo di lettura stimato\" \/>\n\t<meta name=\"twitter:data1\" content=\"3 minuti\" \/>\n<script type=\"application\/ld+json\" class=\"yoast-schema-graph\">{\"@context\":\"https:\\\/\\\/schema.org\",\"@graph\":[{\"@type\":\"WebPage\",\"@id\":\"https:\\\/\\\/www.accuratereviews.com\\\/it\\\/piattaforme-marketing-recruiting\\\/workable-recensione\\\/\",\"url\":\"https:\\\/\\\/www.accuratereviews.com\\\/it\\\/piattaforme-marketing-recruiting\\\/workable-recensione\\\/\",\"name\":\"Workable: recensione software marketing per recruiting Accurate Reviews\",\"isPartOf\":{\"@id\":\"https:\\\/\\\/www.accuratereviews.com\\\/it\\\/#website\"},\"primaryImageOfPage\":{\"@id\":\"https:\\\/\\\/www.accuratereviews.com\\\/it\\\/piattaforme-marketing-recruiting\\\/workable-recensione\\\/#primaryimage\"},\"image\":{\"@id\":\"https:\\\/\\\/www.accuratereviews.com\\\/it\\\/piattaforme-marketing-recruiting\\\/workable-recensione\\\/#primaryimage\"},\"thumbnailUrl\":\"https:\\\/\\\/www.accuratereviews.com\\\/wp-content\\\/uploads\\\/2021\\\/09\\\/workable.png\",\"datePublished\":\"2021-09-09T12:15:38+00:00\",\"description\":\"Workable: recensione piattaforma di assunzione creata per i team di assunzione e ai manager interni di semplificare il reclutamento.\",\"breadcrumb\":{\"@id\":\"https:\\\/\\\/www.accuratereviews.com\\\/it\\\/piattaforme-marketing-recruiting\\\/workable-recensione\\\/#breadcrumb\"},\"inLanguage\":\"it-IT\",\"potentialAction\":[{\"@type\":\"ReadAction\",\"target\":[\"https:\\\/\\\/www.accuratereviews.com\\\/it\\\/piattaforme-marketing-recruiting\\\/workable-recensione\\\/\"]}]},{\"@type\":\"ImageObject\",\"inLanguage\":\"it-IT\",\"@id\":\"https:\\\/\\\/www.accuratereviews.com\\\/it\\\/piattaforme-marketing-recruiting\\\/workable-recensione\\\/#primaryimage\",\"url\":\"https:\\\/\\\/www.accuratereviews.com\\\/wp-content\\\/uploads\\\/2021\\\/09\\\/workable.png\",\"contentUrl\":\"https:\\\/\\\/www.accuratereviews.com\\\/wp-content\\\/uploads\\\/2021\\\/09\\\/workable.png\",\"width\":400,\"height\":400},{\"@type\":\"BreadcrumbList\",\"@id\":\"https:\\\/\\\/www.accuratereviews.com\\\/it\\\/piattaforme-marketing-recruiting\\\/workable-recensione\\\/#breadcrumb\",\"itemListElement\":[{\"@type\":\"ListItem\",\"position\":1,\"name\":\"Home\",\"item\":\"https:\\\/\\\/www.accuratereviews.com\\\/it\\\/\"},{\"@type\":\"ListItem\",\"position\":2,\"name\":\"Piattaforme di marketing per il recruiting\",\"item\":\"https:\\\/\\\/www.accuratereviews.com\\\/it\\\/piattaforme-marketing-recruiting\\\/\"},{\"@type\":\"ListItem\",\"position\":3,\"name\":\"Workable\"}]},{\"@type\":\"WebSite\",\"@id\":\"https:\\\/\\\/www.accuratereviews.com\\\/it\\\/#website\",\"url\":\"https:\\\/\\\/www.accuratereviews.com\\\/it\\\/\",\"name\":\"Accurate Reviews\",\"description\":\"\",\"potentialAction\":[{\"@type\":\"SearchAction\",\"target\":{\"@type\":\"EntryPoint\",\"urlTemplate\":\"https:\\\/\\\/www.accuratereviews.com\\\/it\\\/?s={search_term_string}\"},\"query-input\":{\"@type\":\"PropertyValueSpecification\",\"valueRequired\":true,\"valueName\":\"search_term_string\"}}],\"inLanguage\":\"it-IT\"}]}<\/script>\n<!-- \/ Yoast SEO plugin. -->","yoast_head_json":{"title":"Workable: recensione software marketing per recruiting Accurate Reviews","description":"Workable: recensione piattaforma di assunzione creata per i team di assunzione e ai manager interni di semplificare il reclutamento.","robots":{"index":"index","follow":"follow","max-snippet":"max-snippet:-1","max-image-preview":"max-image-preview:large","max-video-preview":"max-video-preview:-1"},"canonical":"https:\/\/www.accuratereviews.com\/it\/piattaforme-marketing-recruiting\/workable-recensione\/","og_locale":"it_IT","og_type":"article","og_title":"Workable: recensione software marketing per recruiting Accurate Reviews","og_description":"Workable: recensione piattaforma di assunzione creata per i team di assunzione e ai manager interni di semplificare il reclutamento.","og_url":"https:\/\/www.accuratereviews.com\/it\/piattaforme-marketing-recruiting\/workable-recensione\/","og_site_name":"Accurate Reviews","og_image":[{"width":400,"height":400,"url":"https:\/\/www.accuratereviews.com\/wp-content\/uploads\/2021\/09\/workable.png","type":"image\/png"}],"twitter_card":"summary_large_image","twitter_misc":{"Tempo di lettura stimato":"3 minuti"},"schema":{"@context":"https:\/\/schema.org","@graph":[{"@type":"WebPage","@id":"https:\/\/www.accuratereviews.com\/it\/piattaforme-marketing-recruiting\/workable-recensione\/","url":"https:\/\/www.accuratereviews.com\/it\/piattaforme-marketing-recruiting\/workable-recensione\/","name":"Workable: recensione software marketing per recruiting Accurate Reviews","isPartOf":{"@id":"https:\/\/www.accuratereviews.com\/it\/#website"},"primaryImageOfPage":{"@id":"https:\/\/www.accuratereviews.com\/it\/piattaforme-marketing-recruiting\/workable-recensione\/#primaryimage"},"image":{"@id":"https:\/\/www.accuratereviews.com\/it\/piattaforme-marketing-recruiting\/workable-recensione\/#primaryimage"},"thumbnailUrl":"https:\/\/www.accuratereviews.com\/wp-content\/uploads\/2021\/09\/workable.png","datePublished":"2021-09-09T12:15:38+00:00","description":"Workable: recensione piattaforma di assunzione creata per i team di assunzione e ai manager interni di semplificare il reclutamento.","breadcrumb":{"@id":"https:\/\/www.accuratereviews.com\/it\/piattaforme-marketing-recruiting\/workable-recensione\/#breadcrumb"},"inLanguage":"it-IT","potentialAction":[{"@type":"ReadAction","target":["https:\/\/www.accuratereviews.com\/it\/piattaforme-marketing-recruiting\/workable-recensione\/"]}]},{"@type":"ImageObject","inLanguage":"it-IT","@id":"https:\/\/www.accuratereviews.com\/it\/piattaforme-marketing-recruiting\/workable-recensione\/#primaryimage","url":"https:\/\/www.accuratereviews.com\/wp-content\/uploads\/2021\/09\/workable.png","contentUrl":"https:\/\/www.accuratereviews.com\/wp-content\/uploads\/2021\/09\/workable.png","width":400,"height":400},{"@type":"BreadcrumbList","@id":"https:\/\/www.accuratereviews.com\/it\/piattaforme-marketing-recruiting\/workable-recensione\/#breadcrumb","itemListElement":[{"@type":"ListItem","position":1,"name":"Home","item":"https:\/\/www.accuratereviews.com\/it\/"},{"@type":"ListItem","position":2,"name":"Piattaforme di marketing per il recruiting","item":"https:\/\/www.accuratereviews.com\/it\/piattaforme-marketing-recruiting\/"},{"@type":"ListItem","position":3,"name":"Workable"}]},{"@type":"WebSite","@id":"https:\/\/www.accuratereviews.com\/it\/#website","url":"https:\/\/www.accuratereviews.com\/it\/","name":"Accurate Reviews","description":"","potentialAction":[{"@type":"SearchAction","target":{"@type":"EntryPoint","urlTemplate":"https:\/\/www.accuratereviews.com\/it\/?s={search_term_string}"},"query-input":{"@type":"PropertyValueSpecification","valueRequired":true,"valueName":"search_term_string"}}],"inLanguage":"it-IT"}]}},"_links":{"self":[{"href":"https:\/\/www.accuratereviews.com\/it\/wp-json\/wp\/v2\/pages\/47522","targetHints":{"allow":["GET"]}}],"collection":[{"href":"https:\/\/www.accuratereviews.com\/it\/wp-json\/wp\/v2\/pages"}],"about":[{"href":"https:\/\/www.accuratereviews.com\/it\/wp-json\/wp\/v2\/types\/page"}],"author":[{"embeddable":true,"href":"https:\/\/www.accuratereviews.com\/it\/wp-json\/wp\/v2\/users\/16"}],"replies":[{"embeddable":true,"href":"https:\/\/www.accuratereviews.com\/it\/wp-json\/wp\/v2\/comments?post=47522"}],"version-history":[{"count":7,"href":"https:\/\/www.accuratereviews.com\/it\/wp-json\/wp\/v2\/pages\/47522\/revisions"}],"predecessor-version":[{"id":47573,"href":"https:\/\/www.accuratereviews.com\/it\/wp-json\/wp\/v2\/pages\/47522\/revisions\/47573"}],"up":[{"embeddable":true,"href":"https:\/\/www.accuratereviews.com\/it\/wp-json\/wp\/v2\/pages\/47455"}],"wp:featuredmedia":[{"embeddable":true,"href":"https:\/\/www.accuratereviews.com\/it\/wp-json\/wp\/v2\/media\/47524"}],"wp:attachment":[{"href":"https:\/\/www.accuratereviews.com\/it\/wp-json\/wp\/v2\/media?parent=47522"}],"wp:term":[{"taxonomy":"category","embeddable":true,"href":"https:\/\/www.accuratereviews.com\/it\/wp-json\/wp\/v2\/categories?post=47522"},{"taxonomy":"post_tag","embeddable":true,"href":"https:\/\/www.accuratereviews.com\/it\/wp-json\/wp\/v2\/tags?post=47522"},{"taxonomy":"features","embeddable":true,"href":"https:\/\/www.accuratereviews.com\/it\/wp-json\/wp\/v2\/features?post=47522"}],"curies":[{"name":"wp","href":"https:\/\/api.w.org\/{rel}","templated":true}]}}