{"id":47594,"date":"2021-09-10T11:45:16","date_gmt":"2021-09-10T11:45:16","guid":{"rendered":"https:\/\/www.accuratereviews.com\/?page_id=47594"},"modified":"2021-09-10T11:45:16","modified_gmt":"2021-09-10T11:45:16","slug":"firefish-recensione","status":"publish","type":"page","link":"https:\/\/www.accuratereviews.com\/it\/piattaforme-marketing-recruiting\/firefish-recensione\/","title":{"rendered":"Firefish"},"content":{"rendered":"<p><strong>Firefish<\/strong> \u00e8 una<strong> piattaforma di marketing<\/strong> per il <strong>reclutamento<\/strong> progettata per aiutare i responsabili delle assunzioni a connettersi e reclutare candidati. La soluzione consente agli amministratori di pubblicare annunci di lavoro su vari canali social o siti web e gestire le applicazioni in una dashboard centralizzata. I manager possono inviare avvisi di lavoro automatizzati e interagire con potenziali candidati tramite email di massa personalizzate e messaggi bidirezionali. <strong>Firefish<\/strong> consente ai team di proteggere i dati dei candidati in conformit\u00e0 con i protocolli del regolamento generale sulla protezione dei dati (GDPR). Inoltre, gli operatori possono visualizzare elenchi di attivit\u00e0, indicatori chiave di produttivit\u00e0 (KPI), obiettivi di reclutamento e prestazioni delle campagne su un&#8217;interfaccia unificata.<\/p>\n<h2>FIREFISH &#8211; TUTORIAL<\/h2>\n<p>Guardiamo come \u00e8 semplice creare curriculum vitae direttamente su questa <strong>piattaforma marketing per recruiting<\/strong>:<\/p>\n<div id=\"fluid-wrapper-counter-1\" class=\"g1-fluid-wrapper \" style=\"width:686px;\">\n<div style=\"padding-bottom:56.268221574344%;\"><iframe loading=\"lazy\" title=\"Automate your CV Formatting with Firefish\" width=\"686\" height=\"386\" src=\"https:\/\/www.youtube.com\/embed\/TBjjA3uSGsw?feature=oembed&amp;wmode=transparent&amp;autohide=1&amp;autoplay=0&amp;disablekb=0&amp;fs=1&amp;loop=0&amp;enablejsapi=1&amp;rel=0&amp;controls=2&amp;showinfo=0&amp;wmode=transparent&amp;autohide=2&amp;autoplay=0&amp;disablekb=0&amp;fs=1&amp;loop=0&amp;enablejsapi=1&amp;rel=0&amp;controls=2&amp;showinfo=1\" frameborder=\"0\" allow=\"accelerometer; autoplay; clipboard-write; encrypted-media; gyroscope; picture-in-picture\" allowfullscreen><\/iframe><\/div>\n<\/div>\n<h3>FIREFISH &#8211; CARATTERISTICHE<\/h3>\n<ul>\n<li>Trasforma il tuo sito web di reclutamento in una calamita di talenti con pagine di lavoro fantastiche: sono SEO-friendly e completamente ottimizzate per Google<\/li>\n<li>Converti il \u200b\u200b45% dei candidati attraverso il tuo sito web con pagine di offerte di lavoro che si integrano perfettamente con il tuo CRM<\/li>\n<li>Per assicurarti di ottenere la massima visibilit\u00e0 su ogni lavoro, il software ti consente di pubblicare annunci di lavoro multipli su bacheche di lavoro certificate e 180 reti di social media con un solo clic<\/li>\n<li>Riportando i candidati al tuo sito web o tramite la bacheca di candidatura diretta, puoi vedere esattamente chi sta cercando e cosa li sta attirando<\/li>\n<li>Indipendentemente dal canale da cui provengono la soluzione centralizza tutte le tue applicazioni di lavoro in un unico posto<\/li>\n<li>Raggiungi milioni di candidati attraverso il pi\u00f9 grande strumento di ricerca di lavoro al mondo<\/li>\n<li>L&#8217;API di indicizzazione comunica a Google for Jobs non appena pubblichi, aggiorni o chiudi un lavoro, in modo che le informazioni visualizzate dai candidati siano sempre aggiornate<\/li>\n<li>Massimizza i tassi di candidatura creando siti web personalizzati che i tuoi candidati apprezzeranno<\/li>\n<li>Crea un&#8217;esperienza pi\u00f9 personalizzata per i tuoi candidati (senza alcuno sforzo aggiuntivo) utilizzando un software che recluta per te<\/li>\n<li>Acquisisci le informazioni di cui hai bisogno in modo completamente conforme al GDPR e lascia che vengano inserite direttamente nel tuo CRM<\/li>\n<li>Crea elenchi di candidati pertinenti e invia email in blocco personalizzate, avvisi di lavoro automatizzati e sms bidirezionali per incoraggiarli a trovare un posizionamento<\/li>\n<\/ul>\n<h4>LE RECENSIONE DEGLI UTENTI<\/h4>\n<p class=\"font-weight-bold mb-1 d-flex align-items-center\"><strong>Kirsty S.&#8221;Avvia potenziato da Firefish!&#8221;<\/strong><\/p>\n<p><strong>Pro: <\/strong>Il servizio clienti \u00e8 ottimo, sono pronti a rispondere ai problemi, felici di aiutare durante la personalizzazione delle funzionalit\u00e0 nel CRM e sempre aperti ai suggerimenti. Il sistema \u00e8 stato progettato da persone con esperienza di reclutamento e mostra che la gestione delle attivit\u00e0 e del flusso di lavoro \u00e8 logica e le capacit\u00e0 di ricerca dei contatti e le corrispondenze suggerite sono intelligenti, aggiungendo valore reale alle comunicazioni del candidato e del cliente. Hanno anche creato rapidamente il mio sito web e il sistema CRM quando \u00e8 stata fondata la mia attivit\u00e0, offrendo formazione e supporto completi attraverso l&#8217;onboarding<\/p>\n<p><strong>Contro: <\/strong>Il sito non si integra completamente con le principali bacheche di lavoro o social media, quindi la risposta all&#8217;annuncio non viene automaticamente elencata in base ai tuoi ruoli e va invece nella tua email. Esiste un&#8217;integrazione 365 che significa che \u00e8 abbastanza semplice trasferirli nel sistema, ma ci\u00f2 pu\u00f2 richiedere molto tempo se si dispone di un volume elevato di risposte da gestire.<\/p>\n<p class=\"font-weight-bold mb-1 d-flex align-items-center\"><strong>Katie A.&#8221;Piattaforma super user friendly e intuitiva per i reclutatori&#8221;<\/strong><\/p>\n<p><strong>Commenti: <\/strong>Non ho altro che cose positive da dire su Firefish. Il software \u00e8 fantastico, ma ogni volta che abbiamo avuto un problema con una query, il team dell&#8217;helpdesk \u00e8 super reattivo e pronto ad aiutare, quindi anche il servizio clienti \u00e8 assolutamente eccellente. Ho usato molti sistemi CRM di reclutamento nel mio tempo e senza dubbio questo \u00e8 il migliore che abbia mai usato.<\/p>\n<p><strong>Pro: <\/strong>Mi piace molto quanto sia facile usare questo software. Fin dal primo giorno \u00e8 super intuitivo e facile da allineare senza funzioni inutili e complicate.<\/p>\n<p><strong>Contro: <\/strong>Ci sono alcune cose goffe (ad esempio dover fare clic sulle pagine sui CV), ma la cosa brillante \u00e8 l&#8217;opportunit\u00e0 di mettere idee alla comunit\u00e0 per correggere i problemi. Quindi niente che mi venga in mente di scrivere qui!<\/p>\n<p class=\"font-weight-bold mb-1 d-flex align-items-center\"><strong>Darron C.&#8221;Fantastico servizio clienti e supporto continuo&#8221;<\/strong><\/p>\n<p><strong>Vantaggi: <\/strong>Ho usato numerosi nominativi di reclutamento nel corso degli anni e Firefish deve essere il migliore. La facilit\u00e0 d&#8217;uso e la formazione\/supporto in corso sono le migliori che abbia mai sperimentato. Di recente ho partecipato a un webinar sulla ricerca e ho raccolto un sacco di nuovi suggerimenti! Vale la pena investire nel tempo.<\/p>\n<p><strong>Inconvenienti: <\/strong>Quando qualcuno fa domanda per un ruolo, gli assegna automaticamente lo stipendio della posizione piuttosto che le aspettative di stipendio.<\/p>\n","protected":false},"excerpt":{"rendered":"<p>Firefish \u00e8 una piattaforma di marketing per il reclutamento progettata per aiutare i responsabili delle assunzioni a connettersi e reclutare candidati. La soluzione consente agli amministratori di pubblicare annunci di lavoro su vari canali di social network o siti web e gestire le applicazioni in una dashboard centralizzata.\u00a0<\/p>\n","protected":false},"author":16,"featured_media":47595,"parent":47455,"menu_order":0,"comment_status":"open","ping_status":"closed","template":"g1_template_page_review_new.php","meta":{"_acf_changed":false,"cwp_meta_box_check":"Yes","cwp_rev_product_name":"","cwp_rev_product_image":"","wppr_links":[],"cwp_rev_price":"","wppr_options":[],"wppr_pros":[],"wppr_cons":[],"_monsterinsights_skip_tracking":false,"_monsterinsights_sitenote_active":false,"_monsterinsights_sitenote_note":"","_monsterinsights_sitenote_category":0,"footnotes":""},"categories":[11077],"tags":[11115,11107,11110,11093,11092,11091,11090],"features":[],"class_list":{"0":"post-47594","1":"page","2":"type-page","3":"status-publish","4":"has-post-thumbnail","6":"category-piattaforme-marketing-recruiting-cat","7":"tag-firefish","8":"tag-gestione-reclutamento","9":"tag-piattaforma-marketing-recruiting","10":"tag-programma-marketing-recruiting","11":"tag-reclutamento","12":"tag-software-marketing-recruiting","13":"tag-soluzione-marketing-recruiting"},"wppr_data":{"cwp_meta_box_check":"Yes","cwp_rev_product_name":"","cwp_rev_product_image":"","cwp_image_link":"image","cwp_rev_price":"","wppr_rating":"0.00"},"acf":[],"yoast_head":"<!-- This site is optimized with the Yoast SEO plugin v27.4 - https:\/\/yoast.com\/product\/yoast-seo-wordpress\/ -->\n<title>Firefish: recensione software marketing recruiting - Accurate Reviews<\/title>\n<meta name=\"description\" content=\"Firefish: recensione piattaforma di marketing per il reclutamento progettata per aiutare i responsabili delle assunzioni a trovare candidati.\" \/>\n<meta name=\"robots\" content=\"index, follow, max-snippet:-1, max-image-preview:large, max-video-preview:-1\" \/>\n<link rel=\"canonical\" href=\"https:\/\/www.accuratereviews.com\/it\/piattaforme-marketing-recruiting\/firefish-recensione\/\" \/>\n<meta property=\"og:locale\" content=\"it_IT\" \/>\n<meta property=\"og:type\" content=\"article\" \/>\n<meta property=\"og:title\" content=\"Firefish: recensione software marketing recruiting - Accurate Reviews\" \/>\n<meta property=\"og:description\" content=\"Firefish: recensione piattaforma di marketing per il reclutamento progettata per aiutare i responsabili delle assunzioni a trovare candidati.\" \/>\n<meta property=\"og:url\" content=\"https:\/\/www.accuratereviews.com\/it\/piattaforme-marketing-recruiting\/firefish-recensione\/\" \/>\n<meta property=\"og:site_name\" content=\"Accurate Reviews\" \/>\n<meta property=\"og:image\" content=\"https:\/\/www.accuratereviews.com\/wp-content\/uploads\/2021\/09\/Firefish.jpg\" \/>\n\t<meta property=\"og:image:width\" content=\"700\" \/>\n\t<meta property=\"og:image:height\" content=\"700\" \/>\n\t<meta property=\"og:image:type\" content=\"image\/jpeg\" \/>\n<meta name=\"twitter:card\" content=\"summary_large_image\" \/>\n<meta name=\"twitter:label1\" content=\"Tempo di lettura stimato\" \/>\n\t<meta name=\"twitter:data1\" content=\"4 minuti\" \/>\n<script type=\"application\/ld+json\" class=\"yoast-schema-graph\">{\"@context\":\"https:\\\/\\\/schema.org\",\"@graph\":[{\"@type\":\"WebPage\",\"@id\":\"https:\\\/\\\/www.accuratereviews.com\\\/it\\\/piattaforme-marketing-recruiting\\\/firefish-recensione\\\/\",\"url\":\"https:\\\/\\\/www.accuratereviews.com\\\/it\\\/piattaforme-marketing-recruiting\\\/firefish-recensione\\\/\",\"name\":\"Firefish: recensione software marketing recruiting - Accurate Reviews\",\"isPartOf\":{\"@id\":\"https:\\\/\\\/www.accuratereviews.com\\\/it\\\/#website\"},\"primaryImageOfPage\":{\"@id\":\"https:\\\/\\\/www.accuratereviews.com\\\/it\\\/piattaforme-marketing-recruiting\\\/firefish-recensione\\\/#primaryimage\"},\"image\":{\"@id\":\"https:\\\/\\\/www.accuratereviews.com\\\/it\\\/piattaforme-marketing-recruiting\\\/firefish-recensione\\\/#primaryimage\"},\"thumbnailUrl\":\"https:\\\/\\\/www.accuratereviews.com\\\/wp-content\\\/uploads\\\/2021\\\/09\\\/Firefish.jpg\",\"datePublished\":\"2021-09-10T11:45:16+00:00\",\"description\":\"Firefish: recensione piattaforma di marketing per il reclutamento progettata per aiutare i responsabili delle assunzioni a trovare candidati.\",\"breadcrumb\":{\"@id\":\"https:\\\/\\\/www.accuratereviews.com\\\/it\\\/piattaforme-marketing-recruiting\\\/firefish-recensione\\\/#breadcrumb\"},\"inLanguage\":\"it-IT\",\"potentialAction\":[{\"@type\":\"ReadAction\",\"target\":[\"https:\\\/\\\/www.accuratereviews.com\\\/it\\\/piattaforme-marketing-recruiting\\\/firefish-recensione\\\/\"]}]},{\"@type\":\"ImageObject\",\"inLanguage\":\"it-IT\",\"@id\":\"https:\\\/\\\/www.accuratereviews.com\\\/it\\\/piattaforme-marketing-recruiting\\\/firefish-recensione\\\/#primaryimage\",\"url\":\"https:\\\/\\\/www.accuratereviews.com\\\/wp-content\\\/uploads\\\/2021\\\/09\\\/Firefish.jpg\",\"contentUrl\":\"https:\\\/\\\/www.accuratereviews.com\\\/wp-content\\\/uploads\\\/2021\\\/09\\\/Firefish.jpg\",\"width\":700,\"height\":700},{\"@type\":\"BreadcrumbList\",\"@id\":\"https:\\\/\\\/www.accuratereviews.com\\\/it\\\/piattaforme-marketing-recruiting\\\/firefish-recensione\\\/#breadcrumb\",\"itemListElement\":[{\"@type\":\"ListItem\",\"position\":1,\"name\":\"Home\",\"item\":\"https:\\\/\\\/www.accuratereviews.com\\\/it\\\/\"},{\"@type\":\"ListItem\",\"position\":2,\"name\":\"Piattaforme di marketing per il recruiting\",\"item\":\"https:\\\/\\\/www.accuratereviews.com\\\/it\\\/piattaforme-marketing-recruiting\\\/\"},{\"@type\":\"ListItem\",\"position\":3,\"name\":\"Firefish\"}]},{\"@type\":\"WebSite\",\"@id\":\"https:\\\/\\\/www.accuratereviews.com\\\/it\\\/#website\",\"url\":\"https:\\\/\\\/www.accuratereviews.com\\\/it\\\/\",\"name\":\"Accurate Reviews\",\"description\":\"\",\"potentialAction\":[{\"@type\":\"SearchAction\",\"target\":{\"@type\":\"EntryPoint\",\"urlTemplate\":\"https:\\\/\\\/www.accuratereviews.com\\\/it\\\/?s={search_term_string}\"},\"query-input\":{\"@type\":\"PropertyValueSpecification\",\"valueRequired\":true,\"valueName\":\"search_term_string\"}}],\"inLanguage\":\"it-IT\"}]}<\/script>\n<!-- \/ Yoast SEO plugin. -->","yoast_head_json":{"title":"Firefish: recensione software marketing recruiting - Accurate Reviews","description":"Firefish: recensione piattaforma di marketing per il reclutamento progettata per aiutare i responsabili delle assunzioni a trovare candidati.","robots":{"index":"index","follow":"follow","max-snippet":"max-snippet:-1","max-image-preview":"max-image-preview:large","max-video-preview":"max-video-preview:-1"},"canonical":"https:\/\/www.accuratereviews.com\/it\/piattaforme-marketing-recruiting\/firefish-recensione\/","og_locale":"it_IT","og_type":"article","og_title":"Firefish: recensione software marketing recruiting - Accurate Reviews","og_description":"Firefish: recensione piattaforma di marketing per il reclutamento progettata per aiutare i responsabili delle assunzioni a trovare candidati.","og_url":"https:\/\/www.accuratereviews.com\/it\/piattaforme-marketing-recruiting\/firefish-recensione\/","og_site_name":"Accurate Reviews","og_image":[{"width":700,"height":700,"url":"https:\/\/www.accuratereviews.com\/wp-content\/uploads\/2021\/09\/Firefish.jpg","type":"image\/jpeg"}],"twitter_card":"summary_large_image","twitter_misc":{"Tempo di lettura stimato":"4 minuti"},"schema":{"@context":"https:\/\/schema.org","@graph":[{"@type":"WebPage","@id":"https:\/\/www.accuratereviews.com\/it\/piattaforme-marketing-recruiting\/firefish-recensione\/","url":"https:\/\/www.accuratereviews.com\/it\/piattaforme-marketing-recruiting\/firefish-recensione\/","name":"Firefish: recensione software marketing recruiting - Accurate Reviews","isPartOf":{"@id":"https:\/\/www.accuratereviews.com\/it\/#website"},"primaryImageOfPage":{"@id":"https:\/\/www.accuratereviews.com\/it\/piattaforme-marketing-recruiting\/firefish-recensione\/#primaryimage"},"image":{"@id":"https:\/\/www.accuratereviews.com\/it\/piattaforme-marketing-recruiting\/firefish-recensione\/#primaryimage"},"thumbnailUrl":"https:\/\/www.accuratereviews.com\/wp-content\/uploads\/2021\/09\/Firefish.jpg","datePublished":"2021-09-10T11:45:16+00:00","description":"Firefish: recensione piattaforma di marketing per il reclutamento progettata per aiutare i responsabili delle assunzioni a trovare candidati.","breadcrumb":{"@id":"https:\/\/www.accuratereviews.com\/it\/piattaforme-marketing-recruiting\/firefish-recensione\/#breadcrumb"},"inLanguage":"it-IT","potentialAction":[{"@type":"ReadAction","target":["https:\/\/www.accuratereviews.com\/it\/piattaforme-marketing-recruiting\/firefish-recensione\/"]}]},{"@type":"ImageObject","inLanguage":"it-IT","@id":"https:\/\/www.accuratereviews.com\/it\/piattaforme-marketing-recruiting\/firefish-recensione\/#primaryimage","url":"https:\/\/www.accuratereviews.com\/wp-content\/uploads\/2021\/09\/Firefish.jpg","contentUrl":"https:\/\/www.accuratereviews.com\/wp-content\/uploads\/2021\/09\/Firefish.jpg","width":700,"height":700},{"@type":"BreadcrumbList","@id":"https:\/\/www.accuratereviews.com\/it\/piattaforme-marketing-recruiting\/firefish-recensione\/#breadcrumb","itemListElement":[{"@type":"ListItem","position":1,"name":"Home","item":"https:\/\/www.accuratereviews.com\/it\/"},{"@type":"ListItem","position":2,"name":"Piattaforme di marketing per il recruiting","item":"https:\/\/www.accuratereviews.com\/it\/piattaforme-marketing-recruiting\/"},{"@type":"ListItem","position":3,"name":"Firefish"}]},{"@type":"WebSite","@id":"https:\/\/www.accuratereviews.com\/it\/#website","url":"https:\/\/www.accuratereviews.com\/it\/","name":"Accurate Reviews","description":"","potentialAction":[{"@type":"SearchAction","target":{"@type":"EntryPoint","urlTemplate":"https:\/\/www.accuratereviews.com\/it\/?s={search_term_string}"},"query-input":{"@type":"PropertyValueSpecification","valueRequired":true,"valueName":"search_term_string"}}],"inLanguage":"it-IT"}]}},"_links":{"self":[{"href":"https:\/\/www.accuratereviews.com\/it\/wp-json\/wp\/v2\/pages\/47594","targetHints":{"allow":["GET"]}}],"collection":[{"href":"https:\/\/www.accuratereviews.com\/it\/wp-json\/wp\/v2\/pages"}],"about":[{"href":"https:\/\/www.accuratereviews.com\/it\/wp-json\/wp\/v2\/types\/page"}],"author":[{"embeddable":true,"href":"https:\/\/www.accuratereviews.com\/it\/wp-json\/wp\/v2\/users\/16"}],"replies":[{"embeddable":true,"href":"https:\/\/www.accuratereviews.com\/it\/wp-json\/wp\/v2\/comments?post=47594"}],"version-history":[{"count":11,"href":"https:\/\/www.accuratereviews.com\/it\/wp-json\/wp\/v2\/pages\/47594\/revisions"}],"predecessor-version":[{"id":47653,"href":"https:\/\/www.accuratereviews.com\/it\/wp-json\/wp\/v2\/pages\/47594\/revisions\/47653"}],"up":[{"embeddable":true,"href":"https:\/\/www.accuratereviews.com\/it\/wp-json\/wp\/v2\/pages\/47455"}],"wp:featuredmedia":[{"embeddable":true,"href":"https:\/\/www.accuratereviews.com\/it\/wp-json\/wp\/v2\/media\/47595"}],"wp:attachment":[{"href":"https:\/\/www.accuratereviews.com\/it\/wp-json\/wp\/v2\/media?parent=47594"}],"wp:term":[{"taxonomy":"category","embeddable":true,"href":"https:\/\/www.accuratereviews.com\/it\/wp-json\/wp\/v2\/categories?post=47594"},{"taxonomy":"post_tag","embeddable":true,"href":"https:\/\/www.accuratereviews.com\/it\/wp-json\/wp\/v2\/tags?post=47594"},{"taxonomy":"features","embeddable":true,"href":"https:\/\/www.accuratereviews.com\/it\/wp-json\/wp\/v2\/features?post=47594"}],"curies":[{"name":"wp","href":"https:\/\/api.w.org\/{rel}","templated":true}]}}