{"id":47680,"date":"2021-09-13T10:50:37","date_gmt":"2021-09-13T10:50:37","guid":{"rendered":"https:\/\/www.accuratereviews.com\/?page_id=47680"},"modified":"2022-02-08T10:16:16","modified_gmt":"2022-02-08T10:16:16","slug":"freshteam-recensione","status":"publish","type":"page","link":"https:\/\/www.accuratereviews.com\/it\/piattaforme-marketing-recruiting\/freshteam-recensione\/","title":{"rendered":"Freshteam"},"content":{"rendered":"<p><strong>Freshteam<\/strong> \u00e8 il <strong>software HR<\/strong> perfetto per il business in crescita che ti aiuta a reclutare, assumere, rimuovere i dipendenti in uscita, gestire le informazioni sui dipendenti e le ferie, tutto in un unico posto. Con questo programma puoi attirare i migliori talenti attraverso vari canali: un sito web da creare rapidamente, l&#8217;integrazione con pi\u00f9 bacheche di lavoro gratuite e premium e canali di social media. Una volta inseriti i candidati, il team di reclutamento pu\u00f2 collaborare con i responsabili delle assunzioni e selezionarli e intervistarli, condividere feedback e lasciare note reciproche, assumere e presentare offerte ai migliori candidati. Il software consente alle risorse umane di integrare i nuovi assunti anche prima del primo giorno: che si tratti di compilare moduli, firmare documenti o distribuire manuali, puoi farlo tramite <strong>Freshteam<\/strong> in pochi clic. Le app Android e iOS consentono di eseguire azioni importanti in qualsiasi luogo e in qualsiasi momento.<\/p>\n<h2>FRESHTEAM &#8211; TUTORIAL<\/h2>\n<p>Il video tutorial offre una panoramica delle funzionalit\u00e0 di monitoraggio e inserimento dei candidati nel <strong>software marketing per recruiting<\/strong>:<\/p>\n<div id=\"fluid-wrapper-counter-1\" class=\"g1-fluid-wrapper \" style=\"width:686px;\">\n<div style=\"padding-bottom:56.268221574344%;\"><iframe loading=\"lazy\" title=\"Meet Freshteam, the smart HR software for growing businesses | An Overview\" width=\"686\" height=\"386\" src=\"https:\/\/www.youtube.com\/embed\/xcgQjgiMZ6s?start=1&#038;feature=oembed&amp;wmode=transparent&amp;autohide=1&amp;autoplay=0&amp;disablekb=0&amp;fs=1&amp;loop=0&amp;enablejsapi=1&amp;rel=0&amp;controls=2&amp;showinfo=0&amp;wmode=transparent&amp;autohide=2&amp;autoplay=0&amp;disablekb=0&amp;fs=1&amp;loop=0&amp;enablejsapi=1&amp;rel=0&amp;controls=2&amp;showinfo=1\" frameborder=\"0\" allow=\"accelerometer; autoplay; clipboard-write; encrypted-media; gyroscope; picture-in-picture\" allowfullscreen><\/iframe><\/div>\n<\/div>\n<h3>FRESHTEAM &#8211; CARATTERISTICHE<\/h3>\n<ul>\n<li><strong>Pubblicazione con un clic sui canali di approvvigionamento<\/strong>: trova candidati da pi\u00f9 bacheche di lavoro, siti di carriera, fornitori, referral dei dipendenti e social media da un unico posto<\/li>\n<li><strong>Crea flussi di lavoro di assunzione personalizzati<\/strong>: scegli le fasi del flusso di lavoro, aggiungi un team di assunzione, la scheda di valutazione del colloquio, i moduli di domanda e i flussi di lavoro<\/li>\n<li><strong>Screen candidati in pochi secondi:<\/strong> automatizza lo screening del curriculum e ottieni tutti i record dei candidati (curriculum, email, cronologia delle interazioni, punteggi dei colloqui, feedback e note) in un unico posto<\/li>\n<li><strong>Collabora e assumi virtualmente<\/strong>: pianifica colloqui, lascia commenti e feedback reciproci, con la possibilit\u00e0 di tenere traccia di tutte le informazioni in modo chiaro<\/li>\n<li><strong>Automatizza le attivit\u00e0 di assunzione<\/strong>: \u00e8 possibile definire regole di automazione per ogni lavoro in modo granulare: &#8220;evento, condizione, azione&#8221;. Ad esempio, avanzare i candidati alla fase tecnica se il loro punteggio \u00e8 superiore a 50<\/li>\n<li><strong>Raccogli feedback strutturati<\/strong>: non prendere decisioni basate sui sentimenti istintivi. Utilizza le schede di valutazione dei colloqui per valutare obiettivamente i candidati rispetto a criteri stabiliti<\/li>\n<li><strong>Lancia le offerte con facilit\u00e0<\/strong>: crea e gestisci offerte di lavoro. Puoi configurare i campi dell&#8217;offerta, generare lettere di offerta e persino registrare le decisioni dei candidati<\/li>\n<li><strong>Reportistica strategica per le risorse umane<\/strong>: un rapporto per rispondere a tutte le importanti domande di reclutamento che il tuo team ha su candidati, colloqui, tempi di assunzione, costo per fonte e altro ancora<\/li>\n<li><strong>Onboarding virtualmente:<\/strong> avviare l&#8217;onboarding non appena viene firmata un&#8217;offerta<\/li>\n<li><strong>Semplifica le cose con le firme elettroniche:<\/strong> fai in modo che i tuoi candidati possano firmare e inviare documenti senza problemi da qualsiasi luogo<\/li>\n<li><strong>Organizza liste di controllo essenziali<\/strong>: collabora con il tuo IT, amministratore delle risorse umane o altri team utilizzando un elenco di controllo virtuale: crea, assegna e segui le attivit\u00e0 che fanno parte dell&#8217;onboarding<\/li>\n<li><strong>Acquisisci informazioni vitali sui dipendenti<\/strong>: crea e personalizza moduli per raccogliere informazioni sui dipendenti semplicemente trascinando e rilasciando i campi del modulo. Puoi scegliere di mostrare o nascondere i campi del modulo per team o uffici specifici<\/li>\n<li><strong>Abilita il self-service dei dipendenti<\/strong>: riduci gli errori nell&#8217;acquisizione delle informazioni sui dipendenti, consenti ai dipendenti di aggiornare e mantenere i propri profili. Puoi controllare chi pu\u00f2 vedere o modificare le informazioni sensibili come la compensazione.<\/li>\n<\/ul>\n<h4>LE RECENSIONE DEGLI UTENTI<\/h4>\n<p class=\"font-weight-bold mb-1 d-flex align-items-center\"><strong>Nick S.&#8221;Eccellente per il monitoraggio delle assunzioni e la pubblicazione di offerte di lavoro&#8221;<\/strong><\/p>\n<p><strong>Commenti: <\/strong>Freshteam ha risolto i problemi di carriera e reclutamento che abbiamo avuto. Pubblicare offerte di lavoro era un mal di testa e rintracciare i candidati ovunque era un compito titanico. Freshteam ha tagliato quel tempo e ora non vedo l&#8217;ora di esaminare i nostri candidati. Sono rimasto molto colpito e continuer\u00f2 sicuramente a usarlo per il prevedibile.<\/p>\n<p><strong>Pro: <\/strong>Da quando usiamo freshteam, ha ridotto di almeno 3 volte il tempo che impieghiamo a pubblicare lavori e a vagliare i candidati. Le funzionalit\u00e0 di offerta di lavoro sono semplici e facili da usare e il monitoraggio e lo spostamento dei candidati nel processo non potrebbe essere pi\u00f9 semplice.<\/p>\n<p><strong>Contro: <\/strong>Finora non ho trovato nulla che freshteam non abbia per il nostro processo di reclutamento, ma come per tutto sono sicuro che continueranno a migliorare e impressionare.<\/p>\n<p class=\"font-weight-bold mb-1 d-flex align-items-center\"><strong>Steffi M.&#8221;Soluzione efficiente per l&#8217;onboarding&#8221;<\/strong><\/p>\n<p><strong>Commenti: <\/strong>Freshteam mi ha fatto risparmiare tempo nell&#8217;onboarding in modo eccezionale. Lo uso per l&#8217;onboarding end-to-end. Mi aiuta a rimanere organizzato ed essere in linea con i lead nelle assunzioni.<\/p>\n<p><strong>Pro: <\/strong>L&#8217;interfaccia utente \u00e8 abbastanza facile da usare.\u00a0L&#8217;integrazione con gli strumenti esistenti potrebbe essere eseguita con facilit\u00e0 e in modo abbastanza efficiente. Programmazione e assunzione semplificate<\/p>\n<p><strong>Contro: <\/strong>La navigazione potrebbe essere difficile a volte.<\/p>\n<p class=\"font-weight-bold mb-1 d-flex align-items-center\"><strong>Callum T.&#8221;Altamente raccomandato&#8221;<\/strong><\/p>\n<p><strong>Commenti: <\/strong>Nel complesso, il nuovo team rende pi\u00f9 facile per il personale mantenere aggiornati le informazioni in quanto possono aggiornare liberamente i propri profili e riduce enormemente il carico di lavoro e i ritardi per le risorse umane rendendo le informazioni chiare e di facile accesso. Inoltre, non ho visto molte funzioni di accessibilit\u00e0 un&#8217;opzione per testo grande e sfondo scuro potrebbe essere davvero utile<\/p>\n<p><strong>Pro: <\/strong>Le funzioni per il tempo libero e il profilo dei dipendenti consentono un accesso rapido e semplice a informazioni vitali riducendo il tempo dedicato alla ricerca nel database da parte del personale delle risorse umane. Il tracker di reclutamento \u00e8 chiaro e conciso e consente di effettuare un processo di selezione pi\u00f9 rapido poich\u00e9 tutte le informazioni sono in un unico posto.<\/p>\n<p><strong>Contro: <\/strong>Le caratteristiche dei documenti come l&#8217;ID del diritto al lavoro sono dietro un paywall che pu\u00f2 essere costoso per una start up. Nel complesso il prezzo \u00e8 alto per le piccole start up come noi.<\/p>\n","protected":false},"excerpt":{"rendered":"<p>Freshteam \u00e8 il software HR perfetto per il business in crescita che ti aiuta a reclutare, assumere, eliminare i dipendenti in uscita, gestire le informazioni sui dipendenti e le ferie, tutto in un unico posto. Con questo programma puoi\u00a0attirare i migliori talenti attraverso vari canali: un sito web da creare rapidamente, l&#8217;integrazione con pi\u00f9 bacheche di lavoro gratuite e premium e canali di social media.<\/p>\n","protected":false},"author":16,"featured_media":53457,"parent":47455,"menu_order":0,"comment_status":"open","ping_status":"closed","template":"g1_template_page_review_new.php","meta":{"_acf_changed":false,"cwp_meta_box_check":"Yes","cwp_rev_product_name":"","cwp_rev_product_image":"","wppr_links":[],"cwp_rev_price":"","wppr_options":[],"wppr_pros":[],"wppr_cons":[],"_monsterinsights_skip_tracking":false,"_monsterinsights_sitenote_active":false,"_monsterinsights_sitenote_note":"","_monsterinsights_sitenote_category":0,"footnotes":""},"categories":[11077],"tags":[11147,11107,11110,11093,11092,11091,11090],"features":[],"class_list":{"0":"post-47680","1":"page","2":"type-page","3":"status-publish","4":"has-post-thumbnail","6":"category-piattaforme-marketing-recruiting-cat","7":"tag-freshteam","8":"tag-gestione-reclutamento","9":"tag-piattaforma-marketing-recruiting","10":"tag-programma-marketing-recruiting","11":"tag-reclutamento","12":"tag-software-marketing-recruiting","13":"tag-soluzione-marketing-recruiting"},"wppr_data":{"cwp_meta_box_check":"Yes","cwp_rev_product_name":"","cwp_rev_product_image":"","cwp_image_link":"image","cwp_rev_price":"","wppr_rating":"0.00"},"acf":[],"yoast_head":"<!-- This site is optimized with the Yoast SEO plugin v27.4 - https:\/\/yoast.com\/product\/yoast-seo-wordpress\/ -->\n<title>Freshteam: recensione software marketing recruiting - Accurate Reviews<\/title>\n<meta name=\"description\" content=\"Freshteam: recensione software HR perfetto per il business in crescita che ti aiuta a reclutare, assumere e rimuovere i dipendenti in uscita.\" \/>\n<meta name=\"robots\" content=\"index, follow, max-snippet:-1, max-image-preview:large, max-video-preview:-1\" \/>\n<link rel=\"canonical\" href=\"https:\/\/www.accuratereviews.com\/it\/piattaforme-marketing-recruiting\/freshteam-recensione\/\" \/>\n<meta property=\"og:locale\" content=\"it_IT\" \/>\n<meta property=\"og:type\" content=\"article\" \/>\n<meta property=\"og:title\" content=\"Freshteam: recensione software marketing recruiting - Accurate Reviews\" \/>\n<meta property=\"og:description\" content=\"Freshteam: recensione software HR perfetto per il business in crescita che ti aiuta a reclutare, assumere e rimuovere i dipendenti in uscita.\" \/>\n<meta property=\"og:url\" content=\"https:\/\/www.accuratereviews.com\/it\/piattaforme-marketing-recruiting\/freshteam-recensione\/\" \/>\n<meta property=\"og:site_name\" content=\"Accurate Reviews\" \/>\n<meta property=\"article:modified_time\" content=\"2022-02-08T10:16:16+00:00\" \/>\n<meta property=\"og:image\" content=\"https:\/\/www.accuratereviews.com\/wp-content\/uploads\/2022\/02\/Freshteam-new-logo-assets-01.png\" \/>\n\t<meta property=\"og:image:width\" content=\"984\" \/>\n\t<meta property=\"og:image:height\" content=\"217\" \/>\n\t<meta property=\"og:image:type\" content=\"image\/png\" \/>\n<meta name=\"twitter:card\" content=\"summary_large_image\" \/>\n<meta name=\"twitter:label1\" content=\"Tempo di lettura stimato\" \/>\n\t<meta name=\"twitter:data1\" content=\"5 minuti\" \/>\n<script type=\"application\/ld+json\" class=\"yoast-schema-graph\">{\"@context\":\"https:\\\/\\\/schema.org\",\"@graph\":[{\"@type\":\"WebPage\",\"@id\":\"https:\\\/\\\/www.accuratereviews.com\\\/it\\\/piattaforme-marketing-recruiting\\\/freshteam-recensione\\\/\",\"url\":\"https:\\\/\\\/www.accuratereviews.com\\\/it\\\/piattaforme-marketing-recruiting\\\/freshteam-recensione\\\/\",\"name\":\"Freshteam: recensione software marketing recruiting - Accurate Reviews\",\"isPartOf\":{\"@id\":\"https:\\\/\\\/www.accuratereviews.com\\\/it\\\/#website\"},\"primaryImageOfPage\":{\"@id\":\"https:\\\/\\\/www.accuratereviews.com\\\/it\\\/piattaforme-marketing-recruiting\\\/freshteam-recensione\\\/#primaryimage\"},\"image\":{\"@id\":\"https:\\\/\\\/www.accuratereviews.com\\\/it\\\/piattaforme-marketing-recruiting\\\/freshteam-recensione\\\/#primaryimage\"},\"thumbnailUrl\":\"https:\\\/\\\/www.accuratereviews.com\\\/wp-content\\\/uploads\\\/2022\\\/02\\\/Freshteam-new-logo-assets-01.png\",\"datePublished\":\"2021-09-13T10:50:37+00:00\",\"dateModified\":\"2022-02-08T10:16:16+00:00\",\"description\":\"Freshteam: recensione software HR perfetto per il business in crescita che ti aiuta a reclutare, assumere e rimuovere i dipendenti in uscita.\",\"breadcrumb\":{\"@id\":\"https:\\\/\\\/www.accuratereviews.com\\\/it\\\/piattaforme-marketing-recruiting\\\/freshteam-recensione\\\/#breadcrumb\"},\"inLanguage\":\"it-IT\",\"potentialAction\":[{\"@type\":\"ReadAction\",\"target\":[\"https:\\\/\\\/www.accuratereviews.com\\\/it\\\/piattaforme-marketing-recruiting\\\/freshteam-recensione\\\/\"]}]},{\"@type\":\"ImageObject\",\"inLanguage\":\"it-IT\",\"@id\":\"https:\\\/\\\/www.accuratereviews.com\\\/it\\\/piattaforme-marketing-recruiting\\\/freshteam-recensione\\\/#primaryimage\",\"url\":\"https:\\\/\\\/www.accuratereviews.com\\\/wp-content\\\/uploads\\\/2022\\\/02\\\/Freshteam-new-logo-assets-01.png\",\"contentUrl\":\"https:\\\/\\\/www.accuratereviews.com\\\/wp-content\\\/uploads\\\/2022\\\/02\\\/Freshteam-new-logo-assets-01.png\",\"width\":984,\"height\":217},{\"@type\":\"BreadcrumbList\",\"@id\":\"https:\\\/\\\/www.accuratereviews.com\\\/it\\\/piattaforme-marketing-recruiting\\\/freshteam-recensione\\\/#breadcrumb\",\"itemListElement\":[{\"@type\":\"ListItem\",\"position\":1,\"name\":\"Home\",\"item\":\"https:\\\/\\\/www.accuratereviews.com\\\/it\\\/\"},{\"@type\":\"ListItem\",\"position\":2,\"name\":\"Piattaforme di marketing per il recruiting\",\"item\":\"https:\\\/\\\/www.accuratereviews.com\\\/it\\\/piattaforme-marketing-recruiting\\\/\"},{\"@type\":\"ListItem\",\"position\":3,\"name\":\"Freshteam\"}]},{\"@type\":\"WebSite\",\"@id\":\"https:\\\/\\\/www.accuratereviews.com\\\/it\\\/#website\",\"url\":\"https:\\\/\\\/www.accuratereviews.com\\\/it\\\/\",\"name\":\"Accurate Reviews\",\"description\":\"\",\"potentialAction\":[{\"@type\":\"SearchAction\",\"target\":{\"@type\":\"EntryPoint\",\"urlTemplate\":\"https:\\\/\\\/www.accuratereviews.com\\\/it\\\/?s={search_term_string}\"},\"query-input\":{\"@type\":\"PropertyValueSpecification\",\"valueRequired\":true,\"valueName\":\"search_term_string\"}}],\"inLanguage\":\"it-IT\"}]}<\/script>\n<!-- \/ Yoast SEO plugin. -->","yoast_head_json":{"title":"Freshteam: recensione software marketing recruiting - Accurate Reviews","description":"Freshteam: recensione software HR perfetto per il business in crescita che ti aiuta a reclutare, assumere e rimuovere i dipendenti in uscita.","robots":{"index":"index","follow":"follow","max-snippet":"max-snippet:-1","max-image-preview":"max-image-preview:large","max-video-preview":"max-video-preview:-1"},"canonical":"https:\/\/www.accuratereviews.com\/it\/piattaforme-marketing-recruiting\/freshteam-recensione\/","og_locale":"it_IT","og_type":"article","og_title":"Freshteam: recensione software marketing recruiting - Accurate Reviews","og_description":"Freshteam: recensione software HR perfetto per il business in crescita che ti aiuta a reclutare, assumere e rimuovere i dipendenti in uscita.","og_url":"https:\/\/www.accuratereviews.com\/it\/piattaforme-marketing-recruiting\/freshteam-recensione\/","og_site_name":"Accurate Reviews","article_modified_time":"2022-02-08T10:16:16+00:00","og_image":[{"width":984,"height":217,"url":"https:\/\/www.accuratereviews.com\/wp-content\/uploads\/2022\/02\/Freshteam-new-logo-assets-01.png","type":"image\/png"}],"twitter_card":"summary_large_image","twitter_misc":{"Tempo di lettura stimato":"5 minuti"},"schema":{"@context":"https:\/\/schema.org","@graph":[{"@type":"WebPage","@id":"https:\/\/www.accuratereviews.com\/it\/piattaforme-marketing-recruiting\/freshteam-recensione\/","url":"https:\/\/www.accuratereviews.com\/it\/piattaforme-marketing-recruiting\/freshteam-recensione\/","name":"Freshteam: recensione software marketing recruiting - Accurate Reviews","isPartOf":{"@id":"https:\/\/www.accuratereviews.com\/it\/#website"},"primaryImageOfPage":{"@id":"https:\/\/www.accuratereviews.com\/it\/piattaforme-marketing-recruiting\/freshteam-recensione\/#primaryimage"},"image":{"@id":"https:\/\/www.accuratereviews.com\/it\/piattaforme-marketing-recruiting\/freshteam-recensione\/#primaryimage"},"thumbnailUrl":"https:\/\/www.accuratereviews.com\/wp-content\/uploads\/2022\/02\/Freshteam-new-logo-assets-01.png","datePublished":"2021-09-13T10:50:37+00:00","dateModified":"2022-02-08T10:16:16+00:00","description":"Freshteam: recensione software HR perfetto per il business in crescita che ti aiuta a reclutare, assumere e rimuovere i dipendenti in uscita.","breadcrumb":{"@id":"https:\/\/www.accuratereviews.com\/it\/piattaforme-marketing-recruiting\/freshteam-recensione\/#breadcrumb"},"inLanguage":"it-IT","potentialAction":[{"@type":"ReadAction","target":["https:\/\/www.accuratereviews.com\/it\/piattaforme-marketing-recruiting\/freshteam-recensione\/"]}]},{"@type":"ImageObject","inLanguage":"it-IT","@id":"https:\/\/www.accuratereviews.com\/it\/piattaforme-marketing-recruiting\/freshteam-recensione\/#primaryimage","url":"https:\/\/www.accuratereviews.com\/wp-content\/uploads\/2022\/02\/Freshteam-new-logo-assets-01.png","contentUrl":"https:\/\/www.accuratereviews.com\/wp-content\/uploads\/2022\/02\/Freshteam-new-logo-assets-01.png","width":984,"height":217},{"@type":"BreadcrumbList","@id":"https:\/\/www.accuratereviews.com\/it\/piattaforme-marketing-recruiting\/freshteam-recensione\/#breadcrumb","itemListElement":[{"@type":"ListItem","position":1,"name":"Home","item":"https:\/\/www.accuratereviews.com\/it\/"},{"@type":"ListItem","position":2,"name":"Piattaforme di marketing per il recruiting","item":"https:\/\/www.accuratereviews.com\/it\/piattaforme-marketing-recruiting\/"},{"@type":"ListItem","position":3,"name":"Freshteam"}]},{"@type":"WebSite","@id":"https:\/\/www.accuratereviews.com\/it\/#website","url":"https:\/\/www.accuratereviews.com\/it\/","name":"Accurate Reviews","description":"","potentialAction":[{"@type":"SearchAction","target":{"@type":"EntryPoint","urlTemplate":"https:\/\/www.accuratereviews.com\/it\/?s={search_term_string}"},"query-input":{"@type":"PropertyValueSpecification","valueRequired":true,"valueName":"search_term_string"}}],"inLanguage":"it-IT"}]}},"_links":{"self":[{"href":"https:\/\/www.accuratereviews.com\/it\/wp-json\/wp\/v2\/pages\/47680","targetHints":{"allow":["GET"]}}],"collection":[{"href":"https:\/\/www.accuratereviews.com\/it\/wp-json\/wp\/v2\/pages"}],"about":[{"href":"https:\/\/www.accuratereviews.com\/it\/wp-json\/wp\/v2\/types\/page"}],"author":[{"embeddable":true,"href":"https:\/\/www.accuratereviews.com\/it\/wp-json\/wp\/v2\/users\/16"}],"replies":[{"embeddable":true,"href":"https:\/\/www.accuratereviews.com\/it\/wp-json\/wp\/v2\/comments?post=47680"}],"version-history":[{"count":14,"href":"https:\/\/www.accuratereviews.com\/it\/wp-json\/wp\/v2\/pages\/47680\/revisions"}],"predecessor-version":[{"id":53472,"href":"https:\/\/www.accuratereviews.com\/it\/wp-json\/wp\/v2\/pages\/47680\/revisions\/53472"}],"up":[{"embeddable":true,"href":"https:\/\/www.accuratereviews.com\/it\/wp-json\/wp\/v2\/pages\/47455"}],"wp:featuredmedia":[{"embeddable":true,"href":"https:\/\/www.accuratereviews.com\/it\/wp-json\/wp\/v2\/media\/53457"}],"wp:attachment":[{"href":"https:\/\/www.accuratereviews.com\/it\/wp-json\/wp\/v2\/media?parent=47680"}],"wp:term":[{"taxonomy":"category","embeddable":true,"href":"https:\/\/www.accuratereviews.com\/it\/wp-json\/wp\/v2\/categories?post=47680"},{"taxonomy":"post_tag","embeddable":true,"href":"https:\/\/www.accuratereviews.com\/it\/wp-json\/wp\/v2\/tags?post=47680"},{"taxonomy":"features","embeddable":true,"href":"https:\/\/www.accuratereviews.com\/it\/wp-json\/wp\/v2\/features?post=47680"}],"curies":[{"name":"wp","href":"https:\/\/api.w.org\/{rel}","templated":true}]}}