{"id":47687,"date":"2021-09-13T11:32:25","date_gmt":"2021-09-13T11:32:25","guid":{"rendered":"https:\/\/www.accuratereviews.com\/?page_id=47687"},"modified":"2021-09-13T11:32:25","modified_gmt":"2021-09-13T11:32:25","slug":"the-applicant-manager-recensione","status":"publish","type":"page","link":"https:\/\/www.accuratereviews.com\/it\/piattaforme-marketing-recruiting\/the-applicant-manager-recensione\/","title":{"rendered":"The Applicant Manager"},"content":{"rendered":"<p><strong>The Applicant Manager (TAM)<\/strong> \u00e8 una <strong>soluzione di monitoraggio<\/strong> dei candidati basata su <strong>cloud<\/strong> che aiuta le agenzie di reclutamento e i team a semplificare il processo di assunzione e inserimento. La soluzione consente agli utenti di tenere traccia delle offerte di lavoro e di coinvolgere attivamente candidati di qualit\u00e0. Fornisce strumenti che consentono ai reclutatori di rivedere, selezionare e condividere le informazioni sui candidati all&#8217;interno dei team. TAM consente di pubblicare i dettagli del lavoro su pi\u00f9 bacheche gratuite o a pagamento come Indeed, GlassDoor, Monster e altro. Le agenzie hanno anche la possibilit\u00e0 di collegare i loro canali di social media come Facebook e LinkedIn per pubblicare aggiornamenti. I reclutatori possono configurare regole per lo screening e il pre-screening delle domande per rimuovere automaticamente i candidati non qualificati o le voci duplicate.<\/p>\n<h2>THE APPLICANT MANAGER &#8211; TUTORIAL<\/h2>\n<p>Guardiamo questo breve video su questo <strong>software di marketing per recruiting<\/strong>:<\/p>\n<div id=\"fluid-wrapper-counter-1\" class=\"g1-fluid-wrapper \" style=\"width:686px;\">\n<div style=\"padding-bottom:56.268221574344%;\"><iframe loading=\"lazy\" title=\"The Applicant Manager\" width=\"686\" height=\"386\" src=\"https:\/\/www.youtube.com\/embed\/xAKswt96d_8?feature=oembed&amp;wmode=transparent&amp;autohide=1&amp;autoplay=0&amp;disablekb=0&amp;fs=1&amp;loop=0&amp;enablejsapi=1&amp;rel=0&amp;controls=2&amp;showinfo=0&amp;wmode=transparent&amp;autohide=2&amp;autoplay=0&amp;disablekb=0&amp;fs=1&amp;loop=0&amp;enablejsapi=1&amp;rel=0&amp;controls=2&amp;showinfo=1\" frameborder=\"0\" allow=\"accelerometer; autoplay; clipboard-write; encrypted-media; gyroscope; picture-in-picture\" allowfullscreen><\/iframe><\/div>\n<\/div>\n<h3>THE APPLICANT MANAGER &#8211; CARATTERISTICHE<\/h3>\n<ul>\n<li>Confronti intuitivi dei candidati con trascinamento della selezione, valutazioni e visualizzazioni configurabili dei candidati<\/li>\n<li>Domande di preselezione personalizzate e allegati illimitati per qualificare i possibili dipendenti<\/li>\n<li>Colloqui video in qualsiasi momento del processo<\/li>\n<li>Usa gli strumenti di prossimit\u00e0 (Google Maps) per ordinare per distanza<\/li>\n<li>Dashboard familiari riducono al minimo la necessit\u00e0 di formazione<\/li>\n<li>Elimina automaticamente i candidati contrassegnati con la bandiera rossa<\/li>\n<li>Modelli di email personalizzati illimitati<\/li>\n<li>Valuta, classifica o fornisci feedback<\/li>\n<li>Semplice profilo candidato all-in-one<\/li>\n<li>Guide personalizzate per i colloqui per le valutazioni relative al lavoro<\/li>\n<li>Aggiornamenti in tempo reale di email, note e cronologia delle disposizioni<\/li>\n<li>Cattura i commenti dell&#8217;intervista tramite note, email, allegati o moduli web<\/li>\n<li>Facile sistema di valutazione a 5 stelle o moduli personalizzati per raccogliere feedback diretti e confrontare rapidamente le risposte di intervistatori, manager, comitati di ricerca o reclutatori<\/li>\n<li>Molteplici opzioni per condividere curriculum e sollecitare feedback<\/li>\n<li>Flussi di lavoro e ricerche personalizzate<\/li>\n<li>Ricerca rapida per trovare chiunque per nome, email o numero di telefono<\/li>\n<li>Sincronizzazione del calendario con Exchange, Outlook, Office 365, iCloud e Google Calendar<\/li>\n<li>Ricerche avanzate per trovare candidati qualificati per parole chiave, valutazioni, tag, competenze, distanza, campi personalizzati, domande di preselezione e altro.<\/li>\n<li>Integrazioni efficienti di posta elettronica e calendario<\/li>\n<li>Allegati di documenti illimitati con caricamenti automatici<\/li>\n<\/ul>\n<h4>LE RECENSIONI DEGLI UTENTI<\/h4>\n<p class=\"font-weight-bold mb-1 d-flex align-items-center\"><strong>Etha S.&#8221;Ottimo strumento per le risorse umane&#8221;<\/strong><\/p>\n<p><strong>Commenti: <\/strong>Come quello per caricare il lavoro e inviarlo, \u00e8 molto facile e veloce pubblicare un lavoro. Mi piace il monitoraggio e anche la possibilit\u00e0 di cercare \u00e8 facile. Il problema \u00e8 convincere i manager a utilizzare lo strumento.<\/p>\n<p><strong>Pro: <\/strong>Questo software semplifica il monitoraggio dei candidati e, se i manager ti daranno delle note da seguire, render\u00e0 il lavoro facile e veloce. La chiave qui \u00e8 che i manager devono usare la schermata delle note e sarebbe bene se potessero cambiare lo stato sui candidati per quanto non si adattano alle qualifiche.<\/p>\n<p><strong>Contro: <\/strong>\u00c8 necessario che gli utenti siano coinvolti nello stato dei dipendenti. In modo che l&#8217;utente possa aggiornare tali informazioni e possiamo inviare un avviso pi\u00f9 velocemente a coloro che non sono qualificati come gli altri e non saranno intervistati.<\/p>\n<p class=\"font-weight-bold mb-1 d-flex align-items-center\"><strong>Tonda C.&#8221;Ottimo software per le risorse umane per le piccole aziende&#8221;<\/strong><\/p>\n<p><strong>Commenti: <\/strong>Il servizio clienti \u00e8 molto rapido e il software \u00e8 molto facile da usare.<\/p>\n<p><strong>Pro: <\/strong>La piattaforma \u00e8 molto facile da usare con una facile configurazione.<\/p>\n<p><strong>Contro: <\/strong>Event Triggers \u00e8 un po&#8217; complicato da capire.<\/p>\n<p class=\"font-weight-bold mb-1 d-flex align-items-center\"><strong>Sarah T.&#8221;Recensione&#8221;<\/strong><\/p>\n<p><strong>Commenti: <\/strong>Abbastanza soddisfatto, l&#8217;assistenza clienti \u00e8 stata davvero utile.<\/p>\n<p><strong>Pro: <\/strong>\u00c8 davvero facile da usare e piuttosto semplice da navigare<\/p>\n<p><strong>Contro: <\/strong>Vorrei che potessimo avere un maggiore controllo sui documenti inviati tramite TAM per l&#8217;onboarding e avere la possibilit\u00e0 di personalizzare maggiormente alcuni dei documenti, come la lettera di offerta. Vorrei anche che potesse connettersi al nostro sistema Payroll per aggiungerli automaticamente al nostro sistema HRIS.<\/p>\n","protected":false},"excerpt":{"rendered":"<p>The Applicant Manager (TAM) \u00e8 una soluzione di monitoraggio dei candidati basata su cloud che aiuta le agenzie di reclutamento e i team a semplificare il processo di assunzione e inserimento. La soluzione consente agli utenti di tenere traccia delle offerte di lavoro e di coinvolgere attivamente candidati di qualit\u00e0.<\/p>\n","protected":false},"author":16,"featured_media":47689,"parent":47455,"menu_order":0,"comment_status":"open","ping_status":"closed","template":"g1_template_page_review_new.php","meta":{"_acf_changed":false,"cwp_meta_box_check":"Yes","cwp_rev_product_name":"","cwp_rev_product_image":"","wppr_links":[],"cwp_rev_price":"","wppr_options":[],"wppr_pros":[],"wppr_cons":[],"_monsterinsights_skip_tracking":false,"_monsterinsights_sitenote_active":false,"_monsterinsights_sitenote_note":"","_monsterinsights_sitenote_category":0,"footnotes":""},"categories":[11077],"tags":[396,11110,11093,11091,11090,11146],"features":[],"class_list":{"0":"post-47687","1":"page","2":"type-page","3":"status-publish","4":"has-post-thumbnail","6":"category-piattaforme-marketing-recruiting-cat","7":"tag-cloud","8":"tag-piattaforma-marketing-recruiting","9":"tag-programma-marketing-recruiting","10":"tag-software-marketing-recruiting","11":"tag-soluzione-marketing-recruiting","12":"tag-the-applicant-manager-tam"},"wppr_data":{"cwp_meta_box_check":"Yes","cwp_rev_product_name":"","cwp_rev_product_image":"","cwp_image_link":"image","cwp_rev_price":"","wppr_rating":"0.00"},"acf":[],"yoast_head":"<!-- This site is optimized with the Yoast SEO plugin v27.4 - https:\/\/yoast.com\/product\/yoast-seo-wordpress\/ -->\n<title>The Applicant Manager (TAM): recensione software marketing recruiting<\/title>\n<meta name=\"description\" content=\"The Applicant Manager (TAM): recensione soluzione di monitoraggio dei candidati basata su cloud che aiuta le agenzie di reclutamento.\" \/>\n<meta name=\"robots\" content=\"index, follow, max-snippet:-1, max-image-preview:large, max-video-preview:-1\" \/>\n<link rel=\"canonical\" href=\"https:\/\/www.accuratereviews.com\/it\/piattaforme-marketing-recruiting\/the-applicant-manager-recensione\/\" \/>\n<meta property=\"og:locale\" content=\"it_IT\" \/>\n<meta property=\"og:type\" content=\"article\" \/>\n<meta property=\"og:title\" content=\"The Applicant Manager (TAM): recensione software marketing recruiting\" \/>\n<meta property=\"og:description\" content=\"The Applicant Manager (TAM): recensione soluzione di monitoraggio dei candidati basata su cloud che aiuta le agenzie di reclutamento.\" \/>\n<meta property=\"og:url\" content=\"https:\/\/www.accuratereviews.com\/it\/piattaforme-marketing-recruiting\/the-applicant-manager-recensione\/\" \/>\n<meta property=\"og:site_name\" content=\"Accurate Reviews\" \/>\n<meta property=\"og:image\" content=\"https:\/\/www.accuratereviews.com\/wp-content\/uploads\/2021\/09\/The-Applicant-Manager.png\" \/>\n\t<meta property=\"og:image:width\" content=\"225\" \/>\n\t<meta property=\"og:image:height\" content=\"225\" \/>\n\t<meta property=\"og:image:type\" content=\"image\/png\" \/>\n<meta name=\"twitter:card\" content=\"summary_large_image\" \/>\n<meta name=\"twitter:label1\" content=\"Tempo di lettura stimato\" \/>\n\t<meta name=\"twitter:data1\" content=\"3 minuti\" \/>\n<script type=\"application\/ld+json\" class=\"yoast-schema-graph\">{\"@context\":\"https:\\\/\\\/schema.org\",\"@graph\":[{\"@type\":\"WebPage\",\"@id\":\"https:\\\/\\\/www.accuratereviews.com\\\/it\\\/piattaforme-marketing-recruiting\\\/the-applicant-manager-recensione\\\/\",\"url\":\"https:\\\/\\\/www.accuratereviews.com\\\/it\\\/piattaforme-marketing-recruiting\\\/the-applicant-manager-recensione\\\/\",\"name\":\"The Applicant Manager (TAM): recensione software marketing recruiting\",\"isPartOf\":{\"@id\":\"https:\\\/\\\/www.accuratereviews.com\\\/it\\\/#website\"},\"primaryImageOfPage\":{\"@id\":\"https:\\\/\\\/www.accuratereviews.com\\\/it\\\/piattaforme-marketing-recruiting\\\/the-applicant-manager-recensione\\\/#primaryimage\"},\"image\":{\"@id\":\"https:\\\/\\\/www.accuratereviews.com\\\/it\\\/piattaforme-marketing-recruiting\\\/the-applicant-manager-recensione\\\/#primaryimage\"},\"thumbnailUrl\":\"https:\\\/\\\/www.accuratereviews.com\\\/wp-content\\\/uploads\\\/2021\\\/09\\\/The-Applicant-Manager.png\",\"datePublished\":\"2021-09-13T11:32:25+00:00\",\"description\":\"The Applicant Manager (TAM): recensione soluzione di monitoraggio dei candidati basata su cloud che aiuta le agenzie di reclutamento.\",\"breadcrumb\":{\"@id\":\"https:\\\/\\\/www.accuratereviews.com\\\/it\\\/piattaforme-marketing-recruiting\\\/the-applicant-manager-recensione\\\/#breadcrumb\"},\"inLanguage\":\"it-IT\",\"potentialAction\":[{\"@type\":\"ReadAction\",\"target\":[\"https:\\\/\\\/www.accuratereviews.com\\\/it\\\/piattaforme-marketing-recruiting\\\/the-applicant-manager-recensione\\\/\"]}]},{\"@type\":\"ImageObject\",\"inLanguage\":\"it-IT\",\"@id\":\"https:\\\/\\\/www.accuratereviews.com\\\/it\\\/piattaforme-marketing-recruiting\\\/the-applicant-manager-recensione\\\/#primaryimage\",\"url\":\"https:\\\/\\\/www.accuratereviews.com\\\/wp-content\\\/uploads\\\/2021\\\/09\\\/The-Applicant-Manager.png\",\"contentUrl\":\"https:\\\/\\\/www.accuratereviews.com\\\/wp-content\\\/uploads\\\/2021\\\/09\\\/The-Applicant-Manager.png\",\"width\":225,\"height\":225},{\"@type\":\"BreadcrumbList\",\"@id\":\"https:\\\/\\\/www.accuratereviews.com\\\/it\\\/piattaforme-marketing-recruiting\\\/the-applicant-manager-recensione\\\/#breadcrumb\",\"itemListElement\":[{\"@type\":\"ListItem\",\"position\":1,\"name\":\"Home\",\"item\":\"https:\\\/\\\/www.accuratereviews.com\\\/it\\\/\"},{\"@type\":\"ListItem\",\"position\":2,\"name\":\"Piattaforme di marketing per il recruiting\",\"item\":\"https:\\\/\\\/www.accuratereviews.com\\\/it\\\/piattaforme-marketing-recruiting\\\/\"},{\"@type\":\"ListItem\",\"position\":3,\"name\":\"The Applicant Manager\"}]},{\"@type\":\"WebSite\",\"@id\":\"https:\\\/\\\/www.accuratereviews.com\\\/it\\\/#website\",\"url\":\"https:\\\/\\\/www.accuratereviews.com\\\/it\\\/\",\"name\":\"Accurate Reviews\",\"description\":\"\",\"potentialAction\":[{\"@type\":\"SearchAction\",\"target\":{\"@type\":\"EntryPoint\",\"urlTemplate\":\"https:\\\/\\\/www.accuratereviews.com\\\/it\\\/?s={search_term_string}\"},\"query-input\":{\"@type\":\"PropertyValueSpecification\",\"valueRequired\":true,\"valueName\":\"search_term_string\"}}],\"inLanguage\":\"it-IT\"}]}<\/script>\n<!-- \/ Yoast SEO plugin. -->","yoast_head_json":{"title":"The Applicant Manager (TAM): recensione software marketing recruiting","description":"The Applicant Manager (TAM): recensione soluzione di monitoraggio dei candidati basata su cloud che aiuta le agenzie di reclutamento.","robots":{"index":"index","follow":"follow","max-snippet":"max-snippet:-1","max-image-preview":"max-image-preview:large","max-video-preview":"max-video-preview:-1"},"canonical":"https:\/\/www.accuratereviews.com\/it\/piattaforme-marketing-recruiting\/the-applicant-manager-recensione\/","og_locale":"it_IT","og_type":"article","og_title":"The Applicant Manager (TAM): recensione software marketing recruiting","og_description":"The Applicant Manager (TAM): recensione soluzione di monitoraggio dei candidati basata su cloud che aiuta le agenzie di reclutamento.","og_url":"https:\/\/www.accuratereviews.com\/it\/piattaforme-marketing-recruiting\/the-applicant-manager-recensione\/","og_site_name":"Accurate Reviews","og_image":[{"width":225,"height":225,"url":"https:\/\/www.accuratereviews.com\/wp-content\/uploads\/2021\/09\/The-Applicant-Manager.png","type":"image\/png"}],"twitter_card":"summary_large_image","twitter_misc":{"Tempo di lettura stimato":"3 minuti"},"schema":{"@context":"https:\/\/schema.org","@graph":[{"@type":"WebPage","@id":"https:\/\/www.accuratereviews.com\/it\/piattaforme-marketing-recruiting\/the-applicant-manager-recensione\/","url":"https:\/\/www.accuratereviews.com\/it\/piattaforme-marketing-recruiting\/the-applicant-manager-recensione\/","name":"The Applicant Manager (TAM): recensione software marketing recruiting","isPartOf":{"@id":"https:\/\/www.accuratereviews.com\/it\/#website"},"primaryImageOfPage":{"@id":"https:\/\/www.accuratereviews.com\/it\/piattaforme-marketing-recruiting\/the-applicant-manager-recensione\/#primaryimage"},"image":{"@id":"https:\/\/www.accuratereviews.com\/it\/piattaforme-marketing-recruiting\/the-applicant-manager-recensione\/#primaryimage"},"thumbnailUrl":"https:\/\/www.accuratereviews.com\/wp-content\/uploads\/2021\/09\/The-Applicant-Manager.png","datePublished":"2021-09-13T11:32:25+00:00","description":"The Applicant Manager (TAM): recensione soluzione di monitoraggio dei candidati basata su cloud che aiuta le agenzie di reclutamento.","breadcrumb":{"@id":"https:\/\/www.accuratereviews.com\/it\/piattaforme-marketing-recruiting\/the-applicant-manager-recensione\/#breadcrumb"},"inLanguage":"it-IT","potentialAction":[{"@type":"ReadAction","target":["https:\/\/www.accuratereviews.com\/it\/piattaforme-marketing-recruiting\/the-applicant-manager-recensione\/"]}]},{"@type":"ImageObject","inLanguage":"it-IT","@id":"https:\/\/www.accuratereviews.com\/it\/piattaforme-marketing-recruiting\/the-applicant-manager-recensione\/#primaryimage","url":"https:\/\/www.accuratereviews.com\/wp-content\/uploads\/2021\/09\/The-Applicant-Manager.png","contentUrl":"https:\/\/www.accuratereviews.com\/wp-content\/uploads\/2021\/09\/The-Applicant-Manager.png","width":225,"height":225},{"@type":"BreadcrumbList","@id":"https:\/\/www.accuratereviews.com\/it\/piattaforme-marketing-recruiting\/the-applicant-manager-recensione\/#breadcrumb","itemListElement":[{"@type":"ListItem","position":1,"name":"Home","item":"https:\/\/www.accuratereviews.com\/it\/"},{"@type":"ListItem","position":2,"name":"Piattaforme di marketing per il recruiting","item":"https:\/\/www.accuratereviews.com\/it\/piattaforme-marketing-recruiting\/"},{"@type":"ListItem","position":3,"name":"The Applicant Manager"}]},{"@type":"WebSite","@id":"https:\/\/www.accuratereviews.com\/it\/#website","url":"https:\/\/www.accuratereviews.com\/it\/","name":"Accurate Reviews","description":"","potentialAction":[{"@type":"SearchAction","target":{"@type":"EntryPoint","urlTemplate":"https:\/\/www.accuratereviews.com\/it\/?s={search_term_string}"},"query-input":{"@type":"PropertyValueSpecification","valueRequired":true,"valueName":"search_term_string"}}],"inLanguage":"it-IT"}]}},"_links":{"self":[{"href":"https:\/\/www.accuratereviews.com\/it\/wp-json\/wp\/v2\/pages\/47687","targetHints":{"allow":["GET"]}}],"collection":[{"href":"https:\/\/www.accuratereviews.com\/it\/wp-json\/wp\/v2\/pages"}],"about":[{"href":"https:\/\/www.accuratereviews.com\/it\/wp-json\/wp\/v2\/types\/page"}],"author":[{"embeddable":true,"href":"https:\/\/www.accuratereviews.com\/it\/wp-json\/wp\/v2\/users\/16"}],"replies":[{"embeddable":true,"href":"https:\/\/www.accuratereviews.com\/it\/wp-json\/wp\/v2\/comments?post=47687"}],"version-history":[{"count":10,"href":"https:\/\/www.accuratereviews.com\/it\/wp-json\/wp\/v2\/pages\/47687\/revisions"}],"predecessor-version":[{"id":47721,"href":"https:\/\/www.accuratereviews.com\/it\/wp-json\/wp\/v2\/pages\/47687\/revisions\/47721"}],"up":[{"embeddable":true,"href":"https:\/\/www.accuratereviews.com\/it\/wp-json\/wp\/v2\/pages\/47455"}],"wp:featuredmedia":[{"embeddable":true,"href":"https:\/\/www.accuratereviews.com\/it\/wp-json\/wp\/v2\/media\/47689"}],"wp:attachment":[{"href":"https:\/\/www.accuratereviews.com\/it\/wp-json\/wp\/v2\/media?parent=47687"}],"wp:term":[{"taxonomy":"category","embeddable":true,"href":"https:\/\/www.accuratereviews.com\/it\/wp-json\/wp\/v2\/categories?post=47687"},{"taxonomy":"post_tag","embeddable":true,"href":"https:\/\/www.accuratereviews.com\/it\/wp-json\/wp\/v2\/tags?post=47687"},{"taxonomy":"features","embeddable":true,"href":"https:\/\/www.accuratereviews.com\/it\/wp-json\/wp\/v2\/features?post=47687"}],"curies":[{"name":"wp","href":"https:\/\/api.w.org\/{rel}","templated":true}]}}