{"id":47734,"date":"2021-09-14T14:51:04","date_gmt":"2021-09-14T14:51:04","guid":{"rendered":"https:\/\/www.accuratereviews.com\/?page_id=47734"},"modified":"2021-09-14T14:51:04","modified_gmt":"2021-09-14T14:51:04","slug":"jobadder-recensione","status":"publish","type":"page","link":"https:\/\/www.accuratereviews.com\/it\/piattaforme-marketing-recruiting\/jobadder-recensione\/","title":{"rendered":"JobAdder"},"content":{"rendered":"<p><strong>JobAdder<\/strong> potenzia l&#8217;efficienza del<strong> reclutamento<\/strong> per oltre 10.000 professionisti del settore assunzione ogni giorno. La piattaforma \u00e8 ricca di funzionalit\u00e0, flessibile e pu\u00f2 scalare con la tua attivit\u00e0 man mano che cresce.\u00a0Essendo una piattaforma basata su <strong>cloud<\/strong>\u00a0\u00e8 completamente accessibile da qualsiasi luogo tramite gli smartphone o tablet dotati di una connessione internet.\u00a0Le tecnologie di pubblicazione avanzate di <strong>JobAdder<\/strong> sono completamente integrate e quindi non c&#8217;\u00e8 bisogno di terze parti. Una volta creato un annuncio, gli utenti possono scegliere le bacheche di lavoro su cui pubblicarlo e con un solo clic l&#8217;annuncio di lavoro pu\u00f2 essere inviato a oltre 200 bacheche di lavoro e piattaforme pubblicitarie, inclusi i siti di social media. Tracciare e gestire le posizioni aperte \u00e8 semplice. Le domande vengono analizzate automaticamente e da l\u00ec i reclutatori possono rivedere le lettere di presentazione e i curricula online e far avanzare i candidati attraverso il flusso di lavoro.<\/p>\n<h2>JOBADDER &#8211; TUTORIAL<\/h2>\n<p>Guardiamo come sfruttare al meglio le funzioni di questo <strong>software di marketing per recruiting<\/strong>:<\/p>\n<div id=\"fluid-wrapper-counter-1\" class=\"g1-fluid-wrapper \" style=\"width:686px;\">\n<div style=\"padding-bottom:56.268221574344%;\"><iframe loading=\"lazy\" title=\"JobAdder Demo\" width=\"686\" height=\"386\" src=\"https:\/\/www.youtube.com\/embed\/2QFX_pseZGY?feature=oembed&amp;wmode=transparent&amp;autohide=1&amp;autoplay=0&amp;disablekb=0&amp;fs=1&amp;loop=0&amp;enablejsapi=1&amp;rel=0&amp;controls=2&amp;showinfo=0&amp;wmode=transparent&amp;autohide=2&amp;autoplay=0&amp;disablekb=0&amp;fs=1&amp;loop=0&amp;enablejsapi=1&amp;rel=0&amp;controls=2&amp;showinfo=1\" frameborder=\"0\" allow=\"accelerometer; autoplay; clipboard-write; encrypted-media; gyroscope; picture-in-picture\" allowfullscreen><\/iframe><\/div>\n<\/div>\n<h3>JOBADDER &#8211; CARATTERISTICHE<\/h3>\n<ul>\n<li><strong>Efficienze<\/strong>: progetta flussi di lavoro, crea lavori, modelli di email e risposte automatiche in base alla tua strategia di assunzione<\/li>\n<li><strong>Pannello di controllo<\/strong>: personalizza per dare la priorit\u00e0 a ci\u00f2 che \u00e8 importante. Misura le prestazioni e prendi decisioni basate sui dati che supportano i tuoi obiettivi<\/li>\n<li><strong>ROI<\/strong>: determina quali schede di lavoro hanno il ROI pi\u00f9 elevato e destina il budget in modo efficiente<\/li>\n<li><strong>Attirare:<\/strong> pubblica facilmente su pi\u00f9 di 200 bacheche di lavoro e siti social. Crea pagine di carriera personalizzate<\/li>\n<li><strong>Traccia<\/strong>: visualizza lo stato del lavoro, rivedi i curricula, conduci colloqui, aggiorna i candidati e i responsabili delle assunzioni<\/li>\n<li><strong>Integrare<\/strong>: connetti con gli strumenti che gi\u00e0 utilizzi come parte del tuo processo di reclutamento e gestione dei talenti<\/li>\n<li><strong>Sms:<\/strong> aumenta i tassi di risposta con gli sms. Invia a uno o pi\u00f9 persone, da mobile o desktop.<\/li>\n<li><strong>Email<\/strong>: lavora dalla tua casella di posta utilizzando Gmail o Outlook. Sincronizza l&#8217;attivit\u00e0 email direttamente sulla soluzione<\/li>\n<li><strong>Ricerca<\/strong>: tecnologia di ricerca avanzata per far emergere i migliori candidati e massimizzare il database esistente<\/li>\n<li><strong>Rapporti:<\/strong> tieni traccia delle metriche chiave, guida i risultati e acquisisci e prendi decisioni basate sui dati.<\/li>\n<\/ul>\n<h4>LE RECENSIONI DEGLI UTENTI<\/h4>\n<p class=\"font-weight-bold mb-1 d-flex align-items-center\"><strong>Ruben G.&#8221;Ottimo ATS&#8221;<\/strong><\/p>\n<p><strong>Commenti: <\/strong>Esperienza eccellente<\/p>\n<p><strong>Pro: <\/strong>Facile da navigare.\u00a0Grande capacit\u00e0 di integrazione con l&#8217;ecosistema software pertinente.\u00a0L&#8217;app mobile \u00e8 fantastica<\/p>\n<p><strong>Contro: <\/strong>Niente di cui lamentarsi. Questo \u00e8 stato fantastico finora.<\/p>\n<p class=\"font-weight-bold mb-1 d-flex align-items-center\"><strong>Tiffany A.&#8221;Buon budget ATS&#8221;<\/strong><\/p>\n<p><strong>Commenti: <\/strong>Ottimo per un&#8217;agenzia pi\u00f9 piccola\/un reclutatore indipendente che ha bisogno di un&#8217;opzione ATS semplice ed economica. Vale la pena il costo e molto facile da usare.<\/p>\n<p><strong>Pro: <\/strong>Fa tutto ci\u00f2 di cui hai bisogno per un ATS decente, a una frazione del costo. Non \u00e8 cos\u00ec sofisticato come Bullhorn, ma lo preferisco di gran lunga a Ceipal o Erecruit. Non \u00e8 contorto o troppo occupato, il che lo rende molto facile da raccogliere anche per qualcuno che non ha familiarit\u00e0 con l&#8217;uso di un ATS. Presenta anche una facile analisi drag-and-drop e i modelli di posta elettronica vengono effettivamente inviati nel formato in cui sono impostati.<\/p>\n<p><strong>Contro: <\/strong>Non \u00e8 personalizzabile come altri ATS e non comunica direttamente con molte delle schede di lavoro pi\u00f9 grandi. Non \u00e8 possibile incrociare i profili dei candidati direttamente con altri profili dei clienti e aprire gli ordini con la stessa facilit\u00e0 e il loro monitoraggio durante il processo non \u00e8 altrettanto utilizzabile\/leggibile e pu\u00f2 essere difficile dire dove si trova un candidato durante un colloquio poich\u00e9 non ci sono t opzioni di stato davvero complesse.<\/p>\n<p class=\"font-weight-bold mb-1 d-flex align-items-center\"><strong>Joshua O.&#8221;Ottimo software: non riesci a chiedere aiuto a nessuno al telefono?&#8221;<\/strong><\/p>\n<p><strong>Commenti: <\/strong>Eccellente, tranne per poter chiamare qualcuno e ricevere assistenza<\/p>\n<p><strong>Pro: <\/strong>Questo software \u00e8 brillante per tutto ci\u00f2 che riguarda il reclutamento.<\/p>\n<p><strong>Contro: <\/strong>Ho usato questo software per 2 anni circa 3 anni fa e ha cambiato l&#8217;attivit\u00e0 per cui stavo lavorando in tanti modi positivi. In passato eri facilmente in grado di chiamare qualcuno per ricevere supporto, ma ora nessuno risponde nemmeno al telefono! Ogni volta che chiamo il team di supporto, devo lasciare un messaggio ed \u00e8 solo silenzio radio. Uno dei migliori software sul mercato, ma sono completamente sconcertato da quanto sia difficile ottenere qualcuno al telefono. Sono sicuro che il loro supporto di messaggistica \u00e8 buono, ma non voglio sparare 100 messaggi avanti e indietro per ottenere informazioni su qualcosa che richiederebbe 5 minuti al telefono.<\/p>\n","protected":false},"excerpt":{"rendered":"<p>JobAdder potenzia l&#8217;efficienza del reclutamento per oltre 10.000 professionisti del settore assunzione ogni giorno. La piattaforma \u00e8 ricca di funzionalit\u00e0, flessibile e pu\u00f2 scalare con la tua attivit\u00e0 man mano che cresce.\u00a0Essendo una piattaforma basata su cloud\u00a0\u00e8 completamente accessibile da qualsiasi luogo tramite gli smartphone o tablet dotati di una connessione internet.\u00a0<\/p>\n","protected":false},"author":16,"featured_media":47744,"parent":47455,"menu_order":0,"comment_status":"open","ping_status":"closed","template":"g1_template_page_review_new.php","meta":{"_acf_changed":false,"cwp_meta_box_check":"Yes","cwp_rev_product_name":"","cwp_rev_product_image":"","wppr_links":[],"cwp_rev_price":"","wppr_options":[],"wppr_pros":[],"wppr_cons":[],"_monsterinsights_skip_tracking":false,"_monsterinsights_sitenote_active":false,"_monsterinsights_sitenote_note":"","_monsterinsights_sitenote_category":0,"footnotes":""},"categories":[11077],"tags":[11107,11152,11110,11093,11092,11091,11090],"features":[],"class_list":{"0":"post-47734","1":"page","2":"type-page","3":"status-publish","4":"has-post-thumbnail","6":"category-piattaforme-marketing-recruiting-cat","7":"tag-gestione-reclutamento","8":"tag-jobadder","9":"tag-piattaforma-marketing-recruiting","10":"tag-programma-marketing-recruiting","11":"tag-reclutamento","12":"tag-software-marketing-recruiting","13":"tag-soluzione-marketing-recruiting"},"wppr_data":{"cwp_meta_box_check":"Yes","cwp_rev_product_name":"","cwp_rev_product_image":"","cwp_image_link":"image","cwp_rev_price":"","wppr_rating":"0.00"},"acf":[],"yoast_head":"<!-- This site is optimized with the Yoast SEO plugin v27.4 - https:\/\/yoast.com\/product\/yoast-seo-wordpress\/ -->\n<title>JobAdder: recensione software marketing recruiting - Accurate Reviews<\/title>\n<meta name=\"description\" content=\"JobAdder: recensione software che potenzia l&#039;efficienza del reclutamento per oltre 10.000 professionisti del settore assunzione ogni giorno.\" \/>\n<meta name=\"robots\" content=\"index, follow, max-snippet:-1, max-image-preview:large, max-video-preview:-1\" \/>\n<link rel=\"canonical\" href=\"https:\/\/www.accuratereviews.com\/it\/piattaforme-marketing-recruiting\/jobadder-recensione\/\" \/>\n<meta property=\"og:locale\" content=\"it_IT\" \/>\n<meta property=\"og:type\" content=\"article\" \/>\n<meta property=\"og:title\" content=\"JobAdder: recensione software marketing recruiting - Accurate Reviews\" \/>\n<meta property=\"og:description\" content=\"JobAdder: recensione software che potenzia l&#039;efficienza del reclutamento per oltre 10.000 professionisti del settore assunzione ogni giorno.\" \/>\n<meta property=\"og:url\" content=\"https:\/\/www.accuratereviews.com\/it\/piattaforme-marketing-recruiting\/jobadder-recensione\/\" \/>\n<meta property=\"og:site_name\" content=\"Accurate Reviews\" \/>\n<meta property=\"og:image\" content=\"https:\/\/www.accuratereviews.com\/wp-content\/uploads\/2021\/09\/jobadder-logo-vector.png\" \/>\n\t<meta property=\"og:image:width\" content=\"600\" \/>\n\t<meta property=\"og:image:height\" content=\"400\" \/>\n\t<meta property=\"og:image:type\" content=\"image\/png\" \/>\n<meta name=\"twitter:card\" content=\"summary_large_image\" \/>\n<meta name=\"twitter:label1\" content=\"Tempo di lettura stimato\" \/>\n\t<meta name=\"twitter:data1\" content=\"4 minuti\" \/>\n<script type=\"application\/ld+json\" class=\"yoast-schema-graph\">{\"@context\":\"https:\\\/\\\/schema.org\",\"@graph\":[{\"@type\":\"WebPage\",\"@id\":\"https:\\\/\\\/www.accuratereviews.com\\\/it\\\/piattaforme-marketing-recruiting\\\/jobadder-recensione\\\/\",\"url\":\"https:\\\/\\\/www.accuratereviews.com\\\/it\\\/piattaforme-marketing-recruiting\\\/jobadder-recensione\\\/\",\"name\":\"JobAdder: recensione software marketing recruiting - Accurate Reviews\",\"isPartOf\":{\"@id\":\"https:\\\/\\\/www.accuratereviews.com\\\/it\\\/#website\"},\"primaryImageOfPage\":{\"@id\":\"https:\\\/\\\/www.accuratereviews.com\\\/it\\\/piattaforme-marketing-recruiting\\\/jobadder-recensione\\\/#primaryimage\"},\"image\":{\"@id\":\"https:\\\/\\\/www.accuratereviews.com\\\/it\\\/piattaforme-marketing-recruiting\\\/jobadder-recensione\\\/#primaryimage\"},\"thumbnailUrl\":\"https:\\\/\\\/www.accuratereviews.com\\\/wp-content\\\/uploads\\\/2021\\\/09\\\/jobadder-logo-vector.png\",\"datePublished\":\"2021-09-14T14:51:04+00:00\",\"description\":\"JobAdder: recensione software che potenzia l'efficienza del reclutamento per oltre 10.000 professionisti del settore assunzione ogni giorno.\",\"breadcrumb\":{\"@id\":\"https:\\\/\\\/www.accuratereviews.com\\\/it\\\/piattaforme-marketing-recruiting\\\/jobadder-recensione\\\/#breadcrumb\"},\"inLanguage\":\"it-IT\",\"potentialAction\":[{\"@type\":\"ReadAction\",\"target\":[\"https:\\\/\\\/www.accuratereviews.com\\\/it\\\/piattaforme-marketing-recruiting\\\/jobadder-recensione\\\/\"]}]},{\"@type\":\"ImageObject\",\"inLanguage\":\"it-IT\",\"@id\":\"https:\\\/\\\/www.accuratereviews.com\\\/it\\\/piattaforme-marketing-recruiting\\\/jobadder-recensione\\\/#primaryimage\",\"url\":\"https:\\\/\\\/www.accuratereviews.com\\\/wp-content\\\/uploads\\\/2021\\\/09\\\/jobadder-logo-vector.png\",\"contentUrl\":\"https:\\\/\\\/www.accuratereviews.com\\\/wp-content\\\/uploads\\\/2021\\\/09\\\/jobadder-logo-vector.png\",\"width\":600,\"height\":400},{\"@type\":\"BreadcrumbList\",\"@id\":\"https:\\\/\\\/www.accuratereviews.com\\\/it\\\/piattaforme-marketing-recruiting\\\/jobadder-recensione\\\/#breadcrumb\",\"itemListElement\":[{\"@type\":\"ListItem\",\"position\":1,\"name\":\"Home\",\"item\":\"https:\\\/\\\/www.accuratereviews.com\\\/it\\\/\"},{\"@type\":\"ListItem\",\"position\":2,\"name\":\"Piattaforme di marketing per il recruiting\",\"item\":\"https:\\\/\\\/www.accuratereviews.com\\\/it\\\/piattaforme-marketing-recruiting\\\/\"},{\"@type\":\"ListItem\",\"position\":3,\"name\":\"JobAdder\"}]},{\"@type\":\"WebSite\",\"@id\":\"https:\\\/\\\/www.accuratereviews.com\\\/it\\\/#website\",\"url\":\"https:\\\/\\\/www.accuratereviews.com\\\/it\\\/\",\"name\":\"Accurate Reviews\",\"description\":\"\",\"potentialAction\":[{\"@type\":\"SearchAction\",\"target\":{\"@type\":\"EntryPoint\",\"urlTemplate\":\"https:\\\/\\\/www.accuratereviews.com\\\/it\\\/?s={search_term_string}\"},\"query-input\":{\"@type\":\"PropertyValueSpecification\",\"valueRequired\":true,\"valueName\":\"search_term_string\"}}],\"inLanguage\":\"it-IT\"}]}<\/script>\n<!-- \/ Yoast SEO plugin. -->","yoast_head_json":{"title":"JobAdder: recensione software marketing recruiting - Accurate Reviews","description":"JobAdder: recensione software che potenzia l'efficienza del reclutamento per oltre 10.000 professionisti del settore assunzione ogni giorno.","robots":{"index":"index","follow":"follow","max-snippet":"max-snippet:-1","max-image-preview":"max-image-preview:large","max-video-preview":"max-video-preview:-1"},"canonical":"https:\/\/www.accuratereviews.com\/it\/piattaforme-marketing-recruiting\/jobadder-recensione\/","og_locale":"it_IT","og_type":"article","og_title":"JobAdder: recensione software marketing recruiting - Accurate Reviews","og_description":"JobAdder: recensione software che potenzia l'efficienza del reclutamento per oltre 10.000 professionisti del settore assunzione ogni giorno.","og_url":"https:\/\/www.accuratereviews.com\/it\/piattaforme-marketing-recruiting\/jobadder-recensione\/","og_site_name":"Accurate Reviews","og_image":[{"width":600,"height":400,"url":"https:\/\/www.accuratereviews.com\/wp-content\/uploads\/2021\/09\/jobadder-logo-vector.png","type":"image\/png"}],"twitter_card":"summary_large_image","twitter_misc":{"Tempo di lettura stimato":"4 minuti"},"schema":{"@context":"https:\/\/schema.org","@graph":[{"@type":"WebPage","@id":"https:\/\/www.accuratereviews.com\/it\/piattaforme-marketing-recruiting\/jobadder-recensione\/","url":"https:\/\/www.accuratereviews.com\/it\/piattaforme-marketing-recruiting\/jobadder-recensione\/","name":"JobAdder: recensione software marketing recruiting - Accurate Reviews","isPartOf":{"@id":"https:\/\/www.accuratereviews.com\/it\/#website"},"primaryImageOfPage":{"@id":"https:\/\/www.accuratereviews.com\/it\/piattaforme-marketing-recruiting\/jobadder-recensione\/#primaryimage"},"image":{"@id":"https:\/\/www.accuratereviews.com\/it\/piattaforme-marketing-recruiting\/jobadder-recensione\/#primaryimage"},"thumbnailUrl":"https:\/\/www.accuratereviews.com\/wp-content\/uploads\/2021\/09\/jobadder-logo-vector.png","datePublished":"2021-09-14T14:51:04+00:00","description":"JobAdder: recensione software che potenzia l'efficienza del reclutamento per oltre 10.000 professionisti del settore assunzione ogni giorno.","breadcrumb":{"@id":"https:\/\/www.accuratereviews.com\/it\/piattaforme-marketing-recruiting\/jobadder-recensione\/#breadcrumb"},"inLanguage":"it-IT","potentialAction":[{"@type":"ReadAction","target":["https:\/\/www.accuratereviews.com\/it\/piattaforme-marketing-recruiting\/jobadder-recensione\/"]}]},{"@type":"ImageObject","inLanguage":"it-IT","@id":"https:\/\/www.accuratereviews.com\/it\/piattaforme-marketing-recruiting\/jobadder-recensione\/#primaryimage","url":"https:\/\/www.accuratereviews.com\/wp-content\/uploads\/2021\/09\/jobadder-logo-vector.png","contentUrl":"https:\/\/www.accuratereviews.com\/wp-content\/uploads\/2021\/09\/jobadder-logo-vector.png","width":600,"height":400},{"@type":"BreadcrumbList","@id":"https:\/\/www.accuratereviews.com\/it\/piattaforme-marketing-recruiting\/jobadder-recensione\/#breadcrumb","itemListElement":[{"@type":"ListItem","position":1,"name":"Home","item":"https:\/\/www.accuratereviews.com\/it\/"},{"@type":"ListItem","position":2,"name":"Piattaforme di marketing per il recruiting","item":"https:\/\/www.accuratereviews.com\/it\/piattaforme-marketing-recruiting\/"},{"@type":"ListItem","position":3,"name":"JobAdder"}]},{"@type":"WebSite","@id":"https:\/\/www.accuratereviews.com\/it\/#website","url":"https:\/\/www.accuratereviews.com\/it\/","name":"Accurate Reviews","description":"","potentialAction":[{"@type":"SearchAction","target":{"@type":"EntryPoint","urlTemplate":"https:\/\/www.accuratereviews.com\/it\/?s={search_term_string}"},"query-input":{"@type":"PropertyValueSpecification","valueRequired":true,"valueName":"search_term_string"}}],"inLanguage":"it-IT"}]}},"_links":{"self":[{"href":"https:\/\/www.accuratereviews.com\/it\/wp-json\/wp\/v2\/pages\/47734","targetHints":{"allow":["GET"]}}],"collection":[{"href":"https:\/\/www.accuratereviews.com\/it\/wp-json\/wp\/v2\/pages"}],"about":[{"href":"https:\/\/www.accuratereviews.com\/it\/wp-json\/wp\/v2\/types\/page"}],"author":[{"embeddable":true,"href":"https:\/\/www.accuratereviews.com\/it\/wp-json\/wp\/v2\/users\/16"}],"replies":[{"embeddable":true,"href":"https:\/\/www.accuratereviews.com\/it\/wp-json\/wp\/v2\/comments?post=47734"}],"version-history":[{"count":10,"href":"https:\/\/www.accuratereviews.com\/it\/wp-json\/wp\/v2\/pages\/47734\/revisions"}],"predecessor-version":[{"id":47762,"href":"https:\/\/www.accuratereviews.com\/it\/wp-json\/wp\/v2\/pages\/47734\/revisions\/47762"}],"up":[{"embeddable":true,"href":"https:\/\/www.accuratereviews.com\/it\/wp-json\/wp\/v2\/pages\/47455"}],"wp:featuredmedia":[{"embeddable":true,"href":"https:\/\/www.accuratereviews.com\/it\/wp-json\/wp\/v2\/media\/47744"}],"wp:attachment":[{"href":"https:\/\/www.accuratereviews.com\/it\/wp-json\/wp\/v2\/media?parent=47734"}],"wp:term":[{"taxonomy":"category","embeddable":true,"href":"https:\/\/www.accuratereviews.com\/it\/wp-json\/wp\/v2\/categories?post=47734"},{"taxonomy":"post_tag","embeddable":true,"href":"https:\/\/www.accuratereviews.com\/it\/wp-json\/wp\/v2\/tags?post=47734"},{"taxonomy":"features","embeddable":true,"href":"https:\/\/www.accuratereviews.com\/it\/wp-json\/wp\/v2\/features?post=47734"}],"curies":[{"name":"wp","href":"https:\/\/api.w.org\/{rel}","templated":true}]}}