{"id":47736,"date":"2021-09-14T14:30:45","date_gmt":"2021-09-14T14:30:45","guid":{"rendered":"https:\/\/www.accuratereviews.com\/?page_id=47736"},"modified":"2021-09-14T14:45:36","modified_gmt":"2021-09-14T14:45:36","slug":"talentreef-recensione","status":"publish","type":"page","link":"https:\/\/www.accuratereviews.com\/it\/piattaforme-marketing-recruiting\/talentreef-recensione\/","title":{"rendered":"talentReef"},"content":{"rendered":"<p><strong>talentReef<\/strong> \u00e8 un <strong>software di marketing per recruiting<\/strong> che permette di attirare rapidamente i candidati di qualit\u00e0 che stavi cercando. Questa piattaforma \u00e8 in grado di semplificare la gestione della forza lavoro, di riempire la tua pipeline di talenti con persone qualificate, di ottimizzare il processo di assunzione e di concentrarsi su ci\u00f2 che conta maggiormente: i dipendenti e i clienti.<br \/>\n<strong>talentReef<\/strong> offre infatti strumenti avanzati, materiale di formazione, un portale self-service dei dipendenti e un&#8217;app mobile rendendo tutto pi\u00f9 semplice e intuitivo. Inoltre si integra con Indeed, Facebook e altre bacheche nazionali e locali.<\/p>\n<h2>TALENTREEF- TUTORIAL<\/h2>\n<p>Di seguito un breve video che ci mostra come funziona questo <strong>programma per l&#8217;assunzione del personale<\/strong>:<\/p>\n<div id=\"fluid-wrapper-counter-1\" class=\"g1-fluid-wrapper \" style=\"width:686px;\">\n<div style=\"padding-bottom:56.268221574344%;\"><iframe loading=\"lazy\" title=\"Hiring an Applicant\" width=\"686\" height=\"386\" src=\"https:\/\/www.youtube.com\/embed\/pt_NxjUVI2U?list=PLnV8mkXDIgmkXddbu6poKlIbi05vAC7Al\" frameborder=\"0\" allow=\"accelerometer; autoplay; clipboard-write; encrypted-media; gyroscope; picture-in-picture\" allowfullscreen><\/iframe><\/div>\n<\/div>\n<h3>TALENTREEF &#8211; CARATTERISTICHE<\/h3>\n<ul>\n<li>Processo di applicazione pi\u00f9 veloce<\/li>\n<li>Testo da applicare<\/li>\n<li>Comunicazioni con i candidati<\/li>\n<li>Programmazione dei colloqui<\/li>\n<li>Pagine di carriera con marchio basato sulla posizione<\/li>\n<li>Integrazioni con le bacheche di lavoro<\/li>\n<li>CRM integrato<\/li>\n<li>Segnalazione delle fonti<\/li>\n<li>Flussi di lavoro configurabili (per marchio, posizioni, sedi, richieste)<\/li>\n<li>Onboarding digitale e conformit\u00e0<\/li>\n<li>Integrazioni di terze parti (controlli dei precedenti, libro paga, WOTC, ecc&#8230;)<\/li>\n<li>Gestione delle lettere di offerta<\/li>\n<li>Feed del libro paga preconfigurati<\/li>\n<li>Sistema reportistico<\/li>\n<li>Self-service dei dipendenti<\/li>\n<li>Valutazioni basate su obiettivi<\/li>\n<li>Feedback continuo<\/li>\n<li>Formazione<\/li>\n<\/ul>\n<h4>LE RECENSIONI DEGLI UTENTI<\/h4>\n<p><strong>Katherine G. &#8220;Amico dell&#8217;utente<\/strong><br \/>\nPRO: la piattaforma \u00e8 molto facile da usare per tutto il nostro team. Il sistema di monitoraggio delle applicazioni rende la vita molto pi\u00f9 facile per i nostri manager e crea coerenza nel processo di on-boarding.<br \/>\nCONTRO: l&#8217;unico aspetto negativo che ho riscontrato \u00e8 per i candidati e non credo che questo sia un problema di TalentReef. I candidati non sono cos\u00ec esperti di tecnologia come si crede e non ricordano le loro password, ecc. TalentReef ha affrontato questo problema permettendoci di reimpostare le password per aiutare il candidato ad accedere alla piattaforma per completare le pratiche di assunzione.<\/p>\n<p><strong>Jennifer W. &#8220;Grande esperienza&#8221;<\/strong><br \/>\nCOMMENTI: abbiamo avuto una grande esperienza con TalentReef grazie ai loro rapidi tempi di risposta e comunicazione. Capiscono le esigenze del settore e il sito dell&#8217;amministratore \u00e8 facile da usare e intuitivo.<br \/>\nPRO: facile da usare, ottimo servizio clienti e risorse. Aggiornamenti e nuove funzionalit\u00e0 su base regolare. Comunicazione coerente. Offrono uno strumento di reclutamento sociale.<br \/>\nCONTRO: ci sono alcune caratteristiche che non siete in grado di personalizzare in modo specifico per la vostra azienda. Potrebbe essere pi\u00f9 veloce<\/p>\n<p><strong>Karim M. &#8220;Ottimo strumento per le risorse umane e le assunzioni, lo usiamo per tutta la nostra organizzazione&#8221;<\/strong><br \/>\nCOMMENTI: grande qualit\u00e0 dei candidati e un grande software per un buon prezzo.<br \/>\nEsposizione dell&#8217;azienda<br \/>\nProcesso HR pi\u00f9 facile<br \/>\nPRO: questo software \u00e8 molto facile da usare e ci piace che ci porta candidati di qualit\u00e0.<br \/>\nAbbiamo anche un sito web dove le persone possono andare e caricare le loro informazioni e questo va direttamente al nostro dipartimento HR. Design molto buono<br \/>\nCONTRO: il loro supporto clienti non \u00e8 cos\u00ec buono, non c&#8217;\u00e8 modo di chiamare per ottenere aiuto a meno che non siate durante la fase di installazione. Si pu\u00f2 solo inviare un&#8217;email per ottenere aiuto.<\/p>\n","protected":false},"excerpt":{"rendered":"<p>talentReef \u00e8 un software di marketing per recruiting che permette di attirare rapidamente i candidati di qualit\u00e0 che stavi cercando. Questa piattaforma \u00e8 in grado di semplificare la gestione della forza lavoro e di riempire la tua pipeline di talenti con persone qualificate.<\/p>\n","protected":false},"author":17,"featured_media":47737,"parent":47455,"menu_order":0,"comment_status":"open","ping_status":"closed","template":"g1_template_page_review_new.php","meta":{"_acf_changed":false,"cwp_meta_box_check":"No","cwp_rev_product_name":"","cwp_rev_product_image":"","wppr_links":[],"cwp_rev_price":"","wppr_options":[],"wppr_pros":[],"wppr_cons":[],"_monsterinsights_skip_tracking":false,"_monsterinsights_sitenote_active":false,"_monsterinsights_sitenote_note":"","_monsterinsights_sitenote_category":0,"footnotes":""},"categories":[11077],"tags":[11073,11110,11072,11093,11074,11090],"features":[],"class_list":{"0":"post-47736","1":"page","2":"type-page","3":"status-publish","4":"has-post-thumbnail","6":"category-piattaforme-marketing-recruiting-cat","7":"tag-marketing-per-il-recruiting","8":"tag-piattaforma-marketing-recruiting","9":"tag-piattaforme-di-marketing-per-il-recruiting","10":"tag-programma-marketing-recruiting","11":"tag-software-di-marketing-per-il-recruiting","12":"tag-soluzione-marketing-recruiting"},"wppr_data":{"cwp_meta_box_check":"No"},"acf":[],"yoast_head":"<!-- This site is optimized with the Yoast SEO plugin v27.4 - https:\/\/yoast.com\/product\/yoast-seo-wordpress\/ -->\n<title>talentReef: recensione software marketing recruiting - Accurate Reviews<\/title>\n<meta name=\"description\" content=\"talentReef: recensione del software di marketing per recruiting che permette di attirare rapidamente i candidati di qualit\u00e0.\" \/>\n<meta name=\"robots\" content=\"index, follow, max-snippet:-1, max-image-preview:large, max-video-preview:-1\" \/>\n<link rel=\"canonical\" href=\"https:\/\/www.accuratereviews.com\/it\/piattaforme-marketing-recruiting\/talentreef-recensione\/\" \/>\n<meta property=\"og:locale\" content=\"it_IT\" \/>\n<meta property=\"og:type\" content=\"article\" \/>\n<meta property=\"og:title\" content=\"talentReef: recensione software marketing recruiting - Accurate Reviews\" \/>\n<meta property=\"og:description\" content=\"talentReef: recensione del software di marketing per recruiting che permette di attirare rapidamente i candidati di qualit\u00e0.\" \/>\n<meta property=\"og:url\" content=\"https:\/\/www.accuratereviews.com\/it\/piattaforme-marketing-recruiting\/talentreef-recensione\/\" \/>\n<meta property=\"og:site_name\" content=\"Accurate Reviews\" \/>\n<meta property=\"article:modified_time\" content=\"2021-09-14T14:45:36+00:00\" \/>\n<meta property=\"og:image\" content=\"https:\/\/www.accuratereviews.com\/wp-content\/uploads\/2021\/09\/TalentReef-share.jpg\" \/>\n\t<meta property=\"og:image:width\" content=\"1200\" \/>\n\t<meta property=\"og:image:height\" content=\"630\" \/>\n\t<meta property=\"og:image:type\" content=\"image\/jpeg\" \/>\n<meta name=\"twitter:card\" content=\"summary_large_image\" \/>\n<meta name=\"twitter:label1\" content=\"Tempo di lettura stimato\" \/>\n\t<meta name=\"twitter:data1\" content=\"3 minuti\" \/>\n<script type=\"application\/ld+json\" class=\"yoast-schema-graph\">{\"@context\":\"https:\\\/\\\/schema.org\",\"@graph\":[{\"@type\":\"WebPage\",\"@id\":\"https:\\\/\\\/www.accuratereviews.com\\\/it\\\/piattaforme-marketing-recruiting\\\/talentreef-recensione\\\/\",\"url\":\"https:\\\/\\\/www.accuratereviews.com\\\/it\\\/piattaforme-marketing-recruiting\\\/talentreef-recensione\\\/\",\"name\":\"talentReef: recensione software marketing recruiting - Accurate Reviews\",\"isPartOf\":{\"@id\":\"https:\\\/\\\/www.accuratereviews.com\\\/it\\\/#website\"},\"primaryImageOfPage\":{\"@id\":\"https:\\\/\\\/www.accuratereviews.com\\\/it\\\/piattaforme-marketing-recruiting\\\/talentreef-recensione\\\/#primaryimage\"},\"image\":{\"@id\":\"https:\\\/\\\/www.accuratereviews.com\\\/it\\\/piattaforme-marketing-recruiting\\\/talentreef-recensione\\\/#primaryimage\"},\"thumbnailUrl\":\"https:\\\/\\\/www.accuratereviews.com\\\/wp-content\\\/uploads\\\/2021\\\/09\\\/TalentReef-share.jpg\",\"datePublished\":\"2021-09-14T14:30:45+00:00\",\"dateModified\":\"2021-09-14T14:45:36+00:00\",\"description\":\"talentReef: recensione del software di marketing per recruiting che permette di attirare rapidamente i candidati di qualit\u00e0.\",\"breadcrumb\":{\"@id\":\"https:\\\/\\\/www.accuratereviews.com\\\/it\\\/piattaforme-marketing-recruiting\\\/talentreef-recensione\\\/#breadcrumb\"},\"inLanguage\":\"it-IT\",\"potentialAction\":[{\"@type\":\"ReadAction\",\"target\":[\"https:\\\/\\\/www.accuratereviews.com\\\/it\\\/piattaforme-marketing-recruiting\\\/talentreef-recensione\\\/\"]}]},{\"@type\":\"ImageObject\",\"inLanguage\":\"it-IT\",\"@id\":\"https:\\\/\\\/www.accuratereviews.com\\\/it\\\/piattaforme-marketing-recruiting\\\/talentreef-recensione\\\/#primaryimage\",\"url\":\"https:\\\/\\\/www.accuratereviews.com\\\/wp-content\\\/uploads\\\/2021\\\/09\\\/TalentReef-share.jpg\",\"contentUrl\":\"https:\\\/\\\/www.accuratereviews.com\\\/wp-content\\\/uploads\\\/2021\\\/09\\\/TalentReef-share.jpg\",\"width\":1200,\"height\":630},{\"@type\":\"BreadcrumbList\",\"@id\":\"https:\\\/\\\/www.accuratereviews.com\\\/it\\\/piattaforme-marketing-recruiting\\\/talentreef-recensione\\\/#breadcrumb\",\"itemListElement\":[{\"@type\":\"ListItem\",\"position\":1,\"name\":\"Home\",\"item\":\"https:\\\/\\\/www.accuratereviews.com\\\/it\\\/\"},{\"@type\":\"ListItem\",\"position\":2,\"name\":\"Piattaforme di marketing per il recruiting\",\"item\":\"https:\\\/\\\/www.accuratereviews.com\\\/it\\\/piattaforme-marketing-recruiting\\\/\"},{\"@type\":\"ListItem\",\"position\":3,\"name\":\"talentReef\"}]},{\"@type\":\"WebSite\",\"@id\":\"https:\\\/\\\/www.accuratereviews.com\\\/it\\\/#website\",\"url\":\"https:\\\/\\\/www.accuratereviews.com\\\/it\\\/\",\"name\":\"Accurate Reviews\",\"description\":\"\",\"potentialAction\":[{\"@type\":\"SearchAction\",\"target\":{\"@type\":\"EntryPoint\",\"urlTemplate\":\"https:\\\/\\\/www.accuratereviews.com\\\/it\\\/?s={search_term_string}\"},\"query-input\":{\"@type\":\"PropertyValueSpecification\",\"valueRequired\":true,\"valueName\":\"search_term_string\"}}],\"inLanguage\":\"it-IT\"}]}<\/script>\n<!-- \/ Yoast SEO plugin. -->","yoast_head_json":{"title":"talentReef: recensione software marketing recruiting - Accurate Reviews","description":"talentReef: recensione del software di marketing per recruiting che permette di attirare rapidamente i candidati di qualit\u00e0.","robots":{"index":"index","follow":"follow","max-snippet":"max-snippet:-1","max-image-preview":"max-image-preview:large","max-video-preview":"max-video-preview:-1"},"canonical":"https:\/\/www.accuratereviews.com\/it\/piattaforme-marketing-recruiting\/talentreef-recensione\/","og_locale":"it_IT","og_type":"article","og_title":"talentReef: recensione software marketing recruiting - Accurate Reviews","og_description":"talentReef: recensione del software di marketing per recruiting che permette di attirare rapidamente i candidati di qualit\u00e0.","og_url":"https:\/\/www.accuratereviews.com\/it\/piattaforme-marketing-recruiting\/talentreef-recensione\/","og_site_name":"Accurate Reviews","article_modified_time":"2021-09-14T14:45:36+00:00","og_image":[{"width":1200,"height":630,"url":"https:\/\/www.accuratereviews.com\/wp-content\/uploads\/2021\/09\/TalentReef-share.jpg","type":"image\/jpeg"}],"twitter_card":"summary_large_image","twitter_misc":{"Tempo di lettura stimato":"3 minuti"},"schema":{"@context":"https:\/\/schema.org","@graph":[{"@type":"WebPage","@id":"https:\/\/www.accuratereviews.com\/it\/piattaforme-marketing-recruiting\/talentreef-recensione\/","url":"https:\/\/www.accuratereviews.com\/it\/piattaforme-marketing-recruiting\/talentreef-recensione\/","name":"talentReef: recensione software marketing recruiting - Accurate Reviews","isPartOf":{"@id":"https:\/\/www.accuratereviews.com\/it\/#website"},"primaryImageOfPage":{"@id":"https:\/\/www.accuratereviews.com\/it\/piattaforme-marketing-recruiting\/talentreef-recensione\/#primaryimage"},"image":{"@id":"https:\/\/www.accuratereviews.com\/it\/piattaforme-marketing-recruiting\/talentreef-recensione\/#primaryimage"},"thumbnailUrl":"https:\/\/www.accuratereviews.com\/wp-content\/uploads\/2021\/09\/TalentReef-share.jpg","datePublished":"2021-09-14T14:30:45+00:00","dateModified":"2021-09-14T14:45:36+00:00","description":"talentReef: recensione del software di marketing per recruiting che permette di attirare rapidamente i candidati di qualit\u00e0.","breadcrumb":{"@id":"https:\/\/www.accuratereviews.com\/it\/piattaforme-marketing-recruiting\/talentreef-recensione\/#breadcrumb"},"inLanguage":"it-IT","potentialAction":[{"@type":"ReadAction","target":["https:\/\/www.accuratereviews.com\/it\/piattaforme-marketing-recruiting\/talentreef-recensione\/"]}]},{"@type":"ImageObject","inLanguage":"it-IT","@id":"https:\/\/www.accuratereviews.com\/it\/piattaforme-marketing-recruiting\/talentreef-recensione\/#primaryimage","url":"https:\/\/www.accuratereviews.com\/wp-content\/uploads\/2021\/09\/TalentReef-share.jpg","contentUrl":"https:\/\/www.accuratereviews.com\/wp-content\/uploads\/2021\/09\/TalentReef-share.jpg","width":1200,"height":630},{"@type":"BreadcrumbList","@id":"https:\/\/www.accuratereviews.com\/it\/piattaforme-marketing-recruiting\/talentreef-recensione\/#breadcrumb","itemListElement":[{"@type":"ListItem","position":1,"name":"Home","item":"https:\/\/www.accuratereviews.com\/it\/"},{"@type":"ListItem","position":2,"name":"Piattaforme di marketing per il recruiting","item":"https:\/\/www.accuratereviews.com\/it\/piattaforme-marketing-recruiting\/"},{"@type":"ListItem","position":3,"name":"talentReef"}]},{"@type":"WebSite","@id":"https:\/\/www.accuratereviews.com\/it\/#website","url":"https:\/\/www.accuratereviews.com\/it\/","name":"Accurate Reviews","description":"","potentialAction":[{"@type":"SearchAction","target":{"@type":"EntryPoint","urlTemplate":"https:\/\/www.accuratereviews.com\/it\/?s={search_term_string}"},"query-input":{"@type":"PropertyValueSpecification","valueRequired":true,"valueName":"search_term_string"}}],"inLanguage":"it-IT"}]}},"_links":{"self":[{"href":"https:\/\/www.accuratereviews.com\/it\/wp-json\/wp\/v2\/pages\/47736","targetHints":{"allow":["GET"]}}],"collection":[{"href":"https:\/\/www.accuratereviews.com\/it\/wp-json\/wp\/v2\/pages"}],"about":[{"href":"https:\/\/www.accuratereviews.com\/it\/wp-json\/wp\/v2\/types\/page"}],"author":[{"embeddable":true,"href":"https:\/\/www.accuratereviews.com\/it\/wp-json\/wp\/v2\/users\/17"}],"replies":[{"embeddable":true,"href":"https:\/\/www.accuratereviews.com\/it\/wp-json\/wp\/v2\/comments?post=47736"}],"version-history":[{"count":5,"href":"https:\/\/www.accuratereviews.com\/it\/wp-json\/wp\/v2\/pages\/47736\/revisions"}],"predecessor-version":[{"id":47761,"href":"https:\/\/www.accuratereviews.com\/it\/wp-json\/wp\/v2\/pages\/47736\/revisions\/47761"}],"up":[{"embeddable":true,"href":"https:\/\/www.accuratereviews.com\/it\/wp-json\/wp\/v2\/pages\/47455"}],"wp:featuredmedia":[{"embeddable":true,"href":"https:\/\/www.accuratereviews.com\/it\/wp-json\/wp\/v2\/media\/47737"}],"wp:attachment":[{"href":"https:\/\/www.accuratereviews.com\/it\/wp-json\/wp\/v2\/media?parent=47736"}],"wp:term":[{"taxonomy":"category","embeddable":true,"href":"https:\/\/www.accuratereviews.com\/it\/wp-json\/wp\/v2\/categories?post=47736"},{"taxonomy":"post_tag","embeddable":true,"href":"https:\/\/www.accuratereviews.com\/it\/wp-json\/wp\/v2\/tags?post=47736"},{"taxonomy":"features","embeddable":true,"href":"https:\/\/www.accuratereviews.com\/it\/wp-json\/wp\/v2\/features?post=47736"}],"curies":[{"name":"wp","href":"https:\/\/api.w.org\/{rel}","templated":true}]}}