{"id":47770,"date":"2021-09-15T11:19:39","date_gmt":"2021-09-15T11:19:39","guid":{"rendered":"https:\/\/www.accuratereviews.com\/?page_id=47770"},"modified":"2021-09-15T11:19:39","modified_gmt":"2021-09-15T11:19:39","slug":"vivahr-recensione","status":"publish","type":"page","link":"https:\/\/www.accuratereviews.com\/it\/piattaforme-marketing-recruiting\/vivahr-recensione\/","title":{"rendered":"Vivahr"},"content":{"rendered":"<p><strong>Vivahr<\/strong> \u00e8 un<strong> software di monitoraggio dei candidati (ATS)<\/strong> puoi creare consapevolezza del marchio, coinvolgere possibili candidati e convertire e reclutare candidati di successo. Fornendo gli strumenti necessari per costruire un sito web di carriera, generare una pagina del profilo culturale personalizzato, connettersi con i candidati, tenere traccia dei candidati e valutare gli intervistati, il software mira ad aiutare le aziende con l&#8217;acquisizione e l&#8217;assunzione dei dipendenti. Gli utenti possono creare il proprio profilo culturale per attirare potenziali talenti. Le aziende possono adattare la pagina delle carriere per allinearsi al loro marchio e stile unici modificando fotografie, combinazioni di colori e caratteri, comprese testimonianze e valori aziendali. Per aiutare il processo decisionale e incoraggiare la collaborazione, tutti i membri del team di assunzione possono aggiungere note ai profili degli utenti e valutarli utilizzando un sistema a 5 stelle, che consente di confrontare facilmente i candidati.<\/p>\n<h2>VIVAHR &#8211; TUTORIAL<\/h2>\n<p>Guardiamo insieme il tutorial con i sottotitoli in italiano su questo <strong>software di marketing per il reclutamento<\/strong>:<\/p>\n<div id=\"fluid-wrapper-counter-1\" class=\"g1-fluid-wrapper \" style=\"width:686px;\">\n<div style=\"padding-bottom:56.268221574344%;\"><iframe loading=\"lazy\" title=\"What is VIVAHR and How Does It Work?\" width=\"686\" height=\"386\" src=\"https:\/\/www.youtube.com\/embed\/uBEXmv7davs?feature=oembed&amp;wmode=transparent&amp;autohide=1&amp;autoplay=0&amp;disablekb=0&amp;fs=1&amp;loop=0&amp;enablejsapi=1&amp;rel=0&amp;controls=2&amp;showinfo=0&amp;wmode=transparent&amp;autohide=2&amp;autoplay=0&amp;disablekb=0&amp;fs=1&amp;loop=0&amp;enablejsapi=1&amp;rel=0&amp;controls=2&amp;showinfo=1\" frameborder=\"0\" allow=\"accelerometer; autoplay; clipboard-write; encrypted-media; gyroscope; picture-in-picture\" allowfullscreen><\/iframe><\/div>\n<\/div>\n<h3>VIVAHR &#8211; CARATTERISTICHE<\/h3>\n<ul>\n<li><strong>Post offerte di lavoro<\/strong>: il software rende facile pubblicare i tuoi lavori su oltre 50 bacheche di lavoro con un solo clic e ottenendo i migliori risultati<\/li>\n<li><strong>Applicazioni a misura di candidato<\/strong>: il sistema rende facile per i candidati presentare domanda ogni volta che sono pronti attraverso il proprio computer, tablet o dispositivo mobile<\/li>\n<li><strong>Condividi lavori online:<\/strong> genera una url di offerta di lavoro che puoi far circolare tra partner, dipendenti attuali e persino amici e familiari<\/li>\n<li><strong>Condivisione del lavoro sui social<\/strong>: quando si tratta di assumere, non sottovalutare il potere dei social media<\/li>\n<li><strong>Questionari per i candidati<\/strong>: puoi creare questionari per i candidati per ogni offerta di lavoro. Uno dei modi pi\u00f9 semplici ed efficaci per trovare ottimi dipendenti \u00e8 creare un questionario di alta qualit\u00e0<\/li>\n<li><strong>Modelli di posta elettronica<\/strong>: puoi inviare email premurose e sul marchio ed evitare di essere spam. Con i nostri modelli personalizzabili e la funzionalit\u00e0 di posta elettronica di massa, puoi inviare tutti i messaggi di cui hai bisogno senza doverci pensare troppo<\/li>\n<li><strong>Dashboard assunzioni<\/strong>: la dashboard rende facile vedere cosa sta succedendo nel tuo processo di assunzione. Fornisce dati in tempo reale sui curricula, sulla pianificazione dei colloqui e sulla revisione delle domande<\/li>\n<li><strong>Pipeline personalizzate<\/strong>: gestisci facilmente i candidati mentre si muovono attraverso la tua pipeline personalizzata<\/li>\n<li><strong>Collaborazione di squadra<\/strong>: presto avrai un pool sintetizzato di dati qualitativi sul tuo candidato. Il tuo team pu\u00f2 lavorare insieme per creare una valutazione complessiva, qualcosa a cui puoi fare riferimento pi\u00f9 e pi\u00f9 volte durante il processo di assunzione<\/li>\n<li><strong>Gestisci candidati:<\/strong> ti aiuta a rimanere in contatto con i candidati esistenti e precedenti, migliorando la tua reputazione di assunzione e promuovendo migliori tassi di conversione. Inoltre, sfruttare il tuo profilo culturale crea una connessione emotiva, importante per il candidato moderno<\/li>\n<li><strong>Punteggio personalizzato del candidato<\/strong>: diverse aziende hanno metriche diverse e talvolta tali metriche variano in base alla posizione. Con le scorecard personalizzate, scegli le qualificazioni che ti interessano di pi\u00f9. La tua squadra pu\u00f2 votare, assegnando al candidato un punteggio completo e altamente pertinente<\/li>\n<li><strong>Approfondimenti avanzati<\/strong>: le metriche sono importanti per qualsiasi azienda, grande o piccola, di cui tenere traccia. Con i report automatici, le aziende possono visualizzare tutti i dati importanti in un unico posto.<\/li>\n<\/ul>\n<h4>LE RECENSIONI DEGLI UTENTI<\/h4>\n<p class=\"font-weight-bold mb-1 d-flex align-items-center\"><strong>Kyle N.&#8221;Assunzione di squadra = assunzione di successo&#8221;<\/strong><\/p>\n<p><strong>Commenti: <\/strong>Sono stato un grande fan di VIVAHR. nei 12 mesi in cui abbiamo utilizzato questo prodotto, hanno implementato nuove funzionalit\u00e0 quasi OGNI mese&#8230; e il prezzo \u00e8 bloccato. Ottimo valore.<\/p>\n<p><strong>Pro: <\/strong>Amiamo la comodit\u00e0 di utilizzare VIVAHR come una squadra da assumere. La caratteristica pi\u00f9 importante per noi \u00e8 stata la possibilit\u00e0 di condividere appunti e vedere in tempo reale il processo di assunzione. Ottimo sistema di tracciamento dei candidati per il prezzo. Consiglio vivamente per un&#8217;azienda che ha bisogno di qualcosa di professionale ma non vuole pagare per tutte le funzionalit\u00e0 di fascia alta.<\/p>\n<p><strong>Contro: <\/strong>La possibilit\u00e0 di creare una pagina delle carriere personalizzata era un po&#8217; carente. \u00c8 stato semplicissimo caricare i lavori nel nostro sito web con il copia\/incolla del loro script, ma speravo in un generatore di pagine complete.<\/p>\n<p class=\"h5 font-weight-bold flex-grow-1 mb-4\"><strong>Johon D.&#8221;Software di noleggio perfetto per un&#8217;azienda in crescita&#8221;<\/strong><\/p>\n<p><strong>Commenti: <\/strong>Mi \u00e8 piaciuto molto assumere durante l&#8217;utilizzo di vivahr. Il software ha reso la mia vita molto facile da costruire e pubblicare un lavoro.<\/p>\n<p><strong>Pro: <\/strong>Amo la comodit\u00e0 di VIVAHR. Sono stati cos\u00ec bravi ad aggiungere nuove funzionalit\u00e0 su base regolare. Mi piace il loro servizio clienti. Si sono presi il tempo per assicurarsi che io abbia sempre un&#8217;ottima esperienza.<br \/>\nTrovare ottimi dipendenti pu\u00f2 essere difficile. Abbiamo scoperto che pubblicare un annuncio di lavoro online \u00e8 solo la prima sfida. Quando abbiamo ottenuto Viva, siamo rimasti sorpresi di quanto fosse facile creare la nostra descrizione del lavoro e pubblicare il nostro lavoro su tutte le migliori bacheche di lavoro online. Non abbiamo dovuto fare altro. Quando il volume dei candidati \u00e8 difficile (il nostro settore \u00e8 competitivo) utilizzeremo il loro strumento di potenziamento del lavoro interno. Presenta il lavoro e otteniamo candidati abbastanza rapidamente.<\/p>\n<p><strong>Contro: <\/strong>Non molto che non mi piaccia. La loro piattaforma non ha un&#8217;app mobile. Non sono sicuro che lo userei onestamente, ma alcune volte sulla strada, sarebbe bello avere un&#8217;app dedicata per aggiungere note o rivedere un curriculum.<\/p>\n<p class=\"font-weight-bold mb-1 d-flex align-items-center\"><strong>Taylor W.&#8221;La migliore piattaforma di assunzione che abbiamo usato!&#8221;<\/strong><\/p>\n<p><strong>Commenti: <\/strong>I risultati parlano da soli. VivaHR si distingue tra la sua concorrenza. In poche parole, offre candidati qualificati. Meglio di tutte le altre piattaforme che abbiamo usato. E ad un prezzo migliore!<\/p>\n<p><strong>Pro: <\/strong>Mentre il software in s\u00e9 \u00e8 semplice, penso che mi piaccia di pi\u00f9 i risultati. Ho diversi colloqui programmati in meno di 72 ore. Tutti i candidati sembrano essere una buona misura per la posizione.<\/p>\n<p><strong>Contro: <\/strong>Alcuni dei curricula che arrivano non avevano immagini. Non penso che sia una limitazione del software o del sistema di gestione, ma pi\u00f9 una frustrazione per i candidati stessi.<\/p>\n","protected":false},"excerpt":{"rendered":"<p>Vivahr \u00e8 un software di monitoraggio dei candidati (ATS) puoi creare consapevolezza del marchio, coinvolgere possibili candidati e convertire e reclutare candidati di successo. Fornendo gli strumenti necessari per costruire un sito web di carriera, generare una pagina del profilo culturale personalizzato, connettersi con i candidati, tenere traccia dei candidati e valutare gli intervistati, il software mira ad aiutare le aziende con l&#8217;acquisizione e l&#8217;assunzione dei dipendenti.<\/p>\n","protected":false},"author":16,"featured_media":47771,"parent":47455,"menu_order":0,"comment_status":"open","ping_status":"closed","template":"g1_template_page_review_new.php","meta":{"_acf_changed":false,"cwp_meta_box_check":"Yes","cwp_rev_product_name":"","cwp_rev_product_image":"","wppr_links":[],"cwp_rev_price":"","wppr_options":[],"wppr_pros":[],"wppr_cons":[],"_monsterinsights_skip_tracking":false,"_monsterinsights_sitenote_active":false,"_monsterinsights_sitenote_note":"","_monsterinsights_sitenote_category":0,"footnotes":""},"categories":[11077],"tags":[11107,11110,11093,11092,11091,11090,11154],"features":[],"class_list":{"0":"post-47770","1":"page","2":"type-page","3":"status-publish","4":"has-post-thumbnail","6":"category-piattaforme-marketing-recruiting-cat","7":"tag-gestione-reclutamento","8":"tag-piattaforma-marketing-recruiting","9":"tag-programma-marketing-recruiting","10":"tag-reclutamento","11":"tag-software-marketing-recruiting","12":"tag-soluzione-marketing-recruiting","13":"tag-vivahr"},"wppr_data":{"cwp_meta_box_check":"Yes","cwp_rev_product_name":"","cwp_rev_product_image":"","cwp_image_link":"image","cwp_rev_price":"","wppr_rating":"0.00"},"acf":[],"yoast_head":"<!-- This site is optimized with the Yoast SEO plugin v27.4 - https:\/\/yoast.com\/product\/yoast-seo-wordpress\/ -->\n<title>Vivahr: recensione software marketing recruiting - Accurate Reviews<\/title>\n<meta name=\"description\" content=\"Vivahr: recensione software di monitoraggio dei candidati (ATS) per creare consapevolezza del marchi e coinvolgere possibili candidati.\" \/>\n<meta name=\"robots\" content=\"index, follow, max-snippet:-1, max-image-preview:large, max-video-preview:-1\" \/>\n<link rel=\"canonical\" href=\"https:\/\/www.accuratereviews.com\/it\/piattaforme-marketing-recruiting\/vivahr-recensione\/\" \/>\n<meta property=\"og:locale\" content=\"it_IT\" \/>\n<meta property=\"og:type\" content=\"article\" \/>\n<meta property=\"og:title\" content=\"Vivahr: recensione software marketing recruiting - Accurate Reviews\" \/>\n<meta property=\"og:description\" content=\"Vivahr: recensione software di monitoraggio dei candidati (ATS) per creare consapevolezza del marchi e coinvolgere possibili candidati.\" \/>\n<meta property=\"og:url\" content=\"https:\/\/www.accuratereviews.com\/it\/piattaforme-marketing-recruiting\/vivahr-recensione\/\" \/>\n<meta property=\"og:site_name\" content=\"Accurate Reviews\" \/>\n<meta property=\"og:image\" content=\"https:\/\/www.accuratereviews.com\/wp-content\/uploads\/2021\/09\/vivahr.png\" \/>\n\t<meta property=\"og:image:width\" content=\"600\" \/>\n\t<meta property=\"og:image:height\" content=\"315\" \/>\n\t<meta property=\"og:image:type\" content=\"image\/png\" \/>\n<meta name=\"twitter:card\" content=\"summary_large_image\" \/>\n<meta name=\"twitter:label1\" content=\"Tempo di lettura stimato\" \/>\n\t<meta name=\"twitter:data1\" content=\"5 minuti\" \/>\n<script type=\"application\/ld+json\" class=\"yoast-schema-graph\">{\"@context\":\"https:\\\/\\\/schema.org\",\"@graph\":[{\"@type\":\"WebPage\",\"@id\":\"https:\\\/\\\/www.accuratereviews.com\\\/it\\\/piattaforme-marketing-recruiting\\\/vivahr-recensione\\\/\",\"url\":\"https:\\\/\\\/www.accuratereviews.com\\\/it\\\/piattaforme-marketing-recruiting\\\/vivahr-recensione\\\/\",\"name\":\"Vivahr: recensione software marketing recruiting - Accurate Reviews\",\"isPartOf\":{\"@id\":\"https:\\\/\\\/www.accuratereviews.com\\\/it\\\/#website\"},\"primaryImageOfPage\":{\"@id\":\"https:\\\/\\\/www.accuratereviews.com\\\/it\\\/piattaforme-marketing-recruiting\\\/vivahr-recensione\\\/#primaryimage\"},\"image\":{\"@id\":\"https:\\\/\\\/www.accuratereviews.com\\\/it\\\/piattaforme-marketing-recruiting\\\/vivahr-recensione\\\/#primaryimage\"},\"thumbnailUrl\":\"https:\\\/\\\/www.accuratereviews.com\\\/wp-content\\\/uploads\\\/2021\\\/09\\\/vivahr.png\",\"datePublished\":\"2021-09-15T11:19:39+00:00\",\"description\":\"Vivahr: recensione software di monitoraggio dei candidati (ATS) per creare consapevolezza del marchi e coinvolgere possibili candidati.\",\"breadcrumb\":{\"@id\":\"https:\\\/\\\/www.accuratereviews.com\\\/it\\\/piattaforme-marketing-recruiting\\\/vivahr-recensione\\\/#breadcrumb\"},\"inLanguage\":\"it-IT\",\"potentialAction\":[{\"@type\":\"ReadAction\",\"target\":[\"https:\\\/\\\/www.accuratereviews.com\\\/it\\\/piattaforme-marketing-recruiting\\\/vivahr-recensione\\\/\"]}]},{\"@type\":\"ImageObject\",\"inLanguage\":\"it-IT\",\"@id\":\"https:\\\/\\\/www.accuratereviews.com\\\/it\\\/piattaforme-marketing-recruiting\\\/vivahr-recensione\\\/#primaryimage\",\"url\":\"https:\\\/\\\/www.accuratereviews.com\\\/wp-content\\\/uploads\\\/2021\\\/09\\\/vivahr.png\",\"contentUrl\":\"https:\\\/\\\/www.accuratereviews.com\\\/wp-content\\\/uploads\\\/2021\\\/09\\\/vivahr.png\",\"width\":600,\"height\":315},{\"@type\":\"BreadcrumbList\",\"@id\":\"https:\\\/\\\/www.accuratereviews.com\\\/it\\\/piattaforme-marketing-recruiting\\\/vivahr-recensione\\\/#breadcrumb\",\"itemListElement\":[{\"@type\":\"ListItem\",\"position\":1,\"name\":\"Home\",\"item\":\"https:\\\/\\\/www.accuratereviews.com\\\/it\\\/\"},{\"@type\":\"ListItem\",\"position\":2,\"name\":\"Piattaforme di marketing per il recruiting\",\"item\":\"https:\\\/\\\/www.accuratereviews.com\\\/it\\\/piattaforme-marketing-recruiting\\\/\"},{\"@type\":\"ListItem\",\"position\":3,\"name\":\"Vivahr\"}]},{\"@type\":\"WebSite\",\"@id\":\"https:\\\/\\\/www.accuratereviews.com\\\/it\\\/#website\",\"url\":\"https:\\\/\\\/www.accuratereviews.com\\\/it\\\/\",\"name\":\"Accurate Reviews\",\"description\":\"\",\"potentialAction\":[{\"@type\":\"SearchAction\",\"target\":{\"@type\":\"EntryPoint\",\"urlTemplate\":\"https:\\\/\\\/www.accuratereviews.com\\\/it\\\/?s={search_term_string}\"},\"query-input\":{\"@type\":\"PropertyValueSpecification\",\"valueRequired\":true,\"valueName\":\"search_term_string\"}}],\"inLanguage\":\"it-IT\"}]}<\/script>\n<!-- \/ Yoast SEO plugin. -->","yoast_head_json":{"title":"Vivahr: recensione software marketing recruiting - Accurate Reviews","description":"Vivahr: recensione software di monitoraggio dei candidati (ATS) per creare consapevolezza del marchi e coinvolgere possibili candidati.","robots":{"index":"index","follow":"follow","max-snippet":"max-snippet:-1","max-image-preview":"max-image-preview:large","max-video-preview":"max-video-preview:-1"},"canonical":"https:\/\/www.accuratereviews.com\/it\/piattaforme-marketing-recruiting\/vivahr-recensione\/","og_locale":"it_IT","og_type":"article","og_title":"Vivahr: recensione software marketing recruiting - Accurate Reviews","og_description":"Vivahr: recensione software di monitoraggio dei candidati (ATS) per creare consapevolezza del marchi e coinvolgere possibili candidati.","og_url":"https:\/\/www.accuratereviews.com\/it\/piattaforme-marketing-recruiting\/vivahr-recensione\/","og_site_name":"Accurate Reviews","og_image":[{"width":600,"height":315,"url":"https:\/\/www.accuratereviews.com\/wp-content\/uploads\/2021\/09\/vivahr.png","type":"image\/png"}],"twitter_card":"summary_large_image","twitter_misc":{"Tempo di lettura stimato":"5 minuti"},"schema":{"@context":"https:\/\/schema.org","@graph":[{"@type":"WebPage","@id":"https:\/\/www.accuratereviews.com\/it\/piattaforme-marketing-recruiting\/vivahr-recensione\/","url":"https:\/\/www.accuratereviews.com\/it\/piattaforme-marketing-recruiting\/vivahr-recensione\/","name":"Vivahr: recensione software marketing recruiting - Accurate Reviews","isPartOf":{"@id":"https:\/\/www.accuratereviews.com\/it\/#website"},"primaryImageOfPage":{"@id":"https:\/\/www.accuratereviews.com\/it\/piattaforme-marketing-recruiting\/vivahr-recensione\/#primaryimage"},"image":{"@id":"https:\/\/www.accuratereviews.com\/it\/piattaforme-marketing-recruiting\/vivahr-recensione\/#primaryimage"},"thumbnailUrl":"https:\/\/www.accuratereviews.com\/wp-content\/uploads\/2021\/09\/vivahr.png","datePublished":"2021-09-15T11:19:39+00:00","description":"Vivahr: recensione software di monitoraggio dei candidati (ATS) per creare consapevolezza del marchi e coinvolgere possibili candidati.","breadcrumb":{"@id":"https:\/\/www.accuratereviews.com\/it\/piattaforme-marketing-recruiting\/vivahr-recensione\/#breadcrumb"},"inLanguage":"it-IT","potentialAction":[{"@type":"ReadAction","target":["https:\/\/www.accuratereviews.com\/it\/piattaforme-marketing-recruiting\/vivahr-recensione\/"]}]},{"@type":"ImageObject","inLanguage":"it-IT","@id":"https:\/\/www.accuratereviews.com\/it\/piattaforme-marketing-recruiting\/vivahr-recensione\/#primaryimage","url":"https:\/\/www.accuratereviews.com\/wp-content\/uploads\/2021\/09\/vivahr.png","contentUrl":"https:\/\/www.accuratereviews.com\/wp-content\/uploads\/2021\/09\/vivahr.png","width":600,"height":315},{"@type":"BreadcrumbList","@id":"https:\/\/www.accuratereviews.com\/it\/piattaforme-marketing-recruiting\/vivahr-recensione\/#breadcrumb","itemListElement":[{"@type":"ListItem","position":1,"name":"Home","item":"https:\/\/www.accuratereviews.com\/it\/"},{"@type":"ListItem","position":2,"name":"Piattaforme di marketing per il recruiting","item":"https:\/\/www.accuratereviews.com\/it\/piattaforme-marketing-recruiting\/"},{"@type":"ListItem","position":3,"name":"Vivahr"}]},{"@type":"WebSite","@id":"https:\/\/www.accuratereviews.com\/it\/#website","url":"https:\/\/www.accuratereviews.com\/it\/","name":"Accurate Reviews","description":"","potentialAction":[{"@type":"SearchAction","target":{"@type":"EntryPoint","urlTemplate":"https:\/\/www.accuratereviews.com\/it\/?s={search_term_string}"},"query-input":{"@type":"PropertyValueSpecification","valueRequired":true,"valueName":"search_term_string"}}],"inLanguage":"it-IT"}]}},"_links":{"self":[{"href":"https:\/\/www.accuratereviews.com\/it\/wp-json\/wp\/v2\/pages\/47770","targetHints":{"allow":["GET"]}}],"collection":[{"href":"https:\/\/www.accuratereviews.com\/it\/wp-json\/wp\/v2\/pages"}],"about":[{"href":"https:\/\/www.accuratereviews.com\/it\/wp-json\/wp\/v2\/types\/page"}],"author":[{"embeddable":true,"href":"https:\/\/www.accuratereviews.com\/it\/wp-json\/wp\/v2\/users\/16"}],"replies":[{"embeddable":true,"href":"https:\/\/www.accuratereviews.com\/it\/wp-json\/wp\/v2\/comments?post=47770"}],"version-history":[{"count":8,"href":"https:\/\/www.accuratereviews.com\/it\/wp-json\/wp\/v2\/pages\/47770\/revisions"}],"predecessor-version":[{"id":47808,"href":"https:\/\/www.accuratereviews.com\/it\/wp-json\/wp\/v2\/pages\/47770\/revisions\/47808"}],"up":[{"embeddable":true,"href":"https:\/\/www.accuratereviews.com\/it\/wp-json\/wp\/v2\/pages\/47455"}],"wp:featuredmedia":[{"embeddable":true,"href":"https:\/\/www.accuratereviews.com\/it\/wp-json\/wp\/v2\/media\/47771"}],"wp:attachment":[{"href":"https:\/\/www.accuratereviews.com\/it\/wp-json\/wp\/v2\/media?parent=47770"}],"wp:term":[{"taxonomy":"category","embeddable":true,"href":"https:\/\/www.accuratereviews.com\/it\/wp-json\/wp\/v2\/categories?post=47770"},{"taxonomy":"post_tag","embeddable":true,"href":"https:\/\/www.accuratereviews.com\/it\/wp-json\/wp\/v2\/tags?post=47770"},{"taxonomy":"features","embeddable":true,"href":"https:\/\/www.accuratereviews.com\/it\/wp-json\/wp\/v2\/features?post=47770"}],"curies":[{"name":"wp","href":"https:\/\/api.w.org\/{rel}","templated":true}]}}