{"id":47876,"date":"2021-09-17T11:21:31","date_gmt":"2021-09-17T11:21:31","guid":{"rendered":"https:\/\/www.accuratereviews.com\/?page_id=47876"},"modified":"2021-09-17T11:21:31","modified_gmt":"2021-09-17T11:21:31","slug":"pageup-recensione","status":"publish","type":"page","link":"https:\/\/www.accuratereviews.com\/it\/piattaforme-marketing-recruiting\/pageup-recensione\/","title":{"rendered":"PageUp"},"content":{"rendered":"<p><strong>PageUp<\/strong> \u00e8 una <strong>potente piattaforma di gestione dei talenti<\/strong> con capacit\u00e0 uniche per trasformare le esperienze di assunzione e coinvolgimento per i candidati.\u00a0A differenza di altri fornitori di acquisizione o gestione di talenti SaaS, il software offre una suite completa di strumenti moderni per aiutare le aziende ad attrarre, coinvolgere e trattenere potenziali dipendenti e fornire risultati misurabili. Migliora i processi di assunzione e sviluppo con la tecnologia che i professionisti delle risorse umane, i leader del personale, i candidati e i dipendenti amano utilizzare. Dal Recruitment Marketing, che include sofisticati strumenti di gestione dei contenuti (siti di carriera AI), automazione del marketing e gestione delle relazioni con i candidati (CRM), fino a Recruitment Management, Onboarding, Learning, Performance e Succession.<\/p>\n<h2>PAGEUP &#8211; TUTORIAL<\/h2>\n<p>Guardiamo il video di questo <strong>software di marketing<\/strong> per il <strong>reclutamento<\/strong>:<\/p>\n<div id=\"fluid-wrapper-counter-1\" class=\"g1-fluid-wrapper \" style=\"width:686px;\">\n<div style=\"padding-bottom:56.268221574344%;\"><iframe loading=\"lazy\" title=\"Recruitment marketing: HR buzzword or must-have strategy?\" width=\"686\" height=\"386\" src=\"https:\/\/www.youtube.com\/embed\/NA8I3kFZPEo?feature=oembed&amp;wmode=transparent&amp;autohide=1&amp;autoplay=0&amp;disablekb=0&amp;fs=1&amp;loop=0&amp;enablejsapi=1&amp;rel=0&amp;controls=2&amp;showinfo=0&amp;wmode=transparent&amp;autohide=2&amp;autoplay=0&amp;disablekb=0&amp;fs=1&amp;loop=0&amp;enablejsapi=1&amp;rel=0&amp;controls=2&amp;showinfo=1\" frameborder=\"0\" allow=\"accelerometer; autoplay; clipboard-write; encrypted-media; gyroscope; picture-in-picture\" allowfullscreen><\/iframe><\/div>\n<\/div>\n<h3>PAGEUP &#8211; CARATTERISTICHE<\/h3>\n<ul>\n<li><strong>Facile gestione del sito web<\/strong>: costruisci e aggiorna tu stesso il tuo sito web e le pagine di destinazione. Sono accessibili, reattivi e facilmente stilizzati per riflettere il marchio dell&#8217;azienda. L&#8217;apprendimento automatico garantisce che siano automaticamente ottimizzati per i motori di ricerca ogni volta<\/li>\n<li><strong>Analisi per aumentare la conversione dei candidati:<\/strong> comprendi l&#8217;intero percorso del candidato, dalla prima all&#8217;ultima interazione. Scopri esattamente quali pagine, contenuti e canali funzionano per te e concentrati su quelli pi\u00f9 efficaci. Crea una potente strategia di approvvigionamento e contenuto e misura i miglioramenti<\/li>\n<li><strong>Viaggio personalizzato del candidato<\/strong>: offri un&#8217;esperienza personalizzata per ogni candidato, tutto automatizzato per aumentare le conversioni da applicare. Dalle eccezionali pagine di lavoro personalizzate, ai contenuti selezionati dall&#8217;intelligenza artificiale, alle comunicazioni via email, sms, text-to-apply e chatbot: i candidati avranno un&#8217;esperienza su misura<\/li>\n<li><strong>Assunzioni di qualit\u00e0, a tempo di record<\/strong>: con l&#8217;automazione leader del settore, un sofisticato pool di talenti e dashboard di facile comprensione, accelererai le assunzioni incrementando la qualit\u00e0.<\/li>\n<li><strong>Automazione e analisi del flusso di lavoro di reclutamento<\/strong>: semplifica e accelera il processo di reclutamento con flussi di lavoro flessibili progettati per il tuo settore e i casi d&#8217;uso. Ottieni informazioni dettagliate sul reclutamento da potenti analisi e report per aumentare l&#8217;efficienza, migliorare l&#8217;esperienza e ridurre i costi<\/li>\n<li><strong>Capacit\u00e0 di reclutamento senza pari<\/strong>: assegna priorit\u00e0 e completa in modo efficiente le attivit\u00e0 utilizzando funzionalit\u00e0 avanzate tra cui automazione, azioni in blocco e avvisi. La gestione delle relazioni con i candidati e gli strumenti di sourcing proattivi consentono ai reclutatori di creare ricche pipeline di talenti.<\/li>\n<\/ul>\n<h4>LE RECENSIONI DEGLI UTENTI<\/h4>\n<p><strong>Ashley P.&#8221;PageUp \u00e8 ancora il leader per il software HR australiano&#8221;<\/strong><\/p>\n<p><strong>Commenti: <\/strong>\u00c8 un prodotto eccellente. Il servizio clienti \u00e8 vicino a tutti. \u00c8 molto adatto alle esigenze dell&#8217;UNSW.<\/p>\n<p><strong>Pro: <\/strong>Lo strumento di reclutamento \u00e8 il migliore del settore. \u00c8 molto facile tenere traccia delle attivit\u00e0 di reclutamento e offrire candidati di alta qualit\u00e0.<\/p>\n<p><strong>Contro: <\/strong>Ci sono cos\u00ec tante opzioni di personalizzazione e per ottenere il massimo dal software \u00e8 necessario dedicare molto tempo a esaminare tutte le opzioni per assicurarsi di ottenere il massimo dal sistema.<\/p>\n<p class=\"font-weight-bold mb-1 d-flex align-items-center\"><strong>Brianna K.&#8221;Sistema robusto che offre&#8221;<\/strong><\/p>\n<p><strong>Pro: <\/strong>Eravamo piuttosto limitati con il nostro provider esistente, quindi passare a PageUp ci ha aperto gli occhi su un&#8217;ampia gamma di nuovi modi di fare le cose. La funzione di reporting \u00e8 lo strumento da cui stiamo ottenendo il massimo utilizzo.<\/p>\n<p><strong>Contro: <\/strong>Selezione collettiva dei candidati, tuttavia esamineremo il nostro modo esistente di intraprendere questo processo e PageUp ci consentir\u00e0 di farlo meglio.<\/p>\n<p class=\"font-weight-bold mb-1 d-flex align-items-center\"><strong>Racquel L.&#8221;Ottima esperienza utente&#8221;<\/strong><\/p>\n<p><strong>Commenti: <\/strong>Dal punto di vista dell&#8217;utente, c&#8217;\u00e8 molto che puoi usare sulla piattaforma per essere proattivo nel reclutamento (ad es. pool di talenti). Sebbene il team di supporto dal vivo sia stato eccezionale, il team del servizio clienti (offline) non \u00e8 stato cos\u00ec utile a volte a causa della mancanza di risposta.<\/p>\n<p><strong>Pro: <\/strong>Lo strumento di segnalazione \u00e8 ottimo, consentendo agli utenti di modificare i fattori inclusi. Il team di supporto Live \u00e8 molto utile e far\u00e0 sempre di tutto per aiutarti con il problema che stai affrontando. Consente inoltre ai team di reclutamento di essere proattivi nel loro approccio con l&#8217;uso di pool di talenti.<\/p>\n<p><strong>Contro: <\/strong>A volte pu\u00f2 essere difficile trovare quello che stai cercando<\/p>\n<div class=\"ml-4 pl-4 border-left border-left__dotted i18n-translation_vendor_container\" data-translation-id=\"2621399\" data-translation-vendor-target=\"original\">\n<div class=\"d-flex flex-wrap flex-md-nowrap align-items-center\">\n<h4 class=\"h5 font-weight-bold\"><\/h4>\n<\/div>\n<\/div>\n<p>&nbsp;<\/p>\n","protected":false},"excerpt":{"rendered":"<p>PageUp \u00e8 una potente piattaforma di gestione dei talenti con capacit\u00e0 uniche per trasformare le esperienze di assunzione e coinvolgimento per i candidati.\u00a0A differenza di altri fornitori di acquisizione o gestione di talenti SaaS, il software offre una suite completa di strumenti moderni per aiutare le aziende ad attrarre, coinvolgere e trattenere potenziali dipendenti e fornire risultati misurabili.<\/p>\n","protected":false},"author":16,"featured_media":47877,"parent":47455,"menu_order":0,"comment_status":"open","ping_status":"closed","template":"g1_template_page_review_new.php","meta":{"_acf_changed":false,"cwp_meta_box_check":"No","cwp_rev_product_name":"","cwp_rev_product_image":"","wppr_links":[],"cwp_rev_price":"","wppr_options":[],"wppr_pros":[],"wppr_cons":[],"_monsterinsights_skip_tracking":false,"_monsterinsights_sitenote_active":false,"_monsterinsights_sitenote_note":"","_monsterinsights_sitenote_category":0,"footnotes":""},"categories":[11077],"tags":[11107,11165,11110,11093,11092,11091,11164,11090],"features":[],"class_list":{"0":"post-47876","1":"page","2":"type-page","3":"status-publish","4":"has-post-thumbnail","6":"category-piattaforme-marketing-recruiting-cat","7":"tag-gestione-reclutamento","8":"tag-pageup","9":"tag-piattaforma-marketing-recruiting","10":"tag-programma-marketing-recruiting","11":"tag-reclutamento","12":"tag-software-marketing-recruiting","13":"tag-software-per-reclutamento","14":"tag-soluzione-marketing-recruiting"},"wppr_data":{"cwp_meta_box_check":"No"},"acf":[],"yoast_head":"<!-- This site is optimized with the Yoast SEO plugin v27.4 - https:\/\/yoast.com\/product\/yoast-seo-wordpress\/ -->\n<title>PageUp: recensione software marketing per recruiting - Accurate Reviews<\/title>\n<meta name=\"description\" content=\"PageUp: recensione piattaforma di gestione dei talenti per trasformare le esperienze di assunzione e coinvolgimento per i candidati.\" \/>\n<meta name=\"robots\" content=\"index, follow, max-snippet:-1, max-image-preview:large, max-video-preview:-1\" \/>\n<link rel=\"canonical\" href=\"https:\/\/www.accuratereviews.com\/it\/piattaforme-marketing-recruiting\/pageup-recensione\/\" \/>\n<meta property=\"og:locale\" content=\"it_IT\" \/>\n<meta property=\"og:type\" content=\"article\" \/>\n<meta property=\"og:title\" content=\"PageUp: recensione software marketing per recruiting - Accurate Reviews\" \/>\n<meta property=\"og:description\" content=\"PageUp: recensione piattaforma di gestione dei talenti per trasformare le esperienze di assunzione e coinvolgimento per i candidati.\" \/>\n<meta property=\"og:url\" content=\"https:\/\/www.accuratereviews.com\/it\/piattaforme-marketing-recruiting\/pageup-recensione\/\" \/>\n<meta property=\"og:site_name\" content=\"Accurate Reviews\" \/>\n<meta property=\"og:image\" content=\"https:\/\/www.accuratereviews.com\/wp-content\/uploads\/2021\/09\/PageUp.png\" \/>\n\t<meta property=\"og:image:width\" content=\"225\" \/>\n\t<meta property=\"og:image:height\" content=\"225\" \/>\n\t<meta property=\"og:image:type\" content=\"image\/png\" \/>\n<meta name=\"twitter:card\" content=\"summary_large_image\" \/>\n<meta name=\"twitter:label1\" content=\"Tempo di lettura stimato\" \/>\n\t<meta name=\"twitter:data1\" content=\"3 minuti\" \/>\n<script type=\"application\/ld+json\" class=\"yoast-schema-graph\">{\"@context\":\"https:\\\/\\\/schema.org\",\"@graph\":[{\"@type\":\"WebPage\",\"@id\":\"https:\\\/\\\/www.accuratereviews.com\\\/it\\\/piattaforme-marketing-recruiting\\\/pageup-recensione\\\/\",\"url\":\"https:\\\/\\\/www.accuratereviews.com\\\/it\\\/piattaforme-marketing-recruiting\\\/pageup-recensione\\\/\",\"name\":\"PageUp: recensione software marketing per recruiting - Accurate Reviews\",\"isPartOf\":{\"@id\":\"https:\\\/\\\/www.accuratereviews.com\\\/it\\\/#website\"},\"primaryImageOfPage\":{\"@id\":\"https:\\\/\\\/www.accuratereviews.com\\\/it\\\/piattaforme-marketing-recruiting\\\/pageup-recensione\\\/#primaryimage\"},\"image\":{\"@id\":\"https:\\\/\\\/www.accuratereviews.com\\\/it\\\/piattaforme-marketing-recruiting\\\/pageup-recensione\\\/#primaryimage\"},\"thumbnailUrl\":\"https:\\\/\\\/www.accuratereviews.com\\\/wp-content\\\/uploads\\\/2021\\\/09\\\/PageUp.png\",\"datePublished\":\"2021-09-17T11:21:31+00:00\",\"description\":\"PageUp: recensione piattaforma di gestione dei talenti per trasformare le esperienze di assunzione e coinvolgimento per i candidati.\",\"breadcrumb\":{\"@id\":\"https:\\\/\\\/www.accuratereviews.com\\\/it\\\/piattaforme-marketing-recruiting\\\/pageup-recensione\\\/#breadcrumb\"},\"inLanguage\":\"it-IT\",\"potentialAction\":[{\"@type\":\"ReadAction\",\"target\":[\"https:\\\/\\\/www.accuratereviews.com\\\/it\\\/piattaforme-marketing-recruiting\\\/pageup-recensione\\\/\"]}]},{\"@type\":\"ImageObject\",\"inLanguage\":\"it-IT\",\"@id\":\"https:\\\/\\\/www.accuratereviews.com\\\/it\\\/piattaforme-marketing-recruiting\\\/pageup-recensione\\\/#primaryimage\",\"url\":\"https:\\\/\\\/www.accuratereviews.com\\\/wp-content\\\/uploads\\\/2021\\\/09\\\/PageUp.png\",\"contentUrl\":\"https:\\\/\\\/www.accuratereviews.com\\\/wp-content\\\/uploads\\\/2021\\\/09\\\/PageUp.png\",\"width\":225,\"height\":225},{\"@type\":\"BreadcrumbList\",\"@id\":\"https:\\\/\\\/www.accuratereviews.com\\\/it\\\/piattaforme-marketing-recruiting\\\/pageup-recensione\\\/#breadcrumb\",\"itemListElement\":[{\"@type\":\"ListItem\",\"position\":1,\"name\":\"Home\",\"item\":\"https:\\\/\\\/www.accuratereviews.com\\\/it\\\/\"},{\"@type\":\"ListItem\",\"position\":2,\"name\":\"Piattaforme di marketing per il recruiting\",\"item\":\"https:\\\/\\\/www.accuratereviews.com\\\/it\\\/piattaforme-marketing-recruiting\\\/\"},{\"@type\":\"ListItem\",\"position\":3,\"name\":\"PageUp\"}]},{\"@type\":\"WebSite\",\"@id\":\"https:\\\/\\\/www.accuratereviews.com\\\/it\\\/#website\",\"url\":\"https:\\\/\\\/www.accuratereviews.com\\\/it\\\/\",\"name\":\"Accurate Reviews\",\"description\":\"\",\"potentialAction\":[{\"@type\":\"SearchAction\",\"target\":{\"@type\":\"EntryPoint\",\"urlTemplate\":\"https:\\\/\\\/www.accuratereviews.com\\\/it\\\/?s={search_term_string}\"},\"query-input\":{\"@type\":\"PropertyValueSpecification\",\"valueRequired\":true,\"valueName\":\"search_term_string\"}}],\"inLanguage\":\"it-IT\"}]}<\/script>\n<!-- \/ Yoast SEO plugin. -->","yoast_head_json":{"title":"PageUp: recensione software marketing per recruiting - Accurate Reviews","description":"PageUp: recensione piattaforma di gestione dei talenti per trasformare le esperienze di assunzione e coinvolgimento per i candidati.","robots":{"index":"index","follow":"follow","max-snippet":"max-snippet:-1","max-image-preview":"max-image-preview:large","max-video-preview":"max-video-preview:-1"},"canonical":"https:\/\/www.accuratereviews.com\/it\/piattaforme-marketing-recruiting\/pageup-recensione\/","og_locale":"it_IT","og_type":"article","og_title":"PageUp: recensione software marketing per recruiting - Accurate Reviews","og_description":"PageUp: recensione piattaforma di gestione dei talenti per trasformare le esperienze di assunzione e coinvolgimento per i candidati.","og_url":"https:\/\/www.accuratereviews.com\/it\/piattaforme-marketing-recruiting\/pageup-recensione\/","og_site_name":"Accurate Reviews","og_image":[{"width":225,"height":225,"url":"https:\/\/www.accuratereviews.com\/wp-content\/uploads\/2021\/09\/PageUp.png","type":"image\/png"}],"twitter_card":"summary_large_image","twitter_misc":{"Tempo di lettura stimato":"3 minuti"},"schema":{"@context":"https:\/\/schema.org","@graph":[{"@type":"WebPage","@id":"https:\/\/www.accuratereviews.com\/it\/piattaforme-marketing-recruiting\/pageup-recensione\/","url":"https:\/\/www.accuratereviews.com\/it\/piattaforme-marketing-recruiting\/pageup-recensione\/","name":"PageUp: recensione software marketing per recruiting - Accurate Reviews","isPartOf":{"@id":"https:\/\/www.accuratereviews.com\/it\/#website"},"primaryImageOfPage":{"@id":"https:\/\/www.accuratereviews.com\/it\/piattaforme-marketing-recruiting\/pageup-recensione\/#primaryimage"},"image":{"@id":"https:\/\/www.accuratereviews.com\/it\/piattaforme-marketing-recruiting\/pageup-recensione\/#primaryimage"},"thumbnailUrl":"https:\/\/www.accuratereviews.com\/wp-content\/uploads\/2021\/09\/PageUp.png","datePublished":"2021-09-17T11:21:31+00:00","description":"PageUp: recensione piattaforma di gestione dei talenti per trasformare le esperienze di assunzione e coinvolgimento per i candidati.","breadcrumb":{"@id":"https:\/\/www.accuratereviews.com\/it\/piattaforme-marketing-recruiting\/pageup-recensione\/#breadcrumb"},"inLanguage":"it-IT","potentialAction":[{"@type":"ReadAction","target":["https:\/\/www.accuratereviews.com\/it\/piattaforme-marketing-recruiting\/pageup-recensione\/"]}]},{"@type":"ImageObject","inLanguage":"it-IT","@id":"https:\/\/www.accuratereviews.com\/it\/piattaforme-marketing-recruiting\/pageup-recensione\/#primaryimage","url":"https:\/\/www.accuratereviews.com\/wp-content\/uploads\/2021\/09\/PageUp.png","contentUrl":"https:\/\/www.accuratereviews.com\/wp-content\/uploads\/2021\/09\/PageUp.png","width":225,"height":225},{"@type":"BreadcrumbList","@id":"https:\/\/www.accuratereviews.com\/it\/piattaforme-marketing-recruiting\/pageup-recensione\/#breadcrumb","itemListElement":[{"@type":"ListItem","position":1,"name":"Home","item":"https:\/\/www.accuratereviews.com\/it\/"},{"@type":"ListItem","position":2,"name":"Piattaforme di marketing per il recruiting","item":"https:\/\/www.accuratereviews.com\/it\/piattaforme-marketing-recruiting\/"},{"@type":"ListItem","position":3,"name":"PageUp"}]},{"@type":"WebSite","@id":"https:\/\/www.accuratereviews.com\/it\/#website","url":"https:\/\/www.accuratereviews.com\/it\/","name":"Accurate Reviews","description":"","potentialAction":[{"@type":"SearchAction","target":{"@type":"EntryPoint","urlTemplate":"https:\/\/www.accuratereviews.com\/it\/?s={search_term_string}"},"query-input":{"@type":"PropertyValueSpecification","valueRequired":true,"valueName":"search_term_string"}}],"inLanguage":"it-IT"}]}},"_links":{"self":[{"href":"https:\/\/www.accuratereviews.com\/it\/wp-json\/wp\/v2\/pages\/47876","targetHints":{"allow":["GET"]}}],"collection":[{"href":"https:\/\/www.accuratereviews.com\/it\/wp-json\/wp\/v2\/pages"}],"about":[{"href":"https:\/\/www.accuratereviews.com\/it\/wp-json\/wp\/v2\/types\/page"}],"author":[{"embeddable":true,"href":"https:\/\/www.accuratereviews.com\/it\/wp-json\/wp\/v2\/users\/16"}],"replies":[{"embeddable":true,"href":"https:\/\/www.accuratereviews.com\/it\/wp-json\/wp\/v2\/comments?post=47876"}],"version-history":[{"count":6,"href":"https:\/\/www.accuratereviews.com\/it\/wp-json\/wp\/v2\/pages\/47876\/revisions"}],"predecessor-version":[{"id":47909,"href":"https:\/\/www.accuratereviews.com\/it\/wp-json\/wp\/v2\/pages\/47876\/revisions\/47909"}],"up":[{"embeddable":true,"href":"https:\/\/www.accuratereviews.com\/it\/wp-json\/wp\/v2\/pages\/47455"}],"wp:featuredmedia":[{"embeddable":true,"href":"https:\/\/www.accuratereviews.com\/it\/wp-json\/wp\/v2\/media\/47877"}],"wp:attachment":[{"href":"https:\/\/www.accuratereviews.com\/it\/wp-json\/wp\/v2\/media?parent=47876"}],"wp:term":[{"taxonomy":"category","embeddable":true,"href":"https:\/\/www.accuratereviews.com\/it\/wp-json\/wp\/v2\/categories?post=47876"},{"taxonomy":"post_tag","embeddable":true,"href":"https:\/\/www.accuratereviews.com\/it\/wp-json\/wp\/v2\/tags?post=47876"},{"taxonomy":"features","embeddable":true,"href":"https:\/\/www.accuratereviews.com\/it\/wp-json\/wp\/v2\/features?post=47876"}],"curies":[{"name":"wp","href":"https:\/\/api.w.org\/{rel}","templated":true}]}}