{"id":48026,"date":"2021-09-22T10:46:41","date_gmt":"2021-09-22T10:46:41","guid":{"rendered":"https:\/\/www.accuratereviews.com\/?page_id=48026"},"modified":"2021-09-22T10:46:41","modified_gmt":"2021-09-22T10:46:41","slug":"upfluence-recensione","status":"publish","type":"page","link":"https:\/\/www.accuratereviews.com\/it\/piattaforme-influencer-marketing\/upfluence-recensione\/","title":{"rendered":"Upfluence"},"content":{"rendered":"<p><strong>Upfluence<\/strong> \u00e8 una <strong>soluzione all-in-one per la ricerca di influencer<\/strong> e la gestione dei contenuti ospitata nel <strong>cloud<\/strong>. \u00c8 una piattaforma completa in cui le aziende possono scoprire e identificare gli influencer adatti a promuovere il proprio marchio. Il software offre anche strumenti che aiutano a gestire una campagna di marketing e a condurre rapporti post-progetto. La soluzione\u00a0fornir\u00e0 innanzitutto agli utenti un vasto database di influencer di Facebook, Twitter, Instagram, YouTube, Pinterest e i migliori blogger. \u00c8 qui che \u00e8 possibile utilizzare <strong>parole chiave<\/strong> o dati relativi alle statistiche degli influencer, alla geolocalizzazione, al tasso di coinvolgimento e alle dimensioni della comunit\u00e0 sociale per valutare possibili rappresentanti del marchio.\u00a0Il software ha funzionalit\u00e0 per aiutare a eseguire le campagne pubblicitarie come strumenti di posta elettronica e altro ancora.<\/p>\n<h2>UPFLUENCE &#8211; TUTORIAL<\/h2>\n<p>Comprendere il potere di connettere gli strumenti che utilizzi all&#8217;interno della tua strategia di <strong>influencer marketing<\/strong> \u00e8 la chiave per una campagna di influencer senza interruzioni e ottimizzata. Guarda il tutorial:<\/p>\n<div id=\"fluid-wrapper-counter-1\" class=\"g1-fluid-wrapper \" style=\"width:686px;\">\n<div style=\"padding-bottom:56.268221574344%;\"><iframe loading=\"lazy\" title=\"Using Integrations to Amplify Influencer Marketing Campaigns &amp; Unlocking New Revenue Opportunities!\" width=\"686\" height=\"386\" src=\"https:\/\/www.youtube.com\/embed\/aWZqAWjUzD8?list=PLq-fcu-fm_e9KKF7_JIHqH6GajUjdRiZo\" frameborder=\"0\" allow=\"accelerometer; autoplay; clipboard-write; encrypted-media; gyroscope; picture-in-picture\" allowfullscreen><\/iframe><\/div>\n<\/div>\n<p>&nbsp;<\/p>\n<h3>UPFLUENCE &#8211; CARATTERISTICHE<\/h3>\n<ul>\n<li>Trova i migliori influencer per il tuo marchio con lo strumento di ricerca avanzato<\/li>\n<li>Filtra la tua ricerca per parola chiave, piattaforma social, tassi di coinvolgimento, dimensione del pubblico, dati demografici e altro per trovare influencer in linea con il tuo pubblico di destinazione e gli obiettivi della campagna<\/li>\n<li>Trova influencer ancora pi\u00f9 rilevanti con l&#8217;aiuto della raccomandazione AI<\/li>\n<li>Crea tutte le liste di influencer di cui hai bisogno: crea pi\u00f9 elenchi in base alla strategia e agli obiettivi della tua campagna<\/li>\n<li>Puoi scaricare le tue liste in CSV o Excel per condividerli con terze parti<\/li>\n<li>Accedi alle metriche delle prestazioni per Instagram, Youtube, TikTok, Twitch e Twitter. Ottieni un&#8217;analisi approfondita degli influencer su tassi di coinvolgimento, commenti e Mi piace, visualizzazioni medie e altro ancora<\/li>\n<li>Visualizza i post recenti, ottieni approfondimenti sulle abitudini di pubblicazione in modo da sapere quando un influencer \u00e8 pi\u00f9 attivo e vedere come si sono evoluti i loro impegni nel tempo<\/li>\n<li>Scegliere i giusti creatori di contenuti \u00e8 importante, ma scegliere influencer che parlano al tuo pubblico di destinazione ancora di pi\u00f9<\/li>\n<li>Analizza i dati demografici del pubblico di un influencer, inclusi et\u00e0, sesso e posizione. Controlla la realt\u00e0 del pubblico per assicurarti un pubblico autentico ed evita di spendere quei soldi pubblicitari su follower falsi<\/li>\n<li>Scopri con quali marchi gli influencer hanno collaborato in passato e smetti di perdere tempo a contattare gli influencer che gi\u00e0 lavorano con i tuoi concorrenti o che non sono in linea con i valori del tuo marchio<\/li>\n<li>Centralizza tutti gli influencer con cui hai lavorato nelle campagne precedenti o con cui stai attualmente lavorando in un&#8217;unica dashboard<\/li>\n<li>Filtra i tuoi influencer per nome, posizione, campagna e altro e tieni traccia della loro ultima attivit\u00e0 per sapere chi \u00e8 attivo e chi ha bisogno di un follow-up<\/li>\n<li>Aggiungi influencer al tuo programma di affiliazione direttamente dalla tua dashboard IRM<\/li>\n<li>Emetti codici promozionali personalizzati nativamente compatibili con il tuo negozio online e guarda crescere le tue vendite<\/li>\n<\/ul>\n<h4>LE RECENSIONI DEGLI UTENTI<\/h4>\n<p class=\"font-weight-bold mb-1 d-flex align-items-center\"><strong>Xavier S.&#8221;Upfluence ci rende efficienti!&#8221;<\/strong><\/p>\n<p><strong>Pro: <\/strong>Flusso chiaro: identificazione, selezione, approvazione, contrattazione, rendicontazione.\u00a0Dati utili per influencer e benchmark.\u00a0Esperienza utente semplice.<\/p>\n<p><strong>Contro: <\/strong>Abituarsi alla suddivisione e all&#8217;organizzazione dei dati.<\/p>\n<p class=\"font-weight-bold mb-1 d-flex align-items-center\"><strong>Katrin R.&#8221;Ottimo strumento per un utilizzo semplice&#8221;<\/strong><\/p>\n<p><strong>Commenti: <\/strong>Molto positivo. Il servizio clienti \u00e8 fantastico!! Penso che lo stiamo usando non ancora nella sua piena estensione.<\/p>\n<p><strong>Pro: <\/strong>La semplicit\u00e0 dello strumento, buona panoramica<\/p>\n<p><strong>Contro: <\/strong>A volte mi chiedo quanto siano accurati i numeri mentre altri strumenti mostrano altri numeri. Per esempio. tasso di coinvolgimento<\/p>\n<p class=\"font-weight-bold mb-1 d-flex align-items-center\"><strong>Nydia Z.&#8221;bel software!&#8221;<\/strong><\/p>\n<p><strong>Commenti: <\/strong>Uso questo software da un paio di mesi. Migliora l&#8217;efficienza lavorativa.<\/p>\n<p><strong>Pro: <\/strong>il servizio clienti \u00e8 fantastico!! Mi aiuta a entrare in contatto con pi\u00f9 influencer e a lanciare pi\u00f9 campagne!<\/p>\n<p><strong>Contro: <\/strong>L&#8217;unica cosa di cui lamentarsi \u00e8 che la ricerca non \u00e8 sufficientemente accurata (ma va bene).<\/p>\n","protected":false},"excerpt":{"rendered":"<p>Upfluence \u00e8 una soluzione all-in-one per la ricerca di influencer e la gestione dei contenuti ospitata nel cloud. \u00c8 una piattaforma completa in cui le aziende possono scoprire e identificare gli influencer adatti a promuovere il proprio marchio. Il software offre anche strumenti che aiutano a gestire una campagna di marketing e a condurre rapporti post-progetto.<\/p>\n","protected":false},"author":16,"featured_media":48027,"parent":48041,"menu_order":0,"comment_status":"open","ping_status":"closed","template":"g1_template_page_review_new.php","meta":{"_acf_changed":false,"cwp_meta_box_check":"Yes","cwp_rev_product_name":"","cwp_rev_product_image":"","wppr_links":[],"cwp_rev_price":"","wppr_options":[],"wppr_pros":[],"wppr_cons":[],"_monsterinsights_skip_tracking":false,"_monsterinsights_sitenote_active":false,"_monsterinsights_sitenote_note":"","_monsterinsights_sitenote_category":0,"footnotes":""},"categories":[11175],"tags":[11191,11188,11181,11192,11193],"features":[],"class_list":{"0":"post-48026","1":"page","2":"type-page","3":"status-publish","4":"has-post-thumbnail","6":"category-piattaforme-per-influencer-marketing","7":"tag-piattaforma-per-influencer-marketing","8":"tag-piattaforma-per-infulencer-marketing","9":"tag-software-per-influencer-marketing","10":"tag-soluzione-per-influencer-marketing","11":"tag-upfluence"},"wppr_data":{"cwp_meta_box_check":"Yes","cwp_rev_product_name":"","cwp_rev_product_image":"","cwp_image_link":"image","cwp_rev_price":"","wppr_rating":"0.00"},"acf":[],"yoast_head":"<!-- This site is optimized with the Yoast SEO plugin v27.4 - https:\/\/yoast.com\/product\/yoast-seo-wordpress\/ -->\n<title>Upfluence: recensione piattaforma influencer marketing Accurate Reviews<\/title>\n<meta name=\"description\" content=\"Upfluence: recensione soluzione all-in-one per la ricerca di influencer e la gestione dei contenuti ospitata nel cloud.\" \/>\n<meta name=\"robots\" content=\"index, follow, max-snippet:-1, max-image-preview:large, max-video-preview:-1\" \/>\n<link rel=\"canonical\" href=\"https:\/\/www.accuratereviews.com\/it\/piattaforme-influencer-marketing\/upfluence-recensione\/\" \/>\n<meta property=\"og:locale\" content=\"it_IT\" \/>\n<meta property=\"og:type\" content=\"article\" \/>\n<meta property=\"og:title\" content=\"Upfluence: recensione piattaforma influencer marketing Accurate Reviews\" \/>\n<meta property=\"og:description\" content=\"Upfluence: recensione soluzione all-in-one per la ricerca di influencer e la gestione dei contenuti ospitata nel cloud.\" \/>\n<meta property=\"og:url\" content=\"https:\/\/www.accuratereviews.com\/it\/piattaforme-influencer-marketing\/upfluence-recensione\/\" \/>\n<meta property=\"og:site_name\" content=\"Accurate Reviews\" \/>\n<meta property=\"og:image\" content=\"https:\/\/www.accuratereviews.com\/wp-content\/uploads\/2021\/09\/Upfluence.png\" \/>\n\t<meta property=\"og:image:width\" content=\"860\" \/>\n\t<meta property=\"og:image:height\" content=\"227\" \/>\n\t<meta property=\"og:image:type\" content=\"image\/png\" \/>\n<meta name=\"twitter:card\" content=\"summary_large_image\" \/>\n<meta name=\"twitter:label1\" content=\"Tempo di lettura stimato\" \/>\n\t<meta name=\"twitter:data1\" content=\"3 minuti\" \/>\n<script type=\"application\/ld+json\" class=\"yoast-schema-graph\">{\"@context\":\"https:\\\/\\\/schema.org\",\"@graph\":[{\"@type\":\"WebPage\",\"@id\":\"https:\\\/\\\/www.accuratereviews.com\\\/it\\\/piattaforme-influencer-marketing\\\/upfluence-recensione\\\/\",\"url\":\"https:\\\/\\\/www.accuratereviews.com\\\/it\\\/piattaforme-influencer-marketing\\\/upfluence-recensione\\\/\",\"name\":\"Upfluence: recensione piattaforma influencer marketing Accurate Reviews\",\"isPartOf\":{\"@id\":\"https:\\\/\\\/www.accuratereviews.com\\\/it\\\/#website\"},\"primaryImageOfPage\":{\"@id\":\"https:\\\/\\\/www.accuratereviews.com\\\/it\\\/piattaforme-influencer-marketing\\\/upfluence-recensione\\\/#primaryimage\"},\"image\":{\"@id\":\"https:\\\/\\\/www.accuratereviews.com\\\/it\\\/piattaforme-influencer-marketing\\\/upfluence-recensione\\\/#primaryimage\"},\"thumbnailUrl\":\"https:\\\/\\\/www.accuratereviews.com\\\/wp-content\\\/uploads\\\/2021\\\/09\\\/Upfluence.png\",\"datePublished\":\"2021-09-22T10:46:41+00:00\",\"description\":\"Upfluence: recensione soluzione all-in-one per la ricerca di influencer e la gestione dei contenuti ospitata nel cloud.\",\"breadcrumb\":{\"@id\":\"https:\\\/\\\/www.accuratereviews.com\\\/it\\\/piattaforme-influencer-marketing\\\/upfluence-recensione\\\/#breadcrumb\"},\"inLanguage\":\"it-IT\",\"potentialAction\":[{\"@type\":\"ReadAction\",\"target\":[\"https:\\\/\\\/www.accuratereviews.com\\\/it\\\/piattaforme-influencer-marketing\\\/upfluence-recensione\\\/\"]}]},{\"@type\":\"ImageObject\",\"inLanguage\":\"it-IT\",\"@id\":\"https:\\\/\\\/www.accuratereviews.com\\\/it\\\/piattaforme-influencer-marketing\\\/upfluence-recensione\\\/#primaryimage\",\"url\":\"https:\\\/\\\/www.accuratereviews.com\\\/wp-content\\\/uploads\\\/2021\\\/09\\\/Upfluence.png\",\"contentUrl\":\"https:\\\/\\\/www.accuratereviews.com\\\/wp-content\\\/uploads\\\/2021\\\/09\\\/Upfluence.png\",\"width\":860,\"height\":227},{\"@type\":\"BreadcrumbList\",\"@id\":\"https:\\\/\\\/www.accuratereviews.com\\\/it\\\/piattaforme-influencer-marketing\\\/upfluence-recensione\\\/#breadcrumb\",\"itemListElement\":[{\"@type\":\"ListItem\",\"position\":1,\"name\":\"Home\",\"item\":\"https:\\\/\\\/www.accuratereviews.com\\\/it\\\/\"},{\"@type\":\"ListItem\",\"position\":2,\"name\":\"Piattaforme per influencer marketing\",\"item\":\"https:\\\/\\\/www.accuratereviews.com\\\/it\\\/piattaforme-influencer-marketing\\\/\"},{\"@type\":\"ListItem\",\"position\":3,\"name\":\"Upfluence\"}]},{\"@type\":\"WebSite\",\"@id\":\"https:\\\/\\\/www.accuratereviews.com\\\/it\\\/#website\",\"url\":\"https:\\\/\\\/www.accuratereviews.com\\\/it\\\/\",\"name\":\"Accurate Reviews\",\"description\":\"\",\"potentialAction\":[{\"@type\":\"SearchAction\",\"target\":{\"@type\":\"EntryPoint\",\"urlTemplate\":\"https:\\\/\\\/www.accuratereviews.com\\\/it\\\/?s={search_term_string}\"},\"query-input\":{\"@type\":\"PropertyValueSpecification\",\"valueRequired\":true,\"valueName\":\"search_term_string\"}}],\"inLanguage\":\"it-IT\"}]}<\/script>\n<!-- \/ Yoast SEO plugin. -->","yoast_head_json":{"title":"Upfluence: recensione piattaforma influencer marketing Accurate Reviews","description":"Upfluence: recensione soluzione all-in-one per la ricerca di influencer e la gestione dei contenuti ospitata nel cloud.","robots":{"index":"index","follow":"follow","max-snippet":"max-snippet:-1","max-image-preview":"max-image-preview:large","max-video-preview":"max-video-preview:-1"},"canonical":"https:\/\/www.accuratereviews.com\/it\/piattaforme-influencer-marketing\/upfluence-recensione\/","og_locale":"it_IT","og_type":"article","og_title":"Upfluence: recensione piattaforma influencer marketing Accurate Reviews","og_description":"Upfluence: recensione soluzione all-in-one per la ricerca di influencer e la gestione dei contenuti ospitata nel cloud.","og_url":"https:\/\/www.accuratereviews.com\/it\/piattaforme-influencer-marketing\/upfluence-recensione\/","og_site_name":"Accurate Reviews","og_image":[{"width":860,"height":227,"url":"https:\/\/www.accuratereviews.com\/wp-content\/uploads\/2021\/09\/Upfluence.png","type":"image\/png"}],"twitter_card":"summary_large_image","twitter_misc":{"Tempo di lettura stimato":"3 minuti"},"schema":{"@context":"https:\/\/schema.org","@graph":[{"@type":"WebPage","@id":"https:\/\/www.accuratereviews.com\/it\/piattaforme-influencer-marketing\/upfluence-recensione\/","url":"https:\/\/www.accuratereviews.com\/it\/piattaforme-influencer-marketing\/upfluence-recensione\/","name":"Upfluence: recensione piattaforma influencer marketing Accurate Reviews","isPartOf":{"@id":"https:\/\/www.accuratereviews.com\/it\/#website"},"primaryImageOfPage":{"@id":"https:\/\/www.accuratereviews.com\/it\/piattaforme-influencer-marketing\/upfluence-recensione\/#primaryimage"},"image":{"@id":"https:\/\/www.accuratereviews.com\/it\/piattaforme-influencer-marketing\/upfluence-recensione\/#primaryimage"},"thumbnailUrl":"https:\/\/www.accuratereviews.com\/wp-content\/uploads\/2021\/09\/Upfluence.png","datePublished":"2021-09-22T10:46:41+00:00","description":"Upfluence: recensione soluzione all-in-one per la ricerca di influencer e la gestione dei contenuti ospitata nel cloud.","breadcrumb":{"@id":"https:\/\/www.accuratereviews.com\/it\/piattaforme-influencer-marketing\/upfluence-recensione\/#breadcrumb"},"inLanguage":"it-IT","potentialAction":[{"@type":"ReadAction","target":["https:\/\/www.accuratereviews.com\/it\/piattaforme-influencer-marketing\/upfluence-recensione\/"]}]},{"@type":"ImageObject","inLanguage":"it-IT","@id":"https:\/\/www.accuratereviews.com\/it\/piattaforme-influencer-marketing\/upfluence-recensione\/#primaryimage","url":"https:\/\/www.accuratereviews.com\/wp-content\/uploads\/2021\/09\/Upfluence.png","contentUrl":"https:\/\/www.accuratereviews.com\/wp-content\/uploads\/2021\/09\/Upfluence.png","width":860,"height":227},{"@type":"BreadcrumbList","@id":"https:\/\/www.accuratereviews.com\/it\/piattaforme-influencer-marketing\/upfluence-recensione\/#breadcrumb","itemListElement":[{"@type":"ListItem","position":1,"name":"Home","item":"https:\/\/www.accuratereviews.com\/it\/"},{"@type":"ListItem","position":2,"name":"Piattaforme per influencer marketing","item":"https:\/\/www.accuratereviews.com\/it\/piattaforme-influencer-marketing\/"},{"@type":"ListItem","position":3,"name":"Upfluence"}]},{"@type":"WebSite","@id":"https:\/\/www.accuratereviews.com\/it\/#website","url":"https:\/\/www.accuratereviews.com\/it\/","name":"Accurate Reviews","description":"","potentialAction":[{"@type":"SearchAction","target":{"@type":"EntryPoint","urlTemplate":"https:\/\/www.accuratereviews.com\/it\/?s={search_term_string}"},"query-input":{"@type":"PropertyValueSpecification","valueRequired":true,"valueName":"search_term_string"}}],"inLanguage":"it-IT"}]}},"_links":{"self":[{"href":"https:\/\/www.accuratereviews.com\/it\/wp-json\/wp\/v2\/pages\/48026","targetHints":{"allow":["GET"]}}],"collection":[{"href":"https:\/\/www.accuratereviews.com\/it\/wp-json\/wp\/v2\/pages"}],"about":[{"href":"https:\/\/www.accuratereviews.com\/it\/wp-json\/wp\/v2\/types\/page"}],"author":[{"embeddable":true,"href":"https:\/\/www.accuratereviews.com\/it\/wp-json\/wp\/v2\/users\/16"}],"replies":[{"embeddable":true,"href":"https:\/\/www.accuratereviews.com\/it\/wp-json\/wp\/v2\/comments?post=48026"}],"version-history":[{"count":7,"href":"https:\/\/www.accuratereviews.com\/it\/wp-json\/wp\/v2\/pages\/48026\/revisions"}],"predecessor-version":[{"id":48087,"href":"https:\/\/www.accuratereviews.com\/it\/wp-json\/wp\/v2\/pages\/48026\/revisions\/48087"}],"up":[{"embeddable":true,"href":"https:\/\/www.accuratereviews.com\/it\/wp-json\/wp\/v2\/pages\/48041"}],"wp:featuredmedia":[{"embeddable":true,"href":"https:\/\/www.accuratereviews.com\/it\/wp-json\/wp\/v2\/media\/48027"}],"wp:attachment":[{"href":"https:\/\/www.accuratereviews.com\/it\/wp-json\/wp\/v2\/media?parent=48026"}],"wp:term":[{"taxonomy":"category","embeddable":true,"href":"https:\/\/www.accuratereviews.com\/it\/wp-json\/wp\/v2\/categories?post=48026"},{"taxonomy":"post_tag","embeddable":true,"href":"https:\/\/www.accuratereviews.com\/it\/wp-json\/wp\/v2\/tags?post=48026"},{"taxonomy":"features","embeddable":true,"href":"https:\/\/www.accuratereviews.com\/it\/wp-json\/wp\/v2\/features?post=48026"}],"curies":[{"name":"wp","href":"https:\/\/api.w.org\/{rel}","templated":true}]}}