{"id":48033,"date":"2021-09-22T10:38:47","date_gmt":"2021-09-22T10:38:47","guid":{"rendered":"https:\/\/www.accuratereviews.com\/?page_id=48033"},"modified":"2021-09-22T10:38:47","modified_gmt":"2021-09-22T10:38:47","slug":"storyclash-recensione","status":"publish","type":"page","link":"https:\/\/www.accuratereviews.com\/it\/piattaforme-influencer-marketing\/storyclash-recensione\/","title":{"rendered":"Storyclash"},"content":{"rendered":"<p><strong>Storyclash<\/strong> \u00e8 la <strong>soluzione di monitoraggio dei social media <\/strong>con il quale le aziende controllano l&#8217;impatto del loro marchio e misurano il ritorno di campagne, eventi e influencer sui social. Invece di spulciare lentamente tra i dati e salvare manualmente storie e post pertinenti, il software aiuta i brand a risparmiare tempo mentre prendono decisioni mirate. <strong>Storyclash<\/strong> consente la scoperta dei dati in tempo reale e basata sui contenuti per aiutare gli utenti a trovare dati rilevanti e fornire contenuti personalizzati al pubblico su pi\u00f9 canali di social media. Fornisce un database di <strong>influencer e blogger<\/strong> che permette agli utenti di trovare esperti pertinenti per gestire le strategie di marketing e la portata delle campagne. Una dashboard live consente agli utenti di esportare i dati in pi\u00f9 formati di file e condividerli tramite email o Slack.<\/p>\n<h2>STORYCLASH &#8211; TUTORIAL<\/h2>\n<p>Guarda come utilizzare questo <strong>software per influencer marketing<\/strong>:<\/p>\n<div id=\"fluid-wrapper-counter-1\" class=\"g1-fluid-wrapper \" style=\"width:686px;\">\n<div style=\"padding-bottom:56.268221574344%;\"><iframe loading=\"lazy\" title=\"\ud83d\udca1 Storyclash Tutorial: Trends erkennen (Tool) \ud83d\udca1 | #FragDenDan\" width=\"686\" height=\"386\" src=\"https:\/\/www.youtube.com\/embed\/NRnYjI8MkOU?start=13&#038;feature=oembed&amp;wmode=transparent&amp;autohide=1&amp;autoplay=0&amp;disablekb=0&amp;fs=1&amp;loop=0&amp;enablejsapi=1&amp;rel=0&amp;controls=2&amp;showinfo=0&amp;wmode=transparent&amp;autohide=2&amp;autoplay=0&amp;disablekb=0&amp;fs=1&amp;loop=0&amp;enablejsapi=1&amp;rel=0&amp;controls=2&amp;showinfo=1\" frameborder=\"0\" allow=\"accelerometer; autoplay; clipboard-write; encrypted-media; gyroscope; picture-in-picture\" allowfullscreen><\/iframe><\/div>\n<\/div>\n<h3>STORYCLASH &#8211; CARATTERISTICHE<\/h3>\n<ul>\n<li>Molteplici opzioni di scoperta basate sulla crescita dei follower, sulla somiglianza e sull&#8217;affinit\u00e0 del marchio<\/li>\n<li>Ricerca basata sui contenuti<\/li>\n<li>Filtra per paese, lingua e intervallo di follower<\/li>\n<li>Cronologia delle collaborazioni con il marchio<\/li>\n<li>Approfondimenti sulle partnership dei tuoi concorrenti<\/li>\n<li>Confronta i punteggi di somiglianza<\/li>\n<li>Esplora post simili<\/li>\n<li>Trova i creator in base ai loro contenuti in post e storie<\/li>\n<li>Raccomandazioni basate sulla somiglianza dei contenuti<\/li>\n<li>Espandi la tua rete con creatori di alto profilo, che condividono gli stessi valori, prospettive e interessi<\/li>\n<li>Analizza i KPI come il valore dei media, la portata e il coinvolgimento di ogni post<\/li>\n<li>Filtra per post e storie di marca disponibili<\/li>\n<li>Controlla i contenuti pi\u00f9 performanti di chiunque<\/li>\n<li>Crescita dei follower, interazioni, portata, valore dei media<\/li>\n<li>Dettagli sulle collaborazioni del marchio su post e storie di Instagram<\/li>\n<li>Analisi dei contenuti branded e non branded<\/li>\n<li>Crea report e misura l&#8217;impatto delle tue continue collaborazioni con influencer sul tuo pubblico di destinazione<\/li>\n<li>Misura le menzioni del marchio, la copertura o altri KPI rilevanti dei lanci dei tuoi prodotti o delle campagne di omaggi<\/li>\n<li>Segnala e comunica facilmente il valore delle tue campagne di sensibilizzazione sui social media<\/li>\n<\/ul>\n<h4>LE RECENSIONI DEGLI UTENTI<\/h4>\n<p class=\"font-weight-bold mb-1 d-flex align-items-center\"><strong>Emily T.&#8221;Molto utile&#8221;<\/strong><\/p>\n<p><strong>Pro: <\/strong>Mi piace usare questo software per migliorare l&#8217;interazione sui social media. Questo mi aiuta a tenere traccia di quanti follower guadagno o perdo ogni settimana.<\/p>\n<p><strong>Contro: <\/strong>Non sempre si registra se perdo follower, a volte non \u00e8 elencato. Ma nel complesso \u00e8 un buon software.<\/p>\n<p class=\"font-weight-bold mb-1 d-flex align-items-center\"><strong>Erika C.&#8221;Proprio quello di cui avevamo bisogno!&#8221;<\/strong><\/p>\n<p><strong>Commenti: <\/strong>Facevamo fatica a trovare un software con le capacit\u00e0 di cui avevamo bisogno (specifico per le storie) e alla fine abbiamo trovato StoryClash. Prepararsi \u00e8 stato facile e veloce e il team \u00e8 super accomodante.<\/p>\n<p><strong>Pro: <\/strong>Adoro la possibilit\u00e0 di segmentare e taggare i gruppi all&#8217;interno del tuo gruppo pi\u00f9 ampio per seguire l&#8217;impatto di determinate campagne!<\/p>\n<p><strong>Contro: <\/strong>Ancora niente! Finora abbiamo trovato tutto ci\u00f2 di cui avevamo bisogno<\/p>\n<p class=\"font-weight-bold mb-1 d-flex align-items-center\"><strong>Zsolt N.&#8221;storyclash \u00e8 uno strumento molto utile e facile da usare&#8221;<\/strong><\/p>\n<p><strong>Vantaggi: <\/strong>facile da usare,\u00a0supporto molto veloce e gentile,\u00a0molto produttivo,\u00a0pu\u00f2 integrare per allentare,\u00a0sistema di allerta molto interessante<\/p>\n<p><strong>Inconvenienti: <\/strong>nessuna versione mobile<\/p>\n","protected":false},"excerpt":{"rendered":"<p>Storyclash \u00e8 la soluzione di monitoraggio dei social media con il quale le aziende\u00a0controllano l&#8217;impatto del loro marchio e misurano il ritorno di campagne, eventi e influencer sui social media. Invece di spulciare lentamente tra i dati e salvare manualmente storie e post pertinenti, il software aiuta i marchi a risparmiare tempo mentre prendono decisioni mirate.\u00a0<\/p>\n","protected":false},"author":16,"featured_media":48034,"parent":48041,"menu_order":0,"comment_status":"open","ping_status":"closed","template":"g1_template_page_review_new.php","meta":{"_acf_changed":false,"cwp_meta_box_check":"Yes","cwp_rev_product_name":"","cwp_rev_product_image":"","wppr_links":[],"cwp_rev_price":"","wppr_options":[],"wppr_pros":[],"wppr_cons":[],"_monsterinsights_skip_tracking":false,"_monsterinsights_sitenote_active":false,"_monsterinsights_sitenote_note":"","_monsterinsights_sitenote_category":0,"footnotes":""},"categories":[11175],"tags":[11188,11189,11181,11183,11187],"features":[],"class_list":{"0":"post-48033","1":"page","2":"type-page","3":"status-publish","4":"has-post-thumbnail","6":"category-piattaforme-per-influencer-marketing","7":"tag-piattaforma-per-infulencer-marketing","8":"tag-programma-per-influencer-marketing","9":"tag-software-per-influencer-marketing","10":"tag-soluzione-influencer-marketing","11":"tag-storyclash"},"wppr_data":{"cwp_meta_box_check":"Yes","cwp_rev_product_name":"","cwp_rev_product_image":"","cwp_image_link":"image","cwp_rev_price":"","wppr_rating":"0.00"},"acf":[],"yoast_head":"<!-- This site is optimized with the Yoast SEO plugin v27.4 - https:\/\/yoast.com\/product\/yoast-seo-wordpress\/ -->\n<title>Storyclash: recensione piattaforma per influencer marketing<\/title>\n<meta name=\"description\" content=\"Storyclash: recensione soluzione di monitoraggio dei social media con il quale le aziende\u00a0controllano l&#039;impatto del loro marchio sul web.\" \/>\n<meta name=\"robots\" content=\"index, follow, max-snippet:-1, max-image-preview:large, max-video-preview:-1\" \/>\n<link rel=\"canonical\" href=\"https:\/\/www.accuratereviews.com\/it\/piattaforme-influencer-marketing\/storyclash-recensione\/\" \/>\n<meta property=\"og:locale\" content=\"it_IT\" \/>\n<meta property=\"og:type\" content=\"article\" \/>\n<meta property=\"og:title\" content=\"Storyclash: recensione piattaforma per influencer marketing\" \/>\n<meta property=\"og:description\" content=\"Storyclash: recensione soluzione di monitoraggio dei social media con il quale le aziende\u00a0controllano l&#039;impatto del loro marchio sul web.\" \/>\n<meta property=\"og:url\" content=\"https:\/\/www.accuratereviews.com\/it\/piattaforme-influencer-marketing\/storyclash-recensione\/\" \/>\n<meta property=\"og:site_name\" content=\"Accurate Reviews\" \/>\n<meta property=\"og:image\" content=\"https:\/\/www.accuratereviews.com\/wp-content\/uploads\/2021\/09\/Storyclash.png\" \/>\n\t<meta property=\"og:image:width\" content=\"700\" \/>\n\t<meta property=\"og:image:height\" content=\"389\" \/>\n\t<meta property=\"og:image:type\" content=\"image\/png\" \/>\n<meta name=\"twitter:card\" content=\"summary_large_image\" \/>\n<meta name=\"twitter:label1\" content=\"Tempo di lettura stimato\" \/>\n\t<meta name=\"twitter:data1\" content=\"3 minuti\" \/>\n<script type=\"application\/ld+json\" class=\"yoast-schema-graph\">{\"@context\":\"https:\\\/\\\/schema.org\",\"@graph\":[{\"@type\":\"WebPage\",\"@id\":\"https:\\\/\\\/www.accuratereviews.com\\\/it\\\/piattaforme-influencer-marketing\\\/storyclash-recensione\\\/\",\"url\":\"https:\\\/\\\/www.accuratereviews.com\\\/it\\\/piattaforme-influencer-marketing\\\/storyclash-recensione\\\/\",\"name\":\"Storyclash: recensione piattaforma per influencer marketing\",\"isPartOf\":{\"@id\":\"https:\\\/\\\/www.accuratereviews.com\\\/it\\\/#website\"},\"primaryImageOfPage\":{\"@id\":\"https:\\\/\\\/www.accuratereviews.com\\\/it\\\/piattaforme-influencer-marketing\\\/storyclash-recensione\\\/#primaryimage\"},\"image\":{\"@id\":\"https:\\\/\\\/www.accuratereviews.com\\\/it\\\/piattaforme-influencer-marketing\\\/storyclash-recensione\\\/#primaryimage\"},\"thumbnailUrl\":\"https:\\\/\\\/www.accuratereviews.com\\\/wp-content\\\/uploads\\\/2021\\\/09\\\/Storyclash.png\",\"datePublished\":\"2021-09-22T10:38:47+00:00\",\"description\":\"Storyclash: recensione soluzione di monitoraggio dei social media con il quale le aziende\u00a0controllano l'impatto del loro marchio sul web.\",\"breadcrumb\":{\"@id\":\"https:\\\/\\\/www.accuratereviews.com\\\/it\\\/piattaforme-influencer-marketing\\\/storyclash-recensione\\\/#breadcrumb\"},\"inLanguage\":\"it-IT\",\"potentialAction\":[{\"@type\":\"ReadAction\",\"target\":[\"https:\\\/\\\/www.accuratereviews.com\\\/it\\\/piattaforme-influencer-marketing\\\/storyclash-recensione\\\/\"]}]},{\"@type\":\"ImageObject\",\"inLanguage\":\"it-IT\",\"@id\":\"https:\\\/\\\/www.accuratereviews.com\\\/it\\\/piattaforme-influencer-marketing\\\/storyclash-recensione\\\/#primaryimage\",\"url\":\"https:\\\/\\\/www.accuratereviews.com\\\/wp-content\\\/uploads\\\/2021\\\/09\\\/Storyclash.png\",\"contentUrl\":\"https:\\\/\\\/www.accuratereviews.com\\\/wp-content\\\/uploads\\\/2021\\\/09\\\/Storyclash.png\",\"width\":700,\"height\":389},{\"@type\":\"BreadcrumbList\",\"@id\":\"https:\\\/\\\/www.accuratereviews.com\\\/it\\\/piattaforme-influencer-marketing\\\/storyclash-recensione\\\/#breadcrumb\",\"itemListElement\":[{\"@type\":\"ListItem\",\"position\":1,\"name\":\"Home\",\"item\":\"https:\\\/\\\/www.accuratereviews.com\\\/it\\\/\"},{\"@type\":\"ListItem\",\"position\":2,\"name\":\"Piattaforme per influencer marketing\",\"item\":\"https:\\\/\\\/www.accuratereviews.com\\\/it\\\/piattaforme-influencer-marketing\\\/\"},{\"@type\":\"ListItem\",\"position\":3,\"name\":\"Storyclash\"}]},{\"@type\":\"WebSite\",\"@id\":\"https:\\\/\\\/www.accuratereviews.com\\\/it\\\/#website\",\"url\":\"https:\\\/\\\/www.accuratereviews.com\\\/it\\\/\",\"name\":\"Accurate Reviews\",\"description\":\"\",\"potentialAction\":[{\"@type\":\"SearchAction\",\"target\":{\"@type\":\"EntryPoint\",\"urlTemplate\":\"https:\\\/\\\/www.accuratereviews.com\\\/it\\\/?s={search_term_string}\"},\"query-input\":{\"@type\":\"PropertyValueSpecification\",\"valueRequired\":true,\"valueName\":\"search_term_string\"}}],\"inLanguage\":\"it-IT\"}]}<\/script>\n<!-- \/ Yoast SEO plugin. -->","yoast_head_json":{"title":"Storyclash: recensione piattaforma per influencer marketing","description":"Storyclash: recensione soluzione di monitoraggio dei social media con il quale le aziende\u00a0controllano l'impatto del loro marchio sul web.","robots":{"index":"index","follow":"follow","max-snippet":"max-snippet:-1","max-image-preview":"max-image-preview:large","max-video-preview":"max-video-preview:-1"},"canonical":"https:\/\/www.accuratereviews.com\/it\/piattaforme-influencer-marketing\/storyclash-recensione\/","og_locale":"it_IT","og_type":"article","og_title":"Storyclash: recensione piattaforma per influencer marketing","og_description":"Storyclash: recensione soluzione di monitoraggio dei social media con il quale le aziende\u00a0controllano l'impatto del loro marchio sul web.","og_url":"https:\/\/www.accuratereviews.com\/it\/piattaforme-influencer-marketing\/storyclash-recensione\/","og_site_name":"Accurate Reviews","og_image":[{"width":700,"height":389,"url":"https:\/\/www.accuratereviews.com\/wp-content\/uploads\/2021\/09\/Storyclash.png","type":"image\/png"}],"twitter_card":"summary_large_image","twitter_misc":{"Tempo di lettura stimato":"3 minuti"},"schema":{"@context":"https:\/\/schema.org","@graph":[{"@type":"WebPage","@id":"https:\/\/www.accuratereviews.com\/it\/piattaforme-influencer-marketing\/storyclash-recensione\/","url":"https:\/\/www.accuratereviews.com\/it\/piattaforme-influencer-marketing\/storyclash-recensione\/","name":"Storyclash: recensione piattaforma per influencer marketing","isPartOf":{"@id":"https:\/\/www.accuratereviews.com\/it\/#website"},"primaryImageOfPage":{"@id":"https:\/\/www.accuratereviews.com\/it\/piattaforme-influencer-marketing\/storyclash-recensione\/#primaryimage"},"image":{"@id":"https:\/\/www.accuratereviews.com\/it\/piattaforme-influencer-marketing\/storyclash-recensione\/#primaryimage"},"thumbnailUrl":"https:\/\/www.accuratereviews.com\/wp-content\/uploads\/2021\/09\/Storyclash.png","datePublished":"2021-09-22T10:38:47+00:00","description":"Storyclash: recensione soluzione di monitoraggio dei social media con il quale le aziende\u00a0controllano l'impatto del loro marchio sul web.","breadcrumb":{"@id":"https:\/\/www.accuratereviews.com\/it\/piattaforme-influencer-marketing\/storyclash-recensione\/#breadcrumb"},"inLanguage":"it-IT","potentialAction":[{"@type":"ReadAction","target":["https:\/\/www.accuratereviews.com\/it\/piattaforme-influencer-marketing\/storyclash-recensione\/"]}]},{"@type":"ImageObject","inLanguage":"it-IT","@id":"https:\/\/www.accuratereviews.com\/it\/piattaforme-influencer-marketing\/storyclash-recensione\/#primaryimage","url":"https:\/\/www.accuratereviews.com\/wp-content\/uploads\/2021\/09\/Storyclash.png","contentUrl":"https:\/\/www.accuratereviews.com\/wp-content\/uploads\/2021\/09\/Storyclash.png","width":700,"height":389},{"@type":"BreadcrumbList","@id":"https:\/\/www.accuratereviews.com\/it\/piattaforme-influencer-marketing\/storyclash-recensione\/#breadcrumb","itemListElement":[{"@type":"ListItem","position":1,"name":"Home","item":"https:\/\/www.accuratereviews.com\/it\/"},{"@type":"ListItem","position":2,"name":"Piattaforme per influencer marketing","item":"https:\/\/www.accuratereviews.com\/it\/piattaforme-influencer-marketing\/"},{"@type":"ListItem","position":3,"name":"Storyclash"}]},{"@type":"WebSite","@id":"https:\/\/www.accuratereviews.com\/it\/#website","url":"https:\/\/www.accuratereviews.com\/it\/","name":"Accurate Reviews","description":"","potentialAction":[{"@type":"SearchAction","target":{"@type":"EntryPoint","urlTemplate":"https:\/\/www.accuratereviews.com\/it\/?s={search_term_string}"},"query-input":{"@type":"PropertyValueSpecification","valueRequired":true,"valueName":"search_term_string"}}],"inLanguage":"it-IT"}]}},"_links":{"self":[{"href":"https:\/\/www.accuratereviews.com\/it\/wp-json\/wp\/v2\/pages\/48033","targetHints":{"allow":["GET"]}}],"collection":[{"href":"https:\/\/www.accuratereviews.com\/it\/wp-json\/wp\/v2\/pages"}],"about":[{"href":"https:\/\/www.accuratereviews.com\/it\/wp-json\/wp\/v2\/types\/page"}],"author":[{"embeddable":true,"href":"https:\/\/www.accuratereviews.com\/it\/wp-json\/wp\/v2\/users\/16"}],"replies":[{"embeddable":true,"href":"https:\/\/www.accuratereviews.com\/it\/wp-json\/wp\/v2\/comments?post=48033"}],"version-history":[{"count":8,"href":"https:\/\/www.accuratereviews.com\/it\/wp-json\/wp\/v2\/pages\/48033\/revisions"}],"predecessor-version":[{"id":48085,"href":"https:\/\/www.accuratereviews.com\/it\/wp-json\/wp\/v2\/pages\/48033\/revisions\/48085"}],"up":[{"embeddable":true,"href":"https:\/\/www.accuratereviews.com\/it\/wp-json\/wp\/v2\/pages\/48041"}],"wp:featuredmedia":[{"embeddable":true,"href":"https:\/\/www.accuratereviews.com\/it\/wp-json\/wp\/v2\/media\/48034"}],"wp:attachment":[{"href":"https:\/\/www.accuratereviews.com\/it\/wp-json\/wp\/v2\/media?parent=48033"}],"wp:term":[{"taxonomy":"category","embeddable":true,"href":"https:\/\/www.accuratereviews.com\/it\/wp-json\/wp\/v2\/categories?post=48033"},{"taxonomy":"post_tag","embeddable":true,"href":"https:\/\/www.accuratereviews.com\/it\/wp-json\/wp\/v2\/tags?post=48033"},{"taxonomy":"features","embeddable":true,"href":"https:\/\/www.accuratereviews.com\/it\/wp-json\/wp\/v2\/features?post=48033"}],"curies":[{"name":"wp","href":"https:\/\/api.w.org\/{rel}","templated":true}]}}