{"id":48061,"date":"2021-09-22T09:54:20","date_gmt":"2021-09-22T09:54:20","guid":{"rendered":"https:\/\/www.accuratereviews.com\/?page_id=48061"},"modified":"2021-10-25T08:01:44","modified_gmt":"2021-10-25T08:01:44","slug":"influencity-recensione","status":"publish","type":"page","link":"https:\/\/www.accuratereviews.com\/it\/piattaforme-influencer-marketing\/influencity-recensione\/","title":{"rendered":"Influencity"},"content":{"rendered":"<p><strong>Influencity<\/strong> \u00e8 una <strong>piattaforma per influencer marketing<\/strong> robusta e ricca di funzionalit\u00e0 in grado di farti risparmiare molto tempo che potrai investire in altre attivit\u00e0 che meritano maggiore attenzione. Grazie a questo software cos\u00ec completo, puoi raggiungere un <strong>Influencer Relationship Management (IRM)<\/strong> totale, supervisionare la tua campagna e personalizzarne il flusso di lavoro e ancora automatizzare i processi in base alle tue esigenze. Tutto questo in un unico posto.<br \/>\nCon <strong>Influencity<\/strong> gestire le campagne di marketing sar\u00e0 molto pi\u00f9 semplice e veloce.<\/p>\n<h2>INFLUENCITY &#8211; TUTORIAL<\/h2>\n<div id=\"fluid-wrapper-counter-1\" class=\"g1-fluid-wrapper \" style=\"width:686px;\">\n<div style=\"padding-bottom:56.268221574344%;\"><iframe loading=\"lazy\" title=\"Influencity short Demo\" width=\"686\" height=\"386\" src=\"https:\/\/www.youtube.com\/embed\/1N6GEmQU6Ms?feature=oembed&amp;wmode=transparent&amp;autohide=1&amp;autoplay=0&amp;disablekb=0&amp;fs=1&amp;loop=0&amp;enablejsapi=1&amp;rel=0&amp;controls=2&amp;showinfo=0&amp;wmode=transparent&amp;autohide=2&amp;autoplay=0&amp;disablekb=0&amp;fs=1&amp;loop=0&amp;enablejsapi=1&amp;rel=0&amp;controls=2&amp;showinfo=1\" frameborder=\"0\" allow=\"accelerometer; autoplay; clipboard-write; encrypted-media; gyroscope; picture-in-picture\" allowfullscreen><\/iframe><\/div>\n<\/div>\n<h3>INFLUENCITY &#8211; CARATTERISTICHE<\/h3>\n<ul>\n<li><strong>Trova gli influencer giusti in pochi secondi<\/strong>: accedi a pi\u00f9 di 70 milioni di influencer, pi\u00f9 di 100.000 modi per combinare i filtri e trovare i migliori influencer per il tuo target<\/li>\n<li><strong>Analizza gli influencer<\/strong>: trova e conosci la storia di ogni influencer disponibile in pochi secondi.\u00a0Prendi una decisione informata, analizza i profili degli influencer e scegli la persona giusta per il lavoro<\/li>\n<li><strong>Organizza gli influencer<\/strong>: usa un database di influencer per tutta la tua azienda. Mantieni i tuoi colleghi nel loop per la gestione del database degli influencer che si sincronizza con tutti i membri della tua azienda<\/li>\n<li><strong>Prevedi i risultati<\/strong>: investire in modo intelligente e conoscere sempre in anticipo il ROI previsto. Inserisci gli attributi dell&#8217;influencer desiderato e il nostro sistema ti dir\u00e0 se l&#8217;influencer corrisponde agli obiettivi e alle esigenze della tua campagna<\/li>\n<li><strong>Gestire le campagne<\/strong>: automatizza pi\u00f9 campagne contemporaneamente, evita il burnout delle campagne, personalizza i tuoi processi ed esegui diverse campagne in modo fluido<\/li>\n<li><strong>Misura i tuoi risultati<\/strong>: niente istantanee, ma solo analisi complete in tempo reale. Analizza l&#8217;efficacia dell&#8217;influencer in tempo reale per decisioni e cambiamenti di strategia pi\u00f9 rapidi e migliori.<\/li>\n<\/ul>\n<h4>LE RECENSIONI DEGLI UTENTI<\/h4>\n<p><strong>Ismael L. &#8220;Il miglior strumento di influence marketing che abbia mai usato&#8221;<\/strong><br \/>\nCOMMENTI: abbiamo perso molto tempo cercando di trovare un modo per far notare il nostro marchio e servizio con influencer in nuovi mercati nella nostra strategia di internazionalizzazione. Influencity ci ha aiutato a raggiungere nuovo pubblico migliorando il riconoscimento del nostro marchio e le metriche di vendita.<br \/>\nPRO: \u00e8 uno strumento molto facile, conveniente e davvero impressionante per migliorare il nostro marchio e le metriche di vendita attraverso gli influencer.<br \/>\nQuello che pi\u00f9 apprezzo di Influencity \u00e8 l&#8217;uso del software, totalmente marketing-friendly. Sono molto soddisfatto del loro supporto clienti.<br \/>\nCONTRO: non ho notato punti negativi significativi.<\/p>\n<p><strong>Clara Del Rio A. &#8220;Il miglior strumento di influencer di sempre!<\/strong><br \/>\nPRO: \u00e8 molto facile da usare, cos\u00ec intuitivo. Uso molto lo strumento di ricerca, trovo sempre dei profili interessanti che non conoscevo prima<br \/>\nCONTRO: mi sono confuso all&#8217;inizio quando stavo usando lo strumento di scoperta, devi capire come funzionano i filtri.<\/p>\n<p><strong>Paco T. &#8220;Abbiamo costruito il nostro programma di influencer grazie a Influencity&#8221;<\/strong><br \/>\nCOMMENTI: grande squadra e grande supporto.<br \/>\nPRO: \u00e8 molto facile da usare con informazioni fantastiche e una grande funzione di ricerca. Il supporto clienti \u00e8 eccezionale.<br \/>\nCONTRO: speriamo che un giorno creare una campagna influencer sia facile come impostare una campagna facebook ads.<\/p>\n","protected":false},"excerpt":{"rendered":"<p>Influencity \u00e8 una piattaforma per influencer marketing robusta e ricca di funzionalit\u00e0 in grado di farti risparmiare molto tempo che potrai investire in altre attivit\u00e0 che meritano maggiore attenzione. Grazie a questo software cos\u00ec completo, puoi raggiungere un Influencer Relationship Management (IRM) totale.<\/p>\n","protected":false},"author":17,"featured_media":48069,"parent":48041,"menu_order":0,"comment_status":"open","ping_status":"closed","template":"g1_template_page_review_new.php","meta":{"_acf_changed":false,"cwp_meta_box_check":"No","cwp_rev_product_name":"","cwp_rev_product_image":"","wppr_links":[],"cwp_rev_price":"","wppr_options":[],"wppr_pros":[],"wppr_cons":[],"_monsterinsights_skip_tracking":false,"_monsterinsights_sitenote_active":false,"_monsterinsights_sitenote_note":"","_monsterinsights_sitenote_category":0,"footnotes":""},"categories":[11175],"tags":[1088,1087,11190,11180,11189,11181,11183],"features":[],"class_list":{"0":"post-48061","1":"page","2":"type-page","3":"status-publish","4":"has-post-thumbnail","6":"category-piattaforme-per-influencer-marketing","7":"tag-digital-influencer","8":"tag-influencer","9":"tag-influencity","10":"tag-piattaforme-per-influencer-marketing","11":"tag-programma-per-influencer-marketing","12":"tag-software-per-influencer-marketing","13":"tag-soluzione-influencer-marketing"},"wppr_data":{"cwp_meta_box_check":"No"},"acf":[],"yoast_head":"<!-- This site is optimized with the Yoast SEO plugin v27.4 - https:\/\/yoast.com\/product\/yoast-seo-wordpress\/ -->\n<title>Influencity: recensione software influencer marketing - Accurate Reviews<\/title>\n<meta name=\"description\" content=\"Influencity: recensione della piattaforma per influencer marketing robusta e ricca di funzionalit\u00e0 che ti far\u00e0 risparmiare molto tempo.\" \/>\n<meta name=\"robots\" content=\"index, follow, max-snippet:-1, max-image-preview:large, max-video-preview:-1\" \/>\n<link rel=\"canonical\" href=\"https:\/\/www.accuratereviews.com\/it\/piattaforme-influencer-marketing\/influencity-recensione\/\" \/>\n<meta property=\"og:locale\" content=\"it_IT\" \/>\n<meta property=\"og:type\" content=\"article\" \/>\n<meta property=\"og:title\" content=\"Influencity: recensione software influencer marketing - Accurate Reviews\" \/>\n<meta property=\"og:description\" content=\"Influencity: recensione della piattaforma per influencer marketing robusta e ricca di funzionalit\u00e0 che ti far\u00e0 risparmiare molto tempo.\" \/>\n<meta property=\"og:url\" content=\"https:\/\/www.accuratereviews.com\/it\/piattaforme-influencer-marketing\/influencity-recensione\/\" \/>\n<meta property=\"og:site_name\" content=\"Accurate Reviews\" \/>\n<meta property=\"article:modified_time\" content=\"2021-10-25T08:01:44+00:00\" \/>\n<meta property=\"og:image\" content=\"https:\/\/www.accuratereviews.com\/wp-content\/uploads\/2021\/09\/influencity.jpg\" \/>\n\t<meta property=\"og:image:width\" content=\"1500\" \/>\n\t<meta property=\"og:image:height\" content=\"500\" \/>\n\t<meta property=\"og:image:type\" content=\"image\/jpeg\" \/>\n<meta name=\"twitter:card\" content=\"summary_large_image\" \/>\n<meta name=\"twitter:label1\" content=\"Tempo di lettura stimato\" \/>\n\t<meta name=\"twitter:data1\" content=\"3 minuti\" \/>\n<script type=\"application\/ld+json\" class=\"yoast-schema-graph\">{\"@context\":\"https:\\\/\\\/schema.org\",\"@graph\":[{\"@type\":\"WebPage\",\"@id\":\"https:\\\/\\\/www.accuratereviews.com\\\/it\\\/piattaforme-influencer-marketing\\\/influencity-recensione\\\/\",\"url\":\"https:\\\/\\\/www.accuratereviews.com\\\/it\\\/piattaforme-influencer-marketing\\\/influencity-recensione\\\/\",\"name\":\"Influencity: recensione software influencer marketing - Accurate Reviews\",\"isPartOf\":{\"@id\":\"https:\\\/\\\/www.accuratereviews.com\\\/it\\\/#website\"},\"primaryImageOfPage\":{\"@id\":\"https:\\\/\\\/www.accuratereviews.com\\\/it\\\/piattaforme-influencer-marketing\\\/influencity-recensione\\\/#primaryimage\"},\"image\":{\"@id\":\"https:\\\/\\\/www.accuratereviews.com\\\/it\\\/piattaforme-influencer-marketing\\\/influencity-recensione\\\/#primaryimage\"},\"thumbnailUrl\":\"https:\\\/\\\/www.accuratereviews.com\\\/wp-content\\\/uploads\\\/2021\\\/09\\\/influencity.jpg\",\"datePublished\":\"2021-09-22T09:54:20+00:00\",\"dateModified\":\"2021-10-25T08:01:44+00:00\",\"description\":\"Influencity: recensione della piattaforma per influencer marketing robusta e ricca di funzionalit\u00e0 che ti far\u00e0 risparmiare molto tempo.\",\"breadcrumb\":{\"@id\":\"https:\\\/\\\/www.accuratereviews.com\\\/it\\\/piattaforme-influencer-marketing\\\/influencity-recensione\\\/#breadcrumb\"},\"inLanguage\":\"it-IT\",\"potentialAction\":[{\"@type\":\"ReadAction\",\"target\":[\"https:\\\/\\\/www.accuratereviews.com\\\/it\\\/piattaforme-influencer-marketing\\\/influencity-recensione\\\/\"]}]},{\"@type\":\"ImageObject\",\"inLanguage\":\"it-IT\",\"@id\":\"https:\\\/\\\/www.accuratereviews.com\\\/it\\\/piattaforme-influencer-marketing\\\/influencity-recensione\\\/#primaryimage\",\"url\":\"https:\\\/\\\/www.accuratereviews.com\\\/wp-content\\\/uploads\\\/2021\\\/09\\\/influencity.jpg\",\"contentUrl\":\"https:\\\/\\\/www.accuratereviews.com\\\/wp-content\\\/uploads\\\/2021\\\/09\\\/influencity.jpg\",\"width\":1500,\"height\":500},{\"@type\":\"BreadcrumbList\",\"@id\":\"https:\\\/\\\/www.accuratereviews.com\\\/it\\\/piattaforme-influencer-marketing\\\/influencity-recensione\\\/#breadcrumb\",\"itemListElement\":[{\"@type\":\"ListItem\",\"position\":1,\"name\":\"Home\",\"item\":\"https:\\\/\\\/www.accuratereviews.com\\\/it\\\/\"},{\"@type\":\"ListItem\",\"position\":2,\"name\":\"Piattaforme per influencer marketing\",\"item\":\"https:\\\/\\\/www.accuratereviews.com\\\/it\\\/piattaforme-influencer-marketing\\\/\"},{\"@type\":\"ListItem\",\"position\":3,\"name\":\"Influencity\"}]},{\"@type\":\"WebSite\",\"@id\":\"https:\\\/\\\/www.accuratereviews.com\\\/it\\\/#website\",\"url\":\"https:\\\/\\\/www.accuratereviews.com\\\/it\\\/\",\"name\":\"Accurate Reviews\",\"description\":\"\",\"potentialAction\":[{\"@type\":\"SearchAction\",\"target\":{\"@type\":\"EntryPoint\",\"urlTemplate\":\"https:\\\/\\\/www.accuratereviews.com\\\/it\\\/?s={search_term_string}\"},\"query-input\":{\"@type\":\"PropertyValueSpecification\",\"valueRequired\":true,\"valueName\":\"search_term_string\"}}],\"inLanguage\":\"it-IT\"}]}<\/script>\n<!-- \/ Yoast SEO plugin. -->","yoast_head_json":{"title":"Influencity: recensione software influencer marketing - Accurate Reviews","description":"Influencity: recensione della piattaforma per influencer marketing robusta e ricca di funzionalit\u00e0 che ti far\u00e0 risparmiare molto tempo.","robots":{"index":"index","follow":"follow","max-snippet":"max-snippet:-1","max-image-preview":"max-image-preview:large","max-video-preview":"max-video-preview:-1"},"canonical":"https:\/\/www.accuratereviews.com\/it\/piattaforme-influencer-marketing\/influencity-recensione\/","og_locale":"it_IT","og_type":"article","og_title":"Influencity: recensione software influencer marketing - Accurate Reviews","og_description":"Influencity: recensione della piattaforma per influencer marketing robusta e ricca di funzionalit\u00e0 che ti far\u00e0 risparmiare molto tempo.","og_url":"https:\/\/www.accuratereviews.com\/it\/piattaforme-influencer-marketing\/influencity-recensione\/","og_site_name":"Accurate Reviews","article_modified_time":"2021-10-25T08:01:44+00:00","og_image":[{"width":1500,"height":500,"url":"https:\/\/www.accuratereviews.com\/wp-content\/uploads\/2021\/09\/influencity.jpg","type":"image\/jpeg"}],"twitter_card":"summary_large_image","twitter_misc":{"Tempo di lettura stimato":"3 minuti"},"schema":{"@context":"https:\/\/schema.org","@graph":[{"@type":"WebPage","@id":"https:\/\/www.accuratereviews.com\/it\/piattaforme-influencer-marketing\/influencity-recensione\/","url":"https:\/\/www.accuratereviews.com\/it\/piattaforme-influencer-marketing\/influencity-recensione\/","name":"Influencity: recensione software influencer marketing - Accurate Reviews","isPartOf":{"@id":"https:\/\/www.accuratereviews.com\/it\/#website"},"primaryImageOfPage":{"@id":"https:\/\/www.accuratereviews.com\/it\/piattaforme-influencer-marketing\/influencity-recensione\/#primaryimage"},"image":{"@id":"https:\/\/www.accuratereviews.com\/it\/piattaforme-influencer-marketing\/influencity-recensione\/#primaryimage"},"thumbnailUrl":"https:\/\/www.accuratereviews.com\/wp-content\/uploads\/2021\/09\/influencity.jpg","datePublished":"2021-09-22T09:54:20+00:00","dateModified":"2021-10-25T08:01:44+00:00","description":"Influencity: recensione della piattaforma per influencer marketing robusta e ricca di funzionalit\u00e0 che ti far\u00e0 risparmiare molto tempo.","breadcrumb":{"@id":"https:\/\/www.accuratereviews.com\/it\/piattaforme-influencer-marketing\/influencity-recensione\/#breadcrumb"},"inLanguage":"it-IT","potentialAction":[{"@type":"ReadAction","target":["https:\/\/www.accuratereviews.com\/it\/piattaforme-influencer-marketing\/influencity-recensione\/"]}]},{"@type":"ImageObject","inLanguage":"it-IT","@id":"https:\/\/www.accuratereviews.com\/it\/piattaforme-influencer-marketing\/influencity-recensione\/#primaryimage","url":"https:\/\/www.accuratereviews.com\/wp-content\/uploads\/2021\/09\/influencity.jpg","contentUrl":"https:\/\/www.accuratereviews.com\/wp-content\/uploads\/2021\/09\/influencity.jpg","width":1500,"height":500},{"@type":"BreadcrumbList","@id":"https:\/\/www.accuratereviews.com\/it\/piattaforme-influencer-marketing\/influencity-recensione\/#breadcrumb","itemListElement":[{"@type":"ListItem","position":1,"name":"Home","item":"https:\/\/www.accuratereviews.com\/it\/"},{"@type":"ListItem","position":2,"name":"Piattaforme per influencer marketing","item":"https:\/\/www.accuratereviews.com\/it\/piattaforme-influencer-marketing\/"},{"@type":"ListItem","position":3,"name":"Influencity"}]},{"@type":"WebSite","@id":"https:\/\/www.accuratereviews.com\/it\/#website","url":"https:\/\/www.accuratereviews.com\/it\/","name":"Accurate Reviews","description":"","potentialAction":[{"@type":"SearchAction","target":{"@type":"EntryPoint","urlTemplate":"https:\/\/www.accuratereviews.com\/it\/?s={search_term_string}"},"query-input":{"@type":"PropertyValueSpecification","valueRequired":true,"valueName":"search_term_string"}}],"inLanguage":"it-IT"}]}},"_links":{"self":[{"href":"https:\/\/www.accuratereviews.com\/it\/wp-json\/wp\/v2\/pages\/48061","targetHints":{"allow":["GET"]}}],"collection":[{"href":"https:\/\/www.accuratereviews.com\/it\/wp-json\/wp\/v2\/pages"}],"about":[{"href":"https:\/\/www.accuratereviews.com\/it\/wp-json\/wp\/v2\/types\/page"}],"author":[{"embeddable":true,"href":"https:\/\/www.accuratereviews.com\/it\/wp-json\/wp\/v2\/users\/17"}],"replies":[{"embeddable":true,"href":"https:\/\/www.accuratereviews.com\/it\/wp-json\/wp\/v2\/comments?post=48061"}],"version-history":[{"count":5,"href":"https:\/\/www.accuratereviews.com\/it\/wp-json\/wp\/v2\/pages\/48061\/revisions"}],"predecessor-version":[{"id":49023,"href":"https:\/\/www.accuratereviews.com\/it\/wp-json\/wp\/v2\/pages\/48061\/revisions\/49023"}],"up":[{"embeddable":true,"href":"https:\/\/www.accuratereviews.com\/it\/wp-json\/wp\/v2\/pages\/48041"}],"wp:featuredmedia":[{"embeddable":true,"href":"https:\/\/www.accuratereviews.com\/it\/wp-json\/wp\/v2\/media\/48069"}],"wp:attachment":[{"href":"https:\/\/www.accuratereviews.com\/it\/wp-json\/wp\/v2\/media?parent=48061"}],"wp:term":[{"taxonomy":"category","embeddable":true,"href":"https:\/\/www.accuratereviews.com\/it\/wp-json\/wp\/v2\/categories?post=48061"},{"taxonomy":"post_tag","embeddable":true,"href":"https:\/\/www.accuratereviews.com\/it\/wp-json\/wp\/v2\/tags?post=48061"},{"taxonomy":"features","embeddable":true,"href":"https:\/\/www.accuratereviews.com\/it\/wp-json\/wp\/v2\/features?post=48061"}],"curies":[{"name":"wp","href":"https:\/\/api.w.org\/{rel}","templated":true}]}}