{"id":48107,"date":"2021-09-23T11:19:15","date_gmt":"2021-09-23T11:19:15","guid":{"rendered":"https:\/\/www.accuratereviews.com\/?page_id=48107"},"modified":"2021-09-27T09:10:27","modified_gmt":"2021-09-27T09:10:27","slug":"buyapowa-recensione","status":"publish","type":"page","link":"https:\/\/www.accuratereviews.com\/it\/piattaforme-influencer-marketing\/buyapowa-recensione\/","title":{"rendered":"Buyapowa"},"content":{"rendered":"<p><strong>Buyapowa<\/strong> \u00e8 una <strong>soluzione di advocacy aziendale<\/strong> con una suite di strumenti per programmi di riferimento per qualsiasi marchio o organizzazione. Fornisce una piattaforma di riferimento scalabile adatta a tutti i settori. Il software \u00e8 progettato per aiutare le aziende a scoprire sostenitori, inclusi <strong>dipendenti, clienti, promotori, influencer<\/strong> e altro ancora. La piattaforma \u00e8 personalizzabile in qualsiasi lingua e valuta. Pu\u00f2 integrarsi con sistemi, app e siti web esistenti. <strong>Buyapowa<\/strong> pu\u00f2 essere utilizzato per eseguire pi\u00f9 programmi di advocacy e fornisce funzionalit\u00e0 omnicanale. Altre funzionalit\u00e0 includono l&#8217;automazione della posta elettronica, promemoria sms, flussi di viaggio multipli, monitoraggio dello stato di riferimento e Single Sign-On.<\/p>\n<h2>BUYAPOWA &#8211; TUTORIAL<\/h2>\n<p>Ecco un video in cui mostra i benefici di usare questo <strong>software per influencer marketing<\/strong>:<\/p>\n<div id=\"fluid-wrapper-counter-1\" class=\"g1-fluid-wrapper \" style=\"width:686px;\">\n<div style=\"padding-bottom:56.268221574344%;\"><iframe loading=\"lazy\" title=\"Buyapowa by numbers: referral marketing that proves its value\" width=\"686\" height=\"386\" src=\"https:\/\/www.youtube.com\/embed\/UtgUDCyazV0?feature=oembed&amp;wmode=transparent&amp;autohide=1&amp;autoplay=0&amp;disablekb=0&amp;fs=1&amp;loop=0&amp;enablejsapi=1&amp;rel=0&amp;controls=2&amp;showinfo=0&amp;wmode=transparent&amp;autohide=2&amp;autoplay=0&amp;disablekb=0&amp;fs=1&amp;loop=0&amp;enablejsapi=1&amp;rel=0&amp;controls=2&amp;showinfo=1\" frameborder=\"0\" allow=\"accelerometer; autoplay; clipboard-write; encrypted-media; gyroscope; picture-in-picture\" allowfullscreen><\/iframe><\/div>\n<\/div>\n<h3>BUYAPOWA &#8211; CARATTERISTICHE<\/h3>\n<ul>\n<li>Include una dashboard integrata che aiuta gli utenti a creare, lanciare e gestire referral e campagne personalizzate. Offre una serie di funzionalit\u00e0 tra cui monitoraggio dei progressi, distribuzione di premi e incentivi, campagne parallele, ludicizzazione, segmentazione dei clienti, test A\/B, estrazione dei dati, gestione dei profili dei sostenitori e report personalizzati<\/li>\n<li>Conforme a vari standard internazionali e best practice tra cui DPR, CAN-SPAM e CASL per fornire prevenzione delle frodi, protezione dei dati e privacy. La piattaforma supporta pi\u00f9 lingue e valute per aiutare gli utenti a partecipare al pubblico globale<\/li>\n<li>Supporta un&#8217;ampia gamma di programmi di advocacy, dalle campagne di segnalazione dei consumatori e ai vantaggi per la famiglia<\/li>\n<li>Fornisce opzioni di acquisizione omnicanale: online, su cellulare, per telefono o in negozio<\/li>\n<li>Segue la prevenzione avanzata delle frodi e la protezione dei dati<\/li>\n<\/ul>\n<h4>LE RECENSIONE DEGLI UTENTI<\/h4>\n<p class=\"font-weight-bold mb-1 d-flex align-items-center\"><strong>Ryan L.&#8221;Ottima compagnia&#8221;<\/strong><\/p>\n<p><strong>Commenti: <\/strong>\u00c8 ancora presto per riconoscere quali benefici porter\u00e0 a Vitality, ma con le proiezioni che abbiamo calcolato, questo programma sar\u00e0 una grande vittoria per noi.<\/p>\n<p><strong>Pro: <\/strong>Il software \u00e8 davvero facile da usare ed \u00e8 stato molto flessibile per alcune delle nostre richieste. La nostra ambizione \u00e8 la condivisione di un clic e la piattaforma ci ha permesso di farlo in alcuni dei nostri incentivi di riferimento.<\/p>\n<p><strong>Contro: <\/strong>Penso che ci possano essere alcune restrizioni sul fronte del design, che a volte hanno frustrato il nostro team dell&#8217;interfaccia utente.<\/p>\n<p class=\"font-weight-bold mb-1 d-flex align-items-center\"><strong>Beth W.&#8221;Ottimo software e servizio clienti&#8221;<\/strong><\/p>\n<p><strong>Commenti: <\/strong>La nostra esperienza complessiva con Buyapowa \u00e8 straordinariamente positiva &#8211; Il servizio clienti \u00e8 impressionante e risolve continuamente i problemi in modo efficiente.<\/p>\n<p><strong>Pro: <\/strong>La dashboard fornisce una chiara suddivisione di ciascuna parte del percorso del mio cliente e del numero di clienti che raggiungono ciascuna parte: questo \u00e8 essenziale per il nostro reporting e la nostra pianificazione. Le API Buyapowa ci hanno aiutato a implementare la semplificazione e migliorare notevolmente l&#8217;esperienza del cliente.<\/p>\n<p><strong>Contro: <\/strong>L&#8217;implementazione di API back-end \u00e8 difficile in una grande azienda.<\/p>\n<h5 class=\"font-weight-bold mb-1 d-flex align-items-center\">Emily L.&#8221;Recensione Vodafone BuyaPowa&#8221;<\/h5>\n<p><strong>Commenti: <\/strong>BuyaPowa \u00e8 super flessibile e sempre pronto ad aiutare. Il servizio clienti \u00e8 fantastico!<\/p>\n<p><strong>Pro: <\/strong>Prodotto unico, basso costo per acquisire nuovi clienti (in particolare rispetto alle piattaforme di affiliazione), BuyaPowa \u00e8 flessibile nel suo approccio e pu\u00f2 far funzionare la maggior parte delle cose secondo le tue esigenze.<\/p>\n<p><strong>Contro: <\/strong>Difficile integrare il software (sebbene questo sia molto probabilmente un problema di Vodafone a causa di sistemi legacy e il tentativo di trovare la persona giusta nell&#8217;azienda che pu\u00f2 aiutare)<\/p>\n","protected":false},"excerpt":{"rendered":"<p>Buyapowa \u00e8 una soluzione di advocacy aziendale con una suite di strumenti per programmi di riferimento per qualsiasi marchio o organizzazione. Fornisce una piattaforma di riferimento scalabile adatta a tutti i settori. Il software \u00e8 progettato per aiutare le aziende a scoprire sostenitori, inclusi dipendenti, clienti, promotori, influencer e altro ancora.<\/p>\n","protected":false},"author":16,"featured_media":48108,"parent":48041,"menu_order":0,"comment_status":"open","ping_status":"closed","template":"g1_template_page_review_new.php","meta":{"_acf_changed":false,"cwp_meta_box_check":"Yes","cwp_rev_product_name":"","cwp_rev_product_image":"","wppr_links":[],"cwp_rev_price":"","wppr_options":[],"wppr_pros":[],"wppr_cons":[],"_monsterinsights_skip_tracking":false,"_monsterinsights_sitenote_active":false,"_monsterinsights_sitenote_note":"","_monsterinsights_sitenote_category":0,"footnotes":""},"categories":[11175],"tags":[11208,11207,11191,11189,11181,11192],"features":[],"class_list":{"0":"post-48107","1":"page","2":"type-page","3":"status-publish","4":"has-post-thumbnail","6":"category-piattaforme-per-influencer-marketing","7":"tag-buyapowa","8":"tag-influenncer-marketing","9":"tag-piattaforma-per-influencer-marketing","10":"tag-programma-per-influencer-marketing","11":"tag-software-per-influencer-marketing","12":"tag-soluzione-per-influencer-marketing"},"wppr_data":{"cwp_meta_box_check":"Yes","cwp_rev_product_name":"","cwp_rev_product_image":"","cwp_image_link":"image","cwp_rev_price":"","wppr_rating":"0.00"},"acf":[],"yoast_head":"<!-- This site is optimized with the Yoast SEO plugin v27.4 - https:\/\/yoast.com\/product\/yoast-seo-wordpress\/ -->\n<title>Buyapowa: recensione software per influencer marketing<\/title>\n<meta name=\"description\" content=\"Buyapowa: recensione soluzione di advocacy aziendale con strumenti di riferimento per qualsiasi marchio o organizzazione.\" \/>\n<meta name=\"robots\" content=\"index, follow, max-snippet:-1, max-image-preview:large, max-video-preview:-1\" \/>\n<link rel=\"canonical\" href=\"https:\/\/www.accuratereviews.com\/it\/piattaforme-influencer-marketing\/buyapowa-recensione\/\" \/>\n<meta property=\"og:locale\" content=\"it_IT\" \/>\n<meta property=\"og:type\" content=\"article\" \/>\n<meta property=\"og:title\" content=\"Buyapowa: recensione software per influencer marketing\" \/>\n<meta property=\"og:description\" content=\"Buyapowa: recensione soluzione di advocacy aziendale con strumenti di riferimento per qualsiasi marchio o organizzazione.\" \/>\n<meta property=\"og:url\" content=\"https:\/\/www.accuratereviews.com\/it\/piattaforme-influencer-marketing\/buyapowa-recensione\/\" \/>\n<meta property=\"og:site_name\" content=\"Accurate Reviews\" \/>\n<meta property=\"article:modified_time\" content=\"2021-09-27T09:10:27+00:00\" \/>\n<meta property=\"og:image\" content=\"https:\/\/www.accuratereviews.com\/wp-content\/uploads\/2021\/09\/buyapowa.png\" \/>\n\t<meta property=\"og:image:width\" content=\"600\" \/>\n\t<meta property=\"og:image:height\" content=\"315\" \/>\n\t<meta property=\"og:image:type\" content=\"image\/png\" \/>\n<meta name=\"twitter:card\" content=\"summary_large_image\" \/>\n<meta name=\"twitter:label1\" content=\"Tempo di lettura stimato\" \/>\n\t<meta name=\"twitter:data1\" content=\"3 minuti\" \/>\n<script type=\"application\/ld+json\" class=\"yoast-schema-graph\">{\"@context\":\"https:\\\/\\\/schema.org\",\"@graph\":[{\"@type\":\"WebPage\",\"@id\":\"https:\\\/\\\/www.accuratereviews.com\\\/it\\\/piattaforme-influencer-marketing\\\/buyapowa-recensione\\\/\",\"url\":\"https:\\\/\\\/www.accuratereviews.com\\\/it\\\/piattaforme-influencer-marketing\\\/buyapowa-recensione\\\/\",\"name\":\"Buyapowa: recensione software per influencer marketing\",\"isPartOf\":{\"@id\":\"https:\\\/\\\/www.accuratereviews.com\\\/it\\\/#website\"},\"primaryImageOfPage\":{\"@id\":\"https:\\\/\\\/www.accuratereviews.com\\\/it\\\/piattaforme-influencer-marketing\\\/buyapowa-recensione\\\/#primaryimage\"},\"image\":{\"@id\":\"https:\\\/\\\/www.accuratereviews.com\\\/it\\\/piattaforme-influencer-marketing\\\/buyapowa-recensione\\\/#primaryimage\"},\"thumbnailUrl\":\"https:\\\/\\\/www.accuratereviews.com\\\/wp-content\\\/uploads\\\/2021\\\/09\\\/buyapowa.png\",\"datePublished\":\"2021-09-23T11:19:15+00:00\",\"dateModified\":\"2021-09-27T09:10:27+00:00\",\"description\":\"Buyapowa: recensione soluzione di advocacy aziendale con strumenti di riferimento per qualsiasi marchio o organizzazione.\",\"breadcrumb\":{\"@id\":\"https:\\\/\\\/www.accuratereviews.com\\\/it\\\/piattaforme-influencer-marketing\\\/buyapowa-recensione\\\/#breadcrumb\"},\"inLanguage\":\"it-IT\",\"potentialAction\":[{\"@type\":\"ReadAction\",\"target\":[\"https:\\\/\\\/www.accuratereviews.com\\\/it\\\/piattaforme-influencer-marketing\\\/buyapowa-recensione\\\/\"]}]},{\"@type\":\"ImageObject\",\"inLanguage\":\"it-IT\",\"@id\":\"https:\\\/\\\/www.accuratereviews.com\\\/it\\\/piattaforme-influencer-marketing\\\/buyapowa-recensione\\\/#primaryimage\",\"url\":\"https:\\\/\\\/www.accuratereviews.com\\\/wp-content\\\/uploads\\\/2021\\\/09\\\/buyapowa.png\",\"contentUrl\":\"https:\\\/\\\/www.accuratereviews.com\\\/wp-content\\\/uploads\\\/2021\\\/09\\\/buyapowa.png\",\"width\":600,\"height\":315},{\"@type\":\"BreadcrumbList\",\"@id\":\"https:\\\/\\\/www.accuratereviews.com\\\/it\\\/piattaforme-influencer-marketing\\\/buyapowa-recensione\\\/#breadcrumb\",\"itemListElement\":[{\"@type\":\"ListItem\",\"position\":1,\"name\":\"Home\",\"item\":\"https:\\\/\\\/www.accuratereviews.com\\\/it\\\/\"},{\"@type\":\"ListItem\",\"position\":2,\"name\":\"Piattaforme per influencer marketing\",\"item\":\"https:\\\/\\\/www.accuratereviews.com\\\/it\\\/piattaforme-influencer-marketing\\\/\"},{\"@type\":\"ListItem\",\"position\":3,\"name\":\"Buyapowa\"}]},{\"@type\":\"WebSite\",\"@id\":\"https:\\\/\\\/www.accuratereviews.com\\\/it\\\/#website\",\"url\":\"https:\\\/\\\/www.accuratereviews.com\\\/it\\\/\",\"name\":\"Accurate Reviews\",\"description\":\"\",\"potentialAction\":[{\"@type\":\"SearchAction\",\"target\":{\"@type\":\"EntryPoint\",\"urlTemplate\":\"https:\\\/\\\/www.accuratereviews.com\\\/it\\\/?s={search_term_string}\"},\"query-input\":{\"@type\":\"PropertyValueSpecification\",\"valueRequired\":true,\"valueName\":\"search_term_string\"}}],\"inLanguage\":\"it-IT\"}]}<\/script>\n<!-- \/ Yoast SEO plugin. -->","yoast_head_json":{"title":"Buyapowa: recensione software per influencer marketing","description":"Buyapowa: recensione soluzione di advocacy aziendale con strumenti di riferimento per qualsiasi marchio o organizzazione.","robots":{"index":"index","follow":"follow","max-snippet":"max-snippet:-1","max-image-preview":"max-image-preview:large","max-video-preview":"max-video-preview:-1"},"canonical":"https:\/\/www.accuratereviews.com\/it\/piattaforme-influencer-marketing\/buyapowa-recensione\/","og_locale":"it_IT","og_type":"article","og_title":"Buyapowa: recensione software per influencer marketing","og_description":"Buyapowa: recensione soluzione di advocacy aziendale con strumenti di riferimento per qualsiasi marchio o organizzazione.","og_url":"https:\/\/www.accuratereviews.com\/it\/piattaforme-influencer-marketing\/buyapowa-recensione\/","og_site_name":"Accurate Reviews","article_modified_time":"2021-09-27T09:10:27+00:00","og_image":[{"width":600,"height":315,"url":"https:\/\/www.accuratereviews.com\/wp-content\/uploads\/2021\/09\/buyapowa.png","type":"image\/png"}],"twitter_card":"summary_large_image","twitter_misc":{"Tempo di lettura stimato":"3 minuti"},"schema":{"@context":"https:\/\/schema.org","@graph":[{"@type":"WebPage","@id":"https:\/\/www.accuratereviews.com\/it\/piattaforme-influencer-marketing\/buyapowa-recensione\/","url":"https:\/\/www.accuratereviews.com\/it\/piattaforme-influencer-marketing\/buyapowa-recensione\/","name":"Buyapowa: recensione software per influencer marketing","isPartOf":{"@id":"https:\/\/www.accuratereviews.com\/it\/#website"},"primaryImageOfPage":{"@id":"https:\/\/www.accuratereviews.com\/it\/piattaforme-influencer-marketing\/buyapowa-recensione\/#primaryimage"},"image":{"@id":"https:\/\/www.accuratereviews.com\/it\/piattaforme-influencer-marketing\/buyapowa-recensione\/#primaryimage"},"thumbnailUrl":"https:\/\/www.accuratereviews.com\/wp-content\/uploads\/2021\/09\/buyapowa.png","datePublished":"2021-09-23T11:19:15+00:00","dateModified":"2021-09-27T09:10:27+00:00","description":"Buyapowa: recensione soluzione di advocacy aziendale con strumenti di riferimento per qualsiasi marchio o organizzazione.","breadcrumb":{"@id":"https:\/\/www.accuratereviews.com\/it\/piattaforme-influencer-marketing\/buyapowa-recensione\/#breadcrumb"},"inLanguage":"it-IT","potentialAction":[{"@type":"ReadAction","target":["https:\/\/www.accuratereviews.com\/it\/piattaforme-influencer-marketing\/buyapowa-recensione\/"]}]},{"@type":"ImageObject","inLanguage":"it-IT","@id":"https:\/\/www.accuratereviews.com\/it\/piattaforme-influencer-marketing\/buyapowa-recensione\/#primaryimage","url":"https:\/\/www.accuratereviews.com\/wp-content\/uploads\/2021\/09\/buyapowa.png","contentUrl":"https:\/\/www.accuratereviews.com\/wp-content\/uploads\/2021\/09\/buyapowa.png","width":600,"height":315},{"@type":"BreadcrumbList","@id":"https:\/\/www.accuratereviews.com\/it\/piattaforme-influencer-marketing\/buyapowa-recensione\/#breadcrumb","itemListElement":[{"@type":"ListItem","position":1,"name":"Home","item":"https:\/\/www.accuratereviews.com\/it\/"},{"@type":"ListItem","position":2,"name":"Piattaforme per influencer marketing","item":"https:\/\/www.accuratereviews.com\/it\/piattaforme-influencer-marketing\/"},{"@type":"ListItem","position":3,"name":"Buyapowa"}]},{"@type":"WebSite","@id":"https:\/\/www.accuratereviews.com\/it\/#website","url":"https:\/\/www.accuratereviews.com\/it\/","name":"Accurate Reviews","description":"","potentialAction":[{"@type":"SearchAction","target":{"@type":"EntryPoint","urlTemplate":"https:\/\/www.accuratereviews.com\/it\/?s={search_term_string}"},"query-input":{"@type":"PropertyValueSpecification","valueRequired":true,"valueName":"search_term_string"}}],"inLanguage":"it-IT"}]}},"_links":{"self":[{"href":"https:\/\/www.accuratereviews.com\/it\/wp-json\/wp\/v2\/pages\/48107","targetHints":{"allow":["GET"]}}],"collection":[{"href":"https:\/\/www.accuratereviews.com\/it\/wp-json\/wp\/v2\/pages"}],"about":[{"href":"https:\/\/www.accuratereviews.com\/it\/wp-json\/wp\/v2\/types\/page"}],"author":[{"embeddable":true,"href":"https:\/\/www.accuratereviews.com\/it\/wp-json\/wp\/v2\/users\/16"}],"replies":[{"embeddable":true,"href":"https:\/\/www.accuratereviews.com\/it\/wp-json\/wp\/v2\/comments?post=48107"}],"version-history":[{"count":9,"href":"https:\/\/www.accuratereviews.com\/it\/wp-json\/wp\/v2\/pages\/48107\/revisions"}],"predecessor-version":[{"id":48246,"href":"https:\/\/www.accuratereviews.com\/it\/wp-json\/wp\/v2\/pages\/48107\/revisions\/48246"}],"up":[{"embeddable":true,"href":"https:\/\/www.accuratereviews.com\/it\/wp-json\/wp\/v2\/pages\/48041"}],"wp:featuredmedia":[{"embeddable":true,"href":"https:\/\/www.accuratereviews.com\/it\/wp-json\/wp\/v2\/media\/48108"}],"wp:attachment":[{"href":"https:\/\/www.accuratereviews.com\/it\/wp-json\/wp\/v2\/media?parent=48107"}],"wp:term":[{"taxonomy":"category","embeddable":true,"href":"https:\/\/www.accuratereviews.com\/it\/wp-json\/wp\/v2\/categories?post=48107"},{"taxonomy":"post_tag","embeddable":true,"href":"https:\/\/www.accuratereviews.com\/it\/wp-json\/wp\/v2\/tags?post=48107"},{"taxonomy":"features","embeddable":true,"href":"https:\/\/www.accuratereviews.com\/it\/wp-json\/wp\/v2\/features?post=48107"}],"curies":[{"name":"wp","href":"https:\/\/api.w.org\/{rel}","templated":true}]}}